{"id":12736,"date":"2024-07-28T15:37:50","date_gmt":"2024-07-28T21:37:50","guid":{"rendered":"https:\/\/acuariosupremus.com\/?post_type=product&#038;p=12736"},"modified":"2026-02-11T16:14:26","modified_gmt":"2026-02-11T22:14:26","slug":"ms-vermantel-desparasitante-p-adulto-25-ml","status":"publish","type":"product","link":"https:\/\/acuariosupremus.com\/?product=ms-vermantel-desparasitante-p-adulto-25-ml","title":{"rendered":"MS VERMANTEL DESPARASITANTE P\/ADULTO 25 ML"},"content":{"rendered":"<div id=\"tab-label-product.info.beneficios\" class=\"data item title active\" tabindex=\"0\" role=\"tab\" aria-labeledby=\"tab-label-product.info.beneficios-title\" data-role=\"collapsible\" data-collapsible=\"true\" aria-controls=\"product.info.beneficios\" aria-selected=\"true\" aria-expanded=\"true\">BENEFICIOS:<\/div>\n<div id=\"product.info.beneficios\" class=\"data item content\" role=\"tabpanel\" data-role=\"content\" aria-labelledby=\"tab-label-product.info.beneficios\" aria-hidden=\"false\">\n<div class=\"product attribute beneficios\">\n<div class=\"value\">Con los ingredientes activos PAMOATO DE PIRANTEL, FEBENDAZOL Y PRAZICUANTEL brinda protecci\u00f3n y elimina los paracitos m\u00e1s comunes como los son Toxocara canis, Toxascaris leonina, Strongyloides spp, Ancylostoma caninum, Uncinaria stenocephala, Echinococcus granulosus, E.multilocularis, Dypilidium caninum, Multiceps spp, Taenia spp, Mesocestoides spp, Trichuris vulpis, Giardia spp.<\/div>\n<div>\n<div id=\"tab-label-product.info.ingredientes.formulacion\" class=\"data item title active\" tabindex=\"0\" role=\"tab\" aria-labeledby=\"tab-label-product.info.ingredientes.formulacion-title\" data-role=\"collapsible\" data-collapsible=\"true\" aria-controls=\"product.info.ingredientes.formulacion\" aria-selected=\"true\" aria-expanded=\"true\">INGREDIENTES\/FORMULACI\u00d3N<\/div>\n<div id=\"product.info.ingredientes.formulacion\" class=\"data item content\" role=\"tabpanel\" data-role=\"content\" aria-labelledby=\"tab-label-product.info.ingredientes.formulacion\" aria-hidden=\"false\">\n<div class=\"product attribute ingredientes_formulacion\">\n<div class=\"value\">Pamoato de Pirantel\u2026\u2026 50 mgrn<\/div>\n<div class=\"value\">Fenbendazol&#8230;&#8230;&#8230;&#8230;&#8230;&#8230; 75 mgrn<\/div>\n<div class=\"value\">Prazicuantel\u2026\u2026\u2026&#8230;. 50 mgrn<\/div>\n<div class=\"value\">Veh\u00edculo c.b.p&#8230;&#8230;&#8230;&#8230;&#8230;&#8230; 1mlrn<\/div>\n<div>\n<div id=\"tab-label-product.info.ingredientes.modo.de.uso\" class=\"data item title active\" tabindex=\"0\" role=\"tab\" aria-labeledby=\"tab-label-product.info.ingredientes.modo.de.uso-title\" data-role=\"collapsible\" data-collapsible=\"true\" aria-controls=\"product.info.ingredientes.modo.de.uso\" aria-selected=\"true\" aria-expanded=\"true\">MODO DE USO \/ PRECAUCIONES Y ADVERTENCIAS:<\/div>\n<div id=\"product.info.ingredientes.modo.de.uso\" class=\"data item content\" role=\"tabpanel\" data-role=\"content\" aria-labelledby=\"tab-label-product.info.ingredientes.modo.de.uso\" aria-hidden=\"false\">\n<div class=\"product attribute modo_de_uso_precuaciones_y_adv\">\n<div class=\"value\">Agitar bien antes de usar. 1 ml por cada 5 kg de peso, dosis \u00fanica (equivalente a 10 mg de Pamoato de Pirantel, 15 mg de Fenbendazol y 10 mg de Prazicuantel por kg de peso). GIARDIASIS: 1 ml por cada 5 kg de peso, (equivalente a 10 mg de Pamoato de Pirantel, 15 mg de Fenbendazol y 10 mg de Prazicuantel por kg de peso) cada 24 hrs durante 2 o 3 d\u00edas.Consulte a su Medico Veterinario.<\/div>\n<\/div>\n<\/div>\n<\/div>\n<\/div>\n<\/div>\n<\/div>\n<\/div>\n<\/div>\n","protected":false},"excerpt":{"rendered":"<p>Vermantel desparasitante para perro adulto es una suspensi\u00f3n antiparasitaria concentrada, indicada en el tratamiento y prevenci\u00f3n de par\u00e1sitos.<\/p>\n","protected":false},"featured_media":12737,"template":"","meta":[],"product_brand":[108],"product_cat":[73,83],"product_tag":[498],"class_list":{"0":"post-12736","1":"product","2":"type-product","3":"status-publish","4":"has-post-thumbnail","6":"product_brand-medicalsolutions","7":"product_cat-perros","8":"product_cat-salud-perros","9":"product_tag-desparasitante-adultos","11":"first","12":"instock","13":"sale","14":"shipping-taxable","15":"purchasable","16":"product-type-simple"},"yoast_head":"<!-- This site is optimized with the Yoast SEO plugin v27.4 - https:\/\/yoast.com\/product\/yoast-seo-wordpress\/ -->\n<title>MS VERMANTEL DESPARASITANTE P\/ADULTO 25 ML | Acuario Supremus<\/title>\n<meta name=\"description\" content=\"Vermantel desparasitante para perro adulto es una suspensi\u00f3n antiparasitaria concentrada, indicada en el tratamiento y prevenci\u00f3n de par\u00e1sitos.\" \/>\n<meta name=\"robots\" content=\"index, follow, max-snippet:-1, max-image-preview:large, max-video-preview:-1\" \/>\n<link rel=\"canonical\" href=\"https:\/\/acuariosupremus.com\/?product=ms-vermantel-desparasitante-p-adulto-25-ml\" \/>\n<meta property=\"og:locale\" content=\"es_MX\" \/>\n<meta property=\"og:type\" content=\"article\" \/>\n<meta property=\"og:title\" content=\"MS VERMANTEL DESPARASITANTE P\/ADULTO 25 ML | Acuario Supremus\" \/>\n<meta property=\"og:description\" content=\"Vermantel desparasitante para perro adulto es una suspensi\u00f3n antiparasitaria concentrada, indicada en el tratamiento y prevenci\u00f3n de par\u00e1sitos.\" \/>\n<meta property=\"og:url\" content=\"https:\/\/acuariosupremus.com\/?product=ms-vermantel-desparasitante-p-adulto-25-ml\" \/>\n<meta property=\"og:site_name\" content=\"Acuario Supremus\" \/>\n<meta property=\"article:publisher\" content=\"https:\/\/www.facebook.com\/AcuarioSupremus\" \/>\n<meta property=\"article:modified_time\" content=\"2026-02-11T22:14:26+00:00\" \/>\n<meta property=\"og:image\" content=\"https:\/\/acuariosupremus.com\/wp-content\/uploads\/2024\/07\/FL3633.png\" \/>\n\t<meta property=\"og:image:width\" content=\"600\" \/>\n\t<meta property=\"og:image:height\" content=\"600\" \/>\n\t<meta property=\"og:image:type\" content=\"image\/png\" \/>\n<meta name=\"twitter:card\" content=\"summary_large_image\" \/>\n<meta name=\"twitter:site\" content=\"@AcuarioSupremus\" \/>\n<meta name=\"twitter:label1\" content=\"Tiempo de lectura\" \/>\n\t<meta name=\"twitter:data1\" content=\"1 minuto\" \/>\n<script type=\"application\/ld+json\" class=\"yoast-schema-graph\">{\"@context\":\"https:\\\/\\\/schema.org\",\"@graph\":[{\"@type\":\"WebPage\",\"@id\":\"https:\\\/\\\/acuariosupremus.com\\\/?product=ms-vermantel-desparasitante-p-adulto-25-ml\",\"url\":\"https:\\\/\\\/acuariosupremus.com\\\/?product=ms-vermantel-desparasitante-p-adulto-25-ml\",\"name\":\"MS VERMANTEL DESPARASITANTE P\\\/ADULTO 25 ML | Acuario Supremus\",\"isPartOf\":{\"@id\":\"https:\\\/\\\/acuariosupremus.com\\\/#website\"},\"primaryImageOfPage\":{\"@id\":\"https:\\\/\\\/acuariosupremus.com\\\/?product=ms-vermantel-desparasitante-p-adulto-25-ml#primaryimage\"},\"image\":{\"@id\":\"https:\\\/\\\/acuariosupremus.com\\\/?product=ms-vermantel-desparasitante-p-adulto-25-ml#primaryimage\"},\"thumbnailUrl\":\"https:\\\/\\\/acuariosupremus.com\\\/wp-content\\\/uploads\\\/2024\\\/07\\\/FL3633.png\",\"datePublished\":\"2024-07-28T21:37:50+00:00\",\"dateModified\":\"2026-02-11T22:14:26+00:00\",\"description\":\"Vermantel desparasitante para perro adulto es una suspensi\u00f3n antiparasitaria concentrada, indicada en el tratamiento y prevenci\u00f3n de par\u00e1sitos.\",\"breadcrumb\":{\"@id\":\"https:\\\/\\\/acuariosupremus.com\\\/?product=ms-vermantel-desparasitante-p-adulto-25-ml#breadcrumb\"},\"inLanguage\":\"es\",\"potentialAction\":[{\"@type\":\"ReadAction\",\"target\":[\"https:\\\/\\\/acuariosupremus.com\\\/?product=ms-vermantel-desparasitante-p-adulto-25-ml\"]}]},{\"@type\":\"ImageObject\",\"inLanguage\":\"es\",\"@id\":\"https:\\\/\\\/acuariosupremus.com\\\/?product=ms-vermantel-desparasitante-p-adulto-25-ml#primaryimage\",\"url\":\"https:\\\/\\\/acuariosupremus.com\\\/wp-content\\\/uploads\\\/2024\\\/07\\\/FL3633.png\",\"contentUrl\":\"https:\\\/\\\/acuariosupremus.com\\\/wp-content\\\/uploads\\\/2024\\\/07\\\/FL3633.png\",\"width\":600,\"height\":600},{\"@type\":\"BreadcrumbList\",\"@id\":\"https:\\\/\\\/acuariosupremus.com\\\/?product=ms-vermantel-desparasitante-p-adulto-25-ml#breadcrumb\",\"itemListElement\":[{\"@type\":\"ListItem\",\"position\":1,\"name\":\"Portada\",\"item\":\"https:\\\/\\\/acuariosupremus.com\\\/\"},{\"@type\":\"ListItem\",\"position\":2,\"name\":\"Tienda\",\"item\":\"https:\\\/\\\/acuariosupremus.com\\\/tienda\\\/\"},{\"@type\":\"ListItem\",\"position\":3,\"name\":\"MS VERMANTEL DESPARASITANTE P\\\/ADULTO 25 ML\"}]},{\"@type\":\"WebSite\",\"@id\":\"https:\\\/\\\/acuariosupremus.com\\\/#website\",\"url\":\"https:\\\/\\\/acuariosupremus.com\\\/\",\"name\":\"Acuario Supremus\",\"description\":\"Peces, Peceras y Mascotas.\",\"publisher\":{\"@id\":\"https:\\\/\\\/acuariosupremus.com\\\/#organization\"},\"potentialAction\":[{\"@type\":\"SearchAction\",\"target\":{\"@type\":\"EntryPoint\",\"urlTemplate\":\"https:\\\/\\\/acuariosupremus.com\\\/?s={search_term_string}\"},\"query-input\":{\"@type\":\"PropertyValueSpecification\",\"valueRequired\":true,\"valueName\":\"search_term_string\"}}],\"inLanguage\":\"es\"},{\"@type\":\"Organization\",\"@id\":\"https:\\\/\\\/acuariosupremus.com\\\/#organization\",\"name\":\"Acuario Supremus\",\"url\":\"https:\\\/\\\/acuariosupremus.com\\\/\",\"logo\":{\"@type\":\"ImageObject\",\"inLanguage\":\"es\",\"@id\":\"https:\\\/\\\/acuariosupremus.com\\\/#\\\/schema\\\/logo\\\/image\\\/\",\"url\":\"https:\\\/\\\/acuariosupremus.com\\\/wp-content\\\/uploads\\\/2021\\\/12\\\/cropped-logo_acuario_supremus_fn-2.png\",\"contentUrl\":\"https:\\\/\\\/acuariosupremus.com\\\/wp-content\\\/uploads\\\/2021\\\/12\\\/cropped-logo_acuario_supremus_fn-2.png\",\"width\":1000,\"height\":318,\"caption\":\"Acuario Supremus\"},\"image\":{\"@id\":\"https:\\\/\\\/acuariosupremus.com\\\/#\\\/schema\\\/logo\\\/image\\\/\"},\"sameAs\":[\"https:\\\/\\\/www.facebook.com\\\/AcuarioSupremus\",\"https:\\\/\\\/x.com\\\/AcuarioSupremus\",\"https:\\\/\\\/www.instagram.com\\\/acuariosupremus\\\/?hl=es\"]}]}<\/script>\n<!-- \/ Yoast SEO plugin. -->","yoast_head_json":{"title":"MS VERMANTEL DESPARASITANTE P\/ADULTO 25 ML | Acuario Supremus","description":"Vermantel desparasitante para perro adulto es una suspensi\u00f3n antiparasitaria concentrada, indicada en el tratamiento y prevenci\u00f3n de par\u00e1sitos.","robots":{"index":"index","follow":"follow","max-snippet":"max-snippet:-1","max-image-preview":"max-image-preview:large","max-video-preview":"max-video-preview:-1"},"canonical":"https:\/\/acuariosupremus.com\/?product=ms-vermantel-desparasitante-p-adulto-25-ml","og_locale":"es_MX","og_type":"article","og_title":"MS VERMANTEL DESPARASITANTE P\/ADULTO 25 ML | Acuario Supremus","og_description":"Vermantel desparasitante para perro adulto es una suspensi\u00f3n antiparasitaria concentrada, indicada en el tratamiento y prevenci\u00f3n de par\u00e1sitos.","og_url":"https:\/\/acuariosupremus.com\/?product=ms-vermantel-desparasitante-p-adulto-25-ml","og_site_name":"Acuario Supremus","article_publisher":"https:\/\/www.facebook.com\/AcuarioSupremus","article_modified_time":"2026-02-11T22:14:26+00:00","og_image":[{"width":600,"height":600,"url":"https:\/\/acuariosupremus.com\/wp-content\/uploads\/2024\/07\/FL3633.png","type":"image\/png"}],"twitter_card":"summary_large_image","twitter_site":"@AcuarioSupremus","twitter_misc":{"Tiempo de lectura":"1 minuto"},"schema":{"@context":"https:\/\/schema.org","@graph":[{"@type":"WebPage","@id":"https:\/\/acuariosupremus.com\/?product=ms-vermantel-desparasitante-p-adulto-25-ml","url":"https:\/\/acuariosupremus.com\/?product=ms-vermantel-desparasitante-p-adulto-25-ml","name":"MS VERMANTEL DESPARASITANTE P\/ADULTO 25 ML | Acuario Supremus","isPartOf":{"@id":"https:\/\/acuariosupremus.com\/#website"},"primaryImageOfPage":{"@id":"https:\/\/acuariosupremus.com\/?product=ms-vermantel-desparasitante-p-adulto-25-ml#primaryimage"},"image":{"@id":"https:\/\/acuariosupremus.com\/?product=ms-vermantel-desparasitante-p-adulto-25-ml#primaryimage"},"thumbnailUrl":"https:\/\/acuariosupremus.com\/wp-content\/uploads\/2024\/07\/FL3633.png","datePublished":"2024-07-28T21:37:50+00:00","dateModified":"2026-02-11T22:14:26+00:00","description":"Vermantel desparasitante para perro adulto es una suspensi\u00f3n antiparasitaria concentrada, indicada en el tratamiento y prevenci\u00f3n de par\u00e1sitos.","breadcrumb":{"@id":"https:\/\/acuariosupremus.com\/?product=ms-vermantel-desparasitante-p-adulto-25-ml#breadcrumb"},"inLanguage":"es","potentialAction":[{"@type":"ReadAction","target":["https:\/\/acuariosupremus.com\/?product=ms-vermantel-desparasitante-p-adulto-25-ml"]}]},{"@type":"ImageObject","inLanguage":"es","@id":"https:\/\/acuariosupremus.com\/?product=ms-vermantel-desparasitante-p-adulto-25-ml#primaryimage","url":"https:\/\/acuariosupremus.com\/wp-content\/uploads\/2024\/07\/FL3633.png","contentUrl":"https:\/\/acuariosupremus.com\/wp-content\/uploads\/2024\/07\/FL3633.png","width":600,"height":600},{"@type":"BreadcrumbList","@id":"https:\/\/acuariosupremus.com\/?product=ms-vermantel-desparasitante-p-adulto-25-ml#breadcrumb","itemListElement":[{"@type":"ListItem","position":1,"name":"Portada","item":"https:\/\/acuariosupremus.com\/"},{"@type":"ListItem","position":2,"name":"Tienda","item":"https:\/\/acuariosupremus.com\/tienda\/"},{"@type":"ListItem","position":3,"name":"MS VERMANTEL DESPARASITANTE P\/ADULTO 25 ML"}]},{"@type":"WebSite","@id":"https:\/\/acuariosupremus.com\/#website","url":"https:\/\/acuariosupremus.com\/","name":"Acuario Supremus","description":"Peces, Peceras y Mascotas.","publisher":{"@id":"https:\/\/acuariosupremus.com\/#organization"},"potentialAction":[{"@type":"SearchAction","target":{"@type":"EntryPoint","urlTemplate":"https:\/\/acuariosupremus.com\/?s={search_term_string}"},"query-input":{"@type":"PropertyValueSpecification","valueRequired":true,"valueName":"search_term_string"}}],"inLanguage":"es"},{"@type":"Organization","@id":"https:\/\/acuariosupremus.com\/#organization","name":"Acuario Supremus","url":"https:\/\/acuariosupremus.com\/","logo":{"@type":"ImageObject","inLanguage":"es","@id":"https:\/\/acuariosupremus.com\/#\/schema\/logo\/image\/","url":"https:\/\/acuariosupremus.com\/wp-content\/uploads\/2021\/12\/cropped-logo_acuario_supremus_fn-2.png","contentUrl":"https:\/\/acuariosupremus.com\/wp-content\/uploads\/2021\/12\/cropped-logo_acuario_supremus_fn-2.png","width":1000,"height":318,"caption":"Acuario Supremus"},"image":{"@id":"https:\/\/acuariosupremus.com\/#\/schema\/logo\/image\/"},"sameAs":["https:\/\/www.facebook.com\/AcuarioSupremus","https:\/\/x.com\/AcuarioSupremus","https:\/\/www.instagram.com\/acuariosupremus\/?hl=es"]}]}},"jetpack_sharing_enabled":true,"_links":{"self":[{"href":"https:\/\/acuariosupremus.com\/index.php?rest_route=\/wp\/v2\/product\/12736","targetHints":{"allow":["GET"]}}],"collection":[{"href":"https:\/\/acuariosupremus.com\/index.php?rest_route=\/wp\/v2\/product"}],"about":[{"href":"https:\/\/acuariosupremus.com\/index.php?rest_route=\/wp\/v2\/types\/product"}],"wp:featuredmedia":[{"embeddable":true,"href":"https:\/\/acuariosupremus.com\/index.php?rest_route=\/wp\/v2\/media\/12737"}],"wp:attachment":[{"href":"https:\/\/acuariosupremus.com\/index.php?rest_route=%2Fwp%2Fv2%2Fmedia&parent=12736"}],"wp:term":[{"taxonomy":"product_brand","embeddable":true,"href":"https:\/\/acuariosupremus.com\/index.php?rest_route=%2Fwp%2Fv2%2Fproduct_brand&post=12736"},{"taxonomy":"product_cat","embeddable":true,"href":"https:\/\/acuariosupremus.com\/index.php?rest_route=%2Fwp%2Fv2%2Fproduct_cat&post=12736"},{"taxonomy":"product_tag","embeddable":true,"href":"https:\/\/acuariosupremus.com\/index.php?rest_route=%2Fwp%2Fv2%2Fproduct_tag&post=12736"}],"curies":[{"name":"wp","href":"https:\/\/api.w.org\/{rel}","templated":true}]}}