{"id":1284,"date":"2022-01-29T15:48:18","date_gmt":"2022-01-29T21:48:18","guid":{"rendered":"https:\/\/acuariosupremus.com\/?post_type=product&#038;p=1284"},"modified":"2025-12-11T19:50:00","modified_gmt":"2025-12-12T01:50:00","slug":"tetramin-tropical-flakes-62-gr-2-2-oz","status":"publish","type":"product","link":"https:\/\/acuariosupremus.com\/?product=tetramin-tropical-flakes-62-gr-2-2-oz","title":{"rendered":"TETRAMIN TROPICAL FLAKES 62 gr."},"content":{"rendered":"<p>Ingredientes:<br \/>\nHarina de pescado, levadura seca, arroz marr\u00f3n, harina de camar\u00f3n, gluten de trigo, harina de avena, aceite de pescado,<br \/>\nprote\u00edna de papa, harina de soya descascarillada, aceite de soya, harina de alga, sorbitol, lecitina, fosfato de calcio<br \/>\nmonob\u00e1sico, \u00e1cido asc\u00f3rbico (fuente de vit. C), levadura, inositol, niacina, L-ascorbilo-2-polifosfato, riboflavina-5-fosfato (fuente de vit. B2), A-acetato de tocoferol (fuente de vit. E), D-pantotenato de calcio, nitrato de monotiamina (fuente de vit. B1), hidrocloruro de piridoxina (fuente de vit. B6), palmitato, complejo bisulfito sodico de menadiona, biotina, suplemento de vit.B12, colecalciferol (fuente de vit. D3), sulfato de manganeso monohidratado, sulfato de zinc monohidratado, sulfato de hierro,acetato de cobalto. Colorantes: Betacarotenos, extracto de achiote, azul 2, rojo 3, amarillo 5, amarillo 6. Etoxiquina como conservador.<\/p>\n<p>An\u00e1lisis garantizado:<br \/>\nProte\u00edna cruda min. 47.0%<br \/>\nGrasa cruda min. 10.0%<br \/>\nFibra cruda max. 3.0%<br \/>\nHumedad max. 6.0%<br \/>\nFosforo min. 1.0%<br \/>\nVitamina A min. 15,000 UI\/KG<br \/>\nVitamina D3 min. 1,400 UI\/KG<br \/>\nVitamina E min. 140 UI\/KG<br \/>\nNiacina min. 700 MG\/KG<br \/>\nInositol min. 1,400 MG\/KG<br \/>\nVitamina B12 min. 110 MG\/KG<br \/>\nColina min. 1,700 MG\/KG<br \/>\nBiotina min. 1 MG\/KG<br \/>\nVit.C min. 390 MG\/KG<br \/>\nOmega-3 min. 8,000 MG\/KG.<\/p>\n<p>Peso\/Capacidad:<br \/>\n<strong>62 gr (2.2 OZ).<\/strong><\/p>\n","protected":false},"excerpt":{"rendered":"<p>F\u00f3rmula patentada ProCare que favorece el buen funcionamiento del sistema inmunol\u00f3gico del pez para una salud \u00f3ptima y larga vida. Mezcla cient\u00edficamente desarrollada de ingredientes altamente nutritivos, con vitaminas, minerales y oligoelementos.<br \/>\nFavorece la coloraci\u00f3n brillante en los peces. Las hojuelas Tetramin han sido espec\u00edficamente dise\u00f1adas para ser f\u00e1cilmente digeridas por los peces.<\/p>\n","protected":false},"featured_media":1285,"template":"","meta":[],"product_brand":[116],"product_cat":[40,43],"product_tag":[148,150,149],"class_list":{"0":"post-1284","1":"product","2":"type-product","3":"status-publish","4":"has-post-thumbnail","6":"product_brand-tetra","7":"product_cat-peces","8":"product_cat-alimentos","9":"product_tag-alimento-peces-tropicales","10":"product_tag-alimento-premium","11":"product_tag-alimento-tetra","13":"first","14":"instock","15":"sale","16":"shipping-taxable","17":"purchasable","18":"product-type-simple"},"yoast_head":"<!-- This site is optimized with the Yoast SEO plugin v27.4 - https:\/\/yoast.com\/product\/yoast-seo-wordpress\/ -->\n<title>TETRAMIN TROPICAL FLAKES 62 gr. | Acuario Supremus<\/title>\n<meta name=\"description\" content=\"F\u00f3rmula patentada ProCare que favorece el buen funcionamiento del sistema inmunol\u00f3gico del pez para una salud \u00f3ptima y larga vida.\" \/>\n<meta name=\"robots\" content=\"index, follow, max-snippet:-1, max-image-preview:large, max-video-preview:-1\" \/>\n<link rel=\"canonical\" href=\"https:\/\/acuariosupremus.com\/?product=tetramin-tropical-flakes-62-gr-2-2-oz\" \/>\n<meta property=\"og:locale\" content=\"es_MX\" \/>\n<meta property=\"og:type\" content=\"article\" \/>\n<meta property=\"og:title\" content=\"TETRAMIN TROPICAL FLAKES 62 gr. | Acuario Supremus\" \/>\n<meta property=\"og:description\" content=\"F\u00f3rmula patentada ProCare que favorece el buen funcionamiento del sistema inmunol\u00f3gico del pez para una salud \u00f3ptima y larga vida.\" \/>\n<meta property=\"og:url\" content=\"https:\/\/acuariosupremus.com\/?product=tetramin-tropical-flakes-62-gr-2-2-oz\" \/>\n<meta property=\"og:site_name\" content=\"Acuario Supremus\" \/>\n<meta property=\"article:publisher\" content=\"https:\/\/www.facebook.com\/AcuarioSupremus\" \/>\n<meta property=\"article:modified_time\" content=\"2025-12-12T01:50:00+00:00\" \/>\n<meta property=\"og:image\" content=\"https:\/\/acuariosupremus.com\/wp-content\/uploads\/2022\/01\/TE77104.jpg\" \/>\n\t<meta property=\"og:image:width\" content=\"1000\" \/>\n\t<meta property=\"og:image:height\" content=\"1000\" \/>\n\t<meta property=\"og:image:type\" content=\"image\/jpeg\" \/>\n<meta name=\"twitter:card\" content=\"summary_large_image\" \/>\n<meta name=\"twitter:site\" content=\"@AcuarioSupremus\" \/>\n<meta name=\"twitter:label1\" content=\"Tiempo de lectura\" \/>\n\t<meta name=\"twitter:data1\" content=\"1 minuto\" \/>\n<script type=\"application\/ld+json\" class=\"yoast-schema-graph\">{\"@context\":\"https:\\\/\\\/schema.org\",\"@graph\":[{\"@type\":\"WebPage\",\"@id\":\"https:\\\/\\\/acuariosupremus.com\\\/?product=tetramin-tropical-flakes-62-gr-2-2-oz\",\"url\":\"https:\\\/\\\/acuariosupremus.com\\\/?product=tetramin-tropical-flakes-62-gr-2-2-oz\",\"name\":\"TETRAMIN TROPICAL FLAKES 62 gr. | Acuario Supremus\",\"isPartOf\":{\"@id\":\"https:\\\/\\\/acuariosupremus.com\\\/#website\"},\"primaryImageOfPage\":{\"@id\":\"https:\\\/\\\/acuariosupremus.com\\\/?product=tetramin-tropical-flakes-62-gr-2-2-oz#primaryimage\"},\"image\":{\"@id\":\"https:\\\/\\\/acuariosupremus.com\\\/?product=tetramin-tropical-flakes-62-gr-2-2-oz#primaryimage\"},\"thumbnailUrl\":\"https:\\\/\\\/acuariosupremus.com\\\/wp-content\\\/uploads\\\/2022\\\/01\\\/TE77104.jpg\",\"datePublished\":\"2022-01-29T21:48:18+00:00\",\"dateModified\":\"2025-12-12T01:50:00+00:00\",\"description\":\"F\u00f3rmula patentada ProCare que favorece el buen funcionamiento del sistema inmunol\u00f3gico del pez para una salud \u00f3ptima y larga vida.\",\"breadcrumb\":{\"@id\":\"https:\\\/\\\/acuariosupremus.com\\\/?product=tetramin-tropical-flakes-62-gr-2-2-oz#breadcrumb\"},\"inLanguage\":\"es\",\"potentialAction\":[{\"@type\":\"ReadAction\",\"target\":[\"https:\\\/\\\/acuariosupremus.com\\\/?product=tetramin-tropical-flakes-62-gr-2-2-oz\"]}]},{\"@type\":\"ImageObject\",\"inLanguage\":\"es\",\"@id\":\"https:\\\/\\\/acuariosupremus.com\\\/?product=tetramin-tropical-flakes-62-gr-2-2-oz#primaryimage\",\"url\":\"https:\\\/\\\/acuariosupremus.com\\\/wp-content\\\/uploads\\\/2022\\\/01\\\/TE77104.jpg\",\"contentUrl\":\"https:\\\/\\\/acuariosupremus.com\\\/wp-content\\\/uploads\\\/2022\\\/01\\\/TE77104.jpg\",\"width\":1000,\"height\":1000},{\"@type\":\"BreadcrumbList\",\"@id\":\"https:\\\/\\\/acuariosupremus.com\\\/?product=tetramin-tropical-flakes-62-gr-2-2-oz#breadcrumb\",\"itemListElement\":[{\"@type\":\"ListItem\",\"position\":1,\"name\":\"Portada\",\"item\":\"https:\\\/\\\/acuariosupremus.com\\\/\"},{\"@type\":\"ListItem\",\"position\":2,\"name\":\"Tienda\",\"item\":\"https:\\\/\\\/acuariosupremus.com\\\/tienda\\\/\"},{\"@type\":\"ListItem\",\"position\":3,\"name\":\"TETRAMIN TROPICAL FLAKES 62 gr.\"}]},{\"@type\":\"WebSite\",\"@id\":\"https:\\\/\\\/acuariosupremus.com\\\/#website\",\"url\":\"https:\\\/\\\/acuariosupremus.com\\\/\",\"name\":\"Acuario Supremus\",\"description\":\"Peces, Peceras y Mascotas.\",\"publisher\":{\"@id\":\"https:\\\/\\\/acuariosupremus.com\\\/#organization\"},\"potentialAction\":[{\"@type\":\"SearchAction\",\"target\":{\"@type\":\"EntryPoint\",\"urlTemplate\":\"https:\\\/\\\/acuariosupremus.com\\\/?s={search_term_string}\"},\"query-input\":{\"@type\":\"PropertyValueSpecification\",\"valueRequired\":true,\"valueName\":\"search_term_string\"}}],\"inLanguage\":\"es\"},{\"@type\":\"Organization\",\"@id\":\"https:\\\/\\\/acuariosupremus.com\\\/#organization\",\"name\":\"Acuario Supremus\",\"url\":\"https:\\\/\\\/acuariosupremus.com\\\/\",\"logo\":{\"@type\":\"ImageObject\",\"inLanguage\":\"es\",\"@id\":\"https:\\\/\\\/acuariosupremus.com\\\/#\\\/schema\\\/logo\\\/image\\\/\",\"url\":\"https:\\\/\\\/acuariosupremus.com\\\/wp-content\\\/uploads\\\/2021\\\/12\\\/cropped-logo_acuario_supremus_fn-2.png\",\"contentUrl\":\"https:\\\/\\\/acuariosupremus.com\\\/wp-content\\\/uploads\\\/2021\\\/12\\\/cropped-logo_acuario_supremus_fn-2.png\",\"width\":1000,\"height\":318,\"caption\":\"Acuario Supremus\"},\"image\":{\"@id\":\"https:\\\/\\\/acuariosupremus.com\\\/#\\\/schema\\\/logo\\\/image\\\/\"},\"sameAs\":[\"https:\\\/\\\/www.facebook.com\\\/AcuarioSupremus\",\"https:\\\/\\\/x.com\\\/AcuarioSupremus\",\"https:\\\/\\\/www.instagram.com\\\/acuariosupremus\\\/?hl=es\"]}]}<\/script>\n<!-- \/ Yoast SEO plugin. -->","yoast_head_json":{"title":"TETRAMIN TROPICAL FLAKES 62 gr. | Acuario Supremus","description":"F\u00f3rmula patentada ProCare que favorece el buen funcionamiento del sistema inmunol\u00f3gico del pez para una salud \u00f3ptima y larga vida.","robots":{"index":"index","follow":"follow","max-snippet":"max-snippet:-1","max-image-preview":"max-image-preview:large","max-video-preview":"max-video-preview:-1"},"canonical":"https:\/\/acuariosupremus.com\/?product=tetramin-tropical-flakes-62-gr-2-2-oz","og_locale":"es_MX","og_type":"article","og_title":"TETRAMIN TROPICAL FLAKES 62 gr. | Acuario Supremus","og_description":"F\u00f3rmula patentada ProCare que favorece el buen funcionamiento del sistema inmunol\u00f3gico del pez para una salud \u00f3ptima y larga vida.","og_url":"https:\/\/acuariosupremus.com\/?product=tetramin-tropical-flakes-62-gr-2-2-oz","og_site_name":"Acuario Supremus","article_publisher":"https:\/\/www.facebook.com\/AcuarioSupremus","article_modified_time":"2025-12-12T01:50:00+00:00","og_image":[{"width":1000,"height":1000,"url":"https:\/\/acuariosupremus.com\/wp-content\/uploads\/2022\/01\/TE77104.jpg","type":"image\/jpeg"}],"twitter_card":"summary_large_image","twitter_site":"@AcuarioSupremus","twitter_misc":{"Tiempo de lectura":"1 minuto"},"schema":{"@context":"https:\/\/schema.org","@graph":[{"@type":"WebPage","@id":"https:\/\/acuariosupremus.com\/?product=tetramin-tropical-flakes-62-gr-2-2-oz","url":"https:\/\/acuariosupremus.com\/?product=tetramin-tropical-flakes-62-gr-2-2-oz","name":"TETRAMIN TROPICAL FLAKES 62 gr. | Acuario Supremus","isPartOf":{"@id":"https:\/\/acuariosupremus.com\/#website"},"primaryImageOfPage":{"@id":"https:\/\/acuariosupremus.com\/?product=tetramin-tropical-flakes-62-gr-2-2-oz#primaryimage"},"image":{"@id":"https:\/\/acuariosupremus.com\/?product=tetramin-tropical-flakes-62-gr-2-2-oz#primaryimage"},"thumbnailUrl":"https:\/\/acuariosupremus.com\/wp-content\/uploads\/2022\/01\/TE77104.jpg","datePublished":"2022-01-29T21:48:18+00:00","dateModified":"2025-12-12T01:50:00+00:00","description":"F\u00f3rmula patentada ProCare que favorece el buen funcionamiento del sistema inmunol\u00f3gico del pez para una salud \u00f3ptima y larga vida.","breadcrumb":{"@id":"https:\/\/acuariosupremus.com\/?product=tetramin-tropical-flakes-62-gr-2-2-oz#breadcrumb"},"inLanguage":"es","potentialAction":[{"@type":"ReadAction","target":["https:\/\/acuariosupremus.com\/?product=tetramin-tropical-flakes-62-gr-2-2-oz"]}]},{"@type":"ImageObject","inLanguage":"es","@id":"https:\/\/acuariosupremus.com\/?product=tetramin-tropical-flakes-62-gr-2-2-oz#primaryimage","url":"https:\/\/acuariosupremus.com\/wp-content\/uploads\/2022\/01\/TE77104.jpg","contentUrl":"https:\/\/acuariosupremus.com\/wp-content\/uploads\/2022\/01\/TE77104.jpg","width":1000,"height":1000},{"@type":"BreadcrumbList","@id":"https:\/\/acuariosupremus.com\/?product=tetramin-tropical-flakes-62-gr-2-2-oz#breadcrumb","itemListElement":[{"@type":"ListItem","position":1,"name":"Portada","item":"https:\/\/acuariosupremus.com\/"},{"@type":"ListItem","position":2,"name":"Tienda","item":"https:\/\/acuariosupremus.com\/tienda\/"},{"@type":"ListItem","position":3,"name":"TETRAMIN TROPICAL FLAKES 62 gr."}]},{"@type":"WebSite","@id":"https:\/\/acuariosupremus.com\/#website","url":"https:\/\/acuariosupremus.com\/","name":"Acuario Supremus","description":"Peces, Peceras y Mascotas.","publisher":{"@id":"https:\/\/acuariosupremus.com\/#organization"},"potentialAction":[{"@type":"SearchAction","target":{"@type":"EntryPoint","urlTemplate":"https:\/\/acuariosupremus.com\/?s={search_term_string}"},"query-input":{"@type":"PropertyValueSpecification","valueRequired":true,"valueName":"search_term_string"}}],"inLanguage":"es"},{"@type":"Organization","@id":"https:\/\/acuariosupremus.com\/#organization","name":"Acuario Supremus","url":"https:\/\/acuariosupremus.com\/","logo":{"@type":"ImageObject","inLanguage":"es","@id":"https:\/\/acuariosupremus.com\/#\/schema\/logo\/image\/","url":"https:\/\/acuariosupremus.com\/wp-content\/uploads\/2021\/12\/cropped-logo_acuario_supremus_fn-2.png","contentUrl":"https:\/\/acuariosupremus.com\/wp-content\/uploads\/2021\/12\/cropped-logo_acuario_supremus_fn-2.png","width":1000,"height":318,"caption":"Acuario Supremus"},"image":{"@id":"https:\/\/acuariosupremus.com\/#\/schema\/logo\/image\/"},"sameAs":["https:\/\/www.facebook.com\/AcuarioSupremus","https:\/\/x.com\/AcuarioSupremus","https:\/\/www.instagram.com\/acuariosupremus\/?hl=es"]}]}},"jetpack_sharing_enabled":true,"_links":{"self":[{"href":"https:\/\/acuariosupremus.com\/index.php?rest_route=\/wp\/v2\/product\/1284","targetHints":{"allow":["GET"]}}],"collection":[{"href":"https:\/\/acuariosupremus.com\/index.php?rest_route=\/wp\/v2\/product"}],"about":[{"href":"https:\/\/acuariosupremus.com\/index.php?rest_route=\/wp\/v2\/types\/product"}],"wp:featuredmedia":[{"embeddable":true,"href":"https:\/\/acuariosupremus.com\/index.php?rest_route=\/wp\/v2\/media\/1285"}],"wp:attachment":[{"href":"https:\/\/acuariosupremus.com\/index.php?rest_route=%2Fwp%2Fv2%2Fmedia&parent=1284"}],"wp:term":[{"taxonomy":"product_brand","embeddable":true,"href":"https:\/\/acuariosupremus.com\/index.php?rest_route=%2Fwp%2Fv2%2Fproduct_brand&post=1284"},{"taxonomy":"product_cat","embeddable":true,"href":"https:\/\/acuariosupremus.com\/index.php?rest_route=%2Fwp%2Fv2%2Fproduct_cat&post=1284"},{"taxonomy":"product_tag","embeddable":true,"href":"https:\/\/acuariosupremus.com\/index.php?rest_route=%2Fwp%2Fv2%2Fproduct_tag&post=1284"}],"curies":[{"name":"wp","href":"https:\/\/api.w.org\/{rel}","templated":true}]}}