{"id":12865,"date":"2024-08-23T14:38:13","date_gmt":"2024-08-23T20:38:13","guid":{"rendered":"https:\/\/acuariosupremus.com\/?post_type=product&#038;p=12865"},"modified":"2026-02-11T17:25:32","modified_gmt":"2026-02-11T23:25:32","slug":"sustituto-de-leche-p-cachorro-naturance-450-g","status":"publish","type":"product","link":"https:\/\/acuariosupremus.com\/?product=sustituto-de-leche-p-cachorro-naturance-450-g","title":{"rendered":"SUSTITUTO DE LECHE P\/CACHORRO NATURANCE 450 G"},"content":{"rendered":"<div id=\"tab-label-product.info.beneficios\" class=\"data item title active\" tabindex=\"0\" role=\"tab\" aria-labeledby=\"tab-label-product.info.beneficios-title\" data-role=\"collapsible\" data-collapsible=\"true\" aria-controls=\"product.info.beneficios\" aria-selected=\"true\" aria-expanded=\"true\">BENEFICIOS<\/div>\n<div id=\"product.info.beneficios\" class=\"data item content\" role=\"tabpanel\" data-role=\"content\" aria-labelledby=\"tab-label-product.info.beneficios\" aria-hidden=\"false\">\n<div class=\"product attribute beneficios\">\n<div class=\"value\">\u2022Cubre las necesidades de alimentaci\u00f3n de cachorros<\/div>\n<div class=\"value\">\u2022Auxiliar en la alimentaci\u00f3n de perros senior que se les complica masticar alimentos secos<\/div>\n<div class=\"value\">\u2022Se disuelve adecuadamente, sin grumos.<\/div>\n<div>\n<div id=\"tab-label-additional\" class=\"data item title active\" tabindex=\"0\" role=\"tab\" aria-labeledby=\"tab-label-additional-title\" data-role=\"collapsible\" data-collapsible=\"true\" aria-controls=\"additional\" aria-selected=\"true\" aria-expanded=\"true\">CARACTER\u00cdSTICAS:\u00a0 Marca: Naturance\u00a0 Especie: Perros\u00a0 Contenido neto: 450 g.<\/div>\n<div tabindex=\"0\" role=\"tab\" aria-labeledby=\"tab-label-additional-title\" data-role=\"collapsible\" data-collapsible=\"true\" aria-controls=\"additional\" aria-selected=\"true\" aria-expanded=\"true\">\n<div id=\"product.info.ingredientes.formulacion\" class=\"data item content\" role=\"tabpanel\" data-role=\"content\" aria-labelledby=\"tab-label-product.info.ingredientes.formulacion\" aria-hidden=\"false\">\n<div class=\"product attribute ingredientes_formulacion\">\n<div>\n<div id=\"tab-label-product.info.ingredientes.modo.de.uso\" class=\"data item title active\" tabindex=\"0\" role=\"tab\" aria-labeledby=\"tab-label-product.info.ingredientes.modo.de.uso-title\" data-role=\"collapsible\" data-collapsible=\"true\" aria-controls=\"product.info.ingredientes.modo.de.uso\" aria-selected=\"true\" aria-expanded=\"true\">MODO DE USO \/ PRECAUCIONES Y ADVERTENCIAS<\/div>\n<div id=\"product.info.ingredientes.modo.de.uso\" class=\"data item content\" role=\"tabpanel\" data-role=\"content\" aria-labelledby=\"tab-label-product.info.ingredientes.modo.de.uso\" aria-hidden=\"false\">\n<div class=\"product attribute modo_de_uso_precuaciones_y_adv\">\n<div class=\"value\">Diluir la cantidad especificada en agua tibia (hervida); v\u00eda oral. Perros reci\u00e9n nacidos (hasta 20 d\u00edas) Disolver 2 cucharadas soperas rasas de NATURANCE SUSTITUTO DE LECHE PARA CACHORROS por cada 3 cucharadas de agua hervida y tibia (38\u00b0C) por cada 100 g de peso vivo del reci\u00e9n nacido y darse cada 3 a 4 horas. Perros mayores (hasta 10-15 meses, dependiendo la raza) Disolver 10 cucharadas soperas rasas o 50 g de NATURANCE SUSTITUTO DE LECHE PARA CACHORROS en 500 ml de agua hervida y tibia (38\u00b0C) y darse una vez al d\u00eda. Perras en gestaci\u00f3n y lactaci\u00f3n Disolver 10 cucharadas soperas rasas o 50 g de NATURANCE SUSTITUTO DE LECHE PARA CACHORROS en 500 ml de agua hervida y tibia (38\u00b0C) o espolvoreado en el alimento seco y darse una vez al d\u00eda, 20 d\u00edas antes del parto y 2 meses despu\u00e9s. Como complemento alimenticio para perros de exposici\u00f3n, perros d\u00e9biles y enfermos o viejos Disolver 10 cucharadas soperas rasas o 50 g de NATURANCE SUSTITUTO DE LECHE PARA CACHORROS en 500 ml de agua hervida y tibia (38\u00b0C) o espolvoreado en el alimento seco. Reconstituido el producto debe mantenerse en refrigeraci\u00f3n por m\u00e1ximo 24 horas. Cierre bien la lata una vez abierta. Conserve el producto en su recipiente original tapado en lugares frescos, limpios y libres de humedad. Si el producto cambia de color u olor des\u00e9chelo. No apto para el consumo humano. CONSULTE AL M\u00e9DICO VETERINARIO.<\/div>\n<\/div>\n<\/div>\n<\/div>\n<\/div>\n<\/div>\n<\/div>\n<\/div>\n<\/div>\n<\/div>\n","protected":false},"excerpt":{"rendered":"<p>El sustituto de leche para cachorros de Naturance es una f\u00f3rmula en polvo especializada que est\u00e1 recomendada para hembras gestantes y lactantes, en perros cachorros se usa como suplemento de leche materna, en casos de falta de producci\u00f3n de la madre o en camadas hu\u00e9rfanas. Es f\u00e1cil de disolver y preparar. Incluye cuchara dosificadora.<\/p>\n","protected":false},"featured_media":12866,"template":"","meta":[],"product_brand":[109],"product_cat":[73,79],"product_tag":[482],"class_list":{"0":"post-12865","1":"product","2":"type-product","3":"status-publish","4":"has-post-thumbnail","6":"product_brand-naturance","7":"product_cat-perros","8":"product_cat-nutricion-perros","9":"product_tag-leche-cachorros","11":"first","12":"instock","13":"sale","14":"shipping-taxable","15":"purchasable","16":"product-type-simple"},"yoast_head":"<!-- This site is optimized with the Yoast SEO plugin v27.4 - https:\/\/yoast.com\/product\/yoast-seo-wordpress\/ -->\n<title>SUSTITUTO DE LECHE P\/CACHORRO NATURANCE 450 G | Acuario Supremus<\/title>\n<meta name=\"description\" content=\"El sustituto de leche para cachorros de Naturance es una f\u00f3rmula en polvo que est\u00e1 recomendada en baja producci\u00f3n de la madre o en camadas hu\u00e9rfanas\" \/>\n<meta name=\"robots\" content=\"index, follow, max-snippet:-1, max-image-preview:large, max-video-preview:-1\" \/>\n<link rel=\"canonical\" href=\"https:\/\/acuariosupremus.com\/?product=sustituto-de-leche-p-cachorro-naturance-450-g\" \/>\n<meta property=\"og:locale\" content=\"es_MX\" \/>\n<meta property=\"og:type\" content=\"article\" \/>\n<meta property=\"og:title\" content=\"SUSTITUTO DE LECHE P\/CACHORRO NATURANCE 450 G | Acuario Supremus\" \/>\n<meta property=\"og:description\" content=\"El sustituto de leche para cachorros de Naturance es una f\u00f3rmula en polvo que est\u00e1 recomendada en baja producci\u00f3n de la madre o en camadas hu\u00e9rfanas\" \/>\n<meta property=\"og:url\" content=\"https:\/\/acuariosupremus.com\/?product=sustituto-de-leche-p-cachorro-naturance-450-g\" \/>\n<meta property=\"og:site_name\" content=\"Acuario Supremus\" \/>\n<meta property=\"article:publisher\" content=\"https:\/\/www.facebook.com\/AcuarioSupremus\" \/>\n<meta property=\"article:modified_time\" content=\"2026-02-11T23:25:32+00:00\" \/>\n<meta property=\"og:image\" content=\"https:\/\/acuariosupremus.com\/wp-content\/uploads\/2024\/08\/FL3868_C.png\" \/>\n\t<meta property=\"og:image:width\" content=\"600\" \/>\n\t<meta property=\"og:image:height\" content=\"600\" \/>\n\t<meta property=\"og:image:type\" content=\"image\/png\" \/>\n<meta name=\"twitter:card\" content=\"summary_large_image\" \/>\n<meta name=\"twitter:site\" content=\"@AcuarioSupremus\" \/>\n<meta name=\"twitter:label1\" content=\"Tiempo de lectura\" \/>\n\t<meta name=\"twitter:data1\" content=\"2 minutos\" \/>\n<script type=\"application\/ld+json\" class=\"yoast-schema-graph\">{\"@context\":\"https:\\\/\\\/schema.org\",\"@graph\":[{\"@type\":\"WebPage\",\"@id\":\"https:\\\/\\\/acuariosupremus.com\\\/?product=sustituto-de-leche-p-cachorro-naturance-450-g\",\"url\":\"https:\\\/\\\/acuariosupremus.com\\\/?product=sustituto-de-leche-p-cachorro-naturance-450-g\",\"name\":\"SUSTITUTO DE LECHE P\\\/CACHORRO NATURANCE 450 G | Acuario Supremus\",\"isPartOf\":{\"@id\":\"https:\\\/\\\/acuariosupremus.com\\\/#website\"},\"primaryImageOfPage\":{\"@id\":\"https:\\\/\\\/acuariosupremus.com\\\/?product=sustituto-de-leche-p-cachorro-naturance-450-g#primaryimage\"},\"image\":{\"@id\":\"https:\\\/\\\/acuariosupremus.com\\\/?product=sustituto-de-leche-p-cachorro-naturance-450-g#primaryimage\"},\"thumbnailUrl\":\"https:\\\/\\\/acuariosupremus.com\\\/wp-content\\\/uploads\\\/2024\\\/08\\\/FL3868_C.png\",\"datePublished\":\"2024-08-23T20:38:13+00:00\",\"dateModified\":\"2026-02-11T23:25:32+00:00\",\"description\":\"El sustituto de leche para cachorros de Naturance es una f\u00f3rmula en polvo que est\u00e1 recomendada en baja producci\u00f3n de la madre o en camadas hu\u00e9rfanas\",\"breadcrumb\":{\"@id\":\"https:\\\/\\\/acuariosupremus.com\\\/?product=sustituto-de-leche-p-cachorro-naturance-450-g#breadcrumb\"},\"inLanguage\":\"es\",\"potentialAction\":[{\"@type\":\"ReadAction\",\"target\":[\"https:\\\/\\\/acuariosupremus.com\\\/?product=sustituto-de-leche-p-cachorro-naturance-450-g\"]}]},{\"@type\":\"ImageObject\",\"inLanguage\":\"es\",\"@id\":\"https:\\\/\\\/acuariosupremus.com\\\/?product=sustituto-de-leche-p-cachorro-naturance-450-g#primaryimage\",\"url\":\"https:\\\/\\\/acuariosupremus.com\\\/wp-content\\\/uploads\\\/2024\\\/08\\\/FL3868_C.png\",\"contentUrl\":\"https:\\\/\\\/acuariosupremus.com\\\/wp-content\\\/uploads\\\/2024\\\/08\\\/FL3868_C.png\",\"width\":600,\"height\":600},{\"@type\":\"BreadcrumbList\",\"@id\":\"https:\\\/\\\/acuariosupremus.com\\\/?product=sustituto-de-leche-p-cachorro-naturance-450-g#breadcrumb\",\"itemListElement\":[{\"@type\":\"ListItem\",\"position\":1,\"name\":\"Portada\",\"item\":\"https:\\\/\\\/acuariosupremus.com\\\/\"},{\"@type\":\"ListItem\",\"position\":2,\"name\":\"Tienda\",\"item\":\"https:\\\/\\\/acuariosupremus.com\\\/tienda\\\/\"},{\"@type\":\"ListItem\",\"position\":3,\"name\":\"SUSTITUTO DE LECHE P\\\/CACHORRO NATURANCE 450 G\"}]},{\"@type\":\"WebSite\",\"@id\":\"https:\\\/\\\/acuariosupremus.com\\\/#website\",\"url\":\"https:\\\/\\\/acuariosupremus.com\\\/\",\"name\":\"Acuario Supremus\",\"description\":\"Peces, Peceras y Mascotas.\",\"publisher\":{\"@id\":\"https:\\\/\\\/acuariosupremus.com\\\/#organization\"},\"potentialAction\":[{\"@type\":\"SearchAction\",\"target\":{\"@type\":\"EntryPoint\",\"urlTemplate\":\"https:\\\/\\\/acuariosupremus.com\\\/?s={search_term_string}\"},\"query-input\":{\"@type\":\"PropertyValueSpecification\",\"valueRequired\":true,\"valueName\":\"search_term_string\"}}],\"inLanguage\":\"es\"},{\"@type\":\"Organization\",\"@id\":\"https:\\\/\\\/acuariosupremus.com\\\/#organization\",\"name\":\"Acuario Supremus\",\"url\":\"https:\\\/\\\/acuariosupremus.com\\\/\",\"logo\":{\"@type\":\"ImageObject\",\"inLanguage\":\"es\",\"@id\":\"https:\\\/\\\/acuariosupremus.com\\\/#\\\/schema\\\/logo\\\/image\\\/\",\"url\":\"https:\\\/\\\/acuariosupremus.com\\\/wp-content\\\/uploads\\\/2021\\\/12\\\/cropped-logo_acuario_supremus_fn-2.png\",\"contentUrl\":\"https:\\\/\\\/acuariosupremus.com\\\/wp-content\\\/uploads\\\/2021\\\/12\\\/cropped-logo_acuario_supremus_fn-2.png\",\"width\":1000,\"height\":318,\"caption\":\"Acuario Supremus\"},\"image\":{\"@id\":\"https:\\\/\\\/acuariosupremus.com\\\/#\\\/schema\\\/logo\\\/image\\\/\"},\"sameAs\":[\"https:\\\/\\\/www.facebook.com\\\/AcuarioSupremus\",\"https:\\\/\\\/x.com\\\/AcuarioSupremus\",\"https:\\\/\\\/www.instagram.com\\\/acuariosupremus\\\/?hl=es\"]}]}<\/script>\n<!-- \/ Yoast SEO plugin. -->","yoast_head_json":{"title":"SUSTITUTO DE LECHE P\/CACHORRO NATURANCE 450 G | Acuario Supremus","description":"El sustituto de leche para cachorros de Naturance es una f\u00f3rmula en polvo que est\u00e1 recomendada en baja producci\u00f3n de la madre o en camadas hu\u00e9rfanas","robots":{"index":"index","follow":"follow","max-snippet":"max-snippet:-1","max-image-preview":"max-image-preview:large","max-video-preview":"max-video-preview:-1"},"canonical":"https:\/\/acuariosupremus.com\/?product=sustituto-de-leche-p-cachorro-naturance-450-g","og_locale":"es_MX","og_type":"article","og_title":"SUSTITUTO DE LECHE P\/CACHORRO NATURANCE 450 G | Acuario Supremus","og_description":"El sustituto de leche para cachorros de Naturance es una f\u00f3rmula en polvo que est\u00e1 recomendada en baja producci\u00f3n de la madre o en camadas hu\u00e9rfanas","og_url":"https:\/\/acuariosupremus.com\/?product=sustituto-de-leche-p-cachorro-naturance-450-g","og_site_name":"Acuario Supremus","article_publisher":"https:\/\/www.facebook.com\/AcuarioSupremus","article_modified_time":"2026-02-11T23:25:32+00:00","og_image":[{"width":600,"height":600,"url":"https:\/\/acuariosupremus.com\/wp-content\/uploads\/2024\/08\/FL3868_C.png","type":"image\/png"}],"twitter_card":"summary_large_image","twitter_site":"@AcuarioSupremus","twitter_misc":{"Tiempo de lectura":"2 minutos"},"schema":{"@context":"https:\/\/schema.org","@graph":[{"@type":"WebPage","@id":"https:\/\/acuariosupremus.com\/?product=sustituto-de-leche-p-cachorro-naturance-450-g","url":"https:\/\/acuariosupremus.com\/?product=sustituto-de-leche-p-cachorro-naturance-450-g","name":"SUSTITUTO DE LECHE P\/CACHORRO NATURANCE 450 G | Acuario Supremus","isPartOf":{"@id":"https:\/\/acuariosupremus.com\/#website"},"primaryImageOfPage":{"@id":"https:\/\/acuariosupremus.com\/?product=sustituto-de-leche-p-cachorro-naturance-450-g#primaryimage"},"image":{"@id":"https:\/\/acuariosupremus.com\/?product=sustituto-de-leche-p-cachorro-naturance-450-g#primaryimage"},"thumbnailUrl":"https:\/\/acuariosupremus.com\/wp-content\/uploads\/2024\/08\/FL3868_C.png","datePublished":"2024-08-23T20:38:13+00:00","dateModified":"2026-02-11T23:25:32+00:00","description":"El sustituto de leche para cachorros de Naturance es una f\u00f3rmula en polvo que est\u00e1 recomendada en baja producci\u00f3n de la madre o en camadas hu\u00e9rfanas","breadcrumb":{"@id":"https:\/\/acuariosupremus.com\/?product=sustituto-de-leche-p-cachorro-naturance-450-g#breadcrumb"},"inLanguage":"es","potentialAction":[{"@type":"ReadAction","target":["https:\/\/acuariosupremus.com\/?product=sustituto-de-leche-p-cachorro-naturance-450-g"]}]},{"@type":"ImageObject","inLanguage":"es","@id":"https:\/\/acuariosupremus.com\/?product=sustituto-de-leche-p-cachorro-naturance-450-g#primaryimage","url":"https:\/\/acuariosupremus.com\/wp-content\/uploads\/2024\/08\/FL3868_C.png","contentUrl":"https:\/\/acuariosupremus.com\/wp-content\/uploads\/2024\/08\/FL3868_C.png","width":600,"height":600},{"@type":"BreadcrumbList","@id":"https:\/\/acuariosupremus.com\/?product=sustituto-de-leche-p-cachorro-naturance-450-g#breadcrumb","itemListElement":[{"@type":"ListItem","position":1,"name":"Portada","item":"https:\/\/acuariosupremus.com\/"},{"@type":"ListItem","position":2,"name":"Tienda","item":"https:\/\/acuariosupremus.com\/tienda\/"},{"@type":"ListItem","position":3,"name":"SUSTITUTO DE LECHE P\/CACHORRO NATURANCE 450 G"}]},{"@type":"WebSite","@id":"https:\/\/acuariosupremus.com\/#website","url":"https:\/\/acuariosupremus.com\/","name":"Acuario Supremus","description":"Peces, Peceras y Mascotas.","publisher":{"@id":"https:\/\/acuariosupremus.com\/#organization"},"potentialAction":[{"@type":"SearchAction","target":{"@type":"EntryPoint","urlTemplate":"https:\/\/acuariosupremus.com\/?s={search_term_string}"},"query-input":{"@type":"PropertyValueSpecification","valueRequired":true,"valueName":"search_term_string"}}],"inLanguage":"es"},{"@type":"Organization","@id":"https:\/\/acuariosupremus.com\/#organization","name":"Acuario Supremus","url":"https:\/\/acuariosupremus.com\/","logo":{"@type":"ImageObject","inLanguage":"es","@id":"https:\/\/acuariosupremus.com\/#\/schema\/logo\/image\/","url":"https:\/\/acuariosupremus.com\/wp-content\/uploads\/2021\/12\/cropped-logo_acuario_supremus_fn-2.png","contentUrl":"https:\/\/acuariosupremus.com\/wp-content\/uploads\/2021\/12\/cropped-logo_acuario_supremus_fn-2.png","width":1000,"height":318,"caption":"Acuario Supremus"},"image":{"@id":"https:\/\/acuariosupremus.com\/#\/schema\/logo\/image\/"},"sameAs":["https:\/\/www.facebook.com\/AcuarioSupremus","https:\/\/x.com\/AcuarioSupremus","https:\/\/www.instagram.com\/acuariosupremus\/?hl=es"]}]}},"jetpack_sharing_enabled":true,"_links":{"self":[{"href":"https:\/\/acuariosupremus.com\/index.php?rest_route=\/wp\/v2\/product\/12865","targetHints":{"allow":["GET"]}}],"collection":[{"href":"https:\/\/acuariosupremus.com\/index.php?rest_route=\/wp\/v2\/product"}],"about":[{"href":"https:\/\/acuariosupremus.com\/index.php?rest_route=\/wp\/v2\/types\/product"}],"wp:featuredmedia":[{"embeddable":true,"href":"https:\/\/acuariosupremus.com\/index.php?rest_route=\/wp\/v2\/media\/12866"}],"wp:attachment":[{"href":"https:\/\/acuariosupremus.com\/index.php?rest_route=%2Fwp%2Fv2%2Fmedia&parent=12865"}],"wp:term":[{"taxonomy":"product_brand","embeddable":true,"href":"https:\/\/acuariosupremus.com\/index.php?rest_route=%2Fwp%2Fv2%2Fproduct_brand&post=12865"},{"taxonomy":"product_cat","embeddable":true,"href":"https:\/\/acuariosupremus.com\/index.php?rest_route=%2Fwp%2Fv2%2Fproduct_cat&post=12865"},{"taxonomy":"product_tag","embeddable":true,"href":"https:\/\/acuariosupremus.com\/index.php?rest_route=%2Fwp%2Fv2%2Fproduct_tag&post=12865"}],"curies":[{"name":"wp","href":"https:\/\/api.w.org\/{rel}","templated":true}]}}