{"id":12869,"date":"2024-08-23T15:24:44","date_gmt":"2024-08-23T21:24:44","guid":{"rendered":"https:\/\/acuariosupremus.com\/?post_type=product&#038;p=12869"},"modified":"2026-02-05T18:39:51","modified_gmt":"2026-02-06T00:39:51","slug":"sustituto-de-leche-p-cachorro-ps-360-g","status":"publish","type":"product","link":"https:\/\/acuariosupremus.com\/?product=sustituto-de-leche-p-cachorro-ps-360-g","title":{"rendered":"SUSTITUTO DE LECHE P\/CACHORRO PS 360 G"},"content":{"rendered":"<div id=\"tab-label-product.info.beneficios\" class=\"data item title active\" tabindex=\"0\" role=\"tab\" aria-labeledby=\"tab-label-product.info.beneficios-title\" data-role=\"collapsible\" data-collapsible=\"true\" aria-controls=\"product.info.beneficios\" aria-selected=\"true\" aria-expanded=\"true\">BENEFICIOS<\/div>\n<div id=\"product.info.beneficios\" class=\"data item content\" role=\"tabpanel\" data-role=\"content\" aria-labelledby=\"tab-label-product.info.beneficios\" aria-hidden=\"false\">\n<div class=\"product attribute beneficios\">\n<div class=\"value\">\u2022Para cachorros de 0 a 2 meses<\/div>\n<div class=\"value\">\u2022Puede ser administrado para hembras gestantes y en lactancia, as\u00ed como para perros de edad avanzada, enfermos o convalecientes.<\/div>\n<div class=\"value\">\u2022F\u00f3rmula adicionada con DHA que ayuda a desarrollar al m\u00e1ximo el sentido de la vista, asimismo promueve el movimiento y la flexibilidad de las articulaciones en perros de edad avanzada.<\/div>\n<div class=\"value\">\u2022Favorece la salud de la piel y pelaje de los perros en cualquier etapa de crecimiento.<\/div>\n<div class=\"value\">\u2022Contiene lactobacilos que equilibran la flora intestinal. Junto con los nucle\u00f3tidos, los \u00df-glucanos y los mananoligosac\u00e1ridos, contribuyen a la actividad inmune de las c\u00e9lulas fagoc\u00edticas e impiden la colonizaci\u00f3n del tracto intestinal, formando una pared inmunol\u00f3gica contra organismos pat\u00f3genos.<\/div>\n<div>\n<div id=\"tab-label-product.info.ingredientes.modo.de.uso\" class=\"data item title active\" tabindex=\"0\" role=\"tab\" aria-labeledby=\"tab-label-product.info.ingredientes.modo.de.uso-title\" data-role=\"collapsible\" data-collapsible=\"true\" aria-controls=\"product.info.ingredientes.modo.de.uso\" aria-selected=\"true\" aria-expanded=\"true\">MODO DE USO \/ PRECAUCIONES Y ADVERTENCIAS<\/div>\n<div id=\"product.info.ingredientes.modo.de.uso\" class=\"data item content\" role=\"tabpanel\" data-role=\"content\" aria-labelledby=\"tab-label-product.info.ingredientes.modo.de.uso\" aria-hidden=\"false\">\n<div class=\"product attribute modo_de_uso_precuaciones_y_adv\">\n<div class=\"value\">Disolver 1 cucharada sopera rasa (5 g) del sustituto de leche de Perfect Sense\u00ae (1 parte) por 2 cucharadas (10 ml) de agua hervida y tibia (38\u00b0C) (2 partes). Dividir entre el n\u00famero de tomas y ofrecer dependiendo de la edad del cachorro. Puede iniciar la administraci\u00f3n del sustituto en mamila. Entre la tercera y cuarta semana de edad, el cachorro comenzar\u00e1 a imitar los h\u00e1bitos alimentarios de la madre y ser\u00e1 momento de ofrecer el sustituto en un recipiente poco profundo. Alrededor de la octava semana de edad es primordial iniciar la transici\u00f3n al alimento s\u00f3lido Perfect Sense\u00ae. No sobrealimente al cachorro, puede ser perjudicial para su salud. Consulte al M\u00e9dico Veterinario para asegurarse del \u00f3ptimo crecimiento del cachorro. Una vez reconstituido el sustituto, debe mantenerse en refrigeraci\u00f3n por m\u00e1ximo 24 horas; despu\u00e9s de ese tiempo, deseche el sobrante. No usar el microondas para calentar la f\u00f3rmula preparada, en su lugar, caliente en ba\u00f1o mar\u00eda.<\/div>\n<\/div>\n<\/div>\n<\/div>\n<\/div>\n<\/div>\n","protected":false},"excerpt":{"rendered":"<p>El sustituto de leche para cachorros de Perfect Sense\u00ae aporta los nutrientes que provee la leche materna, para el \u00f3ptimo desarrollo del cachorro. Con los requerimientos nutricionales recomendados para administrarse como suplemento de leche materna en casos de falta de producci\u00f3n de la madre, camadas hu\u00e9rfanas o numerosas o en perros enfermos o convalecientes. F\u00f3rmula adicionada con DHA para mejorar la respuesta visual y capacidad de adiestramiento. CARACTERISTICAS F\u00f3rmula en polvo f\u00e1cil de preparar. Con probi\u00f3ticos y prebi\u00f3ticos para reforzar el sistema inmunol\u00f3gico intestinal. Contiene enzimas digestivas para promover una buena digesti\u00f3n. Con hojuelas de DHA de origen marino para promover el desarrollo cognitivo. N\u00famero de autorizaci\u00f3n: A-7290-093<\/p>\n","protected":false},"featured_media":12870,"template":"","meta":[],"product_brand":[107],"product_cat":[73,79],"product_tag":[482],"class_list":{"0":"post-12869","1":"product","2":"type-product","3":"status-publish","4":"has-post-thumbnail","6":"product_brand-perfectsense","7":"product_cat-perros","8":"product_cat-nutricion-perros","9":"product_tag-leche-cachorros","11":"first","12":"instock","13":"sale","14":"shipping-taxable","15":"purchasable","16":"product-type-simple"},"yoast_head":"<!-- This site is optimized with the Yoast SEO plugin v27.4 - https:\/\/yoast.com\/product\/yoast-seo-wordpress\/ -->\n<title>SUSTITUTO DE LECHE P\/CACHORRO PS 360 G | Acuario Supremus<\/title>\n<meta name=\"description\" content=\"El sustituto de leche para cachorros de Perfect Sense aporta los nutrientes que provee la leche materna, para el \u00f3ptimo desarrollo del cachorro.\" \/>\n<meta name=\"robots\" content=\"index, follow, max-snippet:-1, max-image-preview:large, max-video-preview:-1\" \/>\n<link rel=\"canonical\" href=\"https:\/\/acuariosupremus.com\/?product=sustituto-de-leche-p-cachorro-ps-360-g\" \/>\n<meta property=\"og:locale\" content=\"es_MX\" \/>\n<meta property=\"og:type\" content=\"article\" \/>\n<meta property=\"og:title\" content=\"SUSTITUTO DE LECHE P\/CACHORRO PS 360 G | Acuario Supremus\" \/>\n<meta property=\"og:description\" content=\"El sustituto de leche para cachorros de Perfect Sense aporta los nutrientes que provee la leche materna, para el \u00f3ptimo desarrollo del cachorro.\" \/>\n<meta property=\"og:url\" content=\"https:\/\/acuariosupremus.com\/?product=sustituto-de-leche-p-cachorro-ps-360-g\" \/>\n<meta property=\"og:site_name\" content=\"Acuario Supremus\" \/>\n<meta property=\"article:publisher\" content=\"https:\/\/www.facebook.com\/AcuarioSupremus\" \/>\n<meta property=\"article:modified_time\" content=\"2026-02-06T00:39:51+00:00\" \/>\n<meta property=\"og:image\" content=\"https:\/\/acuariosupremus.com\/wp-content\/uploads\/2024\/08\/FL3884_2.png\" \/>\n\t<meta property=\"og:image:width\" content=\"600\" \/>\n\t<meta property=\"og:image:height\" content=\"600\" \/>\n\t<meta property=\"og:image:type\" content=\"image\/png\" \/>\n<meta name=\"twitter:card\" content=\"summary_large_image\" \/>\n<meta name=\"twitter:site\" content=\"@AcuarioSupremus\" \/>\n<meta name=\"twitter:label1\" content=\"Tiempo de lectura\" \/>\n\t<meta name=\"twitter:data1\" content=\"2 minutos\" \/>\n<script type=\"application\/ld+json\" class=\"yoast-schema-graph\">{\"@context\":\"https:\\\/\\\/schema.org\",\"@graph\":[{\"@type\":\"WebPage\",\"@id\":\"https:\\\/\\\/acuariosupremus.com\\\/?product=sustituto-de-leche-p-cachorro-ps-360-g\",\"url\":\"https:\\\/\\\/acuariosupremus.com\\\/?product=sustituto-de-leche-p-cachorro-ps-360-g\",\"name\":\"SUSTITUTO DE LECHE P\\\/CACHORRO PS 360 G | Acuario Supremus\",\"isPartOf\":{\"@id\":\"https:\\\/\\\/acuariosupremus.com\\\/#website\"},\"primaryImageOfPage\":{\"@id\":\"https:\\\/\\\/acuariosupremus.com\\\/?product=sustituto-de-leche-p-cachorro-ps-360-g#primaryimage\"},\"image\":{\"@id\":\"https:\\\/\\\/acuariosupremus.com\\\/?product=sustituto-de-leche-p-cachorro-ps-360-g#primaryimage\"},\"thumbnailUrl\":\"https:\\\/\\\/acuariosupremus.com\\\/wp-content\\\/uploads\\\/2024\\\/08\\\/FL3884_2.png\",\"datePublished\":\"2024-08-23T21:24:44+00:00\",\"dateModified\":\"2026-02-06T00:39:51+00:00\",\"description\":\"El sustituto de leche para cachorros de Perfect Sense aporta los nutrientes que provee la leche materna, para el \u00f3ptimo desarrollo del cachorro.\",\"breadcrumb\":{\"@id\":\"https:\\\/\\\/acuariosupremus.com\\\/?product=sustituto-de-leche-p-cachorro-ps-360-g#breadcrumb\"},\"inLanguage\":\"es\",\"potentialAction\":[{\"@type\":\"ReadAction\",\"target\":[\"https:\\\/\\\/acuariosupremus.com\\\/?product=sustituto-de-leche-p-cachorro-ps-360-g\"]}]},{\"@type\":\"ImageObject\",\"inLanguage\":\"es\",\"@id\":\"https:\\\/\\\/acuariosupremus.com\\\/?product=sustituto-de-leche-p-cachorro-ps-360-g#primaryimage\",\"url\":\"https:\\\/\\\/acuariosupremus.com\\\/wp-content\\\/uploads\\\/2024\\\/08\\\/FL3884_2.png\",\"contentUrl\":\"https:\\\/\\\/acuariosupremus.com\\\/wp-content\\\/uploads\\\/2024\\\/08\\\/FL3884_2.png\",\"width\":600,\"height\":600},{\"@type\":\"BreadcrumbList\",\"@id\":\"https:\\\/\\\/acuariosupremus.com\\\/?product=sustituto-de-leche-p-cachorro-ps-360-g#breadcrumb\",\"itemListElement\":[{\"@type\":\"ListItem\",\"position\":1,\"name\":\"Portada\",\"item\":\"https:\\\/\\\/acuariosupremus.com\\\/\"},{\"@type\":\"ListItem\",\"position\":2,\"name\":\"Tienda\",\"item\":\"https:\\\/\\\/acuariosupremus.com\\\/tienda\\\/\"},{\"@type\":\"ListItem\",\"position\":3,\"name\":\"SUSTITUTO DE LECHE P\\\/CACHORRO PS 360 G\"}]},{\"@type\":\"WebSite\",\"@id\":\"https:\\\/\\\/acuariosupremus.com\\\/#website\",\"url\":\"https:\\\/\\\/acuariosupremus.com\\\/\",\"name\":\"Acuario Supremus\",\"description\":\"Peces, Peceras y Mascotas.\",\"publisher\":{\"@id\":\"https:\\\/\\\/acuariosupremus.com\\\/#organization\"},\"potentialAction\":[{\"@type\":\"SearchAction\",\"target\":{\"@type\":\"EntryPoint\",\"urlTemplate\":\"https:\\\/\\\/acuariosupremus.com\\\/?s={search_term_string}\"},\"query-input\":{\"@type\":\"PropertyValueSpecification\",\"valueRequired\":true,\"valueName\":\"search_term_string\"}}],\"inLanguage\":\"es\"},{\"@type\":\"Organization\",\"@id\":\"https:\\\/\\\/acuariosupremus.com\\\/#organization\",\"name\":\"Acuario Supremus\",\"url\":\"https:\\\/\\\/acuariosupremus.com\\\/\",\"logo\":{\"@type\":\"ImageObject\",\"inLanguage\":\"es\",\"@id\":\"https:\\\/\\\/acuariosupremus.com\\\/#\\\/schema\\\/logo\\\/image\\\/\",\"url\":\"https:\\\/\\\/acuariosupremus.com\\\/wp-content\\\/uploads\\\/2021\\\/12\\\/cropped-logo_acuario_supremus_fn-2.png\",\"contentUrl\":\"https:\\\/\\\/acuariosupremus.com\\\/wp-content\\\/uploads\\\/2021\\\/12\\\/cropped-logo_acuario_supremus_fn-2.png\",\"width\":1000,\"height\":318,\"caption\":\"Acuario Supremus\"},\"image\":{\"@id\":\"https:\\\/\\\/acuariosupremus.com\\\/#\\\/schema\\\/logo\\\/image\\\/\"},\"sameAs\":[\"https:\\\/\\\/www.facebook.com\\\/AcuarioSupremus\",\"https:\\\/\\\/x.com\\\/AcuarioSupremus\",\"https:\\\/\\\/www.instagram.com\\\/acuariosupremus\\\/?hl=es\"]}]}<\/script>\n<!-- \/ Yoast SEO plugin. -->","yoast_head_json":{"title":"SUSTITUTO DE LECHE P\/CACHORRO PS 360 G | Acuario Supremus","description":"El sustituto de leche para cachorros de Perfect Sense aporta los nutrientes que provee la leche materna, para el \u00f3ptimo desarrollo del cachorro.","robots":{"index":"index","follow":"follow","max-snippet":"max-snippet:-1","max-image-preview":"max-image-preview:large","max-video-preview":"max-video-preview:-1"},"canonical":"https:\/\/acuariosupremus.com\/?product=sustituto-de-leche-p-cachorro-ps-360-g","og_locale":"es_MX","og_type":"article","og_title":"SUSTITUTO DE LECHE P\/CACHORRO PS 360 G | Acuario Supremus","og_description":"El sustituto de leche para cachorros de Perfect Sense aporta los nutrientes que provee la leche materna, para el \u00f3ptimo desarrollo del cachorro.","og_url":"https:\/\/acuariosupremus.com\/?product=sustituto-de-leche-p-cachorro-ps-360-g","og_site_name":"Acuario Supremus","article_publisher":"https:\/\/www.facebook.com\/AcuarioSupremus","article_modified_time":"2026-02-06T00:39:51+00:00","og_image":[{"width":600,"height":600,"url":"https:\/\/acuariosupremus.com\/wp-content\/uploads\/2024\/08\/FL3884_2.png","type":"image\/png"}],"twitter_card":"summary_large_image","twitter_site":"@AcuarioSupremus","twitter_misc":{"Tiempo de lectura":"2 minutos"},"schema":{"@context":"https:\/\/schema.org","@graph":[{"@type":"WebPage","@id":"https:\/\/acuariosupremus.com\/?product=sustituto-de-leche-p-cachorro-ps-360-g","url":"https:\/\/acuariosupremus.com\/?product=sustituto-de-leche-p-cachorro-ps-360-g","name":"SUSTITUTO DE LECHE P\/CACHORRO PS 360 G | Acuario Supremus","isPartOf":{"@id":"https:\/\/acuariosupremus.com\/#website"},"primaryImageOfPage":{"@id":"https:\/\/acuariosupremus.com\/?product=sustituto-de-leche-p-cachorro-ps-360-g#primaryimage"},"image":{"@id":"https:\/\/acuariosupremus.com\/?product=sustituto-de-leche-p-cachorro-ps-360-g#primaryimage"},"thumbnailUrl":"https:\/\/acuariosupremus.com\/wp-content\/uploads\/2024\/08\/FL3884_2.png","datePublished":"2024-08-23T21:24:44+00:00","dateModified":"2026-02-06T00:39:51+00:00","description":"El sustituto de leche para cachorros de Perfect Sense aporta los nutrientes que provee la leche materna, para el \u00f3ptimo desarrollo del cachorro.","breadcrumb":{"@id":"https:\/\/acuariosupremus.com\/?product=sustituto-de-leche-p-cachorro-ps-360-g#breadcrumb"},"inLanguage":"es","potentialAction":[{"@type":"ReadAction","target":["https:\/\/acuariosupremus.com\/?product=sustituto-de-leche-p-cachorro-ps-360-g"]}]},{"@type":"ImageObject","inLanguage":"es","@id":"https:\/\/acuariosupremus.com\/?product=sustituto-de-leche-p-cachorro-ps-360-g#primaryimage","url":"https:\/\/acuariosupremus.com\/wp-content\/uploads\/2024\/08\/FL3884_2.png","contentUrl":"https:\/\/acuariosupremus.com\/wp-content\/uploads\/2024\/08\/FL3884_2.png","width":600,"height":600},{"@type":"BreadcrumbList","@id":"https:\/\/acuariosupremus.com\/?product=sustituto-de-leche-p-cachorro-ps-360-g#breadcrumb","itemListElement":[{"@type":"ListItem","position":1,"name":"Portada","item":"https:\/\/acuariosupremus.com\/"},{"@type":"ListItem","position":2,"name":"Tienda","item":"https:\/\/acuariosupremus.com\/tienda\/"},{"@type":"ListItem","position":3,"name":"SUSTITUTO DE LECHE P\/CACHORRO PS 360 G"}]},{"@type":"WebSite","@id":"https:\/\/acuariosupremus.com\/#website","url":"https:\/\/acuariosupremus.com\/","name":"Acuario Supremus","description":"Peces, Peceras y Mascotas.","publisher":{"@id":"https:\/\/acuariosupremus.com\/#organization"},"potentialAction":[{"@type":"SearchAction","target":{"@type":"EntryPoint","urlTemplate":"https:\/\/acuariosupremus.com\/?s={search_term_string}"},"query-input":{"@type":"PropertyValueSpecification","valueRequired":true,"valueName":"search_term_string"}}],"inLanguage":"es"},{"@type":"Organization","@id":"https:\/\/acuariosupremus.com\/#organization","name":"Acuario Supremus","url":"https:\/\/acuariosupremus.com\/","logo":{"@type":"ImageObject","inLanguage":"es","@id":"https:\/\/acuariosupremus.com\/#\/schema\/logo\/image\/","url":"https:\/\/acuariosupremus.com\/wp-content\/uploads\/2021\/12\/cropped-logo_acuario_supremus_fn-2.png","contentUrl":"https:\/\/acuariosupremus.com\/wp-content\/uploads\/2021\/12\/cropped-logo_acuario_supremus_fn-2.png","width":1000,"height":318,"caption":"Acuario Supremus"},"image":{"@id":"https:\/\/acuariosupremus.com\/#\/schema\/logo\/image\/"},"sameAs":["https:\/\/www.facebook.com\/AcuarioSupremus","https:\/\/x.com\/AcuarioSupremus","https:\/\/www.instagram.com\/acuariosupremus\/?hl=es"]}]}},"jetpack_sharing_enabled":true,"_links":{"self":[{"href":"https:\/\/acuariosupremus.com\/index.php?rest_route=\/wp\/v2\/product\/12869","targetHints":{"allow":["GET"]}}],"collection":[{"href":"https:\/\/acuariosupremus.com\/index.php?rest_route=\/wp\/v2\/product"}],"about":[{"href":"https:\/\/acuariosupremus.com\/index.php?rest_route=\/wp\/v2\/types\/product"}],"wp:featuredmedia":[{"embeddable":true,"href":"https:\/\/acuariosupremus.com\/index.php?rest_route=\/wp\/v2\/media\/12870"}],"wp:attachment":[{"href":"https:\/\/acuariosupremus.com\/index.php?rest_route=%2Fwp%2Fv2%2Fmedia&parent=12869"}],"wp:term":[{"taxonomy":"product_brand","embeddable":true,"href":"https:\/\/acuariosupremus.com\/index.php?rest_route=%2Fwp%2Fv2%2Fproduct_brand&post=12869"},{"taxonomy":"product_cat","embeddable":true,"href":"https:\/\/acuariosupremus.com\/index.php?rest_route=%2Fwp%2Fv2%2Fproduct_cat&post=12869"},{"taxonomy":"product_tag","embeddable":true,"href":"https:\/\/acuariosupremus.com\/index.php?rest_route=%2Fwp%2Fv2%2Fproduct_tag&post=12869"}],"curies":[{"name":"wp","href":"https:\/\/api.w.org\/{rel}","templated":true}]}}