{"id":12922,"date":"2024-08-24T15:33:06","date_gmt":"2024-08-24T21:33:06","guid":{"rendered":"https:\/\/acuariosupremus.com\/?post_type=product&#038;p=12922"},"modified":"2026-02-05T18:53:10","modified_gmt":"2026-02-06T00:53:10","slug":"yummy-sticks-pollo-tocino-5-pz-100g","status":"publish","type":"product","link":"https:\/\/acuariosupremus.com\/?product=yummy-sticks-pollo-tocino-5-pz-100g","title":{"rendered":"YUMMY STICKS POLLO\/TOCINO 5 PZ &#8211; 100G"},"content":{"rendered":"<div id=\"tab-label-product.info.beneficios\" class=\"data item title active\" tabindex=\"0\" role=\"tab\" aria-labeledby=\"tab-label-product.info.beneficios-title\" data-role=\"collapsible\" data-collapsible=\"true\" aria-controls=\"product.info.beneficios\" aria-selected=\"true\" aria-expanded=\"true\">BENEFICIOS<\/div>\n<div id=\"product.info.beneficios\" class=\"data item content\" role=\"tabpanel\" data-role=\"content\" aria-labelledby=\"tab-label-product.info.beneficios\" aria-hidden=\"false\">\n<div class=\"product attribute beneficios\">\n<div class=\"value\">Alternativa nutritiva para consentir a tu mascota.Fortificado con vitaminas y minerales. Promueve salud dental ayudando a remover residuos de comida alojados en los dientes. Masticarlos ayuda a reducir estr\u00e9s y liberar energ\u00eda alojada en su mand\u00edbula.<\/div>\n<div>\n<div id=\"tab-label-additional\" class=\"data item title active\" tabindex=\"0\" role=\"tab\" aria-labeledby=\"tab-label-additional-title\" data-role=\"collapsible\" data-collapsible=\"true\" aria-controls=\"additional\" aria-selected=\"true\" aria-expanded=\"true\">CARACTER\u00cdSTICAS: Marca:\u00a0 Fancy Pets\u00a0 Especie:\u00a0 Perros\u00a0 \u00a0Contenido neto:\u00a0 5 pieza\u00a0 Sabor: Pollo\/Tocino.<\/div>\n<div tabindex=\"0\" role=\"tab\" aria-labeledby=\"tab-label-additional-title\" data-role=\"collapsible\" data-collapsible=\"true\" aria-controls=\"additional\" aria-selected=\"true\" aria-expanded=\"true\">\n<div id=\"tab-label-product.info.ingredientes.modo.de.uso\" class=\"data item title active\" tabindex=\"0\" role=\"tab\" aria-labeledby=\"tab-label-product.info.ingredientes.modo.de.uso-title\" data-role=\"collapsible\" data-collapsible=\"true\" aria-controls=\"product.info.ingredientes.modo.de.uso\" aria-selected=\"true\" aria-expanded=\"true\">MODO DE USO \/ PRECAUCIONES Y ADVERTENCIAS:<\/div>\n<div id=\"product.info.ingredientes.modo.de.uso\" class=\"data item content\" role=\"tabpanel\" data-role=\"content\" aria-labelledby=\"tab-label-product.info.ingredientes.modo.de.uso\" aria-hidden=\"false\">\n<div class=\"product attribute modo_de_uso_precuaciones_y_adv\">\n<div class=\"value\">Chico (De 5 kg a 10 kg) &#8211; 1 StickMediano (De 11 kg a 25 kg) &#8211; 2 SticksrnGrande (De 26 kg a 40 kg) &#8211; 3 SticksrnGigante (De 41 kg en adelante) &#8211; 4 Sticksrn<\/div>\n<\/div>\n<\/div>\n<\/div>\n<\/div>\n<\/div>\n<\/div>\n","protected":false},"excerpt":{"rendered":"<p>Los premios Yummy Sticks son una manera nutritiva para consentir a tu perro. Fortificados con vitaminas y minerales para beneficiar su salud en general. Adem\u00e1s, promueven su salud dental ayudando a eliminar residuos de comida alojados entre dientes. Masticar Yummy Sticks ayuda a reducir estr\u00e9s y liberar energ\u00eda al ejercitar su mand\u00edbula<\/p>\n","protected":false},"featured_media":12923,"template":"","meta":[],"product_brand":[106],"product_cat":[73,80],"product_tag":[480,481],"class_list":{"0":"post-12922","1":"product","2":"type-product","3":"status-publish","4":"has-post-thumbnail","6":"product_brand-fancypets","7":"product_cat-perros","8":"product_cat-premios","9":"product_tag-premios-para-perros","10":"product_tag-premios-yummy","12":"first","13":"instock","14":"sale","15":"shipping-taxable","16":"purchasable","17":"product-type-simple"},"yoast_head":"<!-- This site is optimized with the Yoast SEO plugin v27.4 - https:\/\/yoast.com\/product\/yoast-seo-wordpress\/ -->\n<title>YUMMY STICKS POLLO\/TOCINO 5 PZ - 100G | Acuario Supremus<\/title>\n<meta name=\"description\" content=\"Premios Yummy Sticks Pollo\/Tocino 5PZ son una manera nutritiva para consentir a tu perro, ayuda a reducir estr\u00e9s y liberar energ\u00eda al ejercitar su mand\u00edbula\" \/>\n<meta name=\"robots\" content=\"index, follow, max-snippet:-1, max-image-preview:large, max-video-preview:-1\" \/>\n<link rel=\"canonical\" href=\"https:\/\/acuariosupremus.com\/?product=yummy-sticks-pollo-tocino-5-pz-100g\" \/>\n<meta property=\"og:locale\" content=\"es_MX\" \/>\n<meta property=\"og:type\" content=\"article\" \/>\n<meta property=\"og:title\" content=\"YUMMY STICKS POLLO\/TOCINO 5 PZ - 100G | Acuario Supremus\" \/>\n<meta property=\"og:description\" content=\"Premios Yummy Sticks Pollo\/Tocino 5PZ son una manera nutritiva para consentir a tu perro, ayuda a reducir estr\u00e9s y liberar energ\u00eda al ejercitar su mand\u00edbula\" \/>\n<meta property=\"og:url\" content=\"https:\/\/acuariosupremus.com\/?product=yummy-sticks-pollo-tocino-5-pz-100g\" \/>\n<meta property=\"og:site_name\" content=\"Acuario Supremus\" \/>\n<meta property=\"article:publisher\" content=\"https:\/\/www.facebook.com\/AcuarioSupremus\" \/>\n<meta property=\"article:modified_time\" content=\"2026-02-06T00:53:10+00:00\" \/>\n<meta property=\"og:image\" content=\"https:\/\/acuariosupremus.com\/wp-content\/uploads\/2024\/08\/FL4510.png\" \/>\n\t<meta property=\"og:image:width\" content=\"600\" \/>\n\t<meta property=\"og:image:height\" content=\"600\" \/>\n\t<meta property=\"og:image:type\" content=\"image\/png\" \/>\n<meta name=\"twitter:card\" content=\"summary_large_image\" \/>\n<meta name=\"twitter:site\" content=\"@AcuarioSupremus\" \/>\n<meta name=\"twitter:label1\" content=\"Tiempo de lectura\" \/>\n\t<meta name=\"twitter:data1\" content=\"1 minuto\" \/>\n<script type=\"application\/ld+json\" class=\"yoast-schema-graph\">{\"@context\":\"https:\\\/\\\/schema.org\",\"@graph\":[{\"@type\":\"WebPage\",\"@id\":\"https:\\\/\\\/acuariosupremus.com\\\/?product=yummy-sticks-pollo-tocino-5-pz-100g\",\"url\":\"https:\\\/\\\/acuariosupremus.com\\\/?product=yummy-sticks-pollo-tocino-5-pz-100g\",\"name\":\"YUMMY STICKS POLLO\\\/TOCINO 5 PZ - 100G | Acuario Supremus\",\"isPartOf\":{\"@id\":\"https:\\\/\\\/acuariosupremus.com\\\/#website\"},\"primaryImageOfPage\":{\"@id\":\"https:\\\/\\\/acuariosupremus.com\\\/?product=yummy-sticks-pollo-tocino-5-pz-100g#primaryimage\"},\"image\":{\"@id\":\"https:\\\/\\\/acuariosupremus.com\\\/?product=yummy-sticks-pollo-tocino-5-pz-100g#primaryimage\"},\"thumbnailUrl\":\"https:\\\/\\\/acuariosupremus.com\\\/wp-content\\\/uploads\\\/2024\\\/08\\\/FL4510.png\",\"datePublished\":\"2024-08-24T21:33:06+00:00\",\"dateModified\":\"2026-02-06T00:53:10+00:00\",\"description\":\"Premios Yummy Sticks Pollo\\\/Tocino 5PZ son una manera nutritiva para consentir a tu perro, ayuda a reducir estr\u00e9s y liberar energ\u00eda al ejercitar su mand\u00edbula\",\"breadcrumb\":{\"@id\":\"https:\\\/\\\/acuariosupremus.com\\\/?product=yummy-sticks-pollo-tocino-5-pz-100g#breadcrumb\"},\"inLanguage\":\"es\",\"potentialAction\":[{\"@type\":\"ReadAction\",\"target\":[\"https:\\\/\\\/acuariosupremus.com\\\/?product=yummy-sticks-pollo-tocino-5-pz-100g\"]}]},{\"@type\":\"ImageObject\",\"inLanguage\":\"es\",\"@id\":\"https:\\\/\\\/acuariosupremus.com\\\/?product=yummy-sticks-pollo-tocino-5-pz-100g#primaryimage\",\"url\":\"https:\\\/\\\/acuariosupremus.com\\\/wp-content\\\/uploads\\\/2024\\\/08\\\/FL4510.png\",\"contentUrl\":\"https:\\\/\\\/acuariosupremus.com\\\/wp-content\\\/uploads\\\/2024\\\/08\\\/FL4510.png\",\"width\":600,\"height\":600},{\"@type\":\"BreadcrumbList\",\"@id\":\"https:\\\/\\\/acuariosupremus.com\\\/?product=yummy-sticks-pollo-tocino-5-pz-100g#breadcrumb\",\"itemListElement\":[{\"@type\":\"ListItem\",\"position\":1,\"name\":\"Portada\",\"item\":\"https:\\\/\\\/acuariosupremus.com\\\/\"},{\"@type\":\"ListItem\",\"position\":2,\"name\":\"Tienda\",\"item\":\"https:\\\/\\\/acuariosupremus.com\\\/tienda\\\/\"},{\"@type\":\"ListItem\",\"position\":3,\"name\":\"YUMMY STICKS POLLO\\\/TOCINO 5 PZ &#8211; 100G\"}]},{\"@type\":\"WebSite\",\"@id\":\"https:\\\/\\\/acuariosupremus.com\\\/#website\",\"url\":\"https:\\\/\\\/acuariosupremus.com\\\/\",\"name\":\"Acuario Supremus\",\"description\":\"Peces, Peceras y Mascotas.\",\"publisher\":{\"@id\":\"https:\\\/\\\/acuariosupremus.com\\\/#organization\"},\"potentialAction\":[{\"@type\":\"SearchAction\",\"target\":{\"@type\":\"EntryPoint\",\"urlTemplate\":\"https:\\\/\\\/acuariosupremus.com\\\/?s={search_term_string}\"},\"query-input\":{\"@type\":\"PropertyValueSpecification\",\"valueRequired\":true,\"valueName\":\"search_term_string\"}}],\"inLanguage\":\"es\"},{\"@type\":\"Organization\",\"@id\":\"https:\\\/\\\/acuariosupremus.com\\\/#organization\",\"name\":\"Acuario Supremus\",\"url\":\"https:\\\/\\\/acuariosupremus.com\\\/\",\"logo\":{\"@type\":\"ImageObject\",\"inLanguage\":\"es\",\"@id\":\"https:\\\/\\\/acuariosupremus.com\\\/#\\\/schema\\\/logo\\\/image\\\/\",\"url\":\"https:\\\/\\\/acuariosupremus.com\\\/wp-content\\\/uploads\\\/2021\\\/12\\\/cropped-logo_acuario_supremus_fn-2.png\",\"contentUrl\":\"https:\\\/\\\/acuariosupremus.com\\\/wp-content\\\/uploads\\\/2021\\\/12\\\/cropped-logo_acuario_supremus_fn-2.png\",\"width\":1000,\"height\":318,\"caption\":\"Acuario Supremus\"},\"image\":{\"@id\":\"https:\\\/\\\/acuariosupremus.com\\\/#\\\/schema\\\/logo\\\/image\\\/\"},\"sameAs\":[\"https:\\\/\\\/www.facebook.com\\\/AcuarioSupremus\",\"https:\\\/\\\/x.com\\\/AcuarioSupremus\",\"https:\\\/\\\/www.instagram.com\\\/acuariosupremus\\\/?hl=es\"]}]}<\/script>\n<!-- \/ Yoast SEO plugin. -->","yoast_head_json":{"title":"YUMMY STICKS POLLO\/TOCINO 5 PZ - 100G | Acuario Supremus","description":"Premios Yummy Sticks Pollo\/Tocino 5PZ son una manera nutritiva para consentir a tu perro, ayuda a reducir estr\u00e9s y liberar energ\u00eda al ejercitar su mand\u00edbula","robots":{"index":"index","follow":"follow","max-snippet":"max-snippet:-1","max-image-preview":"max-image-preview:large","max-video-preview":"max-video-preview:-1"},"canonical":"https:\/\/acuariosupremus.com\/?product=yummy-sticks-pollo-tocino-5-pz-100g","og_locale":"es_MX","og_type":"article","og_title":"YUMMY STICKS POLLO\/TOCINO 5 PZ - 100G | Acuario Supremus","og_description":"Premios Yummy Sticks Pollo\/Tocino 5PZ son una manera nutritiva para consentir a tu perro, ayuda a reducir estr\u00e9s y liberar energ\u00eda al ejercitar su mand\u00edbula","og_url":"https:\/\/acuariosupremus.com\/?product=yummy-sticks-pollo-tocino-5-pz-100g","og_site_name":"Acuario Supremus","article_publisher":"https:\/\/www.facebook.com\/AcuarioSupremus","article_modified_time":"2026-02-06T00:53:10+00:00","og_image":[{"width":600,"height":600,"url":"https:\/\/acuariosupremus.com\/wp-content\/uploads\/2024\/08\/FL4510.png","type":"image\/png"}],"twitter_card":"summary_large_image","twitter_site":"@AcuarioSupremus","twitter_misc":{"Tiempo de lectura":"1 minuto"},"schema":{"@context":"https:\/\/schema.org","@graph":[{"@type":"WebPage","@id":"https:\/\/acuariosupremus.com\/?product=yummy-sticks-pollo-tocino-5-pz-100g","url":"https:\/\/acuariosupremus.com\/?product=yummy-sticks-pollo-tocino-5-pz-100g","name":"YUMMY STICKS POLLO\/TOCINO 5 PZ - 100G | Acuario Supremus","isPartOf":{"@id":"https:\/\/acuariosupremus.com\/#website"},"primaryImageOfPage":{"@id":"https:\/\/acuariosupremus.com\/?product=yummy-sticks-pollo-tocino-5-pz-100g#primaryimage"},"image":{"@id":"https:\/\/acuariosupremus.com\/?product=yummy-sticks-pollo-tocino-5-pz-100g#primaryimage"},"thumbnailUrl":"https:\/\/acuariosupremus.com\/wp-content\/uploads\/2024\/08\/FL4510.png","datePublished":"2024-08-24T21:33:06+00:00","dateModified":"2026-02-06T00:53:10+00:00","description":"Premios Yummy Sticks Pollo\/Tocino 5PZ son una manera nutritiva para consentir a tu perro, ayuda a reducir estr\u00e9s y liberar energ\u00eda al ejercitar su mand\u00edbula","breadcrumb":{"@id":"https:\/\/acuariosupremus.com\/?product=yummy-sticks-pollo-tocino-5-pz-100g#breadcrumb"},"inLanguage":"es","potentialAction":[{"@type":"ReadAction","target":["https:\/\/acuariosupremus.com\/?product=yummy-sticks-pollo-tocino-5-pz-100g"]}]},{"@type":"ImageObject","inLanguage":"es","@id":"https:\/\/acuariosupremus.com\/?product=yummy-sticks-pollo-tocino-5-pz-100g#primaryimage","url":"https:\/\/acuariosupremus.com\/wp-content\/uploads\/2024\/08\/FL4510.png","contentUrl":"https:\/\/acuariosupremus.com\/wp-content\/uploads\/2024\/08\/FL4510.png","width":600,"height":600},{"@type":"BreadcrumbList","@id":"https:\/\/acuariosupremus.com\/?product=yummy-sticks-pollo-tocino-5-pz-100g#breadcrumb","itemListElement":[{"@type":"ListItem","position":1,"name":"Portada","item":"https:\/\/acuariosupremus.com\/"},{"@type":"ListItem","position":2,"name":"Tienda","item":"https:\/\/acuariosupremus.com\/tienda\/"},{"@type":"ListItem","position":3,"name":"YUMMY STICKS POLLO\/TOCINO 5 PZ &#8211; 100G"}]},{"@type":"WebSite","@id":"https:\/\/acuariosupremus.com\/#website","url":"https:\/\/acuariosupremus.com\/","name":"Acuario Supremus","description":"Peces, Peceras y Mascotas.","publisher":{"@id":"https:\/\/acuariosupremus.com\/#organization"},"potentialAction":[{"@type":"SearchAction","target":{"@type":"EntryPoint","urlTemplate":"https:\/\/acuariosupremus.com\/?s={search_term_string}"},"query-input":{"@type":"PropertyValueSpecification","valueRequired":true,"valueName":"search_term_string"}}],"inLanguage":"es"},{"@type":"Organization","@id":"https:\/\/acuariosupremus.com\/#organization","name":"Acuario Supremus","url":"https:\/\/acuariosupremus.com\/","logo":{"@type":"ImageObject","inLanguage":"es","@id":"https:\/\/acuariosupremus.com\/#\/schema\/logo\/image\/","url":"https:\/\/acuariosupremus.com\/wp-content\/uploads\/2021\/12\/cropped-logo_acuario_supremus_fn-2.png","contentUrl":"https:\/\/acuariosupremus.com\/wp-content\/uploads\/2021\/12\/cropped-logo_acuario_supremus_fn-2.png","width":1000,"height":318,"caption":"Acuario Supremus"},"image":{"@id":"https:\/\/acuariosupremus.com\/#\/schema\/logo\/image\/"},"sameAs":["https:\/\/www.facebook.com\/AcuarioSupremus","https:\/\/x.com\/AcuarioSupremus","https:\/\/www.instagram.com\/acuariosupremus\/?hl=es"]}]}},"jetpack_sharing_enabled":true,"_links":{"self":[{"href":"https:\/\/acuariosupremus.com\/index.php?rest_route=\/wp\/v2\/product\/12922","targetHints":{"allow":["GET"]}}],"collection":[{"href":"https:\/\/acuariosupremus.com\/index.php?rest_route=\/wp\/v2\/product"}],"about":[{"href":"https:\/\/acuariosupremus.com\/index.php?rest_route=\/wp\/v2\/types\/product"}],"wp:featuredmedia":[{"embeddable":true,"href":"https:\/\/acuariosupremus.com\/index.php?rest_route=\/wp\/v2\/media\/12923"}],"wp:attachment":[{"href":"https:\/\/acuariosupremus.com\/index.php?rest_route=%2Fwp%2Fv2%2Fmedia&parent=12922"}],"wp:term":[{"taxonomy":"product_brand","embeddable":true,"href":"https:\/\/acuariosupremus.com\/index.php?rest_route=%2Fwp%2Fv2%2Fproduct_brand&post=12922"},{"taxonomy":"product_cat","embeddable":true,"href":"https:\/\/acuariosupremus.com\/index.php?rest_route=%2Fwp%2Fv2%2Fproduct_cat&post=12922"},{"taxonomy":"product_tag","embeddable":true,"href":"https:\/\/acuariosupremus.com\/index.php?rest_route=%2Fwp%2Fv2%2Fproduct_tag&post=12922"}],"curies":[{"name":"wp","href":"https:\/\/api.w.org\/{rel}","templated":true}]}}