{"id":1296,"date":"2022-01-29T16:14:12","date_gmt":"2022-01-29T22:14:12","guid":{"rendered":"https:\/\/acuariosupremus.com\/?post_type=product&#038;p=1296"},"modified":"2025-12-11T20:10:28","modified_gmt":"2025-12-12T02:10:28","slug":"tetracichlid-crisps-250-gr-8-82-oz","status":"publish","type":"product","link":"https:\/\/acuariosupremus.com\/?product=tetracichlid-crisps-250-gr-8-82-oz","title":{"rendered":"TETRACICHLID CRISPS 250 GR"},"content":{"rendered":"<p>Ingredientes:<br \/>\nHarina de pescado, aceite de pescado, levadura seca, almid\u00f3n de ma\u00edz, harina de camar\u00f3n, gluten de trigo, arroz marr\u00f3n,<br \/>\nprote\u00edna de papa, harina de soya descascarillada, aceite de soya, harina de alga, lecitina, extracto de levadura, L- carnitina,<br \/>\n\u00e1cido asc\u00f3rbico (fuente de vit. C), inositol, niacina, L-ascorbil-2-polifosfato (estabilizador de vitamina C), D-pantotenato de<br \/>\ncalcio, A- acetato de tocoferoles (fuente de vitamina E), riboflavina-5-fosfato (fuente de vitamina B2), mononitrato de tiamina (fuente de vitamina B1), hidrocloruro de piridoxina (fuente de vitamina B6), palmitato de vitamina A (fuente de vitamina A), \u00e1cido f\u00f3lico, complejo bisulfito s\u00f3dico de menadiona,(fuente de vitamina k), biotina, colecalciferol (fuente de vitamina D3), sulfato de manganeso monohidratado , sulfato de zinc monohidratado, sulfato ferroso monohidratado, acetato de cobalto. Colorantes: Amarillo 5 Lago, azul 2, Cantaxantina. Etoxiquina y \u00c1cido C\u00edtrico ambos como conservadores.<\/p>\n<p>An\u00e1lisis garantizado:<br \/>\nProte\u00edna cruda m\u00edn. 46.0%<br \/>\nGrasa cruda m\u00edn. 16.0%<br \/>\nFibra cruda max. 3.0%<br \/>\nHumedad max. 9.0%<br \/>\nFosforo m\u00edn. 1.0%<br \/>\nVit.C. m\u00edn. 192 mg \/kg<br \/>\nCarnitina m\u00edn. 121 mg\/kg.<\/p>\n<p>Medidas:<br \/>\nAlto 17.7 cm x 9 cm di\u00e1metro<\/p>\n<p>Peso\/Capacidad:<br \/>\n<strong>250 gr. 8.82 oz.<\/strong><\/p>\n","protected":false},"excerpt":{"rendered":"<p>Colores brillantes, resultados brillantes -Hasta un 35% menos de residuos que otros alimentos, mejor aprovechamiento del alimento manteniendo el agua m\u00e1s clara y peces sanos. -Ingredientes premium, altamente digestibles.<br \/>\n&#8211; Tama\u00f1o uniforme. -Nutrici\u00f3n concentrada, ideal para c\u00edclidos.<br \/>\n-Extracto de alga.<\/p>\n","protected":false},"featured_media":1297,"template":"","meta":[],"product_brand":[116],"product_cat":[40,43],"product_tag":[156,148,150,149,163,155,166],"class_list":{"0":"post-1296","1":"product","2":"type-product","3":"status-publish","4":"has-post-thumbnail","6":"product_brand-tetra","7":"product_cat-peces","8":"product_cat-alimentos","9":"product_tag-ciclidos","10":"product_tag-alimento-peces-tropicales","11":"product_tag-alimento-premium","12":"product_tag-alimento-tetra","13":"product_tag-crisps","14":"product_tag-peces-grandes","15":"product_tag-peces-medianos","17":"first","18":"instock","19":"sale","20":"shipping-taxable","21":"purchasable","22":"product-type-simple"},"yoast_head":"<!-- This site is optimized with the Yoast SEO plugin v27.4 - https:\/\/yoast.com\/product\/yoast-seo-wordpress\/ -->\n<title>TETRACICHLID CRISPS 250 GR | Acuario Supremus<\/title>\n<meta name=\"description\" content=\"Ingredientes premium, altamente digestibles, Tama\u00f1o uniforme. Nutrici\u00f3n concentrada, ideal para c\u00edclidos. Extracto de alga.\" \/>\n<meta name=\"robots\" content=\"index, follow, max-snippet:-1, max-image-preview:large, max-video-preview:-1\" \/>\n<link rel=\"canonical\" href=\"https:\/\/acuariosupremus.com\/?product=tetracichlid-crisps-250-gr-8-82-oz\" \/>\n<meta property=\"og:locale\" content=\"es_MX\" \/>\n<meta property=\"og:type\" content=\"article\" \/>\n<meta property=\"og:title\" content=\"TETRACICHLID CRISPS 250 GR | Acuario Supremus\" \/>\n<meta property=\"og:description\" content=\"Ingredientes premium, altamente digestibles, Tama\u00f1o uniforme. Nutrici\u00f3n concentrada, ideal para c\u00edclidos. Extracto de alga.\" \/>\n<meta property=\"og:url\" content=\"https:\/\/acuariosupremus.com\/?product=tetracichlid-crisps-250-gr-8-82-oz\" \/>\n<meta property=\"og:site_name\" content=\"Acuario Supremus\" \/>\n<meta property=\"article:publisher\" content=\"https:\/\/www.facebook.com\/AcuarioSupremus\" \/>\n<meta property=\"article:modified_time\" content=\"2025-12-12T02:10:28+00:00\" \/>\n<meta property=\"og:image\" content=\"https:\/\/acuariosupremus.com\/wp-content\/uploads\/2022\/01\/TE77195.jpg\" \/>\n\t<meta property=\"og:image:width\" content=\"1000\" \/>\n\t<meta property=\"og:image:height\" content=\"1000\" \/>\n\t<meta property=\"og:image:type\" content=\"image\/jpeg\" \/>\n<meta name=\"twitter:card\" content=\"summary_large_image\" \/>\n<meta name=\"twitter:site\" content=\"@AcuarioSupremus\" \/>\n<meta name=\"twitter:label1\" content=\"Tiempo de lectura\" \/>\n\t<meta name=\"twitter:data1\" content=\"1 minuto\" \/>\n<script type=\"application\/ld+json\" class=\"yoast-schema-graph\">{\"@context\":\"https:\\\/\\\/schema.org\",\"@graph\":[{\"@type\":\"WebPage\",\"@id\":\"https:\\\/\\\/acuariosupremus.com\\\/?product=tetracichlid-crisps-250-gr-8-82-oz\",\"url\":\"https:\\\/\\\/acuariosupremus.com\\\/?product=tetracichlid-crisps-250-gr-8-82-oz\",\"name\":\"TETRACICHLID CRISPS 250 GR | Acuario Supremus\",\"isPartOf\":{\"@id\":\"https:\\\/\\\/acuariosupremus.com\\\/#website\"},\"primaryImageOfPage\":{\"@id\":\"https:\\\/\\\/acuariosupremus.com\\\/?product=tetracichlid-crisps-250-gr-8-82-oz#primaryimage\"},\"image\":{\"@id\":\"https:\\\/\\\/acuariosupremus.com\\\/?product=tetracichlid-crisps-250-gr-8-82-oz#primaryimage\"},\"thumbnailUrl\":\"https:\\\/\\\/acuariosupremus.com\\\/wp-content\\\/uploads\\\/2022\\\/01\\\/TE77195.jpg\",\"datePublished\":\"2022-01-29T22:14:12+00:00\",\"dateModified\":\"2025-12-12T02:10:28+00:00\",\"description\":\"Ingredientes premium, altamente digestibles, Tama\u00f1o uniforme. Nutrici\u00f3n concentrada, ideal para c\u00edclidos. Extracto de alga.\",\"breadcrumb\":{\"@id\":\"https:\\\/\\\/acuariosupremus.com\\\/?product=tetracichlid-crisps-250-gr-8-82-oz#breadcrumb\"},\"inLanguage\":\"es\",\"potentialAction\":[{\"@type\":\"ReadAction\",\"target\":[\"https:\\\/\\\/acuariosupremus.com\\\/?product=tetracichlid-crisps-250-gr-8-82-oz\"]}]},{\"@type\":\"ImageObject\",\"inLanguage\":\"es\",\"@id\":\"https:\\\/\\\/acuariosupremus.com\\\/?product=tetracichlid-crisps-250-gr-8-82-oz#primaryimage\",\"url\":\"https:\\\/\\\/acuariosupremus.com\\\/wp-content\\\/uploads\\\/2022\\\/01\\\/TE77195.jpg\",\"contentUrl\":\"https:\\\/\\\/acuariosupremus.com\\\/wp-content\\\/uploads\\\/2022\\\/01\\\/TE77195.jpg\",\"width\":1000,\"height\":1000},{\"@type\":\"BreadcrumbList\",\"@id\":\"https:\\\/\\\/acuariosupremus.com\\\/?product=tetracichlid-crisps-250-gr-8-82-oz#breadcrumb\",\"itemListElement\":[{\"@type\":\"ListItem\",\"position\":1,\"name\":\"Portada\",\"item\":\"https:\\\/\\\/acuariosupremus.com\\\/\"},{\"@type\":\"ListItem\",\"position\":2,\"name\":\"Tienda\",\"item\":\"https:\\\/\\\/acuariosupremus.com\\\/tienda\\\/\"},{\"@type\":\"ListItem\",\"position\":3,\"name\":\"TETRACICHLID CRISPS 250 GR\"}]},{\"@type\":\"WebSite\",\"@id\":\"https:\\\/\\\/acuariosupremus.com\\\/#website\",\"url\":\"https:\\\/\\\/acuariosupremus.com\\\/\",\"name\":\"Acuario Supremus\",\"description\":\"Peces, Peceras y Mascotas.\",\"publisher\":{\"@id\":\"https:\\\/\\\/acuariosupremus.com\\\/#organization\"},\"potentialAction\":[{\"@type\":\"SearchAction\",\"target\":{\"@type\":\"EntryPoint\",\"urlTemplate\":\"https:\\\/\\\/acuariosupremus.com\\\/?s={search_term_string}\"},\"query-input\":{\"@type\":\"PropertyValueSpecification\",\"valueRequired\":true,\"valueName\":\"search_term_string\"}}],\"inLanguage\":\"es\"},{\"@type\":\"Organization\",\"@id\":\"https:\\\/\\\/acuariosupremus.com\\\/#organization\",\"name\":\"Acuario Supremus\",\"url\":\"https:\\\/\\\/acuariosupremus.com\\\/\",\"logo\":{\"@type\":\"ImageObject\",\"inLanguage\":\"es\",\"@id\":\"https:\\\/\\\/acuariosupremus.com\\\/#\\\/schema\\\/logo\\\/image\\\/\",\"url\":\"https:\\\/\\\/acuariosupremus.com\\\/wp-content\\\/uploads\\\/2021\\\/12\\\/cropped-logo_acuario_supremus_fn-2.png\",\"contentUrl\":\"https:\\\/\\\/acuariosupremus.com\\\/wp-content\\\/uploads\\\/2021\\\/12\\\/cropped-logo_acuario_supremus_fn-2.png\",\"width\":1000,\"height\":318,\"caption\":\"Acuario Supremus\"},\"image\":{\"@id\":\"https:\\\/\\\/acuariosupremus.com\\\/#\\\/schema\\\/logo\\\/image\\\/\"},\"sameAs\":[\"https:\\\/\\\/www.facebook.com\\\/AcuarioSupremus\",\"https:\\\/\\\/x.com\\\/AcuarioSupremus\",\"https:\\\/\\\/www.instagram.com\\\/acuariosupremus\\\/?hl=es\"]}]}<\/script>\n<!-- \/ Yoast SEO plugin. -->","yoast_head_json":{"title":"TETRACICHLID CRISPS 250 GR | Acuario Supremus","description":"Ingredientes premium, altamente digestibles, Tama\u00f1o uniforme. Nutrici\u00f3n concentrada, ideal para c\u00edclidos. Extracto de alga.","robots":{"index":"index","follow":"follow","max-snippet":"max-snippet:-1","max-image-preview":"max-image-preview:large","max-video-preview":"max-video-preview:-1"},"canonical":"https:\/\/acuariosupremus.com\/?product=tetracichlid-crisps-250-gr-8-82-oz","og_locale":"es_MX","og_type":"article","og_title":"TETRACICHLID CRISPS 250 GR | Acuario Supremus","og_description":"Ingredientes premium, altamente digestibles, Tama\u00f1o uniforme. Nutrici\u00f3n concentrada, ideal para c\u00edclidos. Extracto de alga.","og_url":"https:\/\/acuariosupremus.com\/?product=tetracichlid-crisps-250-gr-8-82-oz","og_site_name":"Acuario Supremus","article_publisher":"https:\/\/www.facebook.com\/AcuarioSupremus","article_modified_time":"2025-12-12T02:10:28+00:00","og_image":[{"width":1000,"height":1000,"url":"https:\/\/acuariosupremus.com\/wp-content\/uploads\/2022\/01\/TE77195.jpg","type":"image\/jpeg"}],"twitter_card":"summary_large_image","twitter_site":"@AcuarioSupremus","twitter_misc":{"Tiempo de lectura":"1 minuto"},"schema":{"@context":"https:\/\/schema.org","@graph":[{"@type":"WebPage","@id":"https:\/\/acuariosupremus.com\/?product=tetracichlid-crisps-250-gr-8-82-oz","url":"https:\/\/acuariosupremus.com\/?product=tetracichlid-crisps-250-gr-8-82-oz","name":"TETRACICHLID CRISPS 250 GR | Acuario Supremus","isPartOf":{"@id":"https:\/\/acuariosupremus.com\/#website"},"primaryImageOfPage":{"@id":"https:\/\/acuariosupremus.com\/?product=tetracichlid-crisps-250-gr-8-82-oz#primaryimage"},"image":{"@id":"https:\/\/acuariosupremus.com\/?product=tetracichlid-crisps-250-gr-8-82-oz#primaryimage"},"thumbnailUrl":"https:\/\/acuariosupremus.com\/wp-content\/uploads\/2022\/01\/TE77195.jpg","datePublished":"2022-01-29T22:14:12+00:00","dateModified":"2025-12-12T02:10:28+00:00","description":"Ingredientes premium, altamente digestibles, Tama\u00f1o uniforme. Nutrici\u00f3n concentrada, ideal para c\u00edclidos. Extracto de alga.","breadcrumb":{"@id":"https:\/\/acuariosupremus.com\/?product=tetracichlid-crisps-250-gr-8-82-oz#breadcrumb"},"inLanguage":"es","potentialAction":[{"@type":"ReadAction","target":["https:\/\/acuariosupremus.com\/?product=tetracichlid-crisps-250-gr-8-82-oz"]}]},{"@type":"ImageObject","inLanguage":"es","@id":"https:\/\/acuariosupremus.com\/?product=tetracichlid-crisps-250-gr-8-82-oz#primaryimage","url":"https:\/\/acuariosupremus.com\/wp-content\/uploads\/2022\/01\/TE77195.jpg","contentUrl":"https:\/\/acuariosupremus.com\/wp-content\/uploads\/2022\/01\/TE77195.jpg","width":1000,"height":1000},{"@type":"BreadcrumbList","@id":"https:\/\/acuariosupremus.com\/?product=tetracichlid-crisps-250-gr-8-82-oz#breadcrumb","itemListElement":[{"@type":"ListItem","position":1,"name":"Portada","item":"https:\/\/acuariosupremus.com\/"},{"@type":"ListItem","position":2,"name":"Tienda","item":"https:\/\/acuariosupremus.com\/tienda\/"},{"@type":"ListItem","position":3,"name":"TETRACICHLID CRISPS 250 GR"}]},{"@type":"WebSite","@id":"https:\/\/acuariosupremus.com\/#website","url":"https:\/\/acuariosupremus.com\/","name":"Acuario Supremus","description":"Peces, Peceras y Mascotas.","publisher":{"@id":"https:\/\/acuariosupremus.com\/#organization"},"potentialAction":[{"@type":"SearchAction","target":{"@type":"EntryPoint","urlTemplate":"https:\/\/acuariosupremus.com\/?s={search_term_string}"},"query-input":{"@type":"PropertyValueSpecification","valueRequired":true,"valueName":"search_term_string"}}],"inLanguage":"es"},{"@type":"Organization","@id":"https:\/\/acuariosupremus.com\/#organization","name":"Acuario Supremus","url":"https:\/\/acuariosupremus.com\/","logo":{"@type":"ImageObject","inLanguage":"es","@id":"https:\/\/acuariosupremus.com\/#\/schema\/logo\/image\/","url":"https:\/\/acuariosupremus.com\/wp-content\/uploads\/2021\/12\/cropped-logo_acuario_supremus_fn-2.png","contentUrl":"https:\/\/acuariosupremus.com\/wp-content\/uploads\/2021\/12\/cropped-logo_acuario_supremus_fn-2.png","width":1000,"height":318,"caption":"Acuario Supremus"},"image":{"@id":"https:\/\/acuariosupremus.com\/#\/schema\/logo\/image\/"},"sameAs":["https:\/\/www.facebook.com\/AcuarioSupremus","https:\/\/x.com\/AcuarioSupremus","https:\/\/www.instagram.com\/acuariosupremus\/?hl=es"]}]}},"jetpack_sharing_enabled":true,"_links":{"self":[{"href":"https:\/\/acuariosupremus.com\/index.php?rest_route=\/wp\/v2\/product\/1296","targetHints":{"allow":["GET"]}}],"collection":[{"href":"https:\/\/acuariosupremus.com\/index.php?rest_route=\/wp\/v2\/product"}],"about":[{"href":"https:\/\/acuariosupremus.com\/index.php?rest_route=\/wp\/v2\/types\/product"}],"wp:featuredmedia":[{"embeddable":true,"href":"https:\/\/acuariosupremus.com\/index.php?rest_route=\/wp\/v2\/media\/1297"}],"wp:attachment":[{"href":"https:\/\/acuariosupremus.com\/index.php?rest_route=%2Fwp%2Fv2%2Fmedia&parent=1296"}],"wp:term":[{"taxonomy":"product_brand","embeddable":true,"href":"https:\/\/acuariosupremus.com\/index.php?rest_route=%2Fwp%2Fv2%2Fproduct_brand&post=1296"},{"taxonomy":"product_cat","embeddable":true,"href":"https:\/\/acuariosupremus.com\/index.php?rest_route=%2Fwp%2Fv2%2Fproduct_cat&post=1296"},{"taxonomy":"product_tag","embeddable":true,"href":"https:\/\/acuariosupremus.com\/index.php?rest_route=%2Fwp%2Fv2%2Fproduct_tag&post=1296"}],"curies":[{"name":"wp","href":"https:\/\/api.w.org\/{rel}","templated":true}]}}