{"id":1307,"date":"2022-01-29T16:29:35","date_gmt":"2022-01-29T22:29:35","guid":{"rendered":"https:\/\/acuariosupremus.com\/?post_type=product&#038;p=1307"},"modified":"2025-04-15T14:48:27","modified_gmt":"2025-04-15T20:48:27","slug":"alimento-basico-envasado-30-gr","status":"publish","type":"product","link":"https:\/\/acuariosupremus.com\/?product=alimento-basico-envasado-30-gr","title":{"rendered":"ALIMENTO B\u00c1SICO ENVASADO 30 GR."},"content":{"rendered":"<p>An\u00e1lisis garantizado:<br \/>\nProte\u00edna cruda M\u00edn. 44.0 %<br \/>\nGrasa cruda M\u00edn. 10.0 %<br \/>\nFibra cruda M\u00e1x. 2.0 %<br \/>\nHumedad M\u00e1x. 6.0 %<br \/>\nCeniza M\u00e1xima M\u00e1x. 12.0%<br \/>\nExtracto libre de Nitr\u00f3geno 26.0 %<br \/>\n\u00c1cido asc\u00f3rbico (vitamina C) M\u00edn. 200 mg\/kg<\/p>\n<p>Ingredientes:<br \/>\nHarina de pescado, harina de trigo, harina de soya sin c\u00e1scara, concentrado de prote\u00edna de pescado, harina de gluten de ma\u00edz, harina de germen de trigo, aceite de pescado, harina de camar\u00f3n, espinaca deshidratada molida, colorante<br \/>\nagregado (\u00f3xido de hierro), espirulina deshidratada molida, L-ascorbil-2-polifosfato, lecitina, astaxantina, inositol, suplemento de vitamina E, suplemento de niacina, sulfato ferroso, sulfato de manganeso, sulfato de zinc,<br \/>\netoxiquina (conservante), pantotenato de calcio, suplemento de riboflavina, hidrocloruro de piridoxina, mononitrato de tiamina, complejo de bisulfito s\u00f3dico de manadiona, biotina, sulfato de cobre, s\u00edlice hidrof\u00f3bica, suplemento de<br \/>\nvitamina A, \u00e1cido f\u00f3lico, yodato de potasio, selenato de sodio, suplemento de vitamina D3, suplemento de vitamina B12, proteinato de cobalto.<\/p>\n<p>Contenido:<br \/>\n<strong>30 grs.<\/strong><\/p>\n","protected":false},"excerpt":{"rendered":"<p>Dedicado a la excelencia en nutrici\u00f3n para los peces tropicales.<br \/>\nRealza los colores de los peces.<br \/>\nDigestibilidad mejorada.<br \/>\nF\u00f3rmula avanzada<\/p>\n","protected":false},"featured_media":1309,"template":"","meta":[],"product_brand":[105],"product_cat":[40,43],"product_tag":[167,142,148],"class_list":{"0":"post-1307","1":"product","2":"type-product","3":"status-publish","4":"has-post-thumbnail","6":"product_brand-lomas","7":"product_cat-peces","8":"product_cat-alimentos","9":"product_tag-alimento-basico","10":"product_tag-alimento-lomas","11":"product_tag-alimento-peces-tropicales","13":"first","14":"instock","15":"sale","16":"shipping-taxable","17":"purchasable","18":"product-type-simple"},"yoast_head":"<!-- This site is optimized with the Yoast SEO plugin v27.4 - https:\/\/yoast.com\/product\/yoast-seo-wordpress\/ -->\n<title>ALIMENTO B\u00c1SICO ENVASADO 30 GR. | Acuario Supremus<\/title>\n<meta name=\"description\" content=\"Dedicado a la excelencia en nutrici\u00f3n para los peces tropicales.Realza los colores de los peces.Digestibilidad mejorada.F\u00f3rmula avanzada\" \/>\n<meta name=\"robots\" content=\"index, follow, max-snippet:-1, max-image-preview:large, max-video-preview:-1\" \/>\n<link rel=\"canonical\" href=\"https:\/\/acuariosupremus.com\/producto\/alimento-basico-envasado-30-gr\/\" \/>\n<meta property=\"og:locale\" content=\"es_MX\" \/>\n<meta property=\"og:type\" content=\"article\" \/>\n<meta property=\"og:title\" content=\"ALIMENTO B\u00c1SICO ENVASADO 30 GR. | Acuario Supremus\" \/>\n<meta property=\"og:description\" content=\"Dedicado a la excelencia en nutrici\u00f3n para los peces tropicales.Realza los colores de los peces.Digestibilidad mejorada.F\u00f3rmula avanzada\" \/>\n<meta property=\"og:url\" content=\"https:\/\/acuariosupremus.com\/producto\/alimento-basico-envasado-30-gr\/\" \/>\n<meta property=\"og:site_name\" content=\"Acuario Supremus\" \/>\n<meta property=\"article:publisher\" content=\"https:\/\/www.facebook.com\/AcuarioSupremus\" \/>\n<meta property=\"article:modified_time\" content=\"2025-04-15T20:48:27+00:00\" \/>\n<meta property=\"og:image\" content=\"https:\/\/acuariosupremus.com\/wp-content\/uploads\/2022\/01\/WA003.jpg\" \/>\n\t<meta property=\"og:image:width\" content=\"1000\" \/>\n\t<meta property=\"og:image:height\" content=\"1000\" \/>\n\t<meta property=\"og:image:type\" content=\"image\/jpeg\" \/>\n<meta name=\"twitter:card\" content=\"summary_large_image\" \/>\n<meta name=\"twitter:site\" content=\"@AcuarioSupremus\" \/>\n<meta name=\"twitter:label1\" content=\"Tiempo de lectura\" \/>\n\t<meta name=\"twitter:data1\" content=\"1 minuto\" \/>\n<script type=\"application\/ld+json\" class=\"yoast-schema-graph\">{\"@context\":\"https:\\\/\\\/schema.org\",\"@graph\":[{\"@type\":\"WebPage\",\"@id\":\"https:\\\/\\\/acuariosupremus.com\\\/producto\\\/alimento-basico-envasado-30-gr\\\/\",\"url\":\"https:\\\/\\\/acuariosupremus.com\\\/producto\\\/alimento-basico-envasado-30-gr\\\/\",\"name\":\"ALIMENTO B\u00c1SICO ENVASADO 30 GR. | Acuario Supremus\",\"isPartOf\":{\"@id\":\"https:\\\/\\\/acuariosupremus.com\\\/#website\"},\"primaryImageOfPage\":{\"@id\":\"https:\\\/\\\/acuariosupremus.com\\\/producto\\\/alimento-basico-envasado-30-gr\\\/#primaryimage\"},\"image\":{\"@id\":\"https:\\\/\\\/acuariosupremus.com\\\/producto\\\/alimento-basico-envasado-30-gr\\\/#primaryimage\"},\"thumbnailUrl\":\"https:\\\/\\\/acuariosupremus.com\\\/wp-content\\\/uploads\\\/2022\\\/01\\\/WA003.jpg\",\"datePublished\":\"2022-01-29T22:29:35+00:00\",\"dateModified\":\"2025-04-15T20:48:27+00:00\",\"description\":\"Dedicado a la excelencia en nutrici\u00f3n para los peces tropicales.Realza los colores de los peces.Digestibilidad mejorada.F\u00f3rmula avanzada\",\"breadcrumb\":{\"@id\":\"https:\\\/\\\/acuariosupremus.com\\\/producto\\\/alimento-basico-envasado-30-gr\\\/#breadcrumb\"},\"inLanguage\":\"es\",\"potentialAction\":[{\"@type\":\"ReadAction\",\"target\":[\"https:\\\/\\\/acuariosupremus.com\\\/producto\\\/alimento-basico-envasado-30-gr\\\/\"]}]},{\"@type\":\"ImageObject\",\"inLanguage\":\"es\",\"@id\":\"https:\\\/\\\/acuariosupremus.com\\\/producto\\\/alimento-basico-envasado-30-gr\\\/#primaryimage\",\"url\":\"https:\\\/\\\/acuariosupremus.com\\\/wp-content\\\/uploads\\\/2022\\\/01\\\/WA003.jpg\",\"contentUrl\":\"https:\\\/\\\/acuariosupremus.com\\\/wp-content\\\/uploads\\\/2022\\\/01\\\/WA003.jpg\",\"width\":1000,\"height\":1000},{\"@type\":\"BreadcrumbList\",\"@id\":\"https:\\\/\\\/acuariosupremus.com\\\/producto\\\/alimento-basico-envasado-30-gr\\\/#breadcrumb\",\"itemListElement\":[{\"@type\":\"ListItem\",\"position\":1,\"name\":\"Portada\",\"item\":\"https:\\\/\\\/acuariosupremus.com\\\/\"},{\"@type\":\"ListItem\",\"position\":2,\"name\":\"Tienda\",\"item\":\"https:\\\/\\\/acuariosupremus.com\\\/tienda\\\/\"},{\"@type\":\"ListItem\",\"position\":3,\"name\":\"ALIMENTO B\u00c1SICO ENVASADO 30 GR.\"}]},{\"@type\":\"WebSite\",\"@id\":\"https:\\\/\\\/acuariosupremus.com\\\/#website\",\"url\":\"https:\\\/\\\/acuariosupremus.com\\\/\",\"name\":\"Acuario Supremus\",\"description\":\"Peces, Peceras y Mascotas.\",\"publisher\":{\"@id\":\"https:\\\/\\\/acuariosupremus.com\\\/#organization\"},\"potentialAction\":[{\"@type\":\"SearchAction\",\"target\":{\"@type\":\"EntryPoint\",\"urlTemplate\":\"https:\\\/\\\/acuariosupremus.com\\\/?s={search_term_string}\"},\"query-input\":{\"@type\":\"PropertyValueSpecification\",\"valueRequired\":true,\"valueName\":\"search_term_string\"}}],\"inLanguage\":\"es\"},{\"@type\":\"Organization\",\"@id\":\"https:\\\/\\\/acuariosupremus.com\\\/#organization\",\"name\":\"Acuario Supremus\",\"url\":\"https:\\\/\\\/acuariosupremus.com\\\/\",\"logo\":{\"@type\":\"ImageObject\",\"inLanguage\":\"es\",\"@id\":\"https:\\\/\\\/acuariosupremus.com\\\/#\\\/schema\\\/logo\\\/image\\\/\",\"url\":\"https:\\\/\\\/acuariosupremus.com\\\/wp-content\\\/uploads\\\/2021\\\/12\\\/cropped-logo_acuario_supremus_fn-2.png\",\"contentUrl\":\"https:\\\/\\\/acuariosupremus.com\\\/wp-content\\\/uploads\\\/2021\\\/12\\\/cropped-logo_acuario_supremus_fn-2.png\",\"width\":1000,\"height\":318,\"caption\":\"Acuario Supremus\"},\"image\":{\"@id\":\"https:\\\/\\\/acuariosupremus.com\\\/#\\\/schema\\\/logo\\\/image\\\/\"},\"sameAs\":[\"https:\\\/\\\/www.facebook.com\\\/AcuarioSupremus\",\"https:\\\/\\\/x.com\\\/AcuarioSupremus\",\"https:\\\/\\\/www.instagram.com\\\/acuariosupremus\\\/?hl=es\"]}]}<\/script>\n<!-- \/ Yoast SEO plugin. -->","yoast_head_json":{"title":"ALIMENTO B\u00c1SICO ENVASADO 30 GR. | Acuario Supremus","description":"Dedicado a la excelencia en nutrici\u00f3n para los peces tropicales.Realza los colores de los peces.Digestibilidad mejorada.F\u00f3rmula avanzada","robots":{"index":"index","follow":"follow","max-snippet":"max-snippet:-1","max-image-preview":"max-image-preview:large","max-video-preview":"max-video-preview:-1"},"canonical":"https:\/\/acuariosupremus.com\/producto\/alimento-basico-envasado-30-gr\/","og_locale":"es_MX","og_type":"article","og_title":"ALIMENTO B\u00c1SICO ENVASADO 30 GR. | Acuario Supremus","og_description":"Dedicado a la excelencia en nutrici\u00f3n para los peces tropicales.Realza los colores de los peces.Digestibilidad mejorada.F\u00f3rmula avanzada","og_url":"https:\/\/acuariosupremus.com\/producto\/alimento-basico-envasado-30-gr\/","og_site_name":"Acuario Supremus","article_publisher":"https:\/\/www.facebook.com\/AcuarioSupremus","article_modified_time":"2025-04-15T20:48:27+00:00","og_image":[{"width":1000,"height":1000,"url":"https:\/\/acuariosupremus.com\/wp-content\/uploads\/2022\/01\/WA003.jpg","type":"image\/jpeg"}],"twitter_card":"summary_large_image","twitter_site":"@AcuarioSupremus","twitter_misc":{"Tiempo de lectura":"1 minuto"},"schema":{"@context":"https:\/\/schema.org","@graph":[{"@type":"WebPage","@id":"https:\/\/acuariosupremus.com\/producto\/alimento-basico-envasado-30-gr\/","url":"https:\/\/acuariosupremus.com\/producto\/alimento-basico-envasado-30-gr\/","name":"ALIMENTO B\u00c1SICO ENVASADO 30 GR. | Acuario Supremus","isPartOf":{"@id":"https:\/\/acuariosupremus.com\/#website"},"primaryImageOfPage":{"@id":"https:\/\/acuariosupremus.com\/producto\/alimento-basico-envasado-30-gr\/#primaryimage"},"image":{"@id":"https:\/\/acuariosupremus.com\/producto\/alimento-basico-envasado-30-gr\/#primaryimage"},"thumbnailUrl":"https:\/\/acuariosupremus.com\/wp-content\/uploads\/2022\/01\/WA003.jpg","datePublished":"2022-01-29T22:29:35+00:00","dateModified":"2025-04-15T20:48:27+00:00","description":"Dedicado a la excelencia en nutrici\u00f3n para los peces tropicales.Realza los colores de los peces.Digestibilidad mejorada.F\u00f3rmula avanzada","breadcrumb":{"@id":"https:\/\/acuariosupremus.com\/producto\/alimento-basico-envasado-30-gr\/#breadcrumb"},"inLanguage":"es","potentialAction":[{"@type":"ReadAction","target":["https:\/\/acuariosupremus.com\/producto\/alimento-basico-envasado-30-gr\/"]}]},{"@type":"ImageObject","inLanguage":"es","@id":"https:\/\/acuariosupremus.com\/producto\/alimento-basico-envasado-30-gr\/#primaryimage","url":"https:\/\/acuariosupremus.com\/wp-content\/uploads\/2022\/01\/WA003.jpg","contentUrl":"https:\/\/acuariosupremus.com\/wp-content\/uploads\/2022\/01\/WA003.jpg","width":1000,"height":1000},{"@type":"BreadcrumbList","@id":"https:\/\/acuariosupremus.com\/producto\/alimento-basico-envasado-30-gr\/#breadcrumb","itemListElement":[{"@type":"ListItem","position":1,"name":"Portada","item":"https:\/\/acuariosupremus.com\/"},{"@type":"ListItem","position":2,"name":"Tienda","item":"https:\/\/acuariosupremus.com\/tienda\/"},{"@type":"ListItem","position":3,"name":"ALIMENTO B\u00c1SICO ENVASADO 30 GR."}]},{"@type":"WebSite","@id":"https:\/\/acuariosupremus.com\/#website","url":"https:\/\/acuariosupremus.com\/","name":"Acuario Supremus","description":"Peces, Peceras y Mascotas.","publisher":{"@id":"https:\/\/acuariosupremus.com\/#organization"},"potentialAction":[{"@type":"SearchAction","target":{"@type":"EntryPoint","urlTemplate":"https:\/\/acuariosupremus.com\/?s={search_term_string}"},"query-input":{"@type":"PropertyValueSpecification","valueRequired":true,"valueName":"search_term_string"}}],"inLanguage":"es"},{"@type":"Organization","@id":"https:\/\/acuariosupremus.com\/#organization","name":"Acuario Supremus","url":"https:\/\/acuariosupremus.com\/","logo":{"@type":"ImageObject","inLanguage":"es","@id":"https:\/\/acuariosupremus.com\/#\/schema\/logo\/image\/","url":"https:\/\/acuariosupremus.com\/wp-content\/uploads\/2021\/12\/cropped-logo_acuario_supremus_fn-2.png","contentUrl":"https:\/\/acuariosupremus.com\/wp-content\/uploads\/2021\/12\/cropped-logo_acuario_supremus_fn-2.png","width":1000,"height":318,"caption":"Acuario Supremus"},"image":{"@id":"https:\/\/acuariosupremus.com\/#\/schema\/logo\/image\/"},"sameAs":["https:\/\/www.facebook.com\/AcuarioSupremus","https:\/\/x.com\/AcuarioSupremus","https:\/\/www.instagram.com\/acuariosupremus\/?hl=es"]}]}},"jetpack_sharing_enabled":true,"_links":{"self":[{"href":"https:\/\/acuariosupremus.com\/index.php?rest_route=\/wp\/v2\/product\/1307","targetHints":{"allow":["GET"]}}],"collection":[{"href":"https:\/\/acuariosupremus.com\/index.php?rest_route=\/wp\/v2\/product"}],"about":[{"href":"https:\/\/acuariosupremus.com\/index.php?rest_route=\/wp\/v2\/types\/product"}],"wp:featuredmedia":[{"embeddable":true,"href":"https:\/\/acuariosupremus.com\/index.php?rest_route=\/wp\/v2\/media\/1309"}],"wp:attachment":[{"href":"https:\/\/acuariosupremus.com\/index.php?rest_route=%2Fwp%2Fv2%2Fmedia&parent=1307"}],"wp:term":[{"taxonomy":"product_brand","embeddable":true,"href":"https:\/\/acuariosupremus.com\/index.php?rest_route=%2Fwp%2Fv2%2Fproduct_brand&post=1307"},{"taxonomy":"product_cat","embeddable":true,"href":"https:\/\/acuariosupremus.com\/index.php?rest_route=%2Fwp%2Fv2%2Fproduct_cat&post=1307"},{"taxonomy":"product_tag","embeddable":true,"href":"https:\/\/acuariosupremus.com\/index.php?rest_route=%2Fwp%2Fv2%2Fproduct_tag&post=1307"}],"curies":[{"name":"wp","href":"https:\/\/api.w.org\/{rel}","templated":true}]}}