{"id":1324,"date":"2022-01-29T17:01:12","date_gmt":"2022-01-29T23:01:12","guid":{"rendered":"https:\/\/acuariosupremus.com\/?post_type=product&#038;p=1324"},"modified":"2025-12-12T14:22:49","modified_gmt":"2025-12-12T20:22:49","slug":"japones-pellets-1-5-kg","status":"publish","type":"product","link":"https:\/\/acuariosupremus.com\/?product=japones-pellets-1-5-kg","title":{"rendered":"JAPONES PELLETS 1.5 KG"},"content":{"rendered":"<p>An\u00e1lisis garantizado:<br \/>\nProte\u00edna cruda min. 35.0%<br \/>\nGrasa cruda min. 3.5%<br \/>\nFibra cruda max. 5.0%<br \/>\nHumedad max. 12.0%<br \/>\nE.L.N min. 34.0%<br \/>\nCenizas max. 10.0%<\/p>\n<p>Ingredientes:<br \/>\nMa\u00edz milo, trigo, ma\u00edz amarillo, pasta de soya, pasta de canola, salvado de trigo, gluten de ma\u00edz, harina de carne, harina de pescado, aceite de soya, grasa animal, estabilizada con B.H.A. Carbonato de calcio, fosfato dicalcico, vitamina A<br \/>\nsuplemento A, suplemento de vitamina K, L- Ascorbil 2 Polyfosfato (fuente de vitamina C), tiamina, riboflavina, acido pantotenico, acido folico, biotina, niacina, piridoxina, B.H.T., oxido de manganeso, oxido de hierro, oxido de zinc, oxido de<br \/>\ncobre, yodo, selenio, cobalto, DL lisina y DL metionina.<\/p>\n<p>Contenido:<br \/>\n<strong>1.5 Kg<\/strong>.<\/p>\n","protected":false},"excerpt":{"rendered":"<p>Ofrece una nutrici\u00f3n superior y brillantes coloraciones a los peces japoneses, de talla peque\u00f1a. Es de tama\u00f1o adecuado y contiene todos los nutrientes que sus peces necesitan para crecer y desarrollarse de manera correcta.<\/p>\n","protected":false},"featured_media":1325,"template":"","meta":[],"product_brand":[105],"product_cat":[40,43],"product_tag":[153,142,168,148,169],"class_list":{"0":"post-1324","1":"product","2":"type-product","3":"status-publish","4":"has-post-thumbnail","6":"product_brand-lomas","7":"product_cat-peces","8":"product_cat-alimentos","9":"product_tag-gold-fish","10":"product_tag-alimento-lomas","11":"product_tag-alimento-medio","12":"product_tag-alimento-peces-tropicales","13":"product_tag-pellets","15":"first","16":"instock","17":"sale","18":"shipping-taxable","19":"purchasable","20":"product-type-simple"},"yoast_head":"<!-- This site is optimized with the Yoast SEO plugin v27.4 - https:\/\/yoast.com\/product\/yoast-seo-wordpress\/ -->\n<title>JAPONES PELLETS 1.5 KG | Acuario Supremus<\/title>\n<meta name=\"description\" content=\"Ofrece nutrici\u00f3n superior, brillantes colores a los peces japoneses,talla mediana, contiene nutrientes necesitan para crecer y desarrollarse.\" \/>\n<meta name=\"robots\" content=\"index, follow, max-snippet:-1, max-image-preview:large, max-video-preview:-1\" \/>\n<link rel=\"canonical\" href=\"https:\/\/acuariosupremus.com\/?product=japones-pellets-1-5-kg\" \/>\n<meta property=\"og:locale\" content=\"es_MX\" \/>\n<meta property=\"og:type\" content=\"article\" \/>\n<meta property=\"og:title\" content=\"JAPONES PELLETS 1.5 KG | Acuario Supremus\" \/>\n<meta property=\"og:description\" content=\"Ofrece nutrici\u00f3n superior, brillantes colores a los peces japoneses,talla mediana, contiene nutrientes necesitan para crecer y desarrollarse.\" \/>\n<meta property=\"og:url\" content=\"https:\/\/acuariosupremus.com\/?product=japones-pellets-1-5-kg\" \/>\n<meta property=\"og:site_name\" content=\"Acuario Supremus\" \/>\n<meta property=\"article:publisher\" content=\"https:\/\/www.facebook.com\/AcuarioSupremus\" \/>\n<meta property=\"article:modified_time\" content=\"2025-12-12T20:22:49+00:00\" \/>\n<meta property=\"og:image\" content=\"https:\/\/acuariosupremus.com\/wp-content\/uploads\/2022\/01\/WAT615.jpg\" \/>\n\t<meta property=\"og:image:width\" content=\"1000\" \/>\n\t<meta property=\"og:image:height\" content=\"1000\" \/>\n\t<meta property=\"og:image:type\" content=\"image\/jpeg\" \/>\n<meta name=\"twitter:card\" content=\"summary_large_image\" \/>\n<meta name=\"twitter:site\" content=\"@AcuarioSupremus\" \/>\n<meta name=\"twitter:label1\" content=\"Tiempo de lectura\" \/>\n\t<meta name=\"twitter:data1\" content=\"1 minuto\" \/>\n<script type=\"application\/ld+json\" class=\"yoast-schema-graph\">{\"@context\":\"https:\\\/\\\/schema.org\",\"@graph\":[{\"@type\":\"WebPage\",\"@id\":\"https:\\\/\\\/acuariosupremus.com\\\/?product=japones-pellets-1-5-kg\",\"url\":\"https:\\\/\\\/acuariosupremus.com\\\/?product=japones-pellets-1-5-kg\",\"name\":\"JAPONES PELLETS 1.5 KG | Acuario Supremus\",\"isPartOf\":{\"@id\":\"https:\\\/\\\/acuariosupremus.com\\\/#website\"},\"primaryImageOfPage\":{\"@id\":\"https:\\\/\\\/acuariosupremus.com\\\/?product=japones-pellets-1-5-kg#primaryimage\"},\"image\":{\"@id\":\"https:\\\/\\\/acuariosupremus.com\\\/?product=japones-pellets-1-5-kg#primaryimage\"},\"thumbnailUrl\":\"https:\\\/\\\/acuariosupremus.com\\\/wp-content\\\/uploads\\\/2022\\\/01\\\/WAT615.jpg\",\"datePublished\":\"2022-01-29T23:01:12+00:00\",\"dateModified\":\"2025-12-12T20:22:49+00:00\",\"description\":\"Ofrece nutrici\u00f3n superior, brillantes colores a los peces japoneses,talla mediana, contiene nutrientes necesitan para crecer y desarrollarse.\",\"breadcrumb\":{\"@id\":\"https:\\\/\\\/acuariosupremus.com\\\/?product=japones-pellets-1-5-kg#breadcrumb\"},\"inLanguage\":\"es\",\"potentialAction\":[{\"@type\":\"ReadAction\",\"target\":[\"https:\\\/\\\/acuariosupremus.com\\\/?product=japones-pellets-1-5-kg\"]}]},{\"@type\":\"ImageObject\",\"inLanguage\":\"es\",\"@id\":\"https:\\\/\\\/acuariosupremus.com\\\/?product=japones-pellets-1-5-kg#primaryimage\",\"url\":\"https:\\\/\\\/acuariosupremus.com\\\/wp-content\\\/uploads\\\/2022\\\/01\\\/WAT615.jpg\",\"contentUrl\":\"https:\\\/\\\/acuariosupremus.com\\\/wp-content\\\/uploads\\\/2022\\\/01\\\/WAT615.jpg\",\"width\":1000,\"height\":1000},{\"@type\":\"BreadcrumbList\",\"@id\":\"https:\\\/\\\/acuariosupremus.com\\\/?product=japones-pellets-1-5-kg#breadcrumb\",\"itemListElement\":[{\"@type\":\"ListItem\",\"position\":1,\"name\":\"Portada\",\"item\":\"https:\\\/\\\/acuariosupremus.com\\\/\"},{\"@type\":\"ListItem\",\"position\":2,\"name\":\"Tienda\",\"item\":\"https:\\\/\\\/acuariosupremus.com\\\/tienda\\\/\"},{\"@type\":\"ListItem\",\"position\":3,\"name\":\"JAPONES PELLETS 1.5 KG\"}]},{\"@type\":\"WebSite\",\"@id\":\"https:\\\/\\\/acuariosupremus.com\\\/#website\",\"url\":\"https:\\\/\\\/acuariosupremus.com\\\/\",\"name\":\"Acuario Supremus\",\"description\":\"Peces, Peceras y Mascotas.\",\"publisher\":{\"@id\":\"https:\\\/\\\/acuariosupremus.com\\\/#organization\"},\"potentialAction\":[{\"@type\":\"SearchAction\",\"target\":{\"@type\":\"EntryPoint\",\"urlTemplate\":\"https:\\\/\\\/acuariosupremus.com\\\/?s={search_term_string}\"},\"query-input\":{\"@type\":\"PropertyValueSpecification\",\"valueRequired\":true,\"valueName\":\"search_term_string\"}}],\"inLanguage\":\"es\"},{\"@type\":\"Organization\",\"@id\":\"https:\\\/\\\/acuariosupremus.com\\\/#organization\",\"name\":\"Acuario Supremus\",\"url\":\"https:\\\/\\\/acuariosupremus.com\\\/\",\"logo\":{\"@type\":\"ImageObject\",\"inLanguage\":\"es\",\"@id\":\"https:\\\/\\\/acuariosupremus.com\\\/#\\\/schema\\\/logo\\\/image\\\/\",\"url\":\"https:\\\/\\\/acuariosupremus.com\\\/wp-content\\\/uploads\\\/2021\\\/12\\\/cropped-logo_acuario_supremus_fn-2.png\",\"contentUrl\":\"https:\\\/\\\/acuariosupremus.com\\\/wp-content\\\/uploads\\\/2021\\\/12\\\/cropped-logo_acuario_supremus_fn-2.png\",\"width\":1000,\"height\":318,\"caption\":\"Acuario Supremus\"},\"image\":{\"@id\":\"https:\\\/\\\/acuariosupremus.com\\\/#\\\/schema\\\/logo\\\/image\\\/\"},\"sameAs\":[\"https:\\\/\\\/www.facebook.com\\\/AcuarioSupremus\",\"https:\\\/\\\/x.com\\\/AcuarioSupremus\",\"https:\\\/\\\/www.instagram.com\\\/acuariosupremus\\\/?hl=es\"]}]}<\/script>\n<!-- \/ Yoast SEO plugin. -->","yoast_head_json":{"title":"JAPONES PELLETS 1.5 KG | Acuario Supremus","description":"Ofrece nutrici\u00f3n superior, brillantes colores a los peces japoneses,talla mediana, contiene nutrientes necesitan para crecer y desarrollarse.","robots":{"index":"index","follow":"follow","max-snippet":"max-snippet:-1","max-image-preview":"max-image-preview:large","max-video-preview":"max-video-preview:-1"},"canonical":"https:\/\/acuariosupremus.com\/?product=japones-pellets-1-5-kg","og_locale":"es_MX","og_type":"article","og_title":"JAPONES PELLETS 1.5 KG | Acuario Supremus","og_description":"Ofrece nutrici\u00f3n superior, brillantes colores a los peces japoneses,talla mediana, contiene nutrientes necesitan para crecer y desarrollarse.","og_url":"https:\/\/acuariosupremus.com\/?product=japones-pellets-1-5-kg","og_site_name":"Acuario Supremus","article_publisher":"https:\/\/www.facebook.com\/AcuarioSupremus","article_modified_time":"2025-12-12T20:22:49+00:00","og_image":[{"width":1000,"height":1000,"url":"https:\/\/acuariosupremus.com\/wp-content\/uploads\/2022\/01\/WAT615.jpg","type":"image\/jpeg"}],"twitter_card":"summary_large_image","twitter_site":"@AcuarioSupremus","twitter_misc":{"Tiempo de lectura":"1 minuto"},"schema":{"@context":"https:\/\/schema.org","@graph":[{"@type":"WebPage","@id":"https:\/\/acuariosupremus.com\/?product=japones-pellets-1-5-kg","url":"https:\/\/acuariosupremus.com\/?product=japones-pellets-1-5-kg","name":"JAPONES PELLETS 1.5 KG | Acuario Supremus","isPartOf":{"@id":"https:\/\/acuariosupremus.com\/#website"},"primaryImageOfPage":{"@id":"https:\/\/acuariosupremus.com\/?product=japones-pellets-1-5-kg#primaryimage"},"image":{"@id":"https:\/\/acuariosupremus.com\/?product=japones-pellets-1-5-kg#primaryimage"},"thumbnailUrl":"https:\/\/acuariosupremus.com\/wp-content\/uploads\/2022\/01\/WAT615.jpg","datePublished":"2022-01-29T23:01:12+00:00","dateModified":"2025-12-12T20:22:49+00:00","description":"Ofrece nutrici\u00f3n superior, brillantes colores a los peces japoneses,talla mediana, contiene nutrientes necesitan para crecer y desarrollarse.","breadcrumb":{"@id":"https:\/\/acuariosupremus.com\/?product=japones-pellets-1-5-kg#breadcrumb"},"inLanguage":"es","potentialAction":[{"@type":"ReadAction","target":["https:\/\/acuariosupremus.com\/?product=japones-pellets-1-5-kg"]}]},{"@type":"ImageObject","inLanguage":"es","@id":"https:\/\/acuariosupremus.com\/?product=japones-pellets-1-5-kg#primaryimage","url":"https:\/\/acuariosupremus.com\/wp-content\/uploads\/2022\/01\/WAT615.jpg","contentUrl":"https:\/\/acuariosupremus.com\/wp-content\/uploads\/2022\/01\/WAT615.jpg","width":1000,"height":1000},{"@type":"BreadcrumbList","@id":"https:\/\/acuariosupremus.com\/?product=japones-pellets-1-5-kg#breadcrumb","itemListElement":[{"@type":"ListItem","position":1,"name":"Portada","item":"https:\/\/acuariosupremus.com\/"},{"@type":"ListItem","position":2,"name":"Tienda","item":"https:\/\/acuariosupremus.com\/tienda\/"},{"@type":"ListItem","position":3,"name":"JAPONES PELLETS 1.5 KG"}]},{"@type":"WebSite","@id":"https:\/\/acuariosupremus.com\/#website","url":"https:\/\/acuariosupremus.com\/","name":"Acuario Supremus","description":"Peces, Peceras y Mascotas.","publisher":{"@id":"https:\/\/acuariosupremus.com\/#organization"},"potentialAction":[{"@type":"SearchAction","target":{"@type":"EntryPoint","urlTemplate":"https:\/\/acuariosupremus.com\/?s={search_term_string}"},"query-input":{"@type":"PropertyValueSpecification","valueRequired":true,"valueName":"search_term_string"}}],"inLanguage":"es"},{"@type":"Organization","@id":"https:\/\/acuariosupremus.com\/#organization","name":"Acuario Supremus","url":"https:\/\/acuariosupremus.com\/","logo":{"@type":"ImageObject","inLanguage":"es","@id":"https:\/\/acuariosupremus.com\/#\/schema\/logo\/image\/","url":"https:\/\/acuariosupremus.com\/wp-content\/uploads\/2021\/12\/cropped-logo_acuario_supremus_fn-2.png","contentUrl":"https:\/\/acuariosupremus.com\/wp-content\/uploads\/2021\/12\/cropped-logo_acuario_supremus_fn-2.png","width":1000,"height":318,"caption":"Acuario Supremus"},"image":{"@id":"https:\/\/acuariosupremus.com\/#\/schema\/logo\/image\/"},"sameAs":["https:\/\/www.facebook.com\/AcuarioSupremus","https:\/\/x.com\/AcuarioSupremus","https:\/\/www.instagram.com\/acuariosupremus\/?hl=es"]}]}},"jetpack_sharing_enabled":true,"_links":{"self":[{"href":"https:\/\/acuariosupremus.com\/index.php?rest_route=\/wp\/v2\/product\/1324","targetHints":{"allow":["GET"]}}],"collection":[{"href":"https:\/\/acuariosupremus.com\/index.php?rest_route=\/wp\/v2\/product"}],"about":[{"href":"https:\/\/acuariosupremus.com\/index.php?rest_route=\/wp\/v2\/types\/product"}],"wp:featuredmedia":[{"embeddable":true,"href":"https:\/\/acuariosupremus.com\/index.php?rest_route=\/wp\/v2\/media\/1325"}],"wp:attachment":[{"href":"https:\/\/acuariosupremus.com\/index.php?rest_route=%2Fwp%2Fv2%2Fmedia&parent=1324"}],"wp:term":[{"taxonomy":"product_brand","embeddable":true,"href":"https:\/\/acuariosupremus.com\/index.php?rest_route=%2Fwp%2Fv2%2Fproduct_brand&post=1324"},{"taxonomy":"product_cat","embeddable":true,"href":"https:\/\/acuariosupremus.com\/index.php?rest_route=%2Fwp%2Fv2%2Fproduct_cat&post=1324"},{"taxonomy":"product_tag","embeddable":true,"href":"https:\/\/acuariosupremus.com\/index.php?rest_route=%2Fwp%2Fv2%2Fproduct_tag&post=1324"}],"curies":[{"name":"wp","href":"https:\/\/api.w.org\/{rel}","templated":true}]}}