{"id":13255,"date":"2024-08-27T19:14:20","date_gmt":"2024-08-28T01:14:20","guid":{"rendered":"https:\/\/acuariosupremus.com\/?post_type=product&#038;p=13255"},"modified":"2026-01-18T14:38:13","modified_gmt":"2026-01-18T20:38:13","slug":"juguete-skin-leopardo-sound-c-catnip","status":"publish","type":"product","link":"https:\/\/acuariosupremus.com\/?product=juguete-skin-leopardo-sound-c-catnip","title":{"rendered":"JUGUETE SKIN LEOPARDO SOUND C\/CATNIP"},"content":{"rendered":"<div id=\"tab-label-product.info.beneficios\" class=\"data item title active\" tabindex=\"0\" role=\"tab\" aria-labeledby=\"tab-label-product.info.beneficios-title\" data-role=\"collapsible\" data-collapsible=\"true\" aria-controls=\"product.info.beneficios\" aria-selected=\"true\" aria-expanded=\"true\">BENEFICIOS:<\/div>\n<div id=\"product.info.beneficios\" class=\"data item content\" role=\"tabpanel\" data-role=\"content\" aria-labelledby=\"tab-label-product.info.beneficios\" aria-hidden=\"false\">\n<div class=\"product attribute beneficios\">\n<div class=\"value\">Estimulaci\u00f3n sensorial: El sonido scrunch de las colas y el aroma del catnip proporcionan est\u00edmulos auditivos y olfativos.Promoci\u00f3n del ejercicio: Sin relleno y ligeros, estos juguetes son f\u00e1cIles de manipular y perseguir, fomentando el ejercicio f\u00edsico necesario para mantener a los gatos en forma y saludables.Desarrollo de instintos naturales: Las formas de cebra, ardilla y leopardo y los sonidos que emiten los peluches, emulan a las presas naturales, permitiendo a los gatos practicar sus habilidades de caza y acecho de manera segura. Enriquecimiento ambiental: Introducir estos juguetes en el entorno de un gato, crea un ambiente m\u00e1s estimulante y variado, evitando el aburrimiento y promoviendo comportamientos saludables.<\/div>\n<div>\n<div id=\"tab-label-additional\" class=\"data item title active\" tabindex=\"0\" role=\"tab\" aria-labeledby=\"tab-label-additional-title\" data-role=\"collapsible\" data-collapsible=\"true\" aria-controls=\"additional\" aria-selected=\"true\" aria-expanded=\"true\">CARACTER\u00cdSTICAS:\u00a0 Marca:\u00a0 Fancy Pets\u00a0 \u00a0Especie:\u00a0 Gatos\u00a0 \u00a0Medidas:\u00a0 19.5 x 8.5 cm\u00a0 \u00a0Contenido neto:\u00a0 1 pieza\u00a0 Material: Poliester.<\/div>\n<div tabindex=\"0\" role=\"tab\" aria-labeledby=\"tab-label-additional-title\" data-role=\"collapsible\" data-collapsible=\"true\" aria-controls=\"additional\" aria-selected=\"true\" aria-expanded=\"true\">\n<div id=\"tab-label-product.info.ingredientes.modo.de.uso\" class=\"data item title active\" tabindex=\"0\" role=\"tab\" aria-labeledby=\"tab-label-product.info.ingredientes.modo.de.uso-title\" data-role=\"collapsible\" data-collapsible=\"true\" aria-controls=\"product.info.ingredientes.modo.de.uso\" aria-selected=\"true\" aria-expanded=\"true\">MODO DE USO \/ PRECAUCIONES Y ADVERTENCIAS:<\/div>\n<div id=\"product.info.ingredientes.modo.de.uso\" class=\"data item content\" role=\"tabpanel\" data-role=\"content\" aria-labelledby=\"tab-label-product.info.ingredientes.modo.de.uso\" aria-hidden=\"false\">\n<div class=\"product attribute modo_de_uso_precuaciones_y_adv\">\n<div class=\"value\">Ofrezca a su mascota y permita que este la olfatee. Estimule el juego en su mascota haciendo que el juguete suene. Limpie con un trapo h\u00famedo las \u00e1reas con suciedad, no se introduzca a la lavadora, ni se moje. No usar jab\u00f3n ni detergente. No usar cloro.<\/div>\n<\/div>\n<\/div>\n<\/div>\n<\/div>\n<\/div>\n<div><\/div>\n<\/div>\n","protected":false},"excerpt":{"rendered":"<p>Peluche sin relleno, dise\u00f1ado espec\u00edficamente para atraer y entretener a los gatos. En su interior contiene catnip, una hierba que encanta a la mayor\u00eda de los gatos, y sus colas est\u00e1n dise\u00f1adas con papel que emite un sonido scrunch al ser manipuladas, estimulando a\u00fan m\u00e1s el inter\u00e9s y los instintos de caza de los gatos. Estos juguetes combinan varios elementos sensoriales para ofrecer horas de diversi\u00f3n y ejercicio a tu mascota.<\/p>\n","protected":false},"featured_media":13256,"template":"","meta":[],"product_brand":[106],"product_cat":[30,34],"product_tag":[316],"class_list":{"0":"post-13255","1":"product","2":"type-product","3":"status-publish","4":"has-post-thumbnail","6":"product_brand-fancypets","7":"product_cat-gatos","8":"product_cat-juguetes-gatos","9":"product_tag-juguete-para-gato","11":"first","12":"instock","13":"sale","14":"shipping-taxable","15":"purchasable","16":"product-type-simple"},"yoast_head":"<!-- This site is optimized with the Yoast SEO plugin v27.4 - https:\/\/yoast.com\/product\/yoast-seo-wordpress\/ -->\n<title>JUGUETE SKIN LEOPARDO SOUND C\/CATNIP | Acuario Supremus<\/title>\n<meta name=\"description\" content=\"Peluche sin relleno SKIN LEOPARDO, dise\u00f1ado para atraer a los gatos. En su interior contiene catnip, una hierba que encanta a la mayor\u00eda de los gatos.\" \/>\n<meta name=\"robots\" content=\"index, follow, max-snippet:-1, max-image-preview:large, max-video-preview:-1\" \/>\n<link rel=\"canonical\" href=\"https:\/\/acuariosupremus.com\/?product=juguete-skin-leopardo-sound-c-catnip\" \/>\n<meta property=\"og:locale\" content=\"es_MX\" \/>\n<meta property=\"og:type\" content=\"article\" \/>\n<meta property=\"og:title\" content=\"JUGUETE SKIN LEOPARDO SOUND C\/CATNIP | Acuario Supremus\" \/>\n<meta property=\"og:description\" content=\"Peluche sin relleno SKIN LEOPARDO, dise\u00f1ado para atraer a los gatos. En su interior contiene catnip, una hierba que encanta a la mayor\u00eda de los gatos.\" \/>\n<meta property=\"og:url\" content=\"https:\/\/acuariosupremus.com\/?product=juguete-skin-leopardo-sound-c-catnip\" \/>\n<meta property=\"og:site_name\" content=\"Acuario Supremus\" \/>\n<meta property=\"article:publisher\" content=\"https:\/\/www.facebook.com\/AcuarioSupremus\" \/>\n<meta property=\"article:modified_time\" content=\"2026-01-18T20:38:13+00:00\" \/>\n<meta property=\"og:image\" content=\"https:\/\/acuariosupremus.com\/wp-content\/uploads\/2024\/08\/FL9615.png\" \/>\n\t<meta property=\"og:image:width\" content=\"600\" \/>\n\t<meta property=\"og:image:height\" content=\"600\" \/>\n\t<meta property=\"og:image:type\" content=\"image\/png\" \/>\n<meta name=\"twitter:card\" content=\"summary_large_image\" \/>\n<meta name=\"twitter:site\" content=\"@AcuarioSupremus\" \/>\n<meta name=\"twitter:label1\" content=\"Tiempo de lectura\" \/>\n\t<meta name=\"twitter:data1\" content=\"2 minutos\" \/>\n<script type=\"application\/ld+json\" class=\"yoast-schema-graph\">{\"@context\":\"https:\\\/\\\/schema.org\",\"@graph\":[{\"@type\":\"WebPage\",\"@id\":\"https:\\\/\\\/acuariosupremus.com\\\/?product=juguete-skin-leopardo-sound-c-catnip\",\"url\":\"https:\\\/\\\/acuariosupremus.com\\\/?product=juguete-skin-leopardo-sound-c-catnip\",\"name\":\"JUGUETE SKIN LEOPARDO SOUND C\\\/CATNIP | Acuario Supremus\",\"isPartOf\":{\"@id\":\"https:\\\/\\\/acuariosupremus.com\\\/#website\"},\"primaryImageOfPage\":{\"@id\":\"https:\\\/\\\/acuariosupremus.com\\\/?product=juguete-skin-leopardo-sound-c-catnip#primaryimage\"},\"image\":{\"@id\":\"https:\\\/\\\/acuariosupremus.com\\\/?product=juguete-skin-leopardo-sound-c-catnip#primaryimage\"},\"thumbnailUrl\":\"https:\\\/\\\/acuariosupremus.com\\\/wp-content\\\/uploads\\\/2024\\\/08\\\/FL9615.png\",\"datePublished\":\"2024-08-28T01:14:20+00:00\",\"dateModified\":\"2026-01-18T20:38:13+00:00\",\"description\":\"Peluche sin relleno SKIN LEOPARDO, dise\u00f1ado para atraer a los gatos. En su interior contiene catnip, una hierba que encanta a la mayor\u00eda de los gatos.\",\"breadcrumb\":{\"@id\":\"https:\\\/\\\/acuariosupremus.com\\\/?product=juguete-skin-leopardo-sound-c-catnip#breadcrumb\"},\"inLanguage\":\"es\",\"potentialAction\":[{\"@type\":\"ReadAction\",\"target\":[\"https:\\\/\\\/acuariosupremus.com\\\/?product=juguete-skin-leopardo-sound-c-catnip\"]}]},{\"@type\":\"ImageObject\",\"inLanguage\":\"es\",\"@id\":\"https:\\\/\\\/acuariosupremus.com\\\/?product=juguete-skin-leopardo-sound-c-catnip#primaryimage\",\"url\":\"https:\\\/\\\/acuariosupremus.com\\\/wp-content\\\/uploads\\\/2024\\\/08\\\/FL9615.png\",\"contentUrl\":\"https:\\\/\\\/acuariosupremus.com\\\/wp-content\\\/uploads\\\/2024\\\/08\\\/FL9615.png\",\"width\":600,\"height\":600},{\"@type\":\"BreadcrumbList\",\"@id\":\"https:\\\/\\\/acuariosupremus.com\\\/?product=juguete-skin-leopardo-sound-c-catnip#breadcrumb\",\"itemListElement\":[{\"@type\":\"ListItem\",\"position\":1,\"name\":\"Portada\",\"item\":\"https:\\\/\\\/acuariosupremus.com\\\/\"},{\"@type\":\"ListItem\",\"position\":2,\"name\":\"Tienda\",\"item\":\"https:\\\/\\\/acuariosupremus.com\\\/tienda\\\/\"},{\"@type\":\"ListItem\",\"position\":3,\"name\":\"JUGUETE SKIN LEOPARDO SOUND C\\\/CATNIP\"}]},{\"@type\":\"WebSite\",\"@id\":\"https:\\\/\\\/acuariosupremus.com\\\/#website\",\"url\":\"https:\\\/\\\/acuariosupremus.com\\\/\",\"name\":\"Acuario Supremus\",\"description\":\"Peces, Peceras y Mascotas.\",\"publisher\":{\"@id\":\"https:\\\/\\\/acuariosupremus.com\\\/#organization\"},\"potentialAction\":[{\"@type\":\"SearchAction\",\"target\":{\"@type\":\"EntryPoint\",\"urlTemplate\":\"https:\\\/\\\/acuariosupremus.com\\\/?s={search_term_string}\"},\"query-input\":{\"@type\":\"PropertyValueSpecification\",\"valueRequired\":true,\"valueName\":\"search_term_string\"}}],\"inLanguage\":\"es\"},{\"@type\":\"Organization\",\"@id\":\"https:\\\/\\\/acuariosupremus.com\\\/#organization\",\"name\":\"Acuario Supremus\",\"url\":\"https:\\\/\\\/acuariosupremus.com\\\/\",\"logo\":{\"@type\":\"ImageObject\",\"inLanguage\":\"es\",\"@id\":\"https:\\\/\\\/acuariosupremus.com\\\/#\\\/schema\\\/logo\\\/image\\\/\",\"url\":\"https:\\\/\\\/acuariosupremus.com\\\/wp-content\\\/uploads\\\/2021\\\/12\\\/cropped-logo_acuario_supremus_fn-2.png\",\"contentUrl\":\"https:\\\/\\\/acuariosupremus.com\\\/wp-content\\\/uploads\\\/2021\\\/12\\\/cropped-logo_acuario_supremus_fn-2.png\",\"width\":1000,\"height\":318,\"caption\":\"Acuario Supremus\"},\"image\":{\"@id\":\"https:\\\/\\\/acuariosupremus.com\\\/#\\\/schema\\\/logo\\\/image\\\/\"},\"sameAs\":[\"https:\\\/\\\/www.facebook.com\\\/AcuarioSupremus\",\"https:\\\/\\\/x.com\\\/AcuarioSupremus\",\"https:\\\/\\\/www.instagram.com\\\/acuariosupremus\\\/?hl=es\"]}]}<\/script>\n<!-- \/ Yoast SEO plugin. -->","yoast_head_json":{"title":"JUGUETE SKIN LEOPARDO SOUND C\/CATNIP | Acuario Supremus","description":"Peluche sin relleno SKIN LEOPARDO, dise\u00f1ado para atraer a los gatos. En su interior contiene catnip, una hierba que encanta a la mayor\u00eda de los gatos.","robots":{"index":"index","follow":"follow","max-snippet":"max-snippet:-1","max-image-preview":"max-image-preview:large","max-video-preview":"max-video-preview:-1"},"canonical":"https:\/\/acuariosupremus.com\/?product=juguete-skin-leopardo-sound-c-catnip","og_locale":"es_MX","og_type":"article","og_title":"JUGUETE SKIN LEOPARDO SOUND C\/CATNIP | Acuario Supremus","og_description":"Peluche sin relleno SKIN LEOPARDO, dise\u00f1ado para atraer a los gatos. En su interior contiene catnip, una hierba que encanta a la mayor\u00eda de los gatos.","og_url":"https:\/\/acuariosupremus.com\/?product=juguete-skin-leopardo-sound-c-catnip","og_site_name":"Acuario Supremus","article_publisher":"https:\/\/www.facebook.com\/AcuarioSupremus","article_modified_time":"2026-01-18T20:38:13+00:00","og_image":[{"width":600,"height":600,"url":"https:\/\/acuariosupremus.com\/wp-content\/uploads\/2024\/08\/FL9615.png","type":"image\/png"}],"twitter_card":"summary_large_image","twitter_site":"@AcuarioSupremus","twitter_misc":{"Tiempo de lectura":"2 minutos"},"schema":{"@context":"https:\/\/schema.org","@graph":[{"@type":"WebPage","@id":"https:\/\/acuariosupremus.com\/?product=juguete-skin-leopardo-sound-c-catnip","url":"https:\/\/acuariosupremus.com\/?product=juguete-skin-leopardo-sound-c-catnip","name":"JUGUETE SKIN LEOPARDO SOUND C\/CATNIP | Acuario Supremus","isPartOf":{"@id":"https:\/\/acuariosupremus.com\/#website"},"primaryImageOfPage":{"@id":"https:\/\/acuariosupremus.com\/?product=juguete-skin-leopardo-sound-c-catnip#primaryimage"},"image":{"@id":"https:\/\/acuariosupremus.com\/?product=juguete-skin-leopardo-sound-c-catnip#primaryimage"},"thumbnailUrl":"https:\/\/acuariosupremus.com\/wp-content\/uploads\/2024\/08\/FL9615.png","datePublished":"2024-08-28T01:14:20+00:00","dateModified":"2026-01-18T20:38:13+00:00","description":"Peluche sin relleno SKIN LEOPARDO, dise\u00f1ado para atraer a los gatos. En su interior contiene catnip, una hierba que encanta a la mayor\u00eda de los gatos.","breadcrumb":{"@id":"https:\/\/acuariosupremus.com\/?product=juguete-skin-leopardo-sound-c-catnip#breadcrumb"},"inLanguage":"es","potentialAction":[{"@type":"ReadAction","target":["https:\/\/acuariosupremus.com\/?product=juguete-skin-leopardo-sound-c-catnip"]}]},{"@type":"ImageObject","inLanguage":"es","@id":"https:\/\/acuariosupremus.com\/?product=juguete-skin-leopardo-sound-c-catnip#primaryimage","url":"https:\/\/acuariosupremus.com\/wp-content\/uploads\/2024\/08\/FL9615.png","contentUrl":"https:\/\/acuariosupremus.com\/wp-content\/uploads\/2024\/08\/FL9615.png","width":600,"height":600},{"@type":"BreadcrumbList","@id":"https:\/\/acuariosupremus.com\/?product=juguete-skin-leopardo-sound-c-catnip#breadcrumb","itemListElement":[{"@type":"ListItem","position":1,"name":"Portada","item":"https:\/\/acuariosupremus.com\/"},{"@type":"ListItem","position":2,"name":"Tienda","item":"https:\/\/acuariosupremus.com\/tienda\/"},{"@type":"ListItem","position":3,"name":"JUGUETE SKIN LEOPARDO SOUND C\/CATNIP"}]},{"@type":"WebSite","@id":"https:\/\/acuariosupremus.com\/#website","url":"https:\/\/acuariosupremus.com\/","name":"Acuario Supremus","description":"Peces, Peceras y Mascotas.","publisher":{"@id":"https:\/\/acuariosupremus.com\/#organization"},"potentialAction":[{"@type":"SearchAction","target":{"@type":"EntryPoint","urlTemplate":"https:\/\/acuariosupremus.com\/?s={search_term_string}"},"query-input":{"@type":"PropertyValueSpecification","valueRequired":true,"valueName":"search_term_string"}}],"inLanguage":"es"},{"@type":"Organization","@id":"https:\/\/acuariosupremus.com\/#organization","name":"Acuario Supremus","url":"https:\/\/acuariosupremus.com\/","logo":{"@type":"ImageObject","inLanguage":"es","@id":"https:\/\/acuariosupremus.com\/#\/schema\/logo\/image\/","url":"https:\/\/acuariosupremus.com\/wp-content\/uploads\/2021\/12\/cropped-logo_acuario_supremus_fn-2.png","contentUrl":"https:\/\/acuariosupremus.com\/wp-content\/uploads\/2021\/12\/cropped-logo_acuario_supremus_fn-2.png","width":1000,"height":318,"caption":"Acuario Supremus"},"image":{"@id":"https:\/\/acuariosupremus.com\/#\/schema\/logo\/image\/"},"sameAs":["https:\/\/www.facebook.com\/AcuarioSupremus","https:\/\/x.com\/AcuarioSupremus","https:\/\/www.instagram.com\/acuariosupremus\/?hl=es"]}]}},"jetpack_sharing_enabled":true,"_links":{"self":[{"href":"https:\/\/acuariosupremus.com\/index.php?rest_route=\/wp\/v2\/product\/13255","targetHints":{"allow":["GET"]}}],"collection":[{"href":"https:\/\/acuariosupremus.com\/index.php?rest_route=\/wp\/v2\/product"}],"about":[{"href":"https:\/\/acuariosupremus.com\/index.php?rest_route=\/wp\/v2\/types\/product"}],"wp:featuredmedia":[{"embeddable":true,"href":"https:\/\/acuariosupremus.com\/index.php?rest_route=\/wp\/v2\/media\/13256"}],"wp:attachment":[{"href":"https:\/\/acuariosupremus.com\/index.php?rest_route=%2Fwp%2Fv2%2Fmedia&parent=13255"}],"wp:term":[{"taxonomy":"product_brand","embeddable":true,"href":"https:\/\/acuariosupremus.com\/index.php?rest_route=%2Fwp%2Fv2%2Fproduct_brand&post=13255"},{"taxonomy":"product_cat","embeddable":true,"href":"https:\/\/acuariosupremus.com\/index.php?rest_route=%2Fwp%2Fv2%2Fproduct_cat&post=13255"},{"taxonomy":"product_tag","embeddable":true,"href":"https:\/\/acuariosupremus.com\/index.php?rest_route=%2Fwp%2Fv2%2Fproduct_tag&post=13255"}],"curies":[{"name":"wp","href":"https:\/\/api.w.org\/{rel}","templated":true}]}}