{"id":13342,"date":"2024-10-04T17:12:27","date_gmt":"2024-10-04T23:12:27","guid":{"rendered":"https:\/\/acuariosupremus.com\/?post_type=product&#038;p=13342"},"modified":"2026-02-12T15:17:24","modified_gmt":"2026-02-12T21:17:24","slug":"rampa-para-mascotas","status":"publish","type":"product","link":"https:\/\/acuariosupremus.com\/?product=rampa-para-mascotas","title":{"rendered":"RAMPA PARA MASCOTAS"},"content":{"rendered":"<div id=\"tab-label-product.info.beneficios\" class=\"data item title active\" tabindex=\"0\" role=\"tab\" aria-labeledby=\"tab-label-product.info.beneficios-title\" data-role=\"collapsible\" data-collapsible=\"true\" aria-controls=\"product.info.beneficios\" aria-selected=\"true\" aria-expanded=\"true\">BENEFICIOS<\/div>\n<div id=\"product.info.beneficios\" class=\"data item content\" role=\"tabpanel\" data-role=\"content\" aria-labelledby=\"tab-label-product.info.beneficios\" aria-hidden=\"false\">\n<div class=\"product attribute beneficios\">\n<div class=\"value\">Rampa de madera recubierta con tapete antideslizante. Soportes plegables para facilitar su almacenamiento. Alturas ajustables: 40 cm, 47 cm y 55 Adecuada para mascotas de edad avanzada, con artritis, displasia de cadera, discapacitados, con obesidad o con alguna dificultad motriz. Facilita el acceso a lugares elevados para razas peque\u00f1as o cachorros.<\/div>\n<div>\n<div id=\"tab-label-additional\" class=\"data item title active\" tabindex=\"0\" role=\"tab\" aria-labeledby=\"tab-label-additional-title\" data-role=\"collapsible\" data-collapsible=\"true\" aria-controls=\"additional\" aria-selected=\"true\" aria-expanded=\"true\">CARACTER\u00cdSTICAS\u00a0 Marca: Fancy Pets\u00a0 \u00a0Especie:\u00a0 Perros\u00a0 \u00a0Medidas:\u00a0 100 cm x 40 cm.<\/div>\n<div tabindex=\"0\" role=\"tab\" aria-labeledby=\"tab-label-additional-title\" data-role=\"collapsible\" data-collapsible=\"true\" aria-controls=\"additional\" aria-selected=\"true\" aria-expanded=\"true\">\n<div id=\"tab-label-product.info.ingredientes.modo.de.uso\" class=\"data item title active\" tabindex=\"0\" role=\"tab\" aria-labeledby=\"tab-label-product.info.ingredientes.modo.de.uso-title\" data-role=\"collapsible\" data-collapsible=\"true\" aria-controls=\"product.info.ingredientes.modo.de.uso\" aria-selected=\"true\" aria-expanded=\"true\">MODO DE USO \/ PRECAUCIONES Y ADVERTENCIAS<\/div>\n<div id=\"product.info.ingredientes.modo.de.uso\" class=\"data item content\" role=\"tabpanel\" data-role=\"content\" aria-labelledby=\"tab-label-product.info.ingredientes.modo.de.uso\" aria-hidden=\"false\">\n<div class=\"product attribute modo_de_uso_precuaciones_y_adv\">\n<div class=\"value\">Despliegue el marco de madera y col\u00f3quelo sobre el suelo. Despu\u00e9s levante la rampa, aj\u00fastela a la altura deseada y aseg\u00farela insertando la pata de la rampa en los orificios del marco de madera que coincidan con su elecci\u00f3n de elevaci\u00f3n. Limpie la estructura de madera con un pa\u00f1o seco o h\u00famedo. El tapete se puede aspirar y\/o limpiar con agua y jab\u00f3n neutro.<\/div>\n<\/div>\n<\/div>\n<\/div>\n<div id=\"additional\" class=\"data item content\" role=\"tabpanel\" data-role=\"content\" aria-labelledby=\"tab-label-additional\" aria-hidden=\"false\">\n<div class=\"additional-attributes-wrapper table-wrapper\"><\/div>\n<\/div>\n<\/div>\n<\/div>\n<\/div>\n","protected":false},"excerpt":{"rendered":"<p>La rampa para mascotas Fancy Pets\u00ae es un soporte que facilita el desplazamiento de algunas mascotas que por diversos motivos tienen un limitado movimiento, algunos factores son su forma anatomica de las patas o altura. Con est\u00e1 rampa podr\u00e1n llegar a alturas adecuadas para su comodidad c\u00f3mo los sillones. Recomendado para mascotas con un peso de hasta 20 kg<\/p>\n","protected":false},"featured_media":13343,"template":"","meta":[],"product_brand":[106],"product_cat":[30,73,76,38],"product_tag":[518],"class_list":{"0":"post-13342","1":"product","2":"type-product","3":"status-publish","4":"has-post-thumbnail","6":"product_brand-fancypets","7":"product_cat-gatos","8":"product_cat-perros","9":"product_cat-casas-y-transportadoras","10":"product_cat-transportadoras","11":"product_tag-rampa-para-mascotas","13":"first","14":"instock","15":"sale","16":"shipping-taxable","17":"purchasable","18":"product-type-simple"},"yoast_head":"<!-- This site is optimized with the Yoast SEO plugin v27.4 - https:\/\/yoast.com\/product\/yoast-seo-wordpress\/ -->\n<title>RAMPA PARA MASCOTAS | Acuario Supremus<\/title>\n<meta name=\"description\" content=\"La rampa para mascotas Fancy Pets es un soporte que facilita el desplazamiento de algunas mascotas que por diversos motivos tienen un limitado movimiento.\" \/>\n<meta name=\"robots\" content=\"index, follow, max-snippet:-1, max-image-preview:large, max-video-preview:-1\" \/>\n<link rel=\"canonical\" href=\"https:\/\/acuariosupremus.com\/?product=rampa-para-mascotas\" \/>\n<meta property=\"og:locale\" content=\"es_MX\" \/>\n<meta property=\"og:type\" content=\"article\" \/>\n<meta property=\"og:title\" content=\"RAMPA PARA MASCOTAS | Acuario Supremus\" \/>\n<meta property=\"og:description\" content=\"La rampa para mascotas Fancy Pets es un soporte que facilita el desplazamiento de algunas mascotas que por diversos motivos tienen un limitado movimiento.\" \/>\n<meta property=\"og:url\" content=\"https:\/\/acuariosupremus.com\/?product=rampa-para-mascotas\" \/>\n<meta property=\"og:site_name\" content=\"Acuario Supremus\" \/>\n<meta property=\"article:publisher\" content=\"https:\/\/www.facebook.com\/AcuarioSupremus\" \/>\n<meta property=\"article:modified_time\" content=\"2026-02-12T21:17:24+00:00\" \/>\n<meta property=\"og:image\" content=\"https:\/\/acuariosupremus.com\/wp-content\/uploads\/2024\/10\/FL4130_4.png\" \/>\n\t<meta property=\"og:image:width\" content=\"600\" \/>\n\t<meta property=\"og:image:height\" content=\"600\" \/>\n\t<meta property=\"og:image:type\" content=\"image\/png\" \/>\n<meta name=\"twitter:card\" content=\"summary_large_image\" \/>\n<meta name=\"twitter:site\" content=\"@AcuarioSupremus\" \/>\n<meta name=\"twitter:label1\" content=\"Tiempo de lectura\" \/>\n\t<meta name=\"twitter:data1\" content=\"1 minuto\" \/>\n<script type=\"application\/ld+json\" class=\"yoast-schema-graph\">{\"@context\":\"https:\\\/\\\/schema.org\",\"@graph\":[{\"@type\":\"WebPage\",\"@id\":\"https:\\\/\\\/acuariosupremus.com\\\/?product=rampa-para-mascotas\",\"url\":\"https:\\\/\\\/acuariosupremus.com\\\/?product=rampa-para-mascotas\",\"name\":\"RAMPA PARA MASCOTAS | Acuario Supremus\",\"isPartOf\":{\"@id\":\"https:\\\/\\\/acuariosupremus.com\\\/#website\"},\"primaryImageOfPage\":{\"@id\":\"https:\\\/\\\/acuariosupremus.com\\\/?product=rampa-para-mascotas#primaryimage\"},\"image\":{\"@id\":\"https:\\\/\\\/acuariosupremus.com\\\/?product=rampa-para-mascotas#primaryimage\"},\"thumbnailUrl\":\"https:\\\/\\\/acuariosupremus.com\\\/wp-content\\\/uploads\\\/2024\\\/10\\\/FL4130_4.png\",\"datePublished\":\"2024-10-04T23:12:27+00:00\",\"dateModified\":\"2026-02-12T21:17:24+00:00\",\"description\":\"La rampa para mascotas Fancy Pets es un soporte que facilita el desplazamiento de algunas mascotas que por diversos motivos tienen un limitado movimiento.\",\"breadcrumb\":{\"@id\":\"https:\\\/\\\/acuariosupremus.com\\\/?product=rampa-para-mascotas#breadcrumb\"},\"inLanguage\":\"es\",\"potentialAction\":[{\"@type\":\"ReadAction\",\"target\":[\"https:\\\/\\\/acuariosupremus.com\\\/?product=rampa-para-mascotas\"]}]},{\"@type\":\"ImageObject\",\"inLanguage\":\"es\",\"@id\":\"https:\\\/\\\/acuariosupremus.com\\\/?product=rampa-para-mascotas#primaryimage\",\"url\":\"https:\\\/\\\/acuariosupremus.com\\\/wp-content\\\/uploads\\\/2024\\\/10\\\/FL4130_4.png\",\"contentUrl\":\"https:\\\/\\\/acuariosupremus.com\\\/wp-content\\\/uploads\\\/2024\\\/10\\\/FL4130_4.png\",\"width\":600,\"height\":600},{\"@type\":\"BreadcrumbList\",\"@id\":\"https:\\\/\\\/acuariosupremus.com\\\/?product=rampa-para-mascotas#breadcrumb\",\"itemListElement\":[{\"@type\":\"ListItem\",\"position\":1,\"name\":\"Portada\",\"item\":\"https:\\\/\\\/acuariosupremus.com\\\/\"},{\"@type\":\"ListItem\",\"position\":2,\"name\":\"Tienda\",\"item\":\"https:\\\/\\\/acuariosupremus.com\\\/tienda\\\/\"},{\"@type\":\"ListItem\",\"position\":3,\"name\":\"RAMPA PARA MASCOTAS\"}]},{\"@type\":\"WebSite\",\"@id\":\"https:\\\/\\\/acuariosupremus.com\\\/#website\",\"url\":\"https:\\\/\\\/acuariosupremus.com\\\/\",\"name\":\"Acuario Supremus\",\"description\":\"Peces, Peceras y Mascotas.\",\"publisher\":{\"@id\":\"https:\\\/\\\/acuariosupremus.com\\\/#organization\"},\"potentialAction\":[{\"@type\":\"SearchAction\",\"target\":{\"@type\":\"EntryPoint\",\"urlTemplate\":\"https:\\\/\\\/acuariosupremus.com\\\/?s={search_term_string}\"},\"query-input\":{\"@type\":\"PropertyValueSpecification\",\"valueRequired\":true,\"valueName\":\"search_term_string\"}}],\"inLanguage\":\"es\"},{\"@type\":\"Organization\",\"@id\":\"https:\\\/\\\/acuariosupremus.com\\\/#organization\",\"name\":\"Acuario Supremus\",\"url\":\"https:\\\/\\\/acuariosupremus.com\\\/\",\"logo\":{\"@type\":\"ImageObject\",\"inLanguage\":\"es\",\"@id\":\"https:\\\/\\\/acuariosupremus.com\\\/#\\\/schema\\\/logo\\\/image\\\/\",\"url\":\"https:\\\/\\\/acuariosupremus.com\\\/wp-content\\\/uploads\\\/2021\\\/12\\\/cropped-logo_acuario_supremus_fn-2.png\",\"contentUrl\":\"https:\\\/\\\/acuariosupremus.com\\\/wp-content\\\/uploads\\\/2021\\\/12\\\/cropped-logo_acuario_supremus_fn-2.png\",\"width\":1000,\"height\":318,\"caption\":\"Acuario Supremus\"},\"image\":{\"@id\":\"https:\\\/\\\/acuariosupremus.com\\\/#\\\/schema\\\/logo\\\/image\\\/\"},\"sameAs\":[\"https:\\\/\\\/www.facebook.com\\\/AcuarioSupremus\",\"https:\\\/\\\/x.com\\\/AcuarioSupremus\",\"https:\\\/\\\/www.instagram.com\\\/acuariosupremus\\\/?hl=es\"]}]}<\/script>\n<!-- \/ Yoast SEO plugin. -->","yoast_head_json":{"title":"RAMPA PARA MASCOTAS | Acuario Supremus","description":"La rampa para mascotas Fancy Pets es un soporte que facilita el desplazamiento de algunas mascotas que por diversos motivos tienen un limitado movimiento.","robots":{"index":"index","follow":"follow","max-snippet":"max-snippet:-1","max-image-preview":"max-image-preview:large","max-video-preview":"max-video-preview:-1"},"canonical":"https:\/\/acuariosupremus.com\/?product=rampa-para-mascotas","og_locale":"es_MX","og_type":"article","og_title":"RAMPA PARA MASCOTAS | Acuario Supremus","og_description":"La rampa para mascotas Fancy Pets es un soporte que facilita el desplazamiento de algunas mascotas que por diversos motivos tienen un limitado movimiento.","og_url":"https:\/\/acuariosupremus.com\/?product=rampa-para-mascotas","og_site_name":"Acuario Supremus","article_publisher":"https:\/\/www.facebook.com\/AcuarioSupremus","article_modified_time":"2026-02-12T21:17:24+00:00","og_image":[{"width":600,"height":600,"url":"https:\/\/acuariosupremus.com\/wp-content\/uploads\/2024\/10\/FL4130_4.png","type":"image\/png"}],"twitter_card":"summary_large_image","twitter_site":"@AcuarioSupremus","twitter_misc":{"Tiempo de lectura":"1 minuto"},"schema":{"@context":"https:\/\/schema.org","@graph":[{"@type":"WebPage","@id":"https:\/\/acuariosupremus.com\/?product=rampa-para-mascotas","url":"https:\/\/acuariosupremus.com\/?product=rampa-para-mascotas","name":"RAMPA PARA MASCOTAS | Acuario Supremus","isPartOf":{"@id":"https:\/\/acuariosupremus.com\/#website"},"primaryImageOfPage":{"@id":"https:\/\/acuariosupremus.com\/?product=rampa-para-mascotas#primaryimage"},"image":{"@id":"https:\/\/acuariosupremus.com\/?product=rampa-para-mascotas#primaryimage"},"thumbnailUrl":"https:\/\/acuariosupremus.com\/wp-content\/uploads\/2024\/10\/FL4130_4.png","datePublished":"2024-10-04T23:12:27+00:00","dateModified":"2026-02-12T21:17:24+00:00","description":"La rampa para mascotas Fancy Pets es un soporte que facilita el desplazamiento de algunas mascotas que por diversos motivos tienen un limitado movimiento.","breadcrumb":{"@id":"https:\/\/acuariosupremus.com\/?product=rampa-para-mascotas#breadcrumb"},"inLanguage":"es","potentialAction":[{"@type":"ReadAction","target":["https:\/\/acuariosupremus.com\/?product=rampa-para-mascotas"]}]},{"@type":"ImageObject","inLanguage":"es","@id":"https:\/\/acuariosupremus.com\/?product=rampa-para-mascotas#primaryimage","url":"https:\/\/acuariosupremus.com\/wp-content\/uploads\/2024\/10\/FL4130_4.png","contentUrl":"https:\/\/acuariosupremus.com\/wp-content\/uploads\/2024\/10\/FL4130_4.png","width":600,"height":600},{"@type":"BreadcrumbList","@id":"https:\/\/acuariosupremus.com\/?product=rampa-para-mascotas#breadcrumb","itemListElement":[{"@type":"ListItem","position":1,"name":"Portada","item":"https:\/\/acuariosupremus.com\/"},{"@type":"ListItem","position":2,"name":"Tienda","item":"https:\/\/acuariosupremus.com\/tienda\/"},{"@type":"ListItem","position":3,"name":"RAMPA PARA MASCOTAS"}]},{"@type":"WebSite","@id":"https:\/\/acuariosupremus.com\/#website","url":"https:\/\/acuariosupremus.com\/","name":"Acuario Supremus","description":"Peces, Peceras y Mascotas.","publisher":{"@id":"https:\/\/acuariosupremus.com\/#organization"},"potentialAction":[{"@type":"SearchAction","target":{"@type":"EntryPoint","urlTemplate":"https:\/\/acuariosupremus.com\/?s={search_term_string}"},"query-input":{"@type":"PropertyValueSpecification","valueRequired":true,"valueName":"search_term_string"}}],"inLanguage":"es"},{"@type":"Organization","@id":"https:\/\/acuariosupremus.com\/#organization","name":"Acuario Supremus","url":"https:\/\/acuariosupremus.com\/","logo":{"@type":"ImageObject","inLanguage":"es","@id":"https:\/\/acuariosupremus.com\/#\/schema\/logo\/image\/","url":"https:\/\/acuariosupremus.com\/wp-content\/uploads\/2021\/12\/cropped-logo_acuario_supremus_fn-2.png","contentUrl":"https:\/\/acuariosupremus.com\/wp-content\/uploads\/2021\/12\/cropped-logo_acuario_supremus_fn-2.png","width":1000,"height":318,"caption":"Acuario Supremus"},"image":{"@id":"https:\/\/acuariosupremus.com\/#\/schema\/logo\/image\/"},"sameAs":["https:\/\/www.facebook.com\/AcuarioSupremus","https:\/\/x.com\/AcuarioSupremus","https:\/\/www.instagram.com\/acuariosupremus\/?hl=es"]}]}},"jetpack_sharing_enabled":true,"_links":{"self":[{"href":"https:\/\/acuariosupremus.com\/index.php?rest_route=\/wp\/v2\/product\/13342","targetHints":{"allow":["GET"]}}],"collection":[{"href":"https:\/\/acuariosupremus.com\/index.php?rest_route=\/wp\/v2\/product"}],"about":[{"href":"https:\/\/acuariosupremus.com\/index.php?rest_route=\/wp\/v2\/types\/product"}],"wp:featuredmedia":[{"embeddable":true,"href":"https:\/\/acuariosupremus.com\/index.php?rest_route=\/wp\/v2\/media\/13343"}],"wp:attachment":[{"href":"https:\/\/acuariosupremus.com\/index.php?rest_route=%2Fwp%2Fv2%2Fmedia&parent=13342"}],"wp:term":[{"taxonomy":"product_brand","embeddable":true,"href":"https:\/\/acuariosupremus.com\/index.php?rest_route=%2Fwp%2Fv2%2Fproduct_brand&post=13342"},{"taxonomy":"product_cat","embeddable":true,"href":"https:\/\/acuariosupremus.com\/index.php?rest_route=%2Fwp%2Fv2%2Fproduct_cat&post=13342"},{"taxonomy":"product_tag","embeddable":true,"href":"https:\/\/acuariosupremus.com\/index.php?rest_route=%2Fwp%2Fv2%2Fproduct_tag&post=13342"}],"curies":[{"name":"wp","href":"https:\/\/api.w.org\/{rel}","templated":true}]}}