{"id":1337,"date":"2022-01-29T17:20:59","date_gmt":"2022-01-29T23:20:59","guid":{"rendered":"https:\/\/acuariosupremus.com\/?post_type=product&#038;p=1337"},"modified":"2025-08-06T20:02:03","modified_gmt":"2025-08-07T02:02:03","slug":"alimento-p-ciclidos-medianos-90-grs","status":"publish","type":"product","link":"https:\/\/acuariosupremus.com\/?product=alimento-p-ciclidos-medianos-90-grs","title":{"rendered":"ALIMENTO P\/CICLIDOS MEDIANOS 90 GRS"},"content":{"rendered":"<p>An\u00e1lisis garantizado:<br \/>\nProte\u00edna cruda. min. 33.0%<br \/>\nGrasa cruda. min. 2.5%<br \/>\nFibra cruda. m\u00e1x. 4.5%<br \/>\nHumedad. m\u00e1x. 8.0%<\/p>\n<p>Ingredientes:<br \/>\nHarina de soya, ma\u00edz molido, harina de pescado, trigo molido, gluten de ma\u00edz, aceite de pescado, harina de alfalfa, calcita,<br \/>\nfosfato dic\u00e1lcico, vitamina A, vitamina D3, vitamina E, vitamina B12, riboflavina, niacina, pantotenato de calcio, complejo<br \/>\nbisulfito sodico de menadiona, \u00e1cido f\u00f3lico, hidrocloruro de piridoxina, mononitrato de tiamina, biotina, sulfato f\u00e9rrico, sulfato de manganeso, sulfato de zinc, sulfato de cobre, carbonato de cobalto, yodato de potasio, selenito de sodio, levadura de cerveza, sal, betaina, espirulina, L-ascorbilo-2-polifosfato, cloruro de colina.<\/p>\n<p>Medidas:<br \/>\n12 cm. x 4 cm. x 16.7 cm.<\/p>\n<p>Contenido:<br \/>\n<strong>90 g.<\/strong><\/p>\n","protected":false},"excerpt":{"rendered":"<p>Alimento formulado para c\u00edclidos grandes. Esta f\u00f3rmula altamente digestible y palatable, cumple con los requerimientos de energ\u00eda, prote\u00ednas, vitaminas y minerales de sus peces. Wardley Premium Cichlid Medium, contiene una forma estabilizada de vitamina C que auxilia en la cicatrizaci\u00f3n de heridas, aumenta la resistencia a las enfermedades y promueve el desarrollo normal de huesos y branquias.<\/p>\n","protected":false},"featured_media":1339,"template":"","meta":[],"product_brand":[105],"product_cat":[40,43],"product_tag":[156,142,168,148,169],"class_list":{"0":"post-1337","1":"product","2":"type-product","3":"status-publish","4":"has-post-thumbnail","6":"product_brand-lomas","7":"product_cat-peces","8":"product_cat-alimentos","9":"product_tag-ciclidos","10":"product_tag-alimento-lomas","11":"product_tag-alimento-medio","12":"product_tag-alimento-peces-tropicales","13":"product_tag-pellets","15":"first","16":"instock","17":"shipping-taxable","18":"purchasable","19":"product-type-simple"},"yoast_head":"<!-- This site is optimized with the Yoast SEO plugin v27.4 - https:\/\/yoast.com\/product\/yoast-seo-wordpress\/ -->\n<title>ALIMENTO P\/CICLIDOS MEDIANOS 90 GRS | Acuario Supremus<\/title>\n<meta name=\"description\" content=\"Formulado para c\u00edclidos grandes, altamente digestible y palatable, cumple con los requerimientos de energ\u00eda, prote\u00ednas, vitaminas y minerales\" \/>\n<meta name=\"robots\" content=\"index, follow, max-snippet:-1, max-image-preview:large, max-video-preview:-1\" \/>\n<link rel=\"canonical\" href=\"https:\/\/acuariosupremus.com\/producto\/alimento-p-ciclidos-medianos-90-grs\/\" \/>\n<meta property=\"og:locale\" content=\"es_MX\" \/>\n<meta property=\"og:type\" content=\"article\" \/>\n<meta property=\"og:title\" content=\"ALIMENTO P\/CICLIDOS MEDIANOS 90 GRS | Acuario Supremus\" \/>\n<meta property=\"og:description\" content=\"Formulado para c\u00edclidos grandes, altamente digestible y palatable, cumple con los requerimientos de energ\u00eda, prote\u00ednas, vitaminas y minerales\" \/>\n<meta property=\"og:url\" content=\"https:\/\/acuariosupremus.com\/producto\/alimento-p-ciclidos-medianos-90-grs\/\" \/>\n<meta property=\"og:site_name\" content=\"Acuario Supremus\" \/>\n<meta property=\"article:publisher\" content=\"https:\/\/www.facebook.com\/AcuarioSupremus\" \/>\n<meta property=\"article:modified_time\" content=\"2025-08-07T02:02:03+00:00\" \/>\n<meta property=\"og:image\" content=\"https:\/\/acuariosupremus.com\/wp-content\/uploads\/2022\/01\/WAT633.jpg\" \/>\n\t<meta property=\"og:image:width\" content=\"1000\" \/>\n\t<meta property=\"og:image:height\" content=\"1000\" \/>\n\t<meta property=\"og:image:type\" content=\"image\/jpeg\" \/>\n<meta name=\"twitter:card\" content=\"summary_large_image\" \/>\n<meta name=\"twitter:site\" content=\"@AcuarioSupremus\" \/>\n<meta name=\"twitter:label1\" content=\"Tiempo de lectura\" \/>\n\t<meta name=\"twitter:data1\" content=\"1 minuto\" \/>\n<script type=\"application\/ld+json\" class=\"yoast-schema-graph\">{\"@context\":\"https:\\\/\\\/schema.org\",\"@graph\":[{\"@type\":\"WebPage\",\"@id\":\"https:\\\/\\\/acuariosupremus.com\\\/producto\\\/alimento-p-ciclidos-medianos-90-grs\\\/\",\"url\":\"https:\\\/\\\/acuariosupremus.com\\\/producto\\\/alimento-p-ciclidos-medianos-90-grs\\\/\",\"name\":\"ALIMENTO P\\\/CICLIDOS MEDIANOS 90 GRS | Acuario Supremus\",\"isPartOf\":{\"@id\":\"https:\\\/\\\/acuariosupremus.com\\\/#website\"},\"primaryImageOfPage\":{\"@id\":\"https:\\\/\\\/acuariosupremus.com\\\/producto\\\/alimento-p-ciclidos-medianos-90-grs\\\/#primaryimage\"},\"image\":{\"@id\":\"https:\\\/\\\/acuariosupremus.com\\\/producto\\\/alimento-p-ciclidos-medianos-90-grs\\\/#primaryimage\"},\"thumbnailUrl\":\"https:\\\/\\\/acuariosupremus.com\\\/wp-content\\\/uploads\\\/2022\\\/01\\\/WAT633.jpg\",\"datePublished\":\"2022-01-29T23:20:59+00:00\",\"dateModified\":\"2025-08-07T02:02:03+00:00\",\"description\":\"Formulado para c\u00edclidos grandes, altamente digestible y palatable, cumple con los requerimientos de energ\u00eda, prote\u00ednas, vitaminas y minerales\",\"breadcrumb\":{\"@id\":\"https:\\\/\\\/acuariosupremus.com\\\/producto\\\/alimento-p-ciclidos-medianos-90-grs\\\/#breadcrumb\"},\"inLanguage\":\"es\",\"potentialAction\":[{\"@type\":\"ReadAction\",\"target\":[\"https:\\\/\\\/acuariosupremus.com\\\/producto\\\/alimento-p-ciclidos-medianos-90-grs\\\/\"]}]},{\"@type\":\"ImageObject\",\"inLanguage\":\"es\",\"@id\":\"https:\\\/\\\/acuariosupremus.com\\\/producto\\\/alimento-p-ciclidos-medianos-90-grs\\\/#primaryimage\",\"url\":\"https:\\\/\\\/acuariosupremus.com\\\/wp-content\\\/uploads\\\/2022\\\/01\\\/WAT633.jpg\",\"contentUrl\":\"https:\\\/\\\/acuariosupremus.com\\\/wp-content\\\/uploads\\\/2022\\\/01\\\/WAT633.jpg\",\"width\":1000,\"height\":1000},{\"@type\":\"BreadcrumbList\",\"@id\":\"https:\\\/\\\/acuariosupremus.com\\\/producto\\\/alimento-p-ciclidos-medianos-90-grs\\\/#breadcrumb\",\"itemListElement\":[{\"@type\":\"ListItem\",\"position\":1,\"name\":\"Portada\",\"item\":\"https:\\\/\\\/acuariosupremus.com\\\/\"},{\"@type\":\"ListItem\",\"position\":2,\"name\":\"Tienda\",\"item\":\"https:\\\/\\\/acuariosupremus.com\\\/tienda\\\/\"},{\"@type\":\"ListItem\",\"position\":3,\"name\":\"ALIMENTO P\\\/CICLIDOS MEDIANOS 90 GRS\"}]},{\"@type\":\"WebSite\",\"@id\":\"https:\\\/\\\/acuariosupremus.com\\\/#website\",\"url\":\"https:\\\/\\\/acuariosupremus.com\\\/\",\"name\":\"Acuario Supremus\",\"description\":\"Peces, Peceras y Mascotas.\",\"publisher\":{\"@id\":\"https:\\\/\\\/acuariosupremus.com\\\/#organization\"},\"potentialAction\":[{\"@type\":\"SearchAction\",\"target\":{\"@type\":\"EntryPoint\",\"urlTemplate\":\"https:\\\/\\\/acuariosupremus.com\\\/?s={search_term_string}\"},\"query-input\":{\"@type\":\"PropertyValueSpecification\",\"valueRequired\":true,\"valueName\":\"search_term_string\"}}],\"inLanguage\":\"es\"},{\"@type\":\"Organization\",\"@id\":\"https:\\\/\\\/acuariosupremus.com\\\/#organization\",\"name\":\"Acuario Supremus\",\"url\":\"https:\\\/\\\/acuariosupremus.com\\\/\",\"logo\":{\"@type\":\"ImageObject\",\"inLanguage\":\"es\",\"@id\":\"https:\\\/\\\/acuariosupremus.com\\\/#\\\/schema\\\/logo\\\/image\\\/\",\"url\":\"https:\\\/\\\/acuariosupremus.com\\\/wp-content\\\/uploads\\\/2021\\\/12\\\/cropped-logo_acuario_supremus_fn-2.png\",\"contentUrl\":\"https:\\\/\\\/acuariosupremus.com\\\/wp-content\\\/uploads\\\/2021\\\/12\\\/cropped-logo_acuario_supremus_fn-2.png\",\"width\":1000,\"height\":318,\"caption\":\"Acuario Supremus\"},\"image\":{\"@id\":\"https:\\\/\\\/acuariosupremus.com\\\/#\\\/schema\\\/logo\\\/image\\\/\"},\"sameAs\":[\"https:\\\/\\\/www.facebook.com\\\/AcuarioSupremus\",\"https:\\\/\\\/x.com\\\/AcuarioSupremus\",\"https:\\\/\\\/www.instagram.com\\\/acuariosupremus\\\/?hl=es\"]}]}<\/script>\n<!-- \/ Yoast SEO plugin. -->","yoast_head_json":{"title":"ALIMENTO P\/CICLIDOS MEDIANOS 90 GRS | Acuario Supremus","description":"Formulado para c\u00edclidos grandes, altamente digestible y palatable, cumple con los requerimientos de energ\u00eda, prote\u00ednas, vitaminas y minerales","robots":{"index":"index","follow":"follow","max-snippet":"max-snippet:-1","max-image-preview":"max-image-preview:large","max-video-preview":"max-video-preview:-1"},"canonical":"https:\/\/acuariosupremus.com\/producto\/alimento-p-ciclidos-medianos-90-grs\/","og_locale":"es_MX","og_type":"article","og_title":"ALIMENTO P\/CICLIDOS MEDIANOS 90 GRS | Acuario Supremus","og_description":"Formulado para c\u00edclidos grandes, altamente digestible y palatable, cumple con los requerimientos de energ\u00eda, prote\u00ednas, vitaminas y minerales","og_url":"https:\/\/acuariosupremus.com\/producto\/alimento-p-ciclidos-medianos-90-grs\/","og_site_name":"Acuario Supremus","article_publisher":"https:\/\/www.facebook.com\/AcuarioSupremus","article_modified_time":"2025-08-07T02:02:03+00:00","og_image":[{"width":1000,"height":1000,"url":"https:\/\/acuariosupremus.com\/wp-content\/uploads\/2022\/01\/WAT633.jpg","type":"image\/jpeg"}],"twitter_card":"summary_large_image","twitter_site":"@AcuarioSupremus","twitter_misc":{"Tiempo de lectura":"1 minuto"},"schema":{"@context":"https:\/\/schema.org","@graph":[{"@type":"WebPage","@id":"https:\/\/acuariosupremus.com\/producto\/alimento-p-ciclidos-medianos-90-grs\/","url":"https:\/\/acuariosupremus.com\/producto\/alimento-p-ciclidos-medianos-90-grs\/","name":"ALIMENTO P\/CICLIDOS MEDIANOS 90 GRS | Acuario Supremus","isPartOf":{"@id":"https:\/\/acuariosupremus.com\/#website"},"primaryImageOfPage":{"@id":"https:\/\/acuariosupremus.com\/producto\/alimento-p-ciclidos-medianos-90-grs\/#primaryimage"},"image":{"@id":"https:\/\/acuariosupremus.com\/producto\/alimento-p-ciclidos-medianos-90-grs\/#primaryimage"},"thumbnailUrl":"https:\/\/acuariosupremus.com\/wp-content\/uploads\/2022\/01\/WAT633.jpg","datePublished":"2022-01-29T23:20:59+00:00","dateModified":"2025-08-07T02:02:03+00:00","description":"Formulado para c\u00edclidos grandes, altamente digestible y palatable, cumple con los requerimientos de energ\u00eda, prote\u00ednas, vitaminas y minerales","breadcrumb":{"@id":"https:\/\/acuariosupremus.com\/producto\/alimento-p-ciclidos-medianos-90-grs\/#breadcrumb"},"inLanguage":"es","potentialAction":[{"@type":"ReadAction","target":["https:\/\/acuariosupremus.com\/producto\/alimento-p-ciclidos-medianos-90-grs\/"]}]},{"@type":"ImageObject","inLanguage":"es","@id":"https:\/\/acuariosupremus.com\/producto\/alimento-p-ciclidos-medianos-90-grs\/#primaryimage","url":"https:\/\/acuariosupremus.com\/wp-content\/uploads\/2022\/01\/WAT633.jpg","contentUrl":"https:\/\/acuariosupremus.com\/wp-content\/uploads\/2022\/01\/WAT633.jpg","width":1000,"height":1000},{"@type":"BreadcrumbList","@id":"https:\/\/acuariosupremus.com\/producto\/alimento-p-ciclidos-medianos-90-grs\/#breadcrumb","itemListElement":[{"@type":"ListItem","position":1,"name":"Portada","item":"https:\/\/acuariosupremus.com\/"},{"@type":"ListItem","position":2,"name":"Tienda","item":"https:\/\/acuariosupremus.com\/tienda\/"},{"@type":"ListItem","position":3,"name":"ALIMENTO P\/CICLIDOS MEDIANOS 90 GRS"}]},{"@type":"WebSite","@id":"https:\/\/acuariosupremus.com\/#website","url":"https:\/\/acuariosupremus.com\/","name":"Acuario Supremus","description":"Peces, Peceras y Mascotas.","publisher":{"@id":"https:\/\/acuariosupremus.com\/#organization"},"potentialAction":[{"@type":"SearchAction","target":{"@type":"EntryPoint","urlTemplate":"https:\/\/acuariosupremus.com\/?s={search_term_string}"},"query-input":{"@type":"PropertyValueSpecification","valueRequired":true,"valueName":"search_term_string"}}],"inLanguage":"es"},{"@type":"Organization","@id":"https:\/\/acuariosupremus.com\/#organization","name":"Acuario Supremus","url":"https:\/\/acuariosupremus.com\/","logo":{"@type":"ImageObject","inLanguage":"es","@id":"https:\/\/acuariosupremus.com\/#\/schema\/logo\/image\/","url":"https:\/\/acuariosupremus.com\/wp-content\/uploads\/2021\/12\/cropped-logo_acuario_supremus_fn-2.png","contentUrl":"https:\/\/acuariosupremus.com\/wp-content\/uploads\/2021\/12\/cropped-logo_acuario_supremus_fn-2.png","width":1000,"height":318,"caption":"Acuario Supremus"},"image":{"@id":"https:\/\/acuariosupremus.com\/#\/schema\/logo\/image\/"},"sameAs":["https:\/\/www.facebook.com\/AcuarioSupremus","https:\/\/x.com\/AcuarioSupremus","https:\/\/www.instagram.com\/acuariosupremus\/?hl=es"]}]}},"jetpack_sharing_enabled":true,"_links":{"self":[{"href":"https:\/\/acuariosupremus.com\/index.php?rest_route=\/wp\/v2\/product\/1337","targetHints":{"allow":["GET"]}}],"collection":[{"href":"https:\/\/acuariosupremus.com\/index.php?rest_route=\/wp\/v2\/product"}],"about":[{"href":"https:\/\/acuariosupremus.com\/index.php?rest_route=\/wp\/v2\/types\/product"}],"wp:featuredmedia":[{"embeddable":true,"href":"https:\/\/acuariosupremus.com\/index.php?rest_route=\/wp\/v2\/media\/1339"}],"wp:attachment":[{"href":"https:\/\/acuariosupremus.com\/index.php?rest_route=%2Fwp%2Fv2%2Fmedia&parent=1337"}],"wp:term":[{"taxonomy":"product_brand","embeddable":true,"href":"https:\/\/acuariosupremus.com\/index.php?rest_route=%2Fwp%2Fv2%2Fproduct_brand&post=1337"},{"taxonomy":"product_cat","embeddable":true,"href":"https:\/\/acuariosupremus.com\/index.php?rest_route=%2Fwp%2Fv2%2Fproduct_cat&post=1337"},{"taxonomy":"product_tag","embeddable":true,"href":"https:\/\/acuariosupremus.com\/index.php?rest_route=%2Fwp%2Fv2%2Fproduct_tag&post=1337"}],"curies":[{"name":"wp","href":"https:\/\/api.w.org\/{rel}","templated":true}]}}