{"id":13383,"date":"2024-10-04T17:50:25","date_gmt":"2024-10-04T23:50:25","guid":{"rendered":"https:\/\/acuariosupremus.com\/?post_type=product&#038;p=13383"},"modified":"2026-01-15T14:33:12","modified_gmt":"2026-01-15T20:33:12","slug":"defense-one-shampoo-repelente-perros-y-gatos-250-ml","status":"publish","type":"product","link":"https:\/\/acuariosupremus.com\/?product=defense-one-shampoo-repelente-perros-y-gatos-250-ml","title":{"rendered":"DEFENSE ONE SHAMPOO REPELENTE PERROS Y GATOS 250 ML"},"content":{"rendered":"<div id=\"tab-label-product.info.beneficios\" class=\"data item title active\" tabindex=\"0\" role=\"tab\" aria-labeledby=\"tab-label-product.info.beneficios-title\" data-role=\"collapsible\" data-collapsible=\"true\" aria-controls=\"product.info.beneficios\" aria-selected=\"true\" aria-expanded=\"true\">BENEFICIOS<\/div>\n<div id=\"product.info.beneficios\" class=\"data item content\" role=\"tabpanel\" data-role=\"content\" aria-labelledby=\"tab-label-product.info.beneficios\" aria-hidden=\"false\">\n<div class=\"product attribute beneficios\">\n<div class=\"value\">Repelente natural: Formulado con extracto de geraniol, repelente de mosquitos, garrapatas, pulgas, piojos y \u00e1caros, reduciendo el riesgo de enfermedades transmitidas por estos vectores.Cuidado de pelo: Deja el pelaje de tu mascota suave y con un agradable aroma, combinando protecci\u00f3n y cuidado en un solo producto. Seguro y ecol\u00f3gico: El uso del geraniol, un repelente natural, lo hace m\u00e1s seguro, respetuoso con el medio ambiente y biodegradable en comparaci\u00f3n con los productos qu\u00edmicos tradicionales. Prevenci\u00f3n de quimioresistencia: Al ser una alternativa natural ayuda a evitar el desarrollo de quimiorresistencia en garrapatas, ofreciendo una soluci\u00f3n sostenible y eficaz a largo plazo.<\/div>\n<div>\n<div class=\"product info detailed  \">\n<div class=\"product data items mage-tabs-disabled\" role=\"tablist\">\n<div id=\"tab-label-product.info.ingredientes.modo.de.uso\" class=\"data item title active\" tabindex=\"0\" role=\"tab\" aria-labeledby=\"tab-label-product.info.ingredientes.modo.de.uso-title\" data-role=\"collapsible\" data-collapsible=\"true\" aria-controls=\"product.info.ingredientes.modo.de.uso\" aria-selected=\"true\" aria-expanded=\"true\">MODO DE USO \/ PRECAUCIONES Y ADVERTENCIAS<\/div>\n<div id=\"product.info.ingredientes.modo.de.uso\" class=\"data item content\" role=\"tabpanel\" data-role=\"content\" aria-labelledby=\"tab-label-product.info.ingredientes.modo.de.uso\" aria-hidden=\"false\">\n<div class=\"product attribute modo_de_uso_precuaciones_y_adv\">\n<div class=\"value\">Moje a su mascota con agua tibia. Aplique una peque\u00f1a cantidad de shampoo directamente sobre el pelo y masajee suavemente hasta obtener espuma abundante, evitando los o\u00eddos, los ojos, la nariz y la boca.Enjuague con agua tibia, seque con una toalla limpia y seca. Finalmente cepille a contrapelo hasta desenredar y obtener un pelaje manejable.<\/div>\n<\/div>\n<\/div>\n<\/div>\n<\/div>\n<div class=\"slider-container bought-container\">\n<div class=\"block grid porto-products title-border-bottom\">\n<div class=\"section-title slider-title\"><\/div>\n<\/div>\n<\/div>\n<\/div>\n<\/div>\n<\/div>\n","protected":false},"excerpt":{"rendered":"<p>Fancy Pets\u00ae Natural Care Defense One Shampoo Repelente, formulado con extracto de geraniol, que repele los principales vectores de transmisi\u00f3n de enfermedades como son los mosquitos, garrapatas, pulgas, piojos y \u00e1caros. Al mismo tiempo cuida el pelo dej\u00e1ndolo suave y con agradable aroma. La mejor estrategia para reducir la incidencia de enfermedades transmitidas por vectores como mosquitos, garrapatas y pulgas es evitar las picaduras\/mordidas utilizando repelentes t\u00f3picos. En las \u00faltimas d\u00e9cadas, el inter\u00e9s por los repelentes naturales ha ido en aumento ya que se consideran m\u00e1s seguros, eficaces, respetuosos con el medio ambiente, biodegradables, m\u00e1s baratos y de m\u00e1s f\u00e1cil acceso.El geraniol se considera un repelente potencial contra insectos, y especialmente un componente clave de los repelentes de mosquitos. Es un producto principal de los extractos de aceite esencial de diferentes plantas que pueden utilizarse como repelentes de mosquitos, adem\u00e1s de ser una alternativa eficaz para prevenir la infestaci\u00f3n de \u00e1caros, piojos, pulgas y garrapatas en diferentes especies y representar una alternativa de elecci\u00f3n para evitar el desarrollo de quimiorresistencia de las garrapatas.<\/p>\n","protected":false},"featured_media":13384,"template":"","meta":[],"product_brand":[106],"product_cat":[30,73,31,74],"product_tag":[331],"class_list":{"0":"post-13383","1":"product","2":"type-product","3":"status-publish","4":"has-post-thumbnail","6":"product_brand-fancypets","7":"product_cat-gatos","8":"product_cat-perros","9":"product_cat-belleza-e-higiene","10":"product_cat-belleza-e-higiene-perros","11":"product_tag-shampoo-repelente","13":"first","14":"instock","15":"sale","16":"shipping-taxable","17":"purchasable","18":"product-type-simple"},"yoast_head":"<!-- This site is optimized with the Yoast SEO plugin v27.4 - https:\/\/yoast.com\/product\/yoast-seo-wordpress\/ -->\n<title>DEFENSE ONE SHAMPOO REPELENTE PERROS Y GATOS 250 ML | Acuario Supremus<\/title>\n<meta name=\"description\" content=\"Shampoo Natural Care Defense One Repelente, formulado con extracto de geraniol, que repele los principales vectores de transmisi\u00f3n de enfermedades.\" \/>\n<meta name=\"robots\" content=\"index, follow, max-snippet:-1, max-image-preview:large, max-video-preview:-1\" \/>\n<link rel=\"canonical\" href=\"https:\/\/acuariosupremus.com\/?product=defense-one-shampoo-repelente-perros-y-gatos-250-ml\" \/>\n<meta property=\"og:locale\" content=\"es_MX\" \/>\n<meta property=\"og:type\" content=\"article\" \/>\n<meta property=\"og:title\" content=\"DEFENSE ONE SHAMPOO REPELENTE PERROS Y GATOS 250 ML | Acuario Supremus\" \/>\n<meta property=\"og:description\" content=\"Shampoo Natural Care Defense One Repelente, formulado con extracto de geraniol, que repele los principales vectores de transmisi\u00f3n de enfermedades.\" \/>\n<meta property=\"og:url\" content=\"https:\/\/acuariosupremus.com\/?product=defense-one-shampoo-repelente-perros-y-gatos-250-ml\" \/>\n<meta property=\"og:site_name\" content=\"Acuario Supremus\" \/>\n<meta property=\"article:publisher\" content=\"https:\/\/www.facebook.com\/AcuarioSupremus\" \/>\n<meta property=\"article:modified_time\" content=\"2026-01-15T20:33:12+00:00\" \/>\n<meta property=\"og:image\" content=\"https:\/\/acuariosupremus.com\/wp-content\/uploads\/2024\/10\/FL4155_4.png\" \/>\n\t<meta property=\"og:image:width\" content=\"600\" \/>\n\t<meta property=\"og:image:height\" content=\"600\" \/>\n\t<meta property=\"og:image:type\" content=\"image\/png\" \/>\n<meta name=\"twitter:card\" content=\"summary_large_image\" \/>\n<meta name=\"twitter:site\" content=\"@AcuarioSupremus\" \/>\n<meta name=\"twitter:label1\" content=\"Tiempo de lectura\" \/>\n\t<meta name=\"twitter:data1\" content=\"1 minuto\" \/>\n<script type=\"application\/ld+json\" class=\"yoast-schema-graph\">{\"@context\":\"https:\\\/\\\/schema.org\",\"@graph\":[{\"@type\":\"WebPage\",\"@id\":\"https:\\\/\\\/acuariosupremus.com\\\/?product=defense-one-shampoo-repelente-perros-y-gatos-250-ml\",\"url\":\"https:\\\/\\\/acuariosupremus.com\\\/?product=defense-one-shampoo-repelente-perros-y-gatos-250-ml\",\"name\":\"DEFENSE ONE SHAMPOO REPELENTE PERROS Y GATOS 250 ML | Acuario Supremus\",\"isPartOf\":{\"@id\":\"https:\\\/\\\/acuariosupremus.com\\\/#website\"},\"primaryImageOfPage\":{\"@id\":\"https:\\\/\\\/acuariosupremus.com\\\/?product=defense-one-shampoo-repelente-perros-y-gatos-250-ml#primaryimage\"},\"image\":{\"@id\":\"https:\\\/\\\/acuariosupremus.com\\\/?product=defense-one-shampoo-repelente-perros-y-gatos-250-ml#primaryimage\"},\"thumbnailUrl\":\"https:\\\/\\\/acuariosupremus.com\\\/wp-content\\\/uploads\\\/2024\\\/10\\\/FL4155_4.png\",\"datePublished\":\"2024-10-04T23:50:25+00:00\",\"dateModified\":\"2026-01-15T20:33:12+00:00\",\"description\":\"Shampoo Natural Care Defense One Repelente, formulado con extracto de geraniol, que repele los principales vectores de transmisi\u00f3n de enfermedades.\",\"breadcrumb\":{\"@id\":\"https:\\\/\\\/acuariosupremus.com\\\/?product=defense-one-shampoo-repelente-perros-y-gatos-250-ml#breadcrumb\"},\"inLanguage\":\"es\",\"potentialAction\":[{\"@type\":\"ReadAction\",\"target\":[\"https:\\\/\\\/acuariosupremus.com\\\/?product=defense-one-shampoo-repelente-perros-y-gatos-250-ml\"]}]},{\"@type\":\"ImageObject\",\"inLanguage\":\"es\",\"@id\":\"https:\\\/\\\/acuariosupremus.com\\\/?product=defense-one-shampoo-repelente-perros-y-gatos-250-ml#primaryimage\",\"url\":\"https:\\\/\\\/acuariosupremus.com\\\/wp-content\\\/uploads\\\/2024\\\/10\\\/FL4155_4.png\",\"contentUrl\":\"https:\\\/\\\/acuariosupremus.com\\\/wp-content\\\/uploads\\\/2024\\\/10\\\/FL4155_4.png\",\"width\":600,\"height\":600},{\"@type\":\"BreadcrumbList\",\"@id\":\"https:\\\/\\\/acuariosupremus.com\\\/?product=defense-one-shampoo-repelente-perros-y-gatos-250-ml#breadcrumb\",\"itemListElement\":[{\"@type\":\"ListItem\",\"position\":1,\"name\":\"Portada\",\"item\":\"https:\\\/\\\/acuariosupremus.com\\\/\"},{\"@type\":\"ListItem\",\"position\":2,\"name\":\"Tienda\",\"item\":\"https:\\\/\\\/acuariosupremus.com\\\/tienda\\\/\"},{\"@type\":\"ListItem\",\"position\":3,\"name\":\"DEFENSE ONE SHAMPOO REPELENTE PERROS Y GATOS 250 ML\"}]},{\"@type\":\"WebSite\",\"@id\":\"https:\\\/\\\/acuariosupremus.com\\\/#website\",\"url\":\"https:\\\/\\\/acuariosupremus.com\\\/\",\"name\":\"Acuario Supremus\",\"description\":\"Peces, Peceras y Mascotas.\",\"publisher\":{\"@id\":\"https:\\\/\\\/acuariosupremus.com\\\/#organization\"},\"potentialAction\":[{\"@type\":\"SearchAction\",\"target\":{\"@type\":\"EntryPoint\",\"urlTemplate\":\"https:\\\/\\\/acuariosupremus.com\\\/?s={search_term_string}\"},\"query-input\":{\"@type\":\"PropertyValueSpecification\",\"valueRequired\":true,\"valueName\":\"search_term_string\"}}],\"inLanguage\":\"es\"},{\"@type\":\"Organization\",\"@id\":\"https:\\\/\\\/acuariosupremus.com\\\/#organization\",\"name\":\"Acuario Supremus\",\"url\":\"https:\\\/\\\/acuariosupremus.com\\\/\",\"logo\":{\"@type\":\"ImageObject\",\"inLanguage\":\"es\",\"@id\":\"https:\\\/\\\/acuariosupremus.com\\\/#\\\/schema\\\/logo\\\/image\\\/\",\"url\":\"https:\\\/\\\/acuariosupremus.com\\\/wp-content\\\/uploads\\\/2021\\\/12\\\/cropped-logo_acuario_supremus_fn-2.png\",\"contentUrl\":\"https:\\\/\\\/acuariosupremus.com\\\/wp-content\\\/uploads\\\/2021\\\/12\\\/cropped-logo_acuario_supremus_fn-2.png\",\"width\":1000,\"height\":318,\"caption\":\"Acuario Supremus\"},\"image\":{\"@id\":\"https:\\\/\\\/acuariosupremus.com\\\/#\\\/schema\\\/logo\\\/image\\\/\"},\"sameAs\":[\"https:\\\/\\\/www.facebook.com\\\/AcuarioSupremus\",\"https:\\\/\\\/x.com\\\/AcuarioSupremus\",\"https:\\\/\\\/www.instagram.com\\\/acuariosupremus\\\/?hl=es\"]}]}<\/script>\n<!-- \/ Yoast SEO plugin. -->","yoast_head_json":{"title":"DEFENSE ONE SHAMPOO REPELENTE PERROS Y GATOS 250 ML | Acuario Supremus","description":"Shampoo Natural Care Defense One Repelente, formulado con extracto de geraniol, que repele los principales vectores de transmisi\u00f3n de enfermedades.","robots":{"index":"index","follow":"follow","max-snippet":"max-snippet:-1","max-image-preview":"max-image-preview:large","max-video-preview":"max-video-preview:-1"},"canonical":"https:\/\/acuariosupremus.com\/?product=defense-one-shampoo-repelente-perros-y-gatos-250-ml","og_locale":"es_MX","og_type":"article","og_title":"DEFENSE ONE SHAMPOO REPELENTE PERROS Y GATOS 250 ML | Acuario Supremus","og_description":"Shampoo Natural Care Defense One Repelente, formulado con extracto de geraniol, que repele los principales vectores de transmisi\u00f3n de enfermedades.","og_url":"https:\/\/acuariosupremus.com\/?product=defense-one-shampoo-repelente-perros-y-gatos-250-ml","og_site_name":"Acuario Supremus","article_publisher":"https:\/\/www.facebook.com\/AcuarioSupremus","article_modified_time":"2026-01-15T20:33:12+00:00","og_image":[{"width":600,"height":600,"url":"https:\/\/acuariosupremus.com\/wp-content\/uploads\/2024\/10\/FL4155_4.png","type":"image\/png"}],"twitter_card":"summary_large_image","twitter_site":"@AcuarioSupremus","twitter_misc":{"Tiempo de lectura":"1 minuto"},"schema":{"@context":"https:\/\/schema.org","@graph":[{"@type":"WebPage","@id":"https:\/\/acuariosupremus.com\/?product=defense-one-shampoo-repelente-perros-y-gatos-250-ml","url":"https:\/\/acuariosupremus.com\/?product=defense-one-shampoo-repelente-perros-y-gatos-250-ml","name":"DEFENSE ONE SHAMPOO REPELENTE PERROS Y GATOS 250 ML | Acuario Supremus","isPartOf":{"@id":"https:\/\/acuariosupremus.com\/#website"},"primaryImageOfPage":{"@id":"https:\/\/acuariosupremus.com\/?product=defense-one-shampoo-repelente-perros-y-gatos-250-ml#primaryimage"},"image":{"@id":"https:\/\/acuariosupremus.com\/?product=defense-one-shampoo-repelente-perros-y-gatos-250-ml#primaryimage"},"thumbnailUrl":"https:\/\/acuariosupremus.com\/wp-content\/uploads\/2024\/10\/FL4155_4.png","datePublished":"2024-10-04T23:50:25+00:00","dateModified":"2026-01-15T20:33:12+00:00","description":"Shampoo Natural Care Defense One Repelente, formulado con extracto de geraniol, que repele los principales vectores de transmisi\u00f3n de enfermedades.","breadcrumb":{"@id":"https:\/\/acuariosupremus.com\/?product=defense-one-shampoo-repelente-perros-y-gatos-250-ml#breadcrumb"},"inLanguage":"es","potentialAction":[{"@type":"ReadAction","target":["https:\/\/acuariosupremus.com\/?product=defense-one-shampoo-repelente-perros-y-gatos-250-ml"]}]},{"@type":"ImageObject","inLanguage":"es","@id":"https:\/\/acuariosupremus.com\/?product=defense-one-shampoo-repelente-perros-y-gatos-250-ml#primaryimage","url":"https:\/\/acuariosupremus.com\/wp-content\/uploads\/2024\/10\/FL4155_4.png","contentUrl":"https:\/\/acuariosupremus.com\/wp-content\/uploads\/2024\/10\/FL4155_4.png","width":600,"height":600},{"@type":"BreadcrumbList","@id":"https:\/\/acuariosupremus.com\/?product=defense-one-shampoo-repelente-perros-y-gatos-250-ml#breadcrumb","itemListElement":[{"@type":"ListItem","position":1,"name":"Portada","item":"https:\/\/acuariosupremus.com\/"},{"@type":"ListItem","position":2,"name":"Tienda","item":"https:\/\/acuariosupremus.com\/tienda\/"},{"@type":"ListItem","position":3,"name":"DEFENSE ONE SHAMPOO REPELENTE PERROS Y GATOS 250 ML"}]},{"@type":"WebSite","@id":"https:\/\/acuariosupremus.com\/#website","url":"https:\/\/acuariosupremus.com\/","name":"Acuario Supremus","description":"Peces, Peceras y Mascotas.","publisher":{"@id":"https:\/\/acuariosupremus.com\/#organization"},"potentialAction":[{"@type":"SearchAction","target":{"@type":"EntryPoint","urlTemplate":"https:\/\/acuariosupremus.com\/?s={search_term_string}"},"query-input":{"@type":"PropertyValueSpecification","valueRequired":true,"valueName":"search_term_string"}}],"inLanguage":"es"},{"@type":"Organization","@id":"https:\/\/acuariosupremus.com\/#organization","name":"Acuario Supremus","url":"https:\/\/acuariosupremus.com\/","logo":{"@type":"ImageObject","inLanguage":"es","@id":"https:\/\/acuariosupremus.com\/#\/schema\/logo\/image\/","url":"https:\/\/acuariosupremus.com\/wp-content\/uploads\/2021\/12\/cropped-logo_acuario_supremus_fn-2.png","contentUrl":"https:\/\/acuariosupremus.com\/wp-content\/uploads\/2021\/12\/cropped-logo_acuario_supremus_fn-2.png","width":1000,"height":318,"caption":"Acuario Supremus"},"image":{"@id":"https:\/\/acuariosupremus.com\/#\/schema\/logo\/image\/"},"sameAs":["https:\/\/www.facebook.com\/AcuarioSupremus","https:\/\/x.com\/AcuarioSupremus","https:\/\/www.instagram.com\/acuariosupremus\/?hl=es"]}]}},"jetpack_sharing_enabled":true,"_links":{"self":[{"href":"https:\/\/acuariosupremus.com\/index.php?rest_route=\/wp\/v2\/product\/13383","targetHints":{"allow":["GET"]}}],"collection":[{"href":"https:\/\/acuariosupremus.com\/index.php?rest_route=\/wp\/v2\/product"}],"about":[{"href":"https:\/\/acuariosupremus.com\/index.php?rest_route=\/wp\/v2\/types\/product"}],"wp:featuredmedia":[{"embeddable":true,"href":"https:\/\/acuariosupremus.com\/index.php?rest_route=\/wp\/v2\/media\/13384"}],"wp:attachment":[{"href":"https:\/\/acuariosupremus.com\/index.php?rest_route=%2Fwp%2Fv2%2Fmedia&parent=13383"}],"wp:term":[{"taxonomy":"product_brand","embeddable":true,"href":"https:\/\/acuariosupremus.com\/index.php?rest_route=%2Fwp%2Fv2%2Fproduct_brand&post=13383"},{"taxonomy":"product_cat","embeddable":true,"href":"https:\/\/acuariosupremus.com\/index.php?rest_route=%2Fwp%2Fv2%2Fproduct_cat&post=13383"},{"taxonomy":"product_tag","embeddable":true,"href":"https:\/\/acuariosupremus.com\/index.php?rest_route=%2Fwp%2Fv2%2Fproduct_tag&post=13383"}],"curies":[{"name":"wp","href":"https:\/\/api.w.org\/{rel}","templated":true}]}}