{"id":13432,"date":"2024-10-17T17:29:34","date_gmt":"2024-10-17T23:29:34","guid":{"rendered":"https:\/\/acuariosupremus.com\/?post_type=product&#038;p=13432"},"modified":"2026-01-17T17:44:02","modified_gmt":"2026-01-17T23:44:02","slug":"cana-de-pescar-p-gato-con-5-juguetes","status":"publish","type":"product","link":"https:\/\/acuariosupremus.com\/?product=cana-de-pescar-p-gato-con-5-juguetes","title":{"rendered":"CA\u00d1A DE PESCAR P\/GATO CON 5 JUGUETES"},"content":{"rendered":"<p>Beneficios:<br \/>\n-Fomenta el instinto cazador de tu gatoLe ayuda a liberar energ\u00eda Disminuye el aburrimiento<\/p>\n<p>Marca: Fancy Pets Especie: Gatos Medidas: 4 piezas: 1 ca\u00f1a, 5 peluches.\u00a0 Material: Plastico, metal, poliester.<\/p>\n<p>Modo de uso \/ Precuaciones y advertencias:<br \/>\n\u2022Abre cuidadosamente el seguro y sujeta de \u00e9ste el juguete de tu preferencia.\u2022Aseg\u00farate de cerrar bien el anzuelo.\u2022Para liberar la l\u00ednea, quita el seguro ubicado en la parte posterior del carrete.\u2022Practica lanzamientos y divi\u00e9rtete jugando con tu gato.\u2022Los juguetes contienen catnip en su interior lo que brindar\u00e1 otro nivel de diversi\u00f3n.<\/p>\n","protected":false},"excerpt":{"rendered":"<p>Juguete interactivo que incluye una ca\u00f1a de pescar resistente y flexible con tres peluches en forma de langosta, tibur\u00f3n y pez con plumas. Cada uno intercambiable para ofrecer variedad y mantener el inter\u00e9s de tu felino. Los peluches est\u00e1n rellenos con catnip de alta calidad, asegurando horas de juego estimulante y placentero para tu gato.<\/p>\n","protected":false},"featured_media":13433,"template":"","meta":[],"product_brand":[106],"product_cat":[30,34],"product_tag":[316],"class_list":{"0":"post-13432","1":"product","2":"type-product","3":"status-publish","4":"has-post-thumbnail","6":"product_brand-fancypets","7":"product_cat-gatos","8":"product_cat-juguetes-gatos","9":"product_tag-juguete-para-gato","11":"first","12":"instock","13":"sale","14":"shipping-taxable","15":"purchasable","16":"product-type-simple"},"yoast_head":"<!-- This site is optimized with the Yoast SEO plugin v27.4 - https:\/\/yoast.com\/product\/yoast-seo-wordpress\/ -->\n<title>CA\u00d1A DE PESCAR P\/GATO CON 5 JUGUETES | Acuario Supremus<\/title>\n<meta name=\"description\" content=\"La ca\u00f1a de pescar para gato con 5 PZA de Fancy Pets\u00ae est\u00e1 dise\u00f1ada para fomentar el instinto de caza de tu felino y promover el ejercicio f\u00edsico.\" \/>\n<meta name=\"robots\" content=\"index, follow, max-snippet:-1, max-image-preview:large, max-video-preview:-1\" \/>\n<link rel=\"canonical\" href=\"https:\/\/acuariosupremus.com\/?product=cana-de-pescar-p-gato-con-5-juguetes\" \/>\n<meta property=\"og:locale\" content=\"es_MX\" \/>\n<meta property=\"og:type\" content=\"article\" \/>\n<meta property=\"og:title\" content=\"CA\u00d1A DE PESCAR P\/GATO CON 5 JUGUETES | Acuario Supremus\" \/>\n<meta property=\"og:description\" content=\"La ca\u00f1a de pescar para gato con 5 PZA de Fancy Pets\u00ae est\u00e1 dise\u00f1ada para fomentar el instinto de caza de tu felino y promover el ejercicio f\u00edsico.\" \/>\n<meta property=\"og:url\" content=\"https:\/\/acuariosupremus.com\/?product=cana-de-pescar-p-gato-con-5-juguetes\" \/>\n<meta property=\"og:site_name\" content=\"Acuario Supremus\" \/>\n<meta property=\"article:publisher\" content=\"https:\/\/www.facebook.com\/AcuarioSupremus\" \/>\n<meta property=\"article:modified_time\" content=\"2026-01-17T23:44:02+00:00\" \/>\n<meta property=\"og:image\" content=\"https:\/\/acuariosupremus.com\/wp-content\/uploads\/2024\/10\/FL9640.png\" \/>\n\t<meta property=\"og:image:width\" content=\"600\" \/>\n\t<meta property=\"og:image:height\" content=\"600\" \/>\n\t<meta property=\"og:image:type\" content=\"image\/png\" \/>\n<meta name=\"twitter:card\" content=\"summary_large_image\" \/>\n<meta name=\"twitter:site\" content=\"@AcuarioSupremus\" \/>\n<meta name=\"twitter:label1\" content=\"Tiempo de lectura\" \/>\n\t<meta name=\"twitter:data1\" content=\"1 minuto\" \/>\n<script type=\"application\/ld+json\" class=\"yoast-schema-graph\">{\"@context\":\"https:\\\/\\\/schema.org\",\"@graph\":[{\"@type\":\"WebPage\",\"@id\":\"https:\\\/\\\/acuariosupremus.com\\\/?product=cana-de-pescar-p-gato-con-5-juguetes\",\"url\":\"https:\\\/\\\/acuariosupremus.com\\\/?product=cana-de-pescar-p-gato-con-5-juguetes\",\"name\":\"CA\u00d1A DE PESCAR P\\\/GATO CON 5 JUGUETES | Acuario Supremus\",\"isPartOf\":{\"@id\":\"https:\\\/\\\/acuariosupremus.com\\\/#website\"},\"primaryImageOfPage\":{\"@id\":\"https:\\\/\\\/acuariosupremus.com\\\/?product=cana-de-pescar-p-gato-con-5-juguetes#primaryimage\"},\"image\":{\"@id\":\"https:\\\/\\\/acuariosupremus.com\\\/?product=cana-de-pescar-p-gato-con-5-juguetes#primaryimage\"},\"thumbnailUrl\":\"https:\\\/\\\/acuariosupremus.com\\\/wp-content\\\/uploads\\\/2024\\\/10\\\/FL9640.png\",\"datePublished\":\"2024-10-17T23:29:34+00:00\",\"dateModified\":\"2026-01-17T23:44:02+00:00\",\"description\":\"La ca\u00f1a de pescar para gato con 5 PZA de Fancy Pets\u00ae est\u00e1 dise\u00f1ada para fomentar el instinto de caza de tu felino y promover el ejercicio f\u00edsico.\",\"breadcrumb\":{\"@id\":\"https:\\\/\\\/acuariosupremus.com\\\/?product=cana-de-pescar-p-gato-con-5-juguetes#breadcrumb\"},\"inLanguage\":\"es\",\"potentialAction\":[{\"@type\":\"ReadAction\",\"target\":[\"https:\\\/\\\/acuariosupremus.com\\\/?product=cana-de-pescar-p-gato-con-5-juguetes\"]}]},{\"@type\":\"ImageObject\",\"inLanguage\":\"es\",\"@id\":\"https:\\\/\\\/acuariosupremus.com\\\/?product=cana-de-pescar-p-gato-con-5-juguetes#primaryimage\",\"url\":\"https:\\\/\\\/acuariosupremus.com\\\/wp-content\\\/uploads\\\/2024\\\/10\\\/FL9640.png\",\"contentUrl\":\"https:\\\/\\\/acuariosupremus.com\\\/wp-content\\\/uploads\\\/2024\\\/10\\\/FL9640.png\",\"width\":600,\"height\":600},{\"@type\":\"BreadcrumbList\",\"@id\":\"https:\\\/\\\/acuariosupremus.com\\\/?product=cana-de-pescar-p-gato-con-5-juguetes#breadcrumb\",\"itemListElement\":[{\"@type\":\"ListItem\",\"position\":1,\"name\":\"Portada\",\"item\":\"https:\\\/\\\/acuariosupremus.com\\\/\"},{\"@type\":\"ListItem\",\"position\":2,\"name\":\"Tienda\",\"item\":\"https:\\\/\\\/acuariosupremus.com\\\/tienda\\\/\"},{\"@type\":\"ListItem\",\"position\":3,\"name\":\"CA\u00d1A DE PESCAR P\\\/GATO CON 5 JUGUETES\"}]},{\"@type\":\"WebSite\",\"@id\":\"https:\\\/\\\/acuariosupremus.com\\\/#website\",\"url\":\"https:\\\/\\\/acuariosupremus.com\\\/\",\"name\":\"Acuario Supremus\",\"description\":\"Peces, Peceras y Mascotas.\",\"publisher\":{\"@id\":\"https:\\\/\\\/acuariosupremus.com\\\/#organization\"},\"potentialAction\":[{\"@type\":\"SearchAction\",\"target\":{\"@type\":\"EntryPoint\",\"urlTemplate\":\"https:\\\/\\\/acuariosupremus.com\\\/?s={search_term_string}\"},\"query-input\":{\"@type\":\"PropertyValueSpecification\",\"valueRequired\":true,\"valueName\":\"search_term_string\"}}],\"inLanguage\":\"es\"},{\"@type\":\"Organization\",\"@id\":\"https:\\\/\\\/acuariosupremus.com\\\/#organization\",\"name\":\"Acuario Supremus\",\"url\":\"https:\\\/\\\/acuariosupremus.com\\\/\",\"logo\":{\"@type\":\"ImageObject\",\"inLanguage\":\"es\",\"@id\":\"https:\\\/\\\/acuariosupremus.com\\\/#\\\/schema\\\/logo\\\/image\\\/\",\"url\":\"https:\\\/\\\/acuariosupremus.com\\\/wp-content\\\/uploads\\\/2021\\\/12\\\/cropped-logo_acuario_supremus_fn-2.png\",\"contentUrl\":\"https:\\\/\\\/acuariosupremus.com\\\/wp-content\\\/uploads\\\/2021\\\/12\\\/cropped-logo_acuario_supremus_fn-2.png\",\"width\":1000,\"height\":318,\"caption\":\"Acuario Supremus\"},\"image\":{\"@id\":\"https:\\\/\\\/acuariosupremus.com\\\/#\\\/schema\\\/logo\\\/image\\\/\"},\"sameAs\":[\"https:\\\/\\\/www.facebook.com\\\/AcuarioSupremus\",\"https:\\\/\\\/x.com\\\/AcuarioSupremus\",\"https:\\\/\\\/www.instagram.com\\\/acuariosupremus\\\/?hl=es\"]}]}<\/script>\n<!-- \/ Yoast SEO plugin. -->","yoast_head_json":{"title":"CA\u00d1A DE PESCAR P\/GATO CON 5 JUGUETES | Acuario Supremus","description":"La ca\u00f1a de pescar para gato con 5 PZA de Fancy Pets\u00ae est\u00e1 dise\u00f1ada para fomentar el instinto de caza de tu felino y promover el ejercicio f\u00edsico.","robots":{"index":"index","follow":"follow","max-snippet":"max-snippet:-1","max-image-preview":"max-image-preview:large","max-video-preview":"max-video-preview:-1"},"canonical":"https:\/\/acuariosupremus.com\/?product=cana-de-pescar-p-gato-con-5-juguetes","og_locale":"es_MX","og_type":"article","og_title":"CA\u00d1A DE PESCAR P\/GATO CON 5 JUGUETES | Acuario Supremus","og_description":"La ca\u00f1a de pescar para gato con 5 PZA de Fancy Pets\u00ae est\u00e1 dise\u00f1ada para fomentar el instinto de caza de tu felino y promover el ejercicio f\u00edsico.","og_url":"https:\/\/acuariosupremus.com\/?product=cana-de-pescar-p-gato-con-5-juguetes","og_site_name":"Acuario Supremus","article_publisher":"https:\/\/www.facebook.com\/AcuarioSupremus","article_modified_time":"2026-01-17T23:44:02+00:00","og_image":[{"width":600,"height":600,"url":"https:\/\/acuariosupremus.com\/wp-content\/uploads\/2024\/10\/FL9640.png","type":"image\/png"}],"twitter_card":"summary_large_image","twitter_site":"@AcuarioSupremus","twitter_misc":{"Tiempo de lectura":"1 minuto"},"schema":{"@context":"https:\/\/schema.org","@graph":[{"@type":"WebPage","@id":"https:\/\/acuariosupremus.com\/?product=cana-de-pescar-p-gato-con-5-juguetes","url":"https:\/\/acuariosupremus.com\/?product=cana-de-pescar-p-gato-con-5-juguetes","name":"CA\u00d1A DE PESCAR P\/GATO CON 5 JUGUETES | Acuario Supremus","isPartOf":{"@id":"https:\/\/acuariosupremus.com\/#website"},"primaryImageOfPage":{"@id":"https:\/\/acuariosupremus.com\/?product=cana-de-pescar-p-gato-con-5-juguetes#primaryimage"},"image":{"@id":"https:\/\/acuariosupremus.com\/?product=cana-de-pescar-p-gato-con-5-juguetes#primaryimage"},"thumbnailUrl":"https:\/\/acuariosupremus.com\/wp-content\/uploads\/2024\/10\/FL9640.png","datePublished":"2024-10-17T23:29:34+00:00","dateModified":"2026-01-17T23:44:02+00:00","description":"La ca\u00f1a de pescar para gato con 5 PZA de Fancy Pets\u00ae est\u00e1 dise\u00f1ada para fomentar el instinto de caza de tu felino y promover el ejercicio f\u00edsico.","breadcrumb":{"@id":"https:\/\/acuariosupremus.com\/?product=cana-de-pescar-p-gato-con-5-juguetes#breadcrumb"},"inLanguage":"es","potentialAction":[{"@type":"ReadAction","target":["https:\/\/acuariosupremus.com\/?product=cana-de-pescar-p-gato-con-5-juguetes"]}]},{"@type":"ImageObject","inLanguage":"es","@id":"https:\/\/acuariosupremus.com\/?product=cana-de-pescar-p-gato-con-5-juguetes#primaryimage","url":"https:\/\/acuariosupremus.com\/wp-content\/uploads\/2024\/10\/FL9640.png","contentUrl":"https:\/\/acuariosupremus.com\/wp-content\/uploads\/2024\/10\/FL9640.png","width":600,"height":600},{"@type":"BreadcrumbList","@id":"https:\/\/acuariosupremus.com\/?product=cana-de-pescar-p-gato-con-5-juguetes#breadcrumb","itemListElement":[{"@type":"ListItem","position":1,"name":"Portada","item":"https:\/\/acuariosupremus.com\/"},{"@type":"ListItem","position":2,"name":"Tienda","item":"https:\/\/acuariosupremus.com\/tienda\/"},{"@type":"ListItem","position":3,"name":"CA\u00d1A DE PESCAR P\/GATO CON 5 JUGUETES"}]},{"@type":"WebSite","@id":"https:\/\/acuariosupremus.com\/#website","url":"https:\/\/acuariosupremus.com\/","name":"Acuario Supremus","description":"Peces, Peceras y Mascotas.","publisher":{"@id":"https:\/\/acuariosupremus.com\/#organization"},"potentialAction":[{"@type":"SearchAction","target":{"@type":"EntryPoint","urlTemplate":"https:\/\/acuariosupremus.com\/?s={search_term_string}"},"query-input":{"@type":"PropertyValueSpecification","valueRequired":true,"valueName":"search_term_string"}}],"inLanguage":"es"},{"@type":"Organization","@id":"https:\/\/acuariosupremus.com\/#organization","name":"Acuario Supremus","url":"https:\/\/acuariosupremus.com\/","logo":{"@type":"ImageObject","inLanguage":"es","@id":"https:\/\/acuariosupremus.com\/#\/schema\/logo\/image\/","url":"https:\/\/acuariosupremus.com\/wp-content\/uploads\/2021\/12\/cropped-logo_acuario_supremus_fn-2.png","contentUrl":"https:\/\/acuariosupremus.com\/wp-content\/uploads\/2021\/12\/cropped-logo_acuario_supremus_fn-2.png","width":1000,"height":318,"caption":"Acuario Supremus"},"image":{"@id":"https:\/\/acuariosupremus.com\/#\/schema\/logo\/image\/"},"sameAs":["https:\/\/www.facebook.com\/AcuarioSupremus","https:\/\/x.com\/AcuarioSupremus","https:\/\/www.instagram.com\/acuariosupremus\/?hl=es"]}]}},"jetpack_sharing_enabled":true,"_links":{"self":[{"href":"https:\/\/acuariosupremus.com\/index.php?rest_route=\/wp\/v2\/product\/13432","targetHints":{"allow":["GET"]}}],"collection":[{"href":"https:\/\/acuariosupremus.com\/index.php?rest_route=\/wp\/v2\/product"}],"about":[{"href":"https:\/\/acuariosupremus.com\/index.php?rest_route=\/wp\/v2\/types\/product"}],"wp:featuredmedia":[{"embeddable":true,"href":"https:\/\/acuariosupremus.com\/index.php?rest_route=\/wp\/v2\/media\/13433"}],"wp:attachment":[{"href":"https:\/\/acuariosupremus.com\/index.php?rest_route=%2Fwp%2Fv2%2Fmedia&parent=13432"}],"wp:term":[{"taxonomy":"product_brand","embeddable":true,"href":"https:\/\/acuariosupremus.com\/index.php?rest_route=%2Fwp%2Fv2%2Fproduct_brand&post=13432"},{"taxonomy":"product_cat","embeddable":true,"href":"https:\/\/acuariosupremus.com\/index.php?rest_route=%2Fwp%2Fv2%2Fproduct_cat&post=13432"},{"taxonomy":"product_tag","embeddable":true,"href":"https:\/\/acuariosupremus.com\/index.php?rest_route=%2Fwp%2Fv2%2Fproduct_tag&post=13432"}],"curies":[{"name":"wp","href":"https:\/\/api.w.org\/{rel}","templated":true}]}}