{"id":13451,"date":"2024-10-17T17:59:46","date_gmt":"2024-10-17T23:59:46","guid":{"rendered":"https:\/\/acuariosupremus.com\/?post_type=product&#038;p=13451"},"modified":"2026-02-04T15:17:17","modified_gmt":"2026-02-04T21:17:17","slug":"juguete-jirafa-squeaky-mega-buddies","status":"publish","type":"product","link":"https:\/\/acuariosupremus.com\/?product=juguete-jirafa-squeaky-mega-buddies","title":{"rendered":"JUGUETE JIRAFA SQUEAKY MEGA BUDDIES"},"content":{"rendered":"<div id=\"tab-label-product.info.beneficios\" class=\"data item title active\" tabindex=\"0\" role=\"tab\" aria-labeledby=\"tab-label-product.info.beneficios-title\" data-role=\"collapsible\" data-collapsible=\"true\" aria-controls=\"product.info.beneficios\" aria-selected=\"true\" aria-expanded=\"true\">BENEFICIOS:<\/div>\n<div id=\"product.info.beneficios\" class=\"data item content\" role=\"tabpanel\" data-role=\"content\" aria-labelledby=\"tab-label-product.info.beneficios\" aria-hidden=\"false\">\n<div class=\"product attribute beneficios\">\n<div class=\"value\">Estimulaci\u00f3n sensorial: Los squeakers integrados proporcionan una estimulaci\u00f3n auditiva que puede mantener a la mascota entretenida, ayudando a prevenir el aburrimiento.Ejercicio y actividad f\u00edsica: Al jugar las mascotas realizan variedad de movimientos promoviendo el ejercicio f\u00edsico regular. Reducci\u00f3n del estr\u00e9s y ansiedad: Pueden ofrecer una sensaci\u00f3n de confort y seguridad a las mascotas, especialmente aquellas que sufren ansiedad por separaci\u00f3n. Desarrollo de la masticaci\u00f3n saludable: Morder los peluches ayudan a las mascotas a mantener sus mand\u00edbulas fuertes y sus dientes limpios.<\/div>\n<div>\n<div id=\"tab-label-product.info.ingredientes.modo.de.uso\" class=\"data item title active\" tabindex=\"0\" role=\"tab\" aria-labeledby=\"tab-label-product.info.ingredientes.modo.de.uso-title\" data-role=\"collapsible\" data-collapsible=\"true\" aria-controls=\"product.info.ingredientes.modo.de.uso\" aria-selected=\"true\" aria-expanded=\"true\">MODO DE USO \/ PRECAUCIONES Y ADVERTENCIAS:<\/div>\n<div id=\"product.info.ingredientes.modo.de.uso\" class=\"data item content\" role=\"tabpanel\" data-role=\"content\" aria-labelledby=\"tab-label-product.info.ingredientes.modo.de.uso\" aria-hidden=\"false\">\n<div class=\"product attribute modo_de_uso_precuaciones_y_adv\">\n<div class=\"value\">Ofrezca a la mascota y permita que este la olfatee, incite al jugo estimulando a su mascota con el juguete.Por seguridad si el juguete se da\u00f1a o se rompe debe reemplazarse. El uso de este producto es responsabilidad del due\u00f1o de la mascota. Este juguete NO es apto para ni\u00f1os. Limpiar con un trapo h\u00famedo. No usar jab\u00f3n ni detergente. No usar cloro.<\/div>\n<\/div>\n<\/div>\n<\/div>\n<\/div>\n<\/div>\n","protected":false},"excerpt":{"rendered":"<p>Son una l\u00ednea de juguetes suaves y adorables dise\u00f1ados para ser los compa\u00f1eros perfectos de tu mascota. Estos peluches destacan por sus vibrantes colores y su dise\u00f1o amigable en forma de varios animales. Cada peluche incluye un squeaker en su interior, lo que a\u00f1ade un elemento de diversi\u00f3n interactiva.<\/p>\n","protected":false},"featured_media":13452,"template":"","meta":[],"product_brand":[106],"product_cat":[73,77],"product_tag":[464,328,526],"class_list":{"0":"post-13451","1":"product","2":"type-product","3":"status-publish","4":"has-post-thumbnail","6":"product_brand-fancypets","7":"product_cat-perros","8":"product_cat-juguetes-perros","9":"product_tag-juguete-con-sonido","10":"product_tag-juguete-para-perro","11":"product_tag-juguete-peluche","13":"first","14":"instock","15":"sale","16":"shipping-taxable","17":"purchasable","18":"product-type-simple"},"yoast_head":"<!-- This site is optimized with the Yoast SEO plugin v27.4 - https:\/\/yoast.com\/product\/yoast-seo-wordpress\/ -->\n<title>JUGUETE JIRAFA SQUEAKY MEGA BUDDIES | Acuario Supremus<\/title>\n<meta name=\"description\" content=\"Juguete JIRAFA Squeaky son de peluche incluye un squeaker en su interior, lo que a\u00f1ade un elemento de diversi\u00f3n interactiva.\" \/>\n<meta name=\"robots\" content=\"index, follow, max-snippet:-1, max-image-preview:large, max-video-preview:-1\" \/>\n<link rel=\"canonical\" href=\"https:\/\/acuariosupremus.com\/?product=juguete-jirafa-squeaky-mega-buddies\" \/>\n<meta property=\"og:locale\" content=\"es_MX\" \/>\n<meta property=\"og:type\" content=\"article\" \/>\n<meta property=\"og:title\" content=\"JUGUETE JIRAFA SQUEAKY MEGA BUDDIES | Acuario Supremus\" \/>\n<meta property=\"og:description\" content=\"Juguete JIRAFA Squeaky son de peluche incluye un squeaker en su interior, lo que a\u00f1ade un elemento de diversi\u00f3n interactiva.\" \/>\n<meta property=\"og:url\" content=\"https:\/\/acuariosupremus.com\/?product=juguete-jirafa-squeaky-mega-buddies\" \/>\n<meta property=\"og:site_name\" content=\"Acuario Supremus\" \/>\n<meta property=\"article:publisher\" content=\"https:\/\/www.facebook.com\/AcuarioSupremus\" \/>\n<meta property=\"article:modified_time\" content=\"2026-02-04T21:17:17+00:00\" \/>\n<meta property=\"og:image\" content=\"https:\/\/acuariosupremus.com\/wp-content\/uploads\/2024\/10\/FL9636.png\" \/>\n\t<meta property=\"og:image:width\" content=\"600\" \/>\n\t<meta property=\"og:image:height\" content=\"600\" \/>\n\t<meta property=\"og:image:type\" content=\"image\/png\" \/>\n<meta name=\"twitter:card\" content=\"summary_large_image\" \/>\n<meta name=\"twitter:site\" content=\"@AcuarioSupremus\" \/>\n<meta name=\"twitter:label1\" content=\"Tiempo de lectura\" \/>\n\t<meta name=\"twitter:data1\" content=\"1 minuto\" \/>\n<script type=\"application\/ld+json\" class=\"yoast-schema-graph\">{\"@context\":\"https:\\\/\\\/schema.org\",\"@graph\":[{\"@type\":\"WebPage\",\"@id\":\"https:\\\/\\\/acuariosupremus.com\\\/?product=juguete-jirafa-squeaky-mega-buddies\",\"url\":\"https:\\\/\\\/acuariosupremus.com\\\/?product=juguete-jirafa-squeaky-mega-buddies\",\"name\":\"JUGUETE JIRAFA SQUEAKY MEGA BUDDIES | Acuario Supremus\",\"isPartOf\":{\"@id\":\"https:\\\/\\\/acuariosupremus.com\\\/#website\"},\"primaryImageOfPage\":{\"@id\":\"https:\\\/\\\/acuariosupremus.com\\\/?product=juguete-jirafa-squeaky-mega-buddies#primaryimage\"},\"image\":{\"@id\":\"https:\\\/\\\/acuariosupremus.com\\\/?product=juguete-jirafa-squeaky-mega-buddies#primaryimage\"},\"thumbnailUrl\":\"https:\\\/\\\/acuariosupremus.com\\\/wp-content\\\/uploads\\\/2024\\\/10\\\/FL9636.png\",\"datePublished\":\"2024-10-17T23:59:46+00:00\",\"dateModified\":\"2026-02-04T21:17:17+00:00\",\"description\":\"Juguete JIRAFA Squeaky son de peluche incluye un squeaker en su interior, lo que a\u00f1ade un elemento de diversi\u00f3n interactiva.\",\"breadcrumb\":{\"@id\":\"https:\\\/\\\/acuariosupremus.com\\\/?product=juguete-jirafa-squeaky-mega-buddies#breadcrumb\"},\"inLanguage\":\"es\",\"potentialAction\":[{\"@type\":\"ReadAction\",\"target\":[\"https:\\\/\\\/acuariosupremus.com\\\/?product=juguete-jirafa-squeaky-mega-buddies\"]}]},{\"@type\":\"ImageObject\",\"inLanguage\":\"es\",\"@id\":\"https:\\\/\\\/acuariosupremus.com\\\/?product=juguete-jirafa-squeaky-mega-buddies#primaryimage\",\"url\":\"https:\\\/\\\/acuariosupremus.com\\\/wp-content\\\/uploads\\\/2024\\\/10\\\/FL9636.png\",\"contentUrl\":\"https:\\\/\\\/acuariosupremus.com\\\/wp-content\\\/uploads\\\/2024\\\/10\\\/FL9636.png\",\"width\":600,\"height\":600},{\"@type\":\"BreadcrumbList\",\"@id\":\"https:\\\/\\\/acuariosupremus.com\\\/?product=juguete-jirafa-squeaky-mega-buddies#breadcrumb\",\"itemListElement\":[{\"@type\":\"ListItem\",\"position\":1,\"name\":\"Portada\",\"item\":\"https:\\\/\\\/acuariosupremus.com\\\/\"},{\"@type\":\"ListItem\",\"position\":2,\"name\":\"Tienda\",\"item\":\"https:\\\/\\\/acuariosupremus.com\\\/tienda\\\/\"},{\"@type\":\"ListItem\",\"position\":3,\"name\":\"JUGUETE JIRAFA SQUEAKY MEGA BUDDIES\"}]},{\"@type\":\"WebSite\",\"@id\":\"https:\\\/\\\/acuariosupremus.com\\\/#website\",\"url\":\"https:\\\/\\\/acuariosupremus.com\\\/\",\"name\":\"Acuario Supremus\",\"description\":\"Peces, Peceras y Mascotas.\",\"publisher\":{\"@id\":\"https:\\\/\\\/acuariosupremus.com\\\/#organization\"},\"potentialAction\":[{\"@type\":\"SearchAction\",\"target\":{\"@type\":\"EntryPoint\",\"urlTemplate\":\"https:\\\/\\\/acuariosupremus.com\\\/?s={search_term_string}\"},\"query-input\":{\"@type\":\"PropertyValueSpecification\",\"valueRequired\":true,\"valueName\":\"search_term_string\"}}],\"inLanguage\":\"es\"},{\"@type\":\"Organization\",\"@id\":\"https:\\\/\\\/acuariosupremus.com\\\/#organization\",\"name\":\"Acuario Supremus\",\"url\":\"https:\\\/\\\/acuariosupremus.com\\\/\",\"logo\":{\"@type\":\"ImageObject\",\"inLanguage\":\"es\",\"@id\":\"https:\\\/\\\/acuariosupremus.com\\\/#\\\/schema\\\/logo\\\/image\\\/\",\"url\":\"https:\\\/\\\/acuariosupremus.com\\\/wp-content\\\/uploads\\\/2021\\\/12\\\/cropped-logo_acuario_supremus_fn-2.png\",\"contentUrl\":\"https:\\\/\\\/acuariosupremus.com\\\/wp-content\\\/uploads\\\/2021\\\/12\\\/cropped-logo_acuario_supremus_fn-2.png\",\"width\":1000,\"height\":318,\"caption\":\"Acuario Supremus\"},\"image\":{\"@id\":\"https:\\\/\\\/acuariosupremus.com\\\/#\\\/schema\\\/logo\\\/image\\\/\"},\"sameAs\":[\"https:\\\/\\\/www.facebook.com\\\/AcuarioSupremus\",\"https:\\\/\\\/x.com\\\/AcuarioSupremus\",\"https:\\\/\\\/www.instagram.com\\\/acuariosupremus\\\/?hl=es\"]}]}<\/script>\n<!-- \/ Yoast SEO plugin. -->","yoast_head_json":{"title":"JUGUETE JIRAFA SQUEAKY MEGA BUDDIES | Acuario Supremus","description":"Juguete JIRAFA Squeaky son de peluche incluye un squeaker en su interior, lo que a\u00f1ade un elemento de diversi\u00f3n interactiva.","robots":{"index":"index","follow":"follow","max-snippet":"max-snippet:-1","max-image-preview":"max-image-preview:large","max-video-preview":"max-video-preview:-1"},"canonical":"https:\/\/acuariosupremus.com\/?product=juguete-jirafa-squeaky-mega-buddies","og_locale":"es_MX","og_type":"article","og_title":"JUGUETE JIRAFA SQUEAKY MEGA BUDDIES | Acuario Supremus","og_description":"Juguete JIRAFA Squeaky son de peluche incluye un squeaker en su interior, lo que a\u00f1ade un elemento de diversi\u00f3n interactiva.","og_url":"https:\/\/acuariosupremus.com\/?product=juguete-jirafa-squeaky-mega-buddies","og_site_name":"Acuario Supremus","article_publisher":"https:\/\/www.facebook.com\/AcuarioSupremus","article_modified_time":"2026-02-04T21:17:17+00:00","og_image":[{"width":600,"height":600,"url":"https:\/\/acuariosupremus.com\/wp-content\/uploads\/2024\/10\/FL9636.png","type":"image\/png"}],"twitter_card":"summary_large_image","twitter_site":"@AcuarioSupremus","twitter_misc":{"Tiempo de lectura":"1 minuto"},"schema":{"@context":"https:\/\/schema.org","@graph":[{"@type":"WebPage","@id":"https:\/\/acuariosupremus.com\/?product=juguete-jirafa-squeaky-mega-buddies","url":"https:\/\/acuariosupremus.com\/?product=juguete-jirafa-squeaky-mega-buddies","name":"JUGUETE JIRAFA SQUEAKY MEGA BUDDIES | Acuario Supremus","isPartOf":{"@id":"https:\/\/acuariosupremus.com\/#website"},"primaryImageOfPage":{"@id":"https:\/\/acuariosupremus.com\/?product=juguete-jirafa-squeaky-mega-buddies#primaryimage"},"image":{"@id":"https:\/\/acuariosupremus.com\/?product=juguete-jirafa-squeaky-mega-buddies#primaryimage"},"thumbnailUrl":"https:\/\/acuariosupremus.com\/wp-content\/uploads\/2024\/10\/FL9636.png","datePublished":"2024-10-17T23:59:46+00:00","dateModified":"2026-02-04T21:17:17+00:00","description":"Juguete JIRAFA Squeaky son de peluche incluye un squeaker en su interior, lo que a\u00f1ade un elemento de diversi\u00f3n interactiva.","breadcrumb":{"@id":"https:\/\/acuariosupremus.com\/?product=juguete-jirafa-squeaky-mega-buddies#breadcrumb"},"inLanguage":"es","potentialAction":[{"@type":"ReadAction","target":["https:\/\/acuariosupremus.com\/?product=juguete-jirafa-squeaky-mega-buddies"]}]},{"@type":"ImageObject","inLanguage":"es","@id":"https:\/\/acuariosupremus.com\/?product=juguete-jirafa-squeaky-mega-buddies#primaryimage","url":"https:\/\/acuariosupremus.com\/wp-content\/uploads\/2024\/10\/FL9636.png","contentUrl":"https:\/\/acuariosupremus.com\/wp-content\/uploads\/2024\/10\/FL9636.png","width":600,"height":600},{"@type":"BreadcrumbList","@id":"https:\/\/acuariosupremus.com\/?product=juguete-jirafa-squeaky-mega-buddies#breadcrumb","itemListElement":[{"@type":"ListItem","position":1,"name":"Portada","item":"https:\/\/acuariosupremus.com\/"},{"@type":"ListItem","position":2,"name":"Tienda","item":"https:\/\/acuariosupremus.com\/tienda\/"},{"@type":"ListItem","position":3,"name":"JUGUETE JIRAFA SQUEAKY MEGA BUDDIES"}]},{"@type":"WebSite","@id":"https:\/\/acuariosupremus.com\/#website","url":"https:\/\/acuariosupremus.com\/","name":"Acuario Supremus","description":"Peces, Peceras y Mascotas.","publisher":{"@id":"https:\/\/acuariosupremus.com\/#organization"},"potentialAction":[{"@type":"SearchAction","target":{"@type":"EntryPoint","urlTemplate":"https:\/\/acuariosupremus.com\/?s={search_term_string}"},"query-input":{"@type":"PropertyValueSpecification","valueRequired":true,"valueName":"search_term_string"}}],"inLanguage":"es"},{"@type":"Organization","@id":"https:\/\/acuariosupremus.com\/#organization","name":"Acuario Supremus","url":"https:\/\/acuariosupremus.com\/","logo":{"@type":"ImageObject","inLanguage":"es","@id":"https:\/\/acuariosupremus.com\/#\/schema\/logo\/image\/","url":"https:\/\/acuariosupremus.com\/wp-content\/uploads\/2021\/12\/cropped-logo_acuario_supremus_fn-2.png","contentUrl":"https:\/\/acuariosupremus.com\/wp-content\/uploads\/2021\/12\/cropped-logo_acuario_supremus_fn-2.png","width":1000,"height":318,"caption":"Acuario Supremus"},"image":{"@id":"https:\/\/acuariosupremus.com\/#\/schema\/logo\/image\/"},"sameAs":["https:\/\/www.facebook.com\/AcuarioSupremus","https:\/\/x.com\/AcuarioSupremus","https:\/\/www.instagram.com\/acuariosupremus\/?hl=es"]}]}},"jetpack_sharing_enabled":true,"_links":{"self":[{"href":"https:\/\/acuariosupremus.com\/index.php?rest_route=\/wp\/v2\/product\/13451","targetHints":{"allow":["GET"]}}],"collection":[{"href":"https:\/\/acuariosupremus.com\/index.php?rest_route=\/wp\/v2\/product"}],"about":[{"href":"https:\/\/acuariosupremus.com\/index.php?rest_route=\/wp\/v2\/types\/product"}],"wp:featuredmedia":[{"embeddable":true,"href":"https:\/\/acuariosupremus.com\/index.php?rest_route=\/wp\/v2\/media\/13452"}],"wp:attachment":[{"href":"https:\/\/acuariosupremus.com\/index.php?rest_route=%2Fwp%2Fv2%2Fmedia&parent=13451"}],"wp:term":[{"taxonomy":"product_brand","embeddable":true,"href":"https:\/\/acuariosupremus.com\/index.php?rest_route=%2Fwp%2Fv2%2Fproduct_brand&post=13451"},{"taxonomy":"product_cat","embeddable":true,"href":"https:\/\/acuariosupremus.com\/index.php?rest_route=%2Fwp%2Fv2%2Fproduct_cat&post=13451"},{"taxonomy":"product_tag","embeddable":true,"href":"https:\/\/acuariosupremus.com\/index.php?rest_route=%2Fwp%2Fv2%2Fproduct_tag&post=13451"}],"curies":[{"name":"wp","href":"https:\/\/api.w.org\/{rel}","templated":true}]}}