{"id":13624,"date":"2025-05-19T19:32:01","date_gmt":"2025-05-20T01:32:01","guid":{"rendered":"https:\/\/acuariosupremus.com\/?post_type=product&#038;p=13624"},"modified":"2025-12-23T20:06:47","modified_gmt":"2025-12-24T02:06:47","slug":"bio-xd-extreme-decomposer-tortugas-degradador-de-materia-organica-1000ml","status":"publish","type":"product","link":"https:\/\/acuariosupremus.com\/?product=bio-xd-extreme-decomposer-tortugas-degradador-de-materia-organica-1000ml","title":{"rendered":"BIO XD (Extreme Decomposer Tortugas) degradador de materia org\u00e1nica 1000ml."},"content":{"rendered":"<p><span class=\"fontstyle0\">CARACTER\u00cdSTICAS:<\/span><\/p>\n<p><span class=\"fontstyle1\">1. Cepas m\u00faltiples de bacterianas naturales altamente activas.<\/span><\/p>\n<p><span class=\"fontstyle1\">2. No requiere activaci\u00f3n. Comienza a trabajar inmediatamente despu\u00e9s de su adici\u00f3n.<\/span><\/p>\n<p><span class=\"fontstyle1\">3. Potente acci\u00f3n de degradaci\u00f3n de materia org\u00e1nica e inhibici\u00f3n de algas: extiende la <\/span><span class=\"fontstyle1\">necesidad de dar mantenimiento al acuario hasta por 2 veces m\u00e1s.<\/span><\/p>\n<p><span class=\"fontstyle1\">4. Mantiene el agua limpia durante m\u00e1s tiempo y descompone r\u00e1pidamente una gran <\/span><span class=\"fontstyle1\">variedad de contaminantes.<\/span><\/p>\n<p><span class=\"fontstyle1\">5. Acondicionador de agua sumamente eficiente en la degradaci\u00f3n biol\u00f3gica de compuestos <\/span><span class=\"fontstyle1\">org\u00e1nicos en descomposici\u00f3n presentes en los acuarios y acuaterrarios. Descompone <\/span><span class=\"fontstyle1\">r\u00e1pidamente los excrementos y sedimentos org\u00e1nicos en 8 horas, ayuda a mantener el <\/span><span class=\"fontstyle1\">agua limpia durante m\u00e1s tiempo para reducir la frecuencia de la limpieza.<\/span><\/p>\n<p><span class=\"fontstyle0\">INSTRUCCIONES:\u00a0 \u00a0<\/span><span class=\"fontstyle0\">A\u00f1ada 1ml de AZOO Plus BIO XD 3 litros de.<\/span><\/p>\n<p><span class=\"fontstyle0\">OBSERVACIONES:<\/span><span class=\"fontstyle0\">Para garantizar una correcta dispersi\u00f3n, a\u00f1ada los aditivos en un \u00e1rea del acuario que tenga suficiente corriente. Para cambios de agua, puede a\u00f1adir los aditivos al agua antes de verterla sobre el acuario. Evite mezclar diferentes aditivos antes de a\u00f1adirlos.<\/span><\/p>\n<p><span class=\"fontstyle0\">Algunos productos para acuarios pueden reaccionar qu\u00edmicamente con otros; procure no combinar varios productos al mismo tiempo para evitar precipitaciones o reacciones no deseadas.<\/span><br \/>\nP\/V Neto:<br \/>\n1000 (ml.)<br \/>\nPeso total:<br \/>\n1.050 (Kg.)<br \/>\nTama\u00f1o mm:<\/p>\n","protected":false},"excerpt":{"rendered":"<p><span class=\"fontstyle0\">BIO XD est\u00e1 compuesto de cepas m\u00faltiples de bacterianas naturales altamente activas, que pueden inocularse inmediatamente en un acuario para descomponer r\u00e1pidamente todo tipo de contaminantes como impurezas, residuos de alimentos y excrementos. Las poderosas bacterias de nitrificaci\u00f3n trabajan para descomponer la mayor\u00eda de los molestos contaminantes en solo 8 horas, manteniendo el agua limpia durante m\u00e1s tiempo y reduciendo significativamente la frecuencia de limpieza.<\/span><\/p>\n<p><span class=\"fontstyle0\">Su f\u00f3rmula avanzada es totalmente segura para su uso en acuarios.<\/span><\/p>\n","protected":false},"featured_media":13625,"template":"","meta":[],"product_brand":[119],"product_cat":[84,85],"product_tag":[135,929,709],"class_list":{"0":"post-13624","1":"product","2":"type-product","3":"status-publish","4":"has-post-thumbnail","6":"product_brand-azooplus","7":"product_cat-reptiles-y-anfibios","8":"product_cat-acondicionadores-reptiles-y-anfibios","9":"product_tag-bacteria-liquida","10":"product_tag-bio-xd-tortugas-degradador-de-materia-organica","11":"product_tag-ultra-bioguard","13":"first","14":"instock","15":"sale","16":"shipping-taxable","17":"purchasable","18":"product-type-simple"},"yoast_head":"<!-- This site is optimized with the Yoast SEO plugin v27.4 - https:\/\/yoast.com\/product\/yoast-seo-wordpress\/ -->\n<title>BIO XD (Extreme Decomposer Tortugas) degradador de materia org\u00e1nica 1000ml. | Acuario Supremus<\/title>\n<meta name=\"description\" content=\"BIO XD (Extreme Decomposer Tortugas) degradador de materia org\u00e1nica 1000ml.\" \/>\n<meta name=\"robots\" content=\"index, follow, max-snippet:-1, max-image-preview:large, max-video-preview:-1\" \/>\n<link rel=\"canonical\" href=\"https:\/\/acuariosupremus.com\/?product=bio-xd-extreme-decomposer-tortugas-degradador-de-materia-organica-1000ml\" \/>\n<meta property=\"og:locale\" content=\"es_MX\" \/>\n<meta property=\"og:type\" content=\"article\" \/>\n<meta property=\"og:title\" content=\"BIO XD (Extreme Decomposer Tortugas) degradador de materia org\u00e1nica 1000ml. | Acuario Supremus\" \/>\n<meta property=\"og:description\" content=\"BIO XD (Extreme Decomposer Tortugas) degradador de materia org\u00e1nica 1000ml.\" \/>\n<meta property=\"og:url\" content=\"https:\/\/acuariosupremus.com\/?product=bio-xd-extreme-decomposer-tortugas-degradador-de-materia-organica-1000ml\" \/>\n<meta property=\"og:site_name\" content=\"Acuario Supremus\" \/>\n<meta property=\"article:publisher\" content=\"https:\/\/www.facebook.com\/AcuarioSupremus\" \/>\n<meta property=\"article:modified_time\" content=\"2025-12-24T02:06:47+00:00\" \/>\n<meta property=\"og:image\" content=\"https:\/\/acuariosupremus.com\/wp-content\/uploads\/2025\/05\/bio-xd-tortugas-degradador-extremo-1000.jpg\" \/>\n\t<meta property=\"og:image:width\" content=\"514\" \/>\n\t<meta property=\"og:image:height\" content=\"1450\" \/>\n\t<meta property=\"og:image:type\" content=\"image\/jpeg\" \/>\n<meta name=\"twitter:card\" content=\"summary_large_image\" \/>\n<meta name=\"twitter:site\" content=\"@AcuarioSupremus\" \/>\n<meta name=\"twitter:label1\" content=\"Tiempo de lectura\" \/>\n\t<meta name=\"twitter:data1\" content=\"2 minutos\" \/>\n<script type=\"application\/ld+json\" class=\"yoast-schema-graph\">{\"@context\":\"https:\\\/\\\/schema.org\",\"@graph\":[{\"@type\":\"WebPage\",\"@id\":\"https:\\\/\\\/acuariosupremus.com\\\/?product=bio-xd-extreme-decomposer-tortugas-degradador-de-materia-organica-1000ml\",\"url\":\"https:\\\/\\\/acuariosupremus.com\\\/?product=bio-xd-extreme-decomposer-tortugas-degradador-de-materia-organica-1000ml\",\"name\":\"BIO XD (Extreme Decomposer Tortugas) degradador de materia org\u00e1nica 1000ml. | Acuario Supremus\",\"isPartOf\":{\"@id\":\"https:\\\/\\\/acuariosupremus.com\\\/#website\"},\"primaryImageOfPage\":{\"@id\":\"https:\\\/\\\/acuariosupremus.com\\\/?product=bio-xd-extreme-decomposer-tortugas-degradador-de-materia-organica-1000ml#primaryimage\"},\"image\":{\"@id\":\"https:\\\/\\\/acuariosupremus.com\\\/?product=bio-xd-extreme-decomposer-tortugas-degradador-de-materia-organica-1000ml#primaryimage\"},\"thumbnailUrl\":\"https:\\\/\\\/acuariosupremus.com\\\/wp-content\\\/uploads\\\/2025\\\/05\\\/bio-xd-tortugas-degradador-extremo-1000.jpg\",\"datePublished\":\"2025-05-20T01:32:01+00:00\",\"dateModified\":\"2025-12-24T02:06:47+00:00\",\"description\":\"BIO XD (Extreme Decomposer Tortugas) degradador de materia org\u00e1nica 1000ml.\",\"breadcrumb\":{\"@id\":\"https:\\\/\\\/acuariosupremus.com\\\/?product=bio-xd-extreme-decomposer-tortugas-degradador-de-materia-organica-1000ml#breadcrumb\"},\"inLanguage\":\"es\",\"potentialAction\":[{\"@type\":\"ReadAction\",\"target\":[\"https:\\\/\\\/acuariosupremus.com\\\/?product=bio-xd-extreme-decomposer-tortugas-degradador-de-materia-organica-1000ml\"]}]},{\"@type\":\"ImageObject\",\"inLanguage\":\"es\",\"@id\":\"https:\\\/\\\/acuariosupremus.com\\\/?product=bio-xd-extreme-decomposer-tortugas-degradador-de-materia-organica-1000ml#primaryimage\",\"url\":\"https:\\\/\\\/acuariosupremus.com\\\/wp-content\\\/uploads\\\/2025\\\/05\\\/bio-xd-tortugas-degradador-extremo-1000.jpg\",\"contentUrl\":\"https:\\\/\\\/acuariosupremus.com\\\/wp-content\\\/uploads\\\/2025\\\/05\\\/bio-xd-tortugas-degradador-extremo-1000.jpg\",\"width\":514,\"height\":1450},{\"@type\":\"BreadcrumbList\",\"@id\":\"https:\\\/\\\/acuariosupremus.com\\\/?product=bio-xd-extreme-decomposer-tortugas-degradador-de-materia-organica-1000ml#breadcrumb\",\"itemListElement\":[{\"@type\":\"ListItem\",\"position\":1,\"name\":\"Portada\",\"item\":\"https:\\\/\\\/acuariosupremus.com\\\/\"},{\"@type\":\"ListItem\",\"position\":2,\"name\":\"Tienda\",\"item\":\"https:\\\/\\\/acuariosupremus.com\\\/tienda\\\/\"},{\"@type\":\"ListItem\",\"position\":3,\"name\":\"BIO XD (Extreme Decomposer Tortugas) degradador de materia org\u00e1nica 1000ml.\"}]},{\"@type\":\"WebSite\",\"@id\":\"https:\\\/\\\/acuariosupremus.com\\\/#website\",\"url\":\"https:\\\/\\\/acuariosupremus.com\\\/\",\"name\":\"Acuario Supremus\",\"description\":\"Peces, Peceras y Mascotas.\",\"publisher\":{\"@id\":\"https:\\\/\\\/acuariosupremus.com\\\/#organization\"},\"potentialAction\":[{\"@type\":\"SearchAction\",\"target\":{\"@type\":\"EntryPoint\",\"urlTemplate\":\"https:\\\/\\\/acuariosupremus.com\\\/?s={search_term_string}\"},\"query-input\":{\"@type\":\"PropertyValueSpecification\",\"valueRequired\":true,\"valueName\":\"search_term_string\"}}],\"inLanguage\":\"es\"},{\"@type\":\"Organization\",\"@id\":\"https:\\\/\\\/acuariosupremus.com\\\/#organization\",\"name\":\"Acuario Supremus\",\"url\":\"https:\\\/\\\/acuariosupremus.com\\\/\",\"logo\":{\"@type\":\"ImageObject\",\"inLanguage\":\"es\",\"@id\":\"https:\\\/\\\/acuariosupremus.com\\\/#\\\/schema\\\/logo\\\/image\\\/\",\"url\":\"https:\\\/\\\/acuariosupremus.com\\\/wp-content\\\/uploads\\\/2021\\\/12\\\/cropped-logo_acuario_supremus_fn-2.png\",\"contentUrl\":\"https:\\\/\\\/acuariosupremus.com\\\/wp-content\\\/uploads\\\/2021\\\/12\\\/cropped-logo_acuario_supremus_fn-2.png\",\"width\":1000,\"height\":318,\"caption\":\"Acuario Supremus\"},\"image\":{\"@id\":\"https:\\\/\\\/acuariosupremus.com\\\/#\\\/schema\\\/logo\\\/image\\\/\"},\"sameAs\":[\"https:\\\/\\\/www.facebook.com\\\/AcuarioSupremus\",\"https:\\\/\\\/x.com\\\/AcuarioSupremus\",\"https:\\\/\\\/www.instagram.com\\\/acuariosupremus\\\/?hl=es\"]}]}<\/script>\n<!-- \/ Yoast SEO plugin. -->","yoast_head_json":{"title":"BIO XD (Extreme Decomposer Tortugas) degradador de materia org\u00e1nica 1000ml. | Acuario Supremus","description":"BIO XD (Extreme Decomposer Tortugas) degradador de materia org\u00e1nica 1000ml.","robots":{"index":"index","follow":"follow","max-snippet":"max-snippet:-1","max-image-preview":"max-image-preview:large","max-video-preview":"max-video-preview:-1"},"canonical":"https:\/\/acuariosupremus.com\/?product=bio-xd-extreme-decomposer-tortugas-degradador-de-materia-organica-1000ml","og_locale":"es_MX","og_type":"article","og_title":"BIO XD (Extreme Decomposer Tortugas) degradador de materia org\u00e1nica 1000ml. | Acuario Supremus","og_description":"BIO XD (Extreme Decomposer Tortugas) degradador de materia org\u00e1nica 1000ml.","og_url":"https:\/\/acuariosupremus.com\/?product=bio-xd-extreme-decomposer-tortugas-degradador-de-materia-organica-1000ml","og_site_name":"Acuario Supremus","article_publisher":"https:\/\/www.facebook.com\/AcuarioSupremus","article_modified_time":"2025-12-24T02:06:47+00:00","og_image":[{"width":514,"height":1450,"url":"https:\/\/acuariosupremus.com\/wp-content\/uploads\/2025\/05\/bio-xd-tortugas-degradador-extremo-1000.jpg","type":"image\/jpeg"}],"twitter_card":"summary_large_image","twitter_site":"@AcuarioSupremus","twitter_misc":{"Tiempo de lectura":"2 minutos"},"schema":{"@context":"https:\/\/schema.org","@graph":[{"@type":"WebPage","@id":"https:\/\/acuariosupremus.com\/?product=bio-xd-extreme-decomposer-tortugas-degradador-de-materia-organica-1000ml","url":"https:\/\/acuariosupremus.com\/?product=bio-xd-extreme-decomposer-tortugas-degradador-de-materia-organica-1000ml","name":"BIO XD (Extreme Decomposer Tortugas) degradador de materia org\u00e1nica 1000ml. | Acuario Supremus","isPartOf":{"@id":"https:\/\/acuariosupremus.com\/#website"},"primaryImageOfPage":{"@id":"https:\/\/acuariosupremus.com\/?product=bio-xd-extreme-decomposer-tortugas-degradador-de-materia-organica-1000ml#primaryimage"},"image":{"@id":"https:\/\/acuariosupremus.com\/?product=bio-xd-extreme-decomposer-tortugas-degradador-de-materia-organica-1000ml#primaryimage"},"thumbnailUrl":"https:\/\/acuariosupremus.com\/wp-content\/uploads\/2025\/05\/bio-xd-tortugas-degradador-extremo-1000.jpg","datePublished":"2025-05-20T01:32:01+00:00","dateModified":"2025-12-24T02:06:47+00:00","description":"BIO XD (Extreme Decomposer Tortugas) degradador de materia org\u00e1nica 1000ml.","breadcrumb":{"@id":"https:\/\/acuariosupremus.com\/?product=bio-xd-extreme-decomposer-tortugas-degradador-de-materia-organica-1000ml#breadcrumb"},"inLanguage":"es","potentialAction":[{"@type":"ReadAction","target":["https:\/\/acuariosupremus.com\/?product=bio-xd-extreme-decomposer-tortugas-degradador-de-materia-organica-1000ml"]}]},{"@type":"ImageObject","inLanguage":"es","@id":"https:\/\/acuariosupremus.com\/?product=bio-xd-extreme-decomposer-tortugas-degradador-de-materia-organica-1000ml#primaryimage","url":"https:\/\/acuariosupremus.com\/wp-content\/uploads\/2025\/05\/bio-xd-tortugas-degradador-extremo-1000.jpg","contentUrl":"https:\/\/acuariosupremus.com\/wp-content\/uploads\/2025\/05\/bio-xd-tortugas-degradador-extremo-1000.jpg","width":514,"height":1450},{"@type":"BreadcrumbList","@id":"https:\/\/acuariosupremus.com\/?product=bio-xd-extreme-decomposer-tortugas-degradador-de-materia-organica-1000ml#breadcrumb","itemListElement":[{"@type":"ListItem","position":1,"name":"Portada","item":"https:\/\/acuariosupremus.com\/"},{"@type":"ListItem","position":2,"name":"Tienda","item":"https:\/\/acuariosupremus.com\/tienda\/"},{"@type":"ListItem","position":3,"name":"BIO XD (Extreme Decomposer Tortugas) degradador de materia org\u00e1nica 1000ml."}]},{"@type":"WebSite","@id":"https:\/\/acuariosupremus.com\/#website","url":"https:\/\/acuariosupremus.com\/","name":"Acuario Supremus","description":"Peces, Peceras y Mascotas.","publisher":{"@id":"https:\/\/acuariosupremus.com\/#organization"},"potentialAction":[{"@type":"SearchAction","target":{"@type":"EntryPoint","urlTemplate":"https:\/\/acuariosupremus.com\/?s={search_term_string}"},"query-input":{"@type":"PropertyValueSpecification","valueRequired":true,"valueName":"search_term_string"}}],"inLanguage":"es"},{"@type":"Organization","@id":"https:\/\/acuariosupremus.com\/#organization","name":"Acuario Supremus","url":"https:\/\/acuariosupremus.com\/","logo":{"@type":"ImageObject","inLanguage":"es","@id":"https:\/\/acuariosupremus.com\/#\/schema\/logo\/image\/","url":"https:\/\/acuariosupremus.com\/wp-content\/uploads\/2021\/12\/cropped-logo_acuario_supremus_fn-2.png","contentUrl":"https:\/\/acuariosupremus.com\/wp-content\/uploads\/2021\/12\/cropped-logo_acuario_supremus_fn-2.png","width":1000,"height":318,"caption":"Acuario Supremus"},"image":{"@id":"https:\/\/acuariosupremus.com\/#\/schema\/logo\/image\/"},"sameAs":["https:\/\/www.facebook.com\/AcuarioSupremus","https:\/\/x.com\/AcuarioSupremus","https:\/\/www.instagram.com\/acuariosupremus\/?hl=es"]}]}},"jetpack_sharing_enabled":true,"_links":{"self":[{"href":"https:\/\/acuariosupremus.com\/index.php?rest_route=\/wp\/v2\/product\/13624","targetHints":{"allow":["GET"]}}],"collection":[{"href":"https:\/\/acuariosupremus.com\/index.php?rest_route=\/wp\/v2\/product"}],"about":[{"href":"https:\/\/acuariosupremus.com\/index.php?rest_route=\/wp\/v2\/types\/product"}],"wp:featuredmedia":[{"embeddable":true,"href":"https:\/\/acuariosupremus.com\/index.php?rest_route=\/wp\/v2\/media\/13625"}],"wp:attachment":[{"href":"https:\/\/acuariosupremus.com\/index.php?rest_route=%2Fwp%2Fv2%2Fmedia&parent=13624"}],"wp:term":[{"taxonomy":"product_brand","embeddable":true,"href":"https:\/\/acuariosupremus.com\/index.php?rest_route=%2Fwp%2Fv2%2Fproduct_brand&post=13624"},{"taxonomy":"product_cat","embeddable":true,"href":"https:\/\/acuariosupremus.com\/index.php?rest_route=%2Fwp%2Fv2%2Fproduct_cat&post=13624"},{"taxonomy":"product_tag","embeddable":true,"href":"https:\/\/acuariosupremus.com\/index.php?rest_route=%2Fwp%2Fv2%2Fproduct_tag&post=13624"}],"curies":[{"name":"wp","href":"https:\/\/api.w.org\/{rel}","templated":true}]}}