{"id":13626,"date":"2025-05-19T19:42:54","date_gmt":"2025-05-20T01:42:54","guid":{"rendered":"https:\/\/acuariosupremus.com\/?post_type=product&#038;p=13626"},"modified":"2025-12-23T17:41:37","modified_gmt":"2025-12-23T23:41:37","slug":"azoo-plant-grower-bed","status":"publish","type":"product","link":"https:\/\/acuariosupremus.com\/?product=azoo-plant-grower-bed","title":{"rendered":"AZOO Plant Grower Bed"},"content":{"rendered":"<p><span class=\"fontstyle0\">Adem\u00e1s este sustrato aporta al acuario propiedades filtrantes durante toda su vida \u00fatil. Debido a su alta porosidad, funciona eficientemente como un filtro biol\u00f3gico natural, creando un micro-sistema ideal para las ra\u00edces de las plantas, que se desarrollan a un nivel \u00f3ptimo de ox\u00edgeno en el fondo del acuario<\/span><\/p>\n<p><span class=\"fontstyle0\">AZOO Plant Grower Bed tambi\u00e9n adsorbe cualquier colorante que pueda te\u00f1ir el agua, como los taninos u otros subproductos metab\u00f3licos, aportando una transparencia total al agua. Esto tambi\u00e9n beneficia a las plantas, ya que optimiza el \u00edndice de penetraci\u00f3n de la luz en el acuario. Este sustrato no necesita un enjuague previo antes de usarlo. AZOO Plant Grower Bed aporta una textura natural y atractiva al acuario plantado.<\/span><\/p>\n<p>Nombre: <span class=\"fontstyle0\">AZOO Plant Grower Bed<\/span> Tama\u00f1o: 380 x 260 x 50 mm. (l x a x h) Peso: 5.4 (Kg.)<\/p>\n<p>&nbsp;<\/p>\n","protected":false},"excerpt":{"rendered":"<p><span class=\"fontstyle0\">Con una vida \u00fatil de hasta 18 meses, aporta los tres nutrientes b\u00e1sicos que requieren todas las plantas para un correcto desarrollo: Nitr\u00f3geno, F\u00f3sforo y Potasio. Estos nutrientes se liberan progresivamente en el acuario en las proporciones \u00f3ptimas para un aprovechamiento eficiente, evitando al tiempo la proliferaci\u00f3n de las algas. La granulometr\u00eda y el pH de AZOO Plant Grower Bed permite un desarrollo \u00f3ptimo de las ra\u00edces de todas las plantas, siendo adem\u00e1s un sustrato id\u00f3neo para mantener exitosamente hasta los camarones m\u00e1s delicados.<\/span><\/p>\n","protected":false},"featured_media":13627,"template":"","meta":[],"product_brand":[118],"product_cat":[40,56,63],"product_tag":[930,866,865],"class_list":{"0":"post-13626","1":"product","2":"type-product","3":"status-publish","4":"has-post-thumbnail","6":"product_brand-azoo","7":"product_cat-peces","8":"product_cat-plantas-naturales","9":"product_cat-sustratos-y-gravas","10":"product_tag-azoo-plant-grower-bed","11":"product_tag-sustrato-fertilizado","12":"product_tag-sustrato-para-plantas","14":"first","15":"instock","16":"sale","17":"shipping-taxable","18":"purchasable","19":"product-type-simple"},"yoast_head":"<!-- This site is optimized with the Yoast SEO plugin v27.4 - https:\/\/yoast.com\/product\/yoast-seo-wordpress\/ -->\n<title>AZOO Plant Grower Bed | Acuario Supremus<\/title>\n<meta name=\"description\" content=\"El sustrato fertilizado AZOO Plant Grower Bed es la mejor elecci\u00f3n para un acuario plantado exitoso\" \/>\n<meta name=\"robots\" content=\"index, follow, max-snippet:-1, max-image-preview:large, max-video-preview:-1\" \/>\n<link rel=\"canonical\" href=\"https:\/\/acuariosupremus.com\/?product=azoo-plant-grower-bed\" \/>\n<meta property=\"og:locale\" content=\"es_MX\" \/>\n<meta property=\"og:type\" content=\"article\" \/>\n<meta property=\"og:title\" content=\"AZOO Plant Grower Bed | Acuario Supremus\" \/>\n<meta property=\"og:description\" content=\"El sustrato fertilizado AZOO Plant Grower Bed es la mejor elecci\u00f3n para un acuario plantado exitoso\" \/>\n<meta property=\"og:url\" content=\"https:\/\/acuariosupremus.com\/?product=azoo-plant-grower-bed\" \/>\n<meta property=\"og:site_name\" content=\"Acuario Supremus\" \/>\n<meta property=\"article:publisher\" content=\"https:\/\/www.facebook.com\/AcuarioSupremus\" \/>\n<meta property=\"article:modified_time\" content=\"2025-12-23T23:41:37+00:00\" \/>\n<meta property=\"og:image\" content=\"https:\/\/acuariosupremus.com\/wp-content\/uploads\/2025\/05\/azoo_plant_grower_bed_00.jpg\" \/>\n\t<meta property=\"og:image:width\" content=\"1000\" \/>\n\t<meta property=\"og:image:height\" content=\"1000\" \/>\n\t<meta property=\"og:image:type\" content=\"image\/jpeg\" \/>\n<meta name=\"twitter:card\" content=\"summary_large_image\" \/>\n<meta name=\"twitter:site\" content=\"@AcuarioSupremus\" \/>\n<meta name=\"twitter:label1\" content=\"Tiempo de lectura\" \/>\n\t<meta name=\"twitter:data1\" content=\"1 minuto\" \/>\n<script type=\"application\/ld+json\" class=\"yoast-schema-graph\">{\"@context\":\"https:\\\/\\\/schema.org\",\"@graph\":[{\"@type\":\"WebPage\",\"@id\":\"https:\\\/\\\/acuariosupremus.com\\\/?product=azoo-plant-grower-bed\",\"url\":\"https:\\\/\\\/acuariosupremus.com\\\/?product=azoo-plant-grower-bed\",\"name\":\"AZOO Plant Grower Bed | Acuario Supremus\",\"isPartOf\":{\"@id\":\"https:\\\/\\\/acuariosupremus.com\\\/#website\"},\"primaryImageOfPage\":{\"@id\":\"https:\\\/\\\/acuariosupremus.com\\\/?product=azoo-plant-grower-bed#primaryimage\"},\"image\":{\"@id\":\"https:\\\/\\\/acuariosupremus.com\\\/?product=azoo-plant-grower-bed#primaryimage\"},\"thumbnailUrl\":\"https:\\\/\\\/acuariosupremus.com\\\/wp-content\\\/uploads\\\/2025\\\/05\\\/azoo_plant_grower_bed_00.jpg\",\"datePublished\":\"2025-05-20T01:42:54+00:00\",\"dateModified\":\"2025-12-23T23:41:37+00:00\",\"description\":\"El sustrato fertilizado AZOO Plant Grower Bed es la mejor elecci\u00f3n para un acuario plantado exitoso\",\"breadcrumb\":{\"@id\":\"https:\\\/\\\/acuariosupremus.com\\\/?product=azoo-plant-grower-bed#breadcrumb\"},\"inLanguage\":\"es\",\"potentialAction\":[{\"@type\":\"ReadAction\",\"target\":[\"https:\\\/\\\/acuariosupremus.com\\\/?product=azoo-plant-grower-bed\"]}]},{\"@type\":\"ImageObject\",\"inLanguage\":\"es\",\"@id\":\"https:\\\/\\\/acuariosupremus.com\\\/?product=azoo-plant-grower-bed#primaryimage\",\"url\":\"https:\\\/\\\/acuariosupremus.com\\\/wp-content\\\/uploads\\\/2025\\\/05\\\/azoo_plant_grower_bed_00.jpg\",\"contentUrl\":\"https:\\\/\\\/acuariosupremus.com\\\/wp-content\\\/uploads\\\/2025\\\/05\\\/azoo_plant_grower_bed_00.jpg\",\"width\":1000,\"height\":1000},{\"@type\":\"BreadcrumbList\",\"@id\":\"https:\\\/\\\/acuariosupremus.com\\\/?product=azoo-plant-grower-bed#breadcrumb\",\"itemListElement\":[{\"@type\":\"ListItem\",\"position\":1,\"name\":\"Portada\",\"item\":\"https:\\\/\\\/acuariosupremus.com\\\/\"},{\"@type\":\"ListItem\",\"position\":2,\"name\":\"Tienda\",\"item\":\"https:\\\/\\\/acuariosupremus.com\\\/tienda\\\/\"},{\"@type\":\"ListItem\",\"position\":3,\"name\":\"AZOO Plant Grower Bed\"}]},{\"@type\":\"WebSite\",\"@id\":\"https:\\\/\\\/acuariosupremus.com\\\/#website\",\"url\":\"https:\\\/\\\/acuariosupremus.com\\\/\",\"name\":\"Acuario Supremus\",\"description\":\"Peces, Peceras y Mascotas.\",\"publisher\":{\"@id\":\"https:\\\/\\\/acuariosupremus.com\\\/#organization\"},\"potentialAction\":[{\"@type\":\"SearchAction\",\"target\":{\"@type\":\"EntryPoint\",\"urlTemplate\":\"https:\\\/\\\/acuariosupremus.com\\\/?s={search_term_string}\"},\"query-input\":{\"@type\":\"PropertyValueSpecification\",\"valueRequired\":true,\"valueName\":\"search_term_string\"}}],\"inLanguage\":\"es\"},{\"@type\":\"Organization\",\"@id\":\"https:\\\/\\\/acuariosupremus.com\\\/#organization\",\"name\":\"Acuario Supremus\",\"url\":\"https:\\\/\\\/acuariosupremus.com\\\/\",\"logo\":{\"@type\":\"ImageObject\",\"inLanguage\":\"es\",\"@id\":\"https:\\\/\\\/acuariosupremus.com\\\/#\\\/schema\\\/logo\\\/image\\\/\",\"url\":\"https:\\\/\\\/acuariosupremus.com\\\/wp-content\\\/uploads\\\/2021\\\/12\\\/cropped-logo_acuario_supremus_fn-2.png\",\"contentUrl\":\"https:\\\/\\\/acuariosupremus.com\\\/wp-content\\\/uploads\\\/2021\\\/12\\\/cropped-logo_acuario_supremus_fn-2.png\",\"width\":1000,\"height\":318,\"caption\":\"Acuario Supremus\"},\"image\":{\"@id\":\"https:\\\/\\\/acuariosupremus.com\\\/#\\\/schema\\\/logo\\\/image\\\/\"},\"sameAs\":[\"https:\\\/\\\/www.facebook.com\\\/AcuarioSupremus\",\"https:\\\/\\\/x.com\\\/AcuarioSupremus\",\"https:\\\/\\\/www.instagram.com\\\/acuariosupremus\\\/?hl=es\"]}]}<\/script>\n<!-- \/ Yoast SEO plugin. -->","yoast_head_json":{"title":"AZOO Plant Grower Bed | Acuario Supremus","description":"El sustrato fertilizado AZOO Plant Grower Bed es la mejor elecci\u00f3n para un acuario plantado exitoso","robots":{"index":"index","follow":"follow","max-snippet":"max-snippet:-1","max-image-preview":"max-image-preview:large","max-video-preview":"max-video-preview:-1"},"canonical":"https:\/\/acuariosupremus.com\/?product=azoo-plant-grower-bed","og_locale":"es_MX","og_type":"article","og_title":"AZOO Plant Grower Bed | Acuario Supremus","og_description":"El sustrato fertilizado AZOO Plant Grower Bed es la mejor elecci\u00f3n para un acuario plantado exitoso","og_url":"https:\/\/acuariosupremus.com\/?product=azoo-plant-grower-bed","og_site_name":"Acuario Supremus","article_publisher":"https:\/\/www.facebook.com\/AcuarioSupremus","article_modified_time":"2025-12-23T23:41:37+00:00","og_image":[{"width":1000,"height":1000,"url":"https:\/\/acuariosupremus.com\/wp-content\/uploads\/2025\/05\/azoo_plant_grower_bed_00.jpg","type":"image\/jpeg"}],"twitter_card":"summary_large_image","twitter_site":"@AcuarioSupremus","twitter_misc":{"Tiempo de lectura":"1 minuto"},"schema":{"@context":"https:\/\/schema.org","@graph":[{"@type":"WebPage","@id":"https:\/\/acuariosupremus.com\/?product=azoo-plant-grower-bed","url":"https:\/\/acuariosupremus.com\/?product=azoo-plant-grower-bed","name":"AZOO Plant Grower Bed | Acuario Supremus","isPartOf":{"@id":"https:\/\/acuariosupremus.com\/#website"},"primaryImageOfPage":{"@id":"https:\/\/acuariosupremus.com\/?product=azoo-plant-grower-bed#primaryimage"},"image":{"@id":"https:\/\/acuariosupremus.com\/?product=azoo-plant-grower-bed#primaryimage"},"thumbnailUrl":"https:\/\/acuariosupremus.com\/wp-content\/uploads\/2025\/05\/azoo_plant_grower_bed_00.jpg","datePublished":"2025-05-20T01:42:54+00:00","dateModified":"2025-12-23T23:41:37+00:00","description":"El sustrato fertilizado AZOO Plant Grower Bed es la mejor elecci\u00f3n para un acuario plantado exitoso","breadcrumb":{"@id":"https:\/\/acuariosupremus.com\/?product=azoo-plant-grower-bed#breadcrumb"},"inLanguage":"es","potentialAction":[{"@type":"ReadAction","target":["https:\/\/acuariosupremus.com\/?product=azoo-plant-grower-bed"]}]},{"@type":"ImageObject","inLanguage":"es","@id":"https:\/\/acuariosupremus.com\/?product=azoo-plant-grower-bed#primaryimage","url":"https:\/\/acuariosupremus.com\/wp-content\/uploads\/2025\/05\/azoo_plant_grower_bed_00.jpg","contentUrl":"https:\/\/acuariosupremus.com\/wp-content\/uploads\/2025\/05\/azoo_plant_grower_bed_00.jpg","width":1000,"height":1000},{"@type":"BreadcrumbList","@id":"https:\/\/acuariosupremus.com\/?product=azoo-plant-grower-bed#breadcrumb","itemListElement":[{"@type":"ListItem","position":1,"name":"Portada","item":"https:\/\/acuariosupremus.com\/"},{"@type":"ListItem","position":2,"name":"Tienda","item":"https:\/\/acuariosupremus.com\/tienda\/"},{"@type":"ListItem","position":3,"name":"AZOO Plant Grower Bed"}]},{"@type":"WebSite","@id":"https:\/\/acuariosupremus.com\/#website","url":"https:\/\/acuariosupremus.com\/","name":"Acuario Supremus","description":"Peces, Peceras y Mascotas.","publisher":{"@id":"https:\/\/acuariosupremus.com\/#organization"},"potentialAction":[{"@type":"SearchAction","target":{"@type":"EntryPoint","urlTemplate":"https:\/\/acuariosupremus.com\/?s={search_term_string}"},"query-input":{"@type":"PropertyValueSpecification","valueRequired":true,"valueName":"search_term_string"}}],"inLanguage":"es"},{"@type":"Organization","@id":"https:\/\/acuariosupremus.com\/#organization","name":"Acuario Supremus","url":"https:\/\/acuariosupremus.com\/","logo":{"@type":"ImageObject","inLanguage":"es","@id":"https:\/\/acuariosupremus.com\/#\/schema\/logo\/image\/","url":"https:\/\/acuariosupremus.com\/wp-content\/uploads\/2021\/12\/cropped-logo_acuario_supremus_fn-2.png","contentUrl":"https:\/\/acuariosupremus.com\/wp-content\/uploads\/2021\/12\/cropped-logo_acuario_supremus_fn-2.png","width":1000,"height":318,"caption":"Acuario Supremus"},"image":{"@id":"https:\/\/acuariosupremus.com\/#\/schema\/logo\/image\/"},"sameAs":["https:\/\/www.facebook.com\/AcuarioSupremus","https:\/\/x.com\/AcuarioSupremus","https:\/\/www.instagram.com\/acuariosupremus\/?hl=es"]}]}},"jetpack_sharing_enabled":true,"_links":{"self":[{"href":"https:\/\/acuariosupremus.com\/index.php?rest_route=\/wp\/v2\/product\/13626","targetHints":{"allow":["GET"]}}],"collection":[{"href":"https:\/\/acuariosupremus.com\/index.php?rest_route=\/wp\/v2\/product"}],"about":[{"href":"https:\/\/acuariosupremus.com\/index.php?rest_route=\/wp\/v2\/types\/product"}],"wp:featuredmedia":[{"embeddable":true,"href":"https:\/\/acuariosupremus.com\/index.php?rest_route=\/wp\/v2\/media\/13627"}],"wp:attachment":[{"href":"https:\/\/acuariosupremus.com\/index.php?rest_route=%2Fwp%2Fv2%2Fmedia&parent=13626"}],"wp:term":[{"taxonomy":"product_brand","embeddable":true,"href":"https:\/\/acuariosupremus.com\/index.php?rest_route=%2Fwp%2Fv2%2Fproduct_brand&post=13626"},{"taxonomy":"product_cat","embeddable":true,"href":"https:\/\/acuariosupremus.com\/index.php?rest_route=%2Fwp%2Fv2%2Fproduct_cat&post=13626"},{"taxonomy":"product_tag","embeddable":true,"href":"https:\/\/acuariosupremus.com\/index.php?rest_route=%2Fwp%2Fv2%2Fproduct_tag&post=13626"}],"curies":[{"name":"wp","href":"https:\/\/api.w.org\/{rel}","templated":true}]}}