{"id":13631,"date":"2025-05-19T20:01:01","date_gmt":"2025-05-20T02:01:01","guid":{"rendered":"https:\/\/acuariosupremus.com\/?post_type=product&#038;p=13631"},"modified":"2025-12-23T17:42:06","modified_gmt":"2025-12-23T23:42:06","slug":"big-fish-house-acuario-flotante-para-aislamiento","status":"publish","type":"product","link":"https:\/\/acuariosupremus.com\/?product=big-fish-house-acuario-flotante-para-aislamiento","title":{"rendered":"Big fish house Acuario flotante para aislamiento."},"content":{"rendered":"<p><span class=\"fontstyle0\">La perfecta transparencia de sus paredes y tapa ofrece una observaci\u00f3n inmejorable de los peces o invertebrados aislados, mientras que las perforaciones en separadores y fondo permiten una correcta circulaci\u00f3n de agua al tiempo que evitan la acumulaci\u00f3n de desechos org\u00e1nicos en el fondo.<\/span><\/p>\n<p><span class=\"fontstyle0\">Caracter\u00edsticas:<\/span><\/p>\n<p><span class=\"fontstyle0\">1. Se puede ajustar al nivel del agua del acuario que usted prefiera.<\/span><\/p>\n<p><span class=\"fontstyle0\">2. \u00datil en la adaptaci\u00f3n de peces nuevos, previniendo peleas.<\/span><\/p>\n<p><span class=\"fontstyle0\">3. Tambi\u00e9n es recomendable para utilizarse con peces enfermos, en cuarentena o en recuperaci\u00f3n.<\/span><\/p>\n<p><span class=\"fontstyle0\">4. Sirve como recipiente para mantener presas vivas para peces carn\u00edvoros.<\/span><\/p>\n<p><span class=\"fontstyle0\">5. Tiene 3 separaciones, f\u00e1cil de operar y puede ponerse a flotar dentro del acuario.<\/span><\/p>\n<p>Medidas:<br \/>\n31 cm largo x 14.7 cm ancho x 16.7 cm alto.<br \/>\nPeso\/Capacidad:<br \/>\n748 gr<br \/>\nContenido:Caja, rejilla, separadores, tapa y 2 ventosas.<\/p>\n","protected":false},"excerpt":{"rendered":"<p><span class=\"fontstyle0\">Acuario flotante para aislamiento de especies de peque\u00f1as y grandes dimensiones construido en pl\u00e1stico transparente de alta resistencia. Cuenta con dos ventosas para una correcta fijaci\u00f3n y cuatro cavidades de aire que aseguran una flotabilidad positiva en cualquier circunstancia, evitando de forma definitiva un hundimiento accidental. Posee tres separadores perforados dispuestos de tal forma que permiten realizar m\u00faltiples funciones minimizando el estr\u00e9s en los peces. Gracias a estas piezas removibles puede introducir, liberar o separar f\u00e1cilmente los ejemplares en una o dos cavidades y sin sacar el acuario del agua.<\/span><\/p>\n","protected":false},"featured_media":13632,"template":"","meta":[],"product_brand":[118],"product_cat":[40,66],"product_tag":[932,208,172,247],"class_list":{"0":"post-13631","1":"product","2":"type-product","3":"status-publish","4":"has-post-thumbnail","6":"product_brand-azoo","7":"product_cat-peces","8":"product_cat-varios","9":"product_tag-acuario-flotante-para-aislamiento","10":"product_tag-beteras","11":"product_tag-bettas","12":"product_tag-maternidad","14":"first","15":"instock","16":"sale","17":"shipping-taxable","18":"purchasable","19":"product-type-simple"},"yoast_head":"<!-- This site is optimized with the Yoast SEO plugin v27.4 - https:\/\/yoast.com\/product\/yoast-seo-wordpress\/ -->\n<title>Big fish house Acuario flotante para aislamiento. | Acuario Supremus<\/title>\n<meta name=\"description\" content=\"Acuario flotante para aislamiento de especies de peque\u00f1as y grandes dimensiones construido en pl\u00e1stico transparente de alta resistencia\" \/>\n<meta name=\"robots\" content=\"index, follow, max-snippet:-1, max-image-preview:large, max-video-preview:-1\" \/>\n<link rel=\"canonical\" href=\"https:\/\/acuariosupremus.com\/?product=big-fish-house-acuario-flotante-para-aislamiento\" \/>\n<meta property=\"og:locale\" content=\"es_MX\" \/>\n<meta property=\"og:type\" content=\"article\" \/>\n<meta property=\"og:title\" content=\"Big fish house Acuario flotante para aislamiento. | Acuario Supremus\" \/>\n<meta property=\"og:description\" content=\"Acuario flotante para aislamiento de especies de peque\u00f1as y grandes dimensiones construido en pl\u00e1stico transparente de alta resistencia\" \/>\n<meta property=\"og:url\" content=\"https:\/\/acuariosupremus.com\/?product=big-fish-house-acuario-flotante-para-aislamiento\" \/>\n<meta property=\"og:site_name\" content=\"Acuario Supremus\" \/>\n<meta property=\"article:publisher\" content=\"https:\/\/www.facebook.com\/AcuarioSupremus\" \/>\n<meta property=\"article:modified_time\" content=\"2025-12-23T23:42:06+00:00\" \/>\n<meta property=\"og:image\" content=\"https:\/\/acuariosupremus.com\/wp-content\/uploads\/2025\/05\/big_fish_house_detalle_01.jpg\" \/>\n\t<meta property=\"og:image:width\" content=\"1000\" \/>\n\t<meta property=\"og:image:height\" content=\"1000\" \/>\n\t<meta property=\"og:image:type\" content=\"image\/jpeg\" \/>\n<meta name=\"twitter:card\" content=\"summary_large_image\" \/>\n<meta name=\"twitter:site\" content=\"@AcuarioSupremus\" \/>\n<meta name=\"twitter:label1\" content=\"Tiempo de lectura\" \/>\n\t<meta name=\"twitter:data1\" content=\"1 minuto\" \/>\n<script type=\"application\/ld+json\" class=\"yoast-schema-graph\">{\"@context\":\"https:\\\/\\\/schema.org\",\"@graph\":[{\"@type\":\"WebPage\",\"@id\":\"https:\\\/\\\/acuariosupremus.com\\\/?product=big-fish-house-acuario-flotante-para-aislamiento\",\"url\":\"https:\\\/\\\/acuariosupremus.com\\\/?product=big-fish-house-acuario-flotante-para-aislamiento\",\"name\":\"Big fish house Acuario flotante para aislamiento. | Acuario Supremus\",\"isPartOf\":{\"@id\":\"https:\\\/\\\/acuariosupremus.com\\\/#website\"},\"primaryImageOfPage\":{\"@id\":\"https:\\\/\\\/acuariosupremus.com\\\/?product=big-fish-house-acuario-flotante-para-aislamiento#primaryimage\"},\"image\":{\"@id\":\"https:\\\/\\\/acuariosupremus.com\\\/?product=big-fish-house-acuario-flotante-para-aislamiento#primaryimage\"},\"thumbnailUrl\":\"https:\\\/\\\/acuariosupremus.com\\\/wp-content\\\/uploads\\\/2025\\\/05\\\/big_fish_house_detalle_01.jpg\",\"datePublished\":\"2025-05-20T02:01:01+00:00\",\"dateModified\":\"2025-12-23T23:42:06+00:00\",\"description\":\"Acuario flotante para aislamiento de especies de peque\u00f1as y grandes dimensiones construido en pl\u00e1stico transparente de alta resistencia\",\"breadcrumb\":{\"@id\":\"https:\\\/\\\/acuariosupremus.com\\\/?product=big-fish-house-acuario-flotante-para-aislamiento#breadcrumb\"},\"inLanguage\":\"es\",\"potentialAction\":[{\"@type\":\"ReadAction\",\"target\":[\"https:\\\/\\\/acuariosupremus.com\\\/?product=big-fish-house-acuario-flotante-para-aislamiento\"]}]},{\"@type\":\"ImageObject\",\"inLanguage\":\"es\",\"@id\":\"https:\\\/\\\/acuariosupremus.com\\\/?product=big-fish-house-acuario-flotante-para-aislamiento#primaryimage\",\"url\":\"https:\\\/\\\/acuariosupremus.com\\\/wp-content\\\/uploads\\\/2025\\\/05\\\/big_fish_house_detalle_01.jpg\",\"contentUrl\":\"https:\\\/\\\/acuariosupremus.com\\\/wp-content\\\/uploads\\\/2025\\\/05\\\/big_fish_house_detalle_01.jpg\",\"width\":1000,\"height\":1000},{\"@type\":\"BreadcrumbList\",\"@id\":\"https:\\\/\\\/acuariosupremus.com\\\/?product=big-fish-house-acuario-flotante-para-aislamiento#breadcrumb\",\"itemListElement\":[{\"@type\":\"ListItem\",\"position\":1,\"name\":\"Portada\",\"item\":\"https:\\\/\\\/acuariosupremus.com\\\/\"},{\"@type\":\"ListItem\",\"position\":2,\"name\":\"Tienda\",\"item\":\"https:\\\/\\\/acuariosupremus.com\\\/tienda\\\/\"},{\"@type\":\"ListItem\",\"position\":3,\"name\":\"Big fish house Acuario flotante para aislamiento.\"}]},{\"@type\":\"WebSite\",\"@id\":\"https:\\\/\\\/acuariosupremus.com\\\/#website\",\"url\":\"https:\\\/\\\/acuariosupremus.com\\\/\",\"name\":\"Acuario Supremus\",\"description\":\"Peces, Peceras y Mascotas.\",\"publisher\":{\"@id\":\"https:\\\/\\\/acuariosupremus.com\\\/#organization\"},\"potentialAction\":[{\"@type\":\"SearchAction\",\"target\":{\"@type\":\"EntryPoint\",\"urlTemplate\":\"https:\\\/\\\/acuariosupremus.com\\\/?s={search_term_string}\"},\"query-input\":{\"@type\":\"PropertyValueSpecification\",\"valueRequired\":true,\"valueName\":\"search_term_string\"}}],\"inLanguage\":\"es\"},{\"@type\":\"Organization\",\"@id\":\"https:\\\/\\\/acuariosupremus.com\\\/#organization\",\"name\":\"Acuario Supremus\",\"url\":\"https:\\\/\\\/acuariosupremus.com\\\/\",\"logo\":{\"@type\":\"ImageObject\",\"inLanguage\":\"es\",\"@id\":\"https:\\\/\\\/acuariosupremus.com\\\/#\\\/schema\\\/logo\\\/image\\\/\",\"url\":\"https:\\\/\\\/acuariosupremus.com\\\/wp-content\\\/uploads\\\/2021\\\/12\\\/cropped-logo_acuario_supremus_fn-2.png\",\"contentUrl\":\"https:\\\/\\\/acuariosupremus.com\\\/wp-content\\\/uploads\\\/2021\\\/12\\\/cropped-logo_acuario_supremus_fn-2.png\",\"width\":1000,\"height\":318,\"caption\":\"Acuario Supremus\"},\"image\":{\"@id\":\"https:\\\/\\\/acuariosupremus.com\\\/#\\\/schema\\\/logo\\\/image\\\/\"},\"sameAs\":[\"https:\\\/\\\/www.facebook.com\\\/AcuarioSupremus\",\"https:\\\/\\\/x.com\\\/AcuarioSupremus\",\"https:\\\/\\\/www.instagram.com\\\/acuariosupremus\\\/?hl=es\"]}]}<\/script>\n<!-- \/ Yoast SEO plugin. -->","yoast_head_json":{"title":"Big fish house Acuario flotante para aislamiento. | Acuario Supremus","description":"Acuario flotante para aislamiento de especies de peque\u00f1as y grandes dimensiones construido en pl\u00e1stico transparente de alta resistencia","robots":{"index":"index","follow":"follow","max-snippet":"max-snippet:-1","max-image-preview":"max-image-preview:large","max-video-preview":"max-video-preview:-1"},"canonical":"https:\/\/acuariosupremus.com\/?product=big-fish-house-acuario-flotante-para-aislamiento","og_locale":"es_MX","og_type":"article","og_title":"Big fish house Acuario flotante para aislamiento. | Acuario Supremus","og_description":"Acuario flotante para aislamiento de especies de peque\u00f1as y grandes dimensiones construido en pl\u00e1stico transparente de alta resistencia","og_url":"https:\/\/acuariosupremus.com\/?product=big-fish-house-acuario-flotante-para-aislamiento","og_site_name":"Acuario Supremus","article_publisher":"https:\/\/www.facebook.com\/AcuarioSupremus","article_modified_time":"2025-12-23T23:42:06+00:00","og_image":[{"width":1000,"height":1000,"url":"https:\/\/acuariosupremus.com\/wp-content\/uploads\/2025\/05\/big_fish_house_detalle_01.jpg","type":"image\/jpeg"}],"twitter_card":"summary_large_image","twitter_site":"@AcuarioSupremus","twitter_misc":{"Tiempo de lectura":"1 minuto"},"schema":{"@context":"https:\/\/schema.org","@graph":[{"@type":"WebPage","@id":"https:\/\/acuariosupremus.com\/?product=big-fish-house-acuario-flotante-para-aislamiento","url":"https:\/\/acuariosupremus.com\/?product=big-fish-house-acuario-flotante-para-aislamiento","name":"Big fish house Acuario flotante para aislamiento. | Acuario Supremus","isPartOf":{"@id":"https:\/\/acuariosupremus.com\/#website"},"primaryImageOfPage":{"@id":"https:\/\/acuariosupremus.com\/?product=big-fish-house-acuario-flotante-para-aislamiento#primaryimage"},"image":{"@id":"https:\/\/acuariosupremus.com\/?product=big-fish-house-acuario-flotante-para-aislamiento#primaryimage"},"thumbnailUrl":"https:\/\/acuariosupremus.com\/wp-content\/uploads\/2025\/05\/big_fish_house_detalle_01.jpg","datePublished":"2025-05-20T02:01:01+00:00","dateModified":"2025-12-23T23:42:06+00:00","description":"Acuario flotante para aislamiento de especies de peque\u00f1as y grandes dimensiones construido en pl\u00e1stico transparente de alta resistencia","breadcrumb":{"@id":"https:\/\/acuariosupremus.com\/?product=big-fish-house-acuario-flotante-para-aislamiento#breadcrumb"},"inLanguage":"es","potentialAction":[{"@type":"ReadAction","target":["https:\/\/acuariosupremus.com\/?product=big-fish-house-acuario-flotante-para-aislamiento"]}]},{"@type":"ImageObject","inLanguage":"es","@id":"https:\/\/acuariosupremus.com\/?product=big-fish-house-acuario-flotante-para-aislamiento#primaryimage","url":"https:\/\/acuariosupremus.com\/wp-content\/uploads\/2025\/05\/big_fish_house_detalle_01.jpg","contentUrl":"https:\/\/acuariosupremus.com\/wp-content\/uploads\/2025\/05\/big_fish_house_detalle_01.jpg","width":1000,"height":1000},{"@type":"BreadcrumbList","@id":"https:\/\/acuariosupremus.com\/?product=big-fish-house-acuario-flotante-para-aislamiento#breadcrumb","itemListElement":[{"@type":"ListItem","position":1,"name":"Portada","item":"https:\/\/acuariosupremus.com\/"},{"@type":"ListItem","position":2,"name":"Tienda","item":"https:\/\/acuariosupremus.com\/tienda\/"},{"@type":"ListItem","position":3,"name":"Big fish house Acuario flotante para aislamiento."}]},{"@type":"WebSite","@id":"https:\/\/acuariosupremus.com\/#website","url":"https:\/\/acuariosupremus.com\/","name":"Acuario Supremus","description":"Peces, Peceras y Mascotas.","publisher":{"@id":"https:\/\/acuariosupremus.com\/#organization"},"potentialAction":[{"@type":"SearchAction","target":{"@type":"EntryPoint","urlTemplate":"https:\/\/acuariosupremus.com\/?s={search_term_string}"},"query-input":{"@type":"PropertyValueSpecification","valueRequired":true,"valueName":"search_term_string"}}],"inLanguage":"es"},{"@type":"Organization","@id":"https:\/\/acuariosupremus.com\/#organization","name":"Acuario Supremus","url":"https:\/\/acuariosupremus.com\/","logo":{"@type":"ImageObject","inLanguage":"es","@id":"https:\/\/acuariosupremus.com\/#\/schema\/logo\/image\/","url":"https:\/\/acuariosupremus.com\/wp-content\/uploads\/2021\/12\/cropped-logo_acuario_supremus_fn-2.png","contentUrl":"https:\/\/acuariosupremus.com\/wp-content\/uploads\/2021\/12\/cropped-logo_acuario_supremus_fn-2.png","width":1000,"height":318,"caption":"Acuario Supremus"},"image":{"@id":"https:\/\/acuariosupremus.com\/#\/schema\/logo\/image\/"},"sameAs":["https:\/\/www.facebook.com\/AcuarioSupremus","https:\/\/x.com\/AcuarioSupremus","https:\/\/www.instagram.com\/acuariosupremus\/?hl=es"]}]}},"jetpack_sharing_enabled":true,"_links":{"self":[{"href":"https:\/\/acuariosupremus.com\/index.php?rest_route=\/wp\/v2\/product\/13631","targetHints":{"allow":["GET"]}}],"collection":[{"href":"https:\/\/acuariosupremus.com\/index.php?rest_route=\/wp\/v2\/product"}],"about":[{"href":"https:\/\/acuariosupremus.com\/index.php?rest_route=\/wp\/v2\/types\/product"}],"wp:featuredmedia":[{"embeddable":true,"href":"https:\/\/acuariosupremus.com\/index.php?rest_route=\/wp\/v2\/media\/13632"}],"wp:attachment":[{"href":"https:\/\/acuariosupremus.com\/index.php?rest_route=%2Fwp%2Fv2%2Fmedia&parent=13631"}],"wp:term":[{"taxonomy":"product_brand","embeddable":true,"href":"https:\/\/acuariosupremus.com\/index.php?rest_route=%2Fwp%2Fv2%2Fproduct_brand&post=13631"},{"taxonomy":"product_cat","embeddable":true,"href":"https:\/\/acuariosupremus.com\/index.php?rest_route=%2Fwp%2Fv2%2Fproduct_cat&post=13631"},{"taxonomy":"product_tag","embeddable":true,"href":"https:\/\/acuariosupremus.com\/index.php?rest_route=%2Fwp%2Fv2%2Fproduct_tag&post=13631"}],"curies":[{"name":"wp","href":"https:\/\/api.w.org\/{rel}","templated":true}]}}