{"id":13648,"date":"2025-05-20T14:35:58","date_gmt":"2025-05-20T20:35:58","guid":{"rendered":"https:\/\/acuariosupremus.com\/?post_type=product&#038;p=13648"},"modified":"2025-12-24T17:27:19","modified_gmt":"2025-12-24T23:27:19","slug":"acuario-buyu-gr-1-alimentacion-electrica-por-induccion-14-litros","status":"publish","type":"product","link":"https:\/\/acuariosupremus.com\/?product=acuario-buyu-gr-1-alimentacion-electrica-por-induccion-14-litros","title":{"rendered":"Acuario BUYU GR-1, alimentaci\u00f3n el\u00e9ctrica por inducci\u00f3n 14 litros."},"content":{"rendered":"<p><span class=\"fontstyle0\">Con una capacidad aproximada de 14 litros para las versiones GR1, los modernos acuarios GR est\u00e1n meticulosamente construidos con vidrio de alta calidad, brindando no solo una apariencia est\u00e9tica, sino tambi\u00e9n una durabilidad excepcional. Adem\u00e1s, incorporan un filtro de inducci\u00f3n magn\u00e9tica de \u00faltima generaci\u00f3n, dise\u00f1ado para prevenir el contacto del agua con los cables, garantizando un entorno seguro y saludable para los habitantes acu\u00e1ticos.<\/span><\/p>\n<p><span class=\"fontstyle0\">Los acuarios GR1 y GR1S est\u00e1n equipados con una l\u00e1mpara que incluye 18 chips LED blancos y 12 LEDs RGB El panel touch superior permite una asombrosa variedad de hasta 10 combinaciones de luz diferentes, cada una con distintas intensidades lum\u00ednicas para realzar la belleza de su acuario.<\/span><\/p>\n<p>Medidas: 380 x 219 x 240 ( l x a x h mm) Capacidad 14 (Litros) Volt. \/ frec. 127\/60 (V\/Hz) bomba de agua: 9 (w) Caudal: 250 (L\/h) Iluminaci\u00f3n: LED\u00a0 Medidas c. Embalaje 390 x 240 x 260 ( l x a x h mm) Peso con embalaje 5.850 (kg)<\/p>\n<p>&nbsp;<\/p>\n","protected":false},"excerpt":{"rendered":"<p><span class=\"fontstyle0\">Los fascinantes Acuarios BOYU GR son una elecci\u00f3n excepcional para los entusiastas de la acuarofilia que buscan iniciarse de manera exitosa en este apasionante hobby. Estos acuarios destacan por su elegancia, modernidad, asequibilidad y versatilidad, convirti\u00e9ndolos en una opci\u00f3n perfecta para aquellos que desean sumergirse en el fascinante mundo de los acuarios.<\/span><\/p>\n<p>&nbsp;<\/p>\n","protected":false},"featured_media":13649,"template":"","meta":[],"product_brand":[122],"product_cat":[40,55],"product_tag":[936,613,937,234,208,172,612],"class_list":{"0":"post-13648","1":"product","2":"type-product","3":"status-publish","4":"has-post-thumbnail","6":"product_brand-boyu","7":"product_cat-peces","8":"product_cat-betteras","9":"product_tag-acuario-14-litros","10":"product_tag-acuario-boyu","11":"product_tag-acuario-boyu-gr","12":"product_tag-acuario-nano","13":"product_tag-beteras","14":"product_tag-bettas","15":"product_tag-mini-acuario-de-escritorio","17":"first","18":"instock","19":"sale","20":"shipping-taxable","21":"purchasable","22":"product-type-simple"},"yoast_head":"<!-- This site is optimized with the Yoast SEO plugin v27.4 - https:\/\/yoast.com\/product\/yoast-seo-wordpress\/ -->\n<title>Acuario BUYU GR-1, alimentaci\u00f3n el\u00e9ctrica por inducci\u00f3n 14 litros. | Acuario Supremus<\/title>\n<meta name=\"description\" content=\"Nanoacuario de escritorio BOYU GR-1 de dise\u00f1o moderno ideal para Bettas y otros peces peque\u00f1os, filtro integrado y luz LED.\" \/>\n<meta name=\"robots\" content=\"index, follow, max-snippet:-1, max-image-preview:large, max-video-preview:-1\" \/>\n<link rel=\"canonical\" href=\"https:\/\/acuariosupremus.com\/?product=acuario-buyu-gr-1-alimentacion-electrica-por-induccion-14-litros\" \/>\n<meta property=\"og:locale\" content=\"es_MX\" \/>\n<meta property=\"og:type\" content=\"article\" \/>\n<meta property=\"og:title\" content=\"Acuario BUYU GR-1, alimentaci\u00f3n el\u00e9ctrica por inducci\u00f3n 14 litros. | Acuario Supremus\" \/>\n<meta property=\"og:description\" content=\"Nanoacuario de escritorio BOYU GR-1 de dise\u00f1o moderno ideal para Bettas y otros peces peque\u00f1os, filtro integrado y luz LED.\" \/>\n<meta property=\"og:url\" content=\"https:\/\/acuariosupremus.com\/?product=acuario-buyu-gr-1-alimentacion-electrica-por-induccion-14-litros\" \/>\n<meta property=\"og:site_name\" content=\"Acuario Supremus\" \/>\n<meta property=\"article:publisher\" content=\"https:\/\/www.facebook.com\/AcuarioSupremus\" \/>\n<meta property=\"article:modified_time\" content=\"2025-12-24T23:27:19+00:00\" \/>\n<meta property=\"og:image\" content=\"https:\/\/acuariosupremus.com\/wp-content\/uploads\/2025\/05\/01.jpg\" \/>\n\t<meta property=\"og:image:width\" content=\"2000\" \/>\n\t<meta property=\"og:image:height\" content=\"2000\" \/>\n\t<meta property=\"og:image:type\" content=\"image\/jpeg\" \/>\n<meta name=\"twitter:card\" content=\"summary_large_image\" \/>\n<meta name=\"twitter:site\" content=\"@AcuarioSupremus\" \/>\n<meta name=\"twitter:label1\" content=\"Tiempo de lectura\" \/>\n\t<meta name=\"twitter:data1\" content=\"1 minuto\" \/>\n<script type=\"application\/ld+json\" class=\"yoast-schema-graph\">{\"@context\":\"https:\\\/\\\/schema.org\",\"@graph\":[{\"@type\":\"WebPage\",\"@id\":\"https:\\\/\\\/acuariosupremus.com\\\/?product=acuario-buyu-gr-1-alimentacion-electrica-por-induccion-14-litros\",\"url\":\"https:\\\/\\\/acuariosupremus.com\\\/?product=acuario-buyu-gr-1-alimentacion-electrica-por-induccion-14-litros\",\"name\":\"Acuario BUYU GR-1, alimentaci\u00f3n el\u00e9ctrica por inducci\u00f3n 14 litros. | Acuario Supremus\",\"isPartOf\":{\"@id\":\"https:\\\/\\\/acuariosupremus.com\\\/#website\"},\"primaryImageOfPage\":{\"@id\":\"https:\\\/\\\/acuariosupremus.com\\\/?product=acuario-buyu-gr-1-alimentacion-electrica-por-induccion-14-litros#primaryimage\"},\"image\":{\"@id\":\"https:\\\/\\\/acuariosupremus.com\\\/?product=acuario-buyu-gr-1-alimentacion-electrica-por-induccion-14-litros#primaryimage\"},\"thumbnailUrl\":\"https:\\\/\\\/acuariosupremus.com\\\/wp-content\\\/uploads\\\/2025\\\/05\\\/01.jpg\",\"datePublished\":\"2025-05-20T20:35:58+00:00\",\"dateModified\":\"2025-12-24T23:27:19+00:00\",\"description\":\"Nanoacuario de escritorio BOYU GR-1 de dise\u00f1o moderno ideal para Bettas y otros peces peque\u00f1os, filtro integrado y luz LED.\",\"breadcrumb\":{\"@id\":\"https:\\\/\\\/acuariosupremus.com\\\/?product=acuario-buyu-gr-1-alimentacion-electrica-por-induccion-14-litros#breadcrumb\"},\"inLanguage\":\"es\",\"potentialAction\":[{\"@type\":\"ReadAction\",\"target\":[\"https:\\\/\\\/acuariosupremus.com\\\/?product=acuario-buyu-gr-1-alimentacion-electrica-por-induccion-14-litros\"]}]},{\"@type\":\"ImageObject\",\"inLanguage\":\"es\",\"@id\":\"https:\\\/\\\/acuariosupremus.com\\\/?product=acuario-buyu-gr-1-alimentacion-electrica-por-induccion-14-litros#primaryimage\",\"url\":\"https:\\\/\\\/acuariosupremus.com\\\/wp-content\\\/uploads\\\/2025\\\/05\\\/01.jpg\",\"contentUrl\":\"https:\\\/\\\/acuariosupremus.com\\\/wp-content\\\/uploads\\\/2025\\\/05\\\/01.jpg\",\"width\":2000,\"height\":2000},{\"@type\":\"BreadcrumbList\",\"@id\":\"https:\\\/\\\/acuariosupremus.com\\\/?product=acuario-buyu-gr-1-alimentacion-electrica-por-induccion-14-litros#breadcrumb\",\"itemListElement\":[{\"@type\":\"ListItem\",\"position\":1,\"name\":\"Portada\",\"item\":\"https:\\\/\\\/acuariosupremus.com\\\/\"},{\"@type\":\"ListItem\",\"position\":2,\"name\":\"Tienda\",\"item\":\"https:\\\/\\\/acuariosupremus.com\\\/tienda\\\/\"},{\"@type\":\"ListItem\",\"position\":3,\"name\":\"Acuario BUYU GR-1, alimentaci\u00f3n el\u00e9ctrica por inducci\u00f3n 14 litros.\"}]},{\"@type\":\"WebSite\",\"@id\":\"https:\\\/\\\/acuariosupremus.com\\\/#website\",\"url\":\"https:\\\/\\\/acuariosupremus.com\\\/\",\"name\":\"Acuario Supremus\",\"description\":\"Peces, Peceras y Mascotas.\",\"publisher\":{\"@id\":\"https:\\\/\\\/acuariosupremus.com\\\/#organization\"},\"potentialAction\":[{\"@type\":\"SearchAction\",\"target\":{\"@type\":\"EntryPoint\",\"urlTemplate\":\"https:\\\/\\\/acuariosupremus.com\\\/?s={search_term_string}\"},\"query-input\":{\"@type\":\"PropertyValueSpecification\",\"valueRequired\":true,\"valueName\":\"search_term_string\"}}],\"inLanguage\":\"es\"},{\"@type\":\"Organization\",\"@id\":\"https:\\\/\\\/acuariosupremus.com\\\/#organization\",\"name\":\"Acuario Supremus\",\"url\":\"https:\\\/\\\/acuariosupremus.com\\\/\",\"logo\":{\"@type\":\"ImageObject\",\"inLanguage\":\"es\",\"@id\":\"https:\\\/\\\/acuariosupremus.com\\\/#\\\/schema\\\/logo\\\/image\\\/\",\"url\":\"https:\\\/\\\/acuariosupremus.com\\\/wp-content\\\/uploads\\\/2021\\\/12\\\/cropped-logo_acuario_supremus_fn-2.png\",\"contentUrl\":\"https:\\\/\\\/acuariosupremus.com\\\/wp-content\\\/uploads\\\/2021\\\/12\\\/cropped-logo_acuario_supremus_fn-2.png\",\"width\":1000,\"height\":318,\"caption\":\"Acuario Supremus\"},\"image\":{\"@id\":\"https:\\\/\\\/acuariosupremus.com\\\/#\\\/schema\\\/logo\\\/image\\\/\"},\"sameAs\":[\"https:\\\/\\\/www.facebook.com\\\/AcuarioSupremus\",\"https:\\\/\\\/x.com\\\/AcuarioSupremus\",\"https:\\\/\\\/www.instagram.com\\\/acuariosupremus\\\/?hl=es\"]}]}<\/script>\n<!-- \/ Yoast SEO plugin. -->","yoast_head_json":{"title":"Acuario BUYU GR-1, alimentaci\u00f3n el\u00e9ctrica por inducci\u00f3n 14 litros. | Acuario Supremus","description":"Nanoacuario de escritorio BOYU GR-1 de dise\u00f1o moderno ideal para Bettas y otros peces peque\u00f1os, filtro integrado y luz LED.","robots":{"index":"index","follow":"follow","max-snippet":"max-snippet:-1","max-image-preview":"max-image-preview:large","max-video-preview":"max-video-preview:-1"},"canonical":"https:\/\/acuariosupremus.com\/?product=acuario-buyu-gr-1-alimentacion-electrica-por-induccion-14-litros","og_locale":"es_MX","og_type":"article","og_title":"Acuario BUYU GR-1, alimentaci\u00f3n el\u00e9ctrica por inducci\u00f3n 14 litros. | Acuario Supremus","og_description":"Nanoacuario de escritorio BOYU GR-1 de dise\u00f1o moderno ideal para Bettas y otros peces peque\u00f1os, filtro integrado y luz LED.","og_url":"https:\/\/acuariosupremus.com\/?product=acuario-buyu-gr-1-alimentacion-electrica-por-induccion-14-litros","og_site_name":"Acuario Supremus","article_publisher":"https:\/\/www.facebook.com\/AcuarioSupremus","article_modified_time":"2025-12-24T23:27:19+00:00","og_image":[{"width":2000,"height":2000,"url":"https:\/\/acuariosupremus.com\/wp-content\/uploads\/2025\/05\/01.jpg","type":"image\/jpeg"}],"twitter_card":"summary_large_image","twitter_site":"@AcuarioSupremus","twitter_misc":{"Tiempo de lectura":"1 minuto"},"schema":{"@context":"https:\/\/schema.org","@graph":[{"@type":"WebPage","@id":"https:\/\/acuariosupremus.com\/?product=acuario-buyu-gr-1-alimentacion-electrica-por-induccion-14-litros","url":"https:\/\/acuariosupremus.com\/?product=acuario-buyu-gr-1-alimentacion-electrica-por-induccion-14-litros","name":"Acuario BUYU GR-1, alimentaci\u00f3n el\u00e9ctrica por inducci\u00f3n 14 litros. | Acuario Supremus","isPartOf":{"@id":"https:\/\/acuariosupremus.com\/#website"},"primaryImageOfPage":{"@id":"https:\/\/acuariosupremus.com\/?product=acuario-buyu-gr-1-alimentacion-electrica-por-induccion-14-litros#primaryimage"},"image":{"@id":"https:\/\/acuariosupremus.com\/?product=acuario-buyu-gr-1-alimentacion-electrica-por-induccion-14-litros#primaryimage"},"thumbnailUrl":"https:\/\/acuariosupremus.com\/wp-content\/uploads\/2025\/05\/01.jpg","datePublished":"2025-05-20T20:35:58+00:00","dateModified":"2025-12-24T23:27:19+00:00","description":"Nanoacuario de escritorio BOYU GR-1 de dise\u00f1o moderno ideal para Bettas y otros peces peque\u00f1os, filtro integrado y luz LED.","breadcrumb":{"@id":"https:\/\/acuariosupremus.com\/?product=acuario-buyu-gr-1-alimentacion-electrica-por-induccion-14-litros#breadcrumb"},"inLanguage":"es","potentialAction":[{"@type":"ReadAction","target":["https:\/\/acuariosupremus.com\/?product=acuario-buyu-gr-1-alimentacion-electrica-por-induccion-14-litros"]}]},{"@type":"ImageObject","inLanguage":"es","@id":"https:\/\/acuariosupremus.com\/?product=acuario-buyu-gr-1-alimentacion-electrica-por-induccion-14-litros#primaryimage","url":"https:\/\/acuariosupremus.com\/wp-content\/uploads\/2025\/05\/01.jpg","contentUrl":"https:\/\/acuariosupremus.com\/wp-content\/uploads\/2025\/05\/01.jpg","width":2000,"height":2000},{"@type":"BreadcrumbList","@id":"https:\/\/acuariosupremus.com\/?product=acuario-buyu-gr-1-alimentacion-electrica-por-induccion-14-litros#breadcrumb","itemListElement":[{"@type":"ListItem","position":1,"name":"Portada","item":"https:\/\/acuariosupremus.com\/"},{"@type":"ListItem","position":2,"name":"Tienda","item":"https:\/\/acuariosupremus.com\/tienda\/"},{"@type":"ListItem","position":3,"name":"Acuario BUYU GR-1, alimentaci\u00f3n el\u00e9ctrica por inducci\u00f3n 14 litros."}]},{"@type":"WebSite","@id":"https:\/\/acuariosupremus.com\/#website","url":"https:\/\/acuariosupremus.com\/","name":"Acuario Supremus","description":"Peces, Peceras y Mascotas.","publisher":{"@id":"https:\/\/acuariosupremus.com\/#organization"},"potentialAction":[{"@type":"SearchAction","target":{"@type":"EntryPoint","urlTemplate":"https:\/\/acuariosupremus.com\/?s={search_term_string}"},"query-input":{"@type":"PropertyValueSpecification","valueRequired":true,"valueName":"search_term_string"}}],"inLanguage":"es"},{"@type":"Organization","@id":"https:\/\/acuariosupremus.com\/#organization","name":"Acuario Supremus","url":"https:\/\/acuariosupremus.com\/","logo":{"@type":"ImageObject","inLanguage":"es","@id":"https:\/\/acuariosupremus.com\/#\/schema\/logo\/image\/","url":"https:\/\/acuariosupremus.com\/wp-content\/uploads\/2021\/12\/cropped-logo_acuario_supremus_fn-2.png","contentUrl":"https:\/\/acuariosupremus.com\/wp-content\/uploads\/2021\/12\/cropped-logo_acuario_supremus_fn-2.png","width":1000,"height":318,"caption":"Acuario Supremus"},"image":{"@id":"https:\/\/acuariosupremus.com\/#\/schema\/logo\/image\/"},"sameAs":["https:\/\/www.facebook.com\/AcuarioSupremus","https:\/\/x.com\/AcuarioSupremus","https:\/\/www.instagram.com\/acuariosupremus\/?hl=es"]}]}},"jetpack_sharing_enabled":true,"_links":{"self":[{"href":"https:\/\/acuariosupremus.com\/index.php?rest_route=\/wp\/v2\/product\/13648","targetHints":{"allow":["GET"]}}],"collection":[{"href":"https:\/\/acuariosupremus.com\/index.php?rest_route=\/wp\/v2\/product"}],"about":[{"href":"https:\/\/acuariosupremus.com\/index.php?rest_route=\/wp\/v2\/types\/product"}],"wp:featuredmedia":[{"embeddable":true,"href":"https:\/\/acuariosupremus.com\/index.php?rest_route=\/wp\/v2\/media\/13649"}],"wp:attachment":[{"href":"https:\/\/acuariosupremus.com\/index.php?rest_route=%2Fwp%2Fv2%2Fmedia&parent=13648"}],"wp:term":[{"taxonomy":"product_brand","embeddable":true,"href":"https:\/\/acuariosupremus.com\/index.php?rest_route=%2Fwp%2Fv2%2Fproduct_brand&post=13648"},{"taxonomy":"product_cat","embeddable":true,"href":"https:\/\/acuariosupremus.com\/index.php?rest_route=%2Fwp%2Fv2%2Fproduct_cat&post=13648"},{"taxonomy":"product_tag","embeddable":true,"href":"https:\/\/acuariosupremus.com\/index.php?rest_route=%2Fwp%2Fv2%2Fproduct_tag&post=13648"}],"curies":[{"name":"wp","href":"https:\/\/api.w.org\/{rel}","templated":true}]}}