{"id":13699,"date":"2025-05-20T18:11:20","date_gmt":"2025-05-21T00:11:20","guid":{"rendered":"https:\/\/acuariosupremus.com\/?post_type=product&#038;p=13699"},"modified":"2025-12-26T15:41:27","modified_gmt":"2025-12-26T21:41:27","slug":"acuario-equipado-boyu-eaf-1200d-gabinete-negro-y-titanio-330-l","status":"publish","type":"product","link":"https:\/\/acuariosupremus.com\/?product=acuario-equipado-boyu-eaf-1200d-gabinete-negro-y-titanio-330-l","title":{"rendered":"Acuario equipado BOYU EAF-1200D gabinete Negro y titanio 330 l."},"content":{"rendered":"<p><span class=\"fontstyle0\">Los Acuarios BOYU Serie EAF, disponibles en diversas capacidades, est\u00e1n equipados con un sistema de filtraci\u00f3n tipo SUMP, garantizando una excelente calidad del agua y un mantenimiento sencillo y eficiente. Este acuario, altamente tecnificado, incluye iluminaci\u00f3n con LED T-8 de bajo consumo energ\u00e9tico, dise\u00f1ada para realzar la belleza natural de peces y plantas, creando un ambiente ideal y sostenible.<\/span><\/p>\n<p><span class=\"fontstyle0\">La Serie EAF cuenta con un control remoto digital que permite gestionar todas las funciones del acuario, como la iluminaci\u00f3n y el sistema de filtraci\u00f3n, con facilidad y precisi\u00f3n, asegurando una experiencia de usuario c\u00f3moda y sin complicaciones.<\/span><\/p>\n<p>Modelo: <strong>EAF-1200<\/strong> Medidas: 1.200x 400 x 760 ( l x a x h mm) Capacidad: 332 (Litros) Volt. \/ frec. 127\/60 (V\/Hz) Bomba de agua: 25(w) Caudal: 1500 (L\/h) Iluminaci\u00f3n: LED 2&#215;16<span class=\"fontstyle0\">\u00a0<\/span>Medidas c. Embalaje: 1.300 x 490x 860 ( l x a x h mm) Peso con embalaje: 108.500 (kg).<\/p>\n<p>Gabinete:<\/p>\n<p>Modelo: <strong>EAF-1200<\/strong> Medidas: 1.200x 400 x 770 ( l x a x h mm) Medidas c. Embalaje: 1.250 x 440 x 710 ( l x a x h mm) Peso con embalaje: 48.5(kg).<\/p>\n","protected":false},"excerpt":{"rendered":"<p><span class=\"fontstyle0\">BOYU presenta su l\u00ednea lujosa de acuarios con el exclusivo Acuario BOYU Serie EAF.<\/span><\/p>\n<p><span class=\"fontstyle0\">Estos acuarios para agua dulce destacan por su elegante acabado en color Negro Piano, complementado con molduras doradas, que aportan un toque sofisticado y distinguido a cualquier ambiente.<\/span><\/p>\n","protected":false},"featured_media":13700,"template":"","meta":[],"product_brand":[122],"product_cat":[40,53],"product_tag":[943,613,947],"class_list":{"0":"post-13699","1":"product","2":"type-product","3":"status-publish","4":"has-post-thumbnail","6":"product_brand-boyu","7":"product_cat-peces","8":"product_cat-peceras","9":"product_tag-acuario-300-litros","10":"product_tag-acuario-boyu","11":"product_tag-acuario-boyu-eaf","13":"first","14":"instock","15":"sale","16":"shipping-taxable","17":"purchasable","18":"product-type-simple"},"yoast_head":"<!-- This site is optimized with the Yoast SEO plugin v27.3 - https:\/\/yoast.com\/product\/yoast-seo-wordpress\/ -->\n<title>Acuario equipado BOYU EAF-1200D gabinete Negro y titanio 330 l. | Acuario Supremus<\/title>\n<meta name=\"description\" content=\"El Acuario Inteligente BOYU EAF-1200 es la linea m\u00e1s equipada y moderna con los acuarios que ofrecen unos acabados de excelente calidad para agua dulce.\" \/>\n<meta name=\"robots\" content=\"index, follow, max-snippet:-1, max-image-preview:large, max-video-preview:-1\" \/>\n<link rel=\"canonical\" href=\"https:\/\/acuariosupremus.com\/?product=acuario-equipado-boyu-eaf-1200d-gabinete-negro-y-titanio-330-l\" \/>\n<meta property=\"og:locale\" content=\"es_MX\" \/>\n<meta property=\"og:type\" content=\"article\" \/>\n<meta property=\"og:title\" content=\"Acuario equipado BOYU EAF-1200D gabinete Negro y titanio 330 l. | Acuario Supremus\" \/>\n<meta property=\"og:description\" content=\"El Acuario Inteligente BOYU EAF-1200 es la linea m\u00e1s equipada y moderna con los acuarios que ofrecen unos acabados de excelente calidad para agua dulce.\" \/>\n<meta property=\"og:url\" content=\"https:\/\/acuariosupremus.com\/?product=acuario-equipado-boyu-eaf-1200d-gabinete-negro-y-titanio-330-l\" \/>\n<meta property=\"og:site_name\" content=\"Acuario Supremus\" \/>\n<meta property=\"article:publisher\" content=\"https:\/\/www.facebook.com\/AcuarioSupremus\" \/>\n<meta property=\"article:modified_time\" content=\"2025-12-26T21:41:27+00:00\" \/>\n<meta property=\"og:image\" content=\"https:\/\/acuariosupremus.com\/wp-content\/uploads\/2025\/05\/EAF-01.png\" \/>\n\t<meta property=\"og:image:width\" content=\"750\" \/>\n\t<meta property=\"og:image:height\" content=\"750\" \/>\n\t<meta property=\"og:image:type\" content=\"image\/png\" \/>\n<meta name=\"twitter:card\" content=\"summary_large_image\" \/>\n<meta name=\"twitter:site\" content=\"@AcuarioSupremus\" \/>\n<meta name=\"twitter:label1\" content=\"Tiempo de lectura\" \/>\n\t<meta name=\"twitter:data1\" content=\"2 minutos\" \/>\n<script type=\"application\/ld+json\" class=\"yoast-schema-graph\">{\"@context\":\"https:\\\/\\\/schema.org\",\"@graph\":[{\"@type\":\"WebPage\",\"@id\":\"https:\\\/\\\/acuariosupremus.com\\\/?product=acuario-equipado-boyu-eaf-1200d-gabinete-negro-y-titanio-330-l\",\"url\":\"https:\\\/\\\/acuariosupremus.com\\\/?product=acuario-equipado-boyu-eaf-1200d-gabinete-negro-y-titanio-330-l\",\"name\":\"Acuario equipado BOYU EAF-1200D gabinete Negro y titanio 330 l. | Acuario Supremus\",\"isPartOf\":{\"@id\":\"https:\\\/\\\/acuariosupremus.com\\\/#website\"},\"primaryImageOfPage\":{\"@id\":\"https:\\\/\\\/acuariosupremus.com\\\/?product=acuario-equipado-boyu-eaf-1200d-gabinete-negro-y-titanio-330-l#primaryimage\"},\"image\":{\"@id\":\"https:\\\/\\\/acuariosupremus.com\\\/?product=acuario-equipado-boyu-eaf-1200d-gabinete-negro-y-titanio-330-l#primaryimage\"},\"thumbnailUrl\":\"https:\\\/\\\/acuariosupremus.com\\\/wp-content\\\/uploads\\\/2025\\\/05\\\/EAF-01.png\",\"datePublished\":\"2025-05-21T00:11:20+00:00\",\"dateModified\":\"2025-12-26T21:41:27+00:00\",\"description\":\"El Acuario Inteligente BOYU EAF-1200 es la linea m\u00e1s equipada y moderna con los acuarios que ofrecen unos acabados de excelente calidad para agua dulce.\",\"breadcrumb\":{\"@id\":\"https:\\\/\\\/acuariosupremus.com\\\/?product=acuario-equipado-boyu-eaf-1200d-gabinete-negro-y-titanio-330-l#breadcrumb\"},\"inLanguage\":\"es\",\"potentialAction\":[{\"@type\":\"ReadAction\",\"target\":[\"https:\\\/\\\/acuariosupremus.com\\\/?product=acuario-equipado-boyu-eaf-1200d-gabinete-negro-y-titanio-330-l\"]}]},{\"@type\":\"ImageObject\",\"inLanguage\":\"es\",\"@id\":\"https:\\\/\\\/acuariosupremus.com\\\/?product=acuario-equipado-boyu-eaf-1200d-gabinete-negro-y-titanio-330-l#primaryimage\",\"url\":\"https:\\\/\\\/acuariosupremus.com\\\/wp-content\\\/uploads\\\/2025\\\/05\\\/EAF-01.png\",\"contentUrl\":\"https:\\\/\\\/acuariosupremus.com\\\/wp-content\\\/uploads\\\/2025\\\/05\\\/EAF-01.png\",\"width\":750,\"height\":750},{\"@type\":\"BreadcrumbList\",\"@id\":\"https:\\\/\\\/acuariosupremus.com\\\/?product=acuario-equipado-boyu-eaf-1200d-gabinete-negro-y-titanio-330-l#breadcrumb\",\"itemListElement\":[{\"@type\":\"ListItem\",\"position\":1,\"name\":\"Portada\",\"item\":\"https:\\\/\\\/acuariosupremus.com\\\/\"},{\"@type\":\"ListItem\",\"position\":2,\"name\":\"Tienda\",\"item\":\"https:\\\/\\\/acuariosupremus.com\\\/tienda\\\/\"},{\"@type\":\"ListItem\",\"position\":3,\"name\":\"Acuario equipado BOYU EAF-1200D gabinete Negro y titanio 330 l.\"}]},{\"@type\":\"WebSite\",\"@id\":\"https:\\\/\\\/acuariosupremus.com\\\/#website\",\"url\":\"https:\\\/\\\/acuariosupremus.com\\\/\",\"name\":\"Acuario Supremus\",\"description\":\"Peces, Peceras y Mascotas.\",\"publisher\":{\"@id\":\"https:\\\/\\\/acuariosupremus.com\\\/#organization\"},\"potentialAction\":[{\"@type\":\"SearchAction\",\"target\":{\"@type\":\"EntryPoint\",\"urlTemplate\":\"https:\\\/\\\/acuariosupremus.com\\\/?s={search_term_string}\"},\"query-input\":{\"@type\":\"PropertyValueSpecification\",\"valueRequired\":true,\"valueName\":\"search_term_string\"}}],\"inLanguage\":\"es\"},{\"@type\":\"Organization\",\"@id\":\"https:\\\/\\\/acuariosupremus.com\\\/#organization\",\"name\":\"Acuario Supremus\",\"url\":\"https:\\\/\\\/acuariosupremus.com\\\/\",\"logo\":{\"@type\":\"ImageObject\",\"inLanguage\":\"es\",\"@id\":\"https:\\\/\\\/acuariosupremus.com\\\/#\\\/schema\\\/logo\\\/image\\\/\",\"url\":\"https:\\\/\\\/acuariosupremus.com\\\/wp-content\\\/uploads\\\/2021\\\/12\\\/cropped-logo_acuario_supremus_fn-2.png\",\"contentUrl\":\"https:\\\/\\\/acuariosupremus.com\\\/wp-content\\\/uploads\\\/2021\\\/12\\\/cropped-logo_acuario_supremus_fn-2.png\",\"width\":1000,\"height\":318,\"caption\":\"Acuario Supremus\"},\"image\":{\"@id\":\"https:\\\/\\\/acuariosupremus.com\\\/#\\\/schema\\\/logo\\\/image\\\/\"},\"sameAs\":[\"https:\\\/\\\/www.facebook.com\\\/AcuarioSupremus\",\"https:\\\/\\\/x.com\\\/AcuarioSupremus\",\"https:\\\/\\\/www.instagram.com\\\/acuariosupremus\\\/?hl=es\"]}]}<\/script>\n<!-- \/ Yoast SEO plugin. -->","yoast_head_json":{"title":"Acuario equipado BOYU EAF-1200D gabinete Negro y titanio 330 l. | Acuario Supremus","description":"El Acuario Inteligente BOYU EAF-1200 es la linea m\u00e1s equipada y moderna con los acuarios que ofrecen unos acabados de excelente calidad para agua dulce.","robots":{"index":"index","follow":"follow","max-snippet":"max-snippet:-1","max-image-preview":"max-image-preview:large","max-video-preview":"max-video-preview:-1"},"canonical":"https:\/\/acuariosupremus.com\/?product=acuario-equipado-boyu-eaf-1200d-gabinete-negro-y-titanio-330-l","og_locale":"es_MX","og_type":"article","og_title":"Acuario equipado BOYU EAF-1200D gabinete Negro y titanio 330 l. | Acuario Supremus","og_description":"El Acuario Inteligente BOYU EAF-1200 es la linea m\u00e1s equipada y moderna con los acuarios que ofrecen unos acabados de excelente calidad para agua dulce.","og_url":"https:\/\/acuariosupremus.com\/?product=acuario-equipado-boyu-eaf-1200d-gabinete-negro-y-titanio-330-l","og_site_name":"Acuario Supremus","article_publisher":"https:\/\/www.facebook.com\/AcuarioSupremus","article_modified_time":"2025-12-26T21:41:27+00:00","og_image":[{"width":750,"height":750,"url":"https:\/\/acuariosupremus.com\/wp-content\/uploads\/2025\/05\/EAF-01.png","type":"image\/png"}],"twitter_card":"summary_large_image","twitter_site":"@AcuarioSupremus","twitter_misc":{"Tiempo de lectura":"2 minutos"},"schema":{"@context":"https:\/\/schema.org","@graph":[{"@type":"WebPage","@id":"https:\/\/acuariosupremus.com\/?product=acuario-equipado-boyu-eaf-1200d-gabinete-negro-y-titanio-330-l","url":"https:\/\/acuariosupremus.com\/?product=acuario-equipado-boyu-eaf-1200d-gabinete-negro-y-titanio-330-l","name":"Acuario equipado BOYU EAF-1200D gabinete Negro y titanio 330 l. | Acuario Supremus","isPartOf":{"@id":"https:\/\/acuariosupremus.com\/#website"},"primaryImageOfPage":{"@id":"https:\/\/acuariosupremus.com\/?product=acuario-equipado-boyu-eaf-1200d-gabinete-negro-y-titanio-330-l#primaryimage"},"image":{"@id":"https:\/\/acuariosupremus.com\/?product=acuario-equipado-boyu-eaf-1200d-gabinete-negro-y-titanio-330-l#primaryimage"},"thumbnailUrl":"https:\/\/acuariosupremus.com\/wp-content\/uploads\/2025\/05\/EAF-01.png","datePublished":"2025-05-21T00:11:20+00:00","dateModified":"2025-12-26T21:41:27+00:00","description":"El Acuario Inteligente BOYU EAF-1200 es la linea m\u00e1s equipada y moderna con los acuarios que ofrecen unos acabados de excelente calidad para agua dulce.","breadcrumb":{"@id":"https:\/\/acuariosupremus.com\/?product=acuario-equipado-boyu-eaf-1200d-gabinete-negro-y-titanio-330-l#breadcrumb"},"inLanguage":"es","potentialAction":[{"@type":"ReadAction","target":["https:\/\/acuariosupremus.com\/?product=acuario-equipado-boyu-eaf-1200d-gabinete-negro-y-titanio-330-l"]}]},{"@type":"ImageObject","inLanguage":"es","@id":"https:\/\/acuariosupremus.com\/?product=acuario-equipado-boyu-eaf-1200d-gabinete-negro-y-titanio-330-l#primaryimage","url":"https:\/\/acuariosupremus.com\/wp-content\/uploads\/2025\/05\/EAF-01.png","contentUrl":"https:\/\/acuariosupremus.com\/wp-content\/uploads\/2025\/05\/EAF-01.png","width":750,"height":750},{"@type":"BreadcrumbList","@id":"https:\/\/acuariosupremus.com\/?product=acuario-equipado-boyu-eaf-1200d-gabinete-negro-y-titanio-330-l#breadcrumb","itemListElement":[{"@type":"ListItem","position":1,"name":"Portada","item":"https:\/\/acuariosupremus.com\/"},{"@type":"ListItem","position":2,"name":"Tienda","item":"https:\/\/acuariosupremus.com\/tienda\/"},{"@type":"ListItem","position":3,"name":"Acuario equipado BOYU EAF-1200D gabinete Negro y titanio 330 l."}]},{"@type":"WebSite","@id":"https:\/\/acuariosupremus.com\/#website","url":"https:\/\/acuariosupremus.com\/","name":"Acuario Supremus","description":"Peces, Peceras y Mascotas.","publisher":{"@id":"https:\/\/acuariosupremus.com\/#organization"},"potentialAction":[{"@type":"SearchAction","target":{"@type":"EntryPoint","urlTemplate":"https:\/\/acuariosupremus.com\/?s={search_term_string}"},"query-input":{"@type":"PropertyValueSpecification","valueRequired":true,"valueName":"search_term_string"}}],"inLanguage":"es"},{"@type":"Organization","@id":"https:\/\/acuariosupremus.com\/#organization","name":"Acuario Supremus","url":"https:\/\/acuariosupremus.com\/","logo":{"@type":"ImageObject","inLanguage":"es","@id":"https:\/\/acuariosupremus.com\/#\/schema\/logo\/image\/","url":"https:\/\/acuariosupremus.com\/wp-content\/uploads\/2021\/12\/cropped-logo_acuario_supremus_fn-2.png","contentUrl":"https:\/\/acuariosupremus.com\/wp-content\/uploads\/2021\/12\/cropped-logo_acuario_supremus_fn-2.png","width":1000,"height":318,"caption":"Acuario Supremus"},"image":{"@id":"https:\/\/acuariosupremus.com\/#\/schema\/logo\/image\/"},"sameAs":["https:\/\/www.facebook.com\/AcuarioSupremus","https:\/\/x.com\/AcuarioSupremus","https:\/\/www.instagram.com\/acuariosupremus\/?hl=es"]}]}},"jetpack_sharing_enabled":true,"_links":{"self":[{"href":"https:\/\/acuariosupremus.com\/index.php?rest_route=\/wp\/v2\/product\/13699","targetHints":{"allow":["GET"]}}],"collection":[{"href":"https:\/\/acuariosupremus.com\/index.php?rest_route=\/wp\/v2\/product"}],"about":[{"href":"https:\/\/acuariosupremus.com\/index.php?rest_route=\/wp\/v2\/types\/product"}],"wp:featuredmedia":[{"embeddable":true,"href":"https:\/\/acuariosupremus.com\/index.php?rest_route=\/wp\/v2\/media\/13700"}],"wp:attachment":[{"href":"https:\/\/acuariosupremus.com\/index.php?rest_route=%2Fwp%2Fv2%2Fmedia&parent=13699"}],"wp:term":[{"taxonomy":"product_brand","embeddable":true,"href":"https:\/\/acuariosupremus.com\/index.php?rest_route=%2Fwp%2Fv2%2Fproduct_brand&post=13699"},{"taxonomy":"product_cat","embeddable":true,"href":"https:\/\/acuariosupremus.com\/index.php?rest_route=%2Fwp%2Fv2%2Fproduct_cat&post=13699"},{"taxonomy":"product_tag","embeddable":true,"href":"https:\/\/acuariosupremus.com\/index.php?rest_route=%2Fwp%2Fv2%2Fproduct_tag&post=13699"}],"curies":[{"name":"wp","href":"https:\/\/api.w.org\/{rel}","templated":true}]}}