{"id":13706,"date":"2025-05-20T19:14:27","date_gmt":"2025-05-21T01:14:27","guid":{"rendered":"https:\/\/acuariosupremus.com\/?post_type=product&#038;p=13706"},"modified":"2025-12-26T15:43:19","modified_gmt":"2025-12-26T21:43:19","slug":"acuario-equipado-boyu-ehm-1200-gabinete-nogal-blanco-330-l","status":"publish","type":"product","link":"https:\/\/acuariosupremus.com\/?product=acuario-equipado-boyu-ehm-1200-gabinete-nogal-blanco-330-l","title":{"rendered":"Acuario equipado BOYU EHM-1200 gabinete nogal blanco 330 l."},"content":{"rendered":"<p><span class=\"fontstyle0\">Este acuario incluye iluminaci\u00f3n con LED T-8 de bajo consumo energ\u00e9tico, que realza la belleza de peces y plantas, proporcionando un entorno \u00f3ptimo y sostenible. La Serie EHM viene equipada con un control remoto digital que permite ajustar y manejar f\u00e1cilmente todas las funciones del acuario, incluyendo la iluminaci\u00f3n y el sistema de filtraci\u00f3n, lo que garantiza una experiencia de uso sencilla e intuitiva.<\/span><\/p>\n<p><span class=\"fontstyle0\">Un dise\u00f1o depurado y elegante crea un conjunto armonioso entre el acuario y su gabinete, fabricado con materiales de alta calidad para asegurar durabilidad y resistencia.<\/span><\/p>\n<p>Modelo: <strong><span class=\"fontstyle0\">EHM<\/span>-1200<\/strong> Medidas: 1.200x 400 x 760 ( l x a x h mm) Capacidad: 332 (Litros) Volt. \/ frec. 127\/60 (V\/Hz) Bomba de agua: 25(w) Caudal: 1500 (L\/h) Iluminaci\u00f3n: LED 2&#215;16<span class=\"fontstyle0\">\u00a0<\/span>Medidas c. Embalaje: 1.300 x 490x 860 ( l x a x h mm) Peso con embalaje: 110.500 (kg).<\/p>\n<p>Gabinete:<\/p>\n<p>Modelo: <strong>EHM-1200<\/strong> Medidas: 1.200x 400 x 770 ( l x a x h mm) Medidas c. Embalaje: 1.250 x 440 x 710 ( l x a x h mm) Peso con embalaje: 54(kg).<\/p>\n","protected":false},"excerpt":{"rendered":"<p><span class=\"fontstyle0\">El Acuario Inteligente Todo en Uno.<\/span><\/p>\n<p><span class=\"fontstyle2\">BOYU presenta su l\u00ednea innovadora de acuarios con el elegante y sofisticado Serie EHM.<\/span><\/p>\n<p><span class=\"fontstyle2\">Estos acuarios para agua dulce destacan por su dise\u00f1o en acabado imitaci\u00f3n madera color White Walnut (Nogal Blanco), que aporta un toque moderno y refinado a cualquier espacio. Con capacidades que var\u00edan en funci\u00f3n del modelo, los Acuarios BOYU Serie EHM est\u00e1n equipados con un sistema de filtraci\u00f3n tipo SUMP, que ofrece una excelente eficiencia en la limpieza y mantenimiento del agua.<\/span><\/p>\n","protected":false},"featured_media":13707,"template":"","meta":[],"product_brand":[122],"product_cat":[40,53],"product_tag":[943,613,948],"class_list":{"0":"post-13706","1":"product","2":"type-product","3":"status-publish","4":"has-post-thumbnail","6":"product_brand-boyu","7":"product_cat-peces","8":"product_cat-peceras","9":"product_tag-acuario-300-litros","10":"product_tag-acuario-boyu","11":"product_tag-acuario-boyu-ehm","13":"first","14":"instock","15":"sale","16":"shipping-taxable","17":"purchasable","18":"product-type-simple"},"yoast_head":"<!-- This site is optimized with the Yoast SEO plugin v27.4 - https:\/\/yoast.com\/product\/yoast-seo-wordpress\/ -->\n<title>Acuario equipado BOYU EHM-1200 gabinete nogal blanco 330 l. | Acuario Supremus<\/title>\n<meta name=\"description\" content=\"Acuarios BOYU Serie EHM est\u00e1n equipados con un sistema de filtraci\u00f3n tipo SUMP, que ofrece una excelente eficiencia en la limpieza y mantenimiento del agua.\" \/>\n<meta name=\"robots\" content=\"index, follow, max-snippet:-1, max-image-preview:large, max-video-preview:-1\" \/>\n<link rel=\"canonical\" href=\"https:\/\/acuariosupremus.com\/?product=acuario-equipado-boyu-ehm-1200-gabinete-nogal-blanco-330-l\" \/>\n<meta property=\"og:locale\" content=\"es_MX\" \/>\n<meta property=\"og:type\" content=\"article\" \/>\n<meta property=\"og:title\" content=\"Acuario equipado BOYU EHM-1200 gabinete nogal blanco 330 l. | Acuario Supremus\" \/>\n<meta property=\"og:description\" content=\"Acuarios BOYU Serie EHM est\u00e1n equipados con un sistema de filtraci\u00f3n tipo SUMP, que ofrece una excelente eficiencia en la limpieza y mantenimiento del agua.\" \/>\n<meta property=\"og:url\" content=\"https:\/\/acuariosupremus.com\/?product=acuario-equipado-boyu-ehm-1200-gabinete-nogal-blanco-330-l\" \/>\n<meta property=\"og:site_name\" content=\"Acuario Supremus\" \/>\n<meta property=\"article:publisher\" content=\"https:\/\/www.facebook.com\/AcuarioSupremus\" \/>\n<meta property=\"article:modified_time\" content=\"2025-12-26T21:43:19+00:00\" \/>\n<meta property=\"og:image\" content=\"https:\/\/acuariosupremus.com\/wp-content\/uploads\/2025\/05\/fotos-EHM-03.jpg\" \/>\n\t<meta property=\"og:image:width\" content=\"2000\" \/>\n\t<meta property=\"og:image:height\" content=\"2000\" \/>\n\t<meta property=\"og:image:type\" content=\"image\/jpeg\" \/>\n<meta name=\"twitter:card\" content=\"summary_large_image\" \/>\n<meta name=\"twitter:site\" content=\"@AcuarioSupremus\" \/>\n<meta name=\"twitter:label1\" content=\"Tiempo de lectura\" \/>\n\t<meta name=\"twitter:data1\" content=\"1 minuto\" \/>\n<script type=\"application\/ld+json\" class=\"yoast-schema-graph\">{\"@context\":\"https:\\\/\\\/schema.org\",\"@graph\":[{\"@type\":\"WebPage\",\"@id\":\"https:\\\/\\\/acuariosupremus.com\\\/?product=acuario-equipado-boyu-ehm-1200-gabinete-nogal-blanco-330-l\",\"url\":\"https:\\\/\\\/acuariosupremus.com\\\/?product=acuario-equipado-boyu-ehm-1200-gabinete-nogal-blanco-330-l\",\"name\":\"Acuario equipado BOYU EHM-1200 gabinete nogal blanco 330 l. | Acuario Supremus\",\"isPartOf\":{\"@id\":\"https:\\\/\\\/acuariosupremus.com\\\/#website\"},\"primaryImageOfPage\":{\"@id\":\"https:\\\/\\\/acuariosupremus.com\\\/?product=acuario-equipado-boyu-ehm-1200-gabinete-nogal-blanco-330-l#primaryimage\"},\"image\":{\"@id\":\"https:\\\/\\\/acuariosupremus.com\\\/?product=acuario-equipado-boyu-ehm-1200-gabinete-nogal-blanco-330-l#primaryimage\"},\"thumbnailUrl\":\"https:\\\/\\\/acuariosupremus.com\\\/wp-content\\\/uploads\\\/2025\\\/05\\\/fotos-EHM-03.jpg\",\"datePublished\":\"2025-05-21T01:14:27+00:00\",\"dateModified\":\"2025-12-26T21:43:19+00:00\",\"description\":\"Acuarios BOYU Serie EHM est\u00e1n equipados con un sistema de filtraci\u00f3n tipo SUMP, que ofrece una excelente eficiencia en la limpieza y mantenimiento del agua.\",\"breadcrumb\":{\"@id\":\"https:\\\/\\\/acuariosupremus.com\\\/?product=acuario-equipado-boyu-ehm-1200-gabinete-nogal-blanco-330-l#breadcrumb\"},\"inLanguage\":\"es\",\"potentialAction\":[{\"@type\":\"ReadAction\",\"target\":[\"https:\\\/\\\/acuariosupremus.com\\\/?product=acuario-equipado-boyu-ehm-1200-gabinete-nogal-blanco-330-l\"]}]},{\"@type\":\"ImageObject\",\"inLanguage\":\"es\",\"@id\":\"https:\\\/\\\/acuariosupremus.com\\\/?product=acuario-equipado-boyu-ehm-1200-gabinete-nogal-blanco-330-l#primaryimage\",\"url\":\"https:\\\/\\\/acuariosupremus.com\\\/wp-content\\\/uploads\\\/2025\\\/05\\\/fotos-EHM-03.jpg\",\"contentUrl\":\"https:\\\/\\\/acuariosupremus.com\\\/wp-content\\\/uploads\\\/2025\\\/05\\\/fotos-EHM-03.jpg\",\"width\":2000,\"height\":2000},{\"@type\":\"BreadcrumbList\",\"@id\":\"https:\\\/\\\/acuariosupremus.com\\\/?product=acuario-equipado-boyu-ehm-1200-gabinete-nogal-blanco-330-l#breadcrumb\",\"itemListElement\":[{\"@type\":\"ListItem\",\"position\":1,\"name\":\"Portada\",\"item\":\"https:\\\/\\\/acuariosupremus.com\\\/\"},{\"@type\":\"ListItem\",\"position\":2,\"name\":\"Tienda\",\"item\":\"https:\\\/\\\/acuariosupremus.com\\\/tienda\\\/\"},{\"@type\":\"ListItem\",\"position\":3,\"name\":\"Acuario equipado BOYU EHM-1200 gabinete nogal blanco 330 l.\"}]},{\"@type\":\"WebSite\",\"@id\":\"https:\\\/\\\/acuariosupremus.com\\\/#website\",\"url\":\"https:\\\/\\\/acuariosupremus.com\\\/\",\"name\":\"Acuario Supremus\",\"description\":\"Peces, Peceras y Mascotas.\",\"publisher\":{\"@id\":\"https:\\\/\\\/acuariosupremus.com\\\/#organization\"},\"potentialAction\":[{\"@type\":\"SearchAction\",\"target\":{\"@type\":\"EntryPoint\",\"urlTemplate\":\"https:\\\/\\\/acuariosupremus.com\\\/?s={search_term_string}\"},\"query-input\":{\"@type\":\"PropertyValueSpecification\",\"valueRequired\":true,\"valueName\":\"search_term_string\"}}],\"inLanguage\":\"es\"},{\"@type\":\"Organization\",\"@id\":\"https:\\\/\\\/acuariosupremus.com\\\/#organization\",\"name\":\"Acuario Supremus\",\"url\":\"https:\\\/\\\/acuariosupremus.com\\\/\",\"logo\":{\"@type\":\"ImageObject\",\"inLanguage\":\"es\",\"@id\":\"https:\\\/\\\/acuariosupremus.com\\\/#\\\/schema\\\/logo\\\/image\\\/\",\"url\":\"https:\\\/\\\/acuariosupremus.com\\\/wp-content\\\/uploads\\\/2021\\\/12\\\/cropped-logo_acuario_supremus_fn-2.png\",\"contentUrl\":\"https:\\\/\\\/acuariosupremus.com\\\/wp-content\\\/uploads\\\/2021\\\/12\\\/cropped-logo_acuario_supremus_fn-2.png\",\"width\":1000,\"height\":318,\"caption\":\"Acuario Supremus\"},\"image\":{\"@id\":\"https:\\\/\\\/acuariosupremus.com\\\/#\\\/schema\\\/logo\\\/image\\\/\"},\"sameAs\":[\"https:\\\/\\\/www.facebook.com\\\/AcuarioSupremus\",\"https:\\\/\\\/x.com\\\/AcuarioSupremus\",\"https:\\\/\\\/www.instagram.com\\\/acuariosupremus\\\/?hl=es\"]}]}<\/script>\n<!-- \/ Yoast SEO plugin. -->","yoast_head_json":{"title":"Acuario equipado BOYU EHM-1200 gabinete nogal blanco 330 l. | Acuario Supremus","description":"Acuarios BOYU Serie EHM est\u00e1n equipados con un sistema de filtraci\u00f3n tipo SUMP, que ofrece una excelente eficiencia en la limpieza y mantenimiento del agua.","robots":{"index":"index","follow":"follow","max-snippet":"max-snippet:-1","max-image-preview":"max-image-preview:large","max-video-preview":"max-video-preview:-1"},"canonical":"https:\/\/acuariosupremus.com\/?product=acuario-equipado-boyu-ehm-1200-gabinete-nogal-blanco-330-l","og_locale":"es_MX","og_type":"article","og_title":"Acuario equipado BOYU EHM-1200 gabinete nogal blanco 330 l. | Acuario Supremus","og_description":"Acuarios BOYU Serie EHM est\u00e1n equipados con un sistema de filtraci\u00f3n tipo SUMP, que ofrece una excelente eficiencia en la limpieza y mantenimiento del agua.","og_url":"https:\/\/acuariosupremus.com\/?product=acuario-equipado-boyu-ehm-1200-gabinete-nogal-blanco-330-l","og_site_name":"Acuario Supremus","article_publisher":"https:\/\/www.facebook.com\/AcuarioSupremus","article_modified_time":"2025-12-26T21:43:19+00:00","og_image":[{"width":2000,"height":2000,"url":"https:\/\/acuariosupremus.com\/wp-content\/uploads\/2025\/05\/fotos-EHM-03.jpg","type":"image\/jpeg"}],"twitter_card":"summary_large_image","twitter_site":"@AcuarioSupremus","twitter_misc":{"Tiempo de lectura":"1 minuto"},"schema":{"@context":"https:\/\/schema.org","@graph":[{"@type":"WebPage","@id":"https:\/\/acuariosupremus.com\/?product=acuario-equipado-boyu-ehm-1200-gabinete-nogal-blanco-330-l","url":"https:\/\/acuariosupremus.com\/?product=acuario-equipado-boyu-ehm-1200-gabinete-nogal-blanco-330-l","name":"Acuario equipado BOYU EHM-1200 gabinete nogal blanco 330 l. | Acuario Supremus","isPartOf":{"@id":"https:\/\/acuariosupremus.com\/#website"},"primaryImageOfPage":{"@id":"https:\/\/acuariosupremus.com\/?product=acuario-equipado-boyu-ehm-1200-gabinete-nogal-blanco-330-l#primaryimage"},"image":{"@id":"https:\/\/acuariosupremus.com\/?product=acuario-equipado-boyu-ehm-1200-gabinete-nogal-blanco-330-l#primaryimage"},"thumbnailUrl":"https:\/\/acuariosupremus.com\/wp-content\/uploads\/2025\/05\/fotos-EHM-03.jpg","datePublished":"2025-05-21T01:14:27+00:00","dateModified":"2025-12-26T21:43:19+00:00","description":"Acuarios BOYU Serie EHM est\u00e1n equipados con un sistema de filtraci\u00f3n tipo SUMP, que ofrece una excelente eficiencia en la limpieza y mantenimiento del agua.","breadcrumb":{"@id":"https:\/\/acuariosupremus.com\/?product=acuario-equipado-boyu-ehm-1200-gabinete-nogal-blanco-330-l#breadcrumb"},"inLanguage":"es","potentialAction":[{"@type":"ReadAction","target":["https:\/\/acuariosupremus.com\/?product=acuario-equipado-boyu-ehm-1200-gabinete-nogal-blanco-330-l"]}]},{"@type":"ImageObject","inLanguage":"es","@id":"https:\/\/acuariosupremus.com\/?product=acuario-equipado-boyu-ehm-1200-gabinete-nogal-blanco-330-l#primaryimage","url":"https:\/\/acuariosupremus.com\/wp-content\/uploads\/2025\/05\/fotos-EHM-03.jpg","contentUrl":"https:\/\/acuariosupremus.com\/wp-content\/uploads\/2025\/05\/fotos-EHM-03.jpg","width":2000,"height":2000},{"@type":"BreadcrumbList","@id":"https:\/\/acuariosupremus.com\/?product=acuario-equipado-boyu-ehm-1200-gabinete-nogal-blanco-330-l#breadcrumb","itemListElement":[{"@type":"ListItem","position":1,"name":"Portada","item":"https:\/\/acuariosupremus.com\/"},{"@type":"ListItem","position":2,"name":"Tienda","item":"https:\/\/acuariosupremus.com\/tienda\/"},{"@type":"ListItem","position":3,"name":"Acuario equipado BOYU EHM-1200 gabinete nogal blanco 330 l."}]},{"@type":"WebSite","@id":"https:\/\/acuariosupremus.com\/#website","url":"https:\/\/acuariosupremus.com\/","name":"Acuario Supremus","description":"Peces, Peceras y Mascotas.","publisher":{"@id":"https:\/\/acuariosupremus.com\/#organization"},"potentialAction":[{"@type":"SearchAction","target":{"@type":"EntryPoint","urlTemplate":"https:\/\/acuariosupremus.com\/?s={search_term_string}"},"query-input":{"@type":"PropertyValueSpecification","valueRequired":true,"valueName":"search_term_string"}}],"inLanguage":"es"},{"@type":"Organization","@id":"https:\/\/acuariosupremus.com\/#organization","name":"Acuario Supremus","url":"https:\/\/acuariosupremus.com\/","logo":{"@type":"ImageObject","inLanguage":"es","@id":"https:\/\/acuariosupremus.com\/#\/schema\/logo\/image\/","url":"https:\/\/acuariosupremus.com\/wp-content\/uploads\/2021\/12\/cropped-logo_acuario_supremus_fn-2.png","contentUrl":"https:\/\/acuariosupremus.com\/wp-content\/uploads\/2021\/12\/cropped-logo_acuario_supremus_fn-2.png","width":1000,"height":318,"caption":"Acuario Supremus"},"image":{"@id":"https:\/\/acuariosupremus.com\/#\/schema\/logo\/image\/"},"sameAs":["https:\/\/www.facebook.com\/AcuarioSupremus","https:\/\/x.com\/AcuarioSupremus","https:\/\/www.instagram.com\/acuariosupremus\/?hl=es"]}]}},"jetpack_sharing_enabled":true,"_links":{"self":[{"href":"https:\/\/acuariosupremus.com\/index.php?rest_route=\/wp\/v2\/product\/13706","targetHints":{"allow":["GET"]}}],"collection":[{"href":"https:\/\/acuariosupremus.com\/index.php?rest_route=\/wp\/v2\/product"}],"about":[{"href":"https:\/\/acuariosupremus.com\/index.php?rest_route=\/wp\/v2\/types\/product"}],"wp:featuredmedia":[{"embeddable":true,"href":"https:\/\/acuariosupremus.com\/index.php?rest_route=\/wp\/v2\/media\/13707"}],"wp:attachment":[{"href":"https:\/\/acuariosupremus.com\/index.php?rest_route=%2Fwp%2Fv2%2Fmedia&parent=13706"}],"wp:term":[{"taxonomy":"product_brand","embeddable":true,"href":"https:\/\/acuariosupremus.com\/index.php?rest_route=%2Fwp%2Fv2%2Fproduct_brand&post=13706"},{"taxonomy":"product_cat","embeddable":true,"href":"https:\/\/acuariosupremus.com\/index.php?rest_route=%2Fwp%2Fv2%2Fproduct_cat&post=13706"},{"taxonomy":"product_tag","embeddable":true,"href":"https:\/\/acuariosupremus.com\/index.php?rest_route=%2Fwp%2Fv2%2Fproduct_tag&post=13706"}],"curies":[{"name":"wp","href":"https:\/\/api.w.org\/{rel}","templated":true}]}}