{"id":13752,"date":"2025-05-21T14:40:15","date_gmt":"2025-05-21T20:40:15","guid":{"rendered":"https:\/\/acuariosupremus.com\/?post_type=product&#038;p=13752"},"modified":"2025-12-30T16:08:38","modified_gmt":"2025-12-30T22:08:38","slug":"indicador-continuo-para-co2-de-vidrio","status":"publish","type":"product","link":"https:\/\/acuariosupremus.com\/?product=indicador-continuo-para-co2-de-vidrio","title":{"rendered":"Indicador continuo para CO2 de Vidrio."},"content":{"rendered":"<p><span class=\"fontstyle0\">El l\u00edquido reactivo puede reponerse adquiriendo el consumible que se comercializa de forma individual (referencia I-691). Tiene un f\u00e1cil mantenimiento, ya que s\u00f3lo deber\u00e1 cambiar el l\u00edquido reactivo cada 3 semanas. El di\u00f3xido de carbono (CO<\/span><span class=\"fontstyle0\">2<\/span><span class=\"fontstyle0\">) es un compuesto esencial requerido por las plantas acu\u00e1ticas para realizar la fotos\u00edntesis.<\/span><\/p>\n<p>Peso: 20 (grs.) Peso con embalaje: 50 (grs.) Capacidad del reactivo: 15 (ml) Dimensiones: 55 x 30 x 42 (l x a x h, mm) Dim. embalaje: 103 x 45 x 145 (l x a x h, mm).<\/p>\n","protected":false},"excerpt":{"rendered":"<p><span class=\"fontstyle0\">Indicador continuo del nivel de CO<\/span><span class=\"fontstyle0\">2 <\/span><span class=\"fontstyle0\">elaborado en vidrio para acuarios plantados. Este dispositivo de f\u00e1cil lectura y dise\u00f1o elegante reacciona en menos de una hora a los cambios del nivel de CO<\/span><span class=\"fontstyle0\">2 <\/span><span class=\"fontstyle0\">y pH, cambiando el color del l\u00edquido reactivo que contiene en su c\u00e1psula desde un azul intenso a un color verde o amarillo. Sepa el nivel de CO<\/span><span class=\"fontstyle0\">2 <\/span><span class=\"fontstyle0\">de su acuario en todo momento con tan solo echar un vistazo. Con un dise\u00f1o discreto, peque\u00f1o tama\u00f1o y f\u00e1cil lectura, este dispositivo de monitoreo se fija a la pared de su acuario mediante una fuerte ventosa para poder ser revisado en cualquier momento.<\/span><\/p>\n","protected":false},"featured_media":13753,"template":"","meta":[],"product_brand":[127],"product_cat":[40,52,56],"product_tag":[592],"class_list":{"0":"post-13752","1":"product","2":"type-product","3":"status-publish","4":"has-post-thumbnail","6":"product_brand-ista","7":"product_cat-peces","8":"product_cat-medidores","9":"product_cat-plantas-naturales","10":"product_tag-medidor-co2","12":"first","13":"instock","14":"sale","15":"shipping-taxable","16":"purchasable","17":"product-type-simple"},"yoast_head":"<!-- This site is optimized with the Yoast SEO plugin v27.4 - https:\/\/yoast.com\/product\/yoast-seo-wordpress\/ -->\n<title>Indicador continuo para CO2 de Vidrio. | Acuario Supremus<\/title>\n<meta name=\"description\" content=\"Indicador continuo del nivel de CO2 fabricado en Vidrio para acuarios plantados, El l\u00edquido reactivo que introducimos en su c\u00e1mara de reacci\u00f3n.\" \/>\n<meta name=\"robots\" content=\"index, follow, max-snippet:-1, max-image-preview:large, max-video-preview:-1\" \/>\n<link rel=\"canonical\" href=\"https:\/\/acuariosupremus.com\/?product=indicador-continuo-para-co2-de-vidrio\" \/>\n<meta property=\"og:locale\" content=\"es_MX\" \/>\n<meta property=\"og:type\" content=\"article\" \/>\n<meta property=\"og:title\" content=\"Indicador continuo para CO2 de Vidrio. | Acuario Supremus\" \/>\n<meta property=\"og:description\" content=\"Indicador continuo del nivel de CO2 fabricado en Vidrio para acuarios plantados, El l\u00edquido reactivo que introducimos en su c\u00e1mara de reacci\u00f3n.\" \/>\n<meta property=\"og:url\" content=\"https:\/\/acuariosupremus.com\/?product=indicador-continuo-para-co2-de-vidrio\" \/>\n<meta property=\"og:site_name\" content=\"Acuario Supremus\" \/>\n<meta property=\"article:publisher\" content=\"https:\/\/www.facebook.com\/AcuarioSupremus\" \/>\n<meta property=\"article:modified_time\" content=\"2025-12-30T22:08:38+00:00\" \/>\n<meta property=\"og:image\" content=\"https:\/\/acuariosupremus.com\/wp-content\/uploads\/2025\/05\/i-700_indicador_continuo_co2_ista_01.jpg\" \/>\n\t<meta property=\"og:image:width\" content=\"1250\" \/>\n\t<meta property=\"og:image:height\" content=\"1250\" \/>\n\t<meta property=\"og:image:type\" content=\"image\/jpeg\" \/>\n<meta name=\"twitter:card\" content=\"summary_large_image\" \/>\n<meta name=\"twitter:site\" content=\"@AcuarioSupremus\" \/>\n<meta name=\"twitter:label1\" content=\"Tiempo de lectura\" \/>\n\t<meta name=\"twitter:data1\" content=\"1 minuto\" \/>\n<script type=\"application\/ld+json\" class=\"yoast-schema-graph\">{\"@context\":\"https:\\\/\\\/schema.org\",\"@graph\":[{\"@type\":\"WebPage\",\"@id\":\"https:\\\/\\\/acuariosupremus.com\\\/?product=indicador-continuo-para-co2-de-vidrio\",\"url\":\"https:\\\/\\\/acuariosupremus.com\\\/?product=indicador-continuo-para-co2-de-vidrio\",\"name\":\"Indicador continuo para CO2 de Vidrio. | Acuario Supremus\",\"isPartOf\":{\"@id\":\"https:\\\/\\\/acuariosupremus.com\\\/#website\"},\"primaryImageOfPage\":{\"@id\":\"https:\\\/\\\/acuariosupremus.com\\\/?product=indicador-continuo-para-co2-de-vidrio#primaryimage\"},\"image\":{\"@id\":\"https:\\\/\\\/acuariosupremus.com\\\/?product=indicador-continuo-para-co2-de-vidrio#primaryimage\"},\"thumbnailUrl\":\"https:\\\/\\\/acuariosupremus.com\\\/wp-content\\\/uploads\\\/2025\\\/05\\\/i-700_indicador_continuo_co2_ista_01.jpg\",\"datePublished\":\"2025-05-21T20:40:15+00:00\",\"dateModified\":\"2025-12-30T22:08:38+00:00\",\"description\":\"Indicador continuo del nivel de CO2 fabricado en Vidrio para acuarios plantados, El l\u00edquido reactivo que introducimos en su c\u00e1mara de reacci\u00f3n.\",\"breadcrumb\":{\"@id\":\"https:\\\/\\\/acuariosupremus.com\\\/?product=indicador-continuo-para-co2-de-vidrio#breadcrumb\"},\"inLanguage\":\"es\",\"potentialAction\":[{\"@type\":\"ReadAction\",\"target\":[\"https:\\\/\\\/acuariosupremus.com\\\/?product=indicador-continuo-para-co2-de-vidrio\"]}]},{\"@type\":\"ImageObject\",\"inLanguage\":\"es\",\"@id\":\"https:\\\/\\\/acuariosupremus.com\\\/?product=indicador-continuo-para-co2-de-vidrio#primaryimage\",\"url\":\"https:\\\/\\\/acuariosupremus.com\\\/wp-content\\\/uploads\\\/2025\\\/05\\\/i-700_indicador_continuo_co2_ista_01.jpg\",\"contentUrl\":\"https:\\\/\\\/acuariosupremus.com\\\/wp-content\\\/uploads\\\/2025\\\/05\\\/i-700_indicador_continuo_co2_ista_01.jpg\",\"width\":1250,\"height\":1250},{\"@type\":\"BreadcrumbList\",\"@id\":\"https:\\\/\\\/acuariosupremus.com\\\/?product=indicador-continuo-para-co2-de-vidrio#breadcrumb\",\"itemListElement\":[{\"@type\":\"ListItem\",\"position\":1,\"name\":\"Portada\",\"item\":\"https:\\\/\\\/acuariosupremus.com\\\/\"},{\"@type\":\"ListItem\",\"position\":2,\"name\":\"Tienda\",\"item\":\"https:\\\/\\\/acuariosupremus.com\\\/tienda\\\/\"},{\"@type\":\"ListItem\",\"position\":3,\"name\":\"Indicador continuo para CO2 de Vidrio.\"}]},{\"@type\":\"WebSite\",\"@id\":\"https:\\\/\\\/acuariosupremus.com\\\/#website\",\"url\":\"https:\\\/\\\/acuariosupremus.com\\\/\",\"name\":\"Acuario Supremus\",\"description\":\"Peces, Peceras y Mascotas.\",\"publisher\":{\"@id\":\"https:\\\/\\\/acuariosupremus.com\\\/#organization\"},\"potentialAction\":[{\"@type\":\"SearchAction\",\"target\":{\"@type\":\"EntryPoint\",\"urlTemplate\":\"https:\\\/\\\/acuariosupremus.com\\\/?s={search_term_string}\"},\"query-input\":{\"@type\":\"PropertyValueSpecification\",\"valueRequired\":true,\"valueName\":\"search_term_string\"}}],\"inLanguage\":\"es\"},{\"@type\":\"Organization\",\"@id\":\"https:\\\/\\\/acuariosupremus.com\\\/#organization\",\"name\":\"Acuario Supremus\",\"url\":\"https:\\\/\\\/acuariosupremus.com\\\/\",\"logo\":{\"@type\":\"ImageObject\",\"inLanguage\":\"es\",\"@id\":\"https:\\\/\\\/acuariosupremus.com\\\/#\\\/schema\\\/logo\\\/image\\\/\",\"url\":\"https:\\\/\\\/acuariosupremus.com\\\/wp-content\\\/uploads\\\/2021\\\/12\\\/cropped-logo_acuario_supremus_fn-2.png\",\"contentUrl\":\"https:\\\/\\\/acuariosupremus.com\\\/wp-content\\\/uploads\\\/2021\\\/12\\\/cropped-logo_acuario_supremus_fn-2.png\",\"width\":1000,\"height\":318,\"caption\":\"Acuario Supremus\"},\"image\":{\"@id\":\"https:\\\/\\\/acuariosupremus.com\\\/#\\\/schema\\\/logo\\\/image\\\/\"},\"sameAs\":[\"https:\\\/\\\/www.facebook.com\\\/AcuarioSupremus\",\"https:\\\/\\\/x.com\\\/AcuarioSupremus\",\"https:\\\/\\\/www.instagram.com\\\/acuariosupremus\\\/?hl=es\"]}]}<\/script>\n<!-- \/ Yoast SEO plugin. -->","yoast_head_json":{"title":"Indicador continuo para CO2 de Vidrio. | Acuario Supremus","description":"Indicador continuo del nivel de CO2 fabricado en Vidrio para acuarios plantados, El l\u00edquido reactivo que introducimos en su c\u00e1mara de reacci\u00f3n.","robots":{"index":"index","follow":"follow","max-snippet":"max-snippet:-1","max-image-preview":"max-image-preview:large","max-video-preview":"max-video-preview:-1"},"canonical":"https:\/\/acuariosupremus.com\/?product=indicador-continuo-para-co2-de-vidrio","og_locale":"es_MX","og_type":"article","og_title":"Indicador continuo para CO2 de Vidrio. | Acuario Supremus","og_description":"Indicador continuo del nivel de CO2 fabricado en Vidrio para acuarios plantados, El l\u00edquido reactivo que introducimos en su c\u00e1mara de reacci\u00f3n.","og_url":"https:\/\/acuariosupremus.com\/?product=indicador-continuo-para-co2-de-vidrio","og_site_name":"Acuario Supremus","article_publisher":"https:\/\/www.facebook.com\/AcuarioSupremus","article_modified_time":"2025-12-30T22:08:38+00:00","og_image":[{"width":1250,"height":1250,"url":"https:\/\/acuariosupremus.com\/wp-content\/uploads\/2025\/05\/i-700_indicador_continuo_co2_ista_01.jpg","type":"image\/jpeg"}],"twitter_card":"summary_large_image","twitter_site":"@AcuarioSupremus","twitter_misc":{"Tiempo de lectura":"1 minuto"},"schema":{"@context":"https:\/\/schema.org","@graph":[{"@type":"WebPage","@id":"https:\/\/acuariosupremus.com\/?product=indicador-continuo-para-co2-de-vidrio","url":"https:\/\/acuariosupremus.com\/?product=indicador-continuo-para-co2-de-vidrio","name":"Indicador continuo para CO2 de Vidrio. | Acuario Supremus","isPartOf":{"@id":"https:\/\/acuariosupremus.com\/#website"},"primaryImageOfPage":{"@id":"https:\/\/acuariosupremus.com\/?product=indicador-continuo-para-co2-de-vidrio#primaryimage"},"image":{"@id":"https:\/\/acuariosupremus.com\/?product=indicador-continuo-para-co2-de-vidrio#primaryimage"},"thumbnailUrl":"https:\/\/acuariosupremus.com\/wp-content\/uploads\/2025\/05\/i-700_indicador_continuo_co2_ista_01.jpg","datePublished":"2025-05-21T20:40:15+00:00","dateModified":"2025-12-30T22:08:38+00:00","description":"Indicador continuo del nivel de CO2 fabricado en Vidrio para acuarios plantados, El l\u00edquido reactivo que introducimos en su c\u00e1mara de reacci\u00f3n.","breadcrumb":{"@id":"https:\/\/acuariosupremus.com\/?product=indicador-continuo-para-co2-de-vidrio#breadcrumb"},"inLanguage":"es","potentialAction":[{"@type":"ReadAction","target":["https:\/\/acuariosupremus.com\/?product=indicador-continuo-para-co2-de-vidrio"]}]},{"@type":"ImageObject","inLanguage":"es","@id":"https:\/\/acuariosupremus.com\/?product=indicador-continuo-para-co2-de-vidrio#primaryimage","url":"https:\/\/acuariosupremus.com\/wp-content\/uploads\/2025\/05\/i-700_indicador_continuo_co2_ista_01.jpg","contentUrl":"https:\/\/acuariosupremus.com\/wp-content\/uploads\/2025\/05\/i-700_indicador_continuo_co2_ista_01.jpg","width":1250,"height":1250},{"@type":"BreadcrumbList","@id":"https:\/\/acuariosupremus.com\/?product=indicador-continuo-para-co2-de-vidrio#breadcrumb","itemListElement":[{"@type":"ListItem","position":1,"name":"Portada","item":"https:\/\/acuariosupremus.com\/"},{"@type":"ListItem","position":2,"name":"Tienda","item":"https:\/\/acuariosupremus.com\/tienda\/"},{"@type":"ListItem","position":3,"name":"Indicador continuo para CO2 de Vidrio."}]},{"@type":"WebSite","@id":"https:\/\/acuariosupremus.com\/#website","url":"https:\/\/acuariosupremus.com\/","name":"Acuario Supremus","description":"Peces, Peceras y Mascotas.","publisher":{"@id":"https:\/\/acuariosupremus.com\/#organization"},"potentialAction":[{"@type":"SearchAction","target":{"@type":"EntryPoint","urlTemplate":"https:\/\/acuariosupremus.com\/?s={search_term_string}"},"query-input":{"@type":"PropertyValueSpecification","valueRequired":true,"valueName":"search_term_string"}}],"inLanguage":"es"},{"@type":"Organization","@id":"https:\/\/acuariosupremus.com\/#organization","name":"Acuario Supremus","url":"https:\/\/acuariosupremus.com\/","logo":{"@type":"ImageObject","inLanguage":"es","@id":"https:\/\/acuariosupremus.com\/#\/schema\/logo\/image\/","url":"https:\/\/acuariosupremus.com\/wp-content\/uploads\/2021\/12\/cropped-logo_acuario_supremus_fn-2.png","contentUrl":"https:\/\/acuariosupremus.com\/wp-content\/uploads\/2021\/12\/cropped-logo_acuario_supremus_fn-2.png","width":1000,"height":318,"caption":"Acuario Supremus"},"image":{"@id":"https:\/\/acuariosupremus.com\/#\/schema\/logo\/image\/"},"sameAs":["https:\/\/www.facebook.com\/AcuarioSupremus","https:\/\/x.com\/AcuarioSupremus","https:\/\/www.instagram.com\/acuariosupremus\/?hl=es"]}]}},"jetpack_sharing_enabled":true,"_links":{"self":[{"href":"https:\/\/acuariosupremus.com\/index.php?rest_route=\/wp\/v2\/product\/13752","targetHints":{"allow":["GET"]}}],"collection":[{"href":"https:\/\/acuariosupremus.com\/index.php?rest_route=\/wp\/v2\/product"}],"about":[{"href":"https:\/\/acuariosupremus.com\/index.php?rest_route=\/wp\/v2\/types\/product"}],"wp:featuredmedia":[{"embeddable":true,"href":"https:\/\/acuariosupremus.com\/index.php?rest_route=\/wp\/v2\/media\/13753"}],"wp:attachment":[{"href":"https:\/\/acuariosupremus.com\/index.php?rest_route=%2Fwp%2Fv2%2Fmedia&parent=13752"}],"wp:term":[{"taxonomy":"product_brand","embeddable":true,"href":"https:\/\/acuariosupremus.com\/index.php?rest_route=%2Fwp%2Fv2%2Fproduct_brand&post=13752"},{"taxonomy":"product_cat","embeddable":true,"href":"https:\/\/acuariosupremus.com\/index.php?rest_route=%2Fwp%2Fv2%2Fproduct_cat&post=13752"},{"taxonomy":"product_tag","embeddable":true,"href":"https:\/\/acuariosupremus.com\/index.php?rest_route=%2Fwp%2Fv2%2Fproduct_tag&post=13752"}],"curies":[{"name":"wp","href":"https:\/\/api.w.org\/{rel}","templated":true}]}}