{"id":13759,"date":"2025-05-21T15:04:45","date_gmt":"2025-05-21T21:04:45","guid":{"rendered":"https:\/\/acuariosupremus.com\/?post_type=product&#038;p=13759"},"modified":"2025-12-30T16:53:27","modified_gmt":"2025-12-30T22:53:27","slug":"sujetador-de-plastico-para-manguera-conector-rapido","status":"publish","type":"product","link":"https:\/\/acuariosupremus.com\/?product=sujetador-de-plastico-para-manguera-conector-rapido","title":{"rendered":"Sujetador de pl\u00e1stico para manguera conector r\u00e1pido"},"content":{"rendered":"<p><span class=\"fontstyle0\">Normalmente necesitaremos que otra persona nos ayude en esta tarea para evitar accidentes y derrames de agua. Con este pr\u00e1ctico dispositivo no necesitaremos ayuda, adicional, ya que podremos liberar nuestras dos manos y compartir nuestra atenci\u00f3n con otras tareas de nuestra rutina de mantenimiento. Usar esta herramienta es realmente simple. Inserte la manguera en sus dos clips de presi\u00f3n y col\u00f3quela sobre el borde superior de su acuario. Este dispositivo alberga una anchura m\u00e1xima de 12 mil\u00edmetros para sujetarse, mientras que es capaz de sostener una manguera de hasta 22 mil\u00edmetros de di\u00e1metro exterior. Evite sumergir el extremo de salida de la manguera si desea evitar el efecto \u201cvasos comunicantes\u201d y que el agua fluya a trav\u00e9s de la manguera hacia su extremo inferior. Esta pieza permite sujetar firmemente la manguera y evitar que pueda deslizarse y derramar agua.<\/span><\/p>\n<p>Tipo de sujeci\u00f3n: A Presi\u00f3n\u00a0 Material : Pl\u00e1stico ABS Grosor M\u00e1x. manguera: 22 (mm) Grosor M\u00e1x. Vidrio : 12 (mm) Medidas : 120 x 70 x 28 (l x a x h mm) Medidas con embalaje: 126 x 150 x 30 (mm) Peso 20 (grs.) Peso con embalaje 30 (grs.).<\/p>\n","protected":false},"excerpt":{"rendered":"<p><span class=\"fontstyle0\">El sujetador para manguera Fast Hose Holder ISTA resuelve de la manera segura y simple la necesidad de sujetar una manguera al borde superior de un acuario durante su llenado o vaciado. Evite usar medios alternativos menos seguros y olv\u00eddese de estrangulamientos que puedan obstruir el flujo de agua en la manguera. Sostener una manguera sobre el borde de un acuario sin derramar agua requiere nuestra atenci\u00f3n y al menos una de nuestras manos de forma constante. <\/span><\/p>\n","protected":false},"featured_media":13760,"template":"","meta":[],"product_brand":[127],"product_cat":[40,66],"product_tag":[912],"class_list":{"0":"post-13759","1":"product","2":"type-product","3":"status-publish","4":"has-post-thumbnail","6":"product_brand-ista","7":"product_cat-peces","8":"product_cat-varios","9":"product_tag-sujetador-de-plastico-para-manguera","11":"first","12":"instock","13":"sale","14":"shipping-taxable","15":"purchasable","16":"product-type-simple"},"yoast_head":"<!-- This site is optimized with the Yoast SEO plugin v27.4 - https:\/\/yoast.com\/product\/yoast-seo-wordpress\/ -->\n<title>Sujetador de pl\u00e1stico para manguera conector r\u00e1pido | Acuario Supremus<\/title>\n<meta name=\"description\" content=\"\u00a0El sujetador para manguera Fast Hose Holder ISTA resuelve de la manera segura y simple la necesidad de sujetar una manguera al borde superior de un acuario\" \/>\n<meta name=\"robots\" content=\"index, follow, max-snippet:-1, max-image-preview:large, max-video-preview:-1\" \/>\n<link rel=\"canonical\" href=\"https:\/\/acuariosupremus.com\/?product=sujetador-de-plastico-para-manguera-conector-rapido\" \/>\n<meta property=\"og:locale\" content=\"es_MX\" \/>\n<meta property=\"og:type\" content=\"article\" \/>\n<meta property=\"og:title\" content=\"Sujetador de pl\u00e1stico para manguera conector r\u00e1pido | Acuario Supremus\" \/>\n<meta property=\"og:description\" content=\"\u00a0El sujetador para manguera Fast Hose Holder ISTA resuelve de la manera segura y simple la necesidad de sujetar una manguera al borde superior de un acuario\" \/>\n<meta property=\"og:url\" content=\"https:\/\/acuariosupremus.com\/?product=sujetador-de-plastico-para-manguera-conector-rapido\" \/>\n<meta property=\"og:site_name\" content=\"Acuario Supremus\" \/>\n<meta property=\"article:publisher\" content=\"https:\/\/www.facebook.com\/AcuarioSupremus\" \/>\n<meta property=\"article:modified_time\" content=\"2025-12-30T22:53:27+00:00\" \/>\n<meta property=\"og:image\" content=\"https:\/\/acuariosupremus.com\/wp-content\/uploads\/2025\/05\/if-900_sujetador_para_manguera_ista_fast_hose_holder_08.jpg\" \/>\n\t<meta property=\"og:image:width\" content=\"1500\" \/>\n\t<meta property=\"og:image:height\" content=\"1500\" \/>\n\t<meta property=\"og:image:type\" content=\"image\/jpeg\" \/>\n<meta name=\"twitter:card\" content=\"summary_large_image\" \/>\n<meta name=\"twitter:site\" content=\"@AcuarioSupremus\" \/>\n<meta name=\"twitter:label1\" content=\"Tiempo de lectura\" \/>\n\t<meta name=\"twitter:data1\" content=\"2 minutos\" \/>\n<script type=\"application\/ld+json\" class=\"yoast-schema-graph\">{\"@context\":\"https:\\\/\\\/schema.org\",\"@graph\":[{\"@type\":\"WebPage\",\"@id\":\"https:\\\/\\\/acuariosupremus.com\\\/?product=sujetador-de-plastico-para-manguera-conector-rapido\",\"url\":\"https:\\\/\\\/acuariosupremus.com\\\/?product=sujetador-de-plastico-para-manguera-conector-rapido\",\"name\":\"Sujetador de pl\u00e1stico para manguera conector r\u00e1pido | Acuario Supremus\",\"isPartOf\":{\"@id\":\"https:\\\/\\\/acuariosupremus.com\\\/#website\"},\"primaryImageOfPage\":{\"@id\":\"https:\\\/\\\/acuariosupremus.com\\\/?product=sujetador-de-plastico-para-manguera-conector-rapido#primaryimage\"},\"image\":{\"@id\":\"https:\\\/\\\/acuariosupremus.com\\\/?product=sujetador-de-plastico-para-manguera-conector-rapido#primaryimage\"},\"thumbnailUrl\":\"https:\\\/\\\/acuariosupremus.com\\\/wp-content\\\/uploads\\\/2025\\\/05\\\/if-900_sujetador_para_manguera_ista_fast_hose_holder_08.jpg\",\"datePublished\":\"2025-05-21T21:04:45+00:00\",\"dateModified\":\"2025-12-30T22:53:27+00:00\",\"description\":\"\u00a0El sujetador para manguera Fast Hose Holder ISTA resuelve de la manera segura y simple la necesidad de sujetar una manguera al borde superior de un acuario\",\"breadcrumb\":{\"@id\":\"https:\\\/\\\/acuariosupremus.com\\\/?product=sujetador-de-plastico-para-manguera-conector-rapido#breadcrumb\"},\"inLanguage\":\"es\",\"potentialAction\":[{\"@type\":\"ReadAction\",\"target\":[\"https:\\\/\\\/acuariosupremus.com\\\/?product=sujetador-de-plastico-para-manguera-conector-rapido\"]}]},{\"@type\":\"ImageObject\",\"inLanguage\":\"es\",\"@id\":\"https:\\\/\\\/acuariosupremus.com\\\/?product=sujetador-de-plastico-para-manguera-conector-rapido#primaryimage\",\"url\":\"https:\\\/\\\/acuariosupremus.com\\\/wp-content\\\/uploads\\\/2025\\\/05\\\/if-900_sujetador_para_manguera_ista_fast_hose_holder_08.jpg\",\"contentUrl\":\"https:\\\/\\\/acuariosupremus.com\\\/wp-content\\\/uploads\\\/2025\\\/05\\\/if-900_sujetador_para_manguera_ista_fast_hose_holder_08.jpg\",\"width\":1500,\"height\":1500},{\"@type\":\"BreadcrumbList\",\"@id\":\"https:\\\/\\\/acuariosupremus.com\\\/?product=sujetador-de-plastico-para-manguera-conector-rapido#breadcrumb\",\"itemListElement\":[{\"@type\":\"ListItem\",\"position\":1,\"name\":\"Portada\",\"item\":\"https:\\\/\\\/acuariosupremus.com\\\/\"},{\"@type\":\"ListItem\",\"position\":2,\"name\":\"Tienda\",\"item\":\"https:\\\/\\\/acuariosupremus.com\\\/tienda\\\/\"},{\"@type\":\"ListItem\",\"position\":3,\"name\":\"Sujetador de pl\u00e1stico para manguera conector r\u00e1pido\"}]},{\"@type\":\"WebSite\",\"@id\":\"https:\\\/\\\/acuariosupremus.com\\\/#website\",\"url\":\"https:\\\/\\\/acuariosupremus.com\\\/\",\"name\":\"Acuario Supremus\",\"description\":\"Peces, Peceras y Mascotas.\",\"publisher\":{\"@id\":\"https:\\\/\\\/acuariosupremus.com\\\/#organization\"},\"potentialAction\":[{\"@type\":\"SearchAction\",\"target\":{\"@type\":\"EntryPoint\",\"urlTemplate\":\"https:\\\/\\\/acuariosupremus.com\\\/?s={search_term_string}\"},\"query-input\":{\"@type\":\"PropertyValueSpecification\",\"valueRequired\":true,\"valueName\":\"search_term_string\"}}],\"inLanguage\":\"es\"},{\"@type\":\"Organization\",\"@id\":\"https:\\\/\\\/acuariosupremus.com\\\/#organization\",\"name\":\"Acuario Supremus\",\"url\":\"https:\\\/\\\/acuariosupremus.com\\\/\",\"logo\":{\"@type\":\"ImageObject\",\"inLanguage\":\"es\",\"@id\":\"https:\\\/\\\/acuariosupremus.com\\\/#\\\/schema\\\/logo\\\/image\\\/\",\"url\":\"https:\\\/\\\/acuariosupremus.com\\\/wp-content\\\/uploads\\\/2021\\\/12\\\/cropped-logo_acuario_supremus_fn-2.png\",\"contentUrl\":\"https:\\\/\\\/acuariosupremus.com\\\/wp-content\\\/uploads\\\/2021\\\/12\\\/cropped-logo_acuario_supremus_fn-2.png\",\"width\":1000,\"height\":318,\"caption\":\"Acuario Supremus\"},\"image\":{\"@id\":\"https:\\\/\\\/acuariosupremus.com\\\/#\\\/schema\\\/logo\\\/image\\\/\"},\"sameAs\":[\"https:\\\/\\\/www.facebook.com\\\/AcuarioSupremus\",\"https:\\\/\\\/x.com\\\/AcuarioSupremus\",\"https:\\\/\\\/www.instagram.com\\\/acuariosupremus\\\/?hl=es\"]}]}<\/script>\n<!-- \/ Yoast SEO plugin. -->","yoast_head_json":{"title":"Sujetador de pl\u00e1stico para manguera conector r\u00e1pido | Acuario Supremus","description":"\u00a0El sujetador para manguera Fast Hose Holder ISTA resuelve de la manera segura y simple la necesidad de sujetar una manguera al borde superior de un acuario","robots":{"index":"index","follow":"follow","max-snippet":"max-snippet:-1","max-image-preview":"max-image-preview:large","max-video-preview":"max-video-preview:-1"},"canonical":"https:\/\/acuariosupremus.com\/?product=sujetador-de-plastico-para-manguera-conector-rapido","og_locale":"es_MX","og_type":"article","og_title":"Sujetador de pl\u00e1stico para manguera conector r\u00e1pido | Acuario Supremus","og_description":"\u00a0El sujetador para manguera Fast Hose Holder ISTA resuelve de la manera segura y simple la necesidad de sujetar una manguera al borde superior de un acuario","og_url":"https:\/\/acuariosupremus.com\/?product=sujetador-de-plastico-para-manguera-conector-rapido","og_site_name":"Acuario Supremus","article_publisher":"https:\/\/www.facebook.com\/AcuarioSupremus","article_modified_time":"2025-12-30T22:53:27+00:00","og_image":[{"width":1500,"height":1500,"url":"https:\/\/acuariosupremus.com\/wp-content\/uploads\/2025\/05\/if-900_sujetador_para_manguera_ista_fast_hose_holder_08.jpg","type":"image\/jpeg"}],"twitter_card":"summary_large_image","twitter_site":"@AcuarioSupremus","twitter_misc":{"Tiempo de lectura":"2 minutos"},"schema":{"@context":"https:\/\/schema.org","@graph":[{"@type":"WebPage","@id":"https:\/\/acuariosupremus.com\/?product=sujetador-de-plastico-para-manguera-conector-rapido","url":"https:\/\/acuariosupremus.com\/?product=sujetador-de-plastico-para-manguera-conector-rapido","name":"Sujetador de pl\u00e1stico para manguera conector r\u00e1pido | Acuario Supremus","isPartOf":{"@id":"https:\/\/acuariosupremus.com\/#website"},"primaryImageOfPage":{"@id":"https:\/\/acuariosupremus.com\/?product=sujetador-de-plastico-para-manguera-conector-rapido#primaryimage"},"image":{"@id":"https:\/\/acuariosupremus.com\/?product=sujetador-de-plastico-para-manguera-conector-rapido#primaryimage"},"thumbnailUrl":"https:\/\/acuariosupremus.com\/wp-content\/uploads\/2025\/05\/if-900_sujetador_para_manguera_ista_fast_hose_holder_08.jpg","datePublished":"2025-05-21T21:04:45+00:00","dateModified":"2025-12-30T22:53:27+00:00","description":"\u00a0El sujetador para manguera Fast Hose Holder ISTA resuelve de la manera segura y simple la necesidad de sujetar una manguera al borde superior de un acuario","breadcrumb":{"@id":"https:\/\/acuariosupremus.com\/?product=sujetador-de-plastico-para-manguera-conector-rapido#breadcrumb"},"inLanguage":"es","potentialAction":[{"@type":"ReadAction","target":["https:\/\/acuariosupremus.com\/?product=sujetador-de-plastico-para-manguera-conector-rapido"]}]},{"@type":"ImageObject","inLanguage":"es","@id":"https:\/\/acuariosupremus.com\/?product=sujetador-de-plastico-para-manguera-conector-rapido#primaryimage","url":"https:\/\/acuariosupremus.com\/wp-content\/uploads\/2025\/05\/if-900_sujetador_para_manguera_ista_fast_hose_holder_08.jpg","contentUrl":"https:\/\/acuariosupremus.com\/wp-content\/uploads\/2025\/05\/if-900_sujetador_para_manguera_ista_fast_hose_holder_08.jpg","width":1500,"height":1500},{"@type":"BreadcrumbList","@id":"https:\/\/acuariosupremus.com\/?product=sujetador-de-plastico-para-manguera-conector-rapido#breadcrumb","itemListElement":[{"@type":"ListItem","position":1,"name":"Portada","item":"https:\/\/acuariosupremus.com\/"},{"@type":"ListItem","position":2,"name":"Tienda","item":"https:\/\/acuariosupremus.com\/tienda\/"},{"@type":"ListItem","position":3,"name":"Sujetador de pl\u00e1stico para manguera conector r\u00e1pido"}]},{"@type":"WebSite","@id":"https:\/\/acuariosupremus.com\/#website","url":"https:\/\/acuariosupremus.com\/","name":"Acuario Supremus","description":"Peces, Peceras y Mascotas.","publisher":{"@id":"https:\/\/acuariosupremus.com\/#organization"},"potentialAction":[{"@type":"SearchAction","target":{"@type":"EntryPoint","urlTemplate":"https:\/\/acuariosupremus.com\/?s={search_term_string}"},"query-input":{"@type":"PropertyValueSpecification","valueRequired":true,"valueName":"search_term_string"}}],"inLanguage":"es"},{"@type":"Organization","@id":"https:\/\/acuariosupremus.com\/#organization","name":"Acuario Supremus","url":"https:\/\/acuariosupremus.com\/","logo":{"@type":"ImageObject","inLanguage":"es","@id":"https:\/\/acuariosupremus.com\/#\/schema\/logo\/image\/","url":"https:\/\/acuariosupremus.com\/wp-content\/uploads\/2021\/12\/cropped-logo_acuario_supremus_fn-2.png","contentUrl":"https:\/\/acuariosupremus.com\/wp-content\/uploads\/2021\/12\/cropped-logo_acuario_supremus_fn-2.png","width":1000,"height":318,"caption":"Acuario Supremus"},"image":{"@id":"https:\/\/acuariosupremus.com\/#\/schema\/logo\/image\/"},"sameAs":["https:\/\/www.facebook.com\/AcuarioSupremus","https:\/\/x.com\/AcuarioSupremus","https:\/\/www.instagram.com\/acuariosupremus\/?hl=es"]}]}},"jetpack_sharing_enabled":true,"_links":{"self":[{"href":"https:\/\/acuariosupremus.com\/index.php?rest_route=\/wp\/v2\/product\/13759","targetHints":{"allow":["GET"]}}],"collection":[{"href":"https:\/\/acuariosupremus.com\/index.php?rest_route=\/wp\/v2\/product"}],"about":[{"href":"https:\/\/acuariosupremus.com\/index.php?rest_route=\/wp\/v2\/types\/product"}],"wp:featuredmedia":[{"embeddable":true,"href":"https:\/\/acuariosupremus.com\/index.php?rest_route=\/wp\/v2\/media\/13760"}],"wp:attachment":[{"href":"https:\/\/acuariosupremus.com\/index.php?rest_route=%2Fwp%2Fv2%2Fmedia&parent=13759"}],"wp:term":[{"taxonomy":"product_brand","embeddable":true,"href":"https:\/\/acuariosupremus.com\/index.php?rest_route=%2Fwp%2Fv2%2Fproduct_brand&post=13759"},{"taxonomy":"product_cat","embeddable":true,"href":"https:\/\/acuariosupremus.com\/index.php?rest_route=%2Fwp%2Fv2%2Fproduct_cat&post=13759"},{"taxonomy":"product_tag","embeddable":true,"href":"https:\/\/acuariosupremus.com\/index.php?rest_route=%2Fwp%2Fv2%2Fproduct_tag&post=13759"}],"curies":[{"name":"wp","href":"https:\/\/api.w.org\/{rel}","templated":true}]}}