{"id":13776,"date":"2025-05-21T15:30:00","date_gmt":"2025-05-21T21:30:00","guid":{"rendered":"https:\/\/acuariosupremus.com\/?post_type=product&#038;p=13776"},"modified":"2025-12-30T16:43:58","modified_gmt":"2025-12-30T22:43:58","slug":"rasqueta-de-aluminio-2-en-1","status":"publish","type":"product","link":"https:\/\/acuariosupremus.com\/?product=rasqueta-de-aluminio-2-en-1","title":{"rendered":"Rasqueta de aluminio 2 en 1"},"content":{"rendered":"<p><span class=\"fontstyle0\">Al poder intercambiar los dos tramos con el cabezal, puede operar con cuatro longitudes diferentes: solo el cabezal mide 7 cm, si lo combina con el tramo corto o el tramo largo medir\u00e1 21 o 26 cm, y todos los m\u00f3dulos combinados suman un m\u00e1ximo de 41.5 cm. Es muy seguro usar esta herramienta, ya que puede proteger la cuchilla con el complemento que soporta la cuchilla de goma para prevenir alg\u00fan accidente. Incluye 10 cuchillas de repuesto para asegurar un largo periodo de uso sin adquirir nuevos consumibles. Est\u00e1 construido en aluminio mecanizado con acabado en anodizado negro brillante.<\/span><\/p>\n<p>Longitud con 1 tramo : 210\/258 mm, Longitud con los 2 tramos : 415 (mm),\u00a0 Longitud Cuchilla: 60 mm,\u00a0 Peso 65 (grs.) Peso con embalaje 100 gr,\u00a0 Medida:\u00a0 415 x 68 x 12 (mm), Medidas con embalaje: 109 x 280 x 19 (mm).<\/p>\n","protected":false},"excerpt":{"rendered":"<p><span class=\"fontstyle0\">Rasqueta profesional de doble funci\u00f3n especialmente dise\u00f1ada para acuarios de peque\u00f1o y mediano tama\u00f1o. Esta rasqueta re\u00fane en un s\u00f3lo cabezal una cuchilla extra\u00edble e intercambiable de acero inoxidable y una banda de goma, que cumple adem\u00e1s la funci\u00f3n de proteger la cuchilla cuando no usemos la rasqueta. Con esta combinaci\u00f3n de funciones podr\u00e1 eliminar tanto las algas como las incrustaciones de las paredes de su acuario sin el riesgo de producir rayaduras, adapt\u00e1ndose a cualquier superficie de vidrio y alcanzando cualquier lugar gracias a su mango modular.<\/span><\/p>\n","protected":false},"featured_media":13777,"template":"","meta":[],"product_brand":[127],"product_cat":[40,62],"product_tag":[908,259],"class_list":{"0":"post-13776","1":"product","2":"type-product","3":"status-publish","4":"has-post-thumbnail","6":"product_brand-ista","7":"product_cat-peces","8":"product_cat-sifon-rasquetas-mantenimiento","9":"product_tag-herramienta-ista","10":"product_tag-rasqueta-acuario","12":"first","13":"instock","14":"sale","15":"shipping-taxable","16":"purchasable","17":"product-type-simple"},"yoast_head":"<!-- This site is optimized with the Yoast SEO plugin v27.4 - https:\/\/yoast.com\/product\/yoast-seo-wordpress\/ -->\n<title>Rasqueta de aluminio 2 en 1 | Acuario Supremus<\/title>\n<meta name=\"description\" content=\"Rasqueta profesional 2 en 1 cabezal con cuchilla intercambiable de acero inox para eliminar las algas y las incrustaciones de las paredes de su acuario.\" \/>\n<meta name=\"robots\" content=\"index, follow, max-snippet:-1, max-image-preview:large, max-video-preview:-1\" \/>\n<link rel=\"canonical\" href=\"https:\/\/acuariosupremus.com\/?product=rasqueta-de-aluminio-2-en-1\" \/>\n<meta property=\"og:locale\" content=\"es_MX\" \/>\n<meta property=\"og:type\" content=\"article\" \/>\n<meta property=\"og:title\" content=\"Rasqueta de aluminio 2 en 1 | Acuario Supremus\" \/>\n<meta property=\"og:description\" content=\"Rasqueta profesional 2 en 1 cabezal con cuchilla intercambiable de acero inox para eliminar las algas y las incrustaciones de las paredes de su acuario.\" \/>\n<meta property=\"og:url\" content=\"https:\/\/acuariosupremus.com\/?product=rasqueta-de-aluminio-2-en-1\" \/>\n<meta property=\"og:site_name\" content=\"Acuario Supremus\" \/>\n<meta property=\"article:publisher\" content=\"https:\/\/www.facebook.com\/AcuarioSupremus\" \/>\n<meta property=\"article:modified_time\" content=\"2025-12-30T22:43:58+00:00\" \/>\n<meta property=\"og:image\" content=\"https:\/\/acuariosupremus.com\/wp-content\/uploads\/2025\/05\/I-947_rasqueta_aluminio_ista_2_en_1_01.jpg\" \/>\n\t<meta property=\"og:image:width\" content=\"1500\" \/>\n\t<meta property=\"og:image:height\" content=\"1500\" \/>\n\t<meta property=\"og:image:type\" content=\"image\/jpeg\" \/>\n<meta name=\"twitter:card\" content=\"summary_large_image\" \/>\n<meta name=\"twitter:site\" content=\"@AcuarioSupremus\" \/>\n<meta name=\"twitter:label1\" content=\"Tiempo de lectura\" \/>\n\t<meta name=\"twitter:data1\" content=\"1 minuto\" \/>\n<script type=\"application\/ld+json\" class=\"yoast-schema-graph\">{\"@context\":\"https:\\\/\\\/schema.org\",\"@graph\":[{\"@type\":\"WebPage\",\"@id\":\"https:\\\/\\\/acuariosupremus.com\\\/?product=rasqueta-de-aluminio-2-en-1\",\"url\":\"https:\\\/\\\/acuariosupremus.com\\\/?product=rasqueta-de-aluminio-2-en-1\",\"name\":\"Rasqueta de aluminio 2 en 1 | Acuario Supremus\",\"isPartOf\":{\"@id\":\"https:\\\/\\\/acuariosupremus.com\\\/#website\"},\"primaryImageOfPage\":{\"@id\":\"https:\\\/\\\/acuariosupremus.com\\\/?product=rasqueta-de-aluminio-2-en-1#primaryimage\"},\"image\":{\"@id\":\"https:\\\/\\\/acuariosupremus.com\\\/?product=rasqueta-de-aluminio-2-en-1#primaryimage\"},\"thumbnailUrl\":\"https:\\\/\\\/acuariosupremus.com\\\/wp-content\\\/uploads\\\/2025\\\/05\\\/I-947_rasqueta_aluminio_ista_2_en_1_01.jpg\",\"datePublished\":\"2025-05-21T21:30:00+00:00\",\"dateModified\":\"2025-12-30T22:43:58+00:00\",\"description\":\"Rasqueta profesional 2 en 1 cabezal con cuchilla intercambiable de acero inox para eliminar las algas y las incrustaciones de las paredes de su acuario.\",\"breadcrumb\":{\"@id\":\"https:\\\/\\\/acuariosupremus.com\\\/?product=rasqueta-de-aluminio-2-en-1#breadcrumb\"},\"inLanguage\":\"es\",\"potentialAction\":[{\"@type\":\"ReadAction\",\"target\":[\"https:\\\/\\\/acuariosupremus.com\\\/?product=rasqueta-de-aluminio-2-en-1\"]}]},{\"@type\":\"ImageObject\",\"inLanguage\":\"es\",\"@id\":\"https:\\\/\\\/acuariosupremus.com\\\/?product=rasqueta-de-aluminio-2-en-1#primaryimage\",\"url\":\"https:\\\/\\\/acuariosupremus.com\\\/wp-content\\\/uploads\\\/2025\\\/05\\\/I-947_rasqueta_aluminio_ista_2_en_1_01.jpg\",\"contentUrl\":\"https:\\\/\\\/acuariosupremus.com\\\/wp-content\\\/uploads\\\/2025\\\/05\\\/I-947_rasqueta_aluminio_ista_2_en_1_01.jpg\",\"width\":1500,\"height\":1500},{\"@type\":\"BreadcrumbList\",\"@id\":\"https:\\\/\\\/acuariosupremus.com\\\/?product=rasqueta-de-aluminio-2-en-1#breadcrumb\",\"itemListElement\":[{\"@type\":\"ListItem\",\"position\":1,\"name\":\"Portada\",\"item\":\"https:\\\/\\\/acuariosupremus.com\\\/\"},{\"@type\":\"ListItem\",\"position\":2,\"name\":\"Tienda\",\"item\":\"https:\\\/\\\/acuariosupremus.com\\\/tienda\\\/\"},{\"@type\":\"ListItem\",\"position\":3,\"name\":\"Rasqueta de aluminio 2 en 1\"}]},{\"@type\":\"WebSite\",\"@id\":\"https:\\\/\\\/acuariosupremus.com\\\/#website\",\"url\":\"https:\\\/\\\/acuariosupremus.com\\\/\",\"name\":\"Acuario Supremus\",\"description\":\"Peces, Peceras y Mascotas.\",\"publisher\":{\"@id\":\"https:\\\/\\\/acuariosupremus.com\\\/#organization\"},\"potentialAction\":[{\"@type\":\"SearchAction\",\"target\":{\"@type\":\"EntryPoint\",\"urlTemplate\":\"https:\\\/\\\/acuariosupremus.com\\\/?s={search_term_string}\"},\"query-input\":{\"@type\":\"PropertyValueSpecification\",\"valueRequired\":true,\"valueName\":\"search_term_string\"}}],\"inLanguage\":\"es\"},{\"@type\":\"Organization\",\"@id\":\"https:\\\/\\\/acuariosupremus.com\\\/#organization\",\"name\":\"Acuario Supremus\",\"url\":\"https:\\\/\\\/acuariosupremus.com\\\/\",\"logo\":{\"@type\":\"ImageObject\",\"inLanguage\":\"es\",\"@id\":\"https:\\\/\\\/acuariosupremus.com\\\/#\\\/schema\\\/logo\\\/image\\\/\",\"url\":\"https:\\\/\\\/acuariosupremus.com\\\/wp-content\\\/uploads\\\/2021\\\/12\\\/cropped-logo_acuario_supremus_fn-2.png\",\"contentUrl\":\"https:\\\/\\\/acuariosupremus.com\\\/wp-content\\\/uploads\\\/2021\\\/12\\\/cropped-logo_acuario_supremus_fn-2.png\",\"width\":1000,\"height\":318,\"caption\":\"Acuario Supremus\"},\"image\":{\"@id\":\"https:\\\/\\\/acuariosupremus.com\\\/#\\\/schema\\\/logo\\\/image\\\/\"},\"sameAs\":[\"https:\\\/\\\/www.facebook.com\\\/AcuarioSupremus\",\"https:\\\/\\\/x.com\\\/AcuarioSupremus\",\"https:\\\/\\\/www.instagram.com\\\/acuariosupremus\\\/?hl=es\"]}]}<\/script>\n<!-- \/ Yoast SEO plugin. -->","yoast_head_json":{"title":"Rasqueta de aluminio 2 en 1 | Acuario Supremus","description":"Rasqueta profesional 2 en 1 cabezal con cuchilla intercambiable de acero inox para eliminar las algas y las incrustaciones de las paredes de su acuario.","robots":{"index":"index","follow":"follow","max-snippet":"max-snippet:-1","max-image-preview":"max-image-preview:large","max-video-preview":"max-video-preview:-1"},"canonical":"https:\/\/acuariosupremus.com\/?product=rasqueta-de-aluminio-2-en-1","og_locale":"es_MX","og_type":"article","og_title":"Rasqueta de aluminio 2 en 1 | Acuario Supremus","og_description":"Rasqueta profesional 2 en 1 cabezal con cuchilla intercambiable de acero inox para eliminar las algas y las incrustaciones de las paredes de su acuario.","og_url":"https:\/\/acuariosupremus.com\/?product=rasqueta-de-aluminio-2-en-1","og_site_name":"Acuario Supremus","article_publisher":"https:\/\/www.facebook.com\/AcuarioSupremus","article_modified_time":"2025-12-30T22:43:58+00:00","og_image":[{"width":1500,"height":1500,"url":"https:\/\/acuariosupremus.com\/wp-content\/uploads\/2025\/05\/I-947_rasqueta_aluminio_ista_2_en_1_01.jpg","type":"image\/jpeg"}],"twitter_card":"summary_large_image","twitter_site":"@AcuarioSupremus","twitter_misc":{"Tiempo de lectura":"1 minuto"},"schema":{"@context":"https:\/\/schema.org","@graph":[{"@type":"WebPage","@id":"https:\/\/acuariosupremus.com\/?product=rasqueta-de-aluminio-2-en-1","url":"https:\/\/acuariosupremus.com\/?product=rasqueta-de-aluminio-2-en-1","name":"Rasqueta de aluminio 2 en 1 | Acuario Supremus","isPartOf":{"@id":"https:\/\/acuariosupremus.com\/#website"},"primaryImageOfPage":{"@id":"https:\/\/acuariosupremus.com\/?product=rasqueta-de-aluminio-2-en-1#primaryimage"},"image":{"@id":"https:\/\/acuariosupremus.com\/?product=rasqueta-de-aluminio-2-en-1#primaryimage"},"thumbnailUrl":"https:\/\/acuariosupremus.com\/wp-content\/uploads\/2025\/05\/I-947_rasqueta_aluminio_ista_2_en_1_01.jpg","datePublished":"2025-05-21T21:30:00+00:00","dateModified":"2025-12-30T22:43:58+00:00","description":"Rasqueta profesional 2 en 1 cabezal con cuchilla intercambiable de acero inox para eliminar las algas y las incrustaciones de las paredes de su acuario.","breadcrumb":{"@id":"https:\/\/acuariosupremus.com\/?product=rasqueta-de-aluminio-2-en-1#breadcrumb"},"inLanguage":"es","potentialAction":[{"@type":"ReadAction","target":["https:\/\/acuariosupremus.com\/?product=rasqueta-de-aluminio-2-en-1"]}]},{"@type":"ImageObject","inLanguage":"es","@id":"https:\/\/acuariosupremus.com\/?product=rasqueta-de-aluminio-2-en-1#primaryimage","url":"https:\/\/acuariosupremus.com\/wp-content\/uploads\/2025\/05\/I-947_rasqueta_aluminio_ista_2_en_1_01.jpg","contentUrl":"https:\/\/acuariosupremus.com\/wp-content\/uploads\/2025\/05\/I-947_rasqueta_aluminio_ista_2_en_1_01.jpg","width":1500,"height":1500},{"@type":"BreadcrumbList","@id":"https:\/\/acuariosupremus.com\/?product=rasqueta-de-aluminio-2-en-1#breadcrumb","itemListElement":[{"@type":"ListItem","position":1,"name":"Portada","item":"https:\/\/acuariosupremus.com\/"},{"@type":"ListItem","position":2,"name":"Tienda","item":"https:\/\/acuariosupremus.com\/tienda\/"},{"@type":"ListItem","position":3,"name":"Rasqueta de aluminio 2 en 1"}]},{"@type":"WebSite","@id":"https:\/\/acuariosupremus.com\/#website","url":"https:\/\/acuariosupremus.com\/","name":"Acuario Supremus","description":"Peces, Peceras y Mascotas.","publisher":{"@id":"https:\/\/acuariosupremus.com\/#organization"},"potentialAction":[{"@type":"SearchAction","target":{"@type":"EntryPoint","urlTemplate":"https:\/\/acuariosupremus.com\/?s={search_term_string}"},"query-input":{"@type":"PropertyValueSpecification","valueRequired":true,"valueName":"search_term_string"}}],"inLanguage":"es"},{"@type":"Organization","@id":"https:\/\/acuariosupremus.com\/#organization","name":"Acuario Supremus","url":"https:\/\/acuariosupremus.com\/","logo":{"@type":"ImageObject","inLanguage":"es","@id":"https:\/\/acuariosupremus.com\/#\/schema\/logo\/image\/","url":"https:\/\/acuariosupremus.com\/wp-content\/uploads\/2021\/12\/cropped-logo_acuario_supremus_fn-2.png","contentUrl":"https:\/\/acuariosupremus.com\/wp-content\/uploads\/2021\/12\/cropped-logo_acuario_supremus_fn-2.png","width":1000,"height":318,"caption":"Acuario Supremus"},"image":{"@id":"https:\/\/acuariosupremus.com\/#\/schema\/logo\/image\/"},"sameAs":["https:\/\/www.facebook.com\/AcuarioSupremus","https:\/\/x.com\/AcuarioSupremus","https:\/\/www.instagram.com\/acuariosupremus\/?hl=es"]}]}},"jetpack_sharing_enabled":true,"_links":{"self":[{"href":"https:\/\/acuariosupremus.com\/index.php?rest_route=\/wp\/v2\/product\/13776","targetHints":{"allow":["GET"]}}],"collection":[{"href":"https:\/\/acuariosupremus.com\/index.php?rest_route=\/wp\/v2\/product"}],"about":[{"href":"https:\/\/acuariosupremus.com\/index.php?rest_route=\/wp\/v2\/types\/product"}],"wp:featuredmedia":[{"embeddable":true,"href":"https:\/\/acuariosupremus.com\/index.php?rest_route=\/wp\/v2\/media\/13777"}],"wp:attachment":[{"href":"https:\/\/acuariosupremus.com\/index.php?rest_route=%2Fwp%2Fv2%2Fmedia&parent=13776"}],"wp:term":[{"taxonomy":"product_brand","embeddable":true,"href":"https:\/\/acuariosupremus.com\/index.php?rest_route=%2Fwp%2Fv2%2Fproduct_brand&post=13776"},{"taxonomy":"product_cat","embeddable":true,"href":"https:\/\/acuariosupremus.com\/index.php?rest_route=%2Fwp%2Fv2%2Fproduct_cat&post=13776"},{"taxonomy":"product_tag","embeddable":true,"href":"https:\/\/acuariosupremus.com\/index.php?rest_route=%2Fwp%2Fv2%2Fproduct_tag&post=13776"}],"curies":[{"name":"wp","href":"https:\/\/api.w.org\/{rel}","templated":true}]}}