{"id":13785,"date":"2025-05-21T15:47:21","date_gmt":"2025-05-21T21:47:21","guid":{"rendered":"https:\/\/acuariosupremus.com\/?post_type=product&#038;p=13785"},"modified":"2025-12-30T16:03:25","modified_gmt":"2025-12-30T22:03:25","slug":"desnatador-mini-de-superficie-multifuncional","status":"publish","type":"product","link":"https:\/\/acuariosupremus.com\/?product=desnatador-mini-de-superficie-multifuncional","title":{"rendered":"Desnatador mini de superficie multifuncional"},"content":{"rendered":"<p><span class=\"fontstyle0\">S\u00f3lo con\u00e9ctelo directamente en el tubo de aspiraci\u00f3n y su coladera regulable en altura flotante se adaptar\u00e1 de forma autom\u00e1tica al nivel de agua de su acuario, aspirando el agua de superficie junto con todos los s\u00f3lidos e impurezas que contiene. Al mismo tiempo, aspirar\u00e1 agua de las capas inferiores del acuario a trav\u00e9s de su coladera de fondo regulable en su nivel de aspiraci\u00f3n. Para ello, bastar\u00e1 con girar el cilindro situado en la parte inferior de su estructura. De este modo, tendr\u00e1 un control total sobre la aspiraci\u00f3n de su filtro aumentando notablemente su eficiencia. Adem\u00e1s, su conexi\u00f3n de entrada se puede regular en altura y adaptar a diversos di\u00e1metros, integr\u00e1ndose perfectamente a su filtro. Su coladera flotante puede adaptarse a cambios en el nivel del agua de hasta 5 cm.<\/span><\/p>\n<p>Altura m\u00ednima: 110 (mm) Altura m\u00e1xima: 150 (mm) Di\u00e1metro de conexi\u00f3n: 12-22 (mm) <span class=\"fontstyle0\">Medidas de la aspiraci\u00f3n: 28 (\u00d8 mm), <\/span>Peso: 30 (grs.) Peso con embalaje: 45 (grs)\u00a0 Medidas: 110 x 60 x 28 mm (l x a x h ) Medidas con embalaje: 60 x 30 x 160 mm (l x a x h ).<\/p>\n","protected":false},"excerpt":{"rendered":"<p><span class=\"fontstyle0\">Dispositivo desnatador especialmente dise\u00f1ado para acuarios plantados de peque\u00f1o tama\u00f1o. Aspira el agua de la superficie del acuario, arrastrando toda la pel\u00edcula de grasa y part\u00edculas coloidales que se acumulan debido a la tensi\u00f3n superficial del agua. Su estructura transparente y de gran calidad no impactar\u00e1 sobre la est\u00e9tica de su paisaje acu\u00e1tico. El Mini desnatador multi funcional ISTA es el complemento ideal para su filtro de mochila, filtro canister, \u201cback filter\u201d, \u201ctop filter\u201d y la mayor\u00eda de filtros del mercado. <\/span><\/p>\n","protected":false},"featured_media":13786,"template":"","meta":[],"product_brand":[127],"product_cat":[40,49],"product_tag":[234,188],"class_list":{"0":"post-13785","1":"product","2":"type-product","3":"status-publish","4":"has-post-thumbnail","6":"product_brand-ista","7":"product_cat-peces","8":"product_cat-espumadores-y-desnatadores","9":"product_tag-acuario-nano","10":"product_tag-desnatador","12":"first","13":"instock","14":"sale","15":"shipping-taxable","16":"purchasable","17":"product-type-simple"},"yoast_head":"<!-- This site is optimized with the Yoast SEO plugin v27.4 - https:\/\/yoast.com\/product\/yoast-seo-wordpress\/ -->\n<title>Desnatador mini de superficie multifuncional | Acuario Supremus<\/title>\n<meta name=\"description\" content=\"Desnatador dise\u00f1ado para acuarios plantados de peque\u00f1o tama\u00f1o. Aspira agua de la superficie del acuario, arrastrando toda la pel\u00edcula de grasa y part\u00edculas\" \/>\n<meta name=\"robots\" content=\"index, follow, max-snippet:-1, max-image-preview:large, max-video-preview:-1\" \/>\n<link rel=\"canonical\" href=\"https:\/\/acuariosupremus.com\/?product=desnatador-mini-de-superficie-multifuncional\" \/>\n<meta property=\"og:locale\" content=\"es_MX\" \/>\n<meta property=\"og:type\" content=\"article\" \/>\n<meta property=\"og:title\" content=\"Desnatador mini de superficie multifuncional | Acuario Supremus\" \/>\n<meta property=\"og:description\" content=\"Desnatador dise\u00f1ado para acuarios plantados de peque\u00f1o tama\u00f1o. Aspira agua de la superficie del acuario, arrastrando toda la pel\u00edcula de grasa y part\u00edculas\" \/>\n<meta property=\"og:url\" content=\"https:\/\/acuariosupremus.com\/?product=desnatador-mini-de-superficie-multifuncional\" \/>\n<meta property=\"og:site_name\" content=\"Acuario Supremus\" \/>\n<meta property=\"article:publisher\" content=\"https:\/\/www.facebook.com\/AcuarioSupremus\" \/>\n<meta property=\"article:modified_time\" content=\"2025-12-30T22:03:25+00:00\" \/>\n<meta property=\"og:image\" content=\"https:\/\/acuariosupremus.com\/wp-content\/uploads\/2025\/05\/if-525_mini_desnatador_multifuncional_ista_03.jpg\" \/>\n\t<meta property=\"og:image:width\" content=\"1500\" \/>\n\t<meta property=\"og:image:height\" content=\"1500\" \/>\n\t<meta property=\"og:image:type\" content=\"image\/jpeg\" \/>\n<meta name=\"twitter:card\" content=\"summary_large_image\" \/>\n<meta name=\"twitter:site\" content=\"@AcuarioSupremus\" \/>\n<meta name=\"twitter:label1\" content=\"Tiempo de lectura\" \/>\n\t<meta name=\"twitter:data1\" content=\"2 minutos\" \/>\n<script type=\"application\/ld+json\" class=\"yoast-schema-graph\">{\"@context\":\"https:\\\/\\\/schema.org\",\"@graph\":[{\"@type\":\"WebPage\",\"@id\":\"https:\\\/\\\/acuariosupremus.com\\\/?product=desnatador-mini-de-superficie-multifuncional\",\"url\":\"https:\\\/\\\/acuariosupremus.com\\\/?product=desnatador-mini-de-superficie-multifuncional\",\"name\":\"Desnatador mini de superficie multifuncional | Acuario Supremus\",\"isPartOf\":{\"@id\":\"https:\\\/\\\/acuariosupremus.com\\\/#website\"},\"primaryImageOfPage\":{\"@id\":\"https:\\\/\\\/acuariosupremus.com\\\/?product=desnatador-mini-de-superficie-multifuncional#primaryimage\"},\"image\":{\"@id\":\"https:\\\/\\\/acuariosupremus.com\\\/?product=desnatador-mini-de-superficie-multifuncional#primaryimage\"},\"thumbnailUrl\":\"https:\\\/\\\/acuariosupremus.com\\\/wp-content\\\/uploads\\\/2025\\\/05\\\/if-525_mini_desnatador_multifuncional_ista_03.jpg\",\"datePublished\":\"2025-05-21T21:47:21+00:00\",\"dateModified\":\"2025-12-30T22:03:25+00:00\",\"description\":\"Desnatador dise\u00f1ado para acuarios plantados de peque\u00f1o tama\u00f1o. Aspira agua de la superficie del acuario, arrastrando toda la pel\u00edcula de grasa y part\u00edculas\",\"breadcrumb\":{\"@id\":\"https:\\\/\\\/acuariosupremus.com\\\/?product=desnatador-mini-de-superficie-multifuncional#breadcrumb\"},\"inLanguage\":\"es\",\"potentialAction\":[{\"@type\":\"ReadAction\",\"target\":[\"https:\\\/\\\/acuariosupremus.com\\\/?product=desnatador-mini-de-superficie-multifuncional\"]}]},{\"@type\":\"ImageObject\",\"inLanguage\":\"es\",\"@id\":\"https:\\\/\\\/acuariosupremus.com\\\/?product=desnatador-mini-de-superficie-multifuncional#primaryimage\",\"url\":\"https:\\\/\\\/acuariosupremus.com\\\/wp-content\\\/uploads\\\/2025\\\/05\\\/if-525_mini_desnatador_multifuncional_ista_03.jpg\",\"contentUrl\":\"https:\\\/\\\/acuariosupremus.com\\\/wp-content\\\/uploads\\\/2025\\\/05\\\/if-525_mini_desnatador_multifuncional_ista_03.jpg\",\"width\":1500,\"height\":1500},{\"@type\":\"BreadcrumbList\",\"@id\":\"https:\\\/\\\/acuariosupremus.com\\\/?product=desnatador-mini-de-superficie-multifuncional#breadcrumb\",\"itemListElement\":[{\"@type\":\"ListItem\",\"position\":1,\"name\":\"Portada\",\"item\":\"https:\\\/\\\/acuariosupremus.com\\\/\"},{\"@type\":\"ListItem\",\"position\":2,\"name\":\"Tienda\",\"item\":\"https:\\\/\\\/acuariosupremus.com\\\/tienda\\\/\"},{\"@type\":\"ListItem\",\"position\":3,\"name\":\"Desnatador mini de superficie multifuncional\"}]},{\"@type\":\"WebSite\",\"@id\":\"https:\\\/\\\/acuariosupremus.com\\\/#website\",\"url\":\"https:\\\/\\\/acuariosupremus.com\\\/\",\"name\":\"Acuario Supremus\",\"description\":\"Peces, Peceras y Mascotas.\",\"publisher\":{\"@id\":\"https:\\\/\\\/acuariosupremus.com\\\/#organization\"},\"potentialAction\":[{\"@type\":\"SearchAction\",\"target\":{\"@type\":\"EntryPoint\",\"urlTemplate\":\"https:\\\/\\\/acuariosupremus.com\\\/?s={search_term_string}\"},\"query-input\":{\"@type\":\"PropertyValueSpecification\",\"valueRequired\":true,\"valueName\":\"search_term_string\"}}],\"inLanguage\":\"es\"},{\"@type\":\"Organization\",\"@id\":\"https:\\\/\\\/acuariosupremus.com\\\/#organization\",\"name\":\"Acuario Supremus\",\"url\":\"https:\\\/\\\/acuariosupremus.com\\\/\",\"logo\":{\"@type\":\"ImageObject\",\"inLanguage\":\"es\",\"@id\":\"https:\\\/\\\/acuariosupremus.com\\\/#\\\/schema\\\/logo\\\/image\\\/\",\"url\":\"https:\\\/\\\/acuariosupremus.com\\\/wp-content\\\/uploads\\\/2021\\\/12\\\/cropped-logo_acuario_supremus_fn-2.png\",\"contentUrl\":\"https:\\\/\\\/acuariosupremus.com\\\/wp-content\\\/uploads\\\/2021\\\/12\\\/cropped-logo_acuario_supremus_fn-2.png\",\"width\":1000,\"height\":318,\"caption\":\"Acuario Supremus\"},\"image\":{\"@id\":\"https:\\\/\\\/acuariosupremus.com\\\/#\\\/schema\\\/logo\\\/image\\\/\"},\"sameAs\":[\"https:\\\/\\\/www.facebook.com\\\/AcuarioSupremus\",\"https:\\\/\\\/x.com\\\/AcuarioSupremus\",\"https:\\\/\\\/www.instagram.com\\\/acuariosupremus\\\/?hl=es\"]}]}<\/script>\n<!-- \/ Yoast SEO plugin. -->","yoast_head_json":{"title":"Desnatador mini de superficie multifuncional | Acuario Supremus","description":"Desnatador dise\u00f1ado para acuarios plantados de peque\u00f1o tama\u00f1o. Aspira agua de la superficie del acuario, arrastrando toda la pel\u00edcula de grasa y part\u00edculas","robots":{"index":"index","follow":"follow","max-snippet":"max-snippet:-1","max-image-preview":"max-image-preview:large","max-video-preview":"max-video-preview:-1"},"canonical":"https:\/\/acuariosupremus.com\/?product=desnatador-mini-de-superficie-multifuncional","og_locale":"es_MX","og_type":"article","og_title":"Desnatador mini de superficie multifuncional | Acuario Supremus","og_description":"Desnatador dise\u00f1ado para acuarios plantados de peque\u00f1o tama\u00f1o. Aspira agua de la superficie del acuario, arrastrando toda la pel\u00edcula de grasa y part\u00edculas","og_url":"https:\/\/acuariosupremus.com\/?product=desnatador-mini-de-superficie-multifuncional","og_site_name":"Acuario Supremus","article_publisher":"https:\/\/www.facebook.com\/AcuarioSupremus","article_modified_time":"2025-12-30T22:03:25+00:00","og_image":[{"width":1500,"height":1500,"url":"https:\/\/acuariosupremus.com\/wp-content\/uploads\/2025\/05\/if-525_mini_desnatador_multifuncional_ista_03.jpg","type":"image\/jpeg"}],"twitter_card":"summary_large_image","twitter_site":"@AcuarioSupremus","twitter_misc":{"Tiempo de lectura":"2 minutos"},"schema":{"@context":"https:\/\/schema.org","@graph":[{"@type":"WebPage","@id":"https:\/\/acuariosupremus.com\/?product=desnatador-mini-de-superficie-multifuncional","url":"https:\/\/acuariosupremus.com\/?product=desnatador-mini-de-superficie-multifuncional","name":"Desnatador mini de superficie multifuncional | Acuario Supremus","isPartOf":{"@id":"https:\/\/acuariosupremus.com\/#website"},"primaryImageOfPage":{"@id":"https:\/\/acuariosupremus.com\/?product=desnatador-mini-de-superficie-multifuncional#primaryimage"},"image":{"@id":"https:\/\/acuariosupremus.com\/?product=desnatador-mini-de-superficie-multifuncional#primaryimage"},"thumbnailUrl":"https:\/\/acuariosupremus.com\/wp-content\/uploads\/2025\/05\/if-525_mini_desnatador_multifuncional_ista_03.jpg","datePublished":"2025-05-21T21:47:21+00:00","dateModified":"2025-12-30T22:03:25+00:00","description":"Desnatador dise\u00f1ado para acuarios plantados de peque\u00f1o tama\u00f1o. Aspira agua de la superficie del acuario, arrastrando toda la pel\u00edcula de grasa y part\u00edculas","breadcrumb":{"@id":"https:\/\/acuariosupremus.com\/?product=desnatador-mini-de-superficie-multifuncional#breadcrumb"},"inLanguage":"es","potentialAction":[{"@type":"ReadAction","target":["https:\/\/acuariosupremus.com\/?product=desnatador-mini-de-superficie-multifuncional"]}]},{"@type":"ImageObject","inLanguage":"es","@id":"https:\/\/acuariosupremus.com\/?product=desnatador-mini-de-superficie-multifuncional#primaryimage","url":"https:\/\/acuariosupremus.com\/wp-content\/uploads\/2025\/05\/if-525_mini_desnatador_multifuncional_ista_03.jpg","contentUrl":"https:\/\/acuariosupremus.com\/wp-content\/uploads\/2025\/05\/if-525_mini_desnatador_multifuncional_ista_03.jpg","width":1500,"height":1500},{"@type":"BreadcrumbList","@id":"https:\/\/acuariosupremus.com\/?product=desnatador-mini-de-superficie-multifuncional#breadcrumb","itemListElement":[{"@type":"ListItem","position":1,"name":"Portada","item":"https:\/\/acuariosupremus.com\/"},{"@type":"ListItem","position":2,"name":"Tienda","item":"https:\/\/acuariosupremus.com\/tienda\/"},{"@type":"ListItem","position":3,"name":"Desnatador mini de superficie multifuncional"}]},{"@type":"WebSite","@id":"https:\/\/acuariosupremus.com\/#website","url":"https:\/\/acuariosupremus.com\/","name":"Acuario Supremus","description":"Peces, Peceras y Mascotas.","publisher":{"@id":"https:\/\/acuariosupremus.com\/#organization"},"potentialAction":[{"@type":"SearchAction","target":{"@type":"EntryPoint","urlTemplate":"https:\/\/acuariosupremus.com\/?s={search_term_string}"},"query-input":{"@type":"PropertyValueSpecification","valueRequired":true,"valueName":"search_term_string"}}],"inLanguage":"es"},{"@type":"Organization","@id":"https:\/\/acuariosupremus.com\/#organization","name":"Acuario Supremus","url":"https:\/\/acuariosupremus.com\/","logo":{"@type":"ImageObject","inLanguage":"es","@id":"https:\/\/acuariosupremus.com\/#\/schema\/logo\/image\/","url":"https:\/\/acuariosupremus.com\/wp-content\/uploads\/2021\/12\/cropped-logo_acuario_supremus_fn-2.png","contentUrl":"https:\/\/acuariosupremus.com\/wp-content\/uploads\/2021\/12\/cropped-logo_acuario_supremus_fn-2.png","width":1000,"height":318,"caption":"Acuario Supremus"},"image":{"@id":"https:\/\/acuariosupremus.com\/#\/schema\/logo\/image\/"},"sameAs":["https:\/\/www.facebook.com\/AcuarioSupremus","https:\/\/x.com\/AcuarioSupremus","https:\/\/www.instagram.com\/acuariosupremus\/?hl=es"]}]}},"jetpack_sharing_enabled":true,"_links":{"self":[{"href":"https:\/\/acuariosupremus.com\/index.php?rest_route=\/wp\/v2\/product\/13785","targetHints":{"allow":["GET"]}}],"collection":[{"href":"https:\/\/acuariosupremus.com\/index.php?rest_route=\/wp\/v2\/product"}],"about":[{"href":"https:\/\/acuariosupremus.com\/index.php?rest_route=\/wp\/v2\/types\/product"}],"wp:featuredmedia":[{"embeddable":true,"href":"https:\/\/acuariosupremus.com\/index.php?rest_route=\/wp\/v2\/media\/13786"}],"wp:attachment":[{"href":"https:\/\/acuariosupremus.com\/index.php?rest_route=%2Fwp%2Fv2%2Fmedia&parent=13785"}],"wp:term":[{"taxonomy":"product_brand","embeddable":true,"href":"https:\/\/acuariosupremus.com\/index.php?rest_route=%2Fwp%2Fv2%2Fproduct_brand&post=13785"},{"taxonomy":"product_cat","embeddable":true,"href":"https:\/\/acuariosupremus.com\/index.php?rest_route=%2Fwp%2Fv2%2Fproduct_cat&post=13785"},{"taxonomy":"product_tag","embeddable":true,"href":"https:\/\/acuariosupremus.com\/index.php?rest_route=%2Fwp%2Fv2%2Fproduct_tag&post=13785"}],"curies":[{"name":"wp","href":"https:\/\/api.w.org\/{rel}","templated":true}]}}