{"id":13808,"date":"2025-05-21T18:00:29","date_gmt":"2025-05-22T00:00:29","guid":{"rendered":"https:\/\/acuariosupremus.com\/?post_type=product&#038;p=13808"},"modified":"2025-12-29T17:26:01","modified_gmt":"2025-12-29T23:26:01","slug":"flourish-potassium-50-ml-abono-para-plantas","status":"publish","type":"product","link":"https:\/\/acuariosupremus.com\/?product=flourish-potassium-50-ml-abono-para-plantas","title":{"rendered":"Flourish Potassium 50 ml, Abono para plantas."},"content":{"rendered":"<p>En estos casos el potasio podr\u00eda convertirse en el factor limitante para el crecimiento. Use Flourish Potassium\u2122 para evitar el agotamiento de potasio y mantener el m\u00e1s alto nivel de crecimiento. Las plantas acusan la carencia de este nutriente presentando coloraci\u00f3n amarilla en las hojas m\u00e1s viejas. Las fuentes m\u00e1s f\u00e1cilmente obtenidas de potasio son el nitrato de potasio y fosfato de potasio. Ambas fuentes aportan o nitr\u00f3geno o f\u00f3sforo junto con el potasio, lo que hace pr\u00e1cticamente imposible ajustar una ratio espec\u00edfico del NPK (nitrato\/f\u00f3sforo\/potasio). Flourish Potassium\u2122 contiene de sulfato de potasio, lo que permite al usuario ajustar los niveles de este nutriente sin afectar nitr\u00f3geno o f\u00f3sforo.<br \/>\nUtilice 1 tap\u00f3n lleno (5 mL) por cada 125 L. Esta dosis incrementa el potasio en 2 mg\/L. Repita la dosis de 2 a 3 veces por semana. Si las plantas presentan s\u00edntomas carenciales de potasio en las hojas viejas tales como la clorosis (hojas amarillas) o la necrosis (muerte o hojas marrones) tallos o ra\u00edces d\u00e9biles incremente la dosis.<\/p>\n<p>Producto: Flourish Potassium 50 ml.<\/p>\n","protected":false},"excerpt":{"rendered":"<p>Flourish Potassium\u2122 es un fertilizante ideal para acuarios plantados que contiene 50.000 mg\/L de potasio. El potasio es uno de los elementos de vital importancia para mantener un nivel vigoroso de crecimiento en un acuario plantado. El potasio es un nutriente que puede agotarse r\u00e1pidamente en un sistema de alto crecimiento o cuando de agua que suministramos al acuario tiene un bajo contenido mineral.<\/p>\n","protected":false},"featured_media":13809,"template":"","meta":[],"product_brand":[123],"product_cat":[40,56],"product_tag":[552,835,834],"class_list":{"0":"post-13808","1":"product","2":"type-product","3":"status-publish","4":"has-post-thumbnail","6":"product_brand-seachem","7":"product_cat-peces","8":"product_cat-plantas-naturales","9":"product_tag-fertilizante-plantas-acuaticas","10":"product_tag-flourish-potassium","11":"product_tag-suplemento-potasio","13":"first","14":"instock","15":"sale","16":"shipping-taxable","17":"purchasable","18":"product-type-simple"},"yoast_head":"<!-- This site is optimized with the Yoast SEO plugin v27.4 - https:\/\/yoast.com\/product\/yoast-seo-wordpress\/ -->\n<title>Flourish Potassium 50 ml, Abono para plantas. | Acuario Supremus<\/title>\n<meta name=\"description\" content=\"Flourish Potassium\u2122 es un fertilizante ideal para acuarios plantados que contiene 50.000 mg\/L de potasio, es uno de los elementos de vital importancia.\" \/>\n<meta name=\"robots\" content=\"index, follow, max-snippet:-1, max-image-preview:large, max-video-preview:-1\" \/>\n<link rel=\"canonical\" href=\"https:\/\/acuariosupremus.com\/?product=flourish-potassium-50-ml-abono-para-plantas\" \/>\n<meta property=\"og:locale\" content=\"es_MX\" \/>\n<meta property=\"og:type\" content=\"article\" \/>\n<meta property=\"og:title\" content=\"Flourish Potassium 50 ml, Abono para plantas. | Acuario Supremus\" \/>\n<meta property=\"og:description\" content=\"Flourish Potassium\u2122 es un fertilizante ideal para acuarios plantados que contiene 50.000 mg\/L de potasio, es uno de los elementos de vital importancia.\" \/>\n<meta property=\"og:url\" content=\"https:\/\/acuariosupremus.com\/?product=flourish-potassium-50-ml-abono-para-plantas\" \/>\n<meta property=\"og:site_name\" content=\"Acuario Supremus\" \/>\n<meta property=\"article:publisher\" content=\"https:\/\/www.facebook.com\/AcuarioSupremus\" \/>\n<meta property=\"article:modified_time\" content=\"2025-12-29T23:26:01+00:00\" \/>\n<meta property=\"og:image\" content=\"https:\/\/acuariosupremus.com\/wp-content\/uploads\/2025\/05\/seachem_flourish_potassium_50-ml.jpg\" \/>\n\t<meta property=\"og:image:width\" content=\"1250\" \/>\n\t<meta property=\"og:image:height\" content=\"1250\" \/>\n\t<meta property=\"og:image:type\" content=\"image\/jpeg\" \/>\n<meta name=\"twitter:card\" content=\"summary_large_image\" \/>\n<meta name=\"twitter:site\" content=\"@AcuarioSupremus\" \/>\n<meta name=\"twitter:label1\" content=\"Tiempo de lectura\" \/>\n\t<meta name=\"twitter:data1\" content=\"1 minuto\" \/>\n<script type=\"application\/ld+json\" class=\"yoast-schema-graph\">{\"@context\":\"https:\\\/\\\/schema.org\",\"@graph\":[{\"@type\":\"WebPage\",\"@id\":\"https:\\\/\\\/acuariosupremus.com\\\/?product=flourish-potassium-50-ml-abono-para-plantas\",\"url\":\"https:\\\/\\\/acuariosupremus.com\\\/?product=flourish-potassium-50-ml-abono-para-plantas\",\"name\":\"Flourish Potassium 50 ml, Abono para plantas. | Acuario Supremus\",\"isPartOf\":{\"@id\":\"https:\\\/\\\/acuariosupremus.com\\\/#website\"},\"primaryImageOfPage\":{\"@id\":\"https:\\\/\\\/acuariosupremus.com\\\/?product=flourish-potassium-50-ml-abono-para-plantas#primaryimage\"},\"image\":{\"@id\":\"https:\\\/\\\/acuariosupremus.com\\\/?product=flourish-potassium-50-ml-abono-para-plantas#primaryimage\"},\"thumbnailUrl\":\"https:\\\/\\\/acuariosupremus.com\\\/wp-content\\\/uploads\\\/2025\\\/05\\\/seachem_flourish_potassium_50-ml.jpg\",\"datePublished\":\"2025-05-22T00:00:29+00:00\",\"dateModified\":\"2025-12-29T23:26:01+00:00\",\"description\":\"Flourish Potassium\u2122 es un fertilizante ideal para acuarios plantados que contiene 50.000 mg\\\/L de potasio, es uno de los elementos de vital importancia.\",\"breadcrumb\":{\"@id\":\"https:\\\/\\\/acuariosupremus.com\\\/?product=flourish-potassium-50-ml-abono-para-plantas#breadcrumb\"},\"inLanguage\":\"es\",\"potentialAction\":[{\"@type\":\"ReadAction\",\"target\":[\"https:\\\/\\\/acuariosupremus.com\\\/?product=flourish-potassium-50-ml-abono-para-plantas\"]}]},{\"@type\":\"ImageObject\",\"inLanguage\":\"es\",\"@id\":\"https:\\\/\\\/acuariosupremus.com\\\/?product=flourish-potassium-50-ml-abono-para-plantas#primaryimage\",\"url\":\"https:\\\/\\\/acuariosupremus.com\\\/wp-content\\\/uploads\\\/2025\\\/05\\\/seachem_flourish_potassium_50-ml.jpg\",\"contentUrl\":\"https:\\\/\\\/acuariosupremus.com\\\/wp-content\\\/uploads\\\/2025\\\/05\\\/seachem_flourish_potassium_50-ml.jpg\",\"width\":1250,\"height\":1250},{\"@type\":\"BreadcrumbList\",\"@id\":\"https:\\\/\\\/acuariosupremus.com\\\/?product=flourish-potassium-50-ml-abono-para-plantas#breadcrumb\",\"itemListElement\":[{\"@type\":\"ListItem\",\"position\":1,\"name\":\"Portada\",\"item\":\"https:\\\/\\\/acuariosupremus.com\\\/\"},{\"@type\":\"ListItem\",\"position\":2,\"name\":\"Tienda\",\"item\":\"https:\\\/\\\/acuariosupremus.com\\\/tienda\\\/\"},{\"@type\":\"ListItem\",\"position\":3,\"name\":\"Flourish Potassium 50 ml, Abono para plantas.\"}]},{\"@type\":\"WebSite\",\"@id\":\"https:\\\/\\\/acuariosupremus.com\\\/#website\",\"url\":\"https:\\\/\\\/acuariosupremus.com\\\/\",\"name\":\"Acuario Supremus\",\"description\":\"Peces, Peceras y Mascotas.\",\"publisher\":{\"@id\":\"https:\\\/\\\/acuariosupremus.com\\\/#organization\"},\"potentialAction\":[{\"@type\":\"SearchAction\",\"target\":{\"@type\":\"EntryPoint\",\"urlTemplate\":\"https:\\\/\\\/acuariosupremus.com\\\/?s={search_term_string}\"},\"query-input\":{\"@type\":\"PropertyValueSpecification\",\"valueRequired\":true,\"valueName\":\"search_term_string\"}}],\"inLanguage\":\"es\"},{\"@type\":\"Organization\",\"@id\":\"https:\\\/\\\/acuariosupremus.com\\\/#organization\",\"name\":\"Acuario Supremus\",\"url\":\"https:\\\/\\\/acuariosupremus.com\\\/\",\"logo\":{\"@type\":\"ImageObject\",\"inLanguage\":\"es\",\"@id\":\"https:\\\/\\\/acuariosupremus.com\\\/#\\\/schema\\\/logo\\\/image\\\/\",\"url\":\"https:\\\/\\\/acuariosupremus.com\\\/wp-content\\\/uploads\\\/2021\\\/12\\\/cropped-logo_acuario_supremus_fn-2.png\",\"contentUrl\":\"https:\\\/\\\/acuariosupremus.com\\\/wp-content\\\/uploads\\\/2021\\\/12\\\/cropped-logo_acuario_supremus_fn-2.png\",\"width\":1000,\"height\":318,\"caption\":\"Acuario Supremus\"},\"image\":{\"@id\":\"https:\\\/\\\/acuariosupremus.com\\\/#\\\/schema\\\/logo\\\/image\\\/\"},\"sameAs\":[\"https:\\\/\\\/www.facebook.com\\\/AcuarioSupremus\",\"https:\\\/\\\/x.com\\\/AcuarioSupremus\",\"https:\\\/\\\/www.instagram.com\\\/acuariosupremus\\\/?hl=es\"]}]}<\/script>\n<!-- \/ Yoast SEO plugin. -->","yoast_head_json":{"title":"Flourish Potassium 50 ml, Abono para plantas. | Acuario Supremus","description":"Flourish Potassium\u2122 es un fertilizante ideal para acuarios plantados que contiene 50.000 mg\/L de potasio, es uno de los elementos de vital importancia.","robots":{"index":"index","follow":"follow","max-snippet":"max-snippet:-1","max-image-preview":"max-image-preview:large","max-video-preview":"max-video-preview:-1"},"canonical":"https:\/\/acuariosupremus.com\/?product=flourish-potassium-50-ml-abono-para-plantas","og_locale":"es_MX","og_type":"article","og_title":"Flourish Potassium 50 ml, Abono para plantas. | Acuario Supremus","og_description":"Flourish Potassium\u2122 es un fertilizante ideal para acuarios plantados que contiene 50.000 mg\/L de potasio, es uno de los elementos de vital importancia.","og_url":"https:\/\/acuariosupremus.com\/?product=flourish-potassium-50-ml-abono-para-plantas","og_site_name":"Acuario Supremus","article_publisher":"https:\/\/www.facebook.com\/AcuarioSupremus","article_modified_time":"2025-12-29T23:26:01+00:00","og_image":[{"width":1250,"height":1250,"url":"https:\/\/acuariosupremus.com\/wp-content\/uploads\/2025\/05\/seachem_flourish_potassium_50-ml.jpg","type":"image\/jpeg"}],"twitter_card":"summary_large_image","twitter_site":"@AcuarioSupremus","twitter_misc":{"Tiempo de lectura":"1 minuto"},"schema":{"@context":"https:\/\/schema.org","@graph":[{"@type":"WebPage","@id":"https:\/\/acuariosupremus.com\/?product=flourish-potassium-50-ml-abono-para-plantas","url":"https:\/\/acuariosupremus.com\/?product=flourish-potassium-50-ml-abono-para-plantas","name":"Flourish Potassium 50 ml, Abono para plantas. | Acuario Supremus","isPartOf":{"@id":"https:\/\/acuariosupremus.com\/#website"},"primaryImageOfPage":{"@id":"https:\/\/acuariosupremus.com\/?product=flourish-potassium-50-ml-abono-para-plantas#primaryimage"},"image":{"@id":"https:\/\/acuariosupremus.com\/?product=flourish-potassium-50-ml-abono-para-plantas#primaryimage"},"thumbnailUrl":"https:\/\/acuariosupremus.com\/wp-content\/uploads\/2025\/05\/seachem_flourish_potassium_50-ml.jpg","datePublished":"2025-05-22T00:00:29+00:00","dateModified":"2025-12-29T23:26:01+00:00","description":"Flourish Potassium\u2122 es un fertilizante ideal para acuarios plantados que contiene 50.000 mg\/L de potasio, es uno de los elementos de vital importancia.","breadcrumb":{"@id":"https:\/\/acuariosupremus.com\/?product=flourish-potassium-50-ml-abono-para-plantas#breadcrumb"},"inLanguage":"es","potentialAction":[{"@type":"ReadAction","target":["https:\/\/acuariosupremus.com\/?product=flourish-potassium-50-ml-abono-para-plantas"]}]},{"@type":"ImageObject","inLanguage":"es","@id":"https:\/\/acuariosupremus.com\/?product=flourish-potassium-50-ml-abono-para-plantas#primaryimage","url":"https:\/\/acuariosupremus.com\/wp-content\/uploads\/2025\/05\/seachem_flourish_potassium_50-ml.jpg","contentUrl":"https:\/\/acuariosupremus.com\/wp-content\/uploads\/2025\/05\/seachem_flourish_potassium_50-ml.jpg","width":1250,"height":1250},{"@type":"BreadcrumbList","@id":"https:\/\/acuariosupremus.com\/?product=flourish-potassium-50-ml-abono-para-plantas#breadcrumb","itemListElement":[{"@type":"ListItem","position":1,"name":"Portada","item":"https:\/\/acuariosupremus.com\/"},{"@type":"ListItem","position":2,"name":"Tienda","item":"https:\/\/acuariosupremus.com\/tienda\/"},{"@type":"ListItem","position":3,"name":"Flourish Potassium 50 ml, Abono para plantas."}]},{"@type":"WebSite","@id":"https:\/\/acuariosupremus.com\/#website","url":"https:\/\/acuariosupremus.com\/","name":"Acuario Supremus","description":"Peces, Peceras y Mascotas.","publisher":{"@id":"https:\/\/acuariosupremus.com\/#organization"},"potentialAction":[{"@type":"SearchAction","target":{"@type":"EntryPoint","urlTemplate":"https:\/\/acuariosupremus.com\/?s={search_term_string}"},"query-input":{"@type":"PropertyValueSpecification","valueRequired":true,"valueName":"search_term_string"}}],"inLanguage":"es"},{"@type":"Organization","@id":"https:\/\/acuariosupremus.com\/#organization","name":"Acuario Supremus","url":"https:\/\/acuariosupremus.com\/","logo":{"@type":"ImageObject","inLanguage":"es","@id":"https:\/\/acuariosupremus.com\/#\/schema\/logo\/image\/","url":"https:\/\/acuariosupremus.com\/wp-content\/uploads\/2021\/12\/cropped-logo_acuario_supremus_fn-2.png","contentUrl":"https:\/\/acuariosupremus.com\/wp-content\/uploads\/2021\/12\/cropped-logo_acuario_supremus_fn-2.png","width":1000,"height":318,"caption":"Acuario Supremus"},"image":{"@id":"https:\/\/acuariosupremus.com\/#\/schema\/logo\/image\/"},"sameAs":["https:\/\/www.facebook.com\/AcuarioSupremus","https:\/\/x.com\/AcuarioSupremus","https:\/\/www.instagram.com\/acuariosupremus\/?hl=es"]}]}},"jetpack_sharing_enabled":true,"_links":{"self":[{"href":"https:\/\/acuariosupremus.com\/index.php?rest_route=\/wp\/v2\/product\/13808","targetHints":{"allow":["GET"]}}],"collection":[{"href":"https:\/\/acuariosupremus.com\/index.php?rest_route=\/wp\/v2\/product"}],"about":[{"href":"https:\/\/acuariosupremus.com\/index.php?rest_route=\/wp\/v2\/types\/product"}],"wp:featuredmedia":[{"embeddable":true,"href":"https:\/\/acuariosupremus.com\/index.php?rest_route=\/wp\/v2\/media\/13809"}],"wp:attachment":[{"href":"https:\/\/acuariosupremus.com\/index.php?rest_route=%2Fwp%2Fv2%2Fmedia&parent=13808"}],"wp:term":[{"taxonomy":"product_brand","embeddable":true,"href":"https:\/\/acuariosupremus.com\/index.php?rest_route=%2Fwp%2Fv2%2Fproduct_brand&post=13808"},{"taxonomy":"product_cat","embeddable":true,"href":"https:\/\/acuariosupremus.com\/index.php?rest_route=%2Fwp%2Fv2%2Fproduct_cat&post=13808"},{"taxonomy":"product_tag","embeddable":true,"href":"https:\/\/acuariosupremus.com\/index.php?rest_route=%2Fwp%2Fv2%2Fproduct_tag&post=13808"}],"curies":[{"name":"wp","href":"https:\/\/api.w.org\/{rel}","templated":true}]}}