{"id":13828,"date":"2025-05-21T19:27:19","date_gmt":"2025-05-22T01:27:19","guid":{"rendered":"https:\/\/acuariosupremus.com\/?post_type=product&#038;p=13828"},"modified":"2025-12-30T14:54:11","modified_gmt":"2025-12-30T20:54:11","slug":"fish-net-30cm-12-red-de-malla-fina","status":"publish","type":"product","link":"https:\/\/acuariosupremus.com\/?product=fish-net-30cm-12-red-de-malla-fina","title":{"rendered":"Fish Net 30cm \/ 12&#8243; red de malla fina"},"content":{"rendered":"<p><span class=\"fontstyle0\">El tejido es de color negro para provocar el enga\u00f1o de muchos peces, debido a la dificultad de estos para distinguir dicho color. Esta caracter\u00edstica propicia que los peces puedan ver la red como una posible \u201c\u00e1rea de fuga\u201d o escondite. Como herramienta de mantenimiento, tambi\u00e9n nos ofrece una gran eficacia colectando los restos de suciedad, realizando movimientos envolventes a lo largo de su acuario. El mango de la red est\u00e1 elaborado con un n\u00facleo de acero inoxidable reforzado con un tubo de pol\u00edmero muy r\u00edgido, resistente e inerte al agua. Este material ofrece una gran solidez adem\u00e1s de ligereza, resistencia a la corrosi\u00f3n y alta durabilidad. El extremo del mango cuenta con una c\u00f3moda asa de pl\u00e1stico r\u00edgido para facilitar la maniobra y control de la red a la hora de realizar su trabajo. Adem\u00e1s, este mango cuenta con un pr\u00e1ctico ojal para colgar convenientemente la red. Estas cualidades son muy apreciadas para un uso profesional, reduciendo la fatiga f\u00edsica al usarlo durante periodos prolongados.<\/span><\/p>\n<p>Producto: 12&#8243; Maya Fina, Tipo de Mango : Corto ,\u00a0 Medidas red: <span class=\"fontstyle0\">30 x 23 x 26<\/span><span class=\"fontstyle0\">\u00a0<\/span>(I x a x h mm), <span class=\"fontstyle0\">Tama\u00f1o : 52.5 x 30 x 1<\/span><span class=\"fontstyle0\">(l x a x h, mm) <\/span>Peso 140 (grs.)<\/p>\n","protected":false},"excerpt":{"rendered":"<p><span class=\"fontstyle0\">Redes para peces de acuario Seachem Fish Net<\/span><\/p>\n<p><span class=\"fontstyle0\">L\u00ednea de redes Premium para todo tipo de acuarios y estanques. Dos opciones de longitud en el mango para uso en acuarios profundos. Robusto, ligero y duradero. Mango reforzado con n\u00facleo de acero inoxidable. Con malla de color negro para facilitar la captura<\/span><\/p>\n","protected":false},"featured_media":13817,"template":"","meta":[],"product_brand":[123],"product_cat":[40,58],"product_tag":[238],"class_list":{"0":"post-13828","1":"product","2":"type-product","3":"status-publish","4":"has-post-thumbnail","6":"product_brand-seachem","7":"product_cat-peces","8":"product_cat-redes","9":"product_tag-red-malla-fina","11":"first","12":"instock","13":"sale","14":"shipping-taxable","15":"purchasable","16":"product-type-simple"},"yoast_head":"<!-- This site is optimized with the Yoast SEO plugin v27.4 - https:\/\/yoast.com\/product\/yoast-seo-wordpress\/ -->\n<title>Fish Net 30cm \/ 12&quot; red de malla fina | Acuario Supremus<\/title>\n<meta name=\"description\" content=\"La red de Seachem Fish Net con tejido de la red est\u00e1 formado por una malla de hilo reforzado nylon y mango elaborado con un n\u00facleo de acero inoxidable\" \/>\n<meta name=\"robots\" content=\"index, follow, max-snippet:-1, max-image-preview:large, max-video-preview:-1\" \/>\n<link rel=\"canonical\" href=\"https:\/\/acuariosupremus.com\/?product=fish-net-30cm-12-red-de-malla-fina\" \/>\n<meta property=\"og:locale\" content=\"es_MX\" \/>\n<meta property=\"og:type\" content=\"article\" \/>\n<meta property=\"og:title\" content=\"Fish Net 30cm \/ 12&quot; red de malla fina | Acuario Supremus\" \/>\n<meta property=\"og:description\" content=\"La red de Seachem Fish Net con tejido de la red est\u00e1 formado por una malla de hilo reforzado nylon y mango elaborado con un n\u00facleo de acero inoxidable\" \/>\n<meta property=\"og:url\" content=\"https:\/\/acuariosupremus.com\/?product=fish-net-30cm-12-red-de-malla-fina\" \/>\n<meta property=\"og:site_name\" content=\"Acuario Supremus\" \/>\n<meta property=\"article:publisher\" content=\"https:\/\/www.facebook.com\/AcuarioSupremus\" \/>\n<meta property=\"article:modified_time\" content=\"2025-12-30T20:54:11+00:00\" \/>\n<meta property=\"og:image\" content=\"https:\/\/acuariosupremus.com\/wp-content\/uploads\/2025\/05\/seachem_fish_net_01.jpg\" \/>\n\t<meta property=\"og:image:width\" content=\"1250\" \/>\n\t<meta property=\"og:image:height\" content=\"1250\" \/>\n\t<meta property=\"og:image:type\" content=\"image\/jpeg\" \/>\n<meta name=\"twitter:card\" content=\"summary_large_image\" \/>\n<meta name=\"twitter:site\" content=\"@AcuarioSupremus\" \/>\n<meta name=\"twitter:label1\" content=\"Tiempo de lectura\" \/>\n\t<meta name=\"twitter:data1\" content=\"2 minutos\" \/>\n<script type=\"application\/ld+json\" class=\"yoast-schema-graph\">{\"@context\":\"https:\\\/\\\/schema.org\",\"@graph\":[{\"@type\":\"WebPage\",\"@id\":\"https:\\\/\\\/acuariosupremus.com\\\/?product=fish-net-30cm-12-red-de-malla-fina\",\"url\":\"https:\\\/\\\/acuariosupremus.com\\\/?product=fish-net-30cm-12-red-de-malla-fina\",\"name\":\"Fish Net 30cm \\\/ 12\\\" red de malla fina | Acuario Supremus\",\"isPartOf\":{\"@id\":\"https:\\\/\\\/acuariosupremus.com\\\/#website\"},\"primaryImageOfPage\":{\"@id\":\"https:\\\/\\\/acuariosupremus.com\\\/?product=fish-net-30cm-12-red-de-malla-fina#primaryimage\"},\"image\":{\"@id\":\"https:\\\/\\\/acuariosupremus.com\\\/?product=fish-net-30cm-12-red-de-malla-fina#primaryimage\"},\"thumbnailUrl\":\"https:\\\/\\\/acuariosupremus.com\\\/wp-content\\\/uploads\\\/2025\\\/05\\\/seachem_fish_net_01.jpg\",\"datePublished\":\"2025-05-22T01:27:19+00:00\",\"dateModified\":\"2025-12-30T20:54:11+00:00\",\"description\":\"La red de Seachem Fish Net con tejido de la red est\u00e1 formado por una malla de hilo reforzado nylon y mango elaborado con un n\u00facleo de acero inoxidable\",\"breadcrumb\":{\"@id\":\"https:\\\/\\\/acuariosupremus.com\\\/?product=fish-net-30cm-12-red-de-malla-fina#breadcrumb\"},\"inLanguage\":\"es\",\"potentialAction\":[{\"@type\":\"ReadAction\",\"target\":[\"https:\\\/\\\/acuariosupremus.com\\\/?product=fish-net-30cm-12-red-de-malla-fina\"]}]},{\"@type\":\"ImageObject\",\"inLanguage\":\"es\",\"@id\":\"https:\\\/\\\/acuariosupremus.com\\\/?product=fish-net-30cm-12-red-de-malla-fina#primaryimage\",\"url\":\"https:\\\/\\\/acuariosupremus.com\\\/wp-content\\\/uploads\\\/2025\\\/05\\\/seachem_fish_net_01.jpg\",\"contentUrl\":\"https:\\\/\\\/acuariosupremus.com\\\/wp-content\\\/uploads\\\/2025\\\/05\\\/seachem_fish_net_01.jpg\",\"width\":1250,\"height\":1250},{\"@type\":\"BreadcrumbList\",\"@id\":\"https:\\\/\\\/acuariosupremus.com\\\/?product=fish-net-30cm-12-red-de-malla-fina#breadcrumb\",\"itemListElement\":[{\"@type\":\"ListItem\",\"position\":1,\"name\":\"Portada\",\"item\":\"https:\\\/\\\/acuariosupremus.com\\\/\"},{\"@type\":\"ListItem\",\"position\":2,\"name\":\"Tienda\",\"item\":\"https:\\\/\\\/acuariosupremus.com\\\/tienda\\\/\"},{\"@type\":\"ListItem\",\"position\":3,\"name\":\"Fish Net 30cm \\\/ 12&#8243; red de malla fina\"}]},{\"@type\":\"WebSite\",\"@id\":\"https:\\\/\\\/acuariosupremus.com\\\/#website\",\"url\":\"https:\\\/\\\/acuariosupremus.com\\\/\",\"name\":\"Acuario Supremus\",\"description\":\"Peces, Peceras y Mascotas.\",\"publisher\":{\"@id\":\"https:\\\/\\\/acuariosupremus.com\\\/#organization\"},\"potentialAction\":[{\"@type\":\"SearchAction\",\"target\":{\"@type\":\"EntryPoint\",\"urlTemplate\":\"https:\\\/\\\/acuariosupremus.com\\\/?s={search_term_string}\"},\"query-input\":{\"@type\":\"PropertyValueSpecification\",\"valueRequired\":true,\"valueName\":\"search_term_string\"}}],\"inLanguage\":\"es\"},{\"@type\":\"Organization\",\"@id\":\"https:\\\/\\\/acuariosupremus.com\\\/#organization\",\"name\":\"Acuario Supremus\",\"url\":\"https:\\\/\\\/acuariosupremus.com\\\/\",\"logo\":{\"@type\":\"ImageObject\",\"inLanguage\":\"es\",\"@id\":\"https:\\\/\\\/acuariosupremus.com\\\/#\\\/schema\\\/logo\\\/image\\\/\",\"url\":\"https:\\\/\\\/acuariosupremus.com\\\/wp-content\\\/uploads\\\/2021\\\/12\\\/cropped-logo_acuario_supremus_fn-2.png\",\"contentUrl\":\"https:\\\/\\\/acuariosupremus.com\\\/wp-content\\\/uploads\\\/2021\\\/12\\\/cropped-logo_acuario_supremus_fn-2.png\",\"width\":1000,\"height\":318,\"caption\":\"Acuario Supremus\"},\"image\":{\"@id\":\"https:\\\/\\\/acuariosupremus.com\\\/#\\\/schema\\\/logo\\\/image\\\/\"},\"sameAs\":[\"https:\\\/\\\/www.facebook.com\\\/AcuarioSupremus\",\"https:\\\/\\\/x.com\\\/AcuarioSupremus\",\"https:\\\/\\\/www.instagram.com\\\/acuariosupremus\\\/?hl=es\"]}]}<\/script>\n<!-- \/ Yoast SEO plugin. -->","yoast_head_json":{"title":"Fish Net 30cm \/ 12\" red de malla fina | Acuario Supremus","description":"La red de Seachem Fish Net con tejido de la red est\u00e1 formado por una malla de hilo reforzado nylon y mango elaborado con un n\u00facleo de acero inoxidable","robots":{"index":"index","follow":"follow","max-snippet":"max-snippet:-1","max-image-preview":"max-image-preview:large","max-video-preview":"max-video-preview:-1"},"canonical":"https:\/\/acuariosupremus.com\/?product=fish-net-30cm-12-red-de-malla-fina","og_locale":"es_MX","og_type":"article","og_title":"Fish Net 30cm \/ 12\" red de malla fina | Acuario Supremus","og_description":"La red de Seachem Fish Net con tejido de la red est\u00e1 formado por una malla de hilo reforzado nylon y mango elaborado con un n\u00facleo de acero inoxidable","og_url":"https:\/\/acuariosupremus.com\/?product=fish-net-30cm-12-red-de-malla-fina","og_site_name":"Acuario Supremus","article_publisher":"https:\/\/www.facebook.com\/AcuarioSupremus","article_modified_time":"2025-12-30T20:54:11+00:00","og_image":[{"width":1250,"height":1250,"url":"https:\/\/acuariosupremus.com\/wp-content\/uploads\/2025\/05\/seachem_fish_net_01.jpg","type":"image\/jpeg"}],"twitter_card":"summary_large_image","twitter_site":"@AcuarioSupremus","twitter_misc":{"Tiempo de lectura":"2 minutos"},"schema":{"@context":"https:\/\/schema.org","@graph":[{"@type":"WebPage","@id":"https:\/\/acuariosupremus.com\/?product=fish-net-30cm-12-red-de-malla-fina","url":"https:\/\/acuariosupremus.com\/?product=fish-net-30cm-12-red-de-malla-fina","name":"Fish Net 30cm \/ 12\" red de malla fina | Acuario Supremus","isPartOf":{"@id":"https:\/\/acuariosupremus.com\/#website"},"primaryImageOfPage":{"@id":"https:\/\/acuariosupremus.com\/?product=fish-net-30cm-12-red-de-malla-fina#primaryimage"},"image":{"@id":"https:\/\/acuariosupremus.com\/?product=fish-net-30cm-12-red-de-malla-fina#primaryimage"},"thumbnailUrl":"https:\/\/acuariosupremus.com\/wp-content\/uploads\/2025\/05\/seachem_fish_net_01.jpg","datePublished":"2025-05-22T01:27:19+00:00","dateModified":"2025-12-30T20:54:11+00:00","description":"La red de Seachem Fish Net con tejido de la red est\u00e1 formado por una malla de hilo reforzado nylon y mango elaborado con un n\u00facleo de acero inoxidable","breadcrumb":{"@id":"https:\/\/acuariosupremus.com\/?product=fish-net-30cm-12-red-de-malla-fina#breadcrumb"},"inLanguage":"es","potentialAction":[{"@type":"ReadAction","target":["https:\/\/acuariosupremus.com\/?product=fish-net-30cm-12-red-de-malla-fina"]}]},{"@type":"ImageObject","inLanguage":"es","@id":"https:\/\/acuariosupremus.com\/?product=fish-net-30cm-12-red-de-malla-fina#primaryimage","url":"https:\/\/acuariosupremus.com\/wp-content\/uploads\/2025\/05\/seachem_fish_net_01.jpg","contentUrl":"https:\/\/acuariosupremus.com\/wp-content\/uploads\/2025\/05\/seachem_fish_net_01.jpg","width":1250,"height":1250},{"@type":"BreadcrumbList","@id":"https:\/\/acuariosupremus.com\/?product=fish-net-30cm-12-red-de-malla-fina#breadcrumb","itemListElement":[{"@type":"ListItem","position":1,"name":"Portada","item":"https:\/\/acuariosupremus.com\/"},{"@type":"ListItem","position":2,"name":"Tienda","item":"https:\/\/acuariosupremus.com\/tienda\/"},{"@type":"ListItem","position":3,"name":"Fish Net 30cm \/ 12&#8243; red de malla fina"}]},{"@type":"WebSite","@id":"https:\/\/acuariosupremus.com\/#website","url":"https:\/\/acuariosupremus.com\/","name":"Acuario Supremus","description":"Peces, Peceras y Mascotas.","publisher":{"@id":"https:\/\/acuariosupremus.com\/#organization"},"potentialAction":[{"@type":"SearchAction","target":{"@type":"EntryPoint","urlTemplate":"https:\/\/acuariosupremus.com\/?s={search_term_string}"},"query-input":{"@type":"PropertyValueSpecification","valueRequired":true,"valueName":"search_term_string"}}],"inLanguage":"es"},{"@type":"Organization","@id":"https:\/\/acuariosupremus.com\/#organization","name":"Acuario Supremus","url":"https:\/\/acuariosupremus.com\/","logo":{"@type":"ImageObject","inLanguage":"es","@id":"https:\/\/acuariosupremus.com\/#\/schema\/logo\/image\/","url":"https:\/\/acuariosupremus.com\/wp-content\/uploads\/2021\/12\/cropped-logo_acuario_supremus_fn-2.png","contentUrl":"https:\/\/acuariosupremus.com\/wp-content\/uploads\/2021\/12\/cropped-logo_acuario_supremus_fn-2.png","width":1000,"height":318,"caption":"Acuario Supremus"},"image":{"@id":"https:\/\/acuariosupremus.com\/#\/schema\/logo\/image\/"},"sameAs":["https:\/\/www.facebook.com\/AcuarioSupremus","https:\/\/x.com\/AcuarioSupremus","https:\/\/www.instagram.com\/acuariosupremus\/?hl=es"]}]}},"jetpack_sharing_enabled":true,"_links":{"self":[{"href":"https:\/\/acuariosupremus.com\/index.php?rest_route=\/wp\/v2\/product\/13828","targetHints":{"allow":["GET"]}}],"collection":[{"href":"https:\/\/acuariosupremus.com\/index.php?rest_route=\/wp\/v2\/product"}],"about":[{"href":"https:\/\/acuariosupremus.com\/index.php?rest_route=\/wp\/v2\/types\/product"}],"wp:featuredmedia":[{"embeddable":true,"href":"https:\/\/acuariosupremus.com\/index.php?rest_route=\/wp\/v2\/media\/13817"}],"wp:attachment":[{"href":"https:\/\/acuariosupremus.com\/index.php?rest_route=%2Fwp%2Fv2%2Fmedia&parent=13828"}],"wp:term":[{"taxonomy":"product_brand","embeddable":true,"href":"https:\/\/acuariosupremus.com\/index.php?rest_route=%2Fwp%2Fv2%2Fproduct_brand&post=13828"},{"taxonomy":"product_cat","embeddable":true,"href":"https:\/\/acuariosupremus.com\/index.php?rest_route=%2Fwp%2Fv2%2Fproduct_cat&post=13828"},{"taxonomy":"product_tag","embeddable":true,"href":"https:\/\/acuariosupremus.com\/index.php?rest_route=%2Fwp%2Fv2%2Fproduct_tag&post=13828"}],"curies":[{"name":"wp","href":"https:\/\/api.w.org\/{rel}","templated":true}]}}