{"id":13831,"date":"2025-05-21T19:50:53","date_gmt":"2025-05-22T01:50:53","guid":{"rendered":"https:\/\/acuariosupremus.com\/?post_type=product&#038;p=13831"},"modified":"2025-12-20T19:12:17","modified_gmt":"2025-12-21T01:12:17","slug":"aquavitro-balance-150-ml","status":"publish","type":"product","link":"https:\/\/acuariosupremus.com\/?product=aquavitro-balance-150-ml","title":{"rendered":"Aquavitro balance 150 ml."},"content":{"rendered":"<p>Una situaci\u00f3n frecuente en los sistemas de arrecife es un pH bajo, mientras el calcio y la alcalinidad est\u00e1n en niveles \u00f3ptimos. Una de las principales razones para esto es una proporci\u00f3n impropia entre carbonatos y bicarbonatos. Esta proporci\u00f3n del tamp\u00f3n o b\u00fafer cambia como consecuencia de la habilidad natural de este para contrarrestar fuentes acidificantes, como los \u00e1cidos org\u00e1nicos (producidos naturalmente a partir de los residuos), o introducidos mediante la adicci\u00f3n de aditivos sin control de pH. Balance\u2122 reinstaura esta proporci\u00f3n convirtiendo bicarbonato en carbonato para obtener un pH m\u00e1s alto sin afectar al nivel de Calcio. Instrucciones: La cantidad de balance\u2122 necesaria para elevar pH hasta el nivel deseado puede variar ampliamente, dependiendo de la capacidad de b\u00fafer y la calidad del agua del acuario. Como referencia, un tap\u00f3n roscado interior (7 ml) puede tratar 75 Litros (20 galones*) de agua salada para elevar 0.1 unidades de pH.<br \/>\nNota: Cada hilo del tap\u00f3n roscado interior contiene aproximadamente 2 ml. Un tap\u00f3n lleno contiene 49 mL.<br \/>\nA\u00f1adir balance\u2122 en peque\u00f1as d\u00f3sis y medir el pH, pasados al menos 3 minutos, antes de realizar nuevos incrementos. Balance\u2122 puede ser usado diariamente y a los pocos minutos de Calcification\u2122, Eight.four\u2122, e Ions\u2122. Use Seachem\u2019s MultiTest\u2122: Marine pH &amp; Alkalinity kit para comprobar el pH.<br \/>\nCUIDADO! \u00a1PRODUCTO C\u00c1USTICO! \u00a1En caso de contacto, lave la piel inmediatamente!<\/p>\n<p>capacidad <strong>150 ml.<\/strong><\/p>\n","protected":false},"excerpt":{"rendered":"<p>Balance \u2122 es una mezcla optimizada de Sodio e hidr\u00f3xidos de Potasio con una proporci\u00f3n igual al agua natural del mar (NSW 27:1) de Sodio con respecto al Potasio, evitando un desequilibrio i\u00f3nico a largo plazo.<\/p>\n","protected":false},"featured_media":13832,"template":"","meta":[],"product_brand":[125],"product_cat":[40,94],"product_tag":[178,533],"class_list":{"0":"post-13831","1":"product","2":"type-product","3":"status-publish","4":"has-post-thumbnail","6":"product_brand-aquavitro","7":"product_cat-peces","8":"product_cat-arrecife","9":"product_tag-arrecife","10":"product_tag-carbonatos-marinos","12":"first","13":"instock","14":"sale","15":"shipping-taxable","16":"purchasable","17":"product-type-simple"},"yoast_head":"<!-- This site is optimized with the Yoast SEO plugin v27.4 - https:\/\/yoast.com\/product\/yoast-seo-wordpress\/ -->\n<title>Aquavitro balance 150 ml. | Acuario Supremus<\/title>\n<meta name=\"description\" content=\"Balance \u2122 es una mezcla optimizada de Sodio e hidr\u00f3xidos de Potasio con una proporci\u00f3n igual al agua natural del mar, evitando un desequilibrio i\u00f3nico.\" \/>\n<meta name=\"robots\" content=\"index, follow, max-snippet:-1, max-image-preview:large, max-video-preview:-1\" \/>\n<link rel=\"canonical\" href=\"https:\/\/acuariosupremus.com\/?product=aquavitro-balance-150-ml\" \/>\n<meta property=\"og:locale\" content=\"es_MX\" \/>\n<meta property=\"og:type\" content=\"article\" \/>\n<meta property=\"og:title\" content=\"Aquavitro balance 150 ml. | Acuario Supremus\" \/>\n<meta property=\"og:description\" content=\"Balance \u2122 es una mezcla optimizada de Sodio e hidr\u00f3xidos de Potasio con una proporci\u00f3n igual al agua natural del mar, evitando un desequilibrio i\u00f3nico.\" \/>\n<meta property=\"og:url\" content=\"https:\/\/acuariosupremus.com\/?product=aquavitro-balance-150-ml\" \/>\n<meta property=\"og:site_name\" content=\"Acuario Supremus\" \/>\n<meta property=\"article:publisher\" content=\"https:\/\/www.facebook.com\/AcuarioSupremus\" \/>\n<meta property=\"article:modified_time\" content=\"2025-12-21T01:12:17+00:00\" \/>\n<meta property=\"og:image\" content=\"https:\/\/acuariosupremus.com\/wp-content\/uploads\/2025\/05\/aquavitro_balance_150ml.jpg\" \/>\n\t<meta property=\"og:image:width\" content=\"1250\" \/>\n\t<meta property=\"og:image:height\" content=\"1250\" \/>\n\t<meta property=\"og:image:type\" content=\"image\/jpeg\" \/>\n<meta name=\"twitter:card\" content=\"summary_large_image\" \/>\n<meta name=\"twitter:site\" content=\"@AcuarioSupremus\" \/>\n<meta name=\"twitter:label1\" content=\"Tiempo de lectura\" \/>\n\t<meta name=\"twitter:data1\" content=\"2 minutos\" \/>\n<script type=\"application\/ld+json\" class=\"yoast-schema-graph\">{\"@context\":\"https:\\\/\\\/schema.org\",\"@graph\":[{\"@type\":\"WebPage\",\"@id\":\"https:\\\/\\\/acuariosupremus.com\\\/?product=aquavitro-balance-150-ml\",\"url\":\"https:\\\/\\\/acuariosupremus.com\\\/?product=aquavitro-balance-150-ml\",\"name\":\"Aquavitro balance 150 ml. | Acuario Supremus\",\"isPartOf\":{\"@id\":\"https:\\\/\\\/acuariosupremus.com\\\/#website\"},\"primaryImageOfPage\":{\"@id\":\"https:\\\/\\\/acuariosupremus.com\\\/?product=aquavitro-balance-150-ml#primaryimage\"},\"image\":{\"@id\":\"https:\\\/\\\/acuariosupremus.com\\\/?product=aquavitro-balance-150-ml#primaryimage\"},\"thumbnailUrl\":\"https:\\\/\\\/acuariosupremus.com\\\/wp-content\\\/uploads\\\/2025\\\/05\\\/aquavitro_balance_150ml.jpg\",\"datePublished\":\"2025-05-22T01:50:53+00:00\",\"dateModified\":\"2025-12-21T01:12:17+00:00\",\"description\":\"Balance \u2122 es una mezcla optimizada de Sodio e hidr\u00f3xidos de Potasio con una proporci\u00f3n igual al agua natural del mar, evitando un desequilibrio i\u00f3nico.\",\"breadcrumb\":{\"@id\":\"https:\\\/\\\/acuariosupremus.com\\\/?product=aquavitro-balance-150-ml#breadcrumb\"},\"inLanguage\":\"es\",\"potentialAction\":[{\"@type\":\"ReadAction\",\"target\":[\"https:\\\/\\\/acuariosupremus.com\\\/?product=aquavitro-balance-150-ml\"]}]},{\"@type\":\"ImageObject\",\"inLanguage\":\"es\",\"@id\":\"https:\\\/\\\/acuariosupremus.com\\\/?product=aquavitro-balance-150-ml#primaryimage\",\"url\":\"https:\\\/\\\/acuariosupremus.com\\\/wp-content\\\/uploads\\\/2025\\\/05\\\/aquavitro_balance_150ml.jpg\",\"contentUrl\":\"https:\\\/\\\/acuariosupremus.com\\\/wp-content\\\/uploads\\\/2025\\\/05\\\/aquavitro_balance_150ml.jpg\",\"width\":1250,\"height\":1250},{\"@type\":\"BreadcrumbList\",\"@id\":\"https:\\\/\\\/acuariosupremus.com\\\/?product=aquavitro-balance-150-ml#breadcrumb\",\"itemListElement\":[{\"@type\":\"ListItem\",\"position\":1,\"name\":\"Portada\",\"item\":\"https:\\\/\\\/acuariosupremus.com\\\/\"},{\"@type\":\"ListItem\",\"position\":2,\"name\":\"Tienda\",\"item\":\"https:\\\/\\\/acuariosupremus.com\\\/tienda\\\/\"},{\"@type\":\"ListItem\",\"position\":3,\"name\":\"Aquavitro balance 150 ml.\"}]},{\"@type\":\"WebSite\",\"@id\":\"https:\\\/\\\/acuariosupremus.com\\\/#website\",\"url\":\"https:\\\/\\\/acuariosupremus.com\\\/\",\"name\":\"Acuario Supremus\",\"description\":\"Peces, Peceras y Mascotas.\",\"publisher\":{\"@id\":\"https:\\\/\\\/acuariosupremus.com\\\/#organization\"},\"potentialAction\":[{\"@type\":\"SearchAction\",\"target\":{\"@type\":\"EntryPoint\",\"urlTemplate\":\"https:\\\/\\\/acuariosupremus.com\\\/?s={search_term_string}\"},\"query-input\":{\"@type\":\"PropertyValueSpecification\",\"valueRequired\":true,\"valueName\":\"search_term_string\"}}],\"inLanguage\":\"es\"},{\"@type\":\"Organization\",\"@id\":\"https:\\\/\\\/acuariosupremus.com\\\/#organization\",\"name\":\"Acuario Supremus\",\"url\":\"https:\\\/\\\/acuariosupremus.com\\\/\",\"logo\":{\"@type\":\"ImageObject\",\"inLanguage\":\"es\",\"@id\":\"https:\\\/\\\/acuariosupremus.com\\\/#\\\/schema\\\/logo\\\/image\\\/\",\"url\":\"https:\\\/\\\/acuariosupremus.com\\\/wp-content\\\/uploads\\\/2021\\\/12\\\/cropped-logo_acuario_supremus_fn-2.png\",\"contentUrl\":\"https:\\\/\\\/acuariosupremus.com\\\/wp-content\\\/uploads\\\/2021\\\/12\\\/cropped-logo_acuario_supremus_fn-2.png\",\"width\":1000,\"height\":318,\"caption\":\"Acuario Supremus\"},\"image\":{\"@id\":\"https:\\\/\\\/acuariosupremus.com\\\/#\\\/schema\\\/logo\\\/image\\\/\"},\"sameAs\":[\"https:\\\/\\\/www.facebook.com\\\/AcuarioSupremus\",\"https:\\\/\\\/x.com\\\/AcuarioSupremus\",\"https:\\\/\\\/www.instagram.com\\\/acuariosupremus\\\/?hl=es\"]}]}<\/script>\n<!-- \/ Yoast SEO plugin. -->","yoast_head_json":{"title":"Aquavitro balance 150 ml. | Acuario Supremus","description":"Balance \u2122 es una mezcla optimizada de Sodio e hidr\u00f3xidos de Potasio con una proporci\u00f3n igual al agua natural del mar, evitando un desequilibrio i\u00f3nico.","robots":{"index":"index","follow":"follow","max-snippet":"max-snippet:-1","max-image-preview":"max-image-preview:large","max-video-preview":"max-video-preview:-1"},"canonical":"https:\/\/acuariosupremus.com\/?product=aquavitro-balance-150-ml","og_locale":"es_MX","og_type":"article","og_title":"Aquavitro balance 150 ml. | Acuario Supremus","og_description":"Balance \u2122 es una mezcla optimizada de Sodio e hidr\u00f3xidos de Potasio con una proporci\u00f3n igual al agua natural del mar, evitando un desequilibrio i\u00f3nico.","og_url":"https:\/\/acuariosupremus.com\/?product=aquavitro-balance-150-ml","og_site_name":"Acuario Supremus","article_publisher":"https:\/\/www.facebook.com\/AcuarioSupremus","article_modified_time":"2025-12-21T01:12:17+00:00","og_image":[{"width":1250,"height":1250,"url":"https:\/\/acuariosupremus.com\/wp-content\/uploads\/2025\/05\/aquavitro_balance_150ml.jpg","type":"image\/jpeg"}],"twitter_card":"summary_large_image","twitter_site":"@AcuarioSupremus","twitter_misc":{"Tiempo de lectura":"2 minutos"},"schema":{"@context":"https:\/\/schema.org","@graph":[{"@type":"WebPage","@id":"https:\/\/acuariosupremus.com\/?product=aquavitro-balance-150-ml","url":"https:\/\/acuariosupremus.com\/?product=aquavitro-balance-150-ml","name":"Aquavitro balance 150 ml. | Acuario Supremus","isPartOf":{"@id":"https:\/\/acuariosupremus.com\/#website"},"primaryImageOfPage":{"@id":"https:\/\/acuariosupremus.com\/?product=aquavitro-balance-150-ml#primaryimage"},"image":{"@id":"https:\/\/acuariosupremus.com\/?product=aquavitro-balance-150-ml#primaryimage"},"thumbnailUrl":"https:\/\/acuariosupremus.com\/wp-content\/uploads\/2025\/05\/aquavitro_balance_150ml.jpg","datePublished":"2025-05-22T01:50:53+00:00","dateModified":"2025-12-21T01:12:17+00:00","description":"Balance \u2122 es una mezcla optimizada de Sodio e hidr\u00f3xidos de Potasio con una proporci\u00f3n igual al agua natural del mar, evitando un desequilibrio i\u00f3nico.","breadcrumb":{"@id":"https:\/\/acuariosupremus.com\/?product=aquavitro-balance-150-ml#breadcrumb"},"inLanguage":"es","potentialAction":[{"@type":"ReadAction","target":["https:\/\/acuariosupremus.com\/?product=aquavitro-balance-150-ml"]}]},{"@type":"ImageObject","inLanguage":"es","@id":"https:\/\/acuariosupremus.com\/?product=aquavitro-balance-150-ml#primaryimage","url":"https:\/\/acuariosupremus.com\/wp-content\/uploads\/2025\/05\/aquavitro_balance_150ml.jpg","contentUrl":"https:\/\/acuariosupremus.com\/wp-content\/uploads\/2025\/05\/aquavitro_balance_150ml.jpg","width":1250,"height":1250},{"@type":"BreadcrumbList","@id":"https:\/\/acuariosupremus.com\/?product=aquavitro-balance-150-ml#breadcrumb","itemListElement":[{"@type":"ListItem","position":1,"name":"Portada","item":"https:\/\/acuariosupremus.com\/"},{"@type":"ListItem","position":2,"name":"Tienda","item":"https:\/\/acuariosupremus.com\/tienda\/"},{"@type":"ListItem","position":3,"name":"Aquavitro balance 150 ml."}]},{"@type":"WebSite","@id":"https:\/\/acuariosupremus.com\/#website","url":"https:\/\/acuariosupremus.com\/","name":"Acuario Supremus","description":"Peces, Peceras y Mascotas.","publisher":{"@id":"https:\/\/acuariosupremus.com\/#organization"},"potentialAction":[{"@type":"SearchAction","target":{"@type":"EntryPoint","urlTemplate":"https:\/\/acuariosupremus.com\/?s={search_term_string}"},"query-input":{"@type":"PropertyValueSpecification","valueRequired":true,"valueName":"search_term_string"}}],"inLanguage":"es"},{"@type":"Organization","@id":"https:\/\/acuariosupremus.com\/#organization","name":"Acuario Supremus","url":"https:\/\/acuariosupremus.com\/","logo":{"@type":"ImageObject","inLanguage":"es","@id":"https:\/\/acuariosupremus.com\/#\/schema\/logo\/image\/","url":"https:\/\/acuariosupremus.com\/wp-content\/uploads\/2021\/12\/cropped-logo_acuario_supremus_fn-2.png","contentUrl":"https:\/\/acuariosupremus.com\/wp-content\/uploads\/2021\/12\/cropped-logo_acuario_supremus_fn-2.png","width":1000,"height":318,"caption":"Acuario Supremus"},"image":{"@id":"https:\/\/acuariosupremus.com\/#\/schema\/logo\/image\/"},"sameAs":["https:\/\/www.facebook.com\/AcuarioSupremus","https:\/\/x.com\/AcuarioSupremus","https:\/\/www.instagram.com\/acuariosupremus\/?hl=es"]}]}},"jetpack_sharing_enabled":true,"_links":{"self":[{"href":"https:\/\/acuariosupremus.com\/index.php?rest_route=\/wp\/v2\/product\/13831","targetHints":{"allow":["GET"]}}],"collection":[{"href":"https:\/\/acuariosupremus.com\/index.php?rest_route=\/wp\/v2\/product"}],"about":[{"href":"https:\/\/acuariosupremus.com\/index.php?rest_route=\/wp\/v2\/types\/product"}],"wp:featuredmedia":[{"embeddable":true,"href":"https:\/\/acuariosupremus.com\/index.php?rest_route=\/wp\/v2\/media\/13832"}],"wp:attachment":[{"href":"https:\/\/acuariosupremus.com\/index.php?rest_route=%2Fwp%2Fv2%2Fmedia&parent=13831"}],"wp:term":[{"taxonomy":"product_brand","embeddable":true,"href":"https:\/\/acuariosupremus.com\/index.php?rest_route=%2Fwp%2Fv2%2Fproduct_brand&post=13831"},{"taxonomy":"product_cat","embeddable":true,"href":"https:\/\/acuariosupremus.com\/index.php?rest_route=%2Fwp%2Fv2%2Fproduct_cat&post=13831"},{"taxonomy":"product_tag","embeddable":true,"href":"https:\/\/acuariosupremus.com\/index.php?rest_route=%2Fwp%2Fv2%2Fproduct_tag&post=13831"}],"curies":[{"name":"wp","href":"https:\/\/api.w.org\/{rel}","templated":true}]}}