{"id":13833,"date":"2025-05-21T19:53:59","date_gmt":"2025-05-22T01:53:59","guid":{"rendered":"https:\/\/acuariosupremus.com\/?post_type=product&#038;p=13833"},"modified":"2025-12-20T19:13:36","modified_gmt":"2025-12-21T01:13:36","slug":"aquavitro-alpha-150-ml","status":"publish","type":"product","link":"https:\/\/acuariosupremus.com\/?product=aquavitro-alpha-150-ml","title":{"rendered":"Aquavitro alpha 150 ml."},"content":{"rendered":"<p>alpha\u2122<br \/>\npuede ser usado durante el ciclado del acuario para reducir la toxicidad del Amoniaco y Nitrito. Alpha\u2122 destoxifica nitrito y nitrato, haciendo al filtro biol\u00f3gico m\u00e1s eficiente para eliminarlos. Alpha\u2122 tambi\u00e9n promueve la producci\u00f3n y regeneraci\u00f3n de la mucosa protectora natural de los peces. Alpha\u2122 no es un \u00e1cido y no impacta sobre el pH ni puede sobre activar el separador de urea. Util\u00edcese en el inicio del ciclo del acuario y cuando se cambie o a\u00f1ada agua.<br \/>\nInstrucciones: Use la pipeta incluida para dosificar. Llena hasta la base del bulbo, la pipeta contiene 1 ml. 1 ml. trata 60 L (15 galones*).<br \/>\nNota: Un tap\u00f3n roscado interior contiene 7 ml. Un tap\u00f3n lleno contiene 49 ml. Esta dosis elimina 0.8 mg\/l. de Amoniaco, 1.2 mg\/L de cloramina, o 3.3 mg\/l de Cloro. Alpha\u2122 puede ser a\u00f1adido directamente al acuario, pero es mejor si se a\u00f1ade al agua nueva previamente. Si es a\u00f1adido directamente al acuario, calcule la dosis en base al volumen del acuario. Un olor a sulfuro es normal. Para concentraciones excepcionalmente altas de cloramina se puede usar doble dosis. Para destoxificar nitrito en una emergencia puede ser usada una dosis de hasta 4 veces la dosis normal. Si la temperatura es &gt; 30 \u00baC (86 \u00baF) y los niveles de cloro y amoniaco son bajos, use media dosis.<\/p>\n<p>capacidad <strong>150 ml.<\/strong><\/p>\n","protected":false},"excerpt":{"rendered":"<p>Alpha\u2122 es un acondicionador concentrado para agua salada. Es, al menos, un 50% m\u00e1s activo que los acondicionadores de agua de la competencia. Alpha\u2122 elimina Cloro, cloramina y Amoniaco. Convierte Amoniaco a una forma segura y no t\u00f3xica que ser\u00e1 usada por bacterias beneficiosas y otros habitantes del arrecife, como las almejas.<\/p>\n","protected":false},"featured_media":13834,"template":"","meta":[],"product_brand":[125],"product_cat":[40,94],"product_tag":[534,178],"class_list":{"0":"post-13833","1":"product","2":"type-product","3":"status-publish","4":"has-post-thumbnail","6":"product_brand-aquavitro","7":"product_cat-peces","8":"product_cat-arrecife","9":"product_tag-acondicionador-pro-arrecife","10":"product_tag-arrecife","12":"first","13":"instock","14":"sale","15":"shipping-taxable","16":"purchasable","17":"product-type-simple"},"yoast_head":"<!-- This site is optimized with the Yoast SEO plugin v27.4 - https:\/\/yoast.com\/product\/yoast-seo-wordpress\/ -->\n<title>Aquavitro alpha 150 ml. | Acuario Supremus<\/title>\n<meta name=\"description\" content=\"Alpha\u2122 elimina Cloro, cloramina. Convierte Amoniaco a una forma segura y no t\u00f3xica que ser\u00e1 usada por bacterias beneficiosas y otros habitantes del arrecife,\" \/>\n<meta name=\"robots\" content=\"index, follow, max-snippet:-1, max-image-preview:large, max-video-preview:-1\" \/>\n<link rel=\"canonical\" href=\"https:\/\/acuariosupremus.com\/?product=aquavitro-alpha-150-ml\" \/>\n<meta property=\"og:locale\" content=\"es_MX\" \/>\n<meta property=\"og:type\" content=\"article\" \/>\n<meta property=\"og:title\" content=\"Aquavitro alpha 150 ml. | Acuario Supremus\" \/>\n<meta property=\"og:description\" content=\"Alpha\u2122 elimina Cloro, cloramina. Convierte Amoniaco a una forma segura y no t\u00f3xica que ser\u00e1 usada por bacterias beneficiosas y otros habitantes del arrecife,\" \/>\n<meta property=\"og:url\" content=\"https:\/\/acuariosupremus.com\/?product=aquavitro-alpha-150-ml\" \/>\n<meta property=\"og:site_name\" content=\"Acuario Supremus\" \/>\n<meta property=\"article:publisher\" content=\"https:\/\/www.facebook.com\/AcuarioSupremus\" \/>\n<meta property=\"article:modified_time\" content=\"2025-12-21T01:13:36+00:00\" \/>\n<meta property=\"og:image\" content=\"https:\/\/acuariosupremus.com\/wp-content\/uploads\/2025\/05\/aquavitro_alpha_150-ml.jpg\" \/>\n\t<meta property=\"og:image:width\" content=\"1250\" \/>\n\t<meta property=\"og:image:height\" content=\"1250\" \/>\n\t<meta property=\"og:image:type\" content=\"image\/jpeg\" \/>\n<meta name=\"twitter:card\" content=\"summary_large_image\" \/>\n<meta name=\"twitter:site\" content=\"@AcuarioSupremus\" \/>\n<meta name=\"twitter:label1\" content=\"Tiempo de lectura\" \/>\n\t<meta name=\"twitter:data1\" content=\"2 minutos\" \/>\n<script type=\"application\/ld+json\" class=\"yoast-schema-graph\">{\"@context\":\"https:\\\/\\\/schema.org\",\"@graph\":[{\"@type\":\"WebPage\",\"@id\":\"https:\\\/\\\/acuariosupremus.com\\\/?product=aquavitro-alpha-150-ml\",\"url\":\"https:\\\/\\\/acuariosupremus.com\\\/?product=aquavitro-alpha-150-ml\",\"name\":\"Aquavitro alpha 150 ml. | Acuario Supremus\",\"isPartOf\":{\"@id\":\"https:\\\/\\\/acuariosupremus.com\\\/#website\"},\"primaryImageOfPage\":{\"@id\":\"https:\\\/\\\/acuariosupremus.com\\\/?product=aquavitro-alpha-150-ml#primaryimage\"},\"image\":{\"@id\":\"https:\\\/\\\/acuariosupremus.com\\\/?product=aquavitro-alpha-150-ml#primaryimage\"},\"thumbnailUrl\":\"https:\\\/\\\/acuariosupremus.com\\\/wp-content\\\/uploads\\\/2025\\\/05\\\/aquavitro_alpha_150-ml.jpg\",\"datePublished\":\"2025-05-22T01:53:59+00:00\",\"dateModified\":\"2025-12-21T01:13:36+00:00\",\"description\":\"Alpha\u2122 elimina Cloro, cloramina. Convierte Amoniaco a una forma segura y no t\u00f3xica que ser\u00e1 usada por bacterias beneficiosas y otros habitantes del arrecife,\",\"breadcrumb\":{\"@id\":\"https:\\\/\\\/acuariosupremus.com\\\/?product=aquavitro-alpha-150-ml#breadcrumb\"},\"inLanguage\":\"es\",\"potentialAction\":[{\"@type\":\"ReadAction\",\"target\":[\"https:\\\/\\\/acuariosupremus.com\\\/?product=aquavitro-alpha-150-ml\"]}]},{\"@type\":\"ImageObject\",\"inLanguage\":\"es\",\"@id\":\"https:\\\/\\\/acuariosupremus.com\\\/?product=aquavitro-alpha-150-ml#primaryimage\",\"url\":\"https:\\\/\\\/acuariosupremus.com\\\/wp-content\\\/uploads\\\/2025\\\/05\\\/aquavitro_alpha_150-ml.jpg\",\"contentUrl\":\"https:\\\/\\\/acuariosupremus.com\\\/wp-content\\\/uploads\\\/2025\\\/05\\\/aquavitro_alpha_150-ml.jpg\",\"width\":1250,\"height\":1250},{\"@type\":\"BreadcrumbList\",\"@id\":\"https:\\\/\\\/acuariosupremus.com\\\/?product=aquavitro-alpha-150-ml#breadcrumb\",\"itemListElement\":[{\"@type\":\"ListItem\",\"position\":1,\"name\":\"Portada\",\"item\":\"https:\\\/\\\/acuariosupremus.com\\\/\"},{\"@type\":\"ListItem\",\"position\":2,\"name\":\"Tienda\",\"item\":\"https:\\\/\\\/acuariosupremus.com\\\/tienda\\\/\"},{\"@type\":\"ListItem\",\"position\":3,\"name\":\"Aquavitro alpha 150 ml.\"}]},{\"@type\":\"WebSite\",\"@id\":\"https:\\\/\\\/acuariosupremus.com\\\/#website\",\"url\":\"https:\\\/\\\/acuariosupremus.com\\\/\",\"name\":\"Acuario Supremus\",\"description\":\"Peces, Peceras y Mascotas.\",\"publisher\":{\"@id\":\"https:\\\/\\\/acuariosupremus.com\\\/#organization\"},\"potentialAction\":[{\"@type\":\"SearchAction\",\"target\":{\"@type\":\"EntryPoint\",\"urlTemplate\":\"https:\\\/\\\/acuariosupremus.com\\\/?s={search_term_string}\"},\"query-input\":{\"@type\":\"PropertyValueSpecification\",\"valueRequired\":true,\"valueName\":\"search_term_string\"}}],\"inLanguage\":\"es\"},{\"@type\":\"Organization\",\"@id\":\"https:\\\/\\\/acuariosupremus.com\\\/#organization\",\"name\":\"Acuario Supremus\",\"url\":\"https:\\\/\\\/acuariosupremus.com\\\/\",\"logo\":{\"@type\":\"ImageObject\",\"inLanguage\":\"es\",\"@id\":\"https:\\\/\\\/acuariosupremus.com\\\/#\\\/schema\\\/logo\\\/image\\\/\",\"url\":\"https:\\\/\\\/acuariosupremus.com\\\/wp-content\\\/uploads\\\/2021\\\/12\\\/cropped-logo_acuario_supremus_fn-2.png\",\"contentUrl\":\"https:\\\/\\\/acuariosupremus.com\\\/wp-content\\\/uploads\\\/2021\\\/12\\\/cropped-logo_acuario_supremus_fn-2.png\",\"width\":1000,\"height\":318,\"caption\":\"Acuario Supremus\"},\"image\":{\"@id\":\"https:\\\/\\\/acuariosupremus.com\\\/#\\\/schema\\\/logo\\\/image\\\/\"},\"sameAs\":[\"https:\\\/\\\/www.facebook.com\\\/AcuarioSupremus\",\"https:\\\/\\\/x.com\\\/AcuarioSupremus\",\"https:\\\/\\\/www.instagram.com\\\/acuariosupremus\\\/?hl=es\"]}]}<\/script>\n<!-- \/ Yoast SEO plugin. -->","yoast_head_json":{"title":"Aquavitro alpha 150 ml. | Acuario Supremus","description":"Alpha\u2122 elimina Cloro, cloramina. Convierte Amoniaco a una forma segura y no t\u00f3xica que ser\u00e1 usada por bacterias beneficiosas y otros habitantes del arrecife,","robots":{"index":"index","follow":"follow","max-snippet":"max-snippet:-1","max-image-preview":"max-image-preview:large","max-video-preview":"max-video-preview:-1"},"canonical":"https:\/\/acuariosupremus.com\/?product=aquavitro-alpha-150-ml","og_locale":"es_MX","og_type":"article","og_title":"Aquavitro alpha 150 ml. | Acuario Supremus","og_description":"Alpha\u2122 elimina Cloro, cloramina. Convierte Amoniaco a una forma segura y no t\u00f3xica que ser\u00e1 usada por bacterias beneficiosas y otros habitantes del arrecife,","og_url":"https:\/\/acuariosupremus.com\/?product=aquavitro-alpha-150-ml","og_site_name":"Acuario Supremus","article_publisher":"https:\/\/www.facebook.com\/AcuarioSupremus","article_modified_time":"2025-12-21T01:13:36+00:00","og_image":[{"width":1250,"height":1250,"url":"https:\/\/acuariosupremus.com\/wp-content\/uploads\/2025\/05\/aquavitro_alpha_150-ml.jpg","type":"image\/jpeg"}],"twitter_card":"summary_large_image","twitter_site":"@AcuarioSupremus","twitter_misc":{"Tiempo de lectura":"2 minutos"},"schema":{"@context":"https:\/\/schema.org","@graph":[{"@type":"WebPage","@id":"https:\/\/acuariosupremus.com\/?product=aquavitro-alpha-150-ml","url":"https:\/\/acuariosupremus.com\/?product=aquavitro-alpha-150-ml","name":"Aquavitro alpha 150 ml. | Acuario Supremus","isPartOf":{"@id":"https:\/\/acuariosupremus.com\/#website"},"primaryImageOfPage":{"@id":"https:\/\/acuariosupremus.com\/?product=aquavitro-alpha-150-ml#primaryimage"},"image":{"@id":"https:\/\/acuariosupremus.com\/?product=aquavitro-alpha-150-ml#primaryimage"},"thumbnailUrl":"https:\/\/acuariosupremus.com\/wp-content\/uploads\/2025\/05\/aquavitro_alpha_150-ml.jpg","datePublished":"2025-05-22T01:53:59+00:00","dateModified":"2025-12-21T01:13:36+00:00","description":"Alpha\u2122 elimina Cloro, cloramina. Convierte Amoniaco a una forma segura y no t\u00f3xica que ser\u00e1 usada por bacterias beneficiosas y otros habitantes del arrecife,","breadcrumb":{"@id":"https:\/\/acuariosupremus.com\/?product=aquavitro-alpha-150-ml#breadcrumb"},"inLanguage":"es","potentialAction":[{"@type":"ReadAction","target":["https:\/\/acuariosupremus.com\/?product=aquavitro-alpha-150-ml"]}]},{"@type":"ImageObject","inLanguage":"es","@id":"https:\/\/acuariosupremus.com\/?product=aquavitro-alpha-150-ml#primaryimage","url":"https:\/\/acuariosupremus.com\/wp-content\/uploads\/2025\/05\/aquavitro_alpha_150-ml.jpg","contentUrl":"https:\/\/acuariosupremus.com\/wp-content\/uploads\/2025\/05\/aquavitro_alpha_150-ml.jpg","width":1250,"height":1250},{"@type":"BreadcrumbList","@id":"https:\/\/acuariosupremus.com\/?product=aquavitro-alpha-150-ml#breadcrumb","itemListElement":[{"@type":"ListItem","position":1,"name":"Portada","item":"https:\/\/acuariosupremus.com\/"},{"@type":"ListItem","position":2,"name":"Tienda","item":"https:\/\/acuariosupremus.com\/tienda\/"},{"@type":"ListItem","position":3,"name":"Aquavitro alpha 150 ml."}]},{"@type":"WebSite","@id":"https:\/\/acuariosupremus.com\/#website","url":"https:\/\/acuariosupremus.com\/","name":"Acuario Supremus","description":"Peces, Peceras y Mascotas.","publisher":{"@id":"https:\/\/acuariosupremus.com\/#organization"},"potentialAction":[{"@type":"SearchAction","target":{"@type":"EntryPoint","urlTemplate":"https:\/\/acuariosupremus.com\/?s={search_term_string}"},"query-input":{"@type":"PropertyValueSpecification","valueRequired":true,"valueName":"search_term_string"}}],"inLanguage":"es"},{"@type":"Organization","@id":"https:\/\/acuariosupremus.com\/#organization","name":"Acuario Supremus","url":"https:\/\/acuariosupremus.com\/","logo":{"@type":"ImageObject","inLanguage":"es","@id":"https:\/\/acuariosupremus.com\/#\/schema\/logo\/image\/","url":"https:\/\/acuariosupremus.com\/wp-content\/uploads\/2021\/12\/cropped-logo_acuario_supremus_fn-2.png","contentUrl":"https:\/\/acuariosupremus.com\/wp-content\/uploads\/2021\/12\/cropped-logo_acuario_supremus_fn-2.png","width":1000,"height":318,"caption":"Acuario Supremus"},"image":{"@id":"https:\/\/acuariosupremus.com\/#\/schema\/logo\/image\/"},"sameAs":["https:\/\/www.facebook.com\/AcuarioSupremus","https:\/\/x.com\/AcuarioSupremus","https:\/\/www.instagram.com\/acuariosupremus\/?hl=es"]}]}},"jetpack_sharing_enabled":true,"_links":{"self":[{"href":"https:\/\/acuariosupremus.com\/index.php?rest_route=\/wp\/v2\/product\/13833","targetHints":{"allow":["GET"]}}],"collection":[{"href":"https:\/\/acuariosupremus.com\/index.php?rest_route=\/wp\/v2\/product"}],"about":[{"href":"https:\/\/acuariosupremus.com\/index.php?rest_route=\/wp\/v2\/types\/product"}],"wp:featuredmedia":[{"embeddable":true,"href":"https:\/\/acuariosupremus.com\/index.php?rest_route=\/wp\/v2\/media\/13834"}],"wp:attachment":[{"href":"https:\/\/acuariosupremus.com\/index.php?rest_route=%2Fwp%2Fv2%2Fmedia&parent=13833"}],"wp:term":[{"taxonomy":"product_brand","embeddable":true,"href":"https:\/\/acuariosupremus.com\/index.php?rest_route=%2Fwp%2Fv2%2Fproduct_brand&post=13833"},{"taxonomy":"product_cat","embeddable":true,"href":"https:\/\/acuariosupremus.com\/index.php?rest_route=%2Fwp%2Fv2%2Fproduct_cat&post=13833"},{"taxonomy":"product_tag","embeddable":true,"href":"https:\/\/acuariosupremus.com\/index.php?rest_route=%2Fwp%2Fv2%2Fproduct_tag&post=13833"}],"curies":[{"name":"wp","href":"https:\/\/api.w.org\/{rel}","templated":true}]}}