{"id":13839,"date":"2025-05-21T20:04:12","date_gmt":"2025-05-22T02:04:12","guid":{"rendered":"https:\/\/acuariosupremus.com\/?post_type=product&#038;p=13839"},"modified":"2025-12-20T19:20:02","modified_gmt":"2025-12-21T01:20:02","slug":"aquavitro-ions-150-ml","status":"publish","type":"product","link":"https:\/\/acuariosupremus.com\/?product=aquavitro-ions-150-ml","title":{"rendered":"Aquavitro ions 150 ml."},"content":{"rendered":"<p>Un bajo nivel de Magnesio es un hecho frecuente en los sistemas de arrecife. Este bajo nivel es una de las razones por las que el pH es bajo a\u00fan cuando el Calcio y la reserva alcalina est\u00e1n en niveles \u00f3ptimos. El Magnesio puede decaer debido a su precipitaci\u00f3n durante la adicci\u00f3n de Kalkwasser o cuando se eleva la alcalinidad. Su utilizaci\u00f3n biol\u00f3gica puede ser tambi\u00e9n un factor si hay una gran demanda biol\u00f3gica en el acuario. Ions\u2122 emplea el Magnesio m\u00e1s concentrado (90,000 mg\/L), totalmente disuelto y sin a\u00f1adir Amon\u00edaco. Un proceso de fabricaci\u00f3n propietario hace de Ions\u2122 el primer y \u00fanico suplemento l\u00edquido de magnesio que no contiene Amon\u00edaco. Ions\u2122 tambi\u00e9n incluye Estroncio y Boro en la misma proporci\u00f3n del agua del mar (NSW 1.7:1) para evitar el desequilibrio del balance i\u00f3nico a largo plazo.<br \/>\nAquavitro \u2122 ofrece otras soluciones designadas a resolver el reto \u00fanico de aumentar el pH en un medio de arrecife.. Balance\u2122 resuelve el problema de una inapropiada proporci\u00f3n entre los carbonatos del b\u00fafer.. Eight.four\u2122 resuelve deficiencias en el pK, encontradas en productos de la competencia, aportando un equilibrado incremento de carbonato\/bicarbonato..<br \/>\nInstrucciones: Principiante: Use un tap\u00f3n roscado interior (7 ml) por cada 125 Litros (35 galones*) dos veces por semana. Mida Magnesio una vez por semana y ajuste consecuentemente la cantidad y frecuencia. Nota: Cada hilo del tap\u00f3n roscado interior contiene aproximadamente 2 ml. Un tap\u00f3n lleno contiene 49 ml.<\/p>\n<p>capacidad <strong>150 ml.<\/strong><\/p>\n","protected":false},"excerpt":{"rendered":"<p>Ions\u2122 emplea el Magnesio m\u00e1s concentrado (90,000 mg\/L), totalmente disuelto y sin a\u00f1adir Amon\u00edaco. Un proceso de fabricaci\u00f3n propietario hace de Ions\u2122 el primer y \u00fanico suplemento l\u00edquido de magnesio que no contiene Amon\u00edaco.<\/p>\n","protected":false},"featured_media":13840,"template":"","meta":[],"product_brand":[125],"product_cat":[40,94],"product_tag":[178,538],"class_list":{"0":"post-13839","1":"product","2":"type-product","3":"status-publish","4":"has-post-thumbnail","6":"product_brand-aquavitro","7":"product_cat-peces","8":"product_cat-arrecife","9":"product_tag-arrecife","10":"product_tag-suplemento-magnesio-arrecife","12":"first","13":"instock","14":"sale","15":"shipping-taxable","16":"purchasable","17":"product-type-simple"},"yoast_head":"<!-- This site is optimized with the Yoast SEO plugin v27.4 - https:\/\/yoast.com\/product\/yoast-seo-wordpress\/ -->\n<title>Aquavitro ions 150 ml. | Acuario Supremus<\/title>\n<meta name=\"description\" content=\"Ions\u2122 emplea el Magnesio m\u00e1s concentrado (90,000 mg\/L), totalmente disuelto y sin a\u00f1adir Amon\u00edaco.\" \/>\n<meta name=\"robots\" content=\"index, follow, max-snippet:-1, max-image-preview:large, max-video-preview:-1\" \/>\n<link rel=\"canonical\" href=\"https:\/\/acuariosupremus.com\/?product=aquavitro-ions-150-ml\" \/>\n<meta property=\"og:locale\" content=\"es_MX\" \/>\n<meta property=\"og:type\" content=\"article\" \/>\n<meta property=\"og:title\" content=\"Aquavitro ions 150 ml. | Acuario Supremus\" \/>\n<meta property=\"og:description\" content=\"Ions\u2122 emplea el Magnesio m\u00e1s concentrado (90,000 mg\/L), totalmente disuelto y sin a\u00f1adir Amon\u00edaco.\" \/>\n<meta property=\"og:url\" content=\"https:\/\/acuariosupremus.com\/?product=aquavitro-ions-150-ml\" \/>\n<meta property=\"og:site_name\" content=\"Acuario Supremus\" \/>\n<meta property=\"article:publisher\" content=\"https:\/\/www.facebook.com\/AcuarioSupremus\" \/>\n<meta property=\"article:modified_time\" content=\"2025-12-21T01:20:02+00:00\" \/>\n<meta property=\"og:image\" content=\"https:\/\/acuariosupremus.com\/wp-content\/uploads\/2025\/05\/aquavitro_ions_150-ml.jpg\" \/>\n\t<meta property=\"og:image:width\" content=\"1250\" \/>\n\t<meta property=\"og:image:height\" content=\"1250\" \/>\n\t<meta property=\"og:image:type\" content=\"image\/jpeg\" \/>\n<meta name=\"twitter:card\" content=\"summary_large_image\" \/>\n<meta name=\"twitter:site\" content=\"@AcuarioSupremus\" \/>\n<meta name=\"twitter:label1\" content=\"Tiempo de lectura\" \/>\n\t<meta name=\"twitter:data1\" content=\"2 minutos\" \/>\n<script type=\"application\/ld+json\" class=\"yoast-schema-graph\">{\"@context\":\"https:\\\/\\\/schema.org\",\"@graph\":[{\"@type\":\"WebPage\",\"@id\":\"https:\\\/\\\/acuariosupremus.com\\\/?product=aquavitro-ions-150-ml\",\"url\":\"https:\\\/\\\/acuariosupremus.com\\\/?product=aquavitro-ions-150-ml\",\"name\":\"Aquavitro ions 150 ml. | Acuario Supremus\",\"isPartOf\":{\"@id\":\"https:\\\/\\\/acuariosupremus.com\\\/#website\"},\"primaryImageOfPage\":{\"@id\":\"https:\\\/\\\/acuariosupremus.com\\\/?product=aquavitro-ions-150-ml#primaryimage\"},\"image\":{\"@id\":\"https:\\\/\\\/acuariosupremus.com\\\/?product=aquavitro-ions-150-ml#primaryimage\"},\"thumbnailUrl\":\"https:\\\/\\\/acuariosupremus.com\\\/wp-content\\\/uploads\\\/2025\\\/05\\\/aquavitro_ions_150-ml.jpg\",\"datePublished\":\"2025-05-22T02:04:12+00:00\",\"dateModified\":\"2025-12-21T01:20:02+00:00\",\"description\":\"Ions\u2122 emplea el Magnesio m\u00e1s concentrado (90,000 mg\\\/L), totalmente disuelto y sin a\u00f1adir Amon\u00edaco.\",\"breadcrumb\":{\"@id\":\"https:\\\/\\\/acuariosupremus.com\\\/?product=aquavitro-ions-150-ml#breadcrumb\"},\"inLanguage\":\"es\",\"potentialAction\":[{\"@type\":\"ReadAction\",\"target\":[\"https:\\\/\\\/acuariosupremus.com\\\/?product=aquavitro-ions-150-ml\"]}]},{\"@type\":\"ImageObject\",\"inLanguage\":\"es\",\"@id\":\"https:\\\/\\\/acuariosupremus.com\\\/?product=aquavitro-ions-150-ml#primaryimage\",\"url\":\"https:\\\/\\\/acuariosupremus.com\\\/wp-content\\\/uploads\\\/2025\\\/05\\\/aquavitro_ions_150-ml.jpg\",\"contentUrl\":\"https:\\\/\\\/acuariosupremus.com\\\/wp-content\\\/uploads\\\/2025\\\/05\\\/aquavitro_ions_150-ml.jpg\",\"width\":1250,\"height\":1250},{\"@type\":\"BreadcrumbList\",\"@id\":\"https:\\\/\\\/acuariosupremus.com\\\/?product=aquavitro-ions-150-ml#breadcrumb\",\"itemListElement\":[{\"@type\":\"ListItem\",\"position\":1,\"name\":\"Portada\",\"item\":\"https:\\\/\\\/acuariosupremus.com\\\/\"},{\"@type\":\"ListItem\",\"position\":2,\"name\":\"Tienda\",\"item\":\"https:\\\/\\\/acuariosupremus.com\\\/tienda\\\/\"},{\"@type\":\"ListItem\",\"position\":3,\"name\":\"Aquavitro ions 150 ml.\"}]},{\"@type\":\"WebSite\",\"@id\":\"https:\\\/\\\/acuariosupremus.com\\\/#website\",\"url\":\"https:\\\/\\\/acuariosupremus.com\\\/\",\"name\":\"Acuario Supremus\",\"description\":\"Peces, Peceras y Mascotas.\",\"publisher\":{\"@id\":\"https:\\\/\\\/acuariosupremus.com\\\/#organization\"},\"potentialAction\":[{\"@type\":\"SearchAction\",\"target\":{\"@type\":\"EntryPoint\",\"urlTemplate\":\"https:\\\/\\\/acuariosupremus.com\\\/?s={search_term_string}\"},\"query-input\":{\"@type\":\"PropertyValueSpecification\",\"valueRequired\":true,\"valueName\":\"search_term_string\"}}],\"inLanguage\":\"es\"},{\"@type\":\"Organization\",\"@id\":\"https:\\\/\\\/acuariosupremus.com\\\/#organization\",\"name\":\"Acuario Supremus\",\"url\":\"https:\\\/\\\/acuariosupremus.com\\\/\",\"logo\":{\"@type\":\"ImageObject\",\"inLanguage\":\"es\",\"@id\":\"https:\\\/\\\/acuariosupremus.com\\\/#\\\/schema\\\/logo\\\/image\\\/\",\"url\":\"https:\\\/\\\/acuariosupremus.com\\\/wp-content\\\/uploads\\\/2021\\\/12\\\/cropped-logo_acuario_supremus_fn-2.png\",\"contentUrl\":\"https:\\\/\\\/acuariosupremus.com\\\/wp-content\\\/uploads\\\/2021\\\/12\\\/cropped-logo_acuario_supremus_fn-2.png\",\"width\":1000,\"height\":318,\"caption\":\"Acuario Supremus\"},\"image\":{\"@id\":\"https:\\\/\\\/acuariosupremus.com\\\/#\\\/schema\\\/logo\\\/image\\\/\"},\"sameAs\":[\"https:\\\/\\\/www.facebook.com\\\/AcuarioSupremus\",\"https:\\\/\\\/x.com\\\/AcuarioSupremus\",\"https:\\\/\\\/www.instagram.com\\\/acuariosupremus\\\/?hl=es\"]}]}<\/script>\n<!-- \/ Yoast SEO plugin. -->","yoast_head_json":{"title":"Aquavitro ions 150 ml. | Acuario Supremus","description":"Ions\u2122 emplea el Magnesio m\u00e1s concentrado (90,000 mg\/L), totalmente disuelto y sin a\u00f1adir Amon\u00edaco.","robots":{"index":"index","follow":"follow","max-snippet":"max-snippet:-1","max-image-preview":"max-image-preview:large","max-video-preview":"max-video-preview:-1"},"canonical":"https:\/\/acuariosupremus.com\/?product=aquavitro-ions-150-ml","og_locale":"es_MX","og_type":"article","og_title":"Aquavitro ions 150 ml. | Acuario Supremus","og_description":"Ions\u2122 emplea el Magnesio m\u00e1s concentrado (90,000 mg\/L), totalmente disuelto y sin a\u00f1adir Amon\u00edaco.","og_url":"https:\/\/acuariosupremus.com\/?product=aquavitro-ions-150-ml","og_site_name":"Acuario Supremus","article_publisher":"https:\/\/www.facebook.com\/AcuarioSupremus","article_modified_time":"2025-12-21T01:20:02+00:00","og_image":[{"width":1250,"height":1250,"url":"https:\/\/acuariosupremus.com\/wp-content\/uploads\/2025\/05\/aquavitro_ions_150-ml.jpg","type":"image\/jpeg"}],"twitter_card":"summary_large_image","twitter_site":"@AcuarioSupremus","twitter_misc":{"Tiempo de lectura":"2 minutos"},"schema":{"@context":"https:\/\/schema.org","@graph":[{"@type":"WebPage","@id":"https:\/\/acuariosupremus.com\/?product=aquavitro-ions-150-ml","url":"https:\/\/acuariosupremus.com\/?product=aquavitro-ions-150-ml","name":"Aquavitro ions 150 ml. | Acuario Supremus","isPartOf":{"@id":"https:\/\/acuariosupremus.com\/#website"},"primaryImageOfPage":{"@id":"https:\/\/acuariosupremus.com\/?product=aquavitro-ions-150-ml#primaryimage"},"image":{"@id":"https:\/\/acuariosupremus.com\/?product=aquavitro-ions-150-ml#primaryimage"},"thumbnailUrl":"https:\/\/acuariosupremus.com\/wp-content\/uploads\/2025\/05\/aquavitro_ions_150-ml.jpg","datePublished":"2025-05-22T02:04:12+00:00","dateModified":"2025-12-21T01:20:02+00:00","description":"Ions\u2122 emplea el Magnesio m\u00e1s concentrado (90,000 mg\/L), totalmente disuelto y sin a\u00f1adir Amon\u00edaco.","breadcrumb":{"@id":"https:\/\/acuariosupremus.com\/?product=aquavitro-ions-150-ml#breadcrumb"},"inLanguage":"es","potentialAction":[{"@type":"ReadAction","target":["https:\/\/acuariosupremus.com\/?product=aquavitro-ions-150-ml"]}]},{"@type":"ImageObject","inLanguage":"es","@id":"https:\/\/acuariosupremus.com\/?product=aquavitro-ions-150-ml#primaryimage","url":"https:\/\/acuariosupremus.com\/wp-content\/uploads\/2025\/05\/aquavitro_ions_150-ml.jpg","contentUrl":"https:\/\/acuariosupremus.com\/wp-content\/uploads\/2025\/05\/aquavitro_ions_150-ml.jpg","width":1250,"height":1250},{"@type":"BreadcrumbList","@id":"https:\/\/acuariosupremus.com\/?product=aquavitro-ions-150-ml#breadcrumb","itemListElement":[{"@type":"ListItem","position":1,"name":"Portada","item":"https:\/\/acuariosupremus.com\/"},{"@type":"ListItem","position":2,"name":"Tienda","item":"https:\/\/acuariosupremus.com\/tienda\/"},{"@type":"ListItem","position":3,"name":"Aquavitro ions 150 ml."}]},{"@type":"WebSite","@id":"https:\/\/acuariosupremus.com\/#website","url":"https:\/\/acuariosupremus.com\/","name":"Acuario Supremus","description":"Peces, Peceras y Mascotas.","publisher":{"@id":"https:\/\/acuariosupremus.com\/#organization"},"potentialAction":[{"@type":"SearchAction","target":{"@type":"EntryPoint","urlTemplate":"https:\/\/acuariosupremus.com\/?s={search_term_string}"},"query-input":{"@type":"PropertyValueSpecification","valueRequired":true,"valueName":"search_term_string"}}],"inLanguage":"es"},{"@type":"Organization","@id":"https:\/\/acuariosupremus.com\/#organization","name":"Acuario Supremus","url":"https:\/\/acuariosupremus.com\/","logo":{"@type":"ImageObject","inLanguage":"es","@id":"https:\/\/acuariosupremus.com\/#\/schema\/logo\/image\/","url":"https:\/\/acuariosupremus.com\/wp-content\/uploads\/2021\/12\/cropped-logo_acuario_supremus_fn-2.png","contentUrl":"https:\/\/acuariosupremus.com\/wp-content\/uploads\/2021\/12\/cropped-logo_acuario_supremus_fn-2.png","width":1000,"height":318,"caption":"Acuario Supremus"},"image":{"@id":"https:\/\/acuariosupremus.com\/#\/schema\/logo\/image\/"},"sameAs":["https:\/\/www.facebook.com\/AcuarioSupremus","https:\/\/x.com\/AcuarioSupremus","https:\/\/www.instagram.com\/acuariosupremus\/?hl=es"]}]}},"jetpack_sharing_enabled":true,"_links":{"self":[{"href":"https:\/\/acuariosupremus.com\/index.php?rest_route=\/wp\/v2\/product\/13839","targetHints":{"allow":["GET"]}}],"collection":[{"href":"https:\/\/acuariosupremus.com\/index.php?rest_route=\/wp\/v2\/product"}],"about":[{"href":"https:\/\/acuariosupremus.com\/index.php?rest_route=\/wp\/v2\/types\/product"}],"wp:featuredmedia":[{"embeddable":true,"href":"https:\/\/acuariosupremus.com\/index.php?rest_route=\/wp\/v2\/media\/13840"}],"wp:attachment":[{"href":"https:\/\/acuariosupremus.com\/index.php?rest_route=%2Fwp%2Fv2%2Fmedia&parent=13839"}],"wp:term":[{"taxonomy":"product_brand","embeddable":true,"href":"https:\/\/acuariosupremus.com\/index.php?rest_route=%2Fwp%2Fv2%2Fproduct_brand&post=13839"},{"taxonomy":"product_cat","embeddable":true,"href":"https:\/\/acuariosupremus.com\/index.php?rest_route=%2Fwp%2Fv2%2Fproduct_cat&post=13839"},{"taxonomy":"product_tag","embeddable":true,"href":"https:\/\/acuariosupremus.com\/index.php?rest_route=%2Fwp%2Fv2%2Fproduct_tag&post=13839"}],"curies":[{"name":"wp","href":"https:\/\/api.w.org\/{rel}","templated":true}]}}