{"id":13851,"date":"2025-05-21T20:24:23","date_gmt":"2025-05-22T02:24:23","guid":{"rendered":"https:\/\/acuariosupremus.com\/?post_type=product&#038;p=13851"},"modified":"2025-12-20T19:48:05","modified_gmt":"2025-12-21T01:48:05","slug":"premier-acondicionador-super-concentrado-150-ml","status":"publish","type":"product","link":"https:\/\/acuariosupremus.com\/?product=premier-acondicionador-super-concentrado-150-ml","title":{"rendered":"Premier (acondicionador s\u00faper concentrado) 150 ml."},"content":{"rendered":"<p>premier\u2122 es una soluci\u00f3n concentrada de tiosulfato de potasio que elimina tanto cloro como cloraminas. Aunque un acondicionador basado en tiosulfato de potasio no es recomendable para acuarios de agua salada debido al amoniaco producido cuando este reacciona con las cloraminas, esto en cambio es perfecto para acuarios plantados. El amoniaco producido desde la cloramina por premier\u2122 aparece predominantemente en forma de amonio, y por ello es r\u00e1pidamente utilizado por las plantas. Adem\u00e1s sirve como una fuente menor de potasio. \u00danicamente para uso en acuarios. Mant\u00e9ngase fuera del alcance de los ni\u00f1os.<br \/>\nINSTRUCCIONES:<br \/>\nUse un tap\u00f3n interior (7 ml) de premier\u2122 por cada 265 litros de agua. premier\u2122 puede ser a\u00f1adido directamente al acuario, sinembargo es m\u00e1s efectivo cuando es a\u00f1adido previamente al agua nueva. Si es a\u00f1adido al acuario directamente, calcule la dosis a raz\u00f3n del volumen del acuario. Para concentraciones excepcionalmente altas de cloraminas, puede emplear una dosis doble.<br \/>\nNota: cada hilo del tap\u00f3n interior contiene aproximadamente 2 ml. Un tap\u00f3n lleno contiene 49 ml.<br \/>\nComposici\u00f3n:<br \/>\nPotasio (potasa soluble K2O) 5.6%<br \/>\nContiene tiosulfato de potasio<\/p>\n<p>capacidad <strong>150 ml.<\/strong><\/p>\n","protected":false},"excerpt":{"rendered":"<p>premier\u2122 es un acondicionador espec\u00edficamente dise\u00f1ado para Acuarios plantados. Elimina cloro y cloraminas adem\u00e1s de a\u00f1adir potasio. premier\u2122 no es \u00e1cido y no impacta en el pH. \u00daselo en el arranque del acuario y cuando a\u00f1ada o cambie agua.<\/p>\n","protected":false},"featured_media":13852,"template":"","meta":[],"product_brand":[125],"product_cat":[40,56],"product_tag":[557,702],"class_list":{"0":"post-13851","1":"product","2":"type-product","3":"status-publish","4":"has-post-thumbnail","6":"product_brand-aquavitro","7":"product_cat-peces","8":"product_cat-plantas-naturales","9":"product_tag-acondicionador-concentrado-plantas-acuaticas","10":"product_tag-premier","12":"first","13":"instock","14":"sale","15":"shipping-taxable","16":"purchasable","17":"product-type-simple"},"yoast_head":"<!-- This site is optimized with the Yoast SEO plugin v27.5 - https:\/\/yoast.com\/product\/yoast-seo-wordpress\/ -->\n<title>Premier (acondicionador s\u00faper concentrado) 150 ml. | Acuario Supremus<\/title>\n<meta name=\"description\" content=\"premier\u2122 es un acondicionador espec\u00edficamente dise\u00f1ado para Acuarios plantados. Elimina cloro y cloraminas adem\u00e1s de a\u00f1adir potasio.\" \/>\n<meta name=\"robots\" content=\"index, follow, max-snippet:-1, max-image-preview:large, max-video-preview:-1\" \/>\n<link rel=\"canonical\" href=\"https:\/\/acuariosupremus.com\/?product=premier-acondicionador-super-concentrado-150-ml\" \/>\n<meta property=\"og:locale\" content=\"es_MX\" \/>\n<meta property=\"og:type\" content=\"article\" \/>\n<meta property=\"og:title\" content=\"Premier (acondicionador s\u00faper concentrado) 150 ml. | Acuario Supremus\" \/>\n<meta property=\"og:description\" content=\"premier\u2122 es un acondicionador espec\u00edficamente dise\u00f1ado para Acuarios plantados. Elimina cloro y cloraminas adem\u00e1s de a\u00f1adir potasio.\" \/>\n<meta property=\"og:url\" content=\"https:\/\/acuariosupremus.com\/?product=premier-acondicionador-super-concentrado-150-ml\" \/>\n<meta property=\"og:site_name\" content=\"Acuario Supremus\" \/>\n<meta property=\"article:publisher\" content=\"https:\/\/www.facebook.com\/AcuarioSupremus\" \/>\n<meta property=\"article:modified_time\" content=\"2025-12-21T01:48:05+00:00\" \/>\n<meta property=\"og:image\" content=\"https:\/\/acuariosupremus.com\/wp-content\/uploads\/2025\/05\/aquavitro_premier_150-ml.jpg\" \/>\n\t<meta property=\"og:image:width\" content=\"1250\" \/>\n\t<meta property=\"og:image:height\" content=\"1250\" \/>\n\t<meta property=\"og:image:type\" content=\"image\/jpeg\" \/>\n<meta name=\"twitter:card\" content=\"summary_large_image\" \/>\n<meta name=\"twitter:site\" content=\"@AcuarioSupremus\" \/>\n<meta name=\"twitter:label1\" content=\"Tiempo de lectura\" \/>\n\t<meta name=\"twitter:data1\" content=\"2 minutos\" \/>\n<script type=\"application\/ld+json\" class=\"yoast-schema-graph\">{\"@context\":\"https:\\\/\\\/schema.org\",\"@graph\":[{\"@type\":\"WebPage\",\"@id\":\"https:\\\/\\\/acuariosupremus.com\\\/?product=premier-acondicionador-super-concentrado-150-ml\",\"url\":\"https:\\\/\\\/acuariosupremus.com\\\/?product=premier-acondicionador-super-concentrado-150-ml\",\"name\":\"Premier (acondicionador s\u00faper concentrado) 150 ml. | Acuario Supremus\",\"isPartOf\":{\"@id\":\"https:\\\/\\\/acuariosupremus.com\\\/#website\"},\"primaryImageOfPage\":{\"@id\":\"https:\\\/\\\/acuariosupremus.com\\\/?product=premier-acondicionador-super-concentrado-150-ml#primaryimage\"},\"image\":{\"@id\":\"https:\\\/\\\/acuariosupremus.com\\\/?product=premier-acondicionador-super-concentrado-150-ml#primaryimage\"},\"thumbnailUrl\":\"https:\\\/\\\/acuariosupremus.com\\\/wp-content\\\/uploads\\\/2025\\\/05\\\/aquavitro_premier_150-ml.jpg\",\"datePublished\":\"2025-05-22T02:24:23+00:00\",\"dateModified\":\"2025-12-21T01:48:05+00:00\",\"description\":\"premier\u2122 es un acondicionador espec\u00edficamente dise\u00f1ado para Acuarios plantados. Elimina cloro y cloraminas adem\u00e1s de a\u00f1adir potasio.\",\"breadcrumb\":{\"@id\":\"https:\\\/\\\/acuariosupremus.com\\\/?product=premier-acondicionador-super-concentrado-150-ml#breadcrumb\"},\"inLanguage\":\"es\",\"potentialAction\":[{\"@type\":\"ReadAction\",\"target\":[\"https:\\\/\\\/acuariosupremus.com\\\/?product=premier-acondicionador-super-concentrado-150-ml\"]}]},{\"@type\":\"ImageObject\",\"inLanguage\":\"es\",\"@id\":\"https:\\\/\\\/acuariosupremus.com\\\/?product=premier-acondicionador-super-concentrado-150-ml#primaryimage\",\"url\":\"https:\\\/\\\/acuariosupremus.com\\\/wp-content\\\/uploads\\\/2025\\\/05\\\/aquavitro_premier_150-ml.jpg\",\"contentUrl\":\"https:\\\/\\\/acuariosupremus.com\\\/wp-content\\\/uploads\\\/2025\\\/05\\\/aquavitro_premier_150-ml.jpg\",\"width\":1250,\"height\":1250},{\"@type\":\"BreadcrumbList\",\"@id\":\"https:\\\/\\\/acuariosupremus.com\\\/?product=premier-acondicionador-super-concentrado-150-ml#breadcrumb\",\"itemListElement\":[{\"@type\":\"ListItem\",\"position\":1,\"name\":\"Portada\",\"item\":\"https:\\\/\\\/acuariosupremus.com\\\/\"},{\"@type\":\"ListItem\",\"position\":2,\"name\":\"Tienda\",\"item\":\"https:\\\/\\\/acuariosupremus.com\\\/tienda\\\/\"},{\"@type\":\"ListItem\",\"position\":3,\"name\":\"Premier (acondicionador s\u00faper concentrado) 150 ml.\"}]},{\"@type\":\"WebSite\",\"@id\":\"https:\\\/\\\/acuariosupremus.com\\\/#website\",\"url\":\"https:\\\/\\\/acuariosupremus.com\\\/\",\"name\":\"Acuario Supremus\",\"description\":\"Peces, Peceras y Mascotas.\",\"publisher\":{\"@id\":\"https:\\\/\\\/acuariosupremus.com\\\/#organization\"},\"potentialAction\":[{\"@type\":\"SearchAction\",\"target\":{\"@type\":\"EntryPoint\",\"urlTemplate\":\"https:\\\/\\\/acuariosupremus.com\\\/?s={search_term_string}\"},\"query-input\":{\"@type\":\"PropertyValueSpecification\",\"valueRequired\":true,\"valueName\":\"search_term_string\"}}],\"inLanguage\":\"es\"},{\"@type\":\"Organization\",\"@id\":\"https:\\\/\\\/acuariosupremus.com\\\/#organization\",\"name\":\"Acuario Supremus\",\"url\":\"https:\\\/\\\/acuariosupremus.com\\\/\",\"logo\":{\"@type\":\"ImageObject\",\"inLanguage\":\"es\",\"@id\":\"https:\\\/\\\/acuariosupremus.com\\\/#\\\/schema\\\/logo\\\/image\\\/\",\"url\":\"https:\\\/\\\/acuariosupremus.com\\\/wp-content\\\/uploads\\\/2021\\\/12\\\/cropped-logo_acuario_supremus_fn-2.png\",\"contentUrl\":\"https:\\\/\\\/acuariosupremus.com\\\/wp-content\\\/uploads\\\/2021\\\/12\\\/cropped-logo_acuario_supremus_fn-2.png\",\"width\":1000,\"height\":318,\"caption\":\"Acuario Supremus\"},\"image\":{\"@id\":\"https:\\\/\\\/acuariosupremus.com\\\/#\\\/schema\\\/logo\\\/image\\\/\"},\"sameAs\":[\"https:\\\/\\\/www.facebook.com\\\/AcuarioSupremus\",\"https:\\\/\\\/x.com\\\/AcuarioSupremus\",\"https:\\\/\\\/www.instagram.com\\\/acuariosupremus\\\/?hl=es\"]}]}<\/script>\n<!-- \/ Yoast SEO plugin. -->","yoast_head_json":{"title":"Premier (acondicionador s\u00faper concentrado) 150 ml. | Acuario Supremus","description":"premier\u2122 es un acondicionador espec\u00edficamente dise\u00f1ado para Acuarios plantados. Elimina cloro y cloraminas adem\u00e1s de a\u00f1adir potasio.","robots":{"index":"index","follow":"follow","max-snippet":"max-snippet:-1","max-image-preview":"max-image-preview:large","max-video-preview":"max-video-preview:-1"},"canonical":"https:\/\/acuariosupremus.com\/?product=premier-acondicionador-super-concentrado-150-ml","og_locale":"es_MX","og_type":"article","og_title":"Premier (acondicionador s\u00faper concentrado) 150 ml. | Acuario Supremus","og_description":"premier\u2122 es un acondicionador espec\u00edficamente dise\u00f1ado para Acuarios plantados. Elimina cloro y cloraminas adem\u00e1s de a\u00f1adir potasio.","og_url":"https:\/\/acuariosupremus.com\/?product=premier-acondicionador-super-concentrado-150-ml","og_site_name":"Acuario Supremus","article_publisher":"https:\/\/www.facebook.com\/AcuarioSupremus","article_modified_time":"2025-12-21T01:48:05+00:00","og_image":[{"width":1250,"height":1250,"url":"https:\/\/acuariosupremus.com\/wp-content\/uploads\/2025\/05\/aquavitro_premier_150-ml.jpg","type":"image\/jpeg"}],"twitter_card":"summary_large_image","twitter_site":"@AcuarioSupremus","twitter_misc":{"Tiempo de lectura":"2 minutos"},"schema":{"@context":"https:\/\/schema.org","@graph":[{"@type":"WebPage","@id":"https:\/\/acuariosupremus.com\/?product=premier-acondicionador-super-concentrado-150-ml","url":"https:\/\/acuariosupremus.com\/?product=premier-acondicionador-super-concentrado-150-ml","name":"Premier (acondicionador s\u00faper concentrado) 150 ml. | Acuario Supremus","isPartOf":{"@id":"https:\/\/acuariosupremus.com\/#website"},"primaryImageOfPage":{"@id":"https:\/\/acuariosupremus.com\/?product=premier-acondicionador-super-concentrado-150-ml#primaryimage"},"image":{"@id":"https:\/\/acuariosupremus.com\/?product=premier-acondicionador-super-concentrado-150-ml#primaryimage"},"thumbnailUrl":"https:\/\/acuariosupremus.com\/wp-content\/uploads\/2025\/05\/aquavitro_premier_150-ml.jpg","datePublished":"2025-05-22T02:24:23+00:00","dateModified":"2025-12-21T01:48:05+00:00","description":"premier\u2122 es un acondicionador espec\u00edficamente dise\u00f1ado para Acuarios plantados. Elimina cloro y cloraminas adem\u00e1s de a\u00f1adir potasio.","breadcrumb":{"@id":"https:\/\/acuariosupremus.com\/?product=premier-acondicionador-super-concentrado-150-ml#breadcrumb"},"inLanguage":"es","potentialAction":[{"@type":"ReadAction","target":["https:\/\/acuariosupremus.com\/?product=premier-acondicionador-super-concentrado-150-ml"]}]},{"@type":"ImageObject","inLanguage":"es","@id":"https:\/\/acuariosupremus.com\/?product=premier-acondicionador-super-concentrado-150-ml#primaryimage","url":"https:\/\/acuariosupremus.com\/wp-content\/uploads\/2025\/05\/aquavitro_premier_150-ml.jpg","contentUrl":"https:\/\/acuariosupremus.com\/wp-content\/uploads\/2025\/05\/aquavitro_premier_150-ml.jpg","width":1250,"height":1250},{"@type":"BreadcrumbList","@id":"https:\/\/acuariosupremus.com\/?product=premier-acondicionador-super-concentrado-150-ml#breadcrumb","itemListElement":[{"@type":"ListItem","position":1,"name":"Portada","item":"https:\/\/acuariosupremus.com\/"},{"@type":"ListItem","position":2,"name":"Tienda","item":"https:\/\/acuariosupremus.com\/tienda\/"},{"@type":"ListItem","position":3,"name":"Premier (acondicionador s\u00faper concentrado) 150 ml."}]},{"@type":"WebSite","@id":"https:\/\/acuariosupremus.com\/#website","url":"https:\/\/acuariosupremus.com\/","name":"Acuario Supremus","description":"Peces, Peceras y Mascotas.","publisher":{"@id":"https:\/\/acuariosupremus.com\/#organization"},"potentialAction":[{"@type":"SearchAction","target":{"@type":"EntryPoint","urlTemplate":"https:\/\/acuariosupremus.com\/?s={search_term_string}"},"query-input":{"@type":"PropertyValueSpecification","valueRequired":true,"valueName":"search_term_string"}}],"inLanguage":"es"},{"@type":"Organization","@id":"https:\/\/acuariosupremus.com\/#organization","name":"Acuario Supremus","url":"https:\/\/acuariosupremus.com\/","logo":{"@type":"ImageObject","inLanguage":"es","@id":"https:\/\/acuariosupremus.com\/#\/schema\/logo\/image\/","url":"https:\/\/acuariosupremus.com\/wp-content\/uploads\/2021\/12\/cropped-logo_acuario_supremus_fn-2.png","contentUrl":"https:\/\/acuariosupremus.com\/wp-content\/uploads\/2021\/12\/cropped-logo_acuario_supremus_fn-2.png","width":1000,"height":318,"caption":"Acuario Supremus"},"image":{"@id":"https:\/\/acuariosupremus.com\/#\/schema\/logo\/image\/"},"sameAs":["https:\/\/www.facebook.com\/AcuarioSupremus","https:\/\/x.com\/AcuarioSupremus","https:\/\/www.instagram.com\/acuariosupremus\/?hl=es"]}]}},"jetpack_sharing_enabled":true,"_links":{"self":[{"href":"https:\/\/acuariosupremus.com\/index.php?rest_route=\/wp\/v2\/product\/13851","targetHints":{"allow":["GET"]}}],"collection":[{"href":"https:\/\/acuariosupremus.com\/index.php?rest_route=\/wp\/v2\/product"}],"about":[{"href":"https:\/\/acuariosupremus.com\/index.php?rest_route=\/wp\/v2\/types\/product"}],"wp:featuredmedia":[{"embeddable":true,"href":"https:\/\/acuariosupremus.com\/index.php?rest_route=\/wp\/v2\/media\/13852"}],"wp:attachment":[{"href":"https:\/\/acuariosupremus.com\/index.php?rest_route=%2Fwp%2Fv2%2Fmedia&parent=13851"}],"wp:term":[{"taxonomy":"product_brand","embeddable":true,"href":"https:\/\/acuariosupremus.com\/index.php?rest_route=%2Fwp%2Fv2%2Fproduct_brand&post=13851"},{"taxonomy":"product_cat","embeddable":true,"href":"https:\/\/acuariosupremus.com\/index.php?rest_route=%2Fwp%2Fv2%2Fproduct_cat&post=13851"},{"taxonomy":"product_tag","embeddable":true,"href":"https:\/\/acuariosupremus.com\/index.php?rest_route=%2Fwp%2Fv2%2Fproduct_tag&post=13851"}],"curies":[{"name":"wp","href":"https:\/\/api.w.org\/{rel}","templated":true}]}}