{"id":13855,"date":"2025-05-21T20:31:17","date_gmt":"2025-05-22T02:31:17","guid":{"rendered":"https:\/\/acuariosupremus.com\/?post_type=product&#038;p=13855"},"modified":"2025-12-20T19:30:01","modified_gmt":"2025-12-21T01:30:01","slug":"bisturi-para-uso-en-acuarios-20-mm","status":"publish","type":"product","link":"https:\/\/acuariosupremus.com\/?product=bisturi-para-uso-en-acuarios-20-mm","title":{"rendered":"Bistur\u00ed para uso en acuarios 20 mm"},"content":{"rendered":"<p><span class=\"fontstyle0\">Este bistur\u00ed de acero inoxidable quir\u00fargico de calidad Premium est\u00e1 dise\u00f1ado principalmente para ser usado en acuarios de agua salada, pero se puede utilizar con seguridad e agua dulce. El extraordinario filo de la hoja puede cortar con facilidad y precisi\u00f3n el tejido blando de corales y plantas. Es una excelente herramienta a la hora de realizar cortes para propagaci\u00f3n de corales y plantas o tambi\u00e9n para practicar necropsias<\/span><\/p>\n<p>Tama\u00f1o mm.<br \/>\n123 x 9 x 3 (l x a x h)<br \/>\nMedidas embalaje:<br \/>\n255 x 102 x 8 (l x a x h mm.)<br \/>\nPeso<br \/>\n20 (gramos)<br \/>\nPeso con embalaje:<br \/>\n50 (gramos)<\/p>\n","protected":false},"excerpt":{"rendered":"<p><span class=\"fontstyle0\">Bistur\u00ed de 20mm en acero inoxidable quir\u00fargico para practicar precisos cortes en tejidos de corales blandos o plantas. Es muy \u00fatil tanto en agua dulce como salada. <\/span><\/p>\n<p>&nbsp;<\/p>\n","protected":false},"featured_media":13856,"template":"","meta":[],"product_brand":[125],"product_cat":[40,94],"product_tag":[542],"class_list":{"0":"post-13855","1":"product","2":"type-product","3":"status-publish","4":"has-post-thumbnail","6":"product_brand-aquavitro","7":"product_cat-peces","8":"product_cat-arrecife","9":"product_tag-pinzas-corales-y-plantas","11":"first","12":"instock","13":"sale","14":"shipping-taxable","15":"purchasable","16":"product-type-simple"},"yoast_head":"<!-- This site is optimized with the Yoast SEO plugin v27.4 - https:\/\/yoast.com\/product\/yoast-seo-wordpress\/ -->\n<title>Bistur\u00ed para uso en acuarios 20 mm | Acuario Supremus<\/title>\n<meta name=\"description\" content=\"Bistur\u00ed de 20mm en acero inoxidable quir\u00fargico para practicar precisos cortes en tejidos de corales blandos o plantas. Es para en agua dulce como salada.\" \/>\n<meta name=\"robots\" content=\"index, follow, max-snippet:-1, max-image-preview:large, max-video-preview:-1\" \/>\n<link rel=\"canonical\" href=\"https:\/\/acuariosupremus.com\/?product=bisturi-para-uso-en-acuarios-20-mm\" \/>\n<meta property=\"og:locale\" content=\"es_MX\" \/>\n<meta property=\"og:type\" content=\"article\" \/>\n<meta property=\"og:title\" content=\"Bistur\u00ed para uso en acuarios 20 mm | Acuario Supremus\" \/>\n<meta property=\"og:description\" content=\"Bistur\u00ed de 20mm en acero inoxidable quir\u00fargico para practicar precisos cortes en tejidos de corales blandos o plantas. Es para en agua dulce como salada.\" \/>\n<meta property=\"og:url\" content=\"https:\/\/acuariosupremus.com\/?product=bisturi-para-uso-en-acuarios-20-mm\" \/>\n<meta property=\"og:site_name\" content=\"Acuario Supremus\" \/>\n<meta property=\"article:publisher\" content=\"https:\/\/www.facebook.com\/AcuarioSupremus\" \/>\n<meta property=\"article:modified_time\" content=\"2025-12-21T01:30:01+00:00\" \/>\n<meta property=\"og:image\" content=\"https:\/\/acuariosupremus.com\/wp-content\/uploads\/2025\/05\/aquavitro_scalpel_20mm_02.jpg\" \/>\n\t<meta property=\"og:image:width\" content=\"1250\" \/>\n\t<meta property=\"og:image:height\" content=\"1250\" \/>\n\t<meta property=\"og:image:type\" content=\"image\/jpeg\" \/>\n<meta name=\"twitter:card\" content=\"summary_large_image\" \/>\n<meta name=\"twitter:site\" content=\"@AcuarioSupremus\" \/>\n<meta name=\"twitter:label1\" content=\"Tiempo de lectura\" \/>\n\t<meta name=\"twitter:data1\" content=\"1 minuto\" \/>\n<script type=\"application\/ld+json\" class=\"yoast-schema-graph\">{\"@context\":\"https:\\\/\\\/schema.org\",\"@graph\":[{\"@type\":\"WebPage\",\"@id\":\"https:\\\/\\\/acuariosupremus.com\\\/?product=bisturi-para-uso-en-acuarios-20-mm\",\"url\":\"https:\\\/\\\/acuariosupremus.com\\\/?product=bisturi-para-uso-en-acuarios-20-mm\",\"name\":\"Bistur\u00ed para uso en acuarios 20 mm | Acuario Supremus\",\"isPartOf\":{\"@id\":\"https:\\\/\\\/acuariosupremus.com\\\/#website\"},\"primaryImageOfPage\":{\"@id\":\"https:\\\/\\\/acuariosupremus.com\\\/?product=bisturi-para-uso-en-acuarios-20-mm#primaryimage\"},\"image\":{\"@id\":\"https:\\\/\\\/acuariosupremus.com\\\/?product=bisturi-para-uso-en-acuarios-20-mm#primaryimage\"},\"thumbnailUrl\":\"https:\\\/\\\/acuariosupremus.com\\\/wp-content\\\/uploads\\\/2025\\\/05\\\/aquavitro_scalpel_20mm_02.jpg\",\"datePublished\":\"2025-05-22T02:31:17+00:00\",\"dateModified\":\"2025-12-21T01:30:01+00:00\",\"description\":\"Bistur\u00ed de 20mm en acero inoxidable quir\u00fargico para practicar precisos cortes en tejidos de corales blandos o plantas. Es para en agua dulce como salada.\",\"breadcrumb\":{\"@id\":\"https:\\\/\\\/acuariosupremus.com\\\/?product=bisturi-para-uso-en-acuarios-20-mm#breadcrumb\"},\"inLanguage\":\"es\",\"potentialAction\":[{\"@type\":\"ReadAction\",\"target\":[\"https:\\\/\\\/acuariosupremus.com\\\/?product=bisturi-para-uso-en-acuarios-20-mm\"]}]},{\"@type\":\"ImageObject\",\"inLanguage\":\"es\",\"@id\":\"https:\\\/\\\/acuariosupremus.com\\\/?product=bisturi-para-uso-en-acuarios-20-mm#primaryimage\",\"url\":\"https:\\\/\\\/acuariosupremus.com\\\/wp-content\\\/uploads\\\/2025\\\/05\\\/aquavitro_scalpel_20mm_02.jpg\",\"contentUrl\":\"https:\\\/\\\/acuariosupremus.com\\\/wp-content\\\/uploads\\\/2025\\\/05\\\/aquavitro_scalpel_20mm_02.jpg\",\"width\":1250,\"height\":1250},{\"@type\":\"BreadcrumbList\",\"@id\":\"https:\\\/\\\/acuariosupremus.com\\\/?product=bisturi-para-uso-en-acuarios-20-mm#breadcrumb\",\"itemListElement\":[{\"@type\":\"ListItem\",\"position\":1,\"name\":\"Portada\",\"item\":\"https:\\\/\\\/acuariosupremus.com\\\/\"},{\"@type\":\"ListItem\",\"position\":2,\"name\":\"Tienda\",\"item\":\"https:\\\/\\\/acuariosupremus.com\\\/tienda\\\/\"},{\"@type\":\"ListItem\",\"position\":3,\"name\":\"Bistur\u00ed para uso en acuarios 20 mm\"}]},{\"@type\":\"WebSite\",\"@id\":\"https:\\\/\\\/acuariosupremus.com\\\/#website\",\"url\":\"https:\\\/\\\/acuariosupremus.com\\\/\",\"name\":\"Acuario Supremus\",\"description\":\"Peces, Peceras y Mascotas.\",\"publisher\":{\"@id\":\"https:\\\/\\\/acuariosupremus.com\\\/#organization\"},\"potentialAction\":[{\"@type\":\"SearchAction\",\"target\":{\"@type\":\"EntryPoint\",\"urlTemplate\":\"https:\\\/\\\/acuariosupremus.com\\\/?s={search_term_string}\"},\"query-input\":{\"@type\":\"PropertyValueSpecification\",\"valueRequired\":true,\"valueName\":\"search_term_string\"}}],\"inLanguage\":\"es\"},{\"@type\":\"Organization\",\"@id\":\"https:\\\/\\\/acuariosupremus.com\\\/#organization\",\"name\":\"Acuario Supremus\",\"url\":\"https:\\\/\\\/acuariosupremus.com\\\/\",\"logo\":{\"@type\":\"ImageObject\",\"inLanguage\":\"es\",\"@id\":\"https:\\\/\\\/acuariosupremus.com\\\/#\\\/schema\\\/logo\\\/image\\\/\",\"url\":\"https:\\\/\\\/acuariosupremus.com\\\/wp-content\\\/uploads\\\/2021\\\/12\\\/cropped-logo_acuario_supremus_fn-2.png\",\"contentUrl\":\"https:\\\/\\\/acuariosupremus.com\\\/wp-content\\\/uploads\\\/2021\\\/12\\\/cropped-logo_acuario_supremus_fn-2.png\",\"width\":1000,\"height\":318,\"caption\":\"Acuario Supremus\"},\"image\":{\"@id\":\"https:\\\/\\\/acuariosupremus.com\\\/#\\\/schema\\\/logo\\\/image\\\/\"},\"sameAs\":[\"https:\\\/\\\/www.facebook.com\\\/AcuarioSupremus\",\"https:\\\/\\\/x.com\\\/AcuarioSupremus\",\"https:\\\/\\\/www.instagram.com\\\/acuariosupremus\\\/?hl=es\"]}]}<\/script>\n<!-- \/ Yoast SEO plugin. -->","yoast_head_json":{"title":"Bistur\u00ed para uso en acuarios 20 mm | Acuario Supremus","description":"Bistur\u00ed de 20mm en acero inoxidable quir\u00fargico para practicar precisos cortes en tejidos de corales blandos o plantas. Es para en agua dulce como salada.","robots":{"index":"index","follow":"follow","max-snippet":"max-snippet:-1","max-image-preview":"max-image-preview:large","max-video-preview":"max-video-preview:-1"},"canonical":"https:\/\/acuariosupremus.com\/?product=bisturi-para-uso-en-acuarios-20-mm","og_locale":"es_MX","og_type":"article","og_title":"Bistur\u00ed para uso en acuarios 20 mm | Acuario Supremus","og_description":"Bistur\u00ed de 20mm en acero inoxidable quir\u00fargico para practicar precisos cortes en tejidos de corales blandos o plantas. Es para en agua dulce como salada.","og_url":"https:\/\/acuariosupremus.com\/?product=bisturi-para-uso-en-acuarios-20-mm","og_site_name":"Acuario Supremus","article_publisher":"https:\/\/www.facebook.com\/AcuarioSupremus","article_modified_time":"2025-12-21T01:30:01+00:00","og_image":[{"width":1250,"height":1250,"url":"https:\/\/acuariosupremus.com\/wp-content\/uploads\/2025\/05\/aquavitro_scalpel_20mm_02.jpg","type":"image\/jpeg"}],"twitter_card":"summary_large_image","twitter_site":"@AcuarioSupremus","twitter_misc":{"Tiempo de lectura":"1 minuto"},"schema":{"@context":"https:\/\/schema.org","@graph":[{"@type":"WebPage","@id":"https:\/\/acuariosupremus.com\/?product=bisturi-para-uso-en-acuarios-20-mm","url":"https:\/\/acuariosupremus.com\/?product=bisturi-para-uso-en-acuarios-20-mm","name":"Bistur\u00ed para uso en acuarios 20 mm | Acuario Supremus","isPartOf":{"@id":"https:\/\/acuariosupremus.com\/#website"},"primaryImageOfPage":{"@id":"https:\/\/acuariosupremus.com\/?product=bisturi-para-uso-en-acuarios-20-mm#primaryimage"},"image":{"@id":"https:\/\/acuariosupremus.com\/?product=bisturi-para-uso-en-acuarios-20-mm#primaryimage"},"thumbnailUrl":"https:\/\/acuariosupremus.com\/wp-content\/uploads\/2025\/05\/aquavitro_scalpel_20mm_02.jpg","datePublished":"2025-05-22T02:31:17+00:00","dateModified":"2025-12-21T01:30:01+00:00","description":"Bistur\u00ed de 20mm en acero inoxidable quir\u00fargico para practicar precisos cortes en tejidos de corales blandos o plantas. Es para en agua dulce como salada.","breadcrumb":{"@id":"https:\/\/acuariosupremus.com\/?product=bisturi-para-uso-en-acuarios-20-mm#breadcrumb"},"inLanguage":"es","potentialAction":[{"@type":"ReadAction","target":["https:\/\/acuariosupremus.com\/?product=bisturi-para-uso-en-acuarios-20-mm"]}]},{"@type":"ImageObject","inLanguage":"es","@id":"https:\/\/acuariosupremus.com\/?product=bisturi-para-uso-en-acuarios-20-mm#primaryimage","url":"https:\/\/acuariosupremus.com\/wp-content\/uploads\/2025\/05\/aquavitro_scalpel_20mm_02.jpg","contentUrl":"https:\/\/acuariosupremus.com\/wp-content\/uploads\/2025\/05\/aquavitro_scalpel_20mm_02.jpg","width":1250,"height":1250},{"@type":"BreadcrumbList","@id":"https:\/\/acuariosupremus.com\/?product=bisturi-para-uso-en-acuarios-20-mm#breadcrumb","itemListElement":[{"@type":"ListItem","position":1,"name":"Portada","item":"https:\/\/acuariosupremus.com\/"},{"@type":"ListItem","position":2,"name":"Tienda","item":"https:\/\/acuariosupremus.com\/tienda\/"},{"@type":"ListItem","position":3,"name":"Bistur\u00ed para uso en acuarios 20 mm"}]},{"@type":"WebSite","@id":"https:\/\/acuariosupremus.com\/#website","url":"https:\/\/acuariosupremus.com\/","name":"Acuario Supremus","description":"Peces, Peceras y Mascotas.","publisher":{"@id":"https:\/\/acuariosupremus.com\/#organization"},"potentialAction":[{"@type":"SearchAction","target":{"@type":"EntryPoint","urlTemplate":"https:\/\/acuariosupremus.com\/?s={search_term_string}"},"query-input":{"@type":"PropertyValueSpecification","valueRequired":true,"valueName":"search_term_string"}}],"inLanguage":"es"},{"@type":"Organization","@id":"https:\/\/acuariosupremus.com\/#organization","name":"Acuario Supremus","url":"https:\/\/acuariosupremus.com\/","logo":{"@type":"ImageObject","inLanguage":"es","@id":"https:\/\/acuariosupremus.com\/#\/schema\/logo\/image\/","url":"https:\/\/acuariosupremus.com\/wp-content\/uploads\/2021\/12\/cropped-logo_acuario_supremus_fn-2.png","contentUrl":"https:\/\/acuariosupremus.com\/wp-content\/uploads\/2021\/12\/cropped-logo_acuario_supremus_fn-2.png","width":1000,"height":318,"caption":"Acuario Supremus"},"image":{"@id":"https:\/\/acuariosupremus.com\/#\/schema\/logo\/image\/"},"sameAs":["https:\/\/www.facebook.com\/AcuarioSupremus","https:\/\/x.com\/AcuarioSupremus","https:\/\/www.instagram.com\/acuariosupremus\/?hl=es"]}]}},"jetpack_sharing_enabled":true,"_links":{"self":[{"href":"https:\/\/acuariosupremus.com\/index.php?rest_route=\/wp\/v2\/product\/13855","targetHints":{"allow":["GET"]}}],"collection":[{"href":"https:\/\/acuariosupremus.com\/index.php?rest_route=\/wp\/v2\/product"}],"about":[{"href":"https:\/\/acuariosupremus.com\/index.php?rest_route=\/wp\/v2\/types\/product"}],"wp:featuredmedia":[{"embeddable":true,"href":"https:\/\/acuariosupremus.com\/index.php?rest_route=\/wp\/v2\/media\/13856"}],"wp:attachment":[{"href":"https:\/\/acuariosupremus.com\/index.php?rest_route=%2Fwp%2Fv2%2Fmedia&parent=13855"}],"wp:term":[{"taxonomy":"product_brand","embeddable":true,"href":"https:\/\/acuariosupremus.com\/index.php?rest_route=%2Fwp%2Fv2%2Fproduct_brand&post=13855"},{"taxonomy":"product_cat","embeddable":true,"href":"https:\/\/acuariosupremus.com\/index.php?rest_route=%2Fwp%2Fv2%2Fproduct_cat&post=13855"},{"taxonomy":"product_tag","embeddable":true,"href":"https:\/\/acuariosupremus.com\/index.php?rest_route=%2Fwp%2Fv2%2Fproduct_tag&post=13855"}],"curies":[{"name":"wp","href":"https:\/\/api.w.org\/{rel}","templated":true}]}}