{"id":13862,"date":"2025-05-22T14:39:51","date_gmt":"2025-05-22T20:39:51","guid":{"rendered":"https:\/\/acuariosupremus.com\/?post_type=product&#038;p=13862"},"modified":"2026-01-21T15:23:49","modified_gmt":"2026-01-21T21:23:49","slug":"tapete-entrenador-soft-pad-bambu-14-pz","status":"publish","type":"product","link":"https:\/\/acuariosupremus.com\/?product=tapete-entrenador-soft-pad-bambu-14-pz","title":{"rendered":"TAPETE ENTRENADOR SOFT PAD BAMBU &#8211; 14 PZ"},"content":{"rendered":"<p>ECOLOGICOS Y SOSTENIBLES: Fabricados con bamb\u00fa, un recurso renovable que crece r\u00e1pidamente. ALTA ABSORCI\u00cdN Y SIN DERRAMES: Su estructura de cinco capas y cubierta antiderrames garantiza una absorci\u00f3n r\u00e1pida y eficiente.NEUTRALIZACI\u00d3N DE OLORES: Gracias al \u201cbamb\u00fa kun\u201d, agente antibacteriano natural, los tapetes neutralizan eficazmente los malos olores. F\u00c1CIL FIJACI\u00d3N Y ESTABILIDAD: Los parches adhesivos integrados aseguran que los tapetes se mantengan en su lugar, evitando movimientos y deslizamientos indeseados. FACILITAN EL ENTRENAMIENTO: El atrayente incorporado gu\u00eda a tu perro hacia el lugar correcto para hacer sus necesidades, simplificando el proceso.<br \/>\nRecomendaciones:<\/p>\n<p>Contenido:<br \/>\n<strong>14 piezas<\/strong><\/p>\n","protected":false},"excerpt":{"rendered":"<p>Tapete entrenador de bamb\u00fa, una opci\u00f3n ecol\u00f3gica y eficiente para el entrenamiento de tu perro. Fabricados con materiales amigables con el medio ambiente, estos tapetes utilizan bamb\u00fa, que crece r\u00e1pidamente sin pesticidas ni fertilizantes, ofreciendo una soluci\u00f3n sostenible. Con cinco capas de protecci\u00f3n, estos tapetes aseguran una r\u00e1pida absorci\u00f3n y neutralizaci\u00f3n de olores gracias al \u201cbamb\u00fa kun\u201d, un agente antibacteriano natural, incluyen parches adhesivos para mantenerlos en su lugar, una cubierta antiderrame y un atrayente incorporado que facilita el entrenamiento de tu mascota.<\/p>\n","protected":false},"featured_media":13863,"template":"","meta":[],"product_brand":[106],"product_cat":[73,74],"product_tag":[339],"class_list":{"0":"post-13862","1":"product","2":"type-product","3":"status-publish","4":"has-post-thumbnail","6":"product_brand-fancypets","7":"product_cat-perros","8":"product_cat-belleza-e-higiene-perros","9":"product_tag-panal-perros","11":"first","12":"instock","13":"sale","14":"shipping-taxable","15":"purchasable","16":"product-type-simple"},"yoast_head":"<!-- This site is optimized with the Yoast SEO plugin v27.4 - https:\/\/yoast.com\/product\/yoast-seo-wordpress\/ -->\n<title>TAPETE ENTRENADOR SOFT PAD BAMBU - 14 PZ | Acuario Supremus<\/title>\n<meta name=\"description\" content=\"Tapete entrenador de bamb\u00fa, una opci\u00f3n ecol\u00f3gica y eficiente para el entrenamiento de tu perro. Fabricados con materiales amigables con el medio ambiente\" \/>\n<meta name=\"robots\" content=\"index, follow, max-snippet:-1, max-image-preview:large, max-video-preview:-1\" \/>\n<link rel=\"canonical\" href=\"https:\/\/acuariosupremus.com\/?product=tapete-entrenador-soft-pad-bambu-14-pz\" \/>\n<meta property=\"og:locale\" content=\"es_MX\" \/>\n<meta property=\"og:type\" content=\"article\" \/>\n<meta property=\"og:title\" content=\"TAPETE ENTRENADOR SOFT PAD BAMBU - 14 PZ | Acuario Supremus\" \/>\n<meta property=\"og:description\" content=\"Tapete entrenador de bamb\u00fa, una opci\u00f3n ecol\u00f3gica y eficiente para el entrenamiento de tu perro. Fabricados con materiales amigables con el medio ambiente\" \/>\n<meta property=\"og:url\" content=\"https:\/\/acuariosupremus.com\/?product=tapete-entrenador-soft-pad-bambu-14-pz\" \/>\n<meta property=\"og:site_name\" content=\"Acuario Supremus\" \/>\n<meta property=\"article:publisher\" content=\"https:\/\/www.facebook.com\/AcuarioSupremus\" \/>\n<meta property=\"article:modified_time\" content=\"2026-01-21T21:23:49+00:00\" \/>\n<meta property=\"og:image\" content=\"https:\/\/acuariosupremus.com\/wp-content\/uploads\/2025\/05\/FL1916.png\" \/>\n\t<meta property=\"og:image:width\" content=\"600\" \/>\n\t<meta property=\"og:image:height\" content=\"600\" \/>\n\t<meta property=\"og:image:type\" content=\"image\/png\" \/>\n<meta name=\"twitter:card\" content=\"summary_large_image\" \/>\n<meta name=\"twitter:site\" content=\"@AcuarioSupremus\" \/>\n<meta name=\"twitter:label1\" content=\"Tiempo de lectura\" \/>\n\t<meta name=\"twitter:data1\" content=\"1 minuto\" \/>\n<script type=\"application\/ld+json\" class=\"yoast-schema-graph\">{\"@context\":\"https:\\\/\\\/schema.org\",\"@graph\":[{\"@type\":\"WebPage\",\"@id\":\"https:\\\/\\\/acuariosupremus.com\\\/?product=tapete-entrenador-soft-pad-bambu-14-pz\",\"url\":\"https:\\\/\\\/acuariosupremus.com\\\/?product=tapete-entrenador-soft-pad-bambu-14-pz\",\"name\":\"TAPETE ENTRENADOR SOFT PAD BAMBU - 14 PZ | Acuario Supremus\",\"isPartOf\":{\"@id\":\"https:\\\/\\\/acuariosupremus.com\\\/#website\"},\"primaryImageOfPage\":{\"@id\":\"https:\\\/\\\/acuariosupremus.com\\\/?product=tapete-entrenador-soft-pad-bambu-14-pz#primaryimage\"},\"image\":{\"@id\":\"https:\\\/\\\/acuariosupremus.com\\\/?product=tapete-entrenador-soft-pad-bambu-14-pz#primaryimage\"},\"thumbnailUrl\":\"https:\\\/\\\/acuariosupremus.com\\\/wp-content\\\/uploads\\\/2025\\\/05\\\/FL1916.png\",\"datePublished\":\"2025-05-22T20:39:51+00:00\",\"dateModified\":\"2026-01-21T21:23:49+00:00\",\"description\":\"Tapete entrenador de bamb\u00fa, una opci\u00f3n ecol\u00f3gica y eficiente para el entrenamiento de tu perro. Fabricados con materiales amigables con el medio ambiente\",\"breadcrumb\":{\"@id\":\"https:\\\/\\\/acuariosupremus.com\\\/?product=tapete-entrenador-soft-pad-bambu-14-pz#breadcrumb\"},\"inLanguage\":\"es\",\"potentialAction\":[{\"@type\":\"ReadAction\",\"target\":[\"https:\\\/\\\/acuariosupremus.com\\\/?product=tapete-entrenador-soft-pad-bambu-14-pz\"]}]},{\"@type\":\"ImageObject\",\"inLanguage\":\"es\",\"@id\":\"https:\\\/\\\/acuariosupremus.com\\\/?product=tapete-entrenador-soft-pad-bambu-14-pz#primaryimage\",\"url\":\"https:\\\/\\\/acuariosupremus.com\\\/wp-content\\\/uploads\\\/2025\\\/05\\\/FL1916.png\",\"contentUrl\":\"https:\\\/\\\/acuariosupremus.com\\\/wp-content\\\/uploads\\\/2025\\\/05\\\/FL1916.png\",\"width\":600,\"height\":600},{\"@type\":\"BreadcrumbList\",\"@id\":\"https:\\\/\\\/acuariosupremus.com\\\/?product=tapete-entrenador-soft-pad-bambu-14-pz#breadcrumb\",\"itemListElement\":[{\"@type\":\"ListItem\",\"position\":1,\"name\":\"Portada\",\"item\":\"https:\\\/\\\/acuariosupremus.com\\\/\"},{\"@type\":\"ListItem\",\"position\":2,\"name\":\"Tienda\",\"item\":\"https:\\\/\\\/acuariosupremus.com\\\/tienda\\\/\"},{\"@type\":\"ListItem\",\"position\":3,\"name\":\"TAPETE ENTRENADOR SOFT PAD BAMBU &#8211; 14 PZ\"}]},{\"@type\":\"WebSite\",\"@id\":\"https:\\\/\\\/acuariosupremus.com\\\/#website\",\"url\":\"https:\\\/\\\/acuariosupremus.com\\\/\",\"name\":\"Acuario Supremus\",\"description\":\"Peces, Peceras y Mascotas.\",\"publisher\":{\"@id\":\"https:\\\/\\\/acuariosupremus.com\\\/#organization\"},\"potentialAction\":[{\"@type\":\"SearchAction\",\"target\":{\"@type\":\"EntryPoint\",\"urlTemplate\":\"https:\\\/\\\/acuariosupremus.com\\\/?s={search_term_string}\"},\"query-input\":{\"@type\":\"PropertyValueSpecification\",\"valueRequired\":true,\"valueName\":\"search_term_string\"}}],\"inLanguage\":\"es\"},{\"@type\":\"Organization\",\"@id\":\"https:\\\/\\\/acuariosupremus.com\\\/#organization\",\"name\":\"Acuario Supremus\",\"url\":\"https:\\\/\\\/acuariosupremus.com\\\/\",\"logo\":{\"@type\":\"ImageObject\",\"inLanguage\":\"es\",\"@id\":\"https:\\\/\\\/acuariosupremus.com\\\/#\\\/schema\\\/logo\\\/image\\\/\",\"url\":\"https:\\\/\\\/acuariosupremus.com\\\/wp-content\\\/uploads\\\/2021\\\/12\\\/cropped-logo_acuario_supremus_fn-2.png\",\"contentUrl\":\"https:\\\/\\\/acuariosupremus.com\\\/wp-content\\\/uploads\\\/2021\\\/12\\\/cropped-logo_acuario_supremus_fn-2.png\",\"width\":1000,\"height\":318,\"caption\":\"Acuario Supremus\"},\"image\":{\"@id\":\"https:\\\/\\\/acuariosupremus.com\\\/#\\\/schema\\\/logo\\\/image\\\/\"},\"sameAs\":[\"https:\\\/\\\/www.facebook.com\\\/AcuarioSupremus\",\"https:\\\/\\\/x.com\\\/AcuarioSupremus\",\"https:\\\/\\\/www.instagram.com\\\/acuariosupremus\\\/?hl=es\"]}]}<\/script>\n<!-- \/ Yoast SEO plugin. -->","yoast_head_json":{"title":"TAPETE ENTRENADOR SOFT PAD BAMBU - 14 PZ | Acuario Supremus","description":"Tapete entrenador de bamb\u00fa, una opci\u00f3n ecol\u00f3gica y eficiente para el entrenamiento de tu perro. Fabricados con materiales amigables con el medio ambiente","robots":{"index":"index","follow":"follow","max-snippet":"max-snippet:-1","max-image-preview":"max-image-preview:large","max-video-preview":"max-video-preview:-1"},"canonical":"https:\/\/acuariosupremus.com\/?product=tapete-entrenador-soft-pad-bambu-14-pz","og_locale":"es_MX","og_type":"article","og_title":"TAPETE ENTRENADOR SOFT PAD BAMBU - 14 PZ | Acuario Supremus","og_description":"Tapete entrenador de bamb\u00fa, una opci\u00f3n ecol\u00f3gica y eficiente para el entrenamiento de tu perro. Fabricados con materiales amigables con el medio ambiente","og_url":"https:\/\/acuariosupremus.com\/?product=tapete-entrenador-soft-pad-bambu-14-pz","og_site_name":"Acuario Supremus","article_publisher":"https:\/\/www.facebook.com\/AcuarioSupremus","article_modified_time":"2026-01-21T21:23:49+00:00","og_image":[{"width":600,"height":600,"url":"https:\/\/acuariosupremus.com\/wp-content\/uploads\/2025\/05\/FL1916.png","type":"image\/png"}],"twitter_card":"summary_large_image","twitter_site":"@AcuarioSupremus","twitter_misc":{"Tiempo de lectura":"1 minuto"},"schema":{"@context":"https:\/\/schema.org","@graph":[{"@type":"WebPage","@id":"https:\/\/acuariosupremus.com\/?product=tapete-entrenador-soft-pad-bambu-14-pz","url":"https:\/\/acuariosupremus.com\/?product=tapete-entrenador-soft-pad-bambu-14-pz","name":"TAPETE ENTRENADOR SOFT PAD BAMBU - 14 PZ | Acuario Supremus","isPartOf":{"@id":"https:\/\/acuariosupremus.com\/#website"},"primaryImageOfPage":{"@id":"https:\/\/acuariosupremus.com\/?product=tapete-entrenador-soft-pad-bambu-14-pz#primaryimage"},"image":{"@id":"https:\/\/acuariosupremus.com\/?product=tapete-entrenador-soft-pad-bambu-14-pz#primaryimage"},"thumbnailUrl":"https:\/\/acuariosupremus.com\/wp-content\/uploads\/2025\/05\/FL1916.png","datePublished":"2025-05-22T20:39:51+00:00","dateModified":"2026-01-21T21:23:49+00:00","description":"Tapete entrenador de bamb\u00fa, una opci\u00f3n ecol\u00f3gica y eficiente para el entrenamiento de tu perro. Fabricados con materiales amigables con el medio ambiente","breadcrumb":{"@id":"https:\/\/acuariosupremus.com\/?product=tapete-entrenador-soft-pad-bambu-14-pz#breadcrumb"},"inLanguage":"es","potentialAction":[{"@type":"ReadAction","target":["https:\/\/acuariosupremus.com\/?product=tapete-entrenador-soft-pad-bambu-14-pz"]}]},{"@type":"ImageObject","inLanguage":"es","@id":"https:\/\/acuariosupremus.com\/?product=tapete-entrenador-soft-pad-bambu-14-pz#primaryimage","url":"https:\/\/acuariosupremus.com\/wp-content\/uploads\/2025\/05\/FL1916.png","contentUrl":"https:\/\/acuariosupremus.com\/wp-content\/uploads\/2025\/05\/FL1916.png","width":600,"height":600},{"@type":"BreadcrumbList","@id":"https:\/\/acuariosupremus.com\/?product=tapete-entrenador-soft-pad-bambu-14-pz#breadcrumb","itemListElement":[{"@type":"ListItem","position":1,"name":"Portada","item":"https:\/\/acuariosupremus.com\/"},{"@type":"ListItem","position":2,"name":"Tienda","item":"https:\/\/acuariosupremus.com\/tienda\/"},{"@type":"ListItem","position":3,"name":"TAPETE ENTRENADOR SOFT PAD BAMBU &#8211; 14 PZ"}]},{"@type":"WebSite","@id":"https:\/\/acuariosupremus.com\/#website","url":"https:\/\/acuariosupremus.com\/","name":"Acuario Supremus","description":"Peces, Peceras y Mascotas.","publisher":{"@id":"https:\/\/acuariosupremus.com\/#organization"},"potentialAction":[{"@type":"SearchAction","target":{"@type":"EntryPoint","urlTemplate":"https:\/\/acuariosupremus.com\/?s={search_term_string}"},"query-input":{"@type":"PropertyValueSpecification","valueRequired":true,"valueName":"search_term_string"}}],"inLanguage":"es"},{"@type":"Organization","@id":"https:\/\/acuariosupremus.com\/#organization","name":"Acuario Supremus","url":"https:\/\/acuariosupremus.com\/","logo":{"@type":"ImageObject","inLanguage":"es","@id":"https:\/\/acuariosupremus.com\/#\/schema\/logo\/image\/","url":"https:\/\/acuariosupremus.com\/wp-content\/uploads\/2021\/12\/cropped-logo_acuario_supremus_fn-2.png","contentUrl":"https:\/\/acuariosupremus.com\/wp-content\/uploads\/2021\/12\/cropped-logo_acuario_supremus_fn-2.png","width":1000,"height":318,"caption":"Acuario Supremus"},"image":{"@id":"https:\/\/acuariosupremus.com\/#\/schema\/logo\/image\/"},"sameAs":["https:\/\/www.facebook.com\/AcuarioSupremus","https:\/\/x.com\/AcuarioSupremus","https:\/\/www.instagram.com\/acuariosupremus\/?hl=es"]}]}},"jetpack_sharing_enabled":true,"_links":{"self":[{"href":"https:\/\/acuariosupremus.com\/index.php?rest_route=\/wp\/v2\/product\/13862","targetHints":{"allow":["GET"]}}],"collection":[{"href":"https:\/\/acuariosupremus.com\/index.php?rest_route=\/wp\/v2\/product"}],"about":[{"href":"https:\/\/acuariosupremus.com\/index.php?rest_route=\/wp\/v2\/types\/product"}],"wp:featuredmedia":[{"embeddable":true,"href":"https:\/\/acuariosupremus.com\/index.php?rest_route=\/wp\/v2\/media\/13863"}],"wp:attachment":[{"href":"https:\/\/acuariosupremus.com\/index.php?rest_route=%2Fwp%2Fv2%2Fmedia&parent=13862"}],"wp:term":[{"taxonomy":"product_brand","embeddable":true,"href":"https:\/\/acuariosupremus.com\/index.php?rest_route=%2Fwp%2Fv2%2Fproduct_brand&post=13862"},{"taxonomy":"product_cat","embeddable":true,"href":"https:\/\/acuariosupremus.com\/index.php?rest_route=%2Fwp%2Fv2%2Fproduct_cat&post=13862"},{"taxonomy":"product_tag","embeddable":true,"href":"https:\/\/acuariosupremus.com\/index.php?rest_route=%2Fwp%2Fv2%2Fproduct_tag&post=13862"}],"curies":[{"name":"wp","href":"https:\/\/api.w.org\/{rel}","templated":true}]}}