{"id":13865,"date":"2025-05-22T14:55:23","date_gmt":"2025-05-22T20:55:23","guid":{"rendered":"https:\/\/acuariosupremus.com\/?post_type=product&#038;p=13865"},"modified":"2025-05-22T15:33:49","modified_gmt":"2025-05-22T21:33:49","slug":"alimento-lomas-spirulina-boost-p-japones-70-gr","status":"publish","type":"product","link":"https:\/\/acuariosupremus.com\/?product=alimento-lomas-spirulina-boost-p-japones-70-gr","title":{"rendered":"ALIMENTO LOMAS SPIRULINA BOOST P\/JAPONES 70 GR"},"content":{"rendered":"<p>Nutrici\u00f3n equilibrada: Formulado con ingredientes de origen vegetal que satisfacen los requerimientos nutricionales espec\u00edficos de los peces japoneses, asegurando una dieta completa y balanceada. Facilidad de digesti\u00f3n: La espirulina, junto con otros ingredientes de alta calidad, facilita la digesti\u00f3n, ayudando a los peces a absorber mejor los nutrientes y reduciendo los desechos en el acuario. Fortalecimiento del sistema inmunol\u00f3gico: La vitamina C estabilizada y otros micronutrientes fortifican el sistema inmune de los peces, ayud\u00e1ndolos a resistir enfermedades y manteni\u00e9ndolos saludables.<\/p>\n<p>Ingredientes:<br \/>\nEspirulina, gluten de ma\u00edz, ma\u00edz entero, harina de trigo, germen de trigo, gluten de trigo, cascarilla de trigo, harina de linaza, harina de canola, harina de soya, concentrado de prote\u00edna de soya, prote\u00edna de ch\u00edcharo, levadura de cerveza, harina de ma\u00edz, harina de arroz, harina de alfalfa, cebada molida, carbonato de calcio, aceite de soya, harina de espinaca, lecitina, L-Ascorbil-2fosfato (fuente de vitamina C), fosfato dic\u00e1lcico, cloruro de colina, acetato de vitamina A, acetato de d-alfa tocoferol (fuente de vitamina E), Colecalciferol (fuente de vitamina D3), fosfato de calcio, biotina, hidrocloruro de piridoxina, etoxiquina, mononitrato de tiamina, \u00e1cido f\u00f3lico, riboflavina, cianocobalamina (fuente de vitamina B12), \u00f3xido manganoso, \u00f3xido de zinc, carbonato ferroso, sulfato de cobre, sulfato de zinc, iodato de calcio, carbonato de cobalto, selenito de sodio.<\/p>\n<p>An\u00e1lisis garantizado: Prote\u00edna cruda Min. 34.0% Grasa cruda Min. 8.0% Fibra cruda Max. 4.0% Humedad Max.<br \/>\n8.0%<\/p>\n<p>Contenido:<br \/>\n<strong>70 gramos.<\/strong><\/p>\n","protected":false},"excerpt":{"rendered":"<p>Lomas\u00ae Spirulina Boost, alimento premium para peces japoneses, esta formulado con ingredientes de origen vegetal que satisfacen los requerimientos nutricionales de esta especie. El alga espirulina les ayuda en la digesti\u00f3n y acent\u00faa su color debido a los pigmentos naturales que brinda y en conjunto con la vitamina C estabilizada fortalecen su sistema inmune. Fortificado con vitaminas y minerales que promueven el crecimiento.An\u00e1lisis garantizado: Prote\u00edna cruda Min. 34.0% Grasa cruda Min. 8.0% Fibra cruda Max. 4.0% Humedad Max. 8.0%Tama\u00f1o de part\u00edcula: 2.5 mm<\/p>\n","protected":false},"featured_media":13866,"template":"","meta":[],"product_brand":[105],"product_cat":[40,43],"product_tag":[153,142,148,143],"class_list":{"0":"post-13865","1":"product","2":"type-product","3":"status-publish","4":"has-post-thumbnail","6":"product_brand-lomas","7":"product_cat-peces","8":"product_cat-alimentos","9":"product_tag-gold-fish","10":"product_tag-alimento-lomas","11":"product_tag-alimento-peces-tropicales","12":"product_tag-spirulina","14":"first","15":"instock","16":"shipping-taxable","17":"purchasable","18":"product-type-simple"},"yoast_head":"<!-- This site is optimized with the Yoast SEO plugin v27.4 - https:\/\/yoast.com\/product\/yoast-seo-wordpress\/ -->\n<title>ALIMENTO LOMAS SPIRULINA BOOST P\/JAPONES 70 GR | Acuario Supremus<\/title>\n<meta name=\"description\" content=\"Spirulina Boost, alimento para peces japoneses, esta formulado con ingredientes de origen vegetal que satisfacen los requerimientos nutricionales\" \/>\n<meta name=\"robots\" content=\"index, follow, max-snippet:-1, max-image-preview:large, max-video-preview:-1\" \/>\n<link rel=\"canonical\" href=\"https:\/\/acuariosupremus.com\/producto\/alimento-lomas-spirulina-boost-p-japones-70-gr\/\" \/>\n<meta property=\"og:locale\" content=\"es_MX\" \/>\n<meta property=\"og:type\" content=\"article\" \/>\n<meta property=\"og:title\" content=\"ALIMENTO LOMAS SPIRULINA BOOST P\/JAPONES 70 GR | Acuario Supremus\" \/>\n<meta property=\"og:description\" content=\"Spirulina Boost, alimento para peces japoneses, esta formulado con ingredientes de origen vegetal que satisfacen los requerimientos nutricionales\" \/>\n<meta property=\"og:url\" content=\"https:\/\/acuariosupremus.com\/producto\/alimento-lomas-spirulina-boost-p-japones-70-gr\/\" \/>\n<meta property=\"og:site_name\" content=\"Acuario Supremus\" \/>\n<meta property=\"article:publisher\" content=\"https:\/\/www.facebook.com\/AcuarioSupremus\" \/>\n<meta property=\"article:modified_time\" content=\"2025-05-22T21:33:49+00:00\" \/>\n<meta property=\"og:image\" content=\"https:\/\/acuariosupremus.com\/wp-content\/uploads\/2025\/05\/FL2122.png\" \/>\n\t<meta property=\"og:image:width\" content=\"600\" \/>\n\t<meta property=\"og:image:height\" content=\"600\" \/>\n\t<meta property=\"og:image:type\" content=\"image\/png\" \/>\n<meta name=\"twitter:card\" content=\"summary_large_image\" \/>\n<meta name=\"twitter:site\" content=\"@AcuarioSupremus\" \/>\n<meta name=\"twitter:label1\" content=\"Tiempo de lectura\" \/>\n\t<meta name=\"twitter:data1\" content=\"2 minutos\" \/>\n<script type=\"application\/ld+json\" class=\"yoast-schema-graph\">{\"@context\":\"https:\\\/\\\/schema.org\",\"@graph\":[{\"@type\":\"WebPage\",\"@id\":\"https:\\\/\\\/acuariosupremus.com\\\/producto\\\/alimento-lomas-spirulina-boost-p-japones-70-gr\\\/\",\"url\":\"https:\\\/\\\/acuariosupremus.com\\\/producto\\\/alimento-lomas-spirulina-boost-p-japones-70-gr\\\/\",\"name\":\"ALIMENTO LOMAS SPIRULINA BOOST P\\\/JAPONES 70 GR | Acuario Supremus\",\"isPartOf\":{\"@id\":\"https:\\\/\\\/acuariosupremus.com\\\/#website\"},\"primaryImageOfPage\":{\"@id\":\"https:\\\/\\\/acuariosupremus.com\\\/producto\\\/alimento-lomas-spirulina-boost-p-japones-70-gr\\\/#primaryimage\"},\"image\":{\"@id\":\"https:\\\/\\\/acuariosupremus.com\\\/producto\\\/alimento-lomas-spirulina-boost-p-japones-70-gr\\\/#primaryimage\"},\"thumbnailUrl\":\"https:\\\/\\\/acuariosupremus.com\\\/wp-content\\\/uploads\\\/2025\\\/05\\\/FL2122.png\",\"datePublished\":\"2025-05-22T20:55:23+00:00\",\"dateModified\":\"2025-05-22T21:33:49+00:00\",\"description\":\"Spirulina Boost, alimento para peces japoneses, esta formulado con ingredientes de origen vegetal que satisfacen los requerimientos nutricionales\",\"breadcrumb\":{\"@id\":\"https:\\\/\\\/acuariosupremus.com\\\/producto\\\/alimento-lomas-spirulina-boost-p-japones-70-gr\\\/#breadcrumb\"},\"inLanguage\":\"es\",\"potentialAction\":[{\"@type\":\"ReadAction\",\"target\":[\"https:\\\/\\\/acuariosupremus.com\\\/producto\\\/alimento-lomas-spirulina-boost-p-japones-70-gr\\\/\"]}]},{\"@type\":\"ImageObject\",\"inLanguage\":\"es\",\"@id\":\"https:\\\/\\\/acuariosupremus.com\\\/producto\\\/alimento-lomas-spirulina-boost-p-japones-70-gr\\\/#primaryimage\",\"url\":\"https:\\\/\\\/acuariosupremus.com\\\/wp-content\\\/uploads\\\/2025\\\/05\\\/FL2122.png\",\"contentUrl\":\"https:\\\/\\\/acuariosupremus.com\\\/wp-content\\\/uploads\\\/2025\\\/05\\\/FL2122.png\",\"width\":600,\"height\":600},{\"@type\":\"BreadcrumbList\",\"@id\":\"https:\\\/\\\/acuariosupremus.com\\\/producto\\\/alimento-lomas-spirulina-boost-p-japones-70-gr\\\/#breadcrumb\",\"itemListElement\":[{\"@type\":\"ListItem\",\"position\":1,\"name\":\"Portada\",\"item\":\"https:\\\/\\\/acuariosupremus.com\\\/\"},{\"@type\":\"ListItem\",\"position\":2,\"name\":\"Tienda\",\"item\":\"https:\\\/\\\/acuariosupremus.com\\\/tienda\\\/\"},{\"@type\":\"ListItem\",\"position\":3,\"name\":\"ALIMENTO LOMAS SPIRULINA BOOST P\\\/JAPONES 70 GR\"}]},{\"@type\":\"WebSite\",\"@id\":\"https:\\\/\\\/acuariosupremus.com\\\/#website\",\"url\":\"https:\\\/\\\/acuariosupremus.com\\\/\",\"name\":\"Acuario Supremus\",\"description\":\"Peces, Peceras y Mascotas.\",\"publisher\":{\"@id\":\"https:\\\/\\\/acuariosupremus.com\\\/#organization\"},\"potentialAction\":[{\"@type\":\"SearchAction\",\"target\":{\"@type\":\"EntryPoint\",\"urlTemplate\":\"https:\\\/\\\/acuariosupremus.com\\\/?s={search_term_string}\"},\"query-input\":{\"@type\":\"PropertyValueSpecification\",\"valueRequired\":true,\"valueName\":\"search_term_string\"}}],\"inLanguage\":\"es\"},{\"@type\":\"Organization\",\"@id\":\"https:\\\/\\\/acuariosupremus.com\\\/#organization\",\"name\":\"Acuario Supremus\",\"url\":\"https:\\\/\\\/acuariosupremus.com\\\/\",\"logo\":{\"@type\":\"ImageObject\",\"inLanguage\":\"es\",\"@id\":\"https:\\\/\\\/acuariosupremus.com\\\/#\\\/schema\\\/logo\\\/image\\\/\",\"url\":\"https:\\\/\\\/acuariosupremus.com\\\/wp-content\\\/uploads\\\/2021\\\/12\\\/cropped-logo_acuario_supremus_fn-2.png\",\"contentUrl\":\"https:\\\/\\\/acuariosupremus.com\\\/wp-content\\\/uploads\\\/2021\\\/12\\\/cropped-logo_acuario_supremus_fn-2.png\",\"width\":1000,\"height\":318,\"caption\":\"Acuario Supremus\"},\"image\":{\"@id\":\"https:\\\/\\\/acuariosupremus.com\\\/#\\\/schema\\\/logo\\\/image\\\/\"},\"sameAs\":[\"https:\\\/\\\/www.facebook.com\\\/AcuarioSupremus\",\"https:\\\/\\\/x.com\\\/AcuarioSupremus\",\"https:\\\/\\\/www.instagram.com\\\/acuariosupremus\\\/?hl=es\"]}]}<\/script>\n<!-- \/ Yoast SEO plugin. -->","yoast_head_json":{"title":"ALIMENTO LOMAS SPIRULINA BOOST P\/JAPONES 70 GR | Acuario Supremus","description":"Spirulina Boost, alimento para peces japoneses, esta formulado con ingredientes de origen vegetal que satisfacen los requerimientos nutricionales","robots":{"index":"index","follow":"follow","max-snippet":"max-snippet:-1","max-image-preview":"max-image-preview:large","max-video-preview":"max-video-preview:-1"},"canonical":"https:\/\/acuariosupremus.com\/producto\/alimento-lomas-spirulina-boost-p-japones-70-gr\/","og_locale":"es_MX","og_type":"article","og_title":"ALIMENTO LOMAS SPIRULINA BOOST P\/JAPONES 70 GR | Acuario Supremus","og_description":"Spirulina Boost, alimento para peces japoneses, esta formulado con ingredientes de origen vegetal que satisfacen los requerimientos nutricionales","og_url":"https:\/\/acuariosupremus.com\/producto\/alimento-lomas-spirulina-boost-p-japones-70-gr\/","og_site_name":"Acuario Supremus","article_publisher":"https:\/\/www.facebook.com\/AcuarioSupremus","article_modified_time":"2025-05-22T21:33:49+00:00","og_image":[{"width":600,"height":600,"url":"https:\/\/acuariosupremus.com\/wp-content\/uploads\/2025\/05\/FL2122.png","type":"image\/png"}],"twitter_card":"summary_large_image","twitter_site":"@AcuarioSupremus","twitter_misc":{"Tiempo de lectura":"2 minutos"},"schema":{"@context":"https:\/\/schema.org","@graph":[{"@type":"WebPage","@id":"https:\/\/acuariosupremus.com\/producto\/alimento-lomas-spirulina-boost-p-japones-70-gr\/","url":"https:\/\/acuariosupremus.com\/producto\/alimento-lomas-spirulina-boost-p-japones-70-gr\/","name":"ALIMENTO LOMAS SPIRULINA BOOST P\/JAPONES 70 GR | Acuario Supremus","isPartOf":{"@id":"https:\/\/acuariosupremus.com\/#website"},"primaryImageOfPage":{"@id":"https:\/\/acuariosupremus.com\/producto\/alimento-lomas-spirulina-boost-p-japones-70-gr\/#primaryimage"},"image":{"@id":"https:\/\/acuariosupremus.com\/producto\/alimento-lomas-spirulina-boost-p-japones-70-gr\/#primaryimage"},"thumbnailUrl":"https:\/\/acuariosupremus.com\/wp-content\/uploads\/2025\/05\/FL2122.png","datePublished":"2025-05-22T20:55:23+00:00","dateModified":"2025-05-22T21:33:49+00:00","description":"Spirulina Boost, alimento para peces japoneses, esta formulado con ingredientes de origen vegetal que satisfacen los requerimientos nutricionales","breadcrumb":{"@id":"https:\/\/acuariosupremus.com\/producto\/alimento-lomas-spirulina-boost-p-japones-70-gr\/#breadcrumb"},"inLanguage":"es","potentialAction":[{"@type":"ReadAction","target":["https:\/\/acuariosupremus.com\/producto\/alimento-lomas-spirulina-boost-p-japones-70-gr\/"]}]},{"@type":"ImageObject","inLanguage":"es","@id":"https:\/\/acuariosupremus.com\/producto\/alimento-lomas-spirulina-boost-p-japones-70-gr\/#primaryimage","url":"https:\/\/acuariosupremus.com\/wp-content\/uploads\/2025\/05\/FL2122.png","contentUrl":"https:\/\/acuariosupremus.com\/wp-content\/uploads\/2025\/05\/FL2122.png","width":600,"height":600},{"@type":"BreadcrumbList","@id":"https:\/\/acuariosupremus.com\/producto\/alimento-lomas-spirulina-boost-p-japones-70-gr\/#breadcrumb","itemListElement":[{"@type":"ListItem","position":1,"name":"Portada","item":"https:\/\/acuariosupremus.com\/"},{"@type":"ListItem","position":2,"name":"Tienda","item":"https:\/\/acuariosupremus.com\/tienda\/"},{"@type":"ListItem","position":3,"name":"ALIMENTO LOMAS SPIRULINA BOOST P\/JAPONES 70 GR"}]},{"@type":"WebSite","@id":"https:\/\/acuariosupremus.com\/#website","url":"https:\/\/acuariosupremus.com\/","name":"Acuario Supremus","description":"Peces, Peceras y Mascotas.","publisher":{"@id":"https:\/\/acuariosupremus.com\/#organization"},"potentialAction":[{"@type":"SearchAction","target":{"@type":"EntryPoint","urlTemplate":"https:\/\/acuariosupremus.com\/?s={search_term_string}"},"query-input":{"@type":"PropertyValueSpecification","valueRequired":true,"valueName":"search_term_string"}}],"inLanguage":"es"},{"@type":"Organization","@id":"https:\/\/acuariosupremus.com\/#organization","name":"Acuario Supremus","url":"https:\/\/acuariosupremus.com\/","logo":{"@type":"ImageObject","inLanguage":"es","@id":"https:\/\/acuariosupremus.com\/#\/schema\/logo\/image\/","url":"https:\/\/acuariosupremus.com\/wp-content\/uploads\/2021\/12\/cropped-logo_acuario_supremus_fn-2.png","contentUrl":"https:\/\/acuariosupremus.com\/wp-content\/uploads\/2021\/12\/cropped-logo_acuario_supremus_fn-2.png","width":1000,"height":318,"caption":"Acuario Supremus"},"image":{"@id":"https:\/\/acuariosupremus.com\/#\/schema\/logo\/image\/"},"sameAs":["https:\/\/www.facebook.com\/AcuarioSupremus","https:\/\/x.com\/AcuarioSupremus","https:\/\/www.instagram.com\/acuariosupremus\/?hl=es"]}]}},"jetpack_sharing_enabled":true,"_links":{"self":[{"href":"https:\/\/acuariosupremus.com\/index.php?rest_route=\/wp\/v2\/product\/13865","targetHints":{"allow":["GET"]}}],"collection":[{"href":"https:\/\/acuariosupremus.com\/index.php?rest_route=\/wp\/v2\/product"}],"about":[{"href":"https:\/\/acuariosupremus.com\/index.php?rest_route=\/wp\/v2\/types\/product"}],"wp:featuredmedia":[{"embeddable":true,"href":"https:\/\/acuariosupremus.com\/index.php?rest_route=\/wp\/v2\/media\/13866"}],"wp:attachment":[{"href":"https:\/\/acuariosupremus.com\/index.php?rest_route=%2Fwp%2Fv2%2Fmedia&parent=13865"}],"wp:term":[{"taxonomy":"product_brand","embeddable":true,"href":"https:\/\/acuariosupremus.com\/index.php?rest_route=%2Fwp%2Fv2%2Fproduct_brand&post=13865"},{"taxonomy":"product_cat","embeddable":true,"href":"https:\/\/acuariosupremus.com\/index.php?rest_route=%2Fwp%2Fv2%2Fproduct_cat&post=13865"},{"taxonomy":"product_tag","embeddable":true,"href":"https:\/\/acuariosupremus.com\/index.php?rest_route=%2Fwp%2Fv2%2Fproduct_tag&post=13865"}],"curies":[{"name":"wp","href":"https:\/\/api.w.org\/{rel}","templated":true}]}}