{"id":13898,"date":"2025-05-22T18:52:46","date_gmt":"2025-05-23T00:52:46","guid":{"rendered":"https:\/\/acuariosupremus.com\/?post_type=product&#038;p=13898"},"modified":"2026-02-11T16:38:09","modified_gmt":"2026-02-11T22:38:09","slug":"ms-carbodetox-tabletas-masticables-p-perros-60-tab","status":"publish","type":"product","link":"https:\/\/acuariosupremus.com\/?product=ms-carbodetox-tabletas-masticables-p-perros-60-tab","title":{"rendered":"MS CARBODETOX TABLETAS MASTICABLES P\/PERROS 60 TAB"},"content":{"rendered":"<div id=\"product.info.beneficios\" class=\"data item content\" role=\"tabpanel\" data-role=\"content\" aria-labelledby=\"tab-label-product.info.beneficios\" aria-hidden=\"false\">\n<div class=\"product attribute beneficios\">\n<div id=\"product.info.ingredientes.formulacion\" class=\"data item content\" role=\"tabpanel\" data-role=\"content\" aria-labelledby=\"tab-label-product.info.ingredientes.formulacion\" aria-hidden=\"false\">\n<div class=\"product attribute ingredientes_formulacion\">\n<div class=\"value\"><\/div>\n<div>\n<div id=\"tab-label-product.info.ingredientes.modo.de.uso\" class=\"data item title active\" tabindex=\"0\" role=\"tab\" aria-labeledby=\"tab-label-product.info.ingredientes.modo.de.uso-title\" data-role=\"collapsible\" data-collapsible=\"true\" aria-controls=\"product.info.ingredientes.modo.de.uso\" aria-selected=\"true\" aria-expanded=\"true\">MODO DE USO \/ PRECAUCIONES Y ADVERTENCIAS:<\/div>\n<div id=\"product.info.ingredientes.modo.de.uso\" class=\"data item content\" role=\"tabpanel\" data-role=\"content\" aria-labelledby=\"tab-label-product.info.ingredientes.modo.de.uso\" aria-hidden=\"false\">\n<div class=\"product attribute modo_de_uso_precuaciones_y_adv\">\n<div class=\"value\">Oral. Media tableta por cada 10 kg de peso corporal cada 12 horas (equivalente a 0.1 mg de melatonina y 5 mg de teanina por kg de peso). Se puede brindar directamente o con ayuda de la <a href=\"https:\/\/acuariosupremus.com\/producto\/pill-coat-pasta-saborizada-para-mascotas-60g\/\">Medical Solutions Pill Coat<\/a> pasta saborizada. La duraci\u00f3n del tratamiento queda a criterio de M\u00e9dico Veterinario.RECOMENDACIONES: El carb\u00f3n activado puede interferir con la absorci\u00f3n de ciertos medicamentos, lo que puede reducir su efectividad. Si el perro est\u00e1 en alg\u00fan tratamiento con medicamentos, consulte al M\u00e9dico Veterinario antes de administrar.ADVERTENCIAS: MANT\u00c9NGASE FUERA DEL ALCANCE DE LOS NI\u00d1OS Y LAS MASCOTAS. No se utilice despu\u00e9s de la fecha de caducidad. Este producto es un coadyuvante, no sustituye ning\u00fan tratamiento indicado por el M\u00e9dico Veterinario. No recomendado para emergencias de intoxicaci\u00f3n o ingesta de objetos. Contiene un desecante NO INGERIBLE, conserve dentro del envase cerrado. Mantenga el frasco en un lugar fresco, seco y protegido de la luz solar. No emplear en hembras gestantes, lactantes, ni cachorros menores de 3 meses de edad sin la supervisi\u00f3n de un M\u00e9dico Veterinario.<\/div>\n<div>Cada tableta de 1.5 g contiene: Carb\u00f3n activado 400 mg, Excipiente (Diente de le\u00f3n) c.b.p. 1500 mg.<\/div>\n<\/div>\n<\/div>\n<\/div>\n<\/div>\n<\/div>\n<\/div>\n<\/div>\n","protected":false},"excerpt":{"rendered":"<p>Fancy Pets\u00ae Medical Solutions Carbodetox para perros, tabletas masticables con carb\u00f3n activado de gran capacidad de adsorci\u00f3n para eliminar las toxinas que puedan ser ingeridas o la fermentaci\u00f3n de los alimentos que causan inflamaci\u00f3n y gases. N\u00famero de registro: Q-7290-049<\/p>\n<div id=\"tab-label-product.info.beneficios\" class=\"data item title active\" tabindex=\"0\" role=\"tab\" aria-labeledby=\"tab-label-product.info.beneficios-title\" data-role=\"collapsible\" data-collapsible=\"true\" aria-controls=\"product.info.beneficios\" aria-selected=\"true\" aria-expanded=\"true\">BENEFICIOS:<\/div>\n<div id=\"product.info.beneficios\" class=\"data item content\" role=\"tabpanel\" data-role=\"content\" aria-labelledby=\"tab-label-product.info.beneficios\" aria-hidden=\"false\">\n<div class=\"product attribute beneficios\">\n<ul>\n<li class=\"value\">Auxiliar en procesos de desintoxicaci\u00f3n<\/li>\n<li class=\"value\">Con carb\u00f3n activado y diente de le\u00f3n<\/li>\n<li class=\"value\">Reduce los gases estomacales, previniendo la inflamaci\u00f3n<\/li>\n<\/ul>\n<\/div>\n<\/div>\n","protected":false},"featured_media":13899,"template":"","meta":[],"product_brand":[108],"product_cat":[73,83],"product_tag":[954],"class_list":{"0":"post-13898","1":"product","2":"type-product","3":"status-publish","4":"has-post-thumbnail","6":"product_brand-medicalsolutions","7":"product_cat-perros","8":"product_cat-salud-perros","9":"product_tag-ms-carbodetox-perros","11":"first","12":"instock","13":"sale","14":"shipping-taxable","15":"purchasable","16":"product-type-simple"},"yoast_head":"<!-- This site is optimized with the Yoast SEO plugin v27.4 - https:\/\/yoast.com\/product\/yoast-seo-wordpress\/ -->\n<title>MS CARBODETOX TABLETAS MASTICABLES P\/PERROS 60 TAB | Acuario Supremus<\/title>\n<meta name=\"description\" content=\"MS Carbodetox para perros, con carb\u00f3n activado para eliminar las toxinas que puedan ser ingeridas o la fermentaci\u00f3n de alimentos que causan inflamaci\u00f3n.\" \/>\n<meta name=\"robots\" content=\"index, follow, max-snippet:-1, max-image-preview:large, max-video-preview:-1\" \/>\n<link rel=\"canonical\" href=\"https:\/\/acuariosupremus.com\/?product=ms-carbodetox-tabletas-masticables-p-perros-60-tab\" \/>\n<meta property=\"og:locale\" content=\"es_MX\" \/>\n<meta property=\"og:type\" content=\"article\" \/>\n<meta property=\"og:title\" content=\"MS CARBODETOX TABLETAS MASTICABLES P\/PERROS 60 TAB | Acuario Supremus\" \/>\n<meta property=\"og:description\" content=\"MS Carbodetox para perros, con carb\u00f3n activado para eliminar las toxinas que puedan ser ingeridas o la fermentaci\u00f3n de alimentos que causan inflamaci\u00f3n.\" \/>\n<meta property=\"og:url\" content=\"https:\/\/acuariosupremus.com\/?product=ms-carbodetox-tabletas-masticables-p-perros-60-tab\" \/>\n<meta property=\"og:site_name\" content=\"Acuario Supremus\" \/>\n<meta property=\"article:publisher\" content=\"https:\/\/www.facebook.com\/AcuarioSupremus\" \/>\n<meta property=\"article:modified_time\" content=\"2026-02-11T22:38:09+00:00\" \/>\n<meta property=\"og:image\" content=\"https:\/\/acuariosupremus.com\/wp-content\/uploads\/2025\/05\/FL3638.png\" \/>\n\t<meta property=\"og:image:width\" content=\"1000\" \/>\n\t<meta property=\"og:image:height\" content=\"1000\" \/>\n\t<meta property=\"og:image:type\" content=\"image\/png\" \/>\n<meta name=\"twitter:card\" content=\"summary_large_image\" \/>\n<meta name=\"twitter:site\" content=\"@AcuarioSupremus\" \/>\n<meta name=\"twitter:label1\" content=\"Tiempo de lectura\" \/>\n\t<meta name=\"twitter:data1\" content=\"2 minutos\" \/>\n<script type=\"application\/ld+json\" class=\"yoast-schema-graph\">{\"@context\":\"https:\\\/\\\/schema.org\",\"@graph\":[{\"@type\":\"WebPage\",\"@id\":\"https:\\\/\\\/acuariosupremus.com\\\/?product=ms-carbodetox-tabletas-masticables-p-perros-60-tab\",\"url\":\"https:\\\/\\\/acuariosupremus.com\\\/?product=ms-carbodetox-tabletas-masticables-p-perros-60-tab\",\"name\":\"MS CARBODETOX TABLETAS MASTICABLES P\\\/PERROS 60 TAB | Acuario Supremus\",\"isPartOf\":{\"@id\":\"https:\\\/\\\/acuariosupremus.com\\\/#website\"},\"primaryImageOfPage\":{\"@id\":\"https:\\\/\\\/acuariosupremus.com\\\/?product=ms-carbodetox-tabletas-masticables-p-perros-60-tab#primaryimage\"},\"image\":{\"@id\":\"https:\\\/\\\/acuariosupremus.com\\\/?product=ms-carbodetox-tabletas-masticables-p-perros-60-tab#primaryimage\"},\"thumbnailUrl\":\"https:\\\/\\\/acuariosupremus.com\\\/wp-content\\\/uploads\\\/2025\\\/05\\\/FL3638.png\",\"datePublished\":\"2025-05-23T00:52:46+00:00\",\"dateModified\":\"2026-02-11T22:38:09+00:00\",\"description\":\"MS Carbodetox para perros, con carb\u00f3n activado para eliminar las toxinas que puedan ser ingeridas o la fermentaci\u00f3n de alimentos que causan inflamaci\u00f3n.\",\"breadcrumb\":{\"@id\":\"https:\\\/\\\/acuariosupremus.com\\\/?product=ms-carbodetox-tabletas-masticables-p-perros-60-tab#breadcrumb\"},\"inLanguage\":\"es\",\"potentialAction\":[{\"@type\":\"ReadAction\",\"target\":[\"https:\\\/\\\/acuariosupremus.com\\\/?product=ms-carbodetox-tabletas-masticables-p-perros-60-tab\"]}]},{\"@type\":\"ImageObject\",\"inLanguage\":\"es\",\"@id\":\"https:\\\/\\\/acuariosupremus.com\\\/?product=ms-carbodetox-tabletas-masticables-p-perros-60-tab#primaryimage\",\"url\":\"https:\\\/\\\/acuariosupremus.com\\\/wp-content\\\/uploads\\\/2025\\\/05\\\/FL3638.png\",\"contentUrl\":\"https:\\\/\\\/acuariosupremus.com\\\/wp-content\\\/uploads\\\/2025\\\/05\\\/FL3638.png\",\"width\":1000,\"height\":1000},{\"@type\":\"BreadcrumbList\",\"@id\":\"https:\\\/\\\/acuariosupremus.com\\\/?product=ms-carbodetox-tabletas-masticables-p-perros-60-tab#breadcrumb\",\"itemListElement\":[{\"@type\":\"ListItem\",\"position\":1,\"name\":\"Portada\",\"item\":\"https:\\\/\\\/acuariosupremus.com\\\/\"},{\"@type\":\"ListItem\",\"position\":2,\"name\":\"Tienda\",\"item\":\"https:\\\/\\\/acuariosupremus.com\\\/tienda\\\/\"},{\"@type\":\"ListItem\",\"position\":3,\"name\":\"MS CARBODETOX TABLETAS MASTICABLES P\\\/PERROS 60 TAB\"}]},{\"@type\":\"WebSite\",\"@id\":\"https:\\\/\\\/acuariosupremus.com\\\/#website\",\"url\":\"https:\\\/\\\/acuariosupremus.com\\\/\",\"name\":\"Acuario Supremus\",\"description\":\"Peces, Peceras y Mascotas.\",\"publisher\":{\"@id\":\"https:\\\/\\\/acuariosupremus.com\\\/#organization\"},\"potentialAction\":[{\"@type\":\"SearchAction\",\"target\":{\"@type\":\"EntryPoint\",\"urlTemplate\":\"https:\\\/\\\/acuariosupremus.com\\\/?s={search_term_string}\"},\"query-input\":{\"@type\":\"PropertyValueSpecification\",\"valueRequired\":true,\"valueName\":\"search_term_string\"}}],\"inLanguage\":\"es\"},{\"@type\":\"Organization\",\"@id\":\"https:\\\/\\\/acuariosupremus.com\\\/#organization\",\"name\":\"Acuario Supremus\",\"url\":\"https:\\\/\\\/acuariosupremus.com\\\/\",\"logo\":{\"@type\":\"ImageObject\",\"inLanguage\":\"es\",\"@id\":\"https:\\\/\\\/acuariosupremus.com\\\/#\\\/schema\\\/logo\\\/image\\\/\",\"url\":\"https:\\\/\\\/acuariosupremus.com\\\/wp-content\\\/uploads\\\/2021\\\/12\\\/cropped-logo_acuario_supremus_fn-2.png\",\"contentUrl\":\"https:\\\/\\\/acuariosupremus.com\\\/wp-content\\\/uploads\\\/2021\\\/12\\\/cropped-logo_acuario_supremus_fn-2.png\",\"width\":1000,\"height\":318,\"caption\":\"Acuario Supremus\"},\"image\":{\"@id\":\"https:\\\/\\\/acuariosupremus.com\\\/#\\\/schema\\\/logo\\\/image\\\/\"},\"sameAs\":[\"https:\\\/\\\/www.facebook.com\\\/AcuarioSupremus\",\"https:\\\/\\\/x.com\\\/AcuarioSupremus\",\"https:\\\/\\\/www.instagram.com\\\/acuariosupremus\\\/?hl=es\"]}]}<\/script>\n<!-- \/ Yoast SEO plugin. -->","yoast_head_json":{"title":"MS CARBODETOX TABLETAS MASTICABLES P\/PERROS 60 TAB | Acuario Supremus","description":"MS Carbodetox para perros, con carb\u00f3n activado para eliminar las toxinas que puedan ser ingeridas o la fermentaci\u00f3n de alimentos que causan inflamaci\u00f3n.","robots":{"index":"index","follow":"follow","max-snippet":"max-snippet:-1","max-image-preview":"max-image-preview:large","max-video-preview":"max-video-preview:-1"},"canonical":"https:\/\/acuariosupremus.com\/?product=ms-carbodetox-tabletas-masticables-p-perros-60-tab","og_locale":"es_MX","og_type":"article","og_title":"MS CARBODETOX TABLETAS MASTICABLES P\/PERROS 60 TAB | Acuario Supremus","og_description":"MS Carbodetox para perros, con carb\u00f3n activado para eliminar las toxinas que puedan ser ingeridas o la fermentaci\u00f3n de alimentos que causan inflamaci\u00f3n.","og_url":"https:\/\/acuariosupremus.com\/?product=ms-carbodetox-tabletas-masticables-p-perros-60-tab","og_site_name":"Acuario Supremus","article_publisher":"https:\/\/www.facebook.com\/AcuarioSupremus","article_modified_time":"2026-02-11T22:38:09+00:00","og_image":[{"width":1000,"height":1000,"url":"https:\/\/acuariosupremus.com\/wp-content\/uploads\/2025\/05\/FL3638.png","type":"image\/png"}],"twitter_card":"summary_large_image","twitter_site":"@AcuarioSupremus","twitter_misc":{"Tiempo de lectura":"2 minutos"},"schema":{"@context":"https:\/\/schema.org","@graph":[{"@type":"WebPage","@id":"https:\/\/acuariosupremus.com\/?product=ms-carbodetox-tabletas-masticables-p-perros-60-tab","url":"https:\/\/acuariosupremus.com\/?product=ms-carbodetox-tabletas-masticables-p-perros-60-tab","name":"MS CARBODETOX TABLETAS MASTICABLES P\/PERROS 60 TAB | Acuario Supremus","isPartOf":{"@id":"https:\/\/acuariosupremus.com\/#website"},"primaryImageOfPage":{"@id":"https:\/\/acuariosupremus.com\/?product=ms-carbodetox-tabletas-masticables-p-perros-60-tab#primaryimage"},"image":{"@id":"https:\/\/acuariosupremus.com\/?product=ms-carbodetox-tabletas-masticables-p-perros-60-tab#primaryimage"},"thumbnailUrl":"https:\/\/acuariosupremus.com\/wp-content\/uploads\/2025\/05\/FL3638.png","datePublished":"2025-05-23T00:52:46+00:00","dateModified":"2026-02-11T22:38:09+00:00","description":"MS Carbodetox para perros, con carb\u00f3n activado para eliminar las toxinas que puedan ser ingeridas o la fermentaci\u00f3n de alimentos que causan inflamaci\u00f3n.","breadcrumb":{"@id":"https:\/\/acuariosupremus.com\/?product=ms-carbodetox-tabletas-masticables-p-perros-60-tab#breadcrumb"},"inLanguage":"es","potentialAction":[{"@type":"ReadAction","target":["https:\/\/acuariosupremus.com\/?product=ms-carbodetox-tabletas-masticables-p-perros-60-tab"]}]},{"@type":"ImageObject","inLanguage":"es","@id":"https:\/\/acuariosupremus.com\/?product=ms-carbodetox-tabletas-masticables-p-perros-60-tab#primaryimage","url":"https:\/\/acuariosupremus.com\/wp-content\/uploads\/2025\/05\/FL3638.png","contentUrl":"https:\/\/acuariosupremus.com\/wp-content\/uploads\/2025\/05\/FL3638.png","width":1000,"height":1000},{"@type":"BreadcrumbList","@id":"https:\/\/acuariosupremus.com\/?product=ms-carbodetox-tabletas-masticables-p-perros-60-tab#breadcrumb","itemListElement":[{"@type":"ListItem","position":1,"name":"Portada","item":"https:\/\/acuariosupremus.com\/"},{"@type":"ListItem","position":2,"name":"Tienda","item":"https:\/\/acuariosupremus.com\/tienda\/"},{"@type":"ListItem","position":3,"name":"MS CARBODETOX TABLETAS MASTICABLES P\/PERROS 60 TAB"}]},{"@type":"WebSite","@id":"https:\/\/acuariosupremus.com\/#website","url":"https:\/\/acuariosupremus.com\/","name":"Acuario Supremus","description":"Peces, Peceras y Mascotas.","publisher":{"@id":"https:\/\/acuariosupremus.com\/#organization"},"potentialAction":[{"@type":"SearchAction","target":{"@type":"EntryPoint","urlTemplate":"https:\/\/acuariosupremus.com\/?s={search_term_string}"},"query-input":{"@type":"PropertyValueSpecification","valueRequired":true,"valueName":"search_term_string"}}],"inLanguage":"es"},{"@type":"Organization","@id":"https:\/\/acuariosupremus.com\/#organization","name":"Acuario Supremus","url":"https:\/\/acuariosupremus.com\/","logo":{"@type":"ImageObject","inLanguage":"es","@id":"https:\/\/acuariosupremus.com\/#\/schema\/logo\/image\/","url":"https:\/\/acuariosupremus.com\/wp-content\/uploads\/2021\/12\/cropped-logo_acuario_supremus_fn-2.png","contentUrl":"https:\/\/acuariosupremus.com\/wp-content\/uploads\/2021\/12\/cropped-logo_acuario_supremus_fn-2.png","width":1000,"height":318,"caption":"Acuario Supremus"},"image":{"@id":"https:\/\/acuariosupremus.com\/#\/schema\/logo\/image\/"},"sameAs":["https:\/\/www.facebook.com\/AcuarioSupremus","https:\/\/x.com\/AcuarioSupremus","https:\/\/www.instagram.com\/acuariosupremus\/?hl=es"]}]}},"jetpack_sharing_enabled":true,"_links":{"self":[{"href":"https:\/\/acuariosupremus.com\/index.php?rest_route=\/wp\/v2\/product\/13898","targetHints":{"allow":["GET"]}}],"collection":[{"href":"https:\/\/acuariosupremus.com\/index.php?rest_route=\/wp\/v2\/product"}],"about":[{"href":"https:\/\/acuariosupremus.com\/index.php?rest_route=\/wp\/v2\/types\/product"}],"wp:featuredmedia":[{"embeddable":true,"href":"https:\/\/acuariosupremus.com\/index.php?rest_route=\/wp\/v2\/media\/13899"}],"wp:attachment":[{"href":"https:\/\/acuariosupremus.com\/index.php?rest_route=%2Fwp%2Fv2%2Fmedia&parent=13898"}],"wp:term":[{"taxonomy":"product_brand","embeddable":true,"href":"https:\/\/acuariosupremus.com\/index.php?rest_route=%2Fwp%2Fv2%2Fproduct_brand&post=13898"},{"taxonomy":"product_cat","embeddable":true,"href":"https:\/\/acuariosupremus.com\/index.php?rest_route=%2Fwp%2Fv2%2Fproduct_cat&post=13898"},{"taxonomy":"product_tag","embeddable":true,"href":"https:\/\/acuariosupremus.com\/index.php?rest_route=%2Fwp%2Fv2%2Fproduct_tag&post=13898"}],"curies":[{"name":"wp","href":"https:\/\/api.w.org\/{rel}","templated":true}]}}