{"id":13908,"date":"2025-05-22T19:14:38","date_gmt":"2025-05-23T01:14:38","guid":{"rendered":"https:\/\/acuariosupremus.com\/?post_type=product&#038;p=13908"},"modified":"2026-02-11T17:14:10","modified_gmt":"2026-02-11T23:14:10","slug":"kaopet-antidiarreico-p-perros-y-gatos-30-tab","status":"publish","type":"product","link":"https:\/\/acuariosupremus.com\/?product=kaopet-antidiarreico-p-perros-y-gatos-30-tab","title":{"rendered":"KAOPET ANTIDIARREICO P\/ PERROS Y GATOS 30 TAB"},"content":{"rendered":"<div id=\"product.info.beneficios\" class=\"data item content\" role=\"tabpanel\" data-role=\"content\" aria-labelledby=\"tab-label-product.info.beneficios\" aria-hidden=\"false\">\n<div class=\"product attribute beneficios\">\n<div id=\"product.info.ingredientes.formulacion\" class=\"data item content\" role=\"tabpanel\" data-role=\"content\" aria-labelledby=\"tab-label-product.info.ingredientes.formulacion\" aria-hidden=\"false\">\n<div class=\"product attribute ingredientes_formulacion\">\n<div class=\"value\">MODO DE USO \/ PRECAUCIONES Y ADVERTENCIAS:<\/div>\n<div>\n<div id=\"product.info.ingredientes.modo.de.uso\" class=\"data item content\" role=\"tabpanel\" data-role=\"content\" aria-labelledby=\"tab-label-product.info.ingredientes.modo.de.uso\" aria-hidden=\"false\">\n<div class=\"product attribute modo_de_uso_precuaciones_y_adv\">\n<div class=\"value\">Brindar 1 tableta por cada 9 kg de peso (equivalente a 190 mg de caol\u00edn y 4.6 mg de pectina por cada kilogramo de peso) cada 8 horas durante 3 d\u00edas. Se puede brindar directamente o con ayuda de la Fancy Pets\u00ae <a href=\"https:\/\/acuariosupremus.com\/producto\/pill-coat-pasta-saborizada-para-mascotas-60g\/\">Medical Solutions Pill Coat<\/a> pasta saborizada. RECOMENDACIONES: Si los s\u00edntomas persisten despu\u00e9s de 3 d\u00edas, consulte al M\u00e9dico Veterinario. El caol\u00edn puede interferir con la absorci\u00f3n de algunos medicamentos, lo que puede reducir su efectividad. Si la mascota est\u00e1 en alg\u00fan tratamiento con medicamentos, consulte al M\u00e9dico Veterinario antes de administrar.<\/div>\n<div>Caol\u00edn 1710 mgrnPectina 41.4 mgrnExcipiente cbp 2500 mgrn<\/div>\n<\/div>\n<\/div>\n<\/div>\n<\/div>\n<\/div>\n<\/div>\n<\/div>\n","protected":false},"excerpt":{"rendered":"<p>Kaopet de Fancy Pets\u00ae Medical Solutions es un suplemento en tabletas para perros y gatos con agentes antidiarreicos. Su f\u00f3rmula con caol\u00edn y pectina protege la mucosa intestinal, aliviando malestares digestivos y favoreciendo la formaci\u00f3n de heces m\u00e1s firmes. Ideal para el cuidado gastrointestinal de tu mascota. Protecci\u00f3n gastrointestinal para perros y gatos. Auxiliar para la diarrea NO infecciosa e intoxicaciones. No de autorizaci\u00f3n: Q-7290-113<\/p>\n<div id=\"tab-label-product.info.beneficios\" class=\"data item title active\" tabindex=\"0\" role=\"tab\" aria-labeledby=\"tab-label-product.info.beneficios-title\" data-role=\"collapsible\" data-collapsible=\"true\" aria-controls=\"product.info.beneficios\" aria-selected=\"true\" aria-expanded=\"true\">BENEFICIOS:<\/div>\n<div id=\"product.info.beneficios\" class=\"data item content\" role=\"tabpanel\" data-role=\"content\" aria-labelledby=\"tab-label-product.info.beneficios\" aria-hidden=\"false\">\n<div class=\"product attribute beneficios\">\n<p>Alivio r\u00e1pido de la diarrea: Su f\u00f3rmula con caol\u00edn y pectina ayuda a reducir la frecuencia y consistencia de las evacuaciones. Protecci\u00f3n de la mucosa intestinal: La acci\u00f3n demulcente del caol\u00edn la pectina recubre y protege las parades del intestino. Mejora la consistencia de las heces: Favorece la formaci\u00f3n de heces mas firmes, ayudando a mantener una mejor salud digestiva. F\u00e1cil administraci\u00f3n: Tabletas dise\u00f1adas para un suministro c\u00f3modo en perros y gatos. Ideal para todas las razas y tama\u00f1os: Su versatilidad lo hace adecuado para mascotas de diferentes tama\u00f1os y pesos.<\/p>\n<\/div>\n<\/div>\n","protected":false},"featured_media":13909,"template":"","meta":[],"product_brand":[108],"product_cat":[30,73,39,83],"product_tag":[956],"class_list":{"0":"post-13908","1":"product","2":"type-product","3":"status-publish","4":"has-post-thumbnail","6":"product_brand-medicalsolutions","7":"product_cat-gatos","8":"product_cat-perros","9":"product_cat-salud","10":"product_cat-salud-perros","11":"product_tag-kaopet-antidiarreico","13":"first","14":"instock","15":"sale","16":"shipping-taxable","17":"purchasable","18":"product-type-simple"},"yoast_head":"<!-- This site is optimized with the Yoast SEO plugin v27.4 - https:\/\/yoast.com\/product\/yoast-seo-wordpress\/ -->\n<title>KAOPET ANTIDIARREICO P\/ PERROS Y GATOS 30 TAB | Acuario Supremus<\/title>\n<meta name=\"description\" content=\"MS Kaopet para perros y gatos es un suplemento en tabletas para perros y gatos con agentes antidiarreicos f\u00f3rmula con caol\u00edn y pectina.\" \/>\n<meta name=\"robots\" content=\"index, follow, max-snippet:-1, max-image-preview:large, max-video-preview:-1\" \/>\n<link rel=\"canonical\" href=\"https:\/\/acuariosupremus.com\/?product=kaopet-antidiarreico-p-perros-y-gatos-30-tab\" \/>\n<meta property=\"og:locale\" content=\"es_MX\" \/>\n<meta property=\"og:type\" content=\"article\" \/>\n<meta property=\"og:title\" content=\"KAOPET ANTIDIARREICO P\/ PERROS Y GATOS 30 TAB | Acuario Supremus\" \/>\n<meta property=\"og:description\" content=\"MS Kaopet para perros y gatos es un suplemento en tabletas para perros y gatos con agentes antidiarreicos f\u00f3rmula con caol\u00edn y pectina.\" \/>\n<meta property=\"og:url\" content=\"https:\/\/acuariosupremus.com\/?product=kaopet-antidiarreico-p-perros-y-gatos-30-tab\" \/>\n<meta property=\"og:site_name\" content=\"Acuario Supremus\" \/>\n<meta property=\"article:publisher\" content=\"https:\/\/www.facebook.com\/AcuarioSupremus\" \/>\n<meta property=\"article:modified_time\" content=\"2026-02-11T23:14:10+00:00\" \/>\n<meta property=\"og:image\" content=\"https:\/\/acuariosupremus.com\/wp-content\/uploads\/2025\/05\/FL3643.png\" \/>\n\t<meta property=\"og:image:width\" content=\"1000\" \/>\n\t<meta property=\"og:image:height\" content=\"1000\" \/>\n\t<meta property=\"og:image:type\" content=\"image\/png\" \/>\n<meta name=\"twitter:card\" content=\"summary_large_image\" \/>\n<meta name=\"twitter:site\" content=\"@AcuarioSupremus\" \/>\n<meta name=\"twitter:label1\" content=\"Tiempo de lectura\" \/>\n\t<meta name=\"twitter:data1\" content=\"1 minuto\" \/>\n<script type=\"application\/ld+json\" class=\"yoast-schema-graph\">{\"@context\":\"https:\\\/\\\/schema.org\",\"@graph\":[{\"@type\":\"WebPage\",\"@id\":\"https:\\\/\\\/acuariosupremus.com\\\/?product=kaopet-antidiarreico-p-perros-y-gatos-30-tab\",\"url\":\"https:\\\/\\\/acuariosupremus.com\\\/?product=kaopet-antidiarreico-p-perros-y-gatos-30-tab\",\"name\":\"KAOPET ANTIDIARREICO P\\\/ PERROS Y GATOS 30 TAB | Acuario Supremus\",\"isPartOf\":{\"@id\":\"https:\\\/\\\/acuariosupremus.com\\\/#website\"},\"primaryImageOfPage\":{\"@id\":\"https:\\\/\\\/acuariosupremus.com\\\/?product=kaopet-antidiarreico-p-perros-y-gatos-30-tab#primaryimage\"},\"image\":{\"@id\":\"https:\\\/\\\/acuariosupremus.com\\\/?product=kaopet-antidiarreico-p-perros-y-gatos-30-tab#primaryimage\"},\"thumbnailUrl\":\"https:\\\/\\\/acuariosupremus.com\\\/wp-content\\\/uploads\\\/2025\\\/05\\\/FL3643.png\",\"datePublished\":\"2025-05-23T01:14:38+00:00\",\"dateModified\":\"2026-02-11T23:14:10+00:00\",\"description\":\"MS Kaopet para perros y gatos es un suplemento en tabletas para perros y gatos con agentes antidiarreicos f\u00f3rmula con caol\u00edn y pectina.\",\"breadcrumb\":{\"@id\":\"https:\\\/\\\/acuariosupremus.com\\\/?product=kaopet-antidiarreico-p-perros-y-gatos-30-tab#breadcrumb\"},\"inLanguage\":\"es\",\"potentialAction\":[{\"@type\":\"ReadAction\",\"target\":[\"https:\\\/\\\/acuariosupremus.com\\\/?product=kaopet-antidiarreico-p-perros-y-gatos-30-tab\"]}]},{\"@type\":\"ImageObject\",\"inLanguage\":\"es\",\"@id\":\"https:\\\/\\\/acuariosupremus.com\\\/?product=kaopet-antidiarreico-p-perros-y-gatos-30-tab#primaryimage\",\"url\":\"https:\\\/\\\/acuariosupremus.com\\\/wp-content\\\/uploads\\\/2025\\\/05\\\/FL3643.png\",\"contentUrl\":\"https:\\\/\\\/acuariosupremus.com\\\/wp-content\\\/uploads\\\/2025\\\/05\\\/FL3643.png\",\"width\":1000,\"height\":1000},{\"@type\":\"BreadcrumbList\",\"@id\":\"https:\\\/\\\/acuariosupremus.com\\\/?product=kaopet-antidiarreico-p-perros-y-gatos-30-tab#breadcrumb\",\"itemListElement\":[{\"@type\":\"ListItem\",\"position\":1,\"name\":\"Portada\",\"item\":\"https:\\\/\\\/acuariosupremus.com\\\/\"},{\"@type\":\"ListItem\",\"position\":2,\"name\":\"Tienda\",\"item\":\"https:\\\/\\\/acuariosupremus.com\\\/tienda\\\/\"},{\"@type\":\"ListItem\",\"position\":3,\"name\":\"KAOPET ANTIDIARREICO P\\\/ PERROS Y GATOS 30 TAB\"}]},{\"@type\":\"WebSite\",\"@id\":\"https:\\\/\\\/acuariosupremus.com\\\/#website\",\"url\":\"https:\\\/\\\/acuariosupremus.com\\\/\",\"name\":\"Acuario Supremus\",\"description\":\"Peces, Peceras y Mascotas.\",\"publisher\":{\"@id\":\"https:\\\/\\\/acuariosupremus.com\\\/#organization\"},\"potentialAction\":[{\"@type\":\"SearchAction\",\"target\":{\"@type\":\"EntryPoint\",\"urlTemplate\":\"https:\\\/\\\/acuariosupremus.com\\\/?s={search_term_string}\"},\"query-input\":{\"@type\":\"PropertyValueSpecification\",\"valueRequired\":true,\"valueName\":\"search_term_string\"}}],\"inLanguage\":\"es\"},{\"@type\":\"Organization\",\"@id\":\"https:\\\/\\\/acuariosupremus.com\\\/#organization\",\"name\":\"Acuario Supremus\",\"url\":\"https:\\\/\\\/acuariosupremus.com\\\/\",\"logo\":{\"@type\":\"ImageObject\",\"inLanguage\":\"es\",\"@id\":\"https:\\\/\\\/acuariosupremus.com\\\/#\\\/schema\\\/logo\\\/image\\\/\",\"url\":\"https:\\\/\\\/acuariosupremus.com\\\/wp-content\\\/uploads\\\/2021\\\/12\\\/cropped-logo_acuario_supremus_fn-2.png\",\"contentUrl\":\"https:\\\/\\\/acuariosupremus.com\\\/wp-content\\\/uploads\\\/2021\\\/12\\\/cropped-logo_acuario_supremus_fn-2.png\",\"width\":1000,\"height\":318,\"caption\":\"Acuario Supremus\"},\"image\":{\"@id\":\"https:\\\/\\\/acuariosupremus.com\\\/#\\\/schema\\\/logo\\\/image\\\/\"},\"sameAs\":[\"https:\\\/\\\/www.facebook.com\\\/AcuarioSupremus\",\"https:\\\/\\\/x.com\\\/AcuarioSupremus\",\"https:\\\/\\\/www.instagram.com\\\/acuariosupremus\\\/?hl=es\"]}]}<\/script>\n<!-- \/ Yoast SEO plugin. -->","yoast_head_json":{"title":"KAOPET ANTIDIARREICO P\/ PERROS Y GATOS 30 TAB | Acuario Supremus","description":"MS Kaopet para perros y gatos es un suplemento en tabletas para perros y gatos con agentes antidiarreicos f\u00f3rmula con caol\u00edn y pectina.","robots":{"index":"index","follow":"follow","max-snippet":"max-snippet:-1","max-image-preview":"max-image-preview:large","max-video-preview":"max-video-preview:-1"},"canonical":"https:\/\/acuariosupremus.com\/?product=kaopet-antidiarreico-p-perros-y-gatos-30-tab","og_locale":"es_MX","og_type":"article","og_title":"KAOPET ANTIDIARREICO P\/ PERROS Y GATOS 30 TAB | Acuario Supremus","og_description":"MS Kaopet para perros y gatos es un suplemento en tabletas para perros y gatos con agentes antidiarreicos f\u00f3rmula con caol\u00edn y pectina.","og_url":"https:\/\/acuariosupremus.com\/?product=kaopet-antidiarreico-p-perros-y-gatos-30-tab","og_site_name":"Acuario Supremus","article_publisher":"https:\/\/www.facebook.com\/AcuarioSupremus","article_modified_time":"2026-02-11T23:14:10+00:00","og_image":[{"width":1000,"height":1000,"url":"https:\/\/acuariosupremus.com\/wp-content\/uploads\/2025\/05\/FL3643.png","type":"image\/png"}],"twitter_card":"summary_large_image","twitter_site":"@AcuarioSupremus","twitter_misc":{"Tiempo de lectura":"1 minuto"},"schema":{"@context":"https:\/\/schema.org","@graph":[{"@type":"WebPage","@id":"https:\/\/acuariosupremus.com\/?product=kaopet-antidiarreico-p-perros-y-gatos-30-tab","url":"https:\/\/acuariosupremus.com\/?product=kaopet-antidiarreico-p-perros-y-gatos-30-tab","name":"KAOPET ANTIDIARREICO P\/ PERROS Y GATOS 30 TAB | Acuario Supremus","isPartOf":{"@id":"https:\/\/acuariosupremus.com\/#website"},"primaryImageOfPage":{"@id":"https:\/\/acuariosupremus.com\/?product=kaopet-antidiarreico-p-perros-y-gatos-30-tab#primaryimage"},"image":{"@id":"https:\/\/acuariosupremus.com\/?product=kaopet-antidiarreico-p-perros-y-gatos-30-tab#primaryimage"},"thumbnailUrl":"https:\/\/acuariosupremus.com\/wp-content\/uploads\/2025\/05\/FL3643.png","datePublished":"2025-05-23T01:14:38+00:00","dateModified":"2026-02-11T23:14:10+00:00","description":"MS Kaopet para perros y gatos es un suplemento en tabletas para perros y gatos con agentes antidiarreicos f\u00f3rmula con caol\u00edn y pectina.","breadcrumb":{"@id":"https:\/\/acuariosupremus.com\/?product=kaopet-antidiarreico-p-perros-y-gatos-30-tab#breadcrumb"},"inLanguage":"es","potentialAction":[{"@type":"ReadAction","target":["https:\/\/acuariosupremus.com\/?product=kaopet-antidiarreico-p-perros-y-gatos-30-tab"]}]},{"@type":"ImageObject","inLanguage":"es","@id":"https:\/\/acuariosupremus.com\/?product=kaopet-antidiarreico-p-perros-y-gatos-30-tab#primaryimage","url":"https:\/\/acuariosupremus.com\/wp-content\/uploads\/2025\/05\/FL3643.png","contentUrl":"https:\/\/acuariosupremus.com\/wp-content\/uploads\/2025\/05\/FL3643.png","width":1000,"height":1000},{"@type":"BreadcrumbList","@id":"https:\/\/acuariosupremus.com\/?product=kaopet-antidiarreico-p-perros-y-gatos-30-tab#breadcrumb","itemListElement":[{"@type":"ListItem","position":1,"name":"Portada","item":"https:\/\/acuariosupremus.com\/"},{"@type":"ListItem","position":2,"name":"Tienda","item":"https:\/\/acuariosupremus.com\/tienda\/"},{"@type":"ListItem","position":3,"name":"KAOPET ANTIDIARREICO P\/ PERROS Y GATOS 30 TAB"}]},{"@type":"WebSite","@id":"https:\/\/acuariosupremus.com\/#website","url":"https:\/\/acuariosupremus.com\/","name":"Acuario Supremus","description":"Peces, Peceras y Mascotas.","publisher":{"@id":"https:\/\/acuariosupremus.com\/#organization"},"potentialAction":[{"@type":"SearchAction","target":{"@type":"EntryPoint","urlTemplate":"https:\/\/acuariosupremus.com\/?s={search_term_string}"},"query-input":{"@type":"PropertyValueSpecification","valueRequired":true,"valueName":"search_term_string"}}],"inLanguage":"es"},{"@type":"Organization","@id":"https:\/\/acuariosupremus.com\/#organization","name":"Acuario Supremus","url":"https:\/\/acuariosupremus.com\/","logo":{"@type":"ImageObject","inLanguage":"es","@id":"https:\/\/acuariosupremus.com\/#\/schema\/logo\/image\/","url":"https:\/\/acuariosupremus.com\/wp-content\/uploads\/2021\/12\/cropped-logo_acuario_supremus_fn-2.png","contentUrl":"https:\/\/acuariosupremus.com\/wp-content\/uploads\/2021\/12\/cropped-logo_acuario_supremus_fn-2.png","width":1000,"height":318,"caption":"Acuario Supremus"},"image":{"@id":"https:\/\/acuariosupremus.com\/#\/schema\/logo\/image\/"},"sameAs":["https:\/\/www.facebook.com\/AcuarioSupremus","https:\/\/x.com\/AcuarioSupremus","https:\/\/www.instagram.com\/acuariosupremus\/?hl=es"]}]}},"jetpack_sharing_enabled":true,"_links":{"self":[{"href":"https:\/\/acuariosupremus.com\/index.php?rest_route=\/wp\/v2\/product\/13908","targetHints":{"allow":["GET"]}}],"collection":[{"href":"https:\/\/acuariosupremus.com\/index.php?rest_route=\/wp\/v2\/product"}],"about":[{"href":"https:\/\/acuariosupremus.com\/index.php?rest_route=\/wp\/v2\/types\/product"}],"wp:featuredmedia":[{"embeddable":true,"href":"https:\/\/acuariosupremus.com\/index.php?rest_route=\/wp\/v2\/media\/13909"}],"wp:attachment":[{"href":"https:\/\/acuariosupremus.com\/index.php?rest_route=%2Fwp%2Fv2%2Fmedia&parent=13908"}],"wp:term":[{"taxonomy":"product_brand","embeddable":true,"href":"https:\/\/acuariosupremus.com\/index.php?rest_route=%2Fwp%2Fv2%2Fproduct_brand&post=13908"},{"taxonomy":"product_cat","embeddable":true,"href":"https:\/\/acuariosupremus.com\/index.php?rest_route=%2Fwp%2Fv2%2Fproduct_cat&post=13908"},{"taxonomy":"product_tag","embeddable":true,"href":"https:\/\/acuariosupremus.com\/index.php?rest_route=%2Fwp%2Fv2%2Fproduct_tag&post=13908"}],"curies":[{"name":"wp","href":"https:\/\/api.w.org\/{rel}","templated":true}]}}