{"id":13913,"date":"2025-05-22T19:30:36","date_gmt":"2025-05-23T01:30:36","guid":{"rendered":"https:\/\/acuariosupremus.com\/?post_type=product&#038;p=13913"},"modified":"2026-02-11T17:18:13","modified_gmt":"2026-02-11T23:18:13","slug":"nc-dolodog-tabletas-masticables-p-perros-60-tab","status":"publish","type":"product","link":"https:\/\/acuariosupremus.com\/?product=nc-dolodog-tabletas-masticables-p-perros-60-tab","title":{"rendered":"NC DOLODOG TABLETAS MASTICABLES P\/PERROS 60 TAB"},"content":{"rendered":"<div id=\"product.info.beneficios\" class=\"data item content\" role=\"tabpanel\" data-role=\"content\" aria-labelledby=\"tab-label-product.info.beneficios\" aria-hidden=\"false\">\n<div class=\"product attribute beneficios\">\n<div id=\"product.info.ingredientes.formulacion\" class=\"data item content\" role=\"tabpanel\" data-role=\"content\" aria-labelledby=\"tab-label-product.info.ingredientes.formulacion\" aria-hidden=\"false\">\n<div class=\"product attribute ingredientes_formulacion\">\n<div class=\"value\"><\/div>\n<div>\n<div id=\"tab-label-product.info.ingredientes.modo.de.uso\" class=\"data item title active\" tabindex=\"0\" role=\"tab\" aria-labeledby=\"tab-label-product.info.ingredientes.modo.de.uso-title\" data-role=\"collapsible\" data-collapsible=\"true\" aria-controls=\"product.info.ingredientes.modo.de.uso\" aria-selected=\"true\" aria-expanded=\"true\">MODO DE USO \/ PRECAUCIONES Y ADVERTENCIAS:<\/div>\n<div id=\"product.info.ingredientes.modo.de.uso\" class=\"data item content\" role=\"tabpanel\" data-role=\"content\" aria-labelledby=\"tab-label-product.info.ingredientes.modo.de.uso\" aria-hidden=\"false\">\n<div class=\"product attribute modo_de_uso_precuaciones_y_adv\">\n<div class=\"value\">V\u00cdA DE ADMINISTRACI\u00d3N: Oral DOSIS DIARIA Y MODO DE EMPLEO: Oral. Una tableta por cada 10 kg de peso corporal. Se puede brindar directamente o con ayuda de la <a href=\"https:\/\/acuariosupremus.com\/producto\/pill-coat-pasta-saborizada-para-mascotas-60g\/\">Medical Solutions Pill Coat<\/a> pasta saborizada. La duraci\u00f3n del tratamiento queda a criterio de M\u00e9dico Veterinario.<\/div>\n<div>Cada tableta de 1.5 g contiene:rnCurcumina 40 mgExcipiente (bromelina, ar\u00e1ndanos) cbp 1500 mgrn<\/div>\n<\/div>\n<\/div>\n<\/div>\n<\/div>\n<\/div>\n<\/div>\n<\/div>\n","protected":false},"excerpt":{"rendered":"<p>Fancy Pets\u00ae Natural Care Dolodog es un suplemento con extractos de origen natural. La curcumina favorece el alivio del dolor positivamente al regular las funciones antiinflamatorias. Sus ingredientes aportan de manera natural antioxidantes, que ayudan a combatir el estr\u00e9s oxidativo en las mascotas.<\/p>\n<div id=\"tab-label-product.info.beneficios\" class=\"data item title active\" tabindex=\"0\" role=\"tab\" aria-labeledby=\"tab-label-product.info.beneficios-title\" data-role=\"collapsible\" data-collapsible=\"true\" aria-controls=\"product.info.beneficios\" aria-selected=\"true\" aria-expanded=\"true\">BENEFICIOS:<\/div>\n<div id=\"product.info.beneficios\" class=\"data item content\" role=\"tabpanel\" data-role=\"content\" aria-labelledby=\"tab-label-product.info.beneficios\" aria-hidden=\"false\">\n<div class=\"product attribute beneficios\">\n<p>La curcumina es un compuesto natural con un gran potencial para el tratamiento de enfermedades. Un gran n\u00famero de estudios han demostrado que la curcumina tiene una variedad de actividades biol\u00f3gicas, entre las cuales el efecto antiinflamatorio es una caracter\u00edstica importante de la misma. La inflamaci\u00f3n es un proceso fisiol\u00f3gico y patol\u00f3gico complejo y generalizado. Los mecanismos fisiol\u00f3gicos y patol\u00f3gicos de la enfermedad inflamatoria intestinal, la psoriasis, la aterosclerosis, etc. El efecto antiinflamatorio de la curcumina puede mejorar eficazmente los s\u00edntomas de estas enfermedades y se espera que sea un f\u00e1rmaco candidato para el tratamiento de enfermedades relacionadas.<\/p>\n<\/div>\n<\/div>\n","protected":false},"featured_media":13914,"template":"","meta":[],"product_brand":[108],"product_cat":[73,83],"product_tag":[957],"class_list":{"0":"post-13913","1":"product","2":"type-product","3":"status-publish","4":"has-post-thumbnail","6":"product_brand-medicalsolutions","7":"product_cat-perros","8":"product_cat-salud-perros","9":"product_tag-nc-dolodog","11":"first","12":"instock","13":"sale","14":"shipping-taxable","15":"purchasable","16":"product-type-simple"},"yoast_head":"<!-- This site is optimized with the Yoast SEO plugin v27.4 - https:\/\/yoast.com\/product\/yoast-seo-wordpress\/ -->\n<title>NC DOLODOG TABLETAS MASTICABLES P\/PERROS 60 TAB | Acuario Supremus<\/title>\n<meta name=\"description\" content=\"Natural Care Dolodog suplemento con extractos de origen natural que favorece el alivio del dolor positivamente al regular las funciones antiinflamatorias.\" \/>\n<meta name=\"robots\" content=\"index, follow, max-snippet:-1, max-image-preview:large, max-video-preview:-1\" \/>\n<link rel=\"canonical\" href=\"https:\/\/acuariosupremus.com\/?product=nc-dolodog-tabletas-masticables-p-perros-60-tab\" \/>\n<meta property=\"og:locale\" content=\"es_MX\" \/>\n<meta property=\"og:type\" content=\"article\" \/>\n<meta property=\"og:title\" content=\"NC DOLODOG TABLETAS MASTICABLES P\/PERROS 60 TAB | Acuario Supremus\" \/>\n<meta property=\"og:description\" content=\"Natural Care Dolodog suplemento con extractos de origen natural que favorece el alivio del dolor positivamente al regular las funciones antiinflamatorias.\" \/>\n<meta property=\"og:url\" content=\"https:\/\/acuariosupremus.com\/?product=nc-dolodog-tabletas-masticables-p-perros-60-tab\" \/>\n<meta property=\"og:site_name\" content=\"Acuario Supremus\" \/>\n<meta property=\"article:publisher\" content=\"https:\/\/www.facebook.com\/AcuarioSupremus\" \/>\n<meta property=\"article:modified_time\" content=\"2026-02-11T23:18:13+00:00\" \/>\n<meta property=\"og:image\" content=\"https:\/\/acuariosupremus.com\/wp-content\/uploads\/2025\/05\/FL3650.png\" \/>\n\t<meta property=\"og:image:width\" content=\"1000\" \/>\n\t<meta property=\"og:image:height\" content=\"1000\" \/>\n\t<meta property=\"og:image:type\" content=\"image\/png\" \/>\n<meta name=\"twitter:card\" content=\"summary_large_image\" \/>\n<meta name=\"twitter:site\" content=\"@AcuarioSupremus\" \/>\n<meta name=\"twitter:label1\" content=\"Tiempo de lectura\" \/>\n\t<meta name=\"twitter:data1\" content=\"1 minuto\" \/>\n<script type=\"application\/ld+json\" class=\"yoast-schema-graph\">{\"@context\":\"https:\\\/\\\/schema.org\",\"@graph\":[{\"@type\":\"WebPage\",\"@id\":\"https:\\\/\\\/acuariosupremus.com\\\/?product=nc-dolodog-tabletas-masticables-p-perros-60-tab\",\"url\":\"https:\\\/\\\/acuariosupremus.com\\\/?product=nc-dolodog-tabletas-masticables-p-perros-60-tab\",\"name\":\"NC DOLODOG TABLETAS MASTICABLES P\\\/PERROS 60 TAB | Acuario Supremus\",\"isPartOf\":{\"@id\":\"https:\\\/\\\/acuariosupremus.com\\\/#website\"},\"primaryImageOfPage\":{\"@id\":\"https:\\\/\\\/acuariosupremus.com\\\/?product=nc-dolodog-tabletas-masticables-p-perros-60-tab#primaryimage\"},\"image\":{\"@id\":\"https:\\\/\\\/acuariosupremus.com\\\/?product=nc-dolodog-tabletas-masticables-p-perros-60-tab#primaryimage\"},\"thumbnailUrl\":\"https:\\\/\\\/acuariosupremus.com\\\/wp-content\\\/uploads\\\/2025\\\/05\\\/FL3650.png\",\"datePublished\":\"2025-05-23T01:30:36+00:00\",\"dateModified\":\"2026-02-11T23:18:13+00:00\",\"description\":\"Natural Care Dolodog suplemento con extractos de origen natural que favorece el alivio del dolor positivamente al regular las funciones antiinflamatorias.\",\"breadcrumb\":{\"@id\":\"https:\\\/\\\/acuariosupremus.com\\\/?product=nc-dolodog-tabletas-masticables-p-perros-60-tab#breadcrumb\"},\"inLanguage\":\"es\",\"potentialAction\":[{\"@type\":\"ReadAction\",\"target\":[\"https:\\\/\\\/acuariosupremus.com\\\/?product=nc-dolodog-tabletas-masticables-p-perros-60-tab\"]}]},{\"@type\":\"ImageObject\",\"inLanguage\":\"es\",\"@id\":\"https:\\\/\\\/acuariosupremus.com\\\/?product=nc-dolodog-tabletas-masticables-p-perros-60-tab#primaryimage\",\"url\":\"https:\\\/\\\/acuariosupremus.com\\\/wp-content\\\/uploads\\\/2025\\\/05\\\/FL3650.png\",\"contentUrl\":\"https:\\\/\\\/acuariosupremus.com\\\/wp-content\\\/uploads\\\/2025\\\/05\\\/FL3650.png\",\"width\":1000,\"height\":1000},{\"@type\":\"BreadcrumbList\",\"@id\":\"https:\\\/\\\/acuariosupremus.com\\\/?product=nc-dolodog-tabletas-masticables-p-perros-60-tab#breadcrumb\",\"itemListElement\":[{\"@type\":\"ListItem\",\"position\":1,\"name\":\"Portada\",\"item\":\"https:\\\/\\\/acuariosupremus.com\\\/\"},{\"@type\":\"ListItem\",\"position\":2,\"name\":\"Tienda\",\"item\":\"https:\\\/\\\/acuariosupremus.com\\\/tienda\\\/\"},{\"@type\":\"ListItem\",\"position\":3,\"name\":\"NC DOLODOG TABLETAS MASTICABLES P\\\/PERROS 60 TAB\"}]},{\"@type\":\"WebSite\",\"@id\":\"https:\\\/\\\/acuariosupremus.com\\\/#website\",\"url\":\"https:\\\/\\\/acuariosupremus.com\\\/\",\"name\":\"Acuario Supremus\",\"description\":\"Peces, Peceras y Mascotas.\",\"publisher\":{\"@id\":\"https:\\\/\\\/acuariosupremus.com\\\/#organization\"},\"potentialAction\":[{\"@type\":\"SearchAction\",\"target\":{\"@type\":\"EntryPoint\",\"urlTemplate\":\"https:\\\/\\\/acuariosupremus.com\\\/?s={search_term_string}\"},\"query-input\":{\"@type\":\"PropertyValueSpecification\",\"valueRequired\":true,\"valueName\":\"search_term_string\"}}],\"inLanguage\":\"es\"},{\"@type\":\"Organization\",\"@id\":\"https:\\\/\\\/acuariosupremus.com\\\/#organization\",\"name\":\"Acuario Supremus\",\"url\":\"https:\\\/\\\/acuariosupremus.com\\\/\",\"logo\":{\"@type\":\"ImageObject\",\"inLanguage\":\"es\",\"@id\":\"https:\\\/\\\/acuariosupremus.com\\\/#\\\/schema\\\/logo\\\/image\\\/\",\"url\":\"https:\\\/\\\/acuariosupremus.com\\\/wp-content\\\/uploads\\\/2021\\\/12\\\/cropped-logo_acuario_supremus_fn-2.png\",\"contentUrl\":\"https:\\\/\\\/acuariosupremus.com\\\/wp-content\\\/uploads\\\/2021\\\/12\\\/cropped-logo_acuario_supremus_fn-2.png\",\"width\":1000,\"height\":318,\"caption\":\"Acuario Supremus\"},\"image\":{\"@id\":\"https:\\\/\\\/acuariosupremus.com\\\/#\\\/schema\\\/logo\\\/image\\\/\"},\"sameAs\":[\"https:\\\/\\\/www.facebook.com\\\/AcuarioSupremus\",\"https:\\\/\\\/x.com\\\/AcuarioSupremus\",\"https:\\\/\\\/www.instagram.com\\\/acuariosupremus\\\/?hl=es\"]}]}<\/script>\n<!-- \/ Yoast SEO plugin. -->","yoast_head_json":{"title":"NC DOLODOG TABLETAS MASTICABLES P\/PERROS 60 TAB | Acuario Supremus","description":"Natural Care Dolodog suplemento con extractos de origen natural que favorece el alivio del dolor positivamente al regular las funciones antiinflamatorias.","robots":{"index":"index","follow":"follow","max-snippet":"max-snippet:-1","max-image-preview":"max-image-preview:large","max-video-preview":"max-video-preview:-1"},"canonical":"https:\/\/acuariosupremus.com\/?product=nc-dolodog-tabletas-masticables-p-perros-60-tab","og_locale":"es_MX","og_type":"article","og_title":"NC DOLODOG TABLETAS MASTICABLES P\/PERROS 60 TAB | Acuario Supremus","og_description":"Natural Care Dolodog suplemento con extractos de origen natural que favorece el alivio del dolor positivamente al regular las funciones antiinflamatorias.","og_url":"https:\/\/acuariosupremus.com\/?product=nc-dolodog-tabletas-masticables-p-perros-60-tab","og_site_name":"Acuario Supremus","article_publisher":"https:\/\/www.facebook.com\/AcuarioSupremus","article_modified_time":"2026-02-11T23:18:13+00:00","og_image":[{"width":1000,"height":1000,"url":"https:\/\/acuariosupremus.com\/wp-content\/uploads\/2025\/05\/FL3650.png","type":"image\/png"}],"twitter_card":"summary_large_image","twitter_site":"@AcuarioSupremus","twitter_misc":{"Tiempo de lectura":"1 minuto"},"schema":{"@context":"https:\/\/schema.org","@graph":[{"@type":"WebPage","@id":"https:\/\/acuariosupremus.com\/?product=nc-dolodog-tabletas-masticables-p-perros-60-tab","url":"https:\/\/acuariosupremus.com\/?product=nc-dolodog-tabletas-masticables-p-perros-60-tab","name":"NC DOLODOG TABLETAS MASTICABLES P\/PERROS 60 TAB | Acuario Supremus","isPartOf":{"@id":"https:\/\/acuariosupremus.com\/#website"},"primaryImageOfPage":{"@id":"https:\/\/acuariosupremus.com\/?product=nc-dolodog-tabletas-masticables-p-perros-60-tab#primaryimage"},"image":{"@id":"https:\/\/acuariosupremus.com\/?product=nc-dolodog-tabletas-masticables-p-perros-60-tab#primaryimage"},"thumbnailUrl":"https:\/\/acuariosupremus.com\/wp-content\/uploads\/2025\/05\/FL3650.png","datePublished":"2025-05-23T01:30:36+00:00","dateModified":"2026-02-11T23:18:13+00:00","description":"Natural Care Dolodog suplemento con extractos de origen natural que favorece el alivio del dolor positivamente al regular las funciones antiinflamatorias.","breadcrumb":{"@id":"https:\/\/acuariosupremus.com\/?product=nc-dolodog-tabletas-masticables-p-perros-60-tab#breadcrumb"},"inLanguage":"es","potentialAction":[{"@type":"ReadAction","target":["https:\/\/acuariosupremus.com\/?product=nc-dolodog-tabletas-masticables-p-perros-60-tab"]}]},{"@type":"ImageObject","inLanguage":"es","@id":"https:\/\/acuariosupremus.com\/?product=nc-dolodog-tabletas-masticables-p-perros-60-tab#primaryimage","url":"https:\/\/acuariosupremus.com\/wp-content\/uploads\/2025\/05\/FL3650.png","contentUrl":"https:\/\/acuariosupremus.com\/wp-content\/uploads\/2025\/05\/FL3650.png","width":1000,"height":1000},{"@type":"BreadcrumbList","@id":"https:\/\/acuariosupremus.com\/?product=nc-dolodog-tabletas-masticables-p-perros-60-tab#breadcrumb","itemListElement":[{"@type":"ListItem","position":1,"name":"Portada","item":"https:\/\/acuariosupremus.com\/"},{"@type":"ListItem","position":2,"name":"Tienda","item":"https:\/\/acuariosupremus.com\/tienda\/"},{"@type":"ListItem","position":3,"name":"NC DOLODOG TABLETAS MASTICABLES P\/PERROS 60 TAB"}]},{"@type":"WebSite","@id":"https:\/\/acuariosupremus.com\/#website","url":"https:\/\/acuariosupremus.com\/","name":"Acuario Supremus","description":"Peces, Peceras y Mascotas.","publisher":{"@id":"https:\/\/acuariosupremus.com\/#organization"},"potentialAction":[{"@type":"SearchAction","target":{"@type":"EntryPoint","urlTemplate":"https:\/\/acuariosupremus.com\/?s={search_term_string}"},"query-input":{"@type":"PropertyValueSpecification","valueRequired":true,"valueName":"search_term_string"}}],"inLanguage":"es"},{"@type":"Organization","@id":"https:\/\/acuariosupremus.com\/#organization","name":"Acuario Supremus","url":"https:\/\/acuariosupremus.com\/","logo":{"@type":"ImageObject","inLanguage":"es","@id":"https:\/\/acuariosupremus.com\/#\/schema\/logo\/image\/","url":"https:\/\/acuariosupremus.com\/wp-content\/uploads\/2021\/12\/cropped-logo_acuario_supremus_fn-2.png","contentUrl":"https:\/\/acuariosupremus.com\/wp-content\/uploads\/2021\/12\/cropped-logo_acuario_supremus_fn-2.png","width":1000,"height":318,"caption":"Acuario Supremus"},"image":{"@id":"https:\/\/acuariosupremus.com\/#\/schema\/logo\/image\/"},"sameAs":["https:\/\/www.facebook.com\/AcuarioSupremus","https:\/\/x.com\/AcuarioSupremus","https:\/\/www.instagram.com\/acuariosupremus\/?hl=es"]}]}},"jetpack_sharing_enabled":true,"_links":{"self":[{"href":"https:\/\/acuariosupremus.com\/index.php?rest_route=\/wp\/v2\/product\/13913","targetHints":{"allow":["GET"]}}],"collection":[{"href":"https:\/\/acuariosupremus.com\/index.php?rest_route=\/wp\/v2\/product"}],"about":[{"href":"https:\/\/acuariosupremus.com\/index.php?rest_route=\/wp\/v2\/types\/product"}],"wp:featuredmedia":[{"embeddable":true,"href":"https:\/\/acuariosupremus.com\/index.php?rest_route=\/wp\/v2\/media\/13914"}],"wp:attachment":[{"href":"https:\/\/acuariosupremus.com\/index.php?rest_route=%2Fwp%2Fv2%2Fmedia&parent=13913"}],"wp:term":[{"taxonomy":"product_brand","embeddable":true,"href":"https:\/\/acuariosupremus.com\/index.php?rest_route=%2Fwp%2Fv2%2Fproduct_brand&post=13913"},{"taxonomy":"product_cat","embeddable":true,"href":"https:\/\/acuariosupremus.com\/index.php?rest_route=%2Fwp%2Fv2%2Fproduct_cat&post=13913"},{"taxonomy":"product_tag","embeddable":true,"href":"https:\/\/acuariosupremus.com\/index.php?rest_route=%2Fwp%2Fv2%2Fproduct_tag&post=13913"}],"curies":[{"name":"wp","href":"https:\/\/api.w.org\/{rel}","templated":true}]}}