{"id":13919,"date":"2025-05-22T19:41:20","date_gmt":"2025-05-23T01:41:20","guid":{"rendered":"https:\/\/acuariosupremus.com\/?post_type=product&#038;p=13919"},"modified":"2026-02-11T17:19:21","modified_gmt":"2026-02-11T23:19:21","slug":"nc-defense-one-repelente-de-parasitos-p-interiores-250-ml","status":"publish","type":"product","link":"https:\/\/acuariosupremus.com\/?product=nc-defense-one-repelente-de-parasitos-p-interiores-250-ml","title":{"rendered":"NC DEFENSE ONE REPELENTE DE PAR\u00c1SITOS P\/ INTERIORES 250 ML"},"content":{"rendered":"<div id=\"product.info.beneficios\" class=\"data item content\" role=\"tabpanel\" data-role=\"content\" aria-labelledby=\"tab-label-product.info.beneficios\" aria-hidden=\"false\">\n<div class=\"product attribute beneficios\">\n<div id=\"product.info.ingredientes.formulacion\" class=\"data item content\" role=\"tabpanel\" data-role=\"content\" aria-labelledby=\"tab-label-product.info.ingredientes.formulacion\" aria-hidden=\"false\">\n<div class=\"product attribute ingredientes_formulacion\">\n<div class=\"value\">MODO DE USO \/ PRECAUCIONES Y ADVERTENCIAS:<\/div>\n<div>\n<div id=\"product.info.ingredientes.modo.de.uso\" class=\"data item content\" role=\"tabpanel\" data-role=\"content\" aria-labelledby=\"tab-label-product.info.ingredientes.modo.de.uso\" aria-hidden=\"false\">\n<div class=\"product attribute modo_de_uso_precuaciones_y_adv\">\n<div class=\"value\">Agite con fuerza y roc\u00ede el repelente sobre superficies o en el ambiente. Repita cuanto sea necesario.PRECAUCIONES: MANT\u00c9NGASE FUERA DEL ALCANCE NI\u00d1OS Y LAS MASCOTAS. No emplear sobre las mascotas. En caso de contacto con ojos o piel, enjuagar con abundante agua. Realiza una prueba de sensibilidad antes de rociar sobre cualquier textil, algunas telas pueden ser delicadas al contacto. No mezclar ni diluir con otros detergentes. Mantener en un lugar fresco y protegido de la luz solar. El uso de este producto es responsabilidad de quien lo adquiere.<\/div>\n<div>Cada 100 ml contienen:rnGeraniol, inhibidor de malos olores, propilenglicol, alcohol et\u00edlico, emulsificante, metil y propil parabenos, veh\u00edculo cbp. 100 ml.<\/div>\n<\/div>\n<\/div>\n<\/div>\n<\/div>\n<\/div>\n<\/div>\n<\/div>\n","protected":false},"excerpt":{"rendered":"<p>Defense One de Natural Care es el aliado perfecto para proteger a tu hogar y a tus mascotas contra plagas comunes. Formulado con geraniol, un activo natural altamente efectivo, repele y previene infestaciones de pulgas, garrapatas, piojos, mosquitos y \u00e1caros, reduciendo la exposici\u00f3n a vectores de enfermedades.Este spray para interiores est\u00e1 dise\u00f1ado para ser seguro en hogares con perros y gatos, y es apto para usar en diferentes superficies y textiles, dejando un ambiente fresco y libre de olores desagradables.Con Defense One, cuida de tus mascotas y hogar con una protecci\u00f3n confiable y natural. Perfecto para mantener un ambiente seguro y c\u00f3modo para todos.<\/p>\n<div id=\"tab-label-product.info.beneficios\" class=\"data item title active\" tabindex=\"0\" role=\"tab\" aria-labeledby=\"tab-label-product.info.beneficios-title\" data-role=\"collapsible\" data-collapsible=\"true\" aria-controls=\"product.info.beneficios\" aria-selected=\"true\" aria-expanded=\"true\">BENEFICIOS:<\/div>\n<div id=\"product.info.beneficios\" class=\"data item content\" role=\"tabpanel\" data-role=\"content\" aria-labelledby=\"tab-label-product.info.beneficios\" aria-hidden=\"false\">\n<div class=\"product attribute beneficios\">\n<p>Efectivo contra plagas: Repele pulgas, garrapatas, mosquitos, \u00e1caros y piojos, protegiendo a tus mascotas y hogar.Seguro y vers\u00e1til: Ideal para usar en superficies y textiles, incluso en \u00e1reas donde conviven perros y gatos.Aroma agradable: Contiene un inhibidor de malos olores, dejando un ambiente limpio y fresco.F\u00f3rmula natural: Formulado con geraniol, un extracto bot\u00e1nico reconocido por su capacidad repelente.Protecci\u00f3n preventiva: Ayuda a evitar infestaciones antes de que se conviertan en un problema mayor.<\/p>\n<\/div>\n<\/div>\n","protected":false},"featured_media":13920,"template":"","meta":[],"product_brand":[106],"product_cat":[30,73,39,83],"product_tag":[958,331],"class_list":{"0":"post-13919","1":"product","2":"type-product","3":"status-publish","4":"has-post-thumbnail","6":"product_brand-fancypets","7":"product_cat-gatos","8":"product_cat-perros","9":"product_cat-salud","10":"product_cat-salud-perros","11":"product_tag-repelente-parasitos","12":"product_tag-shampoo-repelente","14":"first","15":"instock","16":"sale","17":"shipping-taxable","18":"purchasable","19":"product-type-simple"},"yoast_head":"<!-- This site is optimized with the Yoast SEO plugin v27.4 - https:\/\/yoast.com\/product\/yoast-seo-wordpress\/ -->\n<title>NC DEFENSE ONE REPELENTE DE PAR\u00c1SITOS P\/ INTERIORES 250 ML | Acuario Supremus<\/title>\n<meta name=\"description\" content=\"Defense One es perfecto para proteger a tu hogar y a tus mascotas contra plagas comunes. Formulado con geraniol, un activo natural altamente repelente\" \/>\n<meta name=\"robots\" content=\"index, follow, max-snippet:-1, max-image-preview:large, max-video-preview:-1\" \/>\n<link rel=\"canonical\" href=\"https:\/\/acuariosupremus.com\/?product=nc-defense-one-repelente-de-parasitos-p-interiores-250-ml\" \/>\n<meta property=\"og:locale\" content=\"es_MX\" \/>\n<meta property=\"og:type\" content=\"article\" \/>\n<meta property=\"og:title\" content=\"NC DEFENSE ONE REPELENTE DE PAR\u00c1SITOS P\/ INTERIORES 250 ML | Acuario Supremus\" \/>\n<meta property=\"og:description\" content=\"Defense One es perfecto para proteger a tu hogar y a tus mascotas contra plagas comunes. Formulado con geraniol, un activo natural altamente repelente\" \/>\n<meta property=\"og:url\" content=\"https:\/\/acuariosupremus.com\/?product=nc-defense-one-repelente-de-parasitos-p-interiores-250-ml\" \/>\n<meta property=\"og:site_name\" content=\"Acuario Supremus\" \/>\n<meta property=\"article:publisher\" content=\"https:\/\/www.facebook.com\/AcuarioSupremus\" \/>\n<meta property=\"article:modified_time\" content=\"2026-02-11T23:19:21+00:00\" \/>\n<meta property=\"og:image\" content=\"https:\/\/acuariosupremus.com\/wp-content\/uploads\/2025\/05\/FL3655.png\" \/>\n\t<meta property=\"og:image:width\" content=\"1000\" \/>\n\t<meta property=\"og:image:height\" content=\"1000\" \/>\n\t<meta property=\"og:image:type\" content=\"image\/png\" \/>\n<meta name=\"twitter:card\" content=\"summary_large_image\" \/>\n<meta name=\"twitter:site\" content=\"@AcuarioSupremus\" \/>\n<meta name=\"twitter:label1\" content=\"Tiempo de lectura\" \/>\n\t<meta name=\"twitter:data1\" content=\"1 minuto\" \/>\n<script type=\"application\/ld+json\" class=\"yoast-schema-graph\">{\"@context\":\"https:\\\/\\\/schema.org\",\"@graph\":[{\"@type\":\"WebPage\",\"@id\":\"https:\\\/\\\/acuariosupremus.com\\\/?product=nc-defense-one-repelente-de-parasitos-p-interiores-250-ml\",\"url\":\"https:\\\/\\\/acuariosupremus.com\\\/?product=nc-defense-one-repelente-de-parasitos-p-interiores-250-ml\",\"name\":\"NC DEFENSE ONE REPELENTE DE PAR\u00c1SITOS P\\\/ INTERIORES 250 ML | Acuario Supremus\",\"isPartOf\":{\"@id\":\"https:\\\/\\\/acuariosupremus.com\\\/#website\"},\"primaryImageOfPage\":{\"@id\":\"https:\\\/\\\/acuariosupremus.com\\\/?product=nc-defense-one-repelente-de-parasitos-p-interiores-250-ml#primaryimage\"},\"image\":{\"@id\":\"https:\\\/\\\/acuariosupremus.com\\\/?product=nc-defense-one-repelente-de-parasitos-p-interiores-250-ml#primaryimage\"},\"thumbnailUrl\":\"https:\\\/\\\/acuariosupremus.com\\\/wp-content\\\/uploads\\\/2025\\\/05\\\/FL3655.png\",\"datePublished\":\"2025-05-23T01:41:20+00:00\",\"dateModified\":\"2026-02-11T23:19:21+00:00\",\"description\":\"Defense One es perfecto para proteger a tu hogar y a tus mascotas contra plagas comunes. Formulado con geraniol, un activo natural altamente repelente\",\"breadcrumb\":{\"@id\":\"https:\\\/\\\/acuariosupremus.com\\\/?product=nc-defense-one-repelente-de-parasitos-p-interiores-250-ml#breadcrumb\"},\"inLanguage\":\"es\",\"potentialAction\":[{\"@type\":\"ReadAction\",\"target\":[\"https:\\\/\\\/acuariosupremus.com\\\/?product=nc-defense-one-repelente-de-parasitos-p-interiores-250-ml\"]}]},{\"@type\":\"ImageObject\",\"inLanguage\":\"es\",\"@id\":\"https:\\\/\\\/acuariosupremus.com\\\/?product=nc-defense-one-repelente-de-parasitos-p-interiores-250-ml#primaryimage\",\"url\":\"https:\\\/\\\/acuariosupremus.com\\\/wp-content\\\/uploads\\\/2025\\\/05\\\/FL3655.png\",\"contentUrl\":\"https:\\\/\\\/acuariosupremus.com\\\/wp-content\\\/uploads\\\/2025\\\/05\\\/FL3655.png\",\"width\":1000,\"height\":1000},{\"@type\":\"BreadcrumbList\",\"@id\":\"https:\\\/\\\/acuariosupremus.com\\\/?product=nc-defense-one-repelente-de-parasitos-p-interiores-250-ml#breadcrumb\",\"itemListElement\":[{\"@type\":\"ListItem\",\"position\":1,\"name\":\"Portada\",\"item\":\"https:\\\/\\\/acuariosupremus.com\\\/\"},{\"@type\":\"ListItem\",\"position\":2,\"name\":\"Tienda\",\"item\":\"https:\\\/\\\/acuariosupremus.com\\\/tienda\\\/\"},{\"@type\":\"ListItem\",\"position\":3,\"name\":\"NC DEFENSE ONE REPELENTE DE PAR\u00c1SITOS P\\\/ INTERIORES 250 ML\"}]},{\"@type\":\"WebSite\",\"@id\":\"https:\\\/\\\/acuariosupremus.com\\\/#website\",\"url\":\"https:\\\/\\\/acuariosupremus.com\\\/\",\"name\":\"Acuario Supremus\",\"description\":\"Peces, Peceras y Mascotas.\",\"publisher\":{\"@id\":\"https:\\\/\\\/acuariosupremus.com\\\/#organization\"},\"potentialAction\":[{\"@type\":\"SearchAction\",\"target\":{\"@type\":\"EntryPoint\",\"urlTemplate\":\"https:\\\/\\\/acuariosupremus.com\\\/?s={search_term_string}\"},\"query-input\":{\"@type\":\"PropertyValueSpecification\",\"valueRequired\":true,\"valueName\":\"search_term_string\"}}],\"inLanguage\":\"es\"},{\"@type\":\"Organization\",\"@id\":\"https:\\\/\\\/acuariosupremus.com\\\/#organization\",\"name\":\"Acuario Supremus\",\"url\":\"https:\\\/\\\/acuariosupremus.com\\\/\",\"logo\":{\"@type\":\"ImageObject\",\"inLanguage\":\"es\",\"@id\":\"https:\\\/\\\/acuariosupremus.com\\\/#\\\/schema\\\/logo\\\/image\\\/\",\"url\":\"https:\\\/\\\/acuariosupremus.com\\\/wp-content\\\/uploads\\\/2021\\\/12\\\/cropped-logo_acuario_supremus_fn-2.png\",\"contentUrl\":\"https:\\\/\\\/acuariosupremus.com\\\/wp-content\\\/uploads\\\/2021\\\/12\\\/cropped-logo_acuario_supremus_fn-2.png\",\"width\":1000,\"height\":318,\"caption\":\"Acuario Supremus\"},\"image\":{\"@id\":\"https:\\\/\\\/acuariosupremus.com\\\/#\\\/schema\\\/logo\\\/image\\\/\"},\"sameAs\":[\"https:\\\/\\\/www.facebook.com\\\/AcuarioSupremus\",\"https:\\\/\\\/x.com\\\/AcuarioSupremus\",\"https:\\\/\\\/www.instagram.com\\\/acuariosupremus\\\/?hl=es\"]}]}<\/script>\n<!-- \/ Yoast SEO plugin. -->","yoast_head_json":{"title":"NC DEFENSE ONE REPELENTE DE PAR\u00c1SITOS P\/ INTERIORES 250 ML | Acuario Supremus","description":"Defense One es perfecto para proteger a tu hogar y a tus mascotas contra plagas comunes. Formulado con geraniol, un activo natural altamente repelente","robots":{"index":"index","follow":"follow","max-snippet":"max-snippet:-1","max-image-preview":"max-image-preview:large","max-video-preview":"max-video-preview:-1"},"canonical":"https:\/\/acuariosupremus.com\/?product=nc-defense-one-repelente-de-parasitos-p-interiores-250-ml","og_locale":"es_MX","og_type":"article","og_title":"NC DEFENSE ONE REPELENTE DE PAR\u00c1SITOS P\/ INTERIORES 250 ML | Acuario Supremus","og_description":"Defense One es perfecto para proteger a tu hogar y a tus mascotas contra plagas comunes. Formulado con geraniol, un activo natural altamente repelente","og_url":"https:\/\/acuariosupremus.com\/?product=nc-defense-one-repelente-de-parasitos-p-interiores-250-ml","og_site_name":"Acuario Supremus","article_publisher":"https:\/\/www.facebook.com\/AcuarioSupremus","article_modified_time":"2026-02-11T23:19:21+00:00","og_image":[{"width":1000,"height":1000,"url":"https:\/\/acuariosupremus.com\/wp-content\/uploads\/2025\/05\/FL3655.png","type":"image\/png"}],"twitter_card":"summary_large_image","twitter_site":"@AcuarioSupremus","twitter_misc":{"Tiempo de lectura":"1 minuto"},"schema":{"@context":"https:\/\/schema.org","@graph":[{"@type":"WebPage","@id":"https:\/\/acuariosupremus.com\/?product=nc-defense-one-repelente-de-parasitos-p-interiores-250-ml","url":"https:\/\/acuariosupremus.com\/?product=nc-defense-one-repelente-de-parasitos-p-interiores-250-ml","name":"NC DEFENSE ONE REPELENTE DE PAR\u00c1SITOS P\/ INTERIORES 250 ML | Acuario Supremus","isPartOf":{"@id":"https:\/\/acuariosupremus.com\/#website"},"primaryImageOfPage":{"@id":"https:\/\/acuariosupremus.com\/?product=nc-defense-one-repelente-de-parasitos-p-interiores-250-ml#primaryimage"},"image":{"@id":"https:\/\/acuariosupremus.com\/?product=nc-defense-one-repelente-de-parasitos-p-interiores-250-ml#primaryimage"},"thumbnailUrl":"https:\/\/acuariosupremus.com\/wp-content\/uploads\/2025\/05\/FL3655.png","datePublished":"2025-05-23T01:41:20+00:00","dateModified":"2026-02-11T23:19:21+00:00","description":"Defense One es perfecto para proteger a tu hogar y a tus mascotas contra plagas comunes. Formulado con geraniol, un activo natural altamente repelente","breadcrumb":{"@id":"https:\/\/acuariosupremus.com\/?product=nc-defense-one-repelente-de-parasitos-p-interiores-250-ml#breadcrumb"},"inLanguage":"es","potentialAction":[{"@type":"ReadAction","target":["https:\/\/acuariosupremus.com\/?product=nc-defense-one-repelente-de-parasitos-p-interiores-250-ml"]}]},{"@type":"ImageObject","inLanguage":"es","@id":"https:\/\/acuariosupremus.com\/?product=nc-defense-one-repelente-de-parasitos-p-interiores-250-ml#primaryimage","url":"https:\/\/acuariosupremus.com\/wp-content\/uploads\/2025\/05\/FL3655.png","contentUrl":"https:\/\/acuariosupremus.com\/wp-content\/uploads\/2025\/05\/FL3655.png","width":1000,"height":1000},{"@type":"BreadcrumbList","@id":"https:\/\/acuariosupremus.com\/?product=nc-defense-one-repelente-de-parasitos-p-interiores-250-ml#breadcrumb","itemListElement":[{"@type":"ListItem","position":1,"name":"Portada","item":"https:\/\/acuariosupremus.com\/"},{"@type":"ListItem","position":2,"name":"Tienda","item":"https:\/\/acuariosupremus.com\/tienda\/"},{"@type":"ListItem","position":3,"name":"NC DEFENSE ONE REPELENTE DE PAR\u00c1SITOS P\/ INTERIORES 250 ML"}]},{"@type":"WebSite","@id":"https:\/\/acuariosupremus.com\/#website","url":"https:\/\/acuariosupremus.com\/","name":"Acuario Supremus","description":"Peces, Peceras y Mascotas.","publisher":{"@id":"https:\/\/acuariosupremus.com\/#organization"},"potentialAction":[{"@type":"SearchAction","target":{"@type":"EntryPoint","urlTemplate":"https:\/\/acuariosupremus.com\/?s={search_term_string}"},"query-input":{"@type":"PropertyValueSpecification","valueRequired":true,"valueName":"search_term_string"}}],"inLanguage":"es"},{"@type":"Organization","@id":"https:\/\/acuariosupremus.com\/#organization","name":"Acuario Supremus","url":"https:\/\/acuariosupremus.com\/","logo":{"@type":"ImageObject","inLanguage":"es","@id":"https:\/\/acuariosupremus.com\/#\/schema\/logo\/image\/","url":"https:\/\/acuariosupremus.com\/wp-content\/uploads\/2021\/12\/cropped-logo_acuario_supremus_fn-2.png","contentUrl":"https:\/\/acuariosupremus.com\/wp-content\/uploads\/2021\/12\/cropped-logo_acuario_supremus_fn-2.png","width":1000,"height":318,"caption":"Acuario Supremus"},"image":{"@id":"https:\/\/acuariosupremus.com\/#\/schema\/logo\/image\/"},"sameAs":["https:\/\/www.facebook.com\/AcuarioSupremus","https:\/\/x.com\/AcuarioSupremus","https:\/\/www.instagram.com\/acuariosupremus\/?hl=es"]}]}},"jetpack_sharing_enabled":true,"_links":{"self":[{"href":"https:\/\/acuariosupremus.com\/index.php?rest_route=\/wp\/v2\/product\/13919","targetHints":{"allow":["GET"]}}],"collection":[{"href":"https:\/\/acuariosupremus.com\/index.php?rest_route=\/wp\/v2\/product"}],"about":[{"href":"https:\/\/acuariosupremus.com\/index.php?rest_route=\/wp\/v2\/types\/product"}],"wp:featuredmedia":[{"embeddable":true,"href":"https:\/\/acuariosupremus.com\/index.php?rest_route=\/wp\/v2\/media\/13920"}],"wp:attachment":[{"href":"https:\/\/acuariosupremus.com\/index.php?rest_route=%2Fwp%2Fv2%2Fmedia&parent=13919"}],"wp:term":[{"taxonomy":"product_brand","embeddable":true,"href":"https:\/\/acuariosupremus.com\/index.php?rest_route=%2Fwp%2Fv2%2Fproduct_brand&post=13919"},{"taxonomy":"product_cat","embeddable":true,"href":"https:\/\/acuariosupremus.com\/index.php?rest_route=%2Fwp%2Fv2%2Fproduct_cat&post=13919"},{"taxonomy":"product_tag","embeddable":true,"href":"https:\/\/acuariosupremus.com\/index.php?rest_route=%2Fwp%2Fv2%2Fproduct_tag&post=13919"}],"curies":[{"name":"wp","href":"https:\/\/api.w.org\/{rel}","templated":true}]}}