{"id":13940,"date":"2025-05-23T17:46:36","date_gmt":"2025-05-23T23:46:36","guid":{"rendered":"https:\/\/acuariosupremus.com\/?post_type=product&#038;p=13940"},"modified":"2026-01-22T14:17:15","modified_gmt":"2026-01-22T20:17:15","slug":"shampoo-essentials-hidratante-de-coco-250-ml","status":"publish","type":"product","link":"https:\/\/acuariosupremus.com\/?product=shampoo-essentials-hidratante-de-coco-250-ml","title":{"rendered":"SHAMPOO ESSENTIALS HIDRATANTE DE COCO 250 ML."},"content":{"rendered":"<div id=\"tab-label-product.info.ingredientes.modo.de.uso\" class=\"data item title active\" tabindex=\"0\" role=\"tab\" aria-labeledby=\"tab-label-product.info.ingredientes.modo.de.uso-title\" data-role=\"collapsible\" data-collapsible=\"true\" aria-controls=\"product.info.ingredientes.modo.de.uso\" aria-selected=\"true\" aria-expanded=\"true\">MODO DE USO \/ PRECAUCIONES Y ADVERTENCIAS<\/div>\n<div id=\"product.info.ingredientes.modo.de.uso\" class=\"data item content\" role=\"tabpanel\" data-role=\"content\" aria-labelledby=\"tab-label-product.info.ingredientes.modo.de.uso\" aria-hidden=\"false\">\n<div class=\"product attribute modo_de_uso_precuaciones_y_adv\">\n<div class=\"value\">Moje a su perro con agua tibia. Aplique shampoo directamente sobre el pelo y masajee hasta obtener espuma abundante. Enjuague, seque con una toalla y cepille hasta obtener un pelaje lustroso. Producto para uso veterinario. Mant\u00e9ngase fuera del alcance de los ni\u00f1os.<\/div>\n<div>\n<div id=\"tab-label-product.info.ingredientes.formulacion\" class=\"data item title active\" tabindex=\"0\" role=\"tab\" aria-labeledby=\"tab-label-product.info.ingredientes.formulacion-title\" data-role=\"collapsible\" data-collapsible=\"true\" aria-controls=\"product.info.ingredientes.formulacion\" aria-selected=\"true\" aria-expanded=\"true\">INGREDIENTES\/FORMULACI\u00d3N<\/div>\n<div id=\"product.info.ingredientes.formulacion\" class=\"data item content\" role=\"tabpanel\" data-role=\"content\" aria-labelledby=\"tab-label-product.info.ingredientes.formulacion\" aria-hidden=\"false\">\n<div class=\"product attribute ingredientes_formulacion\">\n<div class=\"value\">Lauril \u00e9ter sulfato de amonio, cocoamida propil beta\u00edna, dietanolamida de \u00e1cidos grasos de coco, glicerina, poliquaternium, extracto de Avena sativa, extracto de Aloe vera, extracto de Matricaria chamomilla, prote\u00edna de trigo hidrolizada, poliol \u00e9ster de aceite graso de coco, oleato de glicerilo y cocoglucoside, fragancia, cloruro de sodio, \u00e1cido c\u00edtrico, metil y propil parabeno como conservador, veh\u00edculo c.b.p. 100%.<\/div>\n<\/div>\n<\/div>\n<\/div>\n<\/div>\n<\/div>\n<p>Contenido:<br \/>\n<strong>250 ml.<\/strong><\/p>\n","protected":false},"excerpt":{"rendered":"<p>El Shampoo Essentials Hidratante de Coco de Fancy Pets\u00ae est\u00e1 formulado con suaves extractos de aloevera y avena que hidratan, cuidan y restauran la piel delicada, adem\u00e1s contiene prote\u00edna de trigo hidrolizada que nutre la fibra capilar y mejora la condici\u00f3n del pelo. No irrita la piel del perro.<\/p>\n<div id=\"tab-label-product.info.beneficios\" class=\"data item title active\" tabindex=\"0\" role=\"tab\" aria-labeledby=\"tab-label-product.info.beneficios-title\" data-role=\"collapsible\" data-collapsible=\"true\" aria-controls=\"product.info.beneficios\" aria-selected=\"true\" aria-expanded=\"true\">BENEFICIOS<\/div>\n<div id=\"product.info.beneficios\" class=\"data item content\" role=\"tabpanel\" data-role=\"content\" aria-labelledby=\"tab-label-product.info.beneficios\" aria-hidden=\"false\">\n<div class=\"product attribute beneficios\">\n<ul>\n<li class=\"value\">Debido a sus avenantramidas y fenoles, el extracto Avena sativa, forma una pel\u00edcula protectora sobre la piel. Esta pel\u00edcula ayuda a equilibrar el pH calmando la picaz\u00f3n en la piel. Disminuye la inflamaci\u00f3n, elimina bacterias, y humecta la piel.<\/li>\n<li class=\"value\">El extracto de Aloe vera estimula la proliferaci\u00f3n de col\u00e1geno y favorece la cicatrizaci\u00f3n<\/li>\n<li class=\"value\">La prote\u00edna de trigo hidrolizada puede mantener la estructura del pelo saludable. Aportan brillo y sedosidad, y mantienen nutrido, luminoso y suave el manto de las mascotas.<\/li>\n<\/ul>\n<\/div>\n<\/div>\n","protected":false},"featured_media":13941,"template":"","meta":[],"product_brand":[106],"product_cat":[73,74],"product_tag":[961,352],"class_list":{"0":"post-13940","1":"product","2":"type-product","3":"status-publish","4":"has-post-thumbnail","6":"product_brand-fancypets","7":"product_cat-perros","8":"product_cat-belleza-e-higiene-perros","9":"product_tag-shampoo-hidratante","10":"product_tag-shampoo-perros","12":"first","13":"instock","14":"sale","15":"shipping-taxable","16":"purchasable","17":"product-type-simple"},"yoast_head":"<!-- This site is optimized with the Yoast SEO plugin v27.4 - https:\/\/yoast.com\/product\/yoast-seo-wordpress\/ -->\n<title>SHAMPOO ESSENTIALS HIDRATANTE DE COCO 250 ML. | Acuario Supremus<\/title>\n<meta name=\"description\" content=\"El Shampoo Essentials Hidratante de Coco de est\u00e1 formulado con suaves extractos de aloevera y avena que hidratan, cuidan y restauran la piel delicada\" \/>\n<meta name=\"robots\" content=\"index, follow, max-snippet:-1, max-image-preview:large, max-video-preview:-1\" \/>\n<link rel=\"canonical\" href=\"https:\/\/acuariosupremus.com\/?product=shampoo-essentials-hidratante-de-coco-250-ml\" \/>\n<meta property=\"og:locale\" content=\"es_MX\" \/>\n<meta property=\"og:type\" content=\"article\" \/>\n<meta property=\"og:title\" content=\"SHAMPOO ESSENTIALS HIDRATANTE DE COCO 250 ML. | Acuario Supremus\" \/>\n<meta property=\"og:description\" content=\"El Shampoo Essentials Hidratante de Coco de est\u00e1 formulado con suaves extractos de aloevera y avena que hidratan, cuidan y restauran la piel delicada\" \/>\n<meta property=\"og:url\" content=\"https:\/\/acuariosupremus.com\/?product=shampoo-essentials-hidratante-de-coco-250-ml\" \/>\n<meta property=\"og:site_name\" content=\"Acuario Supremus\" \/>\n<meta property=\"article:publisher\" content=\"https:\/\/www.facebook.com\/AcuarioSupremus\" \/>\n<meta property=\"article:modified_time\" content=\"2026-01-22T20:17:15+00:00\" \/>\n<meta property=\"og:image\" content=\"https:\/\/acuariosupremus.com\/wp-content\/uploads\/2025\/05\/FL3989_3.png\" \/>\n\t<meta property=\"og:image:width\" content=\"600\" \/>\n\t<meta property=\"og:image:height\" content=\"600\" \/>\n\t<meta property=\"og:image:type\" content=\"image\/png\" \/>\n<meta name=\"twitter:card\" content=\"summary_large_image\" \/>\n<meta name=\"twitter:site\" content=\"@AcuarioSupremus\" \/>\n<meta name=\"twitter:label1\" content=\"Tiempo de lectura\" \/>\n\t<meta name=\"twitter:data1\" content=\"1 minuto\" \/>\n<script type=\"application\/ld+json\" class=\"yoast-schema-graph\">{\"@context\":\"https:\\\/\\\/schema.org\",\"@graph\":[{\"@type\":\"WebPage\",\"@id\":\"https:\\\/\\\/acuariosupremus.com\\\/?product=shampoo-essentials-hidratante-de-coco-250-ml\",\"url\":\"https:\\\/\\\/acuariosupremus.com\\\/?product=shampoo-essentials-hidratante-de-coco-250-ml\",\"name\":\"SHAMPOO ESSENTIALS HIDRATANTE DE COCO 250 ML. | Acuario Supremus\",\"isPartOf\":{\"@id\":\"https:\\\/\\\/acuariosupremus.com\\\/#website\"},\"primaryImageOfPage\":{\"@id\":\"https:\\\/\\\/acuariosupremus.com\\\/?product=shampoo-essentials-hidratante-de-coco-250-ml#primaryimage\"},\"image\":{\"@id\":\"https:\\\/\\\/acuariosupremus.com\\\/?product=shampoo-essentials-hidratante-de-coco-250-ml#primaryimage\"},\"thumbnailUrl\":\"https:\\\/\\\/acuariosupremus.com\\\/wp-content\\\/uploads\\\/2025\\\/05\\\/FL3989_3.png\",\"datePublished\":\"2025-05-23T23:46:36+00:00\",\"dateModified\":\"2026-01-22T20:17:15+00:00\",\"description\":\"El Shampoo Essentials Hidratante de Coco de est\u00e1 formulado con suaves extractos de aloevera y avena que hidratan, cuidan y restauran la piel delicada\",\"breadcrumb\":{\"@id\":\"https:\\\/\\\/acuariosupremus.com\\\/?product=shampoo-essentials-hidratante-de-coco-250-ml#breadcrumb\"},\"inLanguage\":\"es\",\"potentialAction\":[{\"@type\":\"ReadAction\",\"target\":[\"https:\\\/\\\/acuariosupremus.com\\\/?product=shampoo-essentials-hidratante-de-coco-250-ml\"]}]},{\"@type\":\"ImageObject\",\"inLanguage\":\"es\",\"@id\":\"https:\\\/\\\/acuariosupremus.com\\\/?product=shampoo-essentials-hidratante-de-coco-250-ml#primaryimage\",\"url\":\"https:\\\/\\\/acuariosupremus.com\\\/wp-content\\\/uploads\\\/2025\\\/05\\\/FL3989_3.png\",\"contentUrl\":\"https:\\\/\\\/acuariosupremus.com\\\/wp-content\\\/uploads\\\/2025\\\/05\\\/FL3989_3.png\",\"width\":600,\"height\":600},{\"@type\":\"BreadcrumbList\",\"@id\":\"https:\\\/\\\/acuariosupremus.com\\\/?product=shampoo-essentials-hidratante-de-coco-250-ml#breadcrumb\",\"itemListElement\":[{\"@type\":\"ListItem\",\"position\":1,\"name\":\"Portada\",\"item\":\"https:\\\/\\\/acuariosupremus.com\\\/\"},{\"@type\":\"ListItem\",\"position\":2,\"name\":\"Tienda\",\"item\":\"https:\\\/\\\/acuariosupremus.com\\\/tienda\\\/\"},{\"@type\":\"ListItem\",\"position\":3,\"name\":\"SHAMPOO ESSENTIALS HIDRATANTE DE COCO 250 ML.\"}]},{\"@type\":\"WebSite\",\"@id\":\"https:\\\/\\\/acuariosupremus.com\\\/#website\",\"url\":\"https:\\\/\\\/acuariosupremus.com\\\/\",\"name\":\"Acuario Supremus\",\"description\":\"Peces, Peceras y Mascotas.\",\"publisher\":{\"@id\":\"https:\\\/\\\/acuariosupremus.com\\\/#organization\"},\"potentialAction\":[{\"@type\":\"SearchAction\",\"target\":{\"@type\":\"EntryPoint\",\"urlTemplate\":\"https:\\\/\\\/acuariosupremus.com\\\/?s={search_term_string}\"},\"query-input\":{\"@type\":\"PropertyValueSpecification\",\"valueRequired\":true,\"valueName\":\"search_term_string\"}}],\"inLanguage\":\"es\"},{\"@type\":\"Organization\",\"@id\":\"https:\\\/\\\/acuariosupremus.com\\\/#organization\",\"name\":\"Acuario Supremus\",\"url\":\"https:\\\/\\\/acuariosupremus.com\\\/\",\"logo\":{\"@type\":\"ImageObject\",\"inLanguage\":\"es\",\"@id\":\"https:\\\/\\\/acuariosupremus.com\\\/#\\\/schema\\\/logo\\\/image\\\/\",\"url\":\"https:\\\/\\\/acuariosupremus.com\\\/wp-content\\\/uploads\\\/2021\\\/12\\\/cropped-logo_acuario_supremus_fn-2.png\",\"contentUrl\":\"https:\\\/\\\/acuariosupremus.com\\\/wp-content\\\/uploads\\\/2021\\\/12\\\/cropped-logo_acuario_supremus_fn-2.png\",\"width\":1000,\"height\":318,\"caption\":\"Acuario Supremus\"},\"image\":{\"@id\":\"https:\\\/\\\/acuariosupremus.com\\\/#\\\/schema\\\/logo\\\/image\\\/\"},\"sameAs\":[\"https:\\\/\\\/www.facebook.com\\\/AcuarioSupremus\",\"https:\\\/\\\/x.com\\\/AcuarioSupremus\",\"https:\\\/\\\/www.instagram.com\\\/acuariosupremus\\\/?hl=es\"]}]}<\/script>\n<!-- \/ Yoast SEO plugin. -->","yoast_head_json":{"title":"SHAMPOO ESSENTIALS HIDRATANTE DE COCO 250 ML. | Acuario Supremus","description":"El Shampoo Essentials Hidratante de Coco de est\u00e1 formulado con suaves extractos de aloevera y avena que hidratan, cuidan y restauran la piel delicada","robots":{"index":"index","follow":"follow","max-snippet":"max-snippet:-1","max-image-preview":"max-image-preview:large","max-video-preview":"max-video-preview:-1"},"canonical":"https:\/\/acuariosupremus.com\/?product=shampoo-essentials-hidratante-de-coco-250-ml","og_locale":"es_MX","og_type":"article","og_title":"SHAMPOO ESSENTIALS HIDRATANTE DE COCO 250 ML. | Acuario Supremus","og_description":"El Shampoo Essentials Hidratante de Coco de est\u00e1 formulado con suaves extractos de aloevera y avena que hidratan, cuidan y restauran la piel delicada","og_url":"https:\/\/acuariosupremus.com\/?product=shampoo-essentials-hidratante-de-coco-250-ml","og_site_name":"Acuario Supremus","article_publisher":"https:\/\/www.facebook.com\/AcuarioSupremus","article_modified_time":"2026-01-22T20:17:15+00:00","og_image":[{"width":600,"height":600,"url":"https:\/\/acuariosupremus.com\/wp-content\/uploads\/2025\/05\/FL3989_3.png","type":"image\/png"}],"twitter_card":"summary_large_image","twitter_site":"@AcuarioSupremus","twitter_misc":{"Tiempo de lectura":"1 minuto"},"schema":{"@context":"https:\/\/schema.org","@graph":[{"@type":"WebPage","@id":"https:\/\/acuariosupremus.com\/?product=shampoo-essentials-hidratante-de-coco-250-ml","url":"https:\/\/acuariosupremus.com\/?product=shampoo-essentials-hidratante-de-coco-250-ml","name":"SHAMPOO ESSENTIALS HIDRATANTE DE COCO 250 ML. | Acuario Supremus","isPartOf":{"@id":"https:\/\/acuariosupremus.com\/#website"},"primaryImageOfPage":{"@id":"https:\/\/acuariosupremus.com\/?product=shampoo-essentials-hidratante-de-coco-250-ml#primaryimage"},"image":{"@id":"https:\/\/acuariosupremus.com\/?product=shampoo-essentials-hidratante-de-coco-250-ml#primaryimage"},"thumbnailUrl":"https:\/\/acuariosupremus.com\/wp-content\/uploads\/2025\/05\/FL3989_3.png","datePublished":"2025-05-23T23:46:36+00:00","dateModified":"2026-01-22T20:17:15+00:00","description":"El Shampoo Essentials Hidratante de Coco de est\u00e1 formulado con suaves extractos de aloevera y avena que hidratan, cuidan y restauran la piel delicada","breadcrumb":{"@id":"https:\/\/acuariosupremus.com\/?product=shampoo-essentials-hidratante-de-coco-250-ml#breadcrumb"},"inLanguage":"es","potentialAction":[{"@type":"ReadAction","target":["https:\/\/acuariosupremus.com\/?product=shampoo-essentials-hidratante-de-coco-250-ml"]}]},{"@type":"ImageObject","inLanguage":"es","@id":"https:\/\/acuariosupremus.com\/?product=shampoo-essentials-hidratante-de-coco-250-ml#primaryimage","url":"https:\/\/acuariosupremus.com\/wp-content\/uploads\/2025\/05\/FL3989_3.png","contentUrl":"https:\/\/acuariosupremus.com\/wp-content\/uploads\/2025\/05\/FL3989_3.png","width":600,"height":600},{"@type":"BreadcrumbList","@id":"https:\/\/acuariosupremus.com\/?product=shampoo-essentials-hidratante-de-coco-250-ml#breadcrumb","itemListElement":[{"@type":"ListItem","position":1,"name":"Portada","item":"https:\/\/acuariosupremus.com\/"},{"@type":"ListItem","position":2,"name":"Tienda","item":"https:\/\/acuariosupremus.com\/tienda\/"},{"@type":"ListItem","position":3,"name":"SHAMPOO ESSENTIALS HIDRATANTE DE COCO 250 ML."}]},{"@type":"WebSite","@id":"https:\/\/acuariosupremus.com\/#website","url":"https:\/\/acuariosupremus.com\/","name":"Acuario Supremus","description":"Peces, Peceras y Mascotas.","publisher":{"@id":"https:\/\/acuariosupremus.com\/#organization"},"potentialAction":[{"@type":"SearchAction","target":{"@type":"EntryPoint","urlTemplate":"https:\/\/acuariosupremus.com\/?s={search_term_string}"},"query-input":{"@type":"PropertyValueSpecification","valueRequired":true,"valueName":"search_term_string"}}],"inLanguage":"es"},{"@type":"Organization","@id":"https:\/\/acuariosupremus.com\/#organization","name":"Acuario Supremus","url":"https:\/\/acuariosupremus.com\/","logo":{"@type":"ImageObject","inLanguage":"es","@id":"https:\/\/acuariosupremus.com\/#\/schema\/logo\/image\/","url":"https:\/\/acuariosupremus.com\/wp-content\/uploads\/2021\/12\/cropped-logo_acuario_supremus_fn-2.png","contentUrl":"https:\/\/acuariosupremus.com\/wp-content\/uploads\/2021\/12\/cropped-logo_acuario_supremus_fn-2.png","width":1000,"height":318,"caption":"Acuario Supremus"},"image":{"@id":"https:\/\/acuariosupremus.com\/#\/schema\/logo\/image\/"},"sameAs":["https:\/\/www.facebook.com\/AcuarioSupremus","https:\/\/x.com\/AcuarioSupremus","https:\/\/www.instagram.com\/acuariosupremus\/?hl=es"]}]}},"jetpack_sharing_enabled":true,"_links":{"self":[{"href":"https:\/\/acuariosupremus.com\/index.php?rest_route=\/wp\/v2\/product\/13940","targetHints":{"allow":["GET"]}}],"collection":[{"href":"https:\/\/acuariosupremus.com\/index.php?rest_route=\/wp\/v2\/product"}],"about":[{"href":"https:\/\/acuariosupremus.com\/index.php?rest_route=\/wp\/v2\/types\/product"}],"wp:featuredmedia":[{"embeddable":true,"href":"https:\/\/acuariosupremus.com\/index.php?rest_route=\/wp\/v2\/media\/13941"}],"wp:attachment":[{"href":"https:\/\/acuariosupremus.com\/index.php?rest_route=%2Fwp%2Fv2%2Fmedia&parent=13940"}],"wp:term":[{"taxonomy":"product_brand","embeddable":true,"href":"https:\/\/acuariosupremus.com\/index.php?rest_route=%2Fwp%2Fv2%2Fproduct_brand&post=13940"},{"taxonomy":"product_cat","embeddable":true,"href":"https:\/\/acuariosupremus.com\/index.php?rest_route=%2Fwp%2Fv2%2Fproduct_cat&post=13940"},{"taxonomy":"product_tag","embeddable":true,"href":"https:\/\/acuariosupremus.com\/index.php?rest_route=%2Fwp%2Fv2%2Fproduct_tag&post=13940"}],"curies":[{"name":"wp","href":"https:\/\/api.w.org\/{rel}","templated":true}]}}