{"id":13944,"date":"2025-05-23T18:08:30","date_gmt":"2025-05-24T00:08:30","guid":{"rendered":"https:\/\/acuariosupremus.com\/?post_type=product&#038;p=13944"},"modified":"2026-04-29T17:51:46","modified_gmt":"2026-04-29T23:51:46","slug":"barrita-p-aves-canoras-alta-en-proteina-2-pzas","status":"publish","type":"product","link":"https:\/\/acuariosupremus.com\/?product=barrita-p-aves-canoras-alta-en-proteina-2-pzas","title":{"rendered":"BARRITA P\/AVES CANORAS ALTA EN PROTEINA 2 PZAS."},"content":{"rendered":"<div id=\"tab-label-product.info.ingredientes.modo.de.uso\" class=\"data item title active\" tabindex=\"0\" role=\"tab\" aria-labeledby=\"tab-label-product.info.ingredientes.modo.de.uso-title\" data-role=\"collapsible\" data-collapsible=\"true\" aria-controls=\"product.info.ingredientes.modo.de.uso\" aria-selected=\"true\" aria-expanded=\"true\">MODO DE USO \/ PRECAUCIONES Y ADVERTENCIAS<\/div>\n<div id=\"product.info.ingredientes.modo.de.uso\" class=\"data item content\" role=\"tabpanel\" data-role=\"content\" aria-labelledby=\"tab-label-product.info.ingredientes.modo.de.uso\" aria-hidden=\"false\">\n<div class=\"product attribute modo_de_uso_precuaciones_y_adv\">\n<div class=\"value\">Las barritas est\u00e1n formuladas para la mayor\u00eda de las aves adultas de ornato. Coloque una barrita dentro de la jaula del lado contrario al recipiente de agua y sujete el ganchito a uno de los barrotes de la jaula. La curiosidad de las aves har\u00e1 que se acerquen poco a poco y prueben las semillas. No olvide proporcionar diariamente al ave agua potable y fresca a libre acceso. Proporcione una barrita cada 5 d\u00edas o cuando se termine la barrita. La frecuencia de alimentaci\u00f3n depender\u00e1 del tama\u00f1o de las aves. Conserve las barritas en su envase cerrado en un lugar fresco, seco y protegido de la luz solar. Monitoree peri\u00f3dicamente el peso de sus aves. Este alimento es exclusivo para aves canoras y de ornato, no emplear en aves de corral.<\/div>\n<div>\n<div id=\"tab-label-product.info.ingredientes.formulacion\" class=\"data item title active\" tabindex=\"0\" role=\"tab\" aria-labeledby=\"tab-label-product.info.ingredientes.formulacion-title\" data-role=\"collapsible\" data-collapsible=\"true\" aria-controls=\"product.info.ingredientes.formulacion\" aria-selected=\"true\" aria-expanded=\"true\">INGREDIENTES\/FORMULACI\u00d3N<\/div>\n<div id=\"product.info.ingredientes.formulacion\" class=\"data item content\" role=\"tabpanel\" data-role=\"content\" aria-labelledby=\"tab-label-product.info.ingredientes.formulacion\" aria-hidden=\"false\">\n<div class=\"product attribute ingredientes_formulacion\">\n<div class=\"value\">Alpiste, mijo blanco, mijo rojo, avena en grano, linaza, larva deshidratada de mosca soldado negra (Hermetia illucens) alimento balanceado en migajas (granos molidos, subproductos de cereales, pastas de oleaginosas, aceite vegetal, melaza de ca\u00f1a, carbonato de calcio, ortofosfato de calcio, cloruro de sodio, hierro, magnesio, zinc, manganeso, f\u00f3sforo, cobre, selenio, vitamina A, vitamina B1, vitamina B2, vitamina B6, vitamina B12, \u00e1cido f\u00f3lico, biotina, niacina, \u00e1cido pantot\u00e9nico, cloruro de colina, lisina, metionina, glucosa, fibra soluble del \u00e1rbol de acacia, benzoato de sodio como conservador. An\u00e1lisis garantizado: Prote\u00edna m\u00edn. 14%; Grasa cruda m\u00edn. 8% Fibra cruda m\u00edn. 5% Cenizas m\u00e1x. 4% Humedad M\u00e1x. 10%<\/div>\n<\/div>\n<\/div>\n<\/div>\n<\/div>\n<\/div>\n<p>Contenido:<br \/>\n<strong>2 barras de 30 g cada una<\/strong><\/p>\n","protected":false},"excerpt":{"rendered":"<p>Las barritas de semilla con larva soldado de RedKite\u00ae son un snack rico en prote\u00ednas para aves canoras y de ornato con delicioso sabor. Estimula la curiosidad, mantiene entretenida al ave y la nutre con peque\u00f1as larvas de mosca soldado.<\/p>\n<div id=\"tab-label-product.info.beneficios\" class=\"data item title active\" tabindex=\"0\" role=\"tab\" aria-labeledby=\"tab-label-product.info.beneficios-title\" data-role=\"collapsible\" data-collapsible=\"true\" aria-controls=\"product.info.beneficios\" aria-selected=\"true\" aria-expanded=\"true\">BENEFICIOS<\/div>\n<div id=\"product.info.beneficios\" class=\"data item content\" role=\"tabpanel\" data-role=\"content\" aria-labelledby=\"tab-label-product.info.beneficios\" aria-hidden=\"false\">\n<div class=\"product attribute beneficios\">\n<ul>\n<li class=\"value\">Alta en prote\u00ednas<\/li>\n<li class=\"value\">Rica en amino\u00e1cidos, vitaminas, minerales<\/li>\n<li class=\"value\">Para aves canoras y de ornato<\/li>\n<li class=\"value\">Alta digestibilidad<\/li>\n<li class=\"value\">Snack con calcio 100% natural.<\/li>\n<li class=\"value\">Incluye gancho que permite colocarla dentro de la jaula<\/li>\n<\/ul>\n<\/div>\n<\/div>\n","protected":false},"featured_media":13945,"template":"","meta":[],"product_brand":[104],"product_cat":[20,29],"product_tag":[272,1091,1089,1080,1081,1078],"class_list":{"0":"post-13944","1":"product","2":"type-product","3":"status-publish","4":"has-post-thumbnail","6":"product_brand-redkite","7":"product_cat-aves","8":"product_cat-nutricion","9":"product_tag-alimento-aves","10":"product_tag-barrita-aves-canoras","11":"product_tag-barrita-de-semillas","12":"product_tag-canarios","13":"product_tag-finches","14":"product_tag-loritos","16":"first","17":"instock","18":"sale","19":"shipping-taxable","20":"purchasable","21":"product-type-simple"},"yoast_head":"<!-- This site is optimized with the Yoast SEO plugin v27.5 - https:\/\/yoast.com\/product\/yoast-seo-wordpress\/ -->\n<title>BARRITA P\/AVES CANORAS ALTA EN PROTEINA 2 PZAS. | Acuario Supremus<\/title>\n<meta name=\"description\" content=\"Barrita de mezcla de semillas de mijo blanco y rojo para aves peque\u00f1as, Mezcla de semillas de mijo blanco y rojo, f\u00f3rmula balanceada.\" \/>\n<meta name=\"robots\" content=\"index, follow, max-snippet:-1, max-image-preview:large, max-video-preview:-1\" \/>\n<link rel=\"canonical\" href=\"https:\/\/acuariosupremus.com\/?product=barrita-p-aves-canoras-alta-en-proteina-2-pzas\" \/>\n<meta property=\"og:locale\" content=\"es_MX\" \/>\n<meta property=\"og:type\" content=\"article\" \/>\n<meta property=\"og:title\" content=\"BARRITA P\/AVES CANORAS ALTA EN PROTEINA 2 PZAS. | Acuario Supremus\" \/>\n<meta property=\"og:description\" content=\"Barrita de mezcla de semillas de mijo blanco y rojo para aves peque\u00f1as, Mezcla de semillas de mijo blanco y rojo, f\u00f3rmula balanceada.\" \/>\n<meta property=\"og:url\" content=\"https:\/\/acuariosupremus.com\/?product=barrita-p-aves-canoras-alta-en-proteina-2-pzas\" \/>\n<meta property=\"og:site_name\" content=\"Acuario Supremus\" \/>\n<meta property=\"article:publisher\" content=\"https:\/\/www.facebook.com\/AcuarioSupremus\" \/>\n<meta property=\"article:modified_time\" content=\"2026-04-29T23:51:46+00:00\" \/>\n<meta property=\"og:image\" content=\"https:\/\/acuariosupremus.com\/wp-content\/uploads\/2025\/05\/FL4037_3.png\" \/>\n\t<meta property=\"og:image:width\" content=\"600\" \/>\n\t<meta property=\"og:image:height\" content=\"600\" \/>\n\t<meta property=\"og:image:type\" content=\"image\/png\" \/>\n<meta name=\"twitter:card\" content=\"summary_large_image\" \/>\n<meta name=\"twitter:site\" content=\"@AcuarioSupremus\" \/>\n<meta name=\"twitter:label1\" content=\"Tiempo de lectura\" \/>\n\t<meta name=\"twitter:data1\" content=\"2 minutos\" \/>\n<script type=\"application\/ld+json\" class=\"yoast-schema-graph\">{\"@context\":\"https:\\\/\\\/schema.org\",\"@graph\":[{\"@type\":\"WebPage\",\"@id\":\"https:\\\/\\\/acuariosupremus.com\\\/?product=barrita-p-aves-canoras-alta-en-proteina-2-pzas\",\"url\":\"https:\\\/\\\/acuariosupremus.com\\\/?product=barrita-p-aves-canoras-alta-en-proteina-2-pzas\",\"name\":\"BARRITA P\\\/AVES CANORAS ALTA EN PROTEINA 2 PZAS. | Acuario Supremus\",\"isPartOf\":{\"@id\":\"https:\\\/\\\/acuariosupremus.com\\\/#website\"},\"primaryImageOfPage\":{\"@id\":\"https:\\\/\\\/acuariosupremus.com\\\/?product=barrita-p-aves-canoras-alta-en-proteina-2-pzas#primaryimage\"},\"image\":{\"@id\":\"https:\\\/\\\/acuariosupremus.com\\\/?product=barrita-p-aves-canoras-alta-en-proteina-2-pzas#primaryimage\"},\"thumbnailUrl\":\"https:\\\/\\\/acuariosupremus.com\\\/wp-content\\\/uploads\\\/2025\\\/05\\\/FL4037_3.png\",\"datePublished\":\"2025-05-24T00:08:30+00:00\",\"dateModified\":\"2026-04-29T23:51:46+00:00\",\"description\":\"Barrita de mezcla de semillas de mijo blanco y rojo para aves peque\u00f1as, Mezcla de semillas de mijo blanco y rojo, f\u00f3rmula balanceada.\",\"breadcrumb\":{\"@id\":\"https:\\\/\\\/acuariosupremus.com\\\/?product=barrita-p-aves-canoras-alta-en-proteina-2-pzas#breadcrumb\"},\"inLanguage\":\"es\",\"potentialAction\":[{\"@type\":\"ReadAction\",\"target\":[\"https:\\\/\\\/acuariosupremus.com\\\/?product=barrita-p-aves-canoras-alta-en-proteina-2-pzas\"]}]},{\"@type\":\"ImageObject\",\"inLanguage\":\"es\",\"@id\":\"https:\\\/\\\/acuariosupremus.com\\\/?product=barrita-p-aves-canoras-alta-en-proteina-2-pzas#primaryimage\",\"url\":\"https:\\\/\\\/acuariosupremus.com\\\/wp-content\\\/uploads\\\/2025\\\/05\\\/FL4037_3.png\",\"contentUrl\":\"https:\\\/\\\/acuariosupremus.com\\\/wp-content\\\/uploads\\\/2025\\\/05\\\/FL4037_3.png\",\"width\":600,\"height\":600},{\"@type\":\"BreadcrumbList\",\"@id\":\"https:\\\/\\\/acuariosupremus.com\\\/?product=barrita-p-aves-canoras-alta-en-proteina-2-pzas#breadcrumb\",\"itemListElement\":[{\"@type\":\"ListItem\",\"position\":1,\"name\":\"Portada\",\"item\":\"https:\\\/\\\/acuariosupremus.com\\\/\"},{\"@type\":\"ListItem\",\"position\":2,\"name\":\"Tienda\",\"item\":\"https:\\\/\\\/acuariosupremus.com\\\/tienda\\\/\"},{\"@type\":\"ListItem\",\"position\":3,\"name\":\"BARRITA P\\\/AVES CANORAS ALTA EN PROTEINA 2 PZAS.\"}]},{\"@type\":\"WebSite\",\"@id\":\"https:\\\/\\\/acuariosupremus.com\\\/#website\",\"url\":\"https:\\\/\\\/acuariosupremus.com\\\/\",\"name\":\"Acuario Supremus\",\"description\":\"Peces, Peceras y Mascotas.\",\"publisher\":{\"@id\":\"https:\\\/\\\/acuariosupremus.com\\\/#organization\"},\"potentialAction\":[{\"@type\":\"SearchAction\",\"target\":{\"@type\":\"EntryPoint\",\"urlTemplate\":\"https:\\\/\\\/acuariosupremus.com\\\/?s={search_term_string}\"},\"query-input\":{\"@type\":\"PropertyValueSpecification\",\"valueRequired\":true,\"valueName\":\"search_term_string\"}}],\"inLanguage\":\"es\"},{\"@type\":\"Organization\",\"@id\":\"https:\\\/\\\/acuariosupremus.com\\\/#organization\",\"name\":\"Acuario Supremus\",\"url\":\"https:\\\/\\\/acuariosupremus.com\\\/\",\"logo\":{\"@type\":\"ImageObject\",\"inLanguage\":\"es\",\"@id\":\"https:\\\/\\\/acuariosupremus.com\\\/#\\\/schema\\\/logo\\\/image\\\/\",\"url\":\"https:\\\/\\\/acuariosupremus.com\\\/wp-content\\\/uploads\\\/2021\\\/12\\\/cropped-logo_acuario_supremus_fn-2.png\",\"contentUrl\":\"https:\\\/\\\/acuariosupremus.com\\\/wp-content\\\/uploads\\\/2021\\\/12\\\/cropped-logo_acuario_supremus_fn-2.png\",\"width\":1000,\"height\":318,\"caption\":\"Acuario Supremus\"},\"image\":{\"@id\":\"https:\\\/\\\/acuariosupremus.com\\\/#\\\/schema\\\/logo\\\/image\\\/\"},\"sameAs\":[\"https:\\\/\\\/www.facebook.com\\\/AcuarioSupremus\",\"https:\\\/\\\/x.com\\\/AcuarioSupremus\",\"https:\\\/\\\/www.instagram.com\\\/acuariosupremus\\\/?hl=es\"]}]}<\/script>\n<!-- \/ Yoast SEO plugin. -->","yoast_head_json":{"title":"BARRITA P\/AVES CANORAS ALTA EN PROTEINA 2 PZAS. | Acuario Supremus","description":"Barrita de mezcla de semillas de mijo blanco y rojo para aves peque\u00f1as, Mezcla de semillas de mijo blanco y rojo, f\u00f3rmula balanceada.","robots":{"index":"index","follow":"follow","max-snippet":"max-snippet:-1","max-image-preview":"max-image-preview:large","max-video-preview":"max-video-preview:-1"},"canonical":"https:\/\/acuariosupremus.com\/?product=barrita-p-aves-canoras-alta-en-proteina-2-pzas","og_locale":"es_MX","og_type":"article","og_title":"BARRITA P\/AVES CANORAS ALTA EN PROTEINA 2 PZAS. | Acuario Supremus","og_description":"Barrita de mezcla de semillas de mijo blanco y rojo para aves peque\u00f1as, Mezcla de semillas de mijo blanco y rojo, f\u00f3rmula balanceada.","og_url":"https:\/\/acuariosupremus.com\/?product=barrita-p-aves-canoras-alta-en-proteina-2-pzas","og_site_name":"Acuario Supremus","article_publisher":"https:\/\/www.facebook.com\/AcuarioSupremus","article_modified_time":"2026-04-29T23:51:46+00:00","og_image":[{"width":600,"height":600,"url":"https:\/\/acuariosupremus.com\/wp-content\/uploads\/2025\/05\/FL4037_3.png","type":"image\/png"}],"twitter_card":"summary_large_image","twitter_site":"@AcuarioSupremus","twitter_misc":{"Tiempo de lectura":"2 minutos"},"schema":{"@context":"https:\/\/schema.org","@graph":[{"@type":"WebPage","@id":"https:\/\/acuariosupremus.com\/?product=barrita-p-aves-canoras-alta-en-proteina-2-pzas","url":"https:\/\/acuariosupremus.com\/?product=barrita-p-aves-canoras-alta-en-proteina-2-pzas","name":"BARRITA P\/AVES CANORAS ALTA EN PROTEINA 2 PZAS. | Acuario Supremus","isPartOf":{"@id":"https:\/\/acuariosupremus.com\/#website"},"primaryImageOfPage":{"@id":"https:\/\/acuariosupremus.com\/?product=barrita-p-aves-canoras-alta-en-proteina-2-pzas#primaryimage"},"image":{"@id":"https:\/\/acuariosupremus.com\/?product=barrita-p-aves-canoras-alta-en-proteina-2-pzas#primaryimage"},"thumbnailUrl":"https:\/\/acuariosupremus.com\/wp-content\/uploads\/2025\/05\/FL4037_3.png","datePublished":"2025-05-24T00:08:30+00:00","dateModified":"2026-04-29T23:51:46+00:00","description":"Barrita de mezcla de semillas de mijo blanco y rojo para aves peque\u00f1as, Mezcla de semillas de mijo blanco y rojo, f\u00f3rmula balanceada.","breadcrumb":{"@id":"https:\/\/acuariosupremus.com\/?product=barrita-p-aves-canoras-alta-en-proteina-2-pzas#breadcrumb"},"inLanguage":"es","potentialAction":[{"@type":"ReadAction","target":["https:\/\/acuariosupremus.com\/?product=barrita-p-aves-canoras-alta-en-proteina-2-pzas"]}]},{"@type":"ImageObject","inLanguage":"es","@id":"https:\/\/acuariosupremus.com\/?product=barrita-p-aves-canoras-alta-en-proteina-2-pzas#primaryimage","url":"https:\/\/acuariosupremus.com\/wp-content\/uploads\/2025\/05\/FL4037_3.png","contentUrl":"https:\/\/acuariosupremus.com\/wp-content\/uploads\/2025\/05\/FL4037_3.png","width":600,"height":600},{"@type":"BreadcrumbList","@id":"https:\/\/acuariosupremus.com\/?product=barrita-p-aves-canoras-alta-en-proteina-2-pzas#breadcrumb","itemListElement":[{"@type":"ListItem","position":1,"name":"Portada","item":"https:\/\/acuariosupremus.com\/"},{"@type":"ListItem","position":2,"name":"Tienda","item":"https:\/\/acuariosupremus.com\/tienda\/"},{"@type":"ListItem","position":3,"name":"BARRITA P\/AVES CANORAS ALTA EN PROTEINA 2 PZAS."}]},{"@type":"WebSite","@id":"https:\/\/acuariosupremus.com\/#website","url":"https:\/\/acuariosupremus.com\/","name":"Acuario Supremus","description":"Peces, Peceras y Mascotas.","publisher":{"@id":"https:\/\/acuariosupremus.com\/#organization"},"potentialAction":[{"@type":"SearchAction","target":{"@type":"EntryPoint","urlTemplate":"https:\/\/acuariosupremus.com\/?s={search_term_string}"},"query-input":{"@type":"PropertyValueSpecification","valueRequired":true,"valueName":"search_term_string"}}],"inLanguage":"es"},{"@type":"Organization","@id":"https:\/\/acuariosupremus.com\/#organization","name":"Acuario Supremus","url":"https:\/\/acuariosupremus.com\/","logo":{"@type":"ImageObject","inLanguage":"es","@id":"https:\/\/acuariosupremus.com\/#\/schema\/logo\/image\/","url":"https:\/\/acuariosupremus.com\/wp-content\/uploads\/2021\/12\/cropped-logo_acuario_supremus_fn-2.png","contentUrl":"https:\/\/acuariosupremus.com\/wp-content\/uploads\/2021\/12\/cropped-logo_acuario_supremus_fn-2.png","width":1000,"height":318,"caption":"Acuario Supremus"},"image":{"@id":"https:\/\/acuariosupremus.com\/#\/schema\/logo\/image\/"},"sameAs":["https:\/\/www.facebook.com\/AcuarioSupremus","https:\/\/x.com\/AcuarioSupremus","https:\/\/www.instagram.com\/acuariosupremus\/?hl=es"]}]}},"jetpack_sharing_enabled":true,"_links":{"self":[{"href":"https:\/\/acuariosupremus.com\/index.php?rest_route=\/wp\/v2\/product\/13944","targetHints":{"allow":["GET"]}}],"collection":[{"href":"https:\/\/acuariosupremus.com\/index.php?rest_route=\/wp\/v2\/product"}],"about":[{"href":"https:\/\/acuariosupremus.com\/index.php?rest_route=\/wp\/v2\/types\/product"}],"wp:featuredmedia":[{"embeddable":true,"href":"https:\/\/acuariosupremus.com\/index.php?rest_route=\/wp\/v2\/media\/13945"}],"wp:attachment":[{"href":"https:\/\/acuariosupremus.com\/index.php?rest_route=%2Fwp%2Fv2%2Fmedia&parent=13944"}],"wp:term":[{"taxonomy":"product_brand","embeddable":true,"href":"https:\/\/acuariosupremus.com\/index.php?rest_route=%2Fwp%2Fv2%2Fproduct_brand&post=13944"},{"taxonomy":"product_cat","embeddable":true,"href":"https:\/\/acuariosupremus.com\/index.php?rest_route=%2Fwp%2Fv2%2Fproduct_cat&post=13944"},{"taxonomy":"product_tag","embeddable":true,"href":"https:\/\/acuariosupremus.com\/index.php?rest_route=%2Fwp%2Fv2%2Fproduct_tag&post=13944"}],"curies":[{"name":"wp","href":"https:\/\/api.w.org\/{rel}","templated":true}]}}