{"id":13967,"date":"2025-05-23T19:18:28","date_gmt":"2025-05-24T01:18:28","guid":{"rendered":"https:\/\/acuariosupremus.com\/?post_type=product&#038;p=13967"},"modified":"2026-01-08T15:34:28","modified_gmt":"2026-01-08T21:34:28","slug":"mezcla-de-semillas-p-loros-y-cacatuas-1-kg","status":"publish","type":"product","link":"https:\/\/acuariosupremus.com\/?product=mezcla-de-semillas-p-loros-y-cacatuas-1-kg","title":{"rendered":"MEZCLA DE SEMILLAS P\/LOROS Y CACATUAS 1 KG."},"content":{"rendered":"<div id=\"tab-label-product.info.ingredientes.modo.de.uso\" class=\"data item title active\" tabindex=\"0\" role=\"tab\" aria-labeledby=\"tab-label-product.info.ingredientes.modo.de.uso-title\" data-role=\"collapsible\" data-collapsible=\"true\" aria-controls=\"product.info.ingredientes.modo.de.uso\" aria-selected=\"true\" aria-expanded=\"true\">MODO DE USO \/ PRECAUCIONES Y ADVERTENCIAS<\/div>\n<div id=\"product.info.ingredientes.modo.de.uso\" class=\"data item content\" role=\"tabpanel\" data-role=\"content\" aria-labelledby=\"tab-label-product.info.ingredientes.modo.de.uso\" aria-hidden=\"false\">\n<div class=\"product attribute modo_de_uso_precuaciones_y_adv\">\n<div class=\"value\">Este alimento es apto para aves adultas (agapornis, ninfas, perico australiano y perico de collar). Coloque diariamente el alimento en un recipiente limpio y seco. No olvide proporcionar a las aves agua potable a voluntad.Gu\u00eda de alimentaci\u00f3n:Llene el comedero para que su ave tenga alimento durante todo el d\u00eda. Deseche las sobras al d\u00eda siguiente. Conserve en un lugar fresco y seco.No consumirse despu\u00e9s de la fecha de caducidad. Monitoree peri\u00f3dicamente el peso de sus aves.Exclusivo para aves de ornato.No usar en aves de corral<\/div>\n<\/div>\n<\/div>\n<p>Ingredientes:<br \/>\nAlpiste, canola, n\u00edger, mijo blanco, avena en grano y alimento balanceado en migajas (granos molidos, subproducto de cereales, pasta de oleaginosas, aceite vegetal, melaza de ca\u00f1a, carbonato de calcio, ortofosfato de calcio, cloruro de sodio, hierro, magnesio, zinc, manganeso, f\u00f3sforo, cobre, selenio, vitamina A, vitamina B12, \u00e1cido f\u00f3lico, biotina, niacina, \u00e1cido pantot\u00e9nico, cloruro de colina, lisina y metionina). An\u00e1lisis garantizado: Prote\u00edna M\u00edn. 16% Grasa M\u00edn. 6% Fibra cruda M\u00e1x. 10% Cenizas M\u00e1x. 3.5% Humedad M\u00e1x. 12%<br \/>\nContenido:<br \/>\n<strong>1\u00a0 Kg.<\/strong><\/p>\n","protected":false},"excerpt":{"rendered":"<p>Mezcla de semillas, f\u00f3rmula balanceada para aves para aves frug\u00edvoras como loros y cacatuas.. Fortificado con vitaminas y minerales y con ingredientes 100% Naturales, que brindan la nutrici\u00f3n adecuada para crecimiento, desarrollo, puesta y destacar colores.<\/p>\n<div id=\"tab-label-product.info.beneficios\" class=\"data item title active\" tabindex=\"0\" role=\"tab\" aria-labeledby=\"tab-label-product.info.beneficios-title\" data-role=\"collapsible\" data-collapsible=\"true\" aria-controls=\"product.info.beneficios\" aria-selected=\"true\" aria-expanded=\"true\">BENEFICIOS<\/div>\n<div id=\"product.info.beneficios\" class=\"data item content\" role=\"tabpanel\" data-role=\"content\" aria-labelledby=\"tab-label-product.info.beneficios\" aria-hidden=\"false\">\n<div class=\"product attribute beneficios\">\n<ul>\n<li class=\"value\">Formula balanceada para el \u00f3ptimo aporte de nutrientes y antioxidantes para el crecimiento adecuado de aves de ornato peque\u00f1as.<\/li>\n<li class=\"value\">Ideal para aves para aves frug\u00edvoras como loros y cacatuas.<\/li>\n<li class=\"value\">Bolsa resellable para mantener fresca y libre de part\u00edculas extra\u00f1as.<\/li>\n<\/ul>\n<\/div>\n<\/div>\n","protected":false},"featured_media":13968,"template":"","meta":[],"product_brand":[104],"product_cat":[20,29],"product_tag":[272],"class_list":{"0":"post-13967","1":"product","2":"type-product","3":"status-publish","4":"has-post-thumbnail","6":"product_brand-redkite","7":"product_cat-aves","8":"product_cat-nutricion","9":"product_tag-alimento-aves","11":"first","12":"instock","13":"sale","14":"shipping-taxable","15":"purchasable","16":"product-type-simple"},"yoast_head":"<!-- This site is optimized with the Yoast SEO plugin v27.4 - https:\/\/yoast.com\/product\/yoast-seo-wordpress\/ -->\n<title>MEZCLA DE SEMILLAS P\/LOROS Y CACATUAS 1 KG. | Acuario Supremus<\/title>\n<meta name=\"description\" content=\"Mezcla semillas en f\u00f3rmula balanceada para ofrecer para aves para aves frug\u00edvoras como loros y cacatuas. Fortificado con vitaminas y minerales.\" \/>\n<meta name=\"robots\" content=\"index, follow, max-snippet:-1, max-image-preview:large, max-video-preview:-1\" \/>\n<link rel=\"canonical\" href=\"https:\/\/acuariosupremus.com\/?product=mezcla-de-semillas-p-loros-y-cacatuas-1-kg\" \/>\n<meta property=\"og:locale\" content=\"es_MX\" \/>\n<meta property=\"og:type\" content=\"article\" \/>\n<meta property=\"og:title\" content=\"MEZCLA DE SEMILLAS P\/LOROS Y CACATUAS 1 KG. | Acuario Supremus\" \/>\n<meta property=\"og:description\" content=\"Mezcla semillas en f\u00f3rmula balanceada para ofrecer para aves para aves frug\u00edvoras como loros y cacatuas. Fortificado con vitaminas y minerales.\" \/>\n<meta property=\"og:url\" content=\"https:\/\/acuariosupremus.com\/?product=mezcla-de-semillas-p-loros-y-cacatuas-1-kg\" \/>\n<meta property=\"og:site_name\" content=\"Acuario Supremus\" \/>\n<meta property=\"article:publisher\" content=\"https:\/\/www.facebook.com\/AcuarioSupremus\" \/>\n<meta property=\"article:modified_time\" content=\"2026-01-08T21:34:28+00:00\" \/>\n<meta property=\"og:image\" content=\"https:\/\/acuariosupremus.com\/wp-content\/uploads\/2025\/05\/FL4079.png\" \/>\n\t<meta property=\"og:image:width\" content=\"600\" \/>\n\t<meta property=\"og:image:height\" content=\"600\" \/>\n\t<meta property=\"og:image:type\" content=\"image\/png\" \/>\n<meta name=\"twitter:card\" content=\"summary_large_image\" \/>\n<meta name=\"twitter:site\" content=\"@AcuarioSupremus\" \/>\n<meta name=\"twitter:label1\" content=\"Tiempo de lectura\" \/>\n\t<meta name=\"twitter:data1\" content=\"1 minuto\" \/>\n<script type=\"application\/ld+json\" class=\"yoast-schema-graph\">{\"@context\":\"https:\\\/\\\/schema.org\",\"@graph\":[{\"@type\":\"WebPage\",\"@id\":\"https:\\\/\\\/acuariosupremus.com\\\/?product=mezcla-de-semillas-p-loros-y-cacatuas-1-kg\",\"url\":\"https:\\\/\\\/acuariosupremus.com\\\/?product=mezcla-de-semillas-p-loros-y-cacatuas-1-kg\",\"name\":\"MEZCLA DE SEMILLAS P\\\/LOROS Y CACATUAS 1 KG. | Acuario Supremus\",\"isPartOf\":{\"@id\":\"https:\\\/\\\/acuariosupremus.com\\\/#website\"},\"primaryImageOfPage\":{\"@id\":\"https:\\\/\\\/acuariosupremus.com\\\/?product=mezcla-de-semillas-p-loros-y-cacatuas-1-kg#primaryimage\"},\"image\":{\"@id\":\"https:\\\/\\\/acuariosupremus.com\\\/?product=mezcla-de-semillas-p-loros-y-cacatuas-1-kg#primaryimage\"},\"thumbnailUrl\":\"https:\\\/\\\/acuariosupremus.com\\\/wp-content\\\/uploads\\\/2025\\\/05\\\/FL4079.png\",\"datePublished\":\"2025-05-24T01:18:28+00:00\",\"dateModified\":\"2026-01-08T21:34:28+00:00\",\"description\":\"Mezcla semillas en f\u00f3rmula balanceada para ofrecer para aves para aves frug\u00edvoras como loros y cacatuas. Fortificado con vitaminas y minerales.\",\"breadcrumb\":{\"@id\":\"https:\\\/\\\/acuariosupremus.com\\\/?product=mezcla-de-semillas-p-loros-y-cacatuas-1-kg#breadcrumb\"},\"inLanguage\":\"es\",\"potentialAction\":[{\"@type\":\"ReadAction\",\"target\":[\"https:\\\/\\\/acuariosupremus.com\\\/?product=mezcla-de-semillas-p-loros-y-cacatuas-1-kg\"]}]},{\"@type\":\"ImageObject\",\"inLanguage\":\"es\",\"@id\":\"https:\\\/\\\/acuariosupremus.com\\\/?product=mezcla-de-semillas-p-loros-y-cacatuas-1-kg#primaryimage\",\"url\":\"https:\\\/\\\/acuariosupremus.com\\\/wp-content\\\/uploads\\\/2025\\\/05\\\/FL4079.png\",\"contentUrl\":\"https:\\\/\\\/acuariosupremus.com\\\/wp-content\\\/uploads\\\/2025\\\/05\\\/FL4079.png\",\"width\":600,\"height\":600},{\"@type\":\"BreadcrumbList\",\"@id\":\"https:\\\/\\\/acuariosupremus.com\\\/?product=mezcla-de-semillas-p-loros-y-cacatuas-1-kg#breadcrumb\",\"itemListElement\":[{\"@type\":\"ListItem\",\"position\":1,\"name\":\"Portada\",\"item\":\"https:\\\/\\\/acuariosupremus.com\\\/\"},{\"@type\":\"ListItem\",\"position\":2,\"name\":\"Tienda\",\"item\":\"https:\\\/\\\/acuariosupremus.com\\\/tienda\\\/\"},{\"@type\":\"ListItem\",\"position\":3,\"name\":\"MEZCLA DE SEMILLAS P\\\/LOROS Y CACATUAS 1 KG.\"}]},{\"@type\":\"WebSite\",\"@id\":\"https:\\\/\\\/acuariosupremus.com\\\/#website\",\"url\":\"https:\\\/\\\/acuariosupremus.com\\\/\",\"name\":\"Acuario Supremus\",\"description\":\"Peces, Peceras y Mascotas.\",\"publisher\":{\"@id\":\"https:\\\/\\\/acuariosupremus.com\\\/#organization\"},\"potentialAction\":[{\"@type\":\"SearchAction\",\"target\":{\"@type\":\"EntryPoint\",\"urlTemplate\":\"https:\\\/\\\/acuariosupremus.com\\\/?s={search_term_string}\"},\"query-input\":{\"@type\":\"PropertyValueSpecification\",\"valueRequired\":true,\"valueName\":\"search_term_string\"}}],\"inLanguage\":\"es\"},{\"@type\":\"Organization\",\"@id\":\"https:\\\/\\\/acuariosupremus.com\\\/#organization\",\"name\":\"Acuario Supremus\",\"url\":\"https:\\\/\\\/acuariosupremus.com\\\/\",\"logo\":{\"@type\":\"ImageObject\",\"inLanguage\":\"es\",\"@id\":\"https:\\\/\\\/acuariosupremus.com\\\/#\\\/schema\\\/logo\\\/image\\\/\",\"url\":\"https:\\\/\\\/acuariosupremus.com\\\/wp-content\\\/uploads\\\/2021\\\/12\\\/cropped-logo_acuario_supremus_fn-2.png\",\"contentUrl\":\"https:\\\/\\\/acuariosupremus.com\\\/wp-content\\\/uploads\\\/2021\\\/12\\\/cropped-logo_acuario_supremus_fn-2.png\",\"width\":1000,\"height\":318,\"caption\":\"Acuario Supremus\"},\"image\":{\"@id\":\"https:\\\/\\\/acuariosupremus.com\\\/#\\\/schema\\\/logo\\\/image\\\/\"},\"sameAs\":[\"https:\\\/\\\/www.facebook.com\\\/AcuarioSupremus\",\"https:\\\/\\\/x.com\\\/AcuarioSupremus\",\"https:\\\/\\\/www.instagram.com\\\/acuariosupremus\\\/?hl=es\"]}]}<\/script>\n<!-- \/ Yoast SEO plugin. -->","yoast_head_json":{"title":"MEZCLA DE SEMILLAS P\/LOROS Y CACATUAS 1 KG. | Acuario Supremus","description":"Mezcla semillas en f\u00f3rmula balanceada para ofrecer para aves para aves frug\u00edvoras como loros y cacatuas. Fortificado con vitaminas y minerales.","robots":{"index":"index","follow":"follow","max-snippet":"max-snippet:-1","max-image-preview":"max-image-preview:large","max-video-preview":"max-video-preview:-1"},"canonical":"https:\/\/acuariosupremus.com\/?product=mezcla-de-semillas-p-loros-y-cacatuas-1-kg","og_locale":"es_MX","og_type":"article","og_title":"MEZCLA DE SEMILLAS P\/LOROS Y CACATUAS 1 KG. | Acuario Supremus","og_description":"Mezcla semillas en f\u00f3rmula balanceada para ofrecer para aves para aves frug\u00edvoras como loros y cacatuas. Fortificado con vitaminas y minerales.","og_url":"https:\/\/acuariosupremus.com\/?product=mezcla-de-semillas-p-loros-y-cacatuas-1-kg","og_site_name":"Acuario Supremus","article_publisher":"https:\/\/www.facebook.com\/AcuarioSupremus","article_modified_time":"2026-01-08T21:34:28+00:00","og_image":[{"width":600,"height":600,"url":"https:\/\/acuariosupremus.com\/wp-content\/uploads\/2025\/05\/FL4079.png","type":"image\/png"}],"twitter_card":"summary_large_image","twitter_site":"@AcuarioSupremus","twitter_misc":{"Tiempo de lectura":"1 minuto"},"schema":{"@context":"https:\/\/schema.org","@graph":[{"@type":"WebPage","@id":"https:\/\/acuariosupremus.com\/?product=mezcla-de-semillas-p-loros-y-cacatuas-1-kg","url":"https:\/\/acuariosupremus.com\/?product=mezcla-de-semillas-p-loros-y-cacatuas-1-kg","name":"MEZCLA DE SEMILLAS P\/LOROS Y CACATUAS 1 KG. | Acuario Supremus","isPartOf":{"@id":"https:\/\/acuariosupremus.com\/#website"},"primaryImageOfPage":{"@id":"https:\/\/acuariosupremus.com\/?product=mezcla-de-semillas-p-loros-y-cacatuas-1-kg#primaryimage"},"image":{"@id":"https:\/\/acuariosupremus.com\/?product=mezcla-de-semillas-p-loros-y-cacatuas-1-kg#primaryimage"},"thumbnailUrl":"https:\/\/acuariosupremus.com\/wp-content\/uploads\/2025\/05\/FL4079.png","datePublished":"2025-05-24T01:18:28+00:00","dateModified":"2026-01-08T21:34:28+00:00","description":"Mezcla semillas en f\u00f3rmula balanceada para ofrecer para aves para aves frug\u00edvoras como loros y cacatuas. Fortificado con vitaminas y minerales.","breadcrumb":{"@id":"https:\/\/acuariosupremus.com\/?product=mezcla-de-semillas-p-loros-y-cacatuas-1-kg#breadcrumb"},"inLanguage":"es","potentialAction":[{"@type":"ReadAction","target":["https:\/\/acuariosupremus.com\/?product=mezcla-de-semillas-p-loros-y-cacatuas-1-kg"]}]},{"@type":"ImageObject","inLanguage":"es","@id":"https:\/\/acuariosupremus.com\/?product=mezcla-de-semillas-p-loros-y-cacatuas-1-kg#primaryimage","url":"https:\/\/acuariosupremus.com\/wp-content\/uploads\/2025\/05\/FL4079.png","contentUrl":"https:\/\/acuariosupremus.com\/wp-content\/uploads\/2025\/05\/FL4079.png","width":600,"height":600},{"@type":"BreadcrumbList","@id":"https:\/\/acuariosupremus.com\/?product=mezcla-de-semillas-p-loros-y-cacatuas-1-kg#breadcrumb","itemListElement":[{"@type":"ListItem","position":1,"name":"Portada","item":"https:\/\/acuariosupremus.com\/"},{"@type":"ListItem","position":2,"name":"Tienda","item":"https:\/\/acuariosupremus.com\/tienda\/"},{"@type":"ListItem","position":3,"name":"MEZCLA DE SEMILLAS P\/LOROS Y CACATUAS 1 KG."}]},{"@type":"WebSite","@id":"https:\/\/acuariosupremus.com\/#website","url":"https:\/\/acuariosupremus.com\/","name":"Acuario Supremus","description":"Peces, Peceras y Mascotas.","publisher":{"@id":"https:\/\/acuariosupremus.com\/#organization"},"potentialAction":[{"@type":"SearchAction","target":{"@type":"EntryPoint","urlTemplate":"https:\/\/acuariosupremus.com\/?s={search_term_string}"},"query-input":{"@type":"PropertyValueSpecification","valueRequired":true,"valueName":"search_term_string"}}],"inLanguage":"es"},{"@type":"Organization","@id":"https:\/\/acuariosupremus.com\/#organization","name":"Acuario Supremus","url":"https:\/\/acuariosupremus.com\/","logo":{"@type":"ImageObject","inLanguage":"es","@id":"https:\/\/acuariosupremus.com\/#\/schema\/logo\/image\/","url":"https:\/\/acuariosupremus.com\/wp-content\/uploads\/2021\/12\/cropped-logo_acuario_supremus_fn-2.png","contentUrl":"https:\/\/acuariosupremus.com\/wp-content\/uploads\/2021\/12\/cropped-logo_acuario_supremus_fn-2.png","width":1000,"height":318,"caption":"Acuario Supremus"},"image":{"@id":"https:\/\/acuariosupremus.com\/#\/schema\/logo\/image\/"},"sameAs":["https:\/\/www.facebook.com\/AcuarioSupremus","https:\/\/x.com\/AcuarioSupremus","https:\/\/www.instagram.com\/acuariosupremus\/?hl=es"]}]}},"jetpack_sharing_enabled":true,"_links":{"self":[{"href":"https:\/\/acuariosupremus.com\/index.php?rest_route=\/wp\/v2\/product\/13967","targetHints":{"allow":["GET"]}}],"collection":[{"href":"https:\/\/acuariosupremus.com\/index.php?rest_route=\/wp\/v2\/product"}],"about":[{"href":"https:\/\/acuariosupremus.com\/index.php?rest_route=\/wp\/v2\/types\/product"}],"wp:featuredmedia":[{"embeddable":true,"href":"https:\/\/acuariosupremus.com\/index.php?rest_route=\/wp\/v2\/media\/13968"}],"wp:attachment":[{"href":"https:\/\/acuariosupremus.com\/index.php?rest_route=%2Fwp%2Fv2%2Fmedia&parent=13967"}],"wp:term":[{"taxonomy":"product_brand","embeddable":true,"href":"https:\/\/acuariosupremus.com\/index.php?rest_route=%2Fwp%2Fv2%2Fproduct_brand&post=13967"},{"taxonomy":"product_cat","embeddable":true,"href":"https:\/\/acuariosupremus.com\/index.php?rest_route=%2Fwp%2Fv2%2Fproduct_cat&post=13967"},{"taxonomy":"product_tag","embeddable":true,"href":"https:\/\/acuariosupremus.com\/index.php?rest_route=%2Fwp%2Fv2%2Fproduct_tag&post=13967"}],"curies":[{"name":"wp","href":"https:\/\/api.w.org\/{rel}","templated":true}]}}