{"id":13981,"date":"2025-05-23T20:27:12","date_gmt":"2025-05-24T02:27:12","guid":{"rendered":"https:\/\/acuariosupremus.com\/?post_type=product&#038;p=13981"},"modified":"2026-01-27T16:28:16","modified_gmt":"2026-01-27T22:28:16","slug":"toallitas-humedas-expert-40-pzas","status":"publish","type":"product","link":"https:\/\/acuariosupremus.com\/?product=toallitas-humedas-expert-40-pzas","title":{"rendered":"TOALLITAS HUMEDAS EXPERT &#8211; 40 PZAS"},"content":{"rendered":"<div id=\"tab-label-product.info.ingredientes.formulacion\" class=\"data item title active\" tabindex=\"0\" role=\"tab\" aria-labeledby=\"tab-label-product.info.ingredientes.formulacion-title\" data-role=\"collapsible\" data-collapsible=\"true\" aria-controls=\"product.info.ingredientes.formulacion\" aria-selected=\"true\" aria-expanded=\"true\">INGREDIENTES\/FORMULACI\u00d3N<\/div>\n<div id=\"product.info.ingredientes.formulacion\" class=\"data item content\" role=\"tabpanel\" data-role=\"content\" aria-labelledby=\"tab-label-product.info.ingredientes.formulacion\" aria-hidden=\"false\">\n<div class=\"product attribute ingredientes_formulacion\">\n<div class=\"value\">Agua, propilenglicol USP, fragancia, glicerina, PEG aceite de ricino hidrogenado, citrato de sodio, aceite de coco, lanolina hidrogenada, extracto de Aloe vera, aceite de semilla de jojoba, extracto de Hammamelis, manteca de karit\u00e9, extracto de semilla de soya, extracto de prote\u00edna de Avena sativa, extracto de semilla de trigo, metilisotiazolinona, metilcloroisotiazolinona, EDTA tetrasodico, \u00e1cido l\u00e1ctico.<\/div>\n<\/div>\n<\/div>\n<p>Contenido:<br \/>\n<strong>40 pzas<\/strong><\/p>\n","protected":false},"excerpt":{"rendered":"<p>La toallitas de la l\u00ednea Expert de Fancy Pets, conjunta los beneficios del coco, el aloe vera, la jojoba, la avena, el hammelis, la manteca de karit\u00e9, la soya y el trigo, al aportar brillo, sedosidad y humectaci\u00f3n, brindando un cuidado integro en la piel y el manto de mascotas, al mismo tiempo que las desinfectas con la formulaci\u00f3n libre de alcohol, libre sulfatos y parabenos.<\/p>\n<div id=\"tab-label-product.info.beneficios\" class=\"data item title active\" tabindex=\"0\" role=\"tab\" aria-labeledby=\"tab-label-product.info.beneficios-title\" data-role=\"collapsible\" data-collapsible=\"true\" aria-controls=\"product.info.beneficios\" aria-selected=\"true\" aria-expanded=\"true\">BENEFICIOS<\/div>\n<div id=\"product.info.beneficios\" class=\"data item content\" role=\"tabpanel\" data-role=\"content\" aria-labelledby=\"tab-label-product.info.beneficios\" aria-hidden=\"false\">\n<div class=\"product attribute beneficios\">\n<ul>\n<li class=\"value\">Se pueden utilizar en diversas especies: perro, gatos, hurones, h\u00e1mster, cuyos entre otros.<\/li>\n<li class=\"value\">Libre de alcohol, sulfatos y parabenos.<\/li>\n<li class=\"value\">Desinfectantes<\/li>\n<li class=\"value\">Brindan sedosidad y nutrici\u00f3n al pelo y la piel.<\/li>\n<li class=\"value\">Con extractos, aceites naturales y fitoceramidas<\/li>\n<\/ul>\n<\/div>\n<\/div>\n","protected":false},"featured_media":13982,"template":"","meta":[],"product_brand":[106],"product_cat":[30,67,73,74,31,68],"product_tag":[962],"class_list":{"0":"post-13981","1":"product","2":"type-product","3":"status-publish","4":"has-post-thumbnail","6":"product_brand-fancypets","7":"product_cat-gatos","8":"product_cat-pequenos-mamiferos","9":"product_cat-perros","10":"product_cat-belleza-e-higiene-perros","11":"product_cat-belleza-e-higiene","12":"product_cat-belleza-e-higiene-pequenos-mamiferos","13":"product_tag-toallitas-humedas-mascotas","15":"first","16":"instock","17":"sale","18":"shipping-taxable","19":"purchasable","20":"product-type-simple"},"yoast_head":"<!-- This site is optimized with the Yoast SEO plugin v27.4 - https:\/\/yoast.com\/product\/yoast-seo-wordpress\/ -->\n<title>TOALLITAS HUMEDAS EXPERT - 40 PZAS | Acuario Supremus<\/title>\n<meta name=\"description\" content=\"La toallitas para Mascotas en General ofrece cuidado de piel y el manto de mascotas, al mismo tiempo que las desinfectas con la formulaci\u00f3n libre de alcohol\" \/>\n<meta name=\"robots\" content=\"index, follow, max-snippet:-1, max-image-preview:large, max-video-preview:-1\" \/>\n<link rel=\"canonical\" href=\"https:\/\/acuariosupremus.com\/?product=toallitas-humedas-expert-40-pzas\" \/>\n<meta property=\"og:locale\" content=\"es_MX\" \/>\n<meta property=\"og:type\" content=\"article\" \/>\n<meta property=\"og:title\" content=\"TOALLITAS HUMEDAS EXPERT - 40 PZAS | Acuario Supremus\" \/>\n<meta property=\"og:description\" content=\"La toallitas para Mascotas en General ofrece cuidado de piel y el manto de mascotas, al mismo tiempo que las desinfectas con la formulaci\u00f3n libre de alcohol\" \/>\n<meta property=\"og:url\" content=\"https:\/\/acuariosupremus.com\/?product=toallitas-humedas-expert-40-pzas\" \/>\n<meta property=\"og:site_name\" content=\"Acuario Supremus\" \/>\n<meta property=\"article:publisher\" content=\"https:\/\/www.facebook.com\/AcuarioSupremus\" \/>\n<meta property=\"article:modified_time\" content=\"2026-01-27T22:28:16+00:00\" \/>\n<meta property=\"og:image\" content=\"https:\/\/acuariosupremus.com\/wp-content\/uploads\/2025\/05\/FL4137.png\" \/>\n\t<meta property=\"og:image:width\" content=\"600\" \/>\n\t<meta property=\"og:image:height\" content=\"600\" \/>\n\t<meta property=\"og:image:type\" content=\"image\/png\" \/>\n<meta name=\"twitter:card\" content=\"summary_large_image\" \/>\n<meta name=\"twitter:site\" content=\"@AcuarioSupremus\" \/>\n<meta name=\"twitter:label1\" content=\"Tiempo de lectura\" \/>\n\t<meta name=\"twitter:data1\" content=\"1 minuto\" \/>\n<script type=\"application\/ld+json\" class=\"yoast-schema-graph\">{\"@context\":\"https:\\\/\\\/schema.org\",\"@graph\":[{\"@type\":\"WebPage\",\"@id\":\"https:\\\/\\\/acuariosupremus.com\\\/?product=toallitas-humedas-expert-40-pzas\",\"url\":\"https:\\\/\\\/acuariosupremus.com\\\/?product=toallitas-humedas-expert-40-pzas\",\"name\":\"TOALLITAS HUMEDAS EXPERT - 40 PZAS | Acuario Supremus\",\"isPartOf\":{\"@id\":\"https:\\\/\\\/acuariosupremus.com\\\/#website\"},\"primaryImageOfPage\":{\"@id\":\"https:\\\/\\\/acuariosupremus.com\\\/?product=toallitas-humedas-expert-40-pzas#primaryimage\"},\"image\":{\"@id\":\"https:\\\/\\\/acuariosupremus.com\\\/?product=toallitas-humedas-expert-40-pzas#primaryimage\"},\"thumbnailUrl\":\"https:\\\/\\\/acuariosupremus.com\\\/wp-content\\\/uploads\\\/2025\\\/05\\\/FL4137.png\",\"datePublished\":\"2025-05-24T02:27:12+00:00\",\"dateModified\":\"2026-01-27T22:28:16+00:00\",\"description\":\"La toallitas para Mascotas en General ofrece cuidado de piel y el manto de mascotas, al mismo tiempo que las desinfectas con la formulaci\u00f3n libre de alcohol\",\"breadcrumb\":{\"@id\":\"https:\\\/\\\/acuariosupremus.com\\\/?product=toallitas-humedas-expert-40-pzas#breadcrumb\"},\"inLanguage\":\"es\",\"potentialAction\":[{\"@type\":\"ReadAction\",\"target\":[\"https:\\\/\\\/acuariosupremus.com\\\/?product=toallitas-humedas-expert-40-pzas\"]}]},{\"@type\":\"ImageObject\",\"inLanguage\":\"es\",\"@id\":\"https:\\\/\\\/acuariosupremus.com\\\/?product=toallitas-humedas-expert-40-pzas#primaryimage\",\"url\":\"https:\\\/\\\/acuariosupremus.com\\\/wp-content\\\/uploads\\\/2025\\\/05\\\/FL4137.png\",\"contentUrl\":\"https:\\\/\\\/acuariosupremus.com\\\/wp-content\\\/uploads\\\/2025\\\/05\\\/FL4137.png\",\"width\":600,\"height\":600},{\"@type\":\"BreadcrumbList\",\"@id\":\"https:\\\/\\\/acuariosupremus.com\\\/?product=toallitas-humedas-expert-40-pzas#breadcrumb\",\"itemListElement\":[{\"@type\":\"ListItem\",\"position\":1,\"name\":\"Portada\",\"item\":\"https:\\\/\\\/acuariosupremus.com\\\/\"},{\"@type\":\"ListItem\",\"position\":2,\"name\":\"Tienda\",\"item\":\"https:\\\/\\\/acuariosupremus.com\\\/tienda\\\/\"},{\"@type\":\"ListItem\",\"position\":3,\"name\":\"TOALLITAS HUMEDAS EXPERT &#8211; 40 PZAS\"}]},{\"@type\":\"WebSite\",\"@id\":\"https:\\\/\\\/acuariosupremus.com\\\/#website\",\"url\":\"https:\\\/\\\/acuariosupremus.com\\\/\",\"name\":\"Acuario Supremus\",\"description\":\"Peces, Peceras y Mascotas.\",\"publisher\":{\"@id\":\"https:\\\/\\\/acuariosupremus.com\\\/#organization\"},\"potentialAction\":[{\"@type\":\"SearchAction\",\"target\":{\"@type\":\"EntryPoint\",\"urlTemplate\":\"https:\\\/\\\/acuariosupremus.com\\\/?s={search_term_string}\"},\"query-input\":{\"@type\":\"PropertyValueSpecification\",\"valueRequired\":true,\"valueName\":\"search_term_string\"}}],\"inLanguage\":\"es\"},{\"@type\":\"Organization\",\"@id\":\"https:\\\/\\\/acuariosupremus.com\\\/#organization\",\"name\":\"Acuario Supremus\",\"url\":\"https:\\\/\\\/acuariosupremus.com\\\/\",\"logo\":{\"@type\":\"ImageObject\",\"inLanguage\":\"es\",\"@id\":\"https:\\\/\\\/acuariosupremus.com\\\/#\\\/schema\\\/logo\\\/image\\\/\",\"url\":\"https:\\\/\\\/acuariosupremus.com\\\/wp-content\\\/uploads\\\/2021\\\/12\\\/cropped-logo_acuario_supremus_fn-2.png\",\"contentUrl\":\"https:\\\/\\\/acuariosupremus.com\\\/wp-content\\\/uploads\\\/2021\\\/12\\\/cropped-logo_acuario_supremus_fn-2.png\",\"width\":1000,\"height\":318,\"caption\":\"Acuario Supremus\"},\"image\":{\"@id\":\"https:\\\/\\\/acuariosupremus.com\\\/#\\\/schema\\\/logo\\\/image\\\/\"},\"sameAs\":[\"https:\\\/\\\/www.facebook.com\\\/AcuarioSupremus\",\"https:\\\/\\\/x.com\\\/AcuarioSupremus\",\"https:\\\/\\\/www.instagram.com\\\/acuariosupremus\\\/?hl=es\"]}]}<\/script>\n<!-- \/ Yoast SEO plugin. -->","yoast_head_json":{"title":"TOALLITAS HUMEDAS EXPERT - 40 PZAS | Acuario Supremus","description":"La toallitas para Mascotas en General ofrece cuidado de piel y el manto de mascotas, al mismo tiempo que las desinfectas con la formulaci\u00f3n libre de alcohol","robots":{"index":"index","follow":"follow","max-snippet":"max-snippet:-1","max-image-preview":"max-image-preview:large","max-video-preview":"max-video-preview:-1"},"canonical":"https:\/\/acuariosupremus.com\/?product=toallitas-humedas-expert-40-pzas","og_locale":"es_MX","og_type":"article","og_title":"TOALLITAS HUMEDAS EXPERT - 40 PZAS | Acuario Supremus","og_description":"La toallitas para Mascotas en General ofrece cuidado de piel y el manto de mascotas, al mismo tiempo que las desinfectas con la formulaci\u00f3n libre de alcohol","og_url":"https:\/\/acuariosupremus.com\/?product=toallitas-humedas-expert-40-pzas","og_site_name":"Acuario Supremus","article_publisher":"https:\/\/www.facebook.com\/AcuarioSupremus","article_modified_time":"2026-01-27T22:28:16+00:00","og_image":[{"width":600,"height":600,"url":"https:\/\/acuariosupremus.com\/wp-content\/uploads\/2025\/05\/FL4137.png","type":"image\/png"}],"twitter_card":"summary_large_image","twitter_site":"@AcuarioSupremus","twitter_misc":{"Tiempo de lectura":"1 minuto"},"schema":{"@context":"https:\/\/schema.org","@graph":[{"@type":"WebPage","@id":"https:\/\/acuariosupremus.com\/?product=toallitas-humedas-expert-40-pzas","url":"https:\/\/acuariosupremus.com\/?product=toallitas-humedas-expert-40-pzas","name":"TOALLITAS HUMEDAS EXPERT - 40 PZAS | Acuario Supremus","isPartOf":{"@id":"https:\/\/acuariosupremus.com\/#website"},"primaryImageOfPage":{"@id":"https:\/\/acuariosupremus.com\/?product=toallitas-humedas-expert-40-pzas#primaryimage"},"image":{"@id":"https:\/\/acuariosupremus.com\/?product=toallitas-humedas-expert-40-pzas#primaryimage"},"thumbnailUrl":"https:\/\/acuariosupremus.com\/wp-content\/uploads\/2025\/05\/FL4137.png","datePublished":"2025-05-24T02:27:12+00:00","dateModified":"2026-01-27T22:28:16+00:00","description":"La toallitas para Mascotas en General ofrece cuidado de piel y el manto de mascotas, al mismo tiempo que las desinfectas con la formulaci\u00f3n libre de alcohol","breadcrumb":{"@id":"https:\/\/acuariosupremus.com\/?product=toallitas-humedas-expert-40-pzas#breadcrumb"},"inLanguage":"es","potentialAction":[{"@type":"ReadAction","target":["https:\/\/acuariosupremus.com\/?product=toallitas-humedas-expert-40-pzas"]}]},{"@type":"ImageObject","inLanguage":"es","@id":"https:\/\/acuariosupremus.com\/?product=toallitas-humedas-expert-40-pzas#primaryimage","url":"https:\/\/acuariosupremus.com\/wp-content\/uploads\/2025\/05\/FL4137.png","contentUrl":"https:\/\/acuariosupremus.com\/wp-content\/uploads\/2025\/05\/FL4137.png","width":600,"height":600},{"@type":"BreadcrumbList","@id":"https:\/\/acuariosupremus.com\/?product=toallitas-humedas-expert-40-pzas#breadcrumb","itemListElement":[{"@type":"ListItem","position":1,"name":"Portada","item":"https:\/\/acuariosupremus.com\/"},{"@type":"ListItem","position":2,"name":"Tienda","item":"https:\/\/acuariosupremus.com\/tienda\/"},{"@type":"ListItem","position":3,"name":"TOALLITAS HUMEDAS EXPERT &#8211; 40 PZAS"}]},{"@type":"WebSite","@id":"https:\/\/acuariosupremus.com\/#website","url":"https:\/\/acuariosupremus.com\/","name":"Acuario Supremus","description":"Peces, Peceras y Mascotas.","publisher":{"@id":"https:\/\/acuariosupremus.com\/#organization"},"potentialAction":[{"@type":"SearchAction","target":{"@type":"EntryPoint","urlTemplate":"https:\/\/acuariosupremus.com\/?s={search_term_string}"},"query-input":{"@type":"PropertyValueSpecification","valueRequired":true,"valueName":"search_term_string"}}],"inLanguage":"es"},{"@type":"Organization","@id":"https:\/\/acuariosupremus.com\/#organization","name":"Acuario Supremus","url":"https:\/\/acuariosupremus.com\/","logo":{"@type":"ImageObject","inLanguage":"es","@id":"https:\/\/acuariosupremus.com\/#\/schema\/logo\/image\/","url":"https:\/\/acuariosupremus.com\/wp-content\/uploads\/2021\/12\/cropped-logo_acuario_supremus_fn-2.png","contentUrl":"https:\/\/acuariosupremus.com\/wp-content\/uploads\/2021\/12\/cropped-logo_acuario_supremus_fn-2.png","width":1000,"height":318,"caption":"Acuario Supremus"},"image":{"@id":"https:\/\/acuariosupremus.com\/#\/schema\/logo\/image\/"},"sameAs":["https:\/\/www.facebook.com\/AcuarioSupremus","https:\/\/x.com\/AcuarioSupremus","https:\/\/www.instagram.com\/acuariosupremus\/?hl=es"]}]}},"jetpack_sharing_enabled":true,"_links":{"self":[{"href":"https:\/\/acuariosupremus.com\/index.php?rest_route=\/wp\/v2\/product\/13981","targetHints":{"allow":["GET"]}}],"collection":[{"href":"https:\/\/acuariosupremus.com\/index.php?rest_route=\/wp\/v2\/product"}],"about":[{"href":"https:\/\/acuariosupremus.com\/index.php?rest_route=\/wp\/v2\/types\/product"}],"wp:featuredmedia":[{"embeddable":true,"href":"https:\/\/acuariosupremus.com\/index.php?rest_route=\/wp\/v2\/media\/13982"}],"wp:attachment":[{"href":"https:\/\/acuariosupremus.com\/index.php?rest_route=%2Fwp%2Fv2%2Fmedia&parent=13981"}],"wp:term":[{"taxonomy":"product_brand","embeddable":true,"href":"https:\/\/acuariosupremus.com\/index.php?rest_route=%2Fwp%2Fv2%2Fproduct_brand&post=13981"},{"taxonomy":"product_cat","embeddable":true,"href":"https:\/\/acuariosupremus.com\/index.php?rest_route=%2Fwp%2Fv2%2Fproduct_cat&post=13981"},{"taxonomy":"product_tag","embeddable":true,"href":"https:\/\/acuariosupremus.com\/index.php?rest_route=%2Fwp%2Fv2%2Fproduct_tag&post=13981"}],"curies":[{"name":"wp","href":"https:\/\/api.w.org\/{rel}","templated":true}]}}