{"id":13999,"date":"2025-05-25T13:21:21","date_gmt":"2025-05-25T19:21:21","guid":{"rendered":"https:\/\/acuariosupremus.com\/?post_type=product&#038;p=13999"},"modified":"2026-01-21T16:30:14","modified_gmt":"2026-01-21T22:30:14","slug":"colonia-holistic-vitalidad-p-perros-120-ml","status":"publish","type":"product","link":"https:\/\/acuariosupremus.com\/?product=colonia-holistic-vitalidad-p-perros-120-ml","title":{"rendered":"COLONIA HOLISTIC VITALIDAD P\/ PERROS 120 ML"},"content":{"rendered":"<div id=\"tab-label-product.info.ingredientes.modo.de.uso\" class=\"data item title active\" tabindex=\"0\" role=\"tab\" aria-labeledby=\"tab-label-product.info.ingredientes.modo.de.uso-title\" data-role=\"collapsible\" data-collapsible=\"true\" aria-controls=\"product.info.ingredientes.modo.de.uso\" aria-selected=\"true\" aria-expanded=\"true\">MODO DE USO \/ PRECAUCIONES Y ADVERTENCIAS:<\/div>\n<div id=\"product.info.ingredientes.modo.de.uso\" class=\"data item content\" role=\"tabpanel\" data-role=\"content\" aria-labelledby=\"tab-label-product.info.ingredientes.modo.de.uso\" aria-hidden=\"false\">\n<div class=\"product attribute modo_de_uso_precuaciones_y_adv\">\n<div class=\"value\">DOSIFICACI\u00d3N Y MODO DE EMPLEO: Roc\u00ede de 1 a 2 aspersiones de la colonia directamente sobre la piel y el pelo de la mascota. Para una mayor duraci\u00f3n de la fragancia, aplique sobre el pelo h\u00famedo despu\u00e9s de cada ba\u00f1o.PRECAUCIONES Y ADVERTENCIAS: MANT\u00c9NGASE FUERA DEL ALCANCE DE NI\u00d1OS Y MASCOTAS. No se aplique cerca de ojos, nariz, boca y zona genitourinario, puede causar irritaci\u00f3n<\/div>\n<\/div>\n<\/div>\n<p>CONSULTE AL MEDICO VETERINARIO.<\/p>\n<p>INGREDIENTES\/FORMULACI\u00d3N: Cada 120 ml contienen. Fragancia, perfumol, propilenglicol, acetato isobutirato de sacarosa, etanol, veh\u00edculo c.b.p. 120 ml.<\/p>\n<p>Contenido:<br \/>\n<strong>120 ML<\/strong><\/p>\n","protected":false},"excerpt":{"rendered":"<p>La colonia Fancy Pets Holistic Vitalidad est\u00e1 formulada para revitalizar a tu perro con una fragancia fresca y energizante. Sus notas c\u00edtricas se fusionan con el tomillo, romero y menta para ofrecer una sensaci\u00f3n estimulante, mientras que los destellos de pino, cedro, pachuli y musgo aportan una profundidad arom\u00e1tica que perdura en el pelaje de tu mascota. Perfecta para momentos en los que tu perro est\u00e9 cansado o deca\u00eddo, esta colonia no solo aromatiza, sino que tambi\u00e9n contribuye a elevar su energ\u00eda y bienestar, dejando una fragancia duradera y revitalizante.<\/p>\n<div id=\"tab-label-product.info.beneficios\" class=\"data item title active\" tabindex=\"0\" role=\"tab\" aria-labeledby=\"tab-label-product.info.beneficios-title\" data-role=\"collapsible\" data-collapsible=\"true\" aria-controls=\"product.info.beneficios\" aria-selected=\"true\" aria-expanded=\"true\">BENEFICIOS<\/div>\n<div id=\"product.info.beneficios\" class=\"data item content\" role=\"tabpanel\" data-role=\"content\" aria-labelledby=\"tab-label-product.info.beneficios\" aria-hidden=\"false\">\n<div class=\"product attribute beneficios\">\n<div class=\"value\">EFECTO ENERGETIZANTE: Los aromas de tomillo, romero y menta ayudan a revitalizar a perros cansados o deca\u00eddos, promoviendo una sensaci\u00f3n de frescura y energ\u00eda. FRAGANCIA DURADERA: Las notas de cedro, pachuli y musgo aseguran que el pelaje de tu perro mantenga una fragancia fresca y vibrante durante todo el d\u00eda. ESTIMULANTE NATURAL: Ingredientes como el romero y la menta tiene propiedades estimulantes que pueden mejorar el estado de \u00e1nimo y la vitalidad de tu perro.AMBIENTE REVITALIZANTE: Ideal para usar en momentos en los que el perro se sienta desganado, proporcionando un ambiente fresco y energizante con cada aplicaci\u00f3n.<\/div>\n<\/div>\n<\/div>\n","protected":false},"featured_media":14000,"template":"","meta":[],"product_brand":[109],"product_cat":[73,74],"product_tag":[964],"class_list":{"0":"post-13999","1":"product","2":"type-product","3":"status-publish","4":"has-post-thumbnail","6":"product_brand-naturance","7":"product_cat-perros","8":"product_cat-belleza-e-higiene-perros","9":"product_tag-colonia-para-aromaterapia","11":"first","12":"instock","13":"sale","14":"shipping-taxable","15":"purchasable","16":"product-type-simple"},"yoast_head":"<!-- This site is optimized with the Yoast SEO plugin v27.4 - https:\/\/yoast.com\/product\/yoast-seo-wordpress\/ -->\n<title>COLONIA HOLISTIC VITALIDAD P\/ PERROS 120 ML | Acuario Supremus<\/title>\n<meta name=\"description\" content=\"La colonia Holistic Vitalidad est\u00e1 formulada para revitalizar a tu perro con una fragancia fresca y energizante; aroma de suaves notas c\u00edtricas.\" \/>\n<meta name=\"robots\" content=\"index, follow, max-snippet:-1, max-image-preview:large, max-video-preview:-1\" \/>\n<link rel=\"canonical\" href=\"https:\/\/acuariosupremus.com\/?product=colonia-holistic-vitalidad-p-perros-120-ml\" \/>\n<meta property=\"og:locale\" content=\"es_MX\" \/>\n<meta property=\"og:type\" content=\"article\" \/>\n<meta property=\"og:title\" content=\"COLONIA HOLISTIC VITALIDAD P\/ PERROS 120 ML | Acuario Supremus\" \/>\n<meta property=\"og:description\" content=\"La colonia Holistic Vitalidad est\u00e1 formulada para revitalizar a tu perro con una fragancia fresca y energizante; aroma de suaves notas c\u00edtricas.\" \/>\n<meta property=\"og:url\" content=\"https:\/\/acuariosupremus.com\/?product=colonia-holistic-vitalidad-p-perros-120-ml\" \/>\n<meta property=\"og:site_name\" content=\"Acuario Supremus\" \/>\n<meta property=\"article:publisher\" content=\"https:\/\/www.facebook.com\/AcuarioSupremus\" \/>\n<meta property=\"article:modified_time\" content=\"2026-01-21T22:30:14+00:00\" \/>\n<meta property=\"og:image\" content=\"https:\/\/acuariosupremus.com\/wp-content\/uploads\/2025\/05\/FL4159.png\" \/>\n\t<meta property=\"og:image:width\" content=\"1000\" \/>\n\t<meta property=\"og:image:height\" content=\"1000\" \/>\n\t<meta property=\"og:image:type\" content=\"image\/png\" \/>\n<meta name=\"twitter:card\" content=\"summary_large_image\" \/>\n<meta name=\"twitter:site\" content=\"@AcuarioSupremus\" \/>\n<meta name=\"twitter:label1\" content=\"Tiempo de lectura\" \/>\n\t<meta name=\"twitter:data1\" content=\"1 minuto\" \/>\n<script type=\"application\/ld+json\" class=\"yoast-schema-graph\">{\"@context\":\"https:\\\/\\\/schema.org\",\"@graph\":[{\"@type\":\"WebPage\",\"@id\":\"https:\\\/\\\/acuariosupremus.com\\\/?product=colonia-holistic-vitalidad-p-perros-120-ml\",\"url\":\"https:\\\/\\\/acuariosupremus.com\\\/?product=colonia-holistic-vitalidad-p-perros-120-ml\",\"name\":\"COLONIA HOLISTIC VITALIDAD P\\\/ PERROS 120 ML | Acuario Supremus\",\"isPartOf\":{\"@id\":\"https:\\\/\\\/acuariosupremus.com\\\/#website\"},\"primaryImageOfPage\":{\"@id\":\"https:\\\/\\\/acuariosupremus.com\\\/?product=colonia-holistic-vitalidad-p-perros-120-ml#primaryimage\"},\"image\":{\"@id\":\"https:\\\/\\\/acuariosupremus.com\\\/?product=colonia-holistic-vitalidad-p-perros-120-ml#primaryimage\"},\"thumbnailUrl\":\"https:\\\/\\\/acuariosupremus.com\\\/wp-content\\\/uploads\\\/2025\\\/05\\\/FL4159.png\",\"datePublished\":\"2025-05-25T19:21:21+00:00\",\"dateModified\":\"2026-01-21T22:30:14+00:00\",\"description\":\"La colonia Holistic Vitalidad est\u00e1 formulada para revitalizar a tu perro con una fragancia fresca y energizante; aroma de suaves notas c\u00edtricas.\",\"breadcrumb\":{\"@id\":\"https:\\\/\\\/acuariosupremus.com\\\/?product=colonia-holistic-vitalidad-p-perros-120-ml#breadcrumb\"},\"inLanguage\":\"es\",\"potentialAction\":[{\"@type\":\"ReadAction\",\"target\":[\"https:\\\/\\\/acuariosupremus.com\\\/?product=colonia-holistic-vitalidad-p-perros-120-ml\"]}]},{\"@type\":\"ImageObject\",\"inLanguage\":\"es\",\"@id\":\"https:\\\/\\\/acuariosupremus.com\\\/?product=colonia-holistic-vitalidad-p-perros-120-ml#primaryimage\",\"url\":\"https:\\\/\\\/acuariosupremus.com\\\/wp-content\\\/uploads\\\/2025\\\/05\\\/FL4159.png\",\"contentUrl\":\"https:\\\/\\\/acuariosupremus.com\\\/wp-content\\\/uploads\\\/2025\\\/05\\\/FL4159.png\",\"width\":1000,\"height\":1000},{\"@type\":\"BreadcrumbList\",\"@id\":\"https:\\\/\\\/acuariosupremus.com\\\/?product=colonia-holistic-vitalidad-p-perros-120-ml#breadcrumb\",\"itemListElement\":[{\"@type\":\"ListItem\",\"position\":1,\"name\":\"Portada\",\"item\":\"https:\\\/\\\/acuariosupremus.com\\\/\"},{\"@type\":\"ListItem\",\"position\":2,\"name\":\"Tienda\",\"item\":\"https:\\\/\\\/acuariosupremus.com\\\/tienda\\\/\"},{\"@type\":\"ListItem\",\"position\":3,\"name\":\"COLONIA HOLISTIC VITALIDAD P\\\/ PERROS 120 ML\"}]},{\"@type\":\"WebSite\",\"@id\":\"https:\\\/\\\/acuariosupremus.com\\\/#website\",\"url\":\"https:\\\/\\\/acuariosupremus.com\\\/\",\"name\":\"Acuario Supremus\",\"description\":\"Peces, Peceras y Mascotas.\",\"publisher\":{\"@id\":\"https:\\\/\\\/acuariosupremus.com\\\/#organization\"},\"potentialAction\":[{\"@type\":\"SearchAction\",\"target\":{\"@type\":\"EntryPoint\",\"urlTemplate\":\"https:\\\/\\\/acuariosupremus.com\\\/?s={search_term_string}\"},\"query-input\":{\"@type\":\"PropertyValueSpecification\",\"valueRequired\":true,\"valueName\":\"search_term_string\"}}],\"inLanguage\":\"es\"},{\"@type\":\"Organization\",\"@id\":\"https:\\\/\\\/acuariosupremus.com\\\/#organization\",\"name\":\"Acuario Supremus\",\"url\":\"https:\\\/\\\/acuariosupremus.com\\\/\",\"logo\":{\"@type\":\"ImageObject\",\"inLanguage\":\"es\",\"@id\":\"https:\\\/\\\/acuariosupremus.com\\\/#\\\/schema\\\/logo\\\/image\\\/\",\"url\":\"https:\\\/\\\/acuariosupremus.com\\\/wp-content\\\/uploads\\\/2021\\\/12\\\/cropped-logo_acuario_supremus_fn-2.png\",\"contentUrl\":\"https:\\\/\\\/acuariosupremus.com\\\/wp-content\\\/uploads\\\/2021\\\/12\\\/cropped-logo_acuario_supremus_fn-2.png\",\"width\":1000,\"height\":318,\"caption\":\"Acuario Supremus\"},\"image\":{\"@id\":\"https:\\\/\\\/acuariosupremus.com\\\/#\\\/schema\\\/logo\\\/image\\\/\"},\"sameAs\":[\"https:\\\/\\\/www.facebook.com\\\/AcuarioSupremus\",\"https:\\\/\\\/x.com\\\/AcuarioSupremus\",\"https:\\\/\\\/www.instagram.com\\\/acuariosupremus\\\/?hl=es\"]}]}<\/script>\n<!-- \/ Yoast SEO plugin. -->","yoast_head_json":{"title":"COLONIA HOLISTIC VITALIDAD P\/ PERROS 120 ML | Acuario Supremus","description":"La colonia Holistic Vitalidad est\u00e1 formulada para revitalizar a tu perro con una fragancia fresca y energizante; aroma de suaves notas c\u00edtricas.","robots":{"index":"index","follow":"follow","max-snippet":"max-snippet:-1","max-image-preview":"max-image-preview:large","max-video-preview":"max-video-preview:-1"},"canonical":"https:\/\/acuariosupremus.com\/?product=colonia-holistic-vitalidad-p-perros-120-ml","og_locale":"es_MX","og_type":"article","og_title":"COLONIA HOLISTIC VITALIDAD P\/ PERROS 120 ML | Acuario Supremus","og_description":"La colonia Holistic Vitalidad est\u00e1 formulada para revitalizar a tu perro con una fragancia fresca y energizante; aroma de suaves notas c\u00edtricas.","og_url":"https:\/\/acuariosupremus.com\/?product=colonia-holistic-vitalidad-p-perros-120-ml","og_site_name":"Acuario Supremus","article_publisher":"https:\/\/www.facebook.com\/AcuarioSupremus","article_modified_time":"2026-01-21T22:30:14+00:00","og_image":[{"width":1000,"height":1000,"url":"https:\/\/acuariosupremus.com\/wp-content\/uploads\/2025\/05\/FL4159.png","type":"image\/png"}],"twitter_card":"summary_large_image","twitter_site":"@AcuarioSupremus","twitter_misc":{"Tiempo de lectura":"1 minuto"},"schema":{"@context":"https:\/\/schema.org","@graph":[{"@type":"WebPage","@id":"https:\/\/acuariosupremus.com\/?product=colonia-holistic-vitalidad-p-perros-120-ml","url":"https:\/\/acuariosupremus.com\/?product=colonia-holistic-vitalidad-p-perros-120-ml","name":"COLONIA HOLISTIC VITALIDAD P\/ PERROS 120 ML | Acuario Supremus","isPartOf":{"@id":"https:\/\/acuariosupremus.com\/#website"},"primaryImageOfPage":{"@id":"https:\/\/acuariosupremus.com\/?product=colonia-holistic-vitalidad-p-perros-120-ml#primaryimage"},"image":{"@id":"https:\/\/acuariosupremus.com\/?product=colonia-holistic-vitalidad-p-perros-120-ml#primaryimage"},"thumbnailUrl":"https:\/\/acuariosupremus.com\/wp-content\/uploads\/2025\/05\/FL4159.png","datePublished":"2025-05-25T19:21:21+00:00","dateModified":"2026-01-21T22:30:14+00:00","description":"La colonia Holistic Vitalidad est\u00e1 formulada para revitalizar a tu perro con una fragancia fresca y energizante; aroma de suaves notas c\u00edtricas.","breadcrumb":{"@id":"https:\/\/acuariosupremus.com\/?product=colonia-holistic-vitalidad-p-perros-120-ml#breadcrumb"},"inLanguage":"es","potentialAction":[{"@type":"ReadAction","target":["https:\/\/acuariosupremus.com\/?product=colonia-holistic-vitalidad-p-perros-120-ml"]}]},{"@type":"ImageObject","inLanguage":"es","@id":"https:\/\/acuariosupremus.com\/?product=colonia-holistic-vitalidad-p-perros-120-ml#primaryimage","url":"https:\/\/acuariosupremus.com\/wp-content\/uploads\/2025\/05\/FL4159.png","contentUrl":"https:\/\/acuariosupremus.com\/wp-content\/uploads\/2025\/05\/FL4159.png","width":1000,"height":1000},{"@type":"BreadcrumbList","@id":"https:\/\/acuariosupremus.com\/?product=colonia-holistic-vitalidad-p-perros-120-ml#breadcrumb","itemListElement":[{"@type":"ListItem","position":1,"name":"Portada","item":"https:\/\/acuariosupremus.com\/"},{"@type":"ListItem","position":2,"name":"Tienda","item":"https:\/\/acuariosupremus.com\/tienda\/"},{"@type":"ListItem","position":3,"name":"COLONIA HOLISTIC VITALIDAD P\/ PERROS 120 ML"}]},{"@type":"WebSite","@id":"https:\/\/acuariosupremus.com\/#website","url":"https:\/\/acuariosupremus.com\/","name":"Acuario Supremus","description":"Peces, Peceras y Mascotas.","publisher":{"@id":"https:\/\/acuariosupremus.com\/#organization"},"potentialAction":[{"@type":"SearchAction","target":{"@type":"EntryPoint","urlTemplate":"https:\/\/acuariosupremus.com\/?s={search_term_string}"},"query-input":{"@type":"PropertyValueSpecification","valueRequired":true,"valueName":"search_term_string"}}],"inLanguage":"es"},{"@type":"Organization","@id":"https:\/\/acuariosupremus.com\/#organization","name":"Acuario Supremus","url":"https:\/\/acuariosupremus.com\/","logo":{"@type":"ImageObject","inLanguage":"es","@id":"https:\/\/acuariosupremus.com\/#\/schema\/logo\/image\/","url":"https:\/\/acuariosupremus.com\/wp-content\/uploads\/2021\/12\/cropped-logo_acuario_supremus_fn-2.png","contentUrl":"https:\/\/acuariosupremus.com\/wp-content\/uploads\/2021\/12\/cropped-logo_acuario_supremus_fn-2.png","width":1000,"height":318,"caption":"Acuario Supremus"},"image":{"@id":"https:\/\/acuariosupremus.com\/#\/schema\/logo\/image\/"},"sameAs":["https:\/\/www.facebook.com\/AcuarioSupremus","https:\/\/x.com\/AcuarioSupremus","https:\/\/www.instagram.com\/acuariosupremus\/?hl=es"]}]}},"jetpack_sharing_enabled":true,"_links":{"self":[{"href":"https:\/\/acuariosupremus.com\/index.php?rest_route=\/wp\/v2\/product\/13999","targetHints":{"allow":["GET"]}}],"collection":[{"href":"https:\/\/acuariosupremus.com\/index.php?rest_route=\/wp\/v2\/product"}],"about":[{"href":"https:\/\/acuariosupremus.com\/index.php?rest_route=\/wp\/v2\/types\/product"}],"wp:featuredmedia":[{"embeddable":true,"href":"https:\/\/acuariosupremus.com\/index.php?rest_route=\/wp\/v2\/media\/14000"}],"wp:attachment":[{"href":"https:\/\/acuariosupremus.com\/index.php?rest_route=%2Fwp%2Fv2%2Fmedia&parent=13999"}],"wp:term":[{"taxonomy":"product_brand","embeddable":true,"href":"https:\/\/acuariosupremus.com\/index.php?rest_route=%2Fwp%2Fv2%2Fproduct_brand&post=13999"},{"taxonomy":"product_cat","embeddable":true,"href":"https:\/\/acuariosupremus.com\/index.php?rest_route=%2Fwp%2Fv2%2Fproduct_cat&post=13999"},{"taxonomy":"product_tag","embeddable":true,"href":"https:\/\/acuariosupremus.com\/index.php?rest_route=%2Fwp%2Fv2%2Fproduct_tag&post=13999"}],"curies":[{"name":"wp","href":"https:\/\/api.w.org\/{rel}","templated":true}]}}