{"id":14026,"date":"2025-05-25T14:19:46","date_gmt":"2025-05-25T20:19:46","guid":{"rendered":"https:\/\/acuariosupremus.com\/?post_type=product&#038;p=14026"},"modified":"2026-01-15T14:48:18","modified_gmt":"2026-01-15T20:48:18","slug":"transportadora-p-gato-urban-rosa","status":"publish","type":"product","link":"https:\/\/acuariosupremus.com\/?product=transportadora-p-gato-urban-rosa","title":{"rendered":"TRANSPORTADORA P\/GATO URBAN ROSA."},"content":{"rendered":"<p>Modo de uso \/ Precuaciones y advertencias:<br \/>\nLos gatos presentan neofobia, por lo cual los elementos nuevos en su entorno representan un reto para ellos. Lentamente introduce la transportadora a tu gato y sujeta su collar a la correa de seguridad.COMO MOCHILA: Ajusta las correas acolchadas a la altura de tu comodidad, colocar la transportadora como una mochila convencional.COMO CANGURERA: Usa las correas ajustables para llevar la transportadora como una cangurera. Esto te permite tener a tu gato cerca mientras tienes las manos libres.COMO BOLSA DE MANO: Usa la agarradera doble superior para sujetarla como bolsa de mano.No exceder el peso m\u00e1ximo, aseg\u00farate de que el cierre de doble v\u00eda este bien cerrado y que la correa de seguridad este correctamente sujeto al collar de tu gato.Para su limpieza se deben utilizar productos seguros para las mascotas como el <a href=\"https:\/\/acuariosupremus.com\/producto\/enzimagic-limpiador-de-accion-enzimatica-1-l\/\">Enzimagic limpiador de acci\u00f3n enzimatica<\/a> .<\/p>\n<p>Capacidad: 5 kg , Material:\u00a0 100% poliester,\u00a0 \u00a0<strong>Medidas: 33 x 35 x 50 cm<\/strong><\/p>\n","protected":false},"excerpt":{"rendered":"<p>Las transportadoras URBAN ofrecen comodidad y estilo en cada viaje con tu gato. Son vers\u00e1tiles, ya que puedes usarlas como mochila, cangurera, bolsa de mano o sobre una maleta, Cuenta con correas acolchonadas, agarradera doble, apertura de 180 grados y cierre de doble v\u00eda para facilitar el acceso. Adem\u00e1s, incluyen un tapete r\u00edgido removible para mayor soporte y una correa de seguridad para sujetar el collar. Disponible en 5 colores, son ideales para gatos de hasta 5 kg. Perfetas para aventuras seguras y c\u00f3modas.<\/p>\n<div id=\"tab-label-product.info.beneficios\" class=\"data item title active\" tabindex=\"0\" role=\"tab\" aria-labeledby=\"tab-label-product.info.beneficios-title\" data-role=\"collapsible\" data-collapsible=\"true\" aria-controls=\"product.info.beneficios\" aria-selected=\"true\" aria-expanded=\"true\">BENEFICIOS<\/div>\n<div id=\"product.info.beneficios\" class=\"data item content\" role=\"tabpanel\" data-role=\"content\" aria-labelledby=\"tab-label-product.info.beneficios\" aria-hidden=\"false\">\n<div class=\"product attribute beneficios\">\n<div class=\"value\">Versatilidad de uso: Las transportadoras URBAN se adaptan a tus necesidades, permitiendo que las uses como mochila, cangurera, bolsa de mano, o incluso sobre tu maleta de viaje, facilitando su transporte en cualquier ocasi\u00f3n. Comodidad para tu gato: Su apertura de 180 grados y el cierre de doble v\u00eda hacen que introducir y sacar a tu gato sea sencillo y sin estr\u00e9s, proporcion\u00e1ndote un acceso inmediato. Seguridad garantizada: La correa de seguridad incorporada te permite sujetar el collar de tu gato, evitando cualquier posibilidad de escape y asegurando que viaje de manera segura Dise\u00f1o pr\u00e1ctico y elegante: Disponibles en 5 colores diferentes, las transportadoras URBAN no solo son funcionales, tambi\u00e9n son un accesorio que se adapta a su estilo de vida.<\/div>\n<\/div>\n<\/div>\n","protected":false},"featured_media":14027,"template":"","meta":[],"product_brand":[106],"product_cat":[30,73,76,38],"product_tag":[330],"class_list":{"0":"post-14026","1":"product","2":"type-product","3":"status-publish","4":"has-post-thumbnail","6":"product_brand-fancypets","7":"product_cat-gatos","8":"product_cat-perros","9":"product_cat-casas-y-transportadoras","10":"product_cat-transportadoras","11":"product_tag-transportadora-mochila","13":"first","14":"instock","15":"sale","16":"shipping-taxable","17":"purchasable","18":"product-type-simple"},"yoast_head":"<!-- This site is optimized with the Yoast SEO plugin v27.4 - https:\/\/yoast.com\/product\/yoast-seo-wordpress\/ -->\n<title>TRANSPORTADORA P\/GATO URBAN ROSA. | Acuario Supremus<\/title>\n<meta name=\"description\" content=\"Las transportadoras URBAN Rosa ofrecen comodidad en cada viaje con tu gato. Se pueden usar como mochila, cangurera, bolsa de mano o sobre una maleta\" \/>\n<meta name=\"robots\" content=\"index, follow, max-snippet:-1, max-image-preview:large, max-video-preview:-1\" \/>\n<link rel=\"canonical\" href=\"https:\/\/acuariosupremus.com\/?product=transportadora-p-gato-urban-rosa\" \/>\n<meta property=\"og:locale\" content=\"es_MX\" \/>\n<meta property=\"og:type\" content=\"article\" \/>\n<meta property=\"og:title\" content=\"TRANSPORTADORA P\/GATO URBAN ROSA. | Acuario Supremus\" \/>\n<meta property=\"og:description\" content=\"Las transportadoras URBAN Rosa ofrecen comodidad en cada viaje con tu gato. Se pueden usar como mochila, cangurera, bolsa de mano o sobre una maleta\" \/>\n<meta property=\"og:url\" content=\"https:\/\/acuariosupremus.com\/?product=transportadora-p-gato-urban-rosa\" \/>\n<meta property=\"og:site_name\" content=\"Acuario Supremus\" \/>\n<meta property=\"article:publisher\" content=\"https:\/\/www.facebook.com\/AcuarioSupremus\" \/>\n<meta property=\"article:modified_time\" content=\"2026-01-15T20:48:18+00:00\" \/>\n<meta property=\"og:image\" content=\"https:\/\/acuariosupremus.com\/wp-content\/uploads\/2025\/05\/FL4163.png\" \/>\n\t<meta property=\"og:image:width\" content=\"500\" \/>\n\t<meta property=\"og:image:height\" content=\"500\" \/>\n\t<meta property=\"og:image:type\" content=\"image\/png\" \/>\n<meta name=\"twitter:card\" content=\"summary_large_image\" \/>\n<meta name=\"twitter:site\" content=\"@AcuarioSupremus\" \/>\n<meta name=\"twitter:label1\" content=\"Tiempo de lectura\" \/>\n\t<meta name=\"twitter:data1\" content=\"1 minuto\" \/>\n<script type=\"application\/ld+json\" class=\"yoast-schema-graph\">{\"@context\":\"https:\\\/\\\/schema.org\",\"@graph\":[{\"@type\":\"WebPage\",\"@id\":\"https:\\\/\\\/acuariosupremus.com\\\/?product=transportadora-p-gato-urban-rosa\",\"url\":\"https:\\\/\\\/acuariosupremus.com\\\/?product=transportadora-p-gato-urban-rosa\",\"name\":\"TRANSPORTADORA P\\\/GATO URBAN ROSA. | Acuario Supremus\",\"isPartOf\":{\"@id\":\"https:\\\/\\\/acuariosupremus.com\\\/#website\"},\"primaryImageOfPage\":{\"@id\":\"https:\\\/\\\/acuariosupremus.com\\\/?product=transportadora-p-gato-urban-rosa#primaryimage\"},\"image\":{\"@id\":\"https:\\\/\\\/acuariosupremus.com\\\/?product=transportadora-p-gato-urban-rosa#primaryimage\"},\"thumbnailUrl\":\"https:\\\/\\\/acuariosupremus.com\\\/wp-content\\\/uploads\\\/2025\\\/05\\\/FL4163.png\",\"datePublished\":\"2025-05-25T20:19:46+00:00\",\"dateModified\":\"2026-01-15T20:48:18+00:00\",\"description\":\"Las transportadoras URBAN Rosa ofrecen comodidad en cada viaje con tu gato. Se pueden usar como mochila, cangurera, bolsa de mano o sobre una maleta\",\"breadcrumb\":{\"@id\":\"https:\\\/\\\/acuariosupremus.com\\\/?product=transportadora-p-gato-urban-rosa#breadcrumb\"},\"inLanguage\":\"es\",\"potentialAction\":[{\"@type\":\"ReadAction\",\"target\":[\"https:\\\/\\\/acuariosupremus.com\\\/?product=transportadora-p-gato-urban-rosa\"]}]},{\"@type\":\"ImageObject\",\"inLanguage\":\"es\",\"@id\":\"https:\\\/\\\/acuariosupremus.com\\\/?product=transportadora-p-gato-urban-rosa#primaryimage\",\"url\":\"https:\\\/\\\/acuariosupremus.com\\\/wp-content\\\/uploads\\\/2025\\\/05\\\/FL4163.png\",\"contentUrl\":\"https:\\\/\\\/acuariosupremus.com\\\/wp-content\\\/uploads\\\/2025\\\/05\\\/FL4163.png\",\"width\":500,\"height\":500},{\"@type\":\"BreadcrumbList\",\"@id\":\"https:\\\/\\\/acuariosupremus.com\\\/?product=transportadora-p-gato-urban-rosa#breadcrumb\",\"itemListElement\":[{\"@type\":\"ListItem\",\"position\":1,\"name\":\"Portada\",\"item\":\"https:\\\/\\\/acuariosupremus.com\\\/\"},{\"@type\":\"ListItem\",\"position\":2,\"name\":\"Tienda\",\"item\":\"https:\\\/\\\/acuariosupremus.com\\\/tienda\\\/\"},{\"@type\":\"ListItem\",\"position\":3,\"name\":\"TRANSPORTADORA P\\\/GATO URBAN ROSA.\"}]},{\"@type\":\"WebSite\",\"@id\":\"https:\\\/\\\/acuariosupremus.com\\\/#website\",\"url\":\"https:\\\/\\\/acuariosupremus.com\\\/\",\"name\":\"Acuario Supremus\",\"description\":\"Peces, Peceras y Mascotas.\",\"publisher\":{\"@id\":\"https:\\\/\\\/acuariosupremus.com\\\/#organization\"},\"potentialAction\":[{\"@type\":\"SearchAction\",\"target\":{\"@type\":\"EntryPoint\",\"urlTemplate\":\"https:\\\/\\\/acuariosupremus.com\\\/?s={search_term_string}\"},\"query-input\":{\"@type\":\"PropertyValueSpecification\",\"valueRequired\":true,\"valueName\":\"search_term_string\"}}],\"inLanguage\":\"es\"},{\"@type\":\"Organization\",\"@id\":\"https:\\\/\\\/acuariosupremus.com\\\/#organization\",\"name\":\"Acuario Supremus\",\"url\":\"https:\\\/\\\/acuariosupremus.com\\\/\",\"logo\":{\"@type\":\"ImageObject\",\"inLanguage\":\"es\",\"@id\":\"https:\\\/\\\/acuariosupremus.com\\\/#\\\/schema\\\/logo\\\/image\\\/\",\"url\":\"https:\\\/\\\/acuariosupremus.com\\\/wp-content\\\/uploads\\\/2021\\\/12\\\/cropped-logo_acuario_supremus_fn-2.png\",\"contentUrl\":\"https:\\\/\\\/acuariosupremus.com\\\/wp-content\\\/uploads\\\/2021\\\/12\\\/cropped-logo_acuario_supremus_fn-2.png\",\"width\":1000,\"height\":318,\"caption\":\"Acuario Supremus\"},\"image\":{\"@id\":\"https:\\\/\\\/acuariosupremus.com\\\/#\\\/schema\\\/logo\\\/image\\\/\"},\"sameAs\":[\"https:\\\/\\\/www.facebook.com\\\/AcuarioSupremus\",\"https:\\\/\\\/x.com\\\/AcuarioSupremus\",\"https:\\\/\\\/www.instagram.com\\\/acuariosupremus\\\/?hl=es\"]}]}<\/script>\n<!-- \/ Yoast SEO plugin. -->","yoast_head_json":{"title":"TRANSPORTADORA P\/GATO URBAN ROSA. | Acuario Supremus","description":"Las transportadoras URBAN Rosa ofrecen comodidad en cada viaje con tu gato. Se pueden usar como mochila, cangurera, bolsa de mano o sobre una maleta","robots":{"index":"index","follow":"follow","max-snippet":"max-snippet:-1","max-image-preview":"max-image-preview:large","max-video-preview":"max-video-preview:-1"},"canonical":"https:\/\/acuariosupremus.com\/?product=transportadora-p-gato-urban-rosa","og_locale":"es_MX","og_type":"article","og_title":"TRANSPORTADORA P\/GATO URBAN ROSA. | Acuario Supremus","og_description":"Las transportadoras URBAN Rosa ofrecen comodidad en cada viaje con tu gato. Se pueden usar como mochila, cangurera, bolsa de mano o sobre una maleta","og_url":"https:\/\/acuariosupremus.com\/?product=transportadora-p-gato-urban-rosa","og_site_name":"Acuario Supremus","article_publisher":"https:\/\/www.facebook.com\/AcuarioSupremus","article_modified_time":"2026-01-15T20:48:18+00:00","og_image":[{"width":500,"height":500,"url":"https:\/\/acuariosupremus.com\/wp-content\/uploads\/2025\/05\/FL4163.png","type":"image\/png"}],"twitter_card":"summary_large_image","twitter_site":"@AcuarioSupremus","twitter_misc":{"Tiempo de lectura":"1 minuto"},"schema":{"@context":"https:\/\/schema.org","@graph":[{"@type":"WebPage","@id":"https:\/\/acuariosupremus.com\/?product=transportadora-p-gato-urban-rosa","url":"https:\/\/acuariosupremus.com\/?product=transportadora-p-gato-urban-rosa","name":"TRANSPORTADORA P\/GATO URBAN ROSA. | Acuario Supremus","isPartOf":{"@id":"https:\/\/acuariosupremus.com\/#website"},"primaryImageOfPage":{"@id":"https:\/\/acuariosupremus.com\/?product=transportadora-p-gato-urban-rosa#primaryimage"},"image":{"@id":"https:\/\/acuariosupremus.com\/?product=transportadora-p-gato-urban-rosa#primaryimage"},"thumbnailUrl":"https:\/\/acuariosupremus.com\/wp-content\/uploads\/2025\/05\/FL4163.png","datePublished":"2025-05-25T20:19:46+00:00","dateModified":"2026-01-15T20:48:18+00:00","description":"Las transportadoras URBAN Rosa ofrecen comodidad en cada viaje con tu gato. Se pueden usar como mochila, cangurera, bolsa de mano o sobre una maleta","breadcrumb":{"@id":"https:\/\/acuariosupremus.com\/?product=transportadora-p-gato-urban-rosa#breadcrumb"},"inLanguage":"es","potentialAction":[{"@type":"ReadAction","target":["https:\/\/acuariosupremus.com\/?product=transportadora-p-gato-urban-rosa"]}]},{"@type":"ImageObject","inLanguage":"es","@id":"https:\/\/acuariosupremus.com\/?product=transportadora-p-gato-urban-rosa#primaryimage","url":"https:\/\/acuariosupremus.com\/wp-content\/uploads\/2025\/05\/FL4163.png","contentUrl":"https:\/\/acuariosupremus.com\/wp-content\/uploads\/2025\/05\/FL4163.png","width":500,"height":500},{"@type":"BreadcrumbList","@id":"https:\/\/acuariosupremus.com\/?product=transportadora-p-gato-urban-rosa#breadcrumb","itemListElement":[{"@type":"ListItem","position":1,"name":"Portada","item":"https:\/\/acuariosupremus.com\/"},{"@type":"ListItem","position":2,"name":"Tienda","item":"https:\/\/acuariosupremus.com\/tienda\/"},{"@type":"ListItem","position":3,"name":"TRANSPORTADORA P\/GATO URBAN ROSA."}]},{"@type":"WebSite","@id":"https:\/\/acuariosupremus.com\/#website","url":"https:\/\/acuariosupremus.com\/","name":"Acuario Supremus","description":"Peces, Peceras y Mascotas.","publisher":{"@id":"https:\/\/acuariosupremus.com\/#organization"},"potentialAction":[{"@type":"SearchAction","target":{"@type":"EntryPoint","urlTemplate":"https:\/\/acuariosupremus.com\/?s={search_term_string}"},"query-input":{"@type":"PropertyValueSpecification","valueRequired":true,"valueName":"search_term_string"}}],"inLanguage":"es"},{"@type":"Organization","@id":"https:\/\/acuariosupremus.com\/#organization","name":"Acuario Supremus","url":"https:\/\/acuariosupremus.com\/","logo":{"@type":"ImageObject","inLanguage":"es","@id":"https:\/\/acuariosupremus.com\/#\/schema\/logo\/image\/","url":"https:\/\/acuariosupremus.com\/wp-content\/uploads\/2021\/12\/cropped-logo_acuario_supremus_fn-2.png","contentUrl":"https:\/\/acuariosupremus.com\/wp-content\/uploads\/2021\/12\/cropped-logo_acuario_supremus_fn-2.png","width":1000,"height":318,"caption":"Acuario Supremus"},"image":{"@id":"https:\/\/acuariosupremus.com\/#\/schema\/logo\/image\/"},"sameAs":["https:\/\/www.facebook.com\/AcuarioSupremus","https:\/\/x.com\/AcuarioSupremus","https:\/\/www.instagram.com\/acuariosupremus\/?hl=es"]}]}},"jetpack_sharing_enabled":true,"_links":{"self":[{"href":"https:\/\/acuariosupremus.com\/index.php?rest_route=\/wp\/v2\/product\/14026","targetHints":{"allow":["GET"]}}],"collection":[{"href":"https:\/\/acuariosupremus.com\/index.php?rest_route=\/wp\/v2\/product"}],"about":[{"href":"https:\/\/acuariosupremus.com\/index.php?rest_route=\/wp\/v2\/types\/product"}],"wp:featuredmedia":[{"embeddable":true,"href":"https:\/\/acuariosupremus.com\/index.php?rest_route=\/wp\/v2\/media\/14027"}],"wp:attachment":[{"href":"https:\/\/acuariosupremus.com\/index.php?rest_route=%2Fwp%2Fv2%2Fmedia&parent=14026"}],"wp:term":[{"taxonomy":"product_brand","embeddable":true,"href":"https:\/\/acuariosupremus.com\/index.php?rest_route=%2Fwp%2Fv2%2Fproduct_brand&post=14026"},{"taxonomy":"product_cat","embeddable":true,"href":"https:\/\/acuariosupremus.com\/index.php?rest_route=%2Fwp%2Fv2%2Fproduct_cat&post=14026"},{"taxonomy":"product_tag","embeddable":true,"href":"https:\/\/acuariosupremus.com\/index.php?rest_route=%2Fwp%2Fv2%2Fproduct_tag&post=14026"}],"curies":[{"name":"wp","href":"https:\/\/api.w.org\/{rel}","templated":true}]}}