{"id":14044,"date":"2025-05-25T14:51:58","date_gmt":"2025-05-25T20:51:58","guid":{"rendered":"https:\/\/acuariosupremus.com\/?post_type=product&#038;p=14044"},"modified":"2026-01-08T15:57:46","modified_gmt":"2026-01-08T21:57:46","slug":"spray-repelente-de-pulgas-p-habitat-de-aves-125-ml","status":"publish","type":"product","link":"https:\/\/acuariosupremus.com\/?product=spray-repelente-de-pulgas-p-habitat-de-aves-125-ml","title":{"rendered":"SPRAY REPELENTE DE PULGAS P\/HABITAT DE AVES 125 ML"},"content":{"rendered":"<div id=\"tab-label-product.info.ingredientes.modo.de.uso\" class=\"data item title active\" tabindex=\"0\" role=\"tab\" aria-labeledby=\"tab-label-product.info.ingredientes.modo.de.uso-title\" data-role=\"collapsible\" data-collapsible=\"true\" aria-controls=\"product.info.ingredientes.modo.de.uso\" aria-selected=\"true\" aria-expanded=\"true\">MODO DE USO \/ PRECAUCIONES Y ADVERTENCIAS<\/div>\n<div id=\"product.info.ingredientes.modo.de.uso\" class=\"data item content\" role=\"tabpanel\" data-role=\"content\" aria-labelledby=\"tab-label-product.info.ingredientes.modo.de.uso\" aria-hidden=\"false\">\n<div class=\"product attribute modo_de_uso_precuaciones_y_adv\">\n<div class=\"value\">Agite con fuerza y roc\u00ede el repelente sobre superficies o textiles. Repita cuanto sea necesario.PRECAUCIONES: MANT\u00c9NGASE FUERA DEL ALCANCE NI\u00d1OS Y LAS MASCOTAS. No emplear sobre las mascotas. En caso de contacto con ojos o piel, enjuagar con abundante agua. Realiza una prueba de sensibilidad antes de rociar sobre cualquier textil, algunas telas pueden ser delicadas al contacto. No mezclar ni diluir con otros detergentes. Mantener en un lugar fresco y protegido de la luz solar. El uso de este producto es responsabilidad de quien lo adquiere.<\/div>\n<div>\n<div id=\"tab-label-product.info.ingredientes.formulacion\" class=\"data item title active\" tabindex=\"0\" role=\"tab\" aria-labeledby=\"tab-label-product.info.ingredientes.formulacion-title\" data-role=\"collapsible\" data-collapsible=\"true\" aria-controls=\"product.info.ingredientes.formulacion\" aria-selected=\"true\" aria-expanded=\"true\">INGREDIENTES\/FORMULACI\u00d3N<\/div>\n<div id=\"product.info.ingredientes.formulacion\" class=\"data item content\" role=\"tabpanel\" data-role=\"content\" aria-labelledby=\"tab-label-product.info.ingredientes.formulacion\" aria-hidden=\"false\">\n<div class=\"product attribute ingredientes_formulacion\">\n<div class=\"value\">Agua, propilenglicol, extracto de neem hidrosoluble, propilparabeno, metilparabeno, alcohol et\u00edlico.<\/div>\n<\/div>\n<\/div>\n<\/div>\n<\/div>\n<\/div>\n","protected":false},"excerpt":{"rendered":"<p>El Repelente Natural para Interiores RedKite\u00ae es la soluci\u00f3n perfecta para proteger a peque\u00f1os mam\u00edferos y aves contra par\u00e1sitos comunes, como pulgas, garrapatas, piojos y \u00e1caros. Formulado con extracto de neem, reconocido por sus propiedades repelentes naturales, ofrece una defensa efectiva y segura sin recurrir a qu\u00edmicos agresivos.Dise\u00f1ado para ser vers\u00e1til y amable con tu hogar, este spray es efectivo en diferentes superficies y textiles, creando un entorno saludable para tus mascotas y su bienestar.Con el Repelente Natural para Interiores RedKite\u00ae, cuida de tus peque\u00f1as mascotas y aves mientras mantienes un hogar libre de plagas y seguro para todos.<\/p>\n<div id=\"tab-label-product.info.beneficios\" class=\"data item title active\" tabindex=\"0\" role=\"tab\" aria-labeledby=\"tab-label-product.info.beneficios-title\" data-role=\"collapsible\" data-collapsible=\"true\" aria-controls=\"product.info.beneficios\" aria-selected=\"true\" aria-expanded=\"true\">BENEFICIOS<\/div>\n<div id=\"product.info.beneficios\" class=\"data item content\" role=\"tabpanel\" data-role=\"content\" aria-labelledby=\"tab-label-product.info.beneficios\" aria-hidden=\"false\">\n<div class=\"product attribute beneficios\">\n<div class=\"value\">Protecci\u00f3n natural: El extracto de neem repele par\u00e1sitos molestos y previene infestaciones sin afectar la salud de tus mascotas.Ideal para peque\u00f1os mam\u00edferos y aves: Formulado espec\u00edficamente para estas especies, brindando un cuidado especializado.Uso vers\u00e1til: Seguro para aplicar en superficies y textiles del hogar, facilitando su uso en cualquier espacio.Libre de qu\u00edmicos agresivos: Una alternativa natural que protege a tus mascotas y el ambiente.F\u00e1cil de usar: Pr\u00e1ctico formato en spray para una aplicaci\u00f3n c\u00f3moda y efectiva.<\/div>\n<\/div>\n<\/div>\n","protected":false},"featured_media":14045,"template":"","meta":[],"product_brand":[104],"product_cat":[20,67,21,69],"product_tag":[965],"class_list":{"0":"post-14044","1":"product","2":"type-product","3":"status-publish","4":"has-post-thumbnail","6":"product_brand-redkite","7":"product_cat-aves","8":"product_cat-pequenos-mamiferos","9":"product_cat-habitad","10":"product_cat-habitad-pequenos-mamiferos","11":"product_tag-repelente-pulgas-jaulas-ave","13":"first","14":"instock","15":"sale","16":"shipping-taxable","17":"purchasable","18":"product-type-simple"},"yoast_head":"<!-- This site is optimized with the Yoast SEO plugin v27.4 - https:\/\/yoast.com\/product\/yoast-seo-wordpress\/ -->\n<title>SPRAY REPELENTE DE PULGAS P\/HABITAT DE AVES 125 ML | Acuario Supremus<\/title>\n<meta name=\"description\" content=\"El Repelente Natural para Interiores es la soluci\u00f3n perfecta para proteger a peque\u00f1os mam\u00edferos y aves contra par\u00e1sitos comunes.\" \/>\n<meta name=\"robots\" content=\"index, follow, max-snippet:-1, max-image-preview:large, max-video-preview:-1\" \/>\n<link rel=\"canonical\" href=\"https:\/\/acuariosupremus.com\/?product=spray-repelente-de-pulgas-p-habitat-de-aves-125-ml\" \/>\n<meta property=\"og:locale\" content=\"es_MX\" \/>\n<meta property=\"og:type\" content=\"article\" \/>\n<meta property=\"og:title\" content=\"SPRAY REPELENTE DE PULGAS P\/HABITAT DE AVES 125 ML | Acuario Supremus\" \/>\n<meta property=\"og:description\" content=\"El Repelente Natural para Interiores es la soluci\u00f3n perfecta para proteger a peque\u00f1os mam\u00edferos y aves contra par\u00e1sitos comunes.\" \/>\n<meta property=\"og:url\" content=\"https:\/\/acuariosupremus.com\/?product=spray-repelente-de-pulgas-p-habitat-de-aves-125-ml\" \/>\n<meta property=\"og:site_name\" content=\"Acuario Supremus\" \/>\n<meta property=\"article:publisher\" content=\"https:\/\/www.facebook.com\/AcuarioSupremus\" \/>\n<meta property=\"article:modified_time\" content=\"2026-01-08T21:57:46+00:00\" \/>\n<meta property=\"og:image\" content=\"https:\/\/acuariosupremus.com\/wp-content\/uploads\/2025\/05\/FL4170.png\" \/>\n\t<meta property=\"og:image:width\" content=\"1000\" \/>\n\t<meta property=\"og:image:height\" content=\"1000\" \/>\n\t<meta property=\"og:image:type\" content=\"image\/png\" \/>\n<meta name=\"twitter:card\" content=\"summary_large_image\" \/>\n<meta name=\"twitter:site\" content=\"@AcuarioSupremus\" \/>\n<meta name=\"twitter:label1\" content=\"Tiempo de lectura\" \/>\n\t<meta name=\"twitter:data1\" content=\"1 minuto\" \/>\n<script type=\"application\/ld+json\" class=\"yoast-schema-graph\">{\"@context\":\"https:\\\/\\\/schema.org\",\"@graph\":[{\"@type\":\"WebPage\",\"@id\":\"https:\\\/\\\/acuariosupremus.com\\\/?product=spray-repelente-de-pulgas-p-habitat-de-aves-125-ml\",\"url\":\"https:\\\/\\\/acuariosupremus.com\\\/?product=spray-repelente-de-pulgas-p-habitat-de-aves-125-ml\",\"name\":\"SPRAY REPELENTE DE PULGAS P\\\/HABITAT DE AVES 125 ML | Acuario Supremus\",\"isPartOf\":{\"@id\":\"https:\\\/\\\/acuariosupremus.com\\\/#website\"},\"primaryImageOfPage\":{\"@id\":\"https:\\\/\\\/acuariosupremus.com\\\/?product=spray-repelente-de-pulgas-p-habitat-de-aves-125-ml#primaryimage\"},\"image\":{\"@id\":\"https:\\\/\\\/acuariosupremus.com\\\/?product=spray-repelente-de-pulgas-p-habitat-de-aves-125-ml#primaryimage\"},\"thumbnailUrl\":\"https:\\\/\\\/acuariosupremus.com\\\/wp-content\\\/uploads\\\/2025\\\/05\\\/FL4170.png\",\"datePublished\":\"2025-05-25T20:51:58+00:00\",\"dateModified\":\"2026-01-08T21:57:46+00:00\",\"description\":\"El Repelente Natural para Interiores es la soluci\u00f3n perfecta para proteger a peque\u00f1os mam\u00edferos y aves contra par\u00e1sitos comunes.\",\"breadcrumb\":{\"@id\":\"https:\\\/\\\/acuariosupremus.com\\\/?product=spray-repelente-de-pulgas-p-habitat-de-aves-125-ml#breadcrumb\"},\"inLanguage\":\"es\",\"potentialAction\":[{\"@type\":\"ReadAction\",\"target\":[\"https:\\\/\\\/acuariosupremus.com\\\/?product=spray-repelente-de-pulgas-p-habitat-de-aves-125-ml\"]}]},{\"@type\":\"ImageObject\",\"inLanguage\":\"es\",\"@id\":\"https:\\\/\\\/acuariosupremus.com\\\/?product=spray-repelente-de-pulgas-p-habitat-de-aves-125-ml#primaryimage\",\"url\":\"https:\\\/\\\/acuariosupremus.com\\\/wp-content\\\/uploads\\\/2025\\\/05\\\/FL4170.png\",\"contentUrl\":\"https:\\\/\\\/acuariosupremus.com\\\/wp-content\\\/uploads\\\/2025\\\/05\\\/FL4170.png\",\"width\":1000,\"height\":1000},{\"@type\":\"BreadcrumbList\",\"@id\":\"https:\\\/\\\/acuariosupremus.com\\\/?product=spray-repelente-de-pulgas-p-habitat-de-aves-125-ml#breadcrumb\",\"itemListElement\":[{\"@type\":\"ListItem\",\"position\":1,\"name\":\"Portada\",\"item\":\"https:\\\/\\\/acuariosupremus.com\\\/\"},{\"@type\":\"ListItem\",\"position\":2,\"name\":\"Tienda\",\"item\":\"https:\\\/\\\/acuariosupremus.com\\\/tienda\\\/\"},{\"@type\":\"ListItem\",\"position\":3,\"name\":\"SPRAY REPELENTE DE PULGAS P\\\/HABITAT DE AVES 125 ML\"}]},{\"@type\":\"WebSite\",\"@id\":\"https:\\\/\\\/acuariosupremus.com\\\/#website\",\"url\":\"https:\\\/\\\/acuariosupremus.com\\\/\",\"name\":\"Acuario Supremus\",\"description\":\"Peces, Peceras y Mascotas.\",\"publisher\":{\"@id\":\"https:\\\/\\\/acuariosupremus.com\\\/#organization\"},\"potentialAction\":[{\"@type\":\"SearchAction\",\"target\":{\"@type\":\"EntryPoint\",\"urlTemplate\":\"https:\\\/\\\/acuariosupremus.com\\\/?s={search_term_string}\"},\"query-input\":{\"@type\":\"PropertyValueSpecification\",\"valueRequired\":true,\"valueName\":\"search_term_string\"}}],\"inLanguage\":\"es\"},{\"@type\":\"Organization\",\"@id\":\"https:\\\/\\\/acuariosupremus.com\\\/#organization\",\"name\":\"Acuario Supremus\",\"url\":\"https:\\\/\\\/acuariosupremus.com\\\/\",\"logo\":{\"@type\":\"ImageObject\",\"inLanguage\":\"es\",\"@id\":\"https:\\\/\\\/acuariosupremus.com\\\/#\\\/schema\\\/logo\\\/image\\\/\",\"url\":\"https:\\\/\\\/acuariosupremus.com\\\/wp-content\\\/uploads\\\/2021\\\/12\\\/cropped-logo_acuario_supremus_fn-2.png\",\"contentUrl\":\"https:\\\/\\\/acuariosupremus.com\\\/wp-content\\\/uploads\\\/2021\\\/12\\\/cropped-logo_acuario_supremus_fn-2.png\",\"width\":1000,\"height\":318,\"caption\":\"Acuario Supremus\"},\"image\":{\"@id\":\"https:\\\/\\\/acuariosupremus.com\\\/#\\\/schema\\\/logo\\\/image\\\/\"},\"sameAs\":[\"https:\\\/\\\/www.facebook.com\\\/AcuarioSupremus\",\"https:\\\/\\\/x.com\\\/AcuarioSupremus\",\"https:\\\/\\\/www.instagram.com\\\/acuariosupremus\\\/?hl=es\"]}]}<\/script>\n<!-- \/ Yoast SEO plugin. -->","yoast_head_json":{"title":"SPRAY REPELENTE DE PULGAS P\/HABITAT DE AVES 125 ML | Acuario Supremus","description":"El Repelente Natural para Interiores es la soluci\u00f3n perfecta para proteger a peque\u00f1os mam\u00edferos y aves contra par\u00e1sitos comunes.","robots":{"index":"index","follow":"follow","max-snippet":"max-snippet:-1","max-image-preview":"max-image-preview:large","max-video-preview":"max-video-preview:-1"},"canonical":"https:\/\/acuariosupremus.com\/?product=spray-repelente-de-pulgas-p-habitat-de-aves-125-ml","og_locale":"es_MX","og_type":"article","og_title":"SPRAY REPELENTE DE PULGAS P\/HABITAT DE AVES 125 ML | Acuario Supremus","og_description":"El Repelente Natural para Interiores es la soluci\u00f3n perfecta para proteger a peque\u00f1os mam\u00edferos y aves contra par\u00e1sitos comunes.","og_url":"https:\/\/acuariosupremus.com\/?product=spray-repelente-de-pulgas-p-habitat-de-aves-125-ml","og_site_name":"Acuario Supremus","article_publisher":"https:\/\/www.facebook.com\/AcuarioSupremus","article_modified_time":"2026-01-08T21:57:46+00:00","og_image":[{"width":1000,"height":1000,"url":"https:\/\/acuariosupremus.com\/wp-content\/uploads\/2025\/05\/FL4170.png","type":"image\/png"}],"twitter_card":"summary_large_image","twitter_site":"@AcuarioSupremus","twitter_misc":{"Tiempo de lectura":"1 minuto"},"schema":{"@context":"https:\/\/schema.org","@graph":[{"@type":"WebPage","@id":"https:\/\/acuariosupremus.com\/?product=spray-repelente-de-pulgas-p-habitat-de-aves-125-ml","url":"https:\/\/acuariosupremus.com\/?product=spray-repelente-de-pulgas-p-habitat-de-aves-125-ml","name":"SPRAY REPELENTE DE PULGAS P\/HABITAT DE AVES 125 ML | Acuario Supremus","isPartOf":{"@id":"https:\/\/acuariosupremus.com\/#website"},"primaryImageOfPage":{"@id":"https:\/\/acuariosupremus.com\/?product=spray-repelente-de-pulgas-p-habitat-de-aves-125-ml#primaryimage"},"image":{"@id":"https:\/\/acuariosupremus.com\/?product=spray-repelente-de-pulgas-p-habitat-de-aves-125-ml#primaryimage"},"thumbnailUrl":"https:\/\/acuariosupremus.com\/wp-content\/uploads\/2025\/05\/FL4170.png","datePublished":"2025-05-25T20:51:58+00:00","dateModified":"2026-01-08T21:57:46+00:00","description":"El Repelente Natural para Interiores es la soluci\u00f3n perfecta para proteger a peque\u00f1os mam\u00edferos y aves contra par\u00e1sitos comunes.","breadcrumb":{"@id":"https:\/\/acuariosupremus.com\/?product=spray-repelente-de-pulgas-p-habitat-de-aves-125-ml#breadcrumb"},"inLanguage":"es","potentialAction":[{"@type":"ReadAction","target":["https:\/\/acuariosupremus.com\/?product=spray-repelente-de-pulgas-p-habitat-de-aves-125-ml"]}]},{"@type":"ImageObject","inLanguage":"es","@id":"https:\/\/acuariosupremus.com\/?product=spray-repelente-de-pulgas-p-habitat-de-aves-125-ml#primaryimage","url":"https:\/\/acuariosupremus.com\/wp-content\/uploads\/2025\/05\/FL4170.png","contentUrl":"https:\/\/acuariosupremus.com\/wp-content\/uploads\/2025\/05\/FL4170.png","width":1000,"height":1000},{"@type":"BreadcrumbList","@id":"https:\/\/acuariosupremus.com\/?product=spray-repelente-de-pulgas-p-habitat-de-aves-125-ml#breadcrumb","itemListElement":[{"@type":"ListItem","position":1,"name":"Portada","item":"https:\/\/acuariosupremus.com\/"},{"@type":"ListItem","position":2,"name":"Tienda","item":"https:\/\/acuariosupremus.com\/tienda\/"},{"@type":"ListItem","position":3,"name":"SPRAY REPELENTE DE PULGAS P\/HABITAT DE AVES 125 ML"}]},{"@type":"WebSite","@id":"https:\/\/acuariosupremus.com\/#website","url":"https:\/\/acuariosupremus.com\/","name":"Acuario Supremus","description":"Peces, Peceras y Mascotas.","publisher":{"@id":"https:\/\/acuariosupremus.com\/#organization"},"potentialAction":[{"@type":"SearchAction","target":{"@type":"EntryPoint","urlTemplate":"https:\/\/acuariosupremus.com\/?s={search_term_string}"},"query-input":{"@type":"PropertyValueSpecification","valueRequired":true,"valueName":"search_term_string"}}],"inLanguage":"es"},{"@type":"Organization","@id":"https:\/\/acuariosupremus.com\/#organization","name":"Acuario Supremus","url":"https:\/\/acuariosupremus.com\/","logo":{"@type":"ImageObject","inLanguage":"es","@id":"https:\/\/acuariosupremus.com\/#\/schema\/logo\/image\/","url":"https:\/\/acuariosupremus.com\/wp-content\/uploads\/2021\/12\/cropped-logo_acuario_supremus_fn-2.png","contentUrl":"https:\/\/acuariosupremus.com\/wp-content\/uploads\/2021\/12\/cropped-logo_acuario_supremus_fn-2.png","width":1000,"height":318,"caption":"Acuario Supremus"},"image":{"@id":"https:\/\/acuariosupremus.com\/#\/schema\/logo\/image\/"},"sameAs":["https:\/\/www.facebook.com\/AcuarioSupremus","https:\/\/x.com\/AcuarioSupremus","https:\/\/www.instagram.com\/acuariosupremus\/?hl=es"]}]}},"jetpack_sharing_enabled":true,"_links":{"self":[{"href":"https:\/\/acuariosupremus.com\/index.php?rest_route=\/wp\/v2\/product\/14044","targetHints":{"allow":["GET"]}}],"collection":[{"href":"https:\/\/acuariosupremus.com\/index.php?rest_route=\/wp\/v2\/product"}],"about":[{"href":"https:\/\/acuariosupremus.com\/index.php?rest_route=\/wp\/v2\/types\/product"}],"wp:featuredmedia":[{"embeddable":true,"href":"https:\/\/acuariosupremus.com\/index.php?rest_route=\/wp\/v2\/media\/14045"}],"wp:attachment":[{"href":"https:\/\/acuariosupremus.com\/index.php?rest_route=%2Fwp%2Fv2%2Fmedia&parent=14044"}],"wp:term":[{"taxonomy":"product_brand","embeddable":true,"href":"https:\/\/acuariosupremus.com\/index.php?rest_route=%2Fwp%2Fv2%2Fproduct_brand&post=14044"},{"taxonomy":"product_cat","embeddable":true,"href":"https:\/\/acuariosupremus.com\/index.php?rest_route=%2Fwp%2Fv2%2Fproduct_cat&post=14044"},{"taxonomy":"product_tag","embeddable":true,"href":"https:\/\/acuariosupremus.com\/index.php?rest_route=%2Fwp%2Fv2%2Fproduct_tag&post=14044"}],"curies":[{"name":"wp","href":"https:\/\/api.w.org\/{rel}","templated":true}]}}