{"id":14086,"date":"2025-05-26T13:49:15","date_gmt":"2025-05-26T19:49:15","guid":{"rendered":"https:\/\/acuariosupremus.com\/?post_type=product&#038;p=14086"},"modified":"2026-02-02T15:05:25","modified_gmt":"2026-02-02T21:05:25","slug":"juguete-de-caucho-hueso-spiky","status":"publish","type":"product","link":"https:\/\/acuariosupremus.com\/?product=juguete-de-caucho-hueso-spiky","title":{"rendered":"JUGUETE DE CAUCHO HUESO SPIKY"},"content":{"rendered":"<div id=\"tab-label-product.info.beneficios\" class=\"data item title active\" tabindex=\"0\" role=\"tab\" aria-labeledby=\"tab-label-product.info.beneficios-title\" data-role=\"collapsible\" data-collapsible=\"true\" aria-controls=\"product.info.beneficios\" aria-selected=\"true\" aria-expanded=\"true\">BENEFICIOS<\/div>\n<div id=\"product.info.beneficios\" class=\"data item content\" role=\"tabpanel\" data-role=\"content\" aria-labelledby=\"tab-label-product.info.beneficios\" aria-hidden=\"false\">\n<div class=\"product attribute beneficios\">\n<ul>\n<li class=\"value\">Ayuda a mantener limpios los dientes.<\/li>\n<li class=\"value\">El perro se distrae mientras aprende a controlar la mordida.<\/li>\n<li class=\"value\">El uso de juguetes masticables ayuda a evitar problemas de comportamiento al liberal el estr\u00e9s acumulado en la mand\u00edbula.<\/li>\n<li>Material lavable.<\/li>\n<\/ul>\n<p>Colores Surtidos.<\/p>\n<\/div>\n<\/div>\n","protected":false},"excerpt":{"rendered":"<p>Los juguetes Spiky de Fancy Pets est\u00e1n dise\u00f1ados especialmente para cachorros que est\u00e1n pasando por el proceso de dentici\u00f3n. Est\u00e1n hechos de material ligero y cuentan con protuberancias que ayudan a aliviar las molestias en las enc\u00edas del cachorro. Son ideales para su uso durante el juego y la masticaci\u00f3n, y pueden ayudar a prevenir que el cachorro muerda objetos no deseados en la casa. \u00a1Consigue uno para tu cachorro y observa c\u00f3mo disfrutan!<\/p>\n","protected":false},"featured_media":14087,"template":"","meta":[],"product_brand":[106],"product_cat":[73,77],"product_tag":[460,966,328],"class_list":{"0":"post-14086","1":"product","2":"type-product","3":"status-publish","4":"has-post-thumbnail","6":"product_brand-fancypets","7":"product_cat-perros","8":"product_cat-juguetes-perros","9":"product_tag-juguete-caucho","10":"product_tag-juguete-para-cachorros","11":"product_tag-juguete-para-perro","13":"first","14":"instock","15":"sale","16":"shipping-taxable","17":"purchasable","18":"product-type-simple"},"yoast_head":"<!-- This site is optimized with the Yoast SEO plugin v27.4 - https:\/\/yoast.com\/product\/yoast-seo-wordpress\/ -->\n<title>JUGUETE DE CAUCHO HUESO SPIKY | Acuario Supremus<\/title>\n<meta name=\"description\" content=\"Los juguetes Spiky est\u00e1n dise\u00f1ados especialmente para cachorros razas medianas que est\u00e1n pasando por el proceso de dentici\u00f3n, hechos de material ligero.\" \/>\n<meta name=\"robots\" content=\"index, follow, max-snippet:-1, max-image-preview:large, max-video-preview:-1\" \/>\n<link rel=\"canonical\" href=\"https:\/\/acuariosupremus.com\/?product=juguete-de-caucho-hueso-spiky\" \/>\n<meta property=\"og:locale\" content=\"es_MX\" \/>\n<meta property=\"og:type\" content=\"article\" \/>\n<meta property=\"og:title\" content=\"JUGUETE DE CAUCHO HUESO SPIKY | Acuario Supremus\" \/>\n<meta property=\"og:description\" content=\"Los juguetes Spiky est\u00e1n dise\u00f1ados especialmente para cachorros razas medianas que est\u00e1n pasando por el proceso de dentici\u00f3n, hechos de material ligero.\" \/>\n<meta property=\"og:url\" content=\"https:\/\/acuariosupremus.com\/?product=juguete-de-caucho-hueso-spiky\" \/>\n<meta property=\"og:site_name\" content=\"Acuario Supremus\" \/>\n<meta property=\"article:publisher\" content=\"https:\/\/www.facebook.com\/AcuarioSupremus\" \/>\n<meta property=\"article:modified_time\" content=\"2026-02-02T21:05:25+00:00\" \/>\n<meta property=\"og:image\" content=\"https:\/\/acuariosupremus.com\/wp-content\/uploads\/2025\/05\/FL8542.png\" \/>\n\t<meta property=\"og:image:width\" content=\"600\" \/>\n\t<meta property=\"og:image:height\" content=\"600\" \/>\n\t<meta property=\"og:image:type\" content=\"image\/png\" \/>\n<meta name=\"twitter:card\" content=\"summary_large_image\" \/>\n<meta name=\"twitter:site\" content=\"@AcuarioSupremus\" \/>\n<meta name=\"twitter:label1\" content=\"Tiempo de lectura\" \/>\n\t<meta name=\"twitter:data1\" content=\"1 minuto\" \/>\n<script type=\"application\/ld+json\" class=\"yoast-schema-graph\">{\"@context\":\"https:\\\/\\\/schema.org\",\"@graph\":[{\"@type\":\"WebPage\",\"@id\":\"https:\\\/\\\/acuariosupremus.com\\\/?product=juguete-de-caucho-hueso-spiky\",\"url\":\"https:\\\/\\\/acuariosupremus.com\\\/?product=juguete-de-caucho-hueso-spiky\",\"name\":\"JUGUETE DE CAUCHO HUESO SPIKY | Acuario Supremus\",\"isPartOf\":{\"@id\":\"https:\\\/\\\/acuariosupremus.com\\\/#website\"},\"primaryImageOfPage\":{\"@id\":\"https:\\\/\\\/acuariosupremus.com\\\/?product=juguete-de-caucho-hueso-spiky#primaryimage\"},\"image\":{\"@id\":\"https:\\\/\\\/acuariosupremus.com\\\/?product=juguete-de-caucho-hueso-spiky#primaryimage\"},\"thumbnailUrl\":\"https:\\\/\\\/acuariosupremus.com\\\/wp-content\\\/uploads\\\/2025\\\/05\\\/FL8542.png\",\"datePublished\":\"2025-05-26T19:49:15+00:00\",\"dateModified\":\"2026-02-02T21:05:25+00:00\",\"description\":\"Los juguetes Spiky est\u00e1n dise\u00f1ados especialmente para cachorros razas medianas que est\u00e1n pasando por el proceso de dentici\u00f3n, hechos de material ligero.\",\"breadcrumb\":{\"@id\":\"https:\\\/\\\/acuariosupremus.com\\\/?product=juguete-de-caucho-hueso-spiky#breadcrumb\"},\"inLanguage\":\"es\",\"potentialAction\":[{\"@type\":\"ReadAction\",\"target\":[\"https:\\\/\\\/acuariosupremus.com\\\/?product=juguete-de-caucho-hueso-spiky\"]}]},{\"@type\":\"ImageObject\",\"inLanguage\":\"es\",\"@id\":\"https:\\\/\\\/acuariosupremus.com\\\/?product=juguete-de-caucho-hueso-spiky#primaryimage\",\"url\":\"https:\\\/\\\/acuariosupremus.com\\\/wp-content\\\/uploads\\\/2025\\\/05\\\/FL8542.png\",\"contentUrl\":\"https:\\\/\\\/acuariosupremus.com\\\/wp-content\\\/uploads\\\/2025\\\/05\\\/FL8542.png\",\"width\":600,\"height\":600},{\"@type\":\"BreadcrumbList\",\"@id\":\"https:\\\/\\\/acuariosupremus.com\\\/?product=juguete-de-caucho-hueso-spiky#breadcrumb\",\"itemListElement\":[{\"@type\":\"ListItem\",\"position\":1,\"name\":\"Portada\",\"item\":\"https:\\\/\\\/acuariosupremus.com\\\/\"},{\"@type\":\"ListItem\",\"position\":2,\"name\":\"Tienda\",\"item\":\"https:\\\/\\\/acuariosupremus.com\\\/tienda\\\/\"},{\"@type\":\"ListItem\",\"position\":3,\"name\":\"JUGUETE DE CAUCHO HUESO SPIKY\"}]},{\"@type\":\"WebSite\",\"@id\":\"https:\\\/\\\/acuariosupremus.com\\\/#website\",\"url\":\"https:\\\/\\\/acuariosupremus.com\\\/\",\"name\":\"Acuario Supremus\",\"description\":\"Peces, Peceras y Mascotas.\",\"publisher\":{\"@id\":\"https:\\\/\\\/acuariosupremus.com\\\/#organization\"},\"potentialAction\":[{\"@type\":\"SearchAction\",\"target\":{\"@type\":\"EntryPoint\",\"urlTemplate\":\"https:\\\/\\\/acuariosupremus.com\\\/?s={search_term_string}\"},\"query-input\":{\"@type\":\"PropertyValueSpecification\",\"valueRequired\":true,\"valueName\":\"search_term_string\"}}],\"inLanguage\":\"es\"},{\"@type\":\"Organization\",\"@id\":\"https:\\\/\\\/acuariosupremus.com\\\/#organization\",\"name\":\"Acuario Supremus\",\"url\":\"https:\\\/\\\/acuariosupremus.com\\\/\",\"logo\":{\"@type\":\"ImageObject\",\"inLanguage\":\"es\",\"@id\":\"https:\\\/\\\/acuariosupremus.com\\\/#\\\/schema\\\/logo\\\/image\\\/\",\"url\":\"https:\\\/\\\/acuariosupremus.com\\\/wp-content\\\/uploads\\\/2021\\\/12\\\/cropped-logo_acuario_supremus_fn-2.png\",\"contentUrl\":\"https:\\\/\\\/acuariosupremus.com\\\/wp-content\\\/uploads\\\/2021\\\/12\\\/cropped-logo_acuario_supremus_fn-2.png\",\"width\":1000,\"height\":318,\"caption\":\"Acuario Supremus\"},\"image\":{\"@id\":\"https:\\\/\\\/acuariosupremus.com\\\/#\\\/schema\\\/logo\\\/image\\\/\"},\"sameAs\":[\"https:\\\/\\\/www.facebook.com\\\/AcuarioSupremus\",\"https:\\\/\\\/x.com\\\/AcuarioSupremus\",\"https:\\\/\\\/www.instagram.com\\\/acuariosupremus\\\/?hl=es\"]}]}<\/script>\n<!-- \/ Yoast SEO plugin. -->","yoast_head_json":{"title":"JUGUETE DE CAUCHO HUESO SPIKY | Acuario Supremus","description":"Los juguetes Spiky est\u00e1n dise\u00f1ados especialmente para cachorros razas medianas que est\u00e1n pasando por el proceso de dentici\u00f3n, hechos de material ligero.","robots":{"index":"index","follow":"follow","max-snippet":"max-snippet:-1","max-image-preview":"max-image-preview:large","max-video-preview":"max-video-preview:-1"},"canonical":"https:\/\/acuariosupremus.com\/?product=juguete-de-caucho-hueso-spiky","og_locale":"es_MX","og_type":"article","og_title":"JUGUETE DE CAUCHO HUESO SPIKY | Acuario Supremus","og_description":"Los juguetes Spiky est\u00e1n dise\u00f1ados especialmente para cachorros razas medianas que est\u00e1n pasando por el proceso de dentici\u00f3n, hechos de material ligero.","og_url":"https:\/\/acuariosupremus.com\/?product=juguete-de-caucho-hueso-spiky","og_site_name":"Acuario Supremus","article_publisher":"https:\/\/www.facebook.com\/AcuarioSupremus","article_modified_time":"2026-02-02T21:05:25+00:00","og_image":[{"width":600,"height":600,"url":"https:\/\/acuariosupremus.com\/wp-content\/uploads\/2025\/05\/FL8542.png","type":"image\/png"}],"twitter_card":"summary_large_image","twitter_site":"@AcuarioSupremus","twitter_misc":{"Tiempo de lectura":"1 minuto"},"schema":{"@context":"https:\/\/schema.org","@graph":[{"@type":"WebPage","@id":"https:\/\/acuariosupremus.com\/?product=juguete-de-caucho-hueso-spiky","url":"https:\/\/acuariosupremus.com\/?product=juguete-de-caucho-hueso-spiky","name":"JUGUETE DE CAUCHO HUESO SPIKY | Acuario Supremus","isPartOf":{"@id":"https:\/\/acuariosupremus.com\/#website"},"primaryImageOfPage":{"@id":"https:\/\/acuariosupremus.com\/?product=juguete-de-caucho-hueso-spiky#primaryimage"},"image":{"@id":"https:\/\/acuariosupremus.com\/?product=juguete-de-caucho-hueso-spiky#primaryimage"},"thumbnailUrl":"https:\/\/acuariosupremus.com\/wp-content\/uploads\/2025\/05\/FL8542.png","datePublished":"2025-05-26T19:49:15+00:00","dateModified":"2026-02-02T21:05:25+00:00","description":"Los juguetes Spiky est\u00e1n dise\u00f1ados especialmente para cachorros razas medianas que est\u00e1n pasando por el proceso de dentici\u00f3n, hechos de material ligero.","breadcrumb":{"@id":"https:\/\/acuariosupremus.com\/?product=juguete-de-caucho-hueso-spiky#breadcrumb"},"inLanguage":"es","potentialAction":[{"@type":"ReadAction","target":["https:\/\/acuariosupremus.com\/?product=juguete-de-caucho-hueso-spiky"]}]},{"@type":"ImageObject","inLanguage":"es","@id":"https:\/\/acuariosupremus.com\/?product=juguete-de-caucho-hueso-spiky#primaryimage","url":"https:\/\/acuariosupremus.com\/wp-content\/uploads\/2025\/05\/FL8542.png","contentUrl":"https:\/\/acuariosupremus.com\/wp-content\/uploads\/2025\/05\/FL8542.png","width":600,"height":600},{"@type":"BreadcrumbList","@id":"https:\/\/acuariosupremus.com\/?product=juguete-de-caucho-hueso-spiky#breadcrumb","itemListElement":[{"@type":"ListItem","position":1,"name":"Portada","item":"https:\/\/acuariosupremus.com\/"},{"@type":"ListItem","position":2,"name":"Tienda","item":"https:\/\/acuariosupremus.com\/tienda\/"},{"@type":"ListItem","position":3,"name":"JUGUETE DE CAUCHO HUESO SPIKY"}]},{"@type":"WebSite","@id":"https:\/\/acuariosupremus.com\/#website","url":"https:\/\/acuariosupremus.com\/","name":"Acuario Supremus","description":"Peces, Peceras y Mascotas.","publisher":{"@id":"https:\/\/acuariosupremus.com\/#organization"},"potentialAction":[{"@type":"SearchAction","target":{"@type":"EntryPoint","urlTemplate":"https:\/\/acuariosupremus.com\/?s={search_term_string}"},"query-input":{"@type":"PropertyValueSpecification","valueRequired":true,"valueName":"search_term_string"}}],"inLanguage":"es"},{"@type":"Organization","@id":"https:\/\/acuariosupremus.com\/#organization","name":"Acuario Supremus","url":"https:\/\/acuariosupremus.com\/","logo":{"@type":"ImageObject","inLanguage":"es","@id":"https:\/\/acuariosupremus.com\/#\/schema\/logo\/image\/","url":"https:\/\/acuariosupremus.com\/wp-content\/uploads\/2021\/12\/cropped-logo_acuario_supremus_fn-2.png","contentUrl":"https:\/\/acuariosupremus.com\/wp-content\/uploads\/2021\/12\/cropped-logo_acuario_supremus_fn-2.png","width":1000,"height":318,"caption":"Acuario Supremus"},"image":{"@id":"https:\/\/acuariosupremus.com\/#\/schema\/logo\/image\/"},"sameAs":["https:\/\/www.facebook.com\/AcuarioSupremus","https:\/\/x.com\/AcuarioSupremus","https:\/\/www.instagram.com\/acuariosupremus\/?hl=es"]}]}},"jetpack_sharing_enabled":true,"_links":{"self":[{"href":"https:\/\/acuariosupremus.com\/index.php?rest_route=\/wp\/v2\/product\/14086","targetHints":{"allow":["GET"]}}],"collection":[{"href":"https:\/\/acuariosupremus.com\/index.php?rest_route=\/wp\/v2\/product"}],"about":[{"href":"https:\/\/acuariosupremus.com\/index.php?rest_route=\/wp\/v2\/types\/product"}],"wp:featuredmedia":[{"embeddable":true,"href":"https:\/\/acuariosupremus.com\/index.php?rest_route=\/wp\/v2\/media\/14087"}],"wp:attachment":[{"href":"https:\/\/acuariosupremus.com\/index.php?rest_route=%2Fwp%2Fv2%2Fmedia&parent=14086"}],"wp:term":[{"taxonomy":"product_brand","embeddable":true,"href":"https:\/\/acuariosupremus.com\/index.php?rest_route=%2Fwp%2Fv2%2Fproduct_brand&post=14086"},{"taxonomy":"product_cat","embeddable":true,"href":"https:\/\/acuariosupremus.com\/index.php?rest_route=%2Fwp%2Fv2%2Fproduct_cat&post=14086"},{"taxonomy":"product_tag","embeddable":true,"href":"https:\/\/acuariosupremus.com\/index.php?rest_route=%2Fwp%2Fv2%2Fproduct_tag&post=14086"}],"curies":[{"name":"wp","href":"https:\/\/api.w.org\/{rel}","templated":true}]}}