{"id":14179,"date":"2025-05-26T14:52:34","date_gmt":"2025-05-26T20:52:34","guid":{"rendered":"https:\/\/acuariosupremus.com\/?post_type=product&#038;p=14179"},"modified":"2026-04-23T14:31:27","modified_gmt":"2026-04-23T20:31:27","slug":"calentador-con-termostato-thermal-balance-300w","status":"publish","type":"product","link":"https:\/\/acuariosupremus.com\/?product=calentador-con-termostato-thermal-balance-300w","title":{"rendered":"CALENTADOR CON TERMOSTATO THERMAL-BALANCE 300W."},"content":{"rendered":"<div id=\"tab-label-product.info.ingredientes.modo.de.uso\" class=\"data item title active\" tabindex=\"0\" role=\"tab\" aria-labeledby=\"tab-label-product.info.ingredientes.modo.de.uso-title\" data-role=\"collapsible\" data-collapsible=\"true\" aria-controls=\"product.info.ingredientes.modo.de.uso\" aria-selected=\"true\" aria-expanded=\"true\">MODO DE USO \/ PRECAUCIONES Y ADVERTENCIAS<\/div>\n<div id=\"product.info.ingredientes.modo.de.uso\" class=\"data item content\" role=\"tabpanel\" data-role=\"content\" aria-labelledby=\"tab-label-product.info.ingredientes.modo.de.uso\" aria-hidden=\"false\">\n<div class=\"product attribute modo_de_uso_precuaciones_y_adv\">\n<div class=\"value\">No conecte el calentador mientras se encuentra fuera del agua. Despu\u00e9s de instalarlo en el acuario, espere al menos 5 minutos antes de conectarlo a la corriente para permitir que el termostato se equilibre con la temperatura del agua. El nivel deber\u00e1 mantenerse sobre la l\u00ednea de nivel m\u00ednimo marcada en el calentador. Para evitar una ruptura por choque t\u00e9rmico desconecte el calentador al menos 10 minutos antes de sacarlo del agua. El cable de este aparato no puede ser sustituido o reparado. Si el cable se llagar\u00e1 a da\u00f1ar, el calentador deber\u00e1 ser reemplazado. Debido a la posibilidad de una descarga el\u00e9ctrica, este calentador, o cualquier equipo el\u00e9ctrico que \u00e9ste en contacto con el agua, deber\u00e1 ser desconectado antes de dar servicio al acuario. Este calentador el\u00e9ctrico est\u00e1 dise\u00f1ado para operar en acuarios bajo techo. No se utilice a la intemperie o en instalaciones distintas a las mencionadas. El calentador deber\u00e1 colocarse en un \u00e1rea de la pecera con circulaci\u00f3n de agua. Si el movimiento del agua es insuficiente, el termostato no funcionar\u00e1 con precisi\u00f3n y la temperatura del acuario no ser\u00e1 uniforme. Elija la potencia correcta para el tama\u00f1o de su pecera. Por lo general, un watt por cada litro de agua del acuario deber\u00e1 ser suficiente.<\/div>\n<\/div>\n<\/div>\n","protected":false},"excerpt":{"rendered":"<p>El calentador sumergible Thermal Balance es la soluci\u00f3n ideal para mantener la temperatura perfecta en acuarios. Dise\u00f1ado con un n\u00facleo de cuarzo de alta tecnolog\u00eda, su cable t\u00e9rmico est\u00e1 envuelto por cuatro tubos de cuarzo, maximizando la conductividad t\u00e9rmica y asegurando una distribuci\u00f3n uniforme del calor. Su dise\u00f1o preciso y resistente lo convierte en una opci\u00f3n duradera y eficiente.Con un termostato integrado y una escala ajustable, garantiza un control exacto de la temperatura, encendiendo autom\u00e1ticamente cuando el agua desciende del nivel establecido y apag\u00e1ndose al alcanzar la temperatura deseada.<\/p>\n<div id=\"tab-label-product.info.beneficios\" class=\"data item title active\" tabindex=\"0\" role=\"tab\" aria-labeledby=\"tab-label-product.info.beneficios-title\" data-role=\"collapsible\" data-collapsible=\"true\" aria-controls=\"product.info.beneficios\" aria-selected=\"true\" aria-expanded=\"true\">BENEFICIOS<\/div>\n<div id=\"product.info.beneficios\" class=\"data item content\" role=\"tabpanel\" data-role=\"content\" aria-labelledby=\"tab-label-product.info.beneficios\" aria-hidden=\"false\">\n<div class=\"product attribute beneficios\">\n<div class=\"value\">N\u00facleo de cuarzo: Mejora la conductividad t\u00e9rmica para un calentamiento r\u00e1pido y uniforme.Alta resistencia al calor: Dise\u00f1ado para soportar condiciones extremas.Durabilidad: Resistente a impactos f\u00edsicos y a la corrosi\u00f3n.Eficiencia energ\u00e9tica: Calienta r\u00e1pidamente, ahorrando energ\u00eda.Regulaci\u00f3n precisa: Control exacto de la temperatura para un entorno estable.Termostato inteligente: Garantiza comodidad y seguridad, apag\u00e1ndose autom\u00e1ticamente al alcanzar la temperatura deseada.<\/div>\n<\/div>\n<\/div>\n","protected":false},"featured_media":14180,"template":"","meta":[],"product_brand":[105],"product_cat":[40,65],"product_tag":[246],"class_list":{"0":"post-14179","1":"product","2":"type-product","3":"status-publish","4":"has-post-thumbnail","6":"product_brand-lomas","7":"product_cat-peces","8":"product_cat-termostatos-y-calentadores","9":"product_tag-termostato-peces","11":"first","12":"instock","13":"sale","14":"shipping-taxable","15":"purchasable","16":"product-type-simple"},"yoast_head":"<!-- This site is optimized with the Yoast SEO plugin v27.4 - https:\/\/yoast.com\/product\/yoast-seo-wordpress\/ -->\n<title>CALENTADOR CON TERMOSTATO THERMAL-BALANCE 300W. | Acuario Supremus<\/title>\n<meta name=\"description\" content=\"Calentador con termostato sumergible THERMAL-BALANCE 300W ajustable para acuario de 310 litros, Escalas de temperatura de f\u00e1cil lectura.\" \/>\n<meta name=\"robots\" content=\"index, follow, max-snippet:-1, max-image-preview:large, max-video-preview:-1\" \/>\n<link rel=\"canonical\" href=\"https:\/\/acuariosupremus.com\/?product=calentador-con-termostato-thermal-balance-300w\" \/>\n<meta property=\"og:locale\" content=\"es_MX\" \/>\n<meta property=\"og:type\" content=\"article\" \/>\n<meta property=\"og:title\" content=\"CALENTADOR CON TERMOSTATO THERMAL-BALANCE 300W. | Acuario Supremus\" \/>\n<meta property=\"og:description\" content=\"Calentador con termostato sumergible THERMAL-BALANCE 300W ajustable para acuario de 310 litros, Escalas de temperatura de f\u00e1cil lectura.\" \/>\n<meta property=\"og:url\" content=\"https:\/\/acuariosupremus.com\/?product=calentador-con-termostato-thermal-balance-300w\" \/>\n<meta property=\"og:site_name\" content=\"Acuario Supremus\" \/>\n<meta property=\"article:publisher\" content=\"https:\/\/www.facebook.com\/AcuarioSupremus\" \/>\n<meta property=\"article:modified_time\" content=\"2026-04-23T20:31:27+00:00\" \/>\n<meta property=\"og:image\" content=\"https:\/\/acuariosupremus.com\/wp-content\/uploads\/2025\/05\/FL8598.png\" \/>\n\t<meta property=\"og:image:width\" content=\"1000\" \/>\n\t<meta property=\"og:image:height\" content=\"1000\" \/>\n\t<meta property=\"og:image:type\" content=\"image\/png\" \/>\n<meta name=\"twitter:card\" content=\"summary_large_image\" \/>\n<meta name=\"twitter:site\" content=\"@AcuarioSupremus\" \/>\n<meta name=\"twitter:label1\" content=\"Tiempo de lectura\" \/>\n\t<meta name=\"twitter:data1\" content=\"2 minutos\" \/>\n<script type=\"application\/ld+json\" class=\"yoast-schema-graph\">{\"@context\":\"https:\\\/\\\/schema.org\",\"@graph\":[{\"@type\":\"WebPage\",\"@id\":\"https:\\\/\\\/acuariosupremus.com\\\/?product=calentador-con-termostato-thermal-balance-300w\",\"url\":\"https:\\\/\\\/acuariosupremus.com\\\/?product=calentador-con-termostato-thermal-balance-300w\",\"name\":\"CALENTADOR CON TERMOSTATO THERMAL-BALANCE 300W. | Acuario Supremus\",\"isPartOf\":{\"@id\":\"https:\\\/\\\/acuariosupremus.com\\\/#website\"},\"primaryImageOfPage\":{\"@id\":\"https:\\\/\\\/acuariosupremus.com\\\/?product=calentador-con-termostato-thermal-balance-300w#primaryimage\"},\"image\":{\"@id\":\"https:\\\/\\\/acuariosupremus.com\\\/?product=calentador-con-termostato-thermal-balance-300w#primaryimage\"},\"thumbnailUrl\":\"https:\\\/\\\/acuariosupremus.com\\\/wp-content\\\/uploads\\\/2025\\\/05\\\/FL8598.png\",\"datePublished\":\"2025-05-26T20:52:34+00:00\",\"dateModified\":\"2026-04-23T20:31:27+00:00\",\"description\":\"Calentador con termostato sumergible THERMAL-BALANCE 300W ajustable para acuario de 310 litros, Escalas de temperatura de f\u00e1cil lectura.\",\"breadcrumb\":{\"@id\":\"https:\\\/\\\/acuariosupremus.com\\\/?product=calentador-con-termostato-thermal-balance-300w#breadcrumb\"},\"inLanguage\":\"es\",\"potentialAction\":[{\"@type\":\"ReadAction\",\"target\":[\"https:\\\/\\\/acuariosupremus.com\\\/?product=calentador-con-termostato-thermal-balance-300w\"]}]},{\"@type\":\"ImageObject\",\"inLanguage\":\"es\",\"@id\":\"https:\\\/\\\/acuariosupremus.com\\\/?product=calentador-con-termostato-thermal-balance-300w#primaryimage\",\"url\":\"https:\\\/\\\/acuariosupremus.com\\\/wp-content\\\/uploads\\\/2025\\\/05\\\/FL8598.png\",\"contentUrl\":\"https:\\\/\\\/acuariosupremus.com\\\/wp-content\\\/uploads\\\/2025\\\/05\\\/FL8598.png\",\"width\":1000,\"height\":1000},{\"@type\":\"BreadcrumbList\",\"@id\":\"https:\\\/\\\/acuariosupremus.com\\\/?product=calentador-con-termostato-thermal-balance-300w#breadcrumb\",\"itemListElement\":[{\"@type\":\"ListItem\",\"position\":1,\"name\":\"Portada\",\"item\":\"https:\\\/\\\/acuariosupremus.com\\\/\"},{\"@type\":\"ListItem\",\"position\":2,\"name\":\"Tienda\",\"item\":\"https:\\\/\\\/acuariosupremus.com\\\/tienda\\\/\"},{\"@type\":\"ListItem\",\"position\":3,\"name\":\"CALENTADOR CON TERMOSTATO THERMAL-BALANCE 300W.\"}]},{\"@type\":\"WebSite\",\"@id\":\"https:\\\/\\\/acuariosupremus.com\\\/#website\",\"url\":\"https:\\\/\\\/acuariosupremus.com\\\/\",\"name\":\"Acuario Supremus\",\"description\":\"Peces, Peceras y Mascotas.\",\"publisher\":{\"@id\":\"https:\\\/\\\/acuariosupremus.com\\\/#organization\"},\"potentialAction\":[{\"@type\":\"SearchAction\",\"target\":{\"@type\":\"EntryPoint\",\"urlTemplate\":\"https:\\\/\\\/acuariosupremus.com\\\/?s={search_term_string}\"},\"query-input\":{\"@type\":\"PropertyValueSpecification\",\"valueRequired\":true,\"valueName\":\"search_term_string\"}}],\"inLanguage\":\"es\"},{\"@type\":\"Organization\",\"@id\":\"https:\\\/\\\/acuariosupremus.com\\\/#organization\",\"name\":\"Acuario Supremus\",\"url\":\"https:\\\/\\\/acuariosupremus.com\\\/\",\"logo\":{\"@type\":\"ImageObject\",\"inLanguage\":\"es\",\"@id\":\"https:\\\/\\\/acuariosupremus.com\\\/#\\\/schema\\\/logo\\\/image\\\/\",\"url\":\"https:\\\/\\\/acuariosupremus.com\\\/wp-content\\\/uploads\\\/2021\\\/12\\\/cropped-logo_acuario_supremus_fn-2.png\",\"contentUrl\":\"https:\\\/\\\/acuariosupremus.com\\\/wp-content\\\/uploads\\\/2021\\\/12\\\/cropped-logo_acuario_supremus_fn-2.png\",\"width\":1000,\"height\":318,\"caption\":\"Acuario Supremus\"},\"image\":{\"@id\":\"https:\\\/\\\/acuariosupremus.com\\\/#\\\/schema\\\/logo\\\/image\\\/\"},\"sameAs\":[\"https:\\\/\\\/www.facebook.com\\\/AcuarioSupremus\",\"https:\\\/\\\/x.com\\\/AcuarioSupremus\",\"https:\\\/\\\/www.instagram.com\\\/acuariosupremus\\\/?hl=es\"]}]}<\/script>\n<!-- \/ Yoast SEO plugin. -->","yoast_head_json":{"title":"CALENTADOR CON TERMOSTATO THERMAL-BALANCE 300W. | Acuario Supremus","description":"Calentador con termostato sumergible THERMAL-BALANCE 300W ajustable para acuario de 310 litros, Escalas de temperatura de f\u00e1cil lectura.","robots":{"index":"index","follow":"follow","max-snippet":"max-snippet:-1","max-image-preview":"max-image-preview:large","max-video-preview":"max-video-preview:-1"},"canonical":"https:\/\/acuariosupremus.com\/?product=calentador-con-termostato-thermal-balance-300w","og_locale":"es_MX","og_type":"article","og_title":"CALENTADOR CON TERMOSTATO THERMAL-BALANCE 300W. | Acuario Supremus","og_description":"Calentador con termostato sumergible THERMAL-BALANCE 300W ajustable para acuario de 310 litros, Escalas de temperatura de f\u00e1cil lectura.","og_url":"https:\/\/acuariosupremus.com\/?product=calentador-con-termostato-thermal-balance-300w","og_site_name":"Acuario Supremus","article_publisher":"https:\/\/www.facebook.com\/AcuarioSupremus","article_modified_time":"2026-04-23T20:31:27+00:00","og_image":[{"width":1000,"height":1000,"url":"https:\/\/acuariosupremus.com\/wp-content\/uploads\/2025\/05\/FL8598.png","type":"image\/png"}],"twitter_card":"summary_large_image","twitter_site":"@AcuarioSupremus","twitter_misc":{"Tiempo de lectura":"2 minutos"},"schema":{"@context":"https:\/\/schema.org","@graph":[{"@type":"WebPage","@id":"https:\/\/acuariosupremus.com\/?product=calentador-con-termostato-thermal-balance-300w","url":"https:\/\/acuariosupremus.com\/?product=calentador-con-termostato-thermal-balance-300w","name":"CALENTADOR CON TERMOSTATO THERMAL-BALANCE 300W. | Acuario Supremus","isPartOf":{"@id":"https:\/\/acuariosupremus.com\/#website"},"primaryImageOfPage":{"@id":"https:\/\/acuariosupremus.com\/?product=calentador-con-termostato-thermal-balance-300w#primaryimage"},"image":{"@id":"https:\/\/acuariosupremus.com\/?product=calentador-con-termostato-thermal-balance-300w#primaryimage"},"thumbnailUrl":"https:\/\/acuariosupremus.com\/wp-content\/uploads\/2025\/05\/FL8598.png","datePublished":"2025-05-26T20:52:34+00:00","dateModified":"2026-04-23T20:31:27+00:00","description":"Calentador con termostato sumergible THERMAL-BALANCE 300W ajustable para acuario de 310 litros, Escalas de temperatura de f\u00e1cil lectura.","breadcrumb":{"@id":"https:\/\/acuariosupremus.com\/?product=calentador-con-termostato-thermal-balance-300w#breadcrumb"},"inLanguage":"es","potentialAction":[{"@type":"ReadAction","target":["https:\/\/acuariosupremus.com\/?product=calentador-con-termostato-thermal-balance-300w"]}]},{"@type":"ImageObject","inLanguage":"es","@id":"https:\/\/acuariosupremus.com\/?product=calentador-con-termostato-thermal-balance-300w#primaryimage","url":"https:\/\/acuariosupremus.com\/wp-content\/uploads\/2025\/05\/FL8598.png","contentUrl":"https:\/\/acuariosupremus.com\/wp-content\/uploads\/2025\/05\/FL8598.png","width":1000,"height":1000},{"@type":"BreadcrumbList","@id":"https:\/\/acuariosupremus.com\/?product=calentador-con-termostato-thermal-balance-300w#breadcrumb","itemListElement":[{"@type":"ListItem","position":1,"name":"Portada","item":"https:\/\/acuariosupremus.com\/"},{"@type":"ListItem","position":2,"name":"Tienda","item":"https:\/\/acuariosupremus.com\/tienda\/"},{"@type":"ListItem","position":3,"name":"CALENTADOR CON TERMOSTATO THERMAL-BALANCE 300W."}]},{"@type":"WebSite","@id":"https:\/\/acuariosupremus.com\/#website","url":"https:\/\/acuariosupremus.com\/","name":"Acuario Supremus","description":"Peces, Peceras y Mascotas.","publisher":{"@id":"https:\/\/acuariosupremus.com\/#organization"},"potentialAction":[{"@type":"SearchAction","target":{"@type":"EntryPoint","urlTemplate":"https:\/\/acuariosupremus.com\/?s={search_term_string}"},"query-input":{"@type":"PropertyValueSpecification","valueRequired":true,"valueName":"search_term_string"}}],"inLanguage":"es"},{"@type":"Organization","@id":"https:\/\/acuariosupremus.com\/#organization","name":"Acuario Supremus","url":"https:\/\/acuariosupremus.com\/","logo":{"@type":"ImageObject","inLanguage":"es","@id":"https:\/\/acuariosupremus.com\/#\/schema\/logo\/image\/","url":"https:\/\/acuariosupremus.com\/wp-content\/uploads\/2021\/12\/cropped-logo_acuario_supremus_fn-2.png","contentUrl":"https:\/\/acuariosupremus.com\/wp-content\/uploads\/2021\/12\/cropped-logo_acuario_supremus_fn-2.png","width":1000,"height":318,"caption":"Acuario Supremus"},"image":{"@id":"https:\/\/acuariosupremus.com\/#\/schema\/logo\/image\/"},"sameAs":["https:\/\/www.facebook.com\/AcuarioSupremus","https:\/\/x.com\/AcuarioSupremus","https:\/\/www.instagram.com\/acuariosupremus\/?hl=es"]}]}},"jetpack_sharing_enabled":true,"_links":{"self":[{"href":"https:\/\/acuariosupremus.com\/index.php?rest_route=\/wp\/v2\/product\/14179","targetHints":{"allow":["GET"]}}],"collection":[{"href":"https:\/\/acuariosupremus.com\/index.php?rest_route=\/wp\/v2\/product"}],"about":[{"href":"https:\/\/acuariosupremus.com\/index.php?rest_route=\/wp\/v2\/types\/product"}],"wp:featuredmedia":[{"embeddable":true,"href":"https:\/\/acuariosupremus.com\/index.php?rest_route=\/wp\/v2\/media\/14180"}],"wp:attachment":[{"href":"https:\/\/acuariosupremus.com\/index.php?rest_route=%2Fwp%2Fv2%2Fmedia&parent=14179"}],"wp:term":[{"taxonomy":"product_brand","embeddable":true,"href":"https:\/\/acuariosupremus.com\/index.php?rest_route=%2Fwp%2Fv2%2Fproduct_brand&post=14179"},{"taxonomy":"product_cat","embeddable":true,"href":"https:\/\/acuariosupremus.com\/index.php?rest_route=%2Fwp%2Fv2%2Fproduct_cat&post=14179"},{"taxonomy":"product_tag","embeddable":true,"href":"https:\/\/acuariosupremus.com\/index.php?rest_route=%2Fwp%2Fv2%2Fproduct_tag&post=14179"}],"curies":[{"name":"wp","href":"https:\/\/api.w.org\/{rel}","templated":true}]}}