{"id":14233,"date":"2025-05-26T19:27:09","date_gmt":"2025-05-27T01:27:09","guid":{"rendered":"https:\/\/acuariosupremus.com\/?post_type=product&#038;p=14233"},"modified":"2026-01-30T18:01:47","modified_gmt":"2026-01-31T00:01:47","slug":"arenero-cubierto-ch-gris-c-pala","status":"publish","type":"product","link":"https:\/\/acuariosupremus.com\/?product=arenero-cubierto-ch-gris-c-pala","title":{"rendered":"ARENERO CUBIERTO CH GRIS C\/PALA"},"content":{"rendered":"<div id=\"tab-label-product.info.beneficios\" class=\"data item title active\" tabindex=\"0\" role=\"tab\" aria-labeledby=\"tab-label-product.info.beneficios-title\" data-role=\"collapsible\" data-collapsible=\"true\" aria-controls=\"product.info.beneficios\" aria-selected=\"true\" aria-expanded=\"true\">BENEFICIOS<\/div>\n<div id=\"product.info.beneficios\" class=\"data item content\" role=\"tabpanel\" data-role=\"content\" aria-labelledby=\"tab-label-product.info.beneficios\" aria-hidden=\"false\">\n<div class=\"product attribute beneficios\">\n<div class=\"value\">Mayor higiene y control de olores: Su dise\u00f1o cerrado y el filtro de carb\u00f3n activado ayudan a reducir la dispersi\u00f3n de olores, manteniendo el ambiente fresco y limpio. Menos arena fuera del arenero: El escal\u00f3n limpia patitas minimiza la cantidad de arena que tu gato arrastra al salir, evitando suciedad en el hogar. Versatilidad y comodidad: Su tapa desmontable permite ajustar la altura del arenero seg\u00fan las preferencias de tu gato, brind\u00e1ndole un espacio c\u00f3modo y adaptable. F\u00e1cil acceso y limpieza: La puerta abatible facilita la entrada y salida del gato, mientras que su estructura desmontable y la pala incluida hacen m\u00e1s sencilla la limpieza diaria. Mayor privacidad para tu gato: Su dise\u00f1o cerrado ofrece un entorno seguro y tranquilo, ideal para gatos que prefieren hacer sus necesidades en un espacio discreto.<\/div>\n<\/div>\n<\/div>\n<p>Medidas:<br \/>\n<strong>33 cm x 35 cm x 50 cm<\/strong><\/p>\n","protected":false},"excerpt":{"rendered":"<p>Arenero dise\u00f1ado para brindarle la privacidad que tu gato requiere y reducir la dispersi\u00f3n de arena en el hogar. Su estructura de pl\u00e1stico resistente cuenta con una tapa desmontable, permitiendo usarlo completamente cerrado o con una apertura de altura media seg\u00fan las necesidades de tu felino. Cuenta con una puerta abatible que facilita el acceso y ayuda a contener los olores. Escal\u00f3n limpia patitas que reduce la arena esparcida fuera del arenero. Filtro de carb\u00f3n activado en el compartimiento de ventilaci\u00f3n para el control de olores. Incluye pala de pl\u00e1stico para una limpieza pr\u00e1ctica y r\u00e1pida.<\/p>\n","protected":false},"featured_media":14234,"template":"","meta":[],"product_brand":[106],"product_cat":[30,31],"product_tag":[303],"class_list":{"0":"post-14233","1":"product","2":"type-product","3":"status-publish","4":"has-post-thumbnail","6":"product_brand-fancypets","7":"product_cat-gatos","8":"product_cat-belleza-e-higiene","9":"product_tag-arenero-gato","11":"first","12":"instock","13":"sale","14":"shipping-taxable","15":"purchasable","16":"product-type-simple"},"yoast_head":"<!-- This site is optimized with the Yoast SEO plugin v27.4 - https:\/\/yoast.com\/product\/yoast-seo-wordpress\/ -->\n<title>ARENERO CUBIERTO CH GRIS C\/PALA | Acuario Supremus<\/title>\n<meta name=\"description\" content=\"Arenero y pala Gris CH dise\u00f1ado para brindarle la privacidad que tu gato requiere y reducir la dispersi\u00f3n de arena en el hogar, pl\u00e1stico resistente.\" \/>\n<meta name=\"robots\" content=\"index, follow, max-snippet:-1, max-image-preview:large, max-video-preview:-1\" \/>\n<link rel=\"canonical\" href=\"https:\/\/acuariosupremus.com\/?product=arenero-cubierto-ch-gris-c-pala\" \/>\n<meta property=\"og:locale\" content=\"es_MX\" \/>\n<meta property=\"og:type\" content=\"article\" \/>\n<meta property=\"og:title\" content=\"ARENERO CUBIERTO CH GRIS C\/PALA | Acuario Supremus\" \/>\n<meta property=\"og:description\" content=\"Arenero y pala Gris CH dise\u00f1ado para brindarle la privacidad que tu gato requiere y reducir la dispersi\u00f3n de arena en el hogar, pl\u00e1stico resistente.\" \/>\n<meta property=\"og:url\" content=\"https:\/\/acuariosupremus.com\/?product=arenero-cubierto-ch-gris-c-pala\" \/>\n<meta property=\"og:site_name\" content=\"Acuario Supremus\" \/>\n<meta property=\"article:publisher\" content=\"https:\/\/www.facebook.com\/AcuarioSupremus\" \/>\n<meta property=\"article:modified_time\" content=\"2026-01-31T00:01:47+00:00\" \/>\n<meta property=\"og:image\" content=\"https:\/\/acuariosupremus.com\/wp-content\/uploads\/2025\/05\/FL9074_B.png\" \/>\n\t<meta property=\"og:image:width\" content=\"1000\" \/>\n\t<meta property=\"og:image:height\" content=\"1000\" \/>\n\t<meta property=\"og:image:type\" content=\"image\/png\" \/>\n<meta name=\"twitter:card\" content=\"summary_large_image\" \/>\n<meta name=\"twitter:site\" content=\"@AcuarioSupremus\" \/>\n<meta name=\"twitter:label1\" content=\"Tiempo de lectura\" \/>\n\t<meta name=\"twitter:data1\" content=\"1 minuto\" \/>\n<script type=\"application\/ld+json\" class=\"yoast-schema-graph\">{\"@context\":\"https:\\\/\\\/schema.org\",\"@graph\":[{\"@type\":\"WebPage\",\"@id\":\"https:\\\/\\\/acuariosupremus.com\\\/?product=arenero-cubierto-ch-gris-c-pala\",\"url\":\"https:\\\/\\\/acuariosupremus.com\\\/?product=arenero-cubierto-ch-gris-c-pala\",\"name\":\"ARENERO CUBIERTO CH GRIS C\\\/PALA | Acuario Supremus\",\"isPartOf\":{\"@id\":\"https:\\\/\\\/acuariosupremus.com\\\/#website\"},\"primaryImageOfPage\":{\"@id\":\"https:\\\/\\\/acuariosupremus.com\\\/?product=arenero-cubierto-ch-gris-c-pala#primaryimage\"},\"image\":{\"@id\":\"https:\\\/\\\/acuariosupremus.com\\\/?product=arenero-cubierto-ch-gris-c-pala#primaryimage\"},\"thumbnailUrl\":\"https:\\\/\\\/acuariosupremus.com\\\/wp-content\\\/uploads\\\/2025\\\/05\\\/FL9074_B.png\",\"datePublished\":\"2025-05-27T01:27:09+00:00\",\"dateModified\":\"2026-01-31T00:01:47+00:00\",\"description\":\"Arenero y pala Gris CH dise\u00f1ado para brindarle la privacidad que tu gato requiere y reducir la dispersi\u00f3n de arena en el hogar, pl\u00e1stico resistente.\",\"breadcrumb\":{\"@id\":\"https:\\\/\\\/acuariosupremus.com\\\/?product=arenero-cubierto-ch-gris-c-pala#breadcrumb\"},\"inLanguage\":\"es\",\"potentialAction\":[{\"@type\":\"ReadAction\",\"target\":[\"https:\\\/\\\/acuariosupremus.com\\\/?product=arenero-cubierto-ch-gris-c-pala\"]}]},{\"@type\":\"ImageObject\",\"inLanguage\":\"es\",\"@id\":\"https:\\\/\\\/acuariosupremus.com\\\/?product=arenero-cubierto-ch-gris-c-pala#primaryimage\",\"url\":\"https:\\\/\\\/acuariosupremus.com\\\/wp-content\\\/uploads\\\/2025\\\/05\\\/FL9074_B.png\",\"contentUrl\":\"https:\\\/\\\/acuariosupremus.com\\\/wp-content\\\/uploads\\\/2025\\\/05\\\/FL9074_B.png\",\"width\":1000,\"height\":1000},{\"@type\":\"BreadcrumbList\",\"@id\":\"https:\\\/\\\/acuariosupremus.com\\\/?product=arenero-cubierto-ch-gris-c-pala#breadcrumb\",\"itemListElement\":[{\"@type\":\"ListItem\",\"position\":1,\"name\":\"Portada\",\"item\":\"https:\\\/\\\/acuariosupremus.com\\\/\"},{\"@type\":\"ListItem\",\"position\":2,\"name\":\"Tienda\",\"item\":\"https:\\\/\\\/acuariosupremus.com\\\/tienda\\\/\"},{\"@type\":\"ListItem\",\"position\":3,\"name\":\"ARENERO CUBIERTO CH GRIS C\\\/PALA\"}]},{\"@type\":\"WebSite\",\"@id\":\"https:\\\/\\\/acuariosupremus.com\\\/#website\",\"url\":\"https:\\\/\\\/acuariosupremus.com\\\/\",\"name\":\"Acuario Supremus\",\"description\":\"Peces, Peceras y Mascotas.\",\"publisher\":{\"@id\":\"https:\\\/\\\/acuariosupremus.com\\\/#organization\"},\"potentialAction\":[{\"@type\":\"SearchAction\",\"target\":{\"@type\":\"EntryPoint\",\"urlTemplate\":\"https:\\\/\\\/acuariosupremus.com\\\/?s={search_term_string}\"},\"query-input\":{\"@type\":\"PropertyValueSpecification\",\"valueRequired\":true,\"valueName\":\"search_term_string\"}}],\"inLanguage\":\"es\"},{\"@type\":\"Organization\",\"@id\":\"https:\\\/\\\/acuariosupremus.com\\\/#organization\",\"name\":\"Acuario Supremus\",\"url\":\"https:\\\/\\\/acuariosupremus.com\\\/\",\"logo\":{\"@type\":\"ImageObject\",\"inLanguage\":\"es\",\"@id\":\"https:\\\/\\\/acuariosupremus.com\\\/#\\\/schema\\\/logo\\\/image\\\/\",\"url\":\"https:\\\/\\\/acuariosupremus.com\\\/wp-content\\\/uploads\\\/2021\\\/12\\\/cropped-logo_acuario_supremus_fn-2.png\",\"contentUrl\":\"https:\\\/\\\/acuariosupremus.com\\\/wp-content\\\/uploads\\\/2021\\\/12\\\/cropped-logo_acuario_supremus_fn-2.png\",\"width\":1000,\"height\":318,\"caption\":\"Acuario Supremus\"},\"image\":{\"@id\":\"https:\\\/\\\/acuariosupremus.com\\\/#\\\/schema\\\/logo\\\/image\\\/\"},\"sameAs\":[\"https:\\\/\\\/www.facebook.com\\\/AcuarioSupremus\",\"https:\\\/\\\/x.com\\\/AcuarioSupremus\",\"https:\\\/\\\/www.instagram.com\\\/acuariosupremus\\\/?hl=es\"]}]}<\/script>\n<!-- \/ Yoast SEO plugin. -->","yoast_head_json":{"title":"ARENERO CUBIERTO CH GRIS C\/PALA | Acuario Supremus","description":"Arenero y pala Gris CH dise\u00f1ado para brindarle la privacidad que tu gato requiere y reducir la dispersi\u00f3n de arena en el hogar, pl\u00e1stico resistente.","robots":{"index":"index","follow":"follow","max-snippet":"max-snippet:-1","max-image-preview":"max-image-preview:large","max-video-preview":"max-video-preview:-1"},"canonical":"https:\/\/acuariosupremus.com\/?product=arenero-cubierto-ch-gris-c-pala","og_locale":"es_MX","og_type":"article","og_title":"ARENERO CUBIERTO CH GRIS C\/PALA | Acuario Supremus","og_description":"Arenero y pala Gris CH dise\u00f1ado para brindarle la privacidad que tu gato requiere y reducir la dispersi\u00f3n de arena en el hogar, pl\u00e1stico resistente.","og_url":"https:\/\/acuariosupremus.com\/?product=arenero-cubierto-ch-gris-c-pala","og_site_name":"Acuario Supremus","article_publisher":"https:\/\/www.facebook.com\/AcuarioSupremus","article_modified_time":"2026-01-31T00:01:47+00:00","og_image":[{"width":1000,"height":1000,"url":"https:\/\/acuariosupremus.com\/wp-content\/uploads\/2025\/05\/FL9074_B.png","type":"image\/png"}],"twitter_card":"summary_large_image","twitter_site":"@AcuarioSupremus","twitter_misc":{"Tiempo de lectura":"1 minuto"},"schema":{"@context":"https:\/\/schema.org","@graph":[{"@type":"WebPage","@id":"https:\/\/acuariosupremus.com\/?product=arenero-cubierto-ch-gris-c-pala","url":"https:\/\/acuariosupremus.com\/?product=arenero-cubierto-ch-gris-c-pala","name":"ARENERO CUBIERTO CH GRIS C\/PALA | Acuario Supremus","isPartOf":{"@id":"https:\/\/acuariosupremus.com\/#website"},"primaryImageOfPage":{"@id":"https:\/\/acuariosupremus.com\/?product=arenero-cubierto-ch-gris-c-pala#primaryimage"},"image":{"@id":"https:\/\/acuariosupremus.com\/?product=arenero-cubierto-ch-gris-c-pala#primaryimage"},"thumbnailUrl":"https:\/\/acuariosupremus.com\/wp-content\/uploads\/2025\/05\/FL9074_B.png","datePublished":"2025-05-27T01:27:09+00:00","dateModified":"2026-01-31T00:01:47+00:00","description":"Arenero y pala Gris CH dise\u00f1ado para brindarle la privacidad que tu gato requiere y reducir la dispersi\u00f3n de arena en el hogar, pl\u00e1stico resistente.","breadcrumb":{"@id":"https:\/\/acuariosupremus.com\/?product=arenero-cubierto-ch-gris-c-pala#breadcrumb"},"inLanguage":"es","potentialAction":[{"@type":"ReadAction","target":["https:\/\/acuariosupremus.com\/?product=arenero-cubierto-ch-gris-c-pala"]}]},{"@type":"ImageObject","inLanguage":"es","@id":"https:\/\/acuariosupremus.com\/?product=arenero-cubierto-ch-gris-c-pala#primaryimage","url":"https:\/\/acuariosupremus.com\/wp-content\/uploads\/2025\/05\/FL9074_B.png","contentUrl":"https:\/\/acuariosupremus.com\/wp-content\/uploads\/2025\/05\/FL9074_B.png","width":1000,"height":1000},{"@type":"BreadcrumbList","@id":"https:\/\/acuariosupremus.com\/?product=arenero-cubierto-ch-gris-c-pala#breadcrumb","itemListElement":[{"@type":"ListItem","position":1,"name":"Portada","item":"https:\/\/acuariosupremus.com\/"},{"@type":"ListItem","position":2,"name":"Tienda","item":"https:\/\/acuariosupremus.com\/tienda\/"},{"@type":"ListItem","position":3,"name":"ARENERO CUBIERTO CH GRIS C\/PALA"}]},{"@type":"WebSite","@id":"https:\/\/acuariosupremus.com\/#website","url":"https:\/\/acuariosupremus.com\/","name":"Acuario Supremus","description":"Peces, Peceras y Mascotas.","publisher":{"@id":"https:\/\/acuariosupremus.com\/#organization"},"potentialAction":[{"@type":"SearchAction","target":{"@type":"EntryPoint","urlTemplate":"https:\/\/acuariosupremus.com\/?s={search_term_string}"},"query-input":{"@type":"PropertyValueSpecification","valueRequired":true,"valueName":"search_term_string"}}],"inLanguage":"es"},{"@type":"Organization","@id":"https:\/\/acuariosupremus.com\/#organization","name":"Acuario Supremus","url":"https:\/\/acuariosupremus.com\/","logo":{"@type":"ImageObject","inLanguage":"es","@id":"https:\/\/acuariosupremus.com\/#\/schema\/logo\/image\/","url":"https:\/\/acuariosupremus.com\/wp-content\/uploads\/2021\/12\/cropped-logo_acuario_supremus_fn-2.png","contentUrl":"https:\/\/acuariosupremus.com\/wp-content\/uploads\/2021\/12\/cropped-logo_acuario_supremus_fn-2.png","width":1000,"height":318,"caption":"Acuario Supremus"},"image":{"@id":"https:\/\/acuariosupremus.com\/#\/schema\/logo\/image\/"},"sameAs":["https:\/\/www.facebook.com\/AcuarioSupremus","https:\/\/x.com\/AcuarioSupremus","https:\/\/www.instagram.com\/acuariosupremus\/?hl=es"]}]}},"jetpack_sharing_enabled":true,"_links":{"self":[{"href":"https:\/\/acuariosupremus.com\/index.php?rest_route=\/wp\/v2\/product\/14233","targetHints":{"allow":["GET"]}}],"collection":[{"href":"https:\/\/acuariosupremus.com\/index.php?rest_route=\/wp\/v2\/product"}],"about":[{"href":"https:\/\/acuariosupremus.com\/index.php?rest_route=\/wp\/v2\/types\/product"}],"wp:featuredmedia":[{"embeddable":true,"href":"https:\/\/acuariosupremus.com\/index.php?rest_route=\/wp\/v2\/media\/14234"}],"wp:attachment":[{"href":"https:\/\/acuariosupremus.com\/index.php?rest_route=%2Fwp%2Fv2%2Fmedia&parent=14233"}],"wp:term":[{"taxonomy":"product_brand","embeddable":true,"href":"https:\/\/acuariosupremus.com\/index.php?rest_route=%2Fwp%2Fv2%2Fproduct_brand&post=14233"},{"taxonomy":"product_cat","embeddable":true,"href":"https:\/\/acuariosupremus.com\/index.php?rest_route=%2Fwp%2Fv2%2Fproduct_cat&post=14233"},{"taxonomy":"product_tag","embeddable":true,"href":"https:\/\/acuariosupremus.com\/index.php?rest_route=%2Fwp%2Fv2%2Fproduct_tag&post=14233"}],"curies":[{"name":"wp","href":"https:\/\/api.w.org\/{rel}","templated":true}]}}