{"id":14311,"date":"2025-05-27T14:13:42","date_gmt":"2025-05-27T20:13:42","guid":{"rendered":"https:\/\/acuariosupremus.com\/?post_type=product&#038;p=14311"},"modified":"2026-03-11T16:09:28","modified_gmt":"2026-03-11T22:09:28","slug":"yummy-creamy-p-gato-pescado-y-camaron","status":"publish","type":"product","link":"https:\/\/acuariosupremus.com\/?product=yummy-creamy-p-gato-pescado-y-camaron","title":{"rendered":"YUMMY CREAMY P\/GATO PESCADO Y CAMARON"},"content":{"rendered":"<div id=\"product.info.beneficios\" class=\"data item content\" role=\"tabpanel\" data-role=\"content\" aria-labelledby=\"tab-label-product.info.beneficios\" aria-hidden=\"false\">\n<div class=\"product attribute beneficios\">\n<div class=\"value\">MODO DE USO \/ PRECAUCIONES Y ADVERTENCIAS<\/div>\n<div>\n<div id=\"product.info.ingredientes.modo.de.uso\" class=\"data item content\" role=\"tabpanel\" data-role=\"content\" aria-labelledby=\"tab-label-product.info.ingredientes.modo.de.uso\" aria-hidden=\"false\">\n<div class=\"product attribute modo_de_uso_precuaciones_y_adv\">\n<div class=\"value\">Premio cremoso para gatos de cualquier tipo de raza y mayores de 6 meses de edad. DOSIS: De 3 tubos hasta m\u00e1ximo 6 tubos por d\u00eda, dependido del peso y la actividad de los gatos o lo que el medico veterinario indique. V\u00eda de administraci\u00f3n oral. ADVERTENCIAS: No etiquetado para su venta individual. Utilizas \u00fanicamente para consentir a la mascota. No sustituye el alimento balanceado. Despu\u00e9s de abrir el tubo, administrar completamente. Si queda producto en el tubo, refrigerar de 4\u00b0 a 8\u00b0 C por 24 hr. Pasado ese tipo, desechar el producto. Si el producto cambia de aspecto, color y olor, no se administre al felino. El producto no debe consumirse despu\u00e9s de la fecha de caducidad. Cons\u00e9rvese en un lugar fresco y seco. No exponga a la acci\u00f3n directa de la luz solar y condiciones clim\u00e1ticas adversas. CONSULTE A SU MEDICO VETERINARIO. El uso de este producto es responsabilidad del due\u00f1o de la mascota. Ofrezca bajo supervisi\u00f3n.<\/div>\n<div>\n<div id=\"tab-label-product.info.ingredientes.formulacion\" class=\"data item title active\" tabindex=\"0\" role=\"tab\" aria-labeledby=\"tab-label-product.info.ingredientes.formulacion-title\" data-role=\"collapsible\" data-collapsible=\"true\" aria-controls=\"product.info.ingredientes.formulacion\" aria-selected=\"true\" aria-expanded=\"true\">INGREDIENTES\/FORMULACI\u00d3N<\/div>\n<div id=\"product.info.ingredientes.formulacion\" class=\"data item content\" role=\"tabpanel\" data-role=\"content\" aria-labelledby=\"tab-label-product.info.ingredientes.formulacion\" aria-hidden=\"false\">\n<div class=\"product attribute ingredientes_formulacion\">\n<div class=\"value\">Agua, salm\u00f3n, almid\u00f3n de tapioca, aceite de pescado, extracto de levadura, goma guar, taurina.Prote\u00edna min: 8%Grasa cruda: 0.5%Fibra m\u00e1x: 2%Ceniza m\u00e1x: 2%Humedad m\u00e1x: 85%<\/div>\n<\/div>\n<\/div>\n<\/div>\n<div><strong>Contenido neto:\u00a0 56 gr4 tubos de 14 gr c\/u<\/strong><\/div>\n<\/div>\n<\/div>\n<\/div>\n<\/div>\n<\/div>\n","protected":false},"excerpt":{"rendered":"<p>Consiente a tu gato con Yummy Creamy, la l\u00ednea de premios cremosos dise\u00f1ados para deleitar su paladar y complementar su alimentaci\u00f3n de manera saludable. Su textura suave y cremosa los hace irresistibles, ideales para ofrecer directamente desde el sobre, en el plato o como complemento al alimento seco.<\/p>\n<div id=\"tab-label-product.info.beneficios\" class=\"data item title active\" tabindex=\"0\" role=\"tab\" aria-labeledby=\"tab-label-product.info.beneficios-title\" data-role=\"collapsible\" data-collapsible=\"true\" aria-controls=\"product.info.beneficios\" aria-selected=\"true\" aria-expanded=\"true\">BENEFICIOS<\/div>\n<div id=\"product.info.beneficios\" class=\"data item content\" role=\"tabpanel\" data-role=\"content\" aria-labelledby=\"tab-label-product.info.beneficios\" aria-hidden=\"false\">\n<div class=\"product attribute beneficios\">\n<div class=\"value\">Fuente de prote\u00edna de alta calidad: El salm\u00f3n es una excelente fuente de prote\u00ednas esenciales para el desarrollo y mantenimiento de la masa muscular en gatos. Rico en \u00e1cidos grados Omega 3: El aceite de pescado y el salm\u00f3n aportan DHA y EPA, que favorecen la salud de la piel, el pelaje y las articulaciones. Favorece el sistema inmunol\u00f3gico: El extracto de levadura contiene betaglucanos, que ayudan a fortalecer las defensas naturales del gato. Digesti\u00f3n saludable: La goma guar y el almid\u00f3n de tapioca facilitan el tr\u00e1nsito intestinal y ayudan a fortalecer las defensas naturales del gato. Digesti\u00f3n saludable: La goma guar y el almid\u00f3n de tapioca facilitan el transito intestinal y ayudan a mejorar la absorci\u00f3n de nutrientes. Salud cardiaca y ocular: La taurina es un amino\u00e1cido vital para el correcto funcionamiento del coraz\u00f3n y la visi\u00f3n de los gatos.<\/div>\n<\/div>\n<\/div>\n","protected":false},"featured_media":14312,"template":"","meta":[],"product_brand":[106],"product_cat":[30,35],"product_tag":[336,481,968],"class_list":{"0":"post-14311","1":"product","2":"type-product","3":"status-publish","4":"has-post-thumbnail","6":"product_brand-fancypets","7":"product_cat-gatos","8":"product_cat-nutricion-gatos","9":"product_tag-premios-para-gatos","10":"product_tag-premios-yummy","11":"product_tag-yummy-creamy-gatos","13":"first","14":"instock","15":"sale","16":"shipping-taxable","17":"purchasable","18":"product-type-simple"},"yoast_head":"<!-- This site is optimized with the Yoast SEO plugin v27.4 - https:\/\/yoast.com\/product\/yoast-seo-wordpress\/ -->\n<title>YUMMY CREAMY P\/GATO PESCADO Y CAMARON | Acuario Supremus<\/title>\n<meta name=\"description\" content=\"Consiente a tu gato con Yummy Pescado y Camar\u00f3n premios cremosos dise\u00f1ados para deleitar su paladar y complementar su alimentaci\u00f3n de manera saludable.\" \/>\n<meta name=\"robots\" content=\"index, follow, max-snippet:-1, max-image-preview:large, max-video-preview:-1\" \/>\n<link rel=\"canonical\" href=\"https:\/\/acuariosupremus.com\/?product=yummy-creamy-p-gato-pescado-y-camaron\" \/>\n<meta property=\"og:locale\" content=\"es_MX\" \/>\n<meta property=\"og:type\" content=\"article\" \/>\n<meta property=\"og:title\" content=\"YUMMY CREAMY P\/GATO PESCADO Y CAMARON | Acuario Supremus\" \/>\n<meta property=\"og:description\" content=\"Consiente a tu gato con Yummy Pescado y Camar\u00f3n premios cremosos dise\u00f1ados para deleitar su paladar y complementar su alimentaci\u00f3n de manera saludable.\" \/>\n<meta property=\"og:url\" content=\"https:\/\/acuariosupremus.com\/?product=yummy-creamy-p-gato-pescado-y-camaron\" \/>\n<meta property=\"og:site_name\" content=\"Acuario Supremus\" \/>\n<meta property=\"article:publisher\" content=\"https:\/\/www.facebook.com\/AcuarioSupremus\" \/>\n<meta property=\"article:modified_time\" content=\"2026-03-11T22:09:28+00:00\" \/>\n<meta property=\"og:image\" content=\"https:\/\/acuariosupremus.com\/wp-content\/uploads\/2025\/05\/FL9203.png\" \/>\n\t<meta property=\"og:image:width\" content=\"1000\" \/>\n\t<meta property=\"og:image:height\" content=\"1000\" \/>\n\t<meta property=\"og:image:type\" content=\"image\/png\" \/>\n<meta name=\"twitter:card\" content=\"summary_large_image\" \/>\n<meta name=\"twitter:site\" content=\"@AcuarioSupremus\" \/>\n<meta name=\"twitter:label1\" content=\"Tiempo de lectura\" \/>\n\t<meta name=\"twitter:data1\" content=\"2 minutos\" \/>\n<script type=\"application\/ld+json\" class=\"yoast-schema-graph\">{\"@context\":\"https:\\\/\\\/schema.org\",\"@graph\":[{\"@type\":\"WebPage\",\"@id\":\"https:\\\/\\\/acuariosupremus.com\\\/?product=yummy-creamy-p-gato-pescado-y-camaron\",\"url\":\"https:\\\/\\\/acuariosupremus.com\\\/?product=yummy-creamy-p-gato-pescado-y-camaron\",\"name\":\"YUMMY CREAMY P\\\/GATO PESCADO Y CAMARON | Acuario Supremus\",\"isPartOf\":{\"@id\":\"https:\\\/\\\/acuariosupremus.com\\\/#website\"},\"primaryImageOfPage\":{\"@id\":\"https:\\\/\\\/acuariosupremus.com\\\/?product=yummy-creamy-p-gato-pescado-y-camaron#primaryimage\"},\"image\":{\"@id\":\"https:\\\/\\\/acuariosupremus.com\\\/?product=yummy-creamy-p-gato-pescado-y-camaron#primaryimage\"},\"thumbnailUrl\":\"https:\\\/\\\/acuariosupremus.com\\\/wp-content\\\/uploads\\\/2025\\\/05\\\/FL9203.png\",\"datePublished\":\"2025-05-27T20:13:42+00:00\",\"dateModified\":\"2026-03-11T22:09:28+00:00\",\"description\":\"Consiente a tu gato con Yummy Pescado y Camar\u00f3n premios cremosos dise\u00f1ados para deleitar su paladar y complementar su alimentaci\u00f3n de manera saludable.\",\"breadcrumb\":{\"@id\":\"https:\\\/\\\/acuariosupremus.com\\\/?product=yummy-creamy-p-gato-pescado-y-camaron#breadcrumb\"},\"inLanguage\":\"es\",\"potentialAction\":[{\"@type\":\"ReadAction\",\"target\":[\"https:\\\/\\\/acuariosupremus.com\\\/?product=yummy-creamy-p-gato-pescado-y-camaron\"]}]},{\"@type\":\"ImageObject\",\"inLanguage\":\"es\",\"@id\":\"https:\\\/\\\/acuariosupremus.com\\\/?product=yummy-creamy-p-gato-pescado-y-camaron#primaryimage\",\"url\":\"https:\\\/\\\/acuariosupremus.com\\\/wp-content\\\/uploads\\\/2025\\\/05\\\/FL9203.png\",\"contentUrl\":\"https:\\\/\\\/acuariosupremus.com\\\/wp-content\\\/uploads\\\/2025\\\/05\\\/FL9203.png\",\"width\":1000,\"height\":1000},{\"@type\":\"BreadcrumbList\",\"@id\":\"https:\\\/\\\/acuariosupremus.com\\\/?product=yummy-creamy-p-gato-pescado-y-camaron#breadcrumb\",\"itemListElement\":[{\"@type\":\"ListItem\",\"position\":1,\"name\":\"Portada\",\"item\":\"https:\\\/\\\/acuariosupremus.com\\\/\"},{\"@type\":\"ListItem\",\"position\":2,\"name\":\"Tienda\",\"item\":\"https:\\\/\\\/acuariosupremus.com\\\/tienda\\\/\"},{\"@type\":\"ListItem\",\"position\":3,\"name\":\"YUMMY CREAMY P\\\/GATO PESCADO Y CAMARON\"}]},{\"@type\":\"WebSite\",\"@id\":\"https:\\\/\\\/acuariosupremus.com\\\/#website\",\"url\":\"https:\\\/\\\/acuariosupremus.com\\\/\",\"name\":\"Acuario Supremus\",\"description\":\"Peces, Peceras y Mascotas.\",\"publisher\":{\"@id\":\"https:\\\/\\\/acuariosupremus.com\\\/#organization\"},\"potentialAction\":[{\"@type\":\"SearchAction\",\"target\":{\"@type\":\"EntryPoint\",\"urlTemplate\":\"https:\\\/\\\/acuariosupremus.com\\\/?s={search_term_string}\"},\"query-input\":{\"@type\":\"PropertyValueSpecification\",\"valueRequired\":true,\"valueName\":\"search_term_string\"}}],\"inLanguage\":\"es\"},{\"@type\":\"Organization\",\"@id\":\"https:\\\/\\\/acuariosupremus.com\\\/#organization\",\"name\":\"Acuario Supremus\",\"url\":\"https:\\\/\\\/acuariosupremus.com\\\/\",\"logo\":{\"@type\":\"ImageObject\",\"inLanguage\":\"es\",\"@id\":\"https:\\\/\\\/acuariosupremus.com\\\/#\\\/schema\\\/logo\\\/image\\\/\",\"url\":\"https:\\\/\\\/acuariosupremus.com\\\/wp-content\\\/uploads\\\/2021\\\/12\\\/cropped-logo_acuario_supremus_fn-2.png\",\"contentUrl\":\"https:\\\/\\\/acuariosupremus.com\\\/wp-content\\\/uploads\\\/2021\\\/12\\\/cropped-logo_acuario_supremus_fn-2.png\",\"width\":1000,\"height\":318,\"caption\":\"Acuario Supremus\"},\"image\":{\"@id\":\"https:\\\/\\\/acuariosupremus.com\\\/#\\\/schema\\\/logo\\\/image\\\/\"},\"sameAs\":[\"https:\\\/\\\/www.facebook.com\\\/AcuarioSupremus\",\"https:\\\/\\\/x.com\\\/AcuarioSupremus\",\"https:\\\/\\\/www.instagram.com\\\/acuariosupremus\\\/?hl=es\"]}]}<\/script>\n<!-- \/ Yoast SEO plugin. -->","yoast_head_json":{"title":"YUMMY CREAMY P\/GATO PESCADO Y CAMARON | Acuario Supremus","description":"Consiente a tu gato con Yummy Pescado y Camar\u00f3n premios cremosos dise\u00f1ados para deleitar su paladar y complementar su alimentaci\u00f3n de manera saludable.","robots":{"index":"index","follow":"follow","max-snippet":"max-snippet:-1","max-image-preview":"max-image-preview:large","max-video-preview":"max-video-preview:-1"},"canonical":"https:\/\/acuariosupremus.com\/?product=yummy-creamy-p-gato-pescado-y-camaron","og_locale":"es_MX","og_type":"article","og_title":"YUMMY CREAMY P\/GATO PESCADO Y CAMARON | Acuario Supremus","og_description":"Consiente a tu gato con Yummy Pescado y Camar\u00f3n premios cremosos dise\u00f1ados para deleitar su paladar y complementar su alimentaci\u00f3n de manera saludable.","og_url":"https:\/\/acuariosupremus.com\/?product=yummy-creamy-p-gato-pescado-y-camaron","og_site_name":"Acuario Supremus","article_publisher":"https:\/\/www.facebook.com\/AcuarioSupremus","article_modified_time":"2026-03-11T22:09:28+00:00","og_image":[{"width":1000,"height":1000,"url":"https:\/\/acuariosupremus.com\/wp-content\/uploads\/2025\/05\/FL9203.png","type":"image\/png"}],"twitter_card":"summary_large_image","twitter_site":"@AcuarioSupremus","twitter_misc":{"Tiempo de lectura":"2 minutos"},"schema":{"@context":"https:\/\/schema.org","@graph":[{"@type":"WebPage","@id":"https:\/\/acuariosupremus.com\/?product=yummy-creamy-p-gato-pescado-y-camaron","url":"https:\/\/acuariosupremus.com\/?product=yummy-creamy-p-gato-pescado-y-camaron","name":"YUMMY CREAMY P\/GATO PESCADO Y CAMARON | Acuario Supremus","isPartOf":{"@id":"https:\/\/acuariosupremus.com\/#website"},"primaryImageOfPage":{"@id":"https:\/\/acuariosupremus.com\/?product=yummy-creamy-p-gato-pescado-y-camaron#primaryimage"},"image":{"@id":"https:\/\/acuariosupremus.com\/?product=yummy-creamy-p-gato-pescado-y-camaron#primaryimage"},"thumbnailUrl":"https:\/\/acuariosupremus.com\/wp-content\/uploads\/2025\/05\/FL9203.png","datePublished":"2025-05-27T20:13:42+00:00","dateModified":"2026-03-11T22:09:28+00:00","description":"Consiente a tu gato con Yummy Pescado y Camar\u00f3n premios cremosos dise\u00f1ados para deleitar su paladar y complementar su alimentaci\u00f3n de manera saludable.","breadcrumb":{"@id":"https:\/\/acuariosupremus.com\/?product=yummy-creamy-p-gato-pescado-y-camaron#breadcrumb"},"inLanguage":"es","potentialAction":[{"@type":"ReadAction","target":["https:\/\/acuariosupremus.com\/?product=yummy-creamy-p-gato-pescado-y-camaron"]}]},{"@type":"ImageObject","inLanguage":"es","@id":"https:\/\/acuariosupremus.com\/?product=yummy-creamy-p-gato-pescado-y-camaron#primaryimage","url":"https:\/\/acuariosupremus.com\/wp-content\/uploads\/2025\/05\/FL9203.png","contentUrl":"https:\/\/acuariosupremus.com\/wp-content\/uploads\/2025\/05\/FL9203.png","width":1000,"height":1000},{"@type":"BreadcrumbList","@id":"https:\/\/acuariosupremus.com\/?product=yummy-creamy-p-gato-pescado-y-camaron#breadcrumb","itemListElement":[{"@type":"ListItem","position":1,"name":"Portada","item":"https:\/\/acuariosupremus.com\/"},{"@type":"ListItem","position":2,"name":"Tienda","item":"https:\/\/acuariosupremus.com\/tienda\/"},{"@type":"ListItem","position":3,"name":"YUMMY CREAMY P\/GATO PESCADO Y CAMARON"}]},{"@type":"WebSite","@id":"https:\/\/acuariosupremus.com\/#website","url":"https:\/\/acuariosupremus.com\/","name":"Acuario Supremus","description":"Peces, Peceras y Mascotas.","publisher":{"@id":"https:\/\/acuariosupremus.com\/#organization"},"potentialAction":[{"@type":"SearchAction","target":{"@type":"EntryPoint","urlTemplate":"https:\/\/acuariosupremus.com\/?s={search_term_string}"},"query-input":{"@type":"PropertyValueSpecification","valueRequired":true,"valueName":"search_term_string"}}],"inLanguage":"es"},{"@type":"Organization","@id":"https:\/\/acuariosupremus.com\/#organization","name":"Acuario Supremus","url":"https:\/\/acuariosupremus.com\/","logo":{"@type":"ImageObject","inLanguage":"es","@id":"https:\/\/acuariosupremus.com\/#\/schema\/logo\/image\/","url":"https:\/\/acuariosupremus.com\/wp-content\/uploads\/2021\/12\/cropped-logo_acuario_supremus_fn-2.png","contentUrl":"https:\/\/acuariosupremus.com\/wp-content\/uploads\/2021\/12\/cropped-logo_acuario_supremus_fn-2.png","width":1000,"height":318,"caption":"Acuario Supremus"},"image":{"@id":"https:\/\/acuariosupremus.com\/#\/schema\/logo\/image\/"},"sameAs":["https:\/\/www.facebook.com\/AcuarioSupremus","https:\/\/x.com\/AcuarioSupremus","https:\/\/www.instagram.com\/acuariosupremus\/?hl=es"]}]}},"jetpack_sharing_enabled":true,"_links":{"self":[{"href":"https:\/\/acuariosupremus.com\/index.php?rest_route=\/wp\/v2\/product\/14311","targetHints":{"allow":["GET"]}}],"collection":[{"href":"https:\/\/acuariosupremus.com\/index.php?rest_route=\/wp\/v2\/product"}],"about":[{"href":"https:\/\/acuariosupremus.com\/index.php?rest_route=\/wp\/v2\/types\/product"}],"wp:featuredmedia":[{"embeddable":true,"href":"https:\/\/acuariosupremus.com\/index.php?rest_route=\/wp\/v2\/media\/14312"}],"wp:attachment":[{"href":"https:\/\/acuariosupremus.com\/index.php?rest_route=%2Fwp%2Fv2%2Fmedia&parent=14311"}],"wp:term":[{"taxonomy":"product_brand","embeddable":true,"href":"https:\/\/acuariosupremus.com\/index.php?rest_route=%2Fwp%2Fv2%2Fproduct_brand&post=14311"},{"taxonomy":"product_cat","embeddable":true,"href":"https:\/\/acuariosupremus.com\/index.php?rest_route=%2Fwp%2Fv2%2Fproduct_cat&post=14311"},{"taxonomy":"product_tag","embeddable":true,"href":"https:\/\/acuariosupremus.com\/index.php?rest_route=%2Fwp%2Fv2%2Fproduct_tag&post=14311"}],"curies":[{"name":"wp","href":"https:\/\/api.w.org\/{rel}","templated":true}]}}