{"id":14343,"date":"2025-05-27T15:17:05","date_gmt":"2025-05-27T21:17:05","guid":{"rendered":"https:\/\/acuariosupremus.com\/?post_type=product&#038;p=14343"},"modified":"2025-08-28T19:33:07","modified_gmt":"2025-08-29T01:33:07","slug":"correa-de-seguridad-xtreme-p-coche","status":"publish","type":"product","link":"https:\/\/acuariosupremus.com\/?product=correa-de-seguridad-xtreme-p-coche","title":{"rendered":"CORREA DE SEGURIDAD XTREME P\/COCHE"},"content":{"rendered":"<div id=\"tab-label-product.info.beneficios\" class=\"data item title active\" tabindex=\"0\" role=\"tab\" aria-labeledby=\"tab-label-product.info.beneficios-title\" data-role=\"collapsible\" data-collapsible=\"true\" aria-controls=\"product.info.beneficios\" aria-selected=\"true\" aria-expanded=\"true\">\n<div id=\"tab-label-product.info.beneficios\" class=\"data item title active\" tabindex=\"0\" role=\"tab\" aria-labeledby=\"tab-label-product.info.beneficios-title\" data-role=\"collapsible\" data-collapsible=\"true\" aria-controls=\"product.info.beneficios\" aria-selected=\"true\" aria-expanded=\"true\">BENEFICIOS:<\/div>\n<div id=\"product.info.beneficios\" class=\"data item content\" role=\"tabpanel\" data-role=\"content\" aria-labelledby=\"tab-label-product.info.beneficios\" aria-hidden=\"false\">\n<div class=\"product attribute beneficios\">\n<div class=\"value\">\u2022Segura y c\u00f3moda<\/div>\n<div class=\"value\">\u2022R\u00e1pido ajuste al prensor del cinturon de seguridad de cualquier coche<\/div>\n<div class=\"value\">\u2022Brinda seguridad a tu mascota para viajes en coche.<\/div>\n<\/div>\n<\/div>\n<\/div>\n<div id=\"product.info.beneficios\" class=\"data item content\" role=\"tabpanel\" data-role=\"content\" aria-labelledby=\"tab-label-product.info.beneficios\" aria-hidden=\"false\">\n<div class=\"product attribute beneficios\">\n<div id=\"tab-label-additional\" class=\"data item title active\" tabindex=\"0\" role=\"tab\" aria-labeledby=\"tab-label-additional-title\" data-role=\"collapsible\" data-collapsible=\"true\" aria-controls=\"additional\" aria-selected=\"true\" aria-expanded=\"true\">CARACTER\u00cdSTICAS: Marca: Fancy Pets\u00a0 Especie: Perros\u00a0 Medidas: Longitud:45 a 80 cm de longitu Material: 100% poli\u00e9ster Tama\u00f1o: MEDIANO\u00a0 Contenido neto: 1 PZA.<\/div>\n<div tabindex=\"0\" role=\"tab\" aria-labeledby=\"tab-label-additional-title\" data-role=\"collapsible\" data-collapsible=\"true\" aria-controls=\"additional\" aria-selected=\"true\" aria-expanded=\"true\">\n<div id=\"tab-label-product.info.ingredientes.modo.de.uso\" class=\"data item title active\" tabindex=\"0\" role=\"tab\" aria-labeledby=\"tab-label-product.info.ingredientes.modo.de.uso-title\" data-role=\"collapsible\" data-collapsible=\"true\" aria-controls=\"product.info.ingredientes.modo.de.uso\" aria-selected=\"true\" aria-expanded=\"true\">MODO DE USO \/ PRECAUCIONES Y ADVERTENCIAS:<\/div>\n<div id=\"product.info.ingredientes.modo.de.uso\" class=\"data item content\" role=\"tabpanel\" data-role=\"content\" aria-labelledby=\"tab-label-product.info.ingredientes.modo.de.uso\" aria-hidden=\"false\">\n<div class=\"product attribute modo_de_uso_precuaciones_y_adv\">\n<div class=\"value\">Engancha un extremo de la correa de seguridad al arn\u00e9s de tu perro, y ancla el otro extremo al cintur\u00f3n de seguridad del auto. Nunca enganche la correa al collar de la mascota, ya que podr\u00eda causar ahorcamiento. El uso de este producto es bajo responsabilidad y supervisi\u00f3n del due\u00f1o de la mascota. Instrucciones de cuidado: Lavar a mano con agua tibia.<\/div>\n<\/div>\n<\/div>\n<\/div>\n<\/div>\n<\/div>\n","protected":false},"excerpt":{"rendered":"<p>Correa de seguridad para el auto Xtreme, es primordial para poder llevar a tu mascota en el auto si no es posible llevarlo con medidas de seguridad como una transportadora. Mantener seguro en su lugar a tu perro permitir\u00e1 brindarle una protecci\u00f3n ante los comunes accidentes d\u00f3nde podr\u00eda llegar a lesionarse de gravedad si no est\u00e1 sujeto correctamente a un asiento.<\/p>\n","protected":false},"featured_media":14344,"template":"","meta":[],"product_brand":[106],"product_cat":[73,82],"product_tag":[527],"class_list":{"0":"post-14343","1":"product","2":"type-product","3":"status-publish","4":"has-post-thumbnail","6":"product_brand-fancypets","7":"product_cat-perros","8":"product_cat-collares-y-correas","9":"product_tag-correa-seguridad-para-automovil-xtreme","11":"first","12":"instock","13":"shipping-taxable","14":"purchasable","15":"product-type-simple"},"yoast_head":"<!-- This site is optimized with the Yoast SEO plugin v27.4 - https:\/\/yoast.com\/product\/yoast-seo-wordpress\/ -->\n<title>CORREA DE SEGURIDAD XTREME P\/COCHE | Acuario Supremus<\/title>\n<meta name=\"description\" content=\"Correa de seguridad para el auto Xtreme GDE, y llevar a tu mascota en el auto si no es posible como una transportadora, llevarlo con medidas de seguridad.\" \/>\n<meta name=\"robots\" content=\"index, follow, max-snippet:-1, max-image-preview:large, max-video-preview:-1\" \/>\n<link rel=\"canonical\" href=\"https:\/\/acuariosupremus.com\/producto\/correa-de-seguridad-xtreme-p-coche\/\" \/>\n<meta property=\"og:locale\" content=\"es_MX\" \/>\n<meta property=\"og:type\" content=\"article\" \/>\n<meta property=\"og:title\" content=\"CORREA DE SEGURIDAD XTREME P\/COCHE | Acuario Supremus\" \/>\n<meta property=\"og:description\" content=\"Correa de seguridad para el auto Xtreme GDE, y llevar a tu mascota en el auto si no es posible como una transportadora, llevarlo con medidas de seguridad.\" \/>\n<meta property=\"og:url\" content=\"https:\/\/acuariosupremus.com\/producto\/correa-de-seguridad-xtreme-p-coche\/\" \/>\n<meta property=\"og:site_name\" content=\"Acuario Supremus\" \/>\n<meta property=\"article:publisher\" content=\"https:\/\/www.facebook.com\/AcuarioSupremus\" \/>\n<meta property=\"article:modified_time\" content=\"2025-08-29T01:33:07+00:00\" \/>\n<meta property=\"og:image\" content=\"https:\/\/acuariosupremus.com\/wp-content\/uploads\/2025\/05\/FL9629.png\" \/>\n\t<meta property=\"og:image:width\" content=\"1000\" \/>\n\t<meta property=\"og:image:height\" content=\"1000\" \/>\n\t<meta property=\"og:image:type\" content=\"image\/png\" \/>\n<meta name=\"twitter:card\" content=\"summary_large_image\" \/>\n<meta name=\"twitter:site\" content=\"@AcuarioSupremus\" \/>\n<meta name=\"twitter:label1\" content=\"Tiempo de lectura\" \/>\n\t<meta name=\"twitter:data1\" content=\"1 minuto\" \/>\n<script type=\"application\/ld+json\" class=\"yoast-schema-graph\">{\"@context\":\"https:\\\/\\\/schema.org\",\"@graph\":[{\"@type\":\"WebPage\",\"@id\":\"https:\\\/\\\/acuariosupremus.com\\\/producto\\\/correa-de-seguridad-xtreme-p-coche\\\/\",\"url\":\"https:\\\/\\\/acuariosupremus.com\\\/producto\\\/correa-de-seguridad-xtreme-p-coche\\\/\",\"name\":\"CORREA DE SEGURIDAD XTREME P\\\/COCHE | Acuario Supremus\",\"isPartOf\":{\"@id\":\"https:\\\/\\\/acuariosupremus.com\\\/#website\"},\"primaryImageOfPage\":{\"@id\":\"https:\\\/\\\/acuariosupremus.com\\\/producto\\\/correa-de-seguridad-xtreme-p-coche\\\/#primaryimage\"},\"image\":{\"@id\":\"https:\\\/\\\/acuariosupremus.com\\\/producto\\\/correa-de-seguridad-xtreme-p-coche\\\/#primaryimage\"},\"thumbnailUrl\":\"https:\\\/\\\/acuariosupremus.com\\\/wp-content\\\/uploads\\\/2025\\\/05\\\/FL9629.png\",\"datePublished\":\"2025-05-27T21:17:05+00:00\",\"dateModified\":\"2025-08-29T01:33:07+00:00\",\"description\":\"Correa de seguridad para el auto Xtreme GDE, y llevar a tu mascota en el auto si no es posible como una transportadora, llevarlo con medidas de seguridad.\",\"breadcrumb\":{\"@id\":\"https:\\\/\\\/acuariosupremus.com\\\/producto\\\/correa-de-seguridad-xtreme-p-coche\\\/#breadcrumb\"},\"inLanguage\":\"es\",\"potentialAction\":[{\"@type\":\"ReadAction\",\"target\":[\"https:\\\/\\\/acuariosupremus.com\\\/producto\\\/correa-de-seguridad-xtreme-p-coche\\\/\"]}]},{\"@type\":\"ImageObject\",\"inLanguage\":\"es\",\"@id\":\"https:\\\/\\\/acuariosupremus.com\\\/producto\\\/correa-de-seguridad-xtreme-p-coche\\\/#primaryimage\",\"url\":\"https:\\\/\\\/acuariosupremus.com\\\/wp-content\\\/uploads\\\/2025\\\/05\\\/FL9629.png\",\"contentUrl\":\"https:\\\/\\\/acuariosupremus.com\\\/wp-content\\\/uploads\\\/2025\\\/05\\\/FL9629.png\",\"width\":1000,\"height\":1000},{\"@type\":\"BreadcrumbList\",\"@id\":\"https:\\\/\\\/acuariosupremus.com\\\/producto\\\/correa-de-seguridad-xtreme-p-coche\\\/#breadcrumb\",\"itemListElement\":[{\"@type\":\"ListItem\",\"position\":1,\"name\":\"Portada\",\"item\":\"https:\\\/\\\/acuariosupremus.com\\\/\"},{\"@type\":\"ListItem\",\"position\":2,\"name\":\"Tienda\",\"item\":\"https:\\\/\\\/acuariosupremus.com\\\/tienda\\\/\"},{\"@type\":\"ListItem\",\"position\":3,\"name\":\"CORREA DE SEGURIDAD XTREME P\\\/COCHE\"}]},{\"@type\":\"WebSite\",\"@id\":\"https:\\\/\\\/acuariosupremus.com\\\/#website\",\"url\":\"https:\\\/\\\/acuariosupremus.com\\\/\",\"name\":\"Acuario Supremus\",\"description\":\"Peces, Peceras y Mascotas.\",\"publisher\":{\"@id\":\"https:\\\/\\\/acuariosupremus.com\\\/#organization\"},\"potentialAction\":[{\"@type\":\"SearchAction\",\"target\":{\"@type\":\"EntryPoint\",\"urlTemplate\":\"https:\\\/\\\/acuariosupremus.com\\\/?s={search_term_string}\"},\"query-input\":{\"@type\":\"PropertyValueSpecification\",\"valueRequired\":true,\"valueName\":\"search_term_string\"}}],\"inLanguage\":\"es\"},{\"@type\":\"Organization\",\"@id\":\"https:\\\/\\\/acuariosupremus.com\\\/#organization\",\"name\":\"Acuario Supremus\",\"url\":\"https:\\\/\\\/acuariosupremus.com\\\/\",\"logo\":{\"@type\":\"ImageObject\",\"inLanguage\":\"es\",\"@id\":\"https:\\\/\\\/acuariosupremus.com\\\/#\\\/schema\\\/logo\\\/image\\\/\",\"url\":\"https:\\\/\\\/acuariosupremus.com\\\/wp-content\\\/uploads\\\/2021\\\/12\\\/cropped-logo_acuario_supremus_fn-2.png\",\"contentUrl\":\"https:\\\/\\\/acuariosupremus.com\\\/wp-content\\\/uploads\\\/2021\\\/12\\\/cropped-logo_acuario_supremus_fn-2.png\",\"width\":1000,\"height\":318,\"caption\":\"Acuario Supremus\"},\"image\":{\"@id\":\"https:\\\/\\\/acuariosupremus.com\\\/#\\\/schema\\\/logo\\\/image\\\/\"},\"sameAs\":[\"https:\\\/\\\/www.facebook.com\\\/AcuarioSupremus\",\"https:\\\/\\\/x.com\\\/AcuarioSupremus\",\"https:\\\/\\\/www.instagram.com\\\/acuariosupremus\\\/?hl=es\"]}]}<\/script>\n<!-- \/ Yoast SEO plugin. -->","yoast_head_json":{"title":"CORREA DE SEGURIDAD XTREME P\/COCHE | Acuario Supremus","description":"Correa de seguridad para el auto Xtreme GDE, y llevar a tu mascota en el auto si no es posible como una transportadora, llevarlo con medidas de seguridad.","robots":{"index":"index","follow":"follow","max-snippet":"max-snippet:-1","max-image-preview":"max-image-preview:large","max-video-preview":"max-video-preview:-1"},"canonical":"https:\/\/acuariosupremus.com\/producto\/correa-de-seguridad-xtreme-p-coche\/","og_locale":"es_MX","og_type":"article","og_title":"CORREA DE SEGURIDAD XTREME P\/COCHE | Acuario Supremus","og_description":"Correa de seguridad para el auto Xtreme GDE, y llevar a tu mascota en el auto si no es posible como una transportadora, llevarlo con medidas de seguridad.","og_url":"https:\/\/acuariosupremus.com\/producto\/correa-de-seguridad-xtreme-p-coche\/","og_site_name":"Acuario Supremus","article_publisher":"https:\/\/www.facebook.com\/AcuarioSupremus","article_modified_time":"2025-08-29T01:33:07+00:00","og_image":[{"width":1000,"height":1000,"url":"https:\/\/acuariosupremus.com\/wp-content\/uploads\/2025\/05\/FL9629.png","type":"image\/png"}],"twitter_card":"summary_large_image","twitter_site":"@AcuarioSupremus","twitter_misc":{"Tiempo de lectura":"1 minuto"},"schema":{"@context":"https:\/\/schema.org","@graph":[{"@type":"WebPage","@id":"https:\/\/acuariosupremus.com\/producto\/correa-de-seguridad-xtreme-p-coche\/","url":"https:\/\/acuariosupremus.com\/producto\/correa-de-seguridad-xtreme-p-coche\/","name":"CORREA DE SEGURIDAD XTREME P\/COCHE | Acuario Supremus","isPartOf":{"@id":"https:\/\/acuariosupremus.com\/#website"},"primaryImageOfPage":{"@id":"https:\/\/acuariosupremus.com\/producto\/correa-de-seguridad-xtreme-p-coche\/#primaryimage"},"image":{"@id":"https:\/\/acuariosupremus.com\/producto\/correa-de-seguridad-xtreme-p-coche\/#primaryimage"},"thumbnailUrl":"https:\/\/acuariosupremus.com\/wp-content\/uploads\/2025\/05\/FL9629.png","datePublished":"2025-05-27T21:17:05+00:00","dateModified":"2025-08-29T01:33:07+00:00","description":"Correa de seguridad para el auto Xtreme GDE, y llevar a tu mascota en el auto si no es posible como una transportadora, llevarlo con medidas de seguridad.","breadcrumb":{"@id":"https:\/\/acuariosupremus.com\/producto\/correa-de-seguridad-xtreme-p-coche\/#breadcrumb"},"inLanguage":"es","potentialAction":[{"@type":"ReadAction","target":["https:\/\/acuariosupremus.com\/producto\/correa-de-seguridad-xtreme-p-coche\/"]}]},{"@type":"ImageObject","inLanguage":"es","@id":"https:\/\/acuariosupremus.com\/producto\/correa-de-seguridad-xtreme-p-coche\/#primaryimage","url":"https:\/\/acuariosupremus.com\/wp-content\/uploads\/2025\/05\/FL9629.png","contentUrl":"https:\/\/acuariosupremus.com\/wp-content\/uploads\/2025\/05\/FL9629.png","width":1000,"height":1000},{"@type":"BreadcrumbList","@id":"https:\/\/acuariosupremus.com\/producto\/correa-de-seguridad-xtreme-p-coche\/#breadcrumb","itemListElement":[{"@type":"ListItem","position":1,"name":"Portada","item":"https:\/\/acuariosupremus.com\/"},{"@type":"ListItem","position":2,"name":"Tienda","item":"https:\/\/acuariosupremus.com\/tienda\/"},{"@type":"ListItem","position":3,"name":"CORREA DE SEGURIDAD XTREME P\/COCHE"}]},{"@type":"WebSite","@id":"https:\/\/acuariosupremus.com\/#website","url":"https:\/\/acuariosupremus.com\/","name":"Acuario Supremus","description":"Peces, Peceras y Mascotas.","publisher":{"@id":"https:\/\/acuariosupremus.com\/#organization"},"potentialAction":[{"@type":"SearchAction","target":{"@type":"EntryPoint","urlTemplate":"https:\/\/acuariosupremus.com\/?s={search_term_string}"},"query-input":{"@type":"PropertyValueSpecification","valueRequired":true,"valueName":"search_term_string"}}],"inLanguage":"es"},{"@type":"Organization","@id":"https:\/\/acuariosupremus.com\/#organization","name":"Acuario Supremus","url":"https:\/\/acuariosupremus.com\/","logo":{"@type":"ImageObject","inLanguage":"es","@id":"https:\/\/acuariosupremus.com\/#\/schema\/logo\/image\/","url":"https:\/\/acuariosupremus.com\/wp-content\/uploads\/2021\/12\/cropped-logo_acuario_supremus_fn-2.png","contentUrl":"https:\/\/acuariosupremus.com\/wp-content\/uploads\/2021\/12\/cropped-logo_acuario_supremus_fn-2.png","width":1000,"height":318,"caption":"Acuario Supremus"},"image":{"@id":"https:\/\/acuariosupremus.com\/#\/schema\/logo\/image\/"},"sameAs":["https:\/\/www.facebook.com\/AcuarioSupremus","https:\/\/x.com\/AcuarioSupremus","https:\/\/www.instagram.com\/acuariosupremus\/?hl=es"]}]}},"jetpack_sharing_enabled":true,"_links":{"self":[{"href":"https:\/\/acuariosupremus.com\/index.php?rest_route=\/wp\/v2\/product\/14343","targetHints":{"allow":["GET"]}}],"collection":[{"href":"https:\/\/acuariosupremus.com\/index.php?rest_route=\/wp\/v2\/product"}],"about":[{"href":"https:\/\/acuariosupremus.com\/index.php?rest_route=\/wp\/v2\/types\/product"}],"wp:featuredmedia":[{"embeddable":true,"href":"https:\/\/acuariosupremus.com\/index.php?rest_route=\/wp\/v2\/media\/14344"}],"wp:attachment":[{"href":"https:\/\/acuariosupremus.com\/index.php?rest_route=%2Fwp%2Fv2%2Fmedia&parent=14343"}],"wp:term":[{"taxonomy":"product_brand","embeddable":true,"href":"https:\/\/acuariosupremus.com\/index.php?rest_route=%2Fwp%2Fv2%2Fproduct_brand&post=14343"},{"taxonomy":"product_cat","embeddable":true,"href":"https:\/\/acuariosupremus.com\/index.php?rest_route=%2Fwp%2Fv2%2Fproduct_cat&post=14343"},{"taxonomy":"product_tag","embeddable":true,"href":"https:\/\/acuariosupremus.com\/index.php?rest_route=%2Fwp%2Fv2%2Fproduct_tag&post=14343"}],"curies":[{"name":"wp","href":"https:\/\/api.w.org\/{rel}","templated":true}]}}