{"id":14413,"date":"2025-05-27T18:51:04","date_gmt":"2025-05-28T00:51:04","guid":{"rendered":"https:\/\/acuariosupremus.com\/?post_type=product&#038;p=14413"},"modified":"2026-01-09T15:05:03","modified_gmt":"2026-01-09T21:05:03","slug":"jaula-p-hamster-bernie-deluxe-azul","status":"publish","type":"product","link":"https:\/\/acuariosupremus.com\/?product=jaula-p-hamster-bernie-deluxe-azul","title":{"rendered":"JAULA P\/HAMSTER BERNIE DELUXE AZUL"},"content":{"rendered":"<div id=\"tab-label-product.info.ingredientes.modo.de.uso\" class=\"data item title active\" tabindex=\"0\" role=\"tab\" aria-labeledby=\"tab-label-product.info.ingredientes.modo.de.uso-title\" data-role=\"collapsible\" data-collapsible=\"true\" aria-controls=\"product.info.ingredientes.modo.de.uso\" aria-selected=\"true\" aria-expanded=\"true\">MODO DE USO \/ PRECAUCIONES Y ADVERTENCIAS<\/div>\n<div id=\"product.info.ingredientes.modo.de.uso\" class=\"data item content\" role=\"tabpanel\" data-role=\"content\" aria-labelledby=\"tab-label-product.info.ingredientes.modo.de.uso\" aria-hidden=\"false\">\n<div class=\"product attribute modo_de_uso_precuaciones_y_adv\">\n<div class=\"value\">Antes de introducir a tu mascota, aseg\u00farate de que la transportadora est\u00e9 limpia y completamente ensamblada. Verifica que las tapas y las agarraderas est\u00e9n bien ajustadas para garantizar seguridad. Coloca un sustrato absorbente en la base para proporcionar mayor comodidad y recoger posibles desechos durante el transporte. Abre la tapa superior, coloca con cuidado a tu mascota dentro y cierra la tapa de manera segura.Es importante limpiar la transportadora antes y despu\u00e9s de cada uso con agua y jab\u00f3n neutro. Para una limpieza m\u00e1s profunda, te recomendamos el uso del <a href=\"https:\/\/acuariosupremus.com\/producto\/deep-clean-enzimagic-accion-orina\/\">limpiador enzim\u00e1tico Enzimagic<\/a>, ideal para eliminar manchas y olores, adem\u00e1s de ser seguro y amigable con la piel de tu mascota.rn<\/div>\n<\/div>\n<\/div>\n<p>&nbsp;<\/p>\n","protected":false},"excerpt":{"rendered":"<p>La jaula para h\u00e1mster Bernie Deluxe Azul\u00a0 es un espacio ideal para mantener a tu mascota c\u00f3moda y segura. Su dise\u00f1o rectangular cuenta con paredes transparentes y un piso de pl\u00e1stico resistente, adem\u00e1s de un techo de barrotes met\u00e1licos que garantiza una ventilaci\u00f3n adecuada. La jaula incluye una rueda, comedero, refugio, resbaladilla y rampa, ofreciendo un entorno perfecto para la diversi\u00f3n y el bienestar de tu h\u00e1mster.<\/p>\n<div id=\"tab-label-product.info.beneficios\" class=\"data item title active\" tabindex=\"0\" role=\"tab\" aria-labeledby=\"tab-label-product.info.beneficios-title\" data-role=\"collapsible\" data-collapsible=\"true\" aria-controls=\"product.info.beneficios\" aria-selected=\"true\" aria-expanded=\"true\">BENEFICIOS<\/div>\n<div id=\"product.info.beneficios\" class=\"data item content\" role=\"tabpanel\" data-role=\"content\" aria-labelledby=\"tab-label-product.info.beneficios\" aria-hidden=\"false\">\n<div class=\"product attribute beneficios\">\n<div class=\"value\">Paredes transparentes para una mejor supervisi\u00f3n. Espacio seguro y ventilaci\u00f3n gracias a los barrotes met\u00e1licos del techo. F\u00e1cil de limpiar gracias al piso de pl\u00e1stico desmontable. Refugio integrado para proporcionar un lugar acogedor y privado.<\/div>\n<\/div>\n<\/div>\n","protected":false},"featured_media":14414,"template":"","meta":[],"product_brand":[114],"product_cat":[67,69],"product_tag":[276],"class_list":{"0":"post-14413","1":"product","2":"type-product","3":"status-publish","4":"has-post-thumbnail","6":"product_brand-mps","7":"product_cat-pequenos-mamiferos","8":"product_cat-habitad-pequenos-mamiferos","9":"product_tag-jaula-hamster","11":"first","12":"instock","13":"sale","14":"shipping-taxable","15":"purchasable","16":"product-type-simple"},"yoast_head":"<!-- This site is optimized with the Yoast SEO plugin v27.4 - https:\/\/yoast.com\/product\/yoast-seo-wordpress\/ -->\n<title>JAULA P\/HAMSTER BERNIE DELUXE AZUL | Acuario Supremus<\/title>\n<meta name=\"description\" content=\"La jaula para h\u00e1mster Bernie Deluxe AZUL es un espacio ideal para mantener a tu mascota c\u00f3moda y segura. La jaula incluye accesorios.\" \/>\n<meta name=\"robots\" content=\"index, follow, max-snippet:-1, max-image-preview:large, max-video-preview:-1\" \/>\n<link rel=\"canonical\" href=\"https:\/\/acuariosupremus.com\/?product=jaula-p-hamster-bernie-deluxe-azul\" \/>\n<meta property=\"og:locale\" content=\"es_MX\" \/>\n<meta property=\"og:type\" content=\"article\" \/>\n<meta property=\"og:title\" content=\"JAULA P\/HAMSTER BERNIE DELUXE AZUL | Acuario Supremus\" \/>\n<meta property=\"og:description\" content=\"La jaula para h\u00e1mster Bernie Deluxe AZUL es un espacio ideal para mantener a tu mascota c\u00f3moda y segura. La jaula incluye accesorios.\" \/>\n<meta property=\"og:url\" content=\"https:\/\/acuariosupremus.com\/?product=jaula-p-hamster-bernie-deluxe-azul\" \/>\n<meta property=\"og:site_name\" content=\"Acuario Supremus\" \/>\n<meta property=\"article:publisher\" content=\"https:\/\/www.facebook.com\/AcuarioSupremus\" \/>\n<meta property=\"article:modified_time\" content=\"2026-01-09T21:05:03+00:00\" \/>\n<meta property=\"og:image\" content=\"https:\/\/acuariosupremus.com\/wp-content\/uploads\/2025\/05\/MP230601.png\" \/>\n\t<meta property=\"og:image:width\" content=\"600\" \/>\n\t<meta property=\"og:image:height\" content=\"600\" \/>\n\t<meta property=\"og:image:type\" content=\"image\/png\" \/>\n<meta name=\"twitter:card\" content=\"summary_large_image\" \/>\n<meta name=\"twitter:site\" content=\"@AcuarioSupremus\" \/>\n<meta name=\"twitter:label1\" content=\"Tiempo de lectura\" \/>\n\t<meta name=\"twitter:data1\" content=\"1 minuto\" \/>\n<script type=\"application\/ld+json\" class=\"yoast-schema-graph\">{\"@context\":\"https:\\\/\\\/schema.org\",\"@graph\":[{\"@type\":\"WebPage\",\"@id\":\"https:\\\/\\\/acuariosupremus.com\\\/?product=jaula-p-hamster-bernie-deluxe-azul\",\"url\":\"https:\\\/\\\/acuariosupremus.com\\\/?product=jaula-p-hamster-bernie-deluxe-azul\",\"name\":\"JAULA P\\\/HAMSTER BERNIE DELUXE AZUL | Acuario Supremus\",\"isPartOf\":{\"@id\":\"https:\\\/\\\/acuariosupremus.com\\\/#website\"},\"primaryImageOfPage\":{\"@id\":\"https:\\\/\\\/acuariosupremus.com\\\/?product=jaula-p-hamster-bernie-deluxe-azul#primaryimage\"},\"image\":{\"@id\":\"https:\\\/\\\/acuariosupremus.com\\\/?product=jaula-p-hamster-bernie-deluxe-azul#primaryimage\"},\"thumbnailUrl\":\"https:\\\/\\\/acuariosupremus.com\\\/wp-content\\\/uploads\\\/2025\\\/05\\\/MP230601.png\",\"datePublished\":\"2025-05-28T00:51:04+00:00\",\"dateModified\":\"2026-01-09T21:05:03+00:00\",\"description\":\"La jaula para h\u00e1mster Bernie Deluxe AZUL es un espacio ideal para mantener a tu mascota c\u00f3moda y segura. La jaula incluye accesorios.\",\"breadcrumb\":{\"@id\":\"https:\\\/\\\/acuariosupremus.com\\\/?product=jaula-p-hamster-bernie-deluxe-azul#breadcrumb\"},\"inLanguage\":\"es\",\"potentialAction\":[{\"@type\":\"ReadAction\",\"target\":[\"https:\\\/\\\/acuariosupremus.com\\\/?product=jaula-p-hamster-bernie-deluxe-azul\"]}]},{\"@type\":\"ImageObject\",\"inLanguage\":\"es\",\"@id\":\"https:\\\/\\\/acuariosupremus.com\\\/?product=jaula-p-hamster-bernie-deluxe-azul#primaryimage\",\"url\":\"https:\\\/\\\/acuariosupremus.com\\\/wp-content\\\/uploads\\\/2025\\\/05\\\/MP230601.png\",\"contentUrl\":\"https:\\\/\\\/acuariosupremus.com\\\/wp-content\\\/uploads\\\/2025\\\/05\\\/MP230601.png\",\"width\":600,\"height\":600},{\"@type\":\"BreadcrumbList\",\"@id\":\"https:\\\/\\\/acuariosupremus.com\\\/?product=jaula-p-hamster-bernie-deluxe-azul#breadcrumb\",\"itemListElement\":[{\"@type\":\"ListItem\",\"position\":1,\"name\":\"Portada\",\"item\":\"https:\\\/\\\/acuariosupremus.com\\\/\"},{\"@type\":\"ListItem\",\"position\":2,\"name\":\"Tienda\",\"item\":\"https:\\\/\\\/acuariosupremus.com\\\/tienda\\\/\"},{\"@type\":\"ListItem\",\"position\":3,\"name\":\"JAULA P\\\/HAMSTER BERNIE DELUXE AZUL\"}]},{\"@type\":\"WebSite\",\"@id\":\"https:\\\/\\\/acuariosupremus.com\\\/#website\",\"url\":\"https:\\\/\\\/acuariosupremus.com\\\/\",\"name\":\"Acuario Supremus\",\"description\":\"Peces, Peceras y Mascotas.\",\"publisher\":{\"@id\":\"https:\\\/\\\/acuariosupremus.com\\\/#organization\"},\"potentialAction\":[{\"@type\":\"SearchAction\",\"target\":{\"@type\":\"EntryPoint\",\"urlTemplate\":\"https:\\\/\\\/acuariosupremus.com\\\/?s={search_term_string}\"},\"query-input\":{\"@type\":\"PropertyValueSpecification\",\"valueRequired\":true,\"valueName\":\"search_term_string\"}}],\"inLanguage\":\"es\"},{\"@type\":\"Organization\",\"@id\":\"https:\\\/\\\/acuariosupremus.com\\\/#organization\",\"name\":\"Acuario Supremus\",\"url\":\"https:\\\/\\\/acuariosupremus.com\\\/\",\"logo\":{\"@type\":\"ImageObject\",\"inLanguage\":\"es\",\"@id\":\"https:\\\/\\\/acuariosupremus.com\\\/#\\\/schema\\\/logo\\\/image\\\/\",\"url\":\"https:\\\/\\\/acuariosupremus.com\\\/wp-content\\\/uploads\\\/2021\\\/12\\\/cropped-logo_acuario_supremus_fn-2.png\",\"contentUrl\":\"https:\\\/\\\/acuariosupremus.com\\\/wp-content\\\/uploads\\\/2021\\\/12\\\/cropped-logo_acuario_supremus_fn-2.png\",\"width\":1000,\"height\":318,\"caption\":\"Acuario Supremus\"},\"image\":{\"@id\":\"https:\\\/\\\/acuariosupremus.com\\\/#\\\/schema\\\/logo\\\/image\\\/\"},\"sameAs\":[\"https:\\\/\\\/www.facebook.com\\\/AcuarioSupremus\",\"https:\\\/\\\/x.com\\\/AcuarioSupremus\",\"https:\\\/\\\/www.instagram.com\\\/acuariosupremus\\\/?hl=es\"]}]}<\/script>\n<!-- \/ Yoast SEO plugin. -->","yoast_head_json":{"title":"JAULA P\/HAMSTER BERNIE DELUXE AZUL | Acuario Supremus","description":"La jaula para h\u00e1mster Bernie Deluxe AZUL es un espacio ideal para mantener a tu mascota c\u00f3moda y segura. La jaula incluye accesorios.","robots":{"index":"index","follow":"follow","max-snippet":"max-snippet:-1","max-image-preview":"max-image-preview:large","max-video-preview":"max-video-preview:-1"},"canonical":"https:\/\/acuariosupremus.com\/?product=jaula-p-hamster-bernie-deluxe-azul","og_locale":"es_MX","og_type":"article","og_title":"JAULA P\/HAMSTER BERNIE DELUXE AZUL | Acuario Supremus","og_description":"La jaula para h\u00e1mster Bernie Deluxe AZUL es un espacio ideal para mantener a tu mascota c\u00f3moda y segura. La jaula incluye accesorios.","og_url":"https:\/\/acuariosupremus.com\/?product=jaula-p-hamster-bernie-deluxe-azul","og_site_name":"Acuario Supremus","article_publisher":"https:\/\/www.facebook.com\/AcuarioSupremus","article_modified_time":"2026-01-09T21:05:03+00:00","og_image":[{"width":600,"height":600,"url":"https:\/\/acuariosupremus.com\/wp-content\/uploads\/2025\/05\/MP230601.png","type":"image\/png"}],"twitter_card":"summary_large_image","twitter_site":"@AcuarioSupremus","twitter_misc":{"Tiempo de lectura":"1 minuto"},"schema":{"@context":"https:\/\/schema.org","@graph":[{"@type":"WebPage","@id":"https:\/\/acuariosupremus.com\/?product=jaula-p-hamster-bernie-deluxe-azul","url":"https:\/\/acuariosupremus.com\/?product=jaula-p-hamster-bernie-deluxe-azul","name":"JAULA P\/HAMSTER BERNIE DELUXE AZUL | Acuario Supremus","isPartOf":{"@id":"https:\/\/acuariosupremus.com\/#website"},"primaryImageOfPage":{"@id":"https:\/\/acuariosupremus.com\/?product=jaula-p-hamster-bernie-deluxe-azul#primaryimage"},"image":{"@id":"https:\/\/acuariosupremus.com\/?product=jaula-p-hamster-bernie-deluxe-azul#primaryimage"},"thumbnailUrl":"https:\/\/acuariosupremus.com\/wp-content\/uploads\/2025\/05\/MP230601.png","datePublished":"2025-05-28T00:51:04+00:00","dateModified":"2026-01-09T21:05:03+00:00","description":"La jaula para h\u00e1mster Bernie Deluxe AZUL es un espacio ideal para mantener a tu mascota c\u00f3moda y segura. La jaula incluye accesorios.","breadcrumb":{"@id":"https:\/\/acuariosupremus.com\/?product=jaula-p-hamster-bernie-deluxe-azul#breadcrumb"},"inLanguage":"es","potentialAction":[{"@type":"ReadAction","target":["https:\/\/acuariosupremus.com\/?product=jaula-p-hamster-bernie-deluxe-azul"]}]},{"@type":"ImageObject","inLanguage":"es","@id":"https:\/\/acuariosupremus.com\/?product=jaula-p-hamster-bernie-deluxe-azul#primaryimage","url":"https:\/\/acuariosupremus.com\/wp-content\/uploads\/2025\/05\/MP230601.png","contentUrl":"https:\/\/acuariosupremus.com\/wp-content\/uploads\/2025\/05\/MP230601.png","width":600,"height":600},{"@type":"BreadcrumbList","@id":"https:\/\/acuariosupremus.com\/?product=jaula-p-hamster-bernie-deluxe-azul#breadcrumb","itemListElement":[{"@type":"ListItem","position":1,"name":"Portada","item":"https:\/\/acuariosupremus.com\/"},{"@type":"ListItem","position":2,"name":"Tienda","item":"https:\/\/acuariosupremus.com\/tienda\/"},{"@type":"ListItem","position":3,"name":"JAULA P\/HAMSTER BERNIE DELUXE AZUL"}]},{"@type":"WebSite","@id":"https:\/\/acuariosupremus.com\/#website","url":"https:\/\/acuariosupremus.com\/","name":"Acuario Supremus","description":"Peces, Peceras y Mascotas.","publisher":{"@id":"https:\/\/acuariosupremus.com\/#organization"},"potentialAction":[{"@type":"SearchAction","target":{"@type":"EntryPoint","urlTemplate":"https:\/\/acuariosupremus.com\/?s={search_term_string}"},"query-input":{"@type":"PropertyValueSpecification","valueRequired":true,"valueName":"search_term_string"}}],"inLanguage":"es"},{"@type":"Organization","@id":"https:\/\/acuariosupremus.com\/#organization","name":"Acuario Supremus","url":"https:\/\/acuariosupremus.com\/","logo":{"@type":"ImageObject","inLanguage":"es","@id":"https:\/\/acuariosupremus.com\/#\/schema\/logo\/image\/","url":"https:\/\/acuariosupremus.com\/wp-content\/uploads\/2021\/12\/cropped-logo_acuario_supremus_fn-2.png","contentUrl":"https:\/\/acuariosupremus.com\/wp-content\/uploads\/2021\/12\/cropped-logo_acuario_supremus_fn-2.png","width":1000,"height":318,"caption":"Acuario Supremus"},"image":{"@id":"https:\/\/acuariosupremus.com\/#\/schema\/logo\/image\/"},"sameAs":["https:\/\/www.facebook.com\/AcuarioSupremus","https:\/\/x.com\/AcuarioSupremus","https:\/\/www.instagram.com\/acuariosupremus\/?hl=es"]}]}},"jetpack_sharing_enabled":true,"_links":{"self":[{"href":"https:\/\/acuariosupremus.com\/index.php?rest_route=\/wp\/v2\/product\/14413","targetHints":{"allow":["GET"]}}],"collection":[{"href":"https:\/\/acuariosupremus.com\/index.php?rest_route=\/wp\/v2\/product"}],"about":[{"href":"https:\/\/acuariosupremus.com\/index.php?rest_route=\/wp\/v2\/types\/product"}],"wp:featuredmedia":[{"embeddable":true,"href":"https:\/\/acuariosupremus.com\/index.php?rest_route=\/wp\/v2\/media\/14414"}],"wp:attachment":[{"href":"https:\/\/acuariosupremus.com\/index.php?rest_route=%2Fwp%2Fv2%2Fmedia&parent=14413"}],"wp:term":[{"taxonomy":"product_brand","embeddable":true,"href":"https:\/\/acuariosupremus.com\/index.php?rest_route=%2Fwp%2Fv2%2Fproduct_brand&post=14413"},{"taxonomy":"product_cat","embeddable":true,"href":"https:\/\/acuariosupremus.com\/index.php?rest_route=%2Fwp%2Fv2%2Fproduct_cat&post=14413"},{"taxonomy":"product_tag","embeddable":true,"href":"https:\/\/acuariosupremus.com\/index.php?rest_route=%2Fwp%2Fv2%2Fproduct_tag&post=14413"}],"curies":[{"name":"wp","href":"https:\/\/api.w.org\/{rel}","templated":true}]}}